{"id":11,"date":"2015-07-07T13:37:50","date_gmt":"2015-07-07T12:37:50","guid":{"rendered":"http:\/\/localhost\/auditionsolidarite.org\/?page_id=11"},"modified":"2024-09-09T16:16:52","modified_gmt":"2024-09-09T15:16:52","slug":"lhistoire","status":"publish","type":"page","link":"https:\/\/www.auditionsolidarite.org\/fr\/lhistoire\/","title":{"rendered":"L\u2019histoire"},"content":{"rendered":"Nous sommes en 2007, un samedi soir\u2026 3 amies \u00e0 la quarantaine, nous refaisons le monde avec un bon verre de vin rouge ! <b><br \/>\n<\/b><b><br \/>\n<\/b>Christine et moi-m\u00eame travaillons alors dans le monde de l\u2019audioproth\u00e8se et nous prenons des cours dans l\u2019\u00e9cole de musique de Carole, prof de piano. \u00c0 la fin de la soir\u00e9e, les id\u00e9es fusent :<b> <\/b><b><br \/>\n<\/b><\/p>\n<blockquote><p>\u00ab Si on recyclait tous les anciens appareils auditifs usag\u00e9s pour redonner l\u2019audition aux plus d\u00e9munis ? et si on expliquait aux musiciens comment prendre soin de leurs oreilles afin d\u2019\u00e9viter qu\u2019ils deviennent sourds ? rien de tout cela n\u2019existe\u2026 \u00bb.<\/p><\/blockquote>\n<blockquote><p>\u00ab Faisons-le, cr\u00e9ons une association et donnons encore plus de sens \u00e0 notre Vie \u00bb.<\/p><\/blockquote>\n<p>Ce fut une \u00e9vidence pour nous, une vraie prise de conscience.<b><br \/>\n<\/b><b><br \/>\n<\/b><\/p>\n<p>Quelques mois plus tard, en f\u00e9vrier 2008, AuditionSolidarit\u00e9.Org, association reconnue d\u2019int\u00e9r\u00eat g\u00e9n\u00e9ral bas\u00e9e dans un petit village landais d\u00e9nomm\u00e9 Yzosse est n\u00e9e\u00a0!<b><br \/>\n<\/b><b><br \/>\n<\/b><\/p>\n<p>Premi\u00e8res missions humanitaires, premi\u00e8res actions de pr\u00e9vention auditive, l\u2019aventure est lanc\u00e9e ! Peu de gens croient en nous, normal, notre concept est trop novateur mais nous, nous croyons en nos id\u00e9es.<b><br \/>\n<\/b><b><br \/>\n<\/b><\/p>\n<p>Nous travaillons dur avec passion et l\u2019horizon s\u2019\u00e9claircit peu \u00e0 peu : nous accueillons nos premiers m\u00e9c\u00e8nes et partenaires pour financer nos actions et missions, nous rencontrons des personnes exceptionnelles issues de mondes bien diff\u00e9rents et \u00e7a, c\u2019est notre richesse quotidienne. Notre \u00e9quipe s\u2019agrandit au fil du temps et c\u2019est tant mieux car nous nous rendons compte peu \u00e0 peu de l\u2019envergure d\u2019AuditionSolidarit\u00e9.<b><\/b><\/p>\n<p>&nbsp;<\/p>\n<p>2015 sera marqu\u00e9e par l\u2019obtention du Prix de la Fondation d\u2019Entreprise AIR France, par l\u2019arriv\u00e9e de notre cher parrain Martin Hirsch et 2018, par le fait d\u2019\u00eatre Laur\u00e9at du Prix de la Fondation La France s\u2019engage, quel honneur\u00a0!<\/p>\n<p>&nbsp;<\/p>\n<p>Nous enchainons tr\u00e8s vite chaque ann\u00e9e 2 missions humanitaires \u00e0 l\u2019\u00e9tranger en faveur des enfants d\u00e9favoris\u00e9s sourds et malentendants vivant dans la grande pr\u00e9carit\u00e9, 4 missions en France en faveur des personnes d\u00e9munies sourdes et malentendantes et nous sensibilisons des centaines de musiciens \u00e0 la pr\u00e9vention auditive.<\/p>\n<p>&nbsp;<\/p>\n<p>2021 sera l\u2019ann\u00e9e du lancement d\u2019un nouveau concept \u00ab Les RDV Solidaires \u00bb ayant pour objectif d\u2019appareiller toute personne d\u00e9munie l\u00e0 o\u00f9 elle r\u00e9side sur le territoire fran\u00e7ais avec le soutien de notre communaut\u00e9 d\u2019audioproth\u00e9sistes m\u00e9c\u00e8nes et d&#8217;ORL.<\/p>\n<p>&nbsp;<\/p>\n<p>D\u00e8s sa cr\u00e9ation, notre atelier de recyclage des appareils auditifs, le seul et unique en France a fonctionn\u00e9 \u00e0 merveille sur un mode \u00ab 100 % \u00e9cologique \u00bb et \u00e0 ce jour, nous sommes \u00ab fiers \u00bb de faire partie pleinement de cette \u00e9conomie circulaire et de contribuer au d\u00e9veloppement durable.<\/p>\n<p>&nbsp;<\/p>\n<p>Depuis 16 ans, nous accueillons sur notre chemin, des fondations bienveillantes et inspirantes, des ambassadeurs musicaux, de nouveaux m\u00e9c\u00e8nes et des institutions gouvernementales, tous conquis par l\u2019\u00e9nergie d\u2019AuditionSolidarit\u00e9\u00a0; nous esp\u00e9rons qu\u2019il y en aura encore beaucoup d\u2019autres.<\/p>\n<p>&nbsp;<\/p>\n<p>Aujourd\u2019hui, avec notre belle \u00e9quipe, notre parrain et notre conseil d\u2019administration engag\u00e9s, nous nous r\u00e9galons chaque jour car nous faisons de l\u2019humain, nous tentons d\u2019aider autant que nous le pouvons et oui, tout \u00e7a donne du sens \u00e0 notre Vie.<\/p>\n<p>&nbsp;<\/p>\n<p>Voil\u00e0, en quelques mots, la belle histoire d\u2019AuditionSolidarit\u00e9 et vous savez quoi\u00a0? Cette histoire est loin d\u2019\u00eatre finie\u2026<\/p>\n<p>&nbsp;<\/p>\n<p>Un MERCI infini \u00e0 toutes les personnes pass\u00e9es, pr\u00e9sentes et futures.<\/p>\n<p>Un MERCI infini \u00e0 tous nos m\u00e9c\u00e8nes, \u00e0 tous nos partenaires publics et priv\u00e9s.<\/p>\n<p>&nbsp;<\/p>\n<p><strong>Et il y a une morale \u00e0 cette histoire\u00a0: croyez toujours en vos id\u00e9es, tout est possible et le hasard n\u2019existe pas.<b><br \/>\n<\/b><b><br \/>\n<\/b><\/strong><\/p>\n<p>Odile, Carole et Christine<\/p>\n<p>&nbsp;<\/p>\n<p><em>P.S\u00a0: le verre de vin de 2007 \u00e9tait exquis et ce samedi soir fut un moment de gr\u00e2ce\u2026 MERCI la Vie\u00a0!<\/em><\/p>\n<p><img loading=\"lazy\" decoding=\"async\" class=\"aligncenter wp-image-10127\" src=\"\/\/www.auditionsolidarite.org\/wp-content\/uploads\/2024\/09\/3-F-BD-1.jpg\" alt=\"\" width=\"500\" height=\"334\" srcset=\"https:\/\/www.auditionsolidarite.org\/wp-content\/uploads\/2024\/09\/3-F-BD-1.jpg 725w, https:\/\/www.auditionsolidarite.org\/wp-content\/uploads\/2024\/09\/3-F-BD-1-300x200.jpg 300w\" sizes=\"(max-width: 500px) 100vw, 500px\" \/><\/p>\n<p>&nbsp;<\/p>\n<p><em>\u00a0<\/em><\/p>\n<p><em>\u00a0<\/em><\/p>\n<p>&nbsp;<\/p>\n<p><b><br \/>\n<\/b><b><br \/>\n<\/b><b><br \/>\n<\/b><b><br \/>\n<\/b><b><br \/>\n<\/b><b><br \/>\n<\/b><b><br \/>\n<\/b><b><b><b><br \/>\n<\/b><\/b><\/b>","protected":false},"excerpt":{"rendered":"<p>Nous sommes en 2007, un samedi soir\u2026 3 amies \u00e0 la quarantaine, nous refaisons le monde avec un bon verre de vin rouge ! Christine et moi-m\u00eame travaillons alors dans le monde de l\u2019audioproth\u00e8se et nous prenons des cours dans l\u2019\u00e9cole de musique de Carole, prof de piano. \u00c0 la fin de la soir\u00e9e, les id\u00e9es fusent : \u00ab Si<\/p>\n","protected":false},"author":10,"featured_media":0,"parent":0,"menu_order":0,"comment_status":"closed","ping_status":"closed","template":"","meta":{"footnotes":""},"acf":[],"yoast_head":"<!-- This site is optimized with the Yoast SEO plugin v21.9.1 - https:\/\/yoast.com\/wordpress\/plugins\/seo\/ -->\n<title>L\u2019histoire - AuditionSolidarit\u00e9<\/title>\n<meta name=\"robots\" content=\"index, follow, max-snippet:-1, max-image-preview:large, max-video-preview:-1\" \/>\n<link rel=\"canonical\" href=\"https:\/\/www.auditionsolidarite.org\/fr\/lhistoire\/\" \/>\n<meta property=\"og:locale\" content=\"fr_FR\" \/>\n<meta property=\"og:type\" content=\"article\" \/>\n<meta property=\"og:title\" content=\"L\u2019histoire - AuditionSolidarit\u00e9\" \/>\n<meta property=\"og:description\" content=\"Nous sommes en 2007, un samedi soir\u2026 3 amies \u00e0 la quarantaine, nous refaisons le monde avec un bon verre de vin rouge ! Christine et moi-m\u00eame travaillons alors dans le monde de l\u2019audioproth\u00e8se et nous prenons des cours dans l\u2019\u00e9cole de musique de Carole, prof de piano. \u00c0 la fin de la soir\u00e9e, les id\u00e9es fusent : \u00ab Si\" \/>\n<meta property=\"og:url\" content=\"https:\/\/www.auditionsolidarite.org\/fr\/lhistoire\/\" \/>\n<meta property=\"og:site_name\" content=\"AuditionSolidarit\u00e9\" \/>\n<meta property=\"article:modified_time\" content=\"2024-09-09T15:16:52+00:00\" \/>\n<meta property=\"og:image\" content=\"https:\/\/www.auditionsolidarite.org\/wp-content\/uploads\/2015\/07\/logo-audition-solidarite-e1446132259721.png\" \/>\n\t<meta property=\"og:image:width\" content=\"600\" \/>\n\t<meta property=\"og:image:height\" content=\"593\" \/>\n\t<meta property=\"og:image:type\" content=\"image\/png\" \/>\n<meta name=\"twitter:card\" content=\"summary_large_image\" \/>\n<meta name=\"twitter:label1\" content=\"Dur\u00e9e de lecture estim\u00e9e\" \/>\n\t<meta name=\"twitter:data1\" content=\"3 minutes\" \/>\n<script type=\"application\/ld+json\" class=\"yoast-schema-graph\">{\"@context\":\"https:\/\/schema.org\",\"@graph\":[{\"@type\":\"WebPage\",\"@id\":\"https:\/\/www.auditionsolidarite.org\/fr\/lhistoire\/\",\"url\":\"https:\/\/www.auditionsolidarite.org\/fr\/lhistoire\/\",\"name\":\"L\u2019histoire - AuditionSolidarit\u00e9\",\"isPartOf\":{\"@id\":\"https:\/\/www.auditionsolidarite.org\/fr\/#website\"},\"datePublished\":\"2015-07-07T12:37:50+00:00\",\"dateModified\":\"2024-09-09T15:16:52+00:00\",\"breadcrumb\":{\"@id\":\"https:\/\/www.auditionsolidarite.org\/fr\/lhistoire\/#breadcrumb\"},\"inLanguage\":\"fr-FR\",\"potentialAction\":[{\"@type\":\"ReadAction\",\"target\":[[\"https:\/\/www.auditionsolidarite.org\/fr\/lhistoire\/\"]]}]},{\"@type\":\"BreadcrumbList\",\"@id\":\"https:\/\/www.auditionsolidarite.org\/fr\/lhistoire\/#breadcrumb\",\"itemListElement\":[{\"@type\":\"ListItem\",\"position\":1,\"name\":\"Accueil\",\"item\":\"https:\/\/www.auditionsolidarite.org\/fr\/\"},{\"@type\":\"ListItem\",\"position\":2,\"name\":\"L\u2019histoire\"}]},{\"@type\":\"WebSite\",\"@id\":\"https:\/\/www.auditionsolidarite.org\/fr\/#website\",\"url\":\"https:\/\/www.auditionsolidarite.org\/fr\/\",\"name\":\"AuditionSolidarit\u00e9\",\"description\":\"Le hasard n&#039;existe pas ! Si vous \u00eates l\u00e0 aujourd&#039;hui, c&#039;est que le monde de l&#039;audition vous touche... Alors merci d&#039;\u00eatre l\u00e0 !\",\"publisher\":{\"@id\":\"https:\/\/www.auditionsolidarite.org\/fr\/#organization\"},\"potentialAction\":[{\"@type\":\"SearchAction\",\"target\":{\"@type\":\"EntryPoint\",\"urlTemplate\":\"https:\/\/www.auditionsolidarite.org\/fr\/?s={search_term_string}\"},\"query-input\":\"required name=search_term_string\"}],\"inLanguage\":\"fr-FR\"},{\"@type\":\"Organization\",\"@id\":\"https:\/\/www.auditionsolidarite.org\/fr\/#organization\",\"name\":\"AuditionSolidarit\u00e9\",\"url\":\"https:\/\/www.auditionsolidarite.org\/fr\/\",\"logo\":{\"@type\":\"ImageObject\",\"inLanguage\":\"fr-FR\",\"@id\":\"https:\/\/www.auditionsolidarite.org\/fr\/#\/schema\/logo\/image\/\",\"url\":\"https:\/\/www.auditionsolidarite.org\/wp-content\/uploads\/2015\/07\/logo-audition-solidarite-e1446132259721.png\",\"contentUrl\":\"https:\/\/www.auditionsolidarite.org\/wp-content\/uploads\/2015\/07\/logo-audition-solidarite-e1446132259721.png\",\"width\":600,\"height\":593,\"caption\":\"AuditionSolidarit\u00e9\"},\"image\":{\"@id\":\"https:\/\/www.auditionsolidarite.org\/fr\/#\/schema\/logo\/image\/\"}}]}<\/script>\n<!-- \/ Yoast SEO plugin. -->","yoast_head_json":{"title":"L\u2019histoire - AuditionSolidarit\u00e9","robots":{"index":"index","follow":"follow","max-snippet":"max-snippet:-1","max-image-preview":"max-image-preview:large","max-video-preview":"max-video-preview:-1"},"canonical":"https:\/\/www.auditionsolidarite.org\/fr\/lhistoire\/","og_locale":"fr_FR","og_type":"article","og_title":"L\u2019histoire - AuditionSolidarit\u00e9","og_description":"Nous sommes en 2007, un samedi soir\u2026 3 amies \u00e0 la quarantaine, nous refaisons le monde avec un bon verre de vin rouge ! Christine et moi-m\u00eame travaillons alors dans le monde de l\u2019audioproth\u00e8se et nous prenons des cours dans l\u2019\u00e9cole de musique de Carole, prof de piano. \u00c0 la fin de la soir\u00e9e, les id\u00e9es fusent : \u00ab Si","og_url":"https:\/\/www.auditionsolidarite.org\/fr\/lhistoire\/","og_site_name":"AuditionSolidarit\u00e9","article_modified_time":"2024-09-09T15:16:52+00:00","og_image":[{"width":600,"height":593,"url":"https:\/\/www.auditionsolidarite.org\/wp-content\/uploads\/2015\/07\/logo-audition-solidarite-e1446132259721.png","type":"image\/png"}],"twitter_card":"summary_large_image","twitter_misc":{"Dur\u00e9e de lecture estim\u00e9e":"3 minutes"},"schema":{"@context":"https:\/\/schema.org","@graph":[{"@type":"WebPage","@id":"https:\/\/www.auditionsolidarite.org\/fr\/lhistoire\/","url":"https:\/\/www.auditionsolidarite.org\/fr\/lhistoire\/","name":"L\u2019histoire - AuditionSolidarit\u00e9","isPartOf":{"@id":"https:\/\/www.auditionsolidarite.org\/fr\/#website"},"datePublished":"2015-07-07T12:37:50+00:00","dateModified":"2024-09-09T15:16:52+00:00","breadcrumb":{"@id":"https:\/\/www.auditionsolidarite.org\/fr\/lhistoire\/#breadcrumb"},"inLanguage":"fr-FR","potentialAction":[{"@type":"ReadAction","target":[["https:\/\/www.auditionsolidarite.org\/fr\/lhistoire\/"]]}]},{"@type":"BreadcrumbList","@id":"https:\/\/www.auditionsolidarite.org\/fr\/lhistoire\/#breadcrumb","itemListElement":[{"@type":"ListItem","position":1,"name":"Accueil","item":"https:\/\/www.auditionsolidarite.org\/fr\/"},{"@type":"ListItem","position":2,"name":"L\u2019histoire"}]},{"@type":"WebSite","@id":"https:\/\/www.auditionsolidarite.org\/fr\/#website","url":"https:\/\/www.auditionsolidarite.org\/fr\/","name":"AuditionSolidarit\u00e9","description":"Le hasard n&#039;existe pas ! Si vous \u00eates l\u00e0 aujourd&#039;hui, c&#039;est que le monde de l&#039;audition vous touche... Alors merci d&#039;\u00eatre l\u00e0 !","publisher":{"@id":"https:\/\/www.auditionsolidarite.org\/fr\/#organization"},"potentialAction":[{"@type":"SearchAction","target":{"@type":"EntryPoint","urlTemplate":"https:\/\/www.auditionsolidarite.org\/fr\/?s={search_term_string}"},"query-input":"required name=search_term_string"}],"inLanguage":"fr-FR"},{"@type":"Organization","@id":"https:\/\/www.auditionsolidarite.org\/fr\/#organization","name":"AuditionSolidarit\u00e9","url":"https:\/\/www.auditionsolidarite.org\/fr\/","logo":{"@type":"ImageObject","inLanguage":"fr-FR","@id":"https:\/\/www.auditionsolidarite.org\/fr\/#\/schema\/logo\/image\/","url":"https:\/\/www.auditionsolidarite.org\/wp-content\/uploads\/2015\/07\/logo-audition-solidarite-e1446132259721.png","contentUrl":"https:\/\/www.auditionsolidarite.org\/wp-content\/uploads\/2015\/07\/logo-audition-solidarite-e1446132259721.png","width":600,"height":593,"caption":"AuditionSolidarit\u00e9"},"image":{"@id":"https:\/\/www.auditionsolidarite.org\/fr\/#\/schema\/logo\/image\/"}}]}},"_links":{"self":[{"href":"https:\/\/www.auditionsolidarite.org\/fr\/wp-json\/wp\/v2\/pages\/11"}],"collection":[{"href":"https:\/\/www.auditionsolidarite.org\/fr\/wp-json\/wp\/v2\/pages"}],"about":[{"href":"https:\/\/www.auditionsolidarite.org\/fr\/wp-json\/wp\/v2\/types\/page"}],"author":[{"embeddable":true,"href":"https:\/\/www.auditionsolidarite.org\/fr\/wp-json\/wp\/v2\/users\/10"}],"replies":[{"embeddable":true,"href":"https:\/\/www.auditionsolidarite.org\/fr\/wp-json\/wp\/v2\/comments?post=11"}],"version-history":[{"count":9,"href":"https:\/\/www.auditionsolidarite.org\/fr\/wp-json\/wp\/v2\/pages\/11\/revisions"}],"predecessor-version":[{"id":10128,"href":"https:\/\/www.auditionsolidarite.org\/fr\/wp-json\/wp\/v2\/pages\/11\/revisions\/10128"}],"wp:attachment":[{"href":"https:\/\/www.auditionsolidarite.org\/fr\/wp-json\/wp\/v2\/media?parent=11"}],"curies":[{"name":"wp","href":"https:\/\/api.w.org\/{rel}","templated":true}]}}