{"id":10877,"date":"2026-03-20T16:46:07","date_gmt":"2026-03-20T15:46:07","guid":{"rendered":"https:\/\/www.auditionsolidarite.org\/?page_id=10877"},"modified":"2026-03-20T16:46:07","modified_gmt":"2026-03-20T15:46:07","slug":"hopital-rothschild-paroisse-saint-marcel-paris-septembre-2025","status":"publish","type":"page","link":"https:\/\/www.auditionsolidarite.org\/fr\/hopital-rothschild-paroisse-saint-marcel-paris-septembre-2025\/","title":{"rendered":"H\u00f4pital Rothschild &#038; Paroisse Saint-Marcel, Paris \u2013 septembre 2025"},"content":{"rendered":"<strong>R\u00e9cap&#8217; de la mission du 23 au 26 septembre 2025 \u00e0 Paris<\/strong><\/p>\n<p>&nbsp;<\/p>\n<p><span data-olk-copy-source=\"MessageBody\">Beaucoup de b\u00e9n\u00e9ficiaires sur cette nouvelle mission :<\/span><\/p>\n<ul>\n<li><span role=\"presentation\"><strong>196<\/strong> personnes d\u00e9munies accueillies<\/span><\/li>\n<li><strong>86<\/strong> personnes appareill\u00e9es<\/li>\n<li><span role=\"presentation\"><strong>153<\/strong> appareils auditifs adapt\u00e9s<\/span><\/li>\n<li><span role=\"presentation\"><strong>166<\/strong> embouts sur mesure fabriqu\u00e9s<\/span><\/li>\n<\/ul>\n<div class=\"x14z9mp xat24cr x1lziwak x1vvkbs xtlvy1s x126k92a\">\n<div dir=\"auto\">Des sourires dans tous les sens, bravo <span class=\"x193iq5w xeuugli x13faqbe x1vvkbs x1xmvt09 x1lliihq x1s928wv xhkezso x1gmr53x x1cpjm7i x1fgarty x1943h6x xudqn12 x3x7a5m x6prxxf xvq8zen xo1l8bm xzsf02u x1yc453h\" dir=\"auto\">aux 17 m\u00e9c\u00e8nes et 2 \u00e9tudiantes qui ont tant donn\u00e9 durant cette semaine parisienne dense et solidaire !<\/span><\/div>\n<div dir=\"auto\"><\/div>\n<div dir=\"auto\">\u00c9norme MERCI aux fondations et partenaires qui soutiennent cette aventure : Fondation Veolia, Fondation Notre Dame, Fondation Tolot, Fondation Krys, Aesio Mutuelle, la <span class=\"html-span xdj266r x14z9mp xat24cr x1lziwak xexx8yu xyri2b x18d9i69 x1c1uobl x1hl2dhg x16tdsg8 x1vvkbs\"><span class=\"xt0psk2\"><span class=\"xjp7ctv\">Ville de Paris<\/span><\/span><\/span> et \u00e9videmment tous nos m\u00e9c\u00e8nes <span class=\"html-span xexx8yu xyri2b x18d9i69 x1c1uobl x1hl2dhg x16tdsg8 x1vvkbs x3nfvp2 x1j61x8r x1fcty0u xdj266r xat24cr xm2jcoa x1mpyi22 xxymvpz xlup9mm x1kky2od\"><img loading=\"lazy\" decoding=\"async\" class=\"xz74otr x15mokao x1ga7v0g x16uus16 xbiv7yw\" src=\"https:\/\/static.xx.fbcdn.net\/images\/emoji.php\/v9\/t68\/1\/16\/1f495.png\" alt=\"\ud83d\udc95\" width=\"16\" height=\"16\" \/><\/span><\/div>\n<\/div>\n<p><a href=\"\/\/www.auditionsolidarite.org\/wp-content\/uploads\/2025\/10\/3-photos-Paris-sept-2025.jpg\"><img loading=\"lazy\" decoding=\"async\" class=\"aligncenter size-full wp-image-10629\" src=\"\/\/www.auditionsolidarite.org\/wp-content\/uploads\/2025\/10\/3-photos-Paris-sept-2025.jpg\" alt=\"\" width=\"947\" height=\"250\" srcset=\"https:\/\/www.auditionsolidarite.org\/wp-content\/uploads\/2025\/10\/3-photos-Paris-sept-2025.jpg 947w, https:\/\/www.auditionsolidarite.org\/wp-content\/uploads\/2025\/10\/3-photos-Paris-sept-2025-300x79.jpg 300w, https:\/\/www.auditionsolidarite.org\/wp-content\/uploads\/2025\/10\/3-photos-Paris-sept-2025-768x203.jpg 768w\" sizes=\"(max-width: 947px) 100vw, 947px\" \/><\/a><b><b><\/b>Le d\u00e9tail :<br \/>\n<\/b><\/p>\n<table style=\"width: 699px;\" border=\"1\">\n<tbody>\n<tr style=\"height: 24px;\">\n<td style=\"width: 335px; height: 24px;\">H\u00f4pital Rothschild<\/td>\n<td style=\"width: 364px; height: 24px;\">Paroisse Saint-Marcel<\/td>\n<\/tr>\n<tr style=\"height: 24px;\">\n<td style=\"width: 335px; height: 24px;\">86 personnes accueillies<\/td>\n<td style=\"width: 364px; height: 24px;\">110 personnes accueillies<\/td>\n<\/tr>\n<tr style=\"height: 24px;\">\n<td style=\"width: 335px; height: 24px;\">49 personnes appareill\u00e9es<\/td>\n<td style=\"width: 364px; height: 24px;\">37 personnes appareill\u00e9es<\/td>\n<\/tr>\n<tr style=\"height: 24px;\">\n<td style=\"width: 335px; height: 24px;\">90 appareils adapt\u00e9s<\/td>\n<td style=\"width: 364px; height: 24px;\">63 appareils adapt\u00e9s<\/td>\n<\/tr>\n<\/tbody>\n<\/table>\n<p>Un grand merci \u00e0 l\u2019H\u00f4pital Rothschild ainsi qu\u2019\u00e0 la Paroisse Saint-Marcel pour leur accueil et leur disponibilit\u00e9. <b><\/b><b><\/b><b><\/b><b><\/b><b><\/b><\/p>\n<p>&nbsp;<\/p>\n<p><strong>Merci<\/strong> aux deux \u00e9quipes qui se sont succ\u00e9d\u00e9 sur ces 2 missions :<b><br \/>\n<\/b><\/p>\n<ul>\n<li dir=\"auto\">Les audioproth\u00e9sistes :\u00a0<span class=\"x193iq5w xeuugli x13faqbe x1vvkbs x1xmvt09 x1lliihq x1s928wv xhkezso x1gmr53x x1cpjm7i x1fgarty x1943h6x xudqn12 x3x7a5m x6prxxf xvq8zen xo1l8bm xzsf02u x1yc453h\" dir=\"auto\"><span data-olk-copy-source=\"MessageBody\">Anne-Sophie Buri, Olivier Lamy, Julia Boquet, Laurent Thouvenot, Guillaume Kurkowski, Vanina Decelle, Kevin Delavergne, Guillaume Caillou, Marianne Lefranc &amp; Gilles Kultcheyan<\/span><\/span><\/li>\n<li dir=\"auto\">L&#8217;orthophoniste :\u00a0<span class=\"x193iq5w xeuugli x13faqbe x1vvkbs x1xmvt09 x1lliihq x1s928wv xhkezso x1gmr53x x1cpjm7i x1fgarty x1943h6x xudqn12 x3x7a5m x6prxxf xvq8zen xo1l8bm xzsf02u x1yc453h\" dir=\"auto\">Amandine Kotel<\/span><\/li>\n<li dir=\"auto\">La fabrication des embouts : <span data-olk-copy-source=\"MessageBody\">Benoit Hammer, Avy Knafo, Julie Bimier &amp; Victor Gillard-Chevallier<\/span><\/li>\n<li dir=\"auto\">Les ORL : <span data-olk-copy-source=\"MessageBody\">Isabelle Souchal-Delacour<\/span> &amp; <span data-olk-copy-source=\"MessageBody\">Sandra Dannappel<\/span><\/li>\n<li dir=\"auto\">Le secr\u00e9tariat :\u00a0<span data-olk-copy-source=\"MessageBody\">S\u00e9bastien Cazelle &amp; C\u00e9dric Perry<\/span><\/li>\n<li dir=\"auto\"><span class=\"x193iq5w xeuugli x13faqbe x1vvkbs x1xmvt09 x1lliihq x1s928wv xhkezso x1gmr53x x1cpjm7i x1fgarty x1943h6x xudqn12 x3x7a5m x6prxxf xvq8zen xo1l8bm xzsf02u x1yc453h\" dir=\"auto\">Les \u00e9tudiants : <span data-olk-copy-source=\"MessageBody\">B\u00e9atrice Bonniot de Fleurac<\/span> &amp; <span data-olk-copy-source=\"MessageBody\">Cl\u00e9mence Duval<\/span><\/span><\/li>\n<li dir=\"auto\">La logistique : Carole, Aline, Blandine &amp; Adrien<\/li>\n<\/ul>\n<p><b><b><br \/>\n<\/b><\/b>Prochaine mission \u00e0 Paris :<\/p>\n<ul>\n<li>les 10 &amp; 11 mars 2026 \u00e0 l\u2019H\u00f4pital Rothschild pour les primo-consultants sur inscriptions =&gt; <a href=\"https:\/\/forms.gle\/8vizWZMVxFZisoT4A\">ICI<\/a><\/li>\n<li>les 12 &amp; 13 mars 2026 au sein de la paroisse Saint-Marcel pour les suivis sans rendez-vous<b><br \/>\n<\/b><\/li>\n<\/ul>\n<p style=\"text-align: center;\">T\u00e9moignages m\u00e9c\u00e8nes<\/p>\n<p style=\"text-align: center;\"><iframe loading=\"lazy\" title=\"YouTube video player\" src=\"https:\/\/www.youtube-nocookie.com\/embed\/JkTYh8lwLcQ?si=FQ1KqjkZhX5WvMOk\" width=\"560\" height=\"315\" frameborder=\"0\" allowfullscreen=\"allowfullscreen\"><\/iframe><br \/>\n<img loading=\"lazy\" decoding=\"async\" class=\"aligncenter wp-image-10633\" src=\"\/\/www.auditionsolidarite.org\/wp-content\/uploads\/2025\/10\/ROTH-25.jpg\" alt=\"\" width=\"600\" height=\"450\" srcset=\"https:\/\/www.auditionsolidarite.org\/wp-content\/uploads\/2025\/10\/ROTH-25.jpg 800w, https:\/\/www.auditionsolidarite.org\/wp-content\/uploads\/2025\/10\/ROTH-25-300x225.jpg 300w, https:\/\/www.auditionsolidarite.org\/wp-content\/uploads\/2025\/10\/ROTH-25-768x576.jpg 768w\" sizes=\"(max-width: 600px) 100vw, 600px\" \/> <img loading=\"lazy\" decoding=\"async\" class=\"aligncenter wp-image-10632\" src=\"\/\/www.auditionsolidarite.org\/wp-content\/uploads\/2025\/10\/Paroisse-25.jpg\" alt=\"\" width=\"600\" height=\"450\" srcset=\"https:\/\/www.auditionsolidarite.org\/wp-content\/uploads\/2025\/10\/Paroisse-25.jpg 800w, https:\/\/www.auditionsolidarite.org\/wp-content\/uploads\/2025\/10\/Paroisse-25-300x225.jpg 300w, https:\/\/www.auditionsolidarite.org\/wp-content\/uploads\/2025\/10\/Paroisse-25-768x576.jpg 768w\" sizes=\"(max-width: 600px) 100vw, 600px\" \/> <img loading=\"lazy\" decoding=\"async\" class=\"aligncenter wp-image-10631\" src=\"\/\/www.auditionsolidarite.org\/wp-content\/uploads\/2025\/10\/Fond-25.jpg\" alt=\"\" width=\"600\" height=\"450\" srcset=\"https:\/\/www.auditionsolidarite.org\/wp-content\/uploads\/2025\/10\/Fond-25.jpg 800w, https:\/\/www.auditionsolidarite.org\/wp-content\/uploads\/2025\/10\/Fond-25-300x225.jpg 300w, https:\/\/www.auditionsolidarite.org\/wp-content\/uploads\/2025\/10\/Fond-25-768x576.jpg 768w\" sizes=\"(max-width: 600px) 100vw, 600px\" \/><\/p>","protected":false},"excerpt":{"rendered":"<p>R\u00e9cap&#8217; de la mission du 23 au 26 septembre 2025 \u00e0 Paris &nbsp; Beaucoup de b\u00e9n\u00e9ficiaires sur cette nouvelle mission : 196 personnes d\u00e9munies accueillies 86 personnes appareill\u00e9es 153 appareils auditifs adapt\u00e9s 166 embouts sur mesure fabriqu\u00e9s Des sourires dans tous les sens, bravo aux 17 m\u00e9c\u00e8nes et 2 \u00e9tudiantes qui ont tant donn\u00e9 durant cette semaine parisienne dense et<\/p>\n","protected":false},"author":2,"featured_media":0,"parent":0,"menu_order":0,"comment_status":"closed","ping_status":"closed","template":"","meta":{"footnotes":""},"acf":[],"yoast_head":"<!-- This site is optimized with the Yoast SEO plugin v21.9.1 - https:\/\/yoast.com\/wordpress\/plugins\/seo\/ -->\n<title>H\u00f4pital Rothschild &amp; Paroisse Saint-Marcel, Paris \u2013 septembre 2025 - AuditionSolidarit\u00e9<\/title>\n<meta name=\"robots\" content=\"index, follow, max-snippet:-1, max-image-preview:large, max-video-preview:-1\" \/>\n<link rel=\"canonical\" href=\"https:\/\/www.auditionsolidarite.org\/fr\/hopital-rothschild-paroisse-saint-marcel-paris-septembre-2025\/\" \/>\n<meta property=\"og:locale\" content=\"fr_FR\" \/>\n<meta property=\"og:type\" content=\"article\" \/>\n<meta property=\"og:title\" content=\"H\u00f4pital Rothschild &amp; Paroisse Saint-Marcel, Paris \u2013 septembre 2025 - AuditionSolidarit\u00e9\" \/>\n<meta property=\"og:description\" content=\"R\u00e9cap&#8217; de la mission du 23 au 26 septembre 2025 \u00e0 Paris &nbsp; Beaucoup de b\u00e9n\u00e9ficiaires sur cette nouvelle mission : 196 personnes d\u00e9munies accueillies 86 personnes appareill\u00e9es 153 appareils auditifs adapt\u00e9s 166 embouts sur mesure fabriqu\u00e9s Des sourires dans tous les sens, bravo aux 17 m\u00e9c\u00e8nes et 2 \u00e9tudiantes qui ont tant donn\u00e9 durant cette semaine parisienne dense et\" \/>\n<meta property=\"og:url\" content=\"https:\/\/www.auditionsolidarite.org\/fr\/hopital-rothschild-paroisse-saint-marcel-paris-septembre-2025\/\" \/>\n<meta property=\"og:site_name\" content=\"AuditionSolidarit\u00e9\" \/>\n<meta property=\"og:image\" content=\"https:\/\/static.xx.fbcdn.net\/images\/emoji.php\/v9\/t68\/1\/16\/1f495.png\" \/>\n<meta name=\"twitter:card\" content=\"summary_large_image\" \/>\n<meta name=\"twitter:label1\" content=\"Dur\u00e9e de lecture estim\u00e9e\" \/>\n\t<meta name=\"twitter:data1\" content=\"3 minutes\" \/>\n<script type=\"application\/ld+json\" class=\"yoast-schema-graph\">{\"@context\":\"https:\/\/schema.org\",\"@graph\":[{\"@type\":\"WebPage\",\"@id\":\"https:\/\/www.auditionsolidarite.org\/fr\/hopital-rothschild-paroisse-saint-marcel-paris-septembre-2025\/\",\"url\":\"https:\/\/www.auditionsolidarite.org\/fr\/hopital-rothschild-paroisse-saint-marcel-paris-septembre-2025\/\",\"name\":\"H\u00f4pital Rothschild & Paroisse Saint-Marcel, Paris \u2013 septembre 2025 - AuditionSolidarit\u00e9\",\"isPartOf\":{\"@id\":\"https:\/\/www.auditionsolidarite.org\/fr\/#website\"},\"datePublished\":\"2026-03-20T15:46:07+00:00\",\"dateModified\":\"2026-03-20T15:46:07+00:00\",\"breadcrumb\":{\"@id\":\"https:\/\/www.auditionsolidarite.org\/fr\/hopital-rothschild-paroisse-saint-marcel-paris-septembre-2025\/#breadcrumb\"},\"inLanguage\":\"fr-FR\",\"potentialAction\":[{\"@type\":\"ReadAction\",\"target\":[[\"https:\/\/www.auditionsolidarite.org\/fr\/hopital-rothschild-paroisse-saint-marcel-paris-septembre-2025\/\"]]}]},{\"@type\":\"BreadcrumbList\",\"@id\":\"https:\/\/www.auditionsolidarite.org\/fr\/hopital-rothschild-paroisse-saint-marcel-paris-septembre-2025\/#breadcrumb\",\"itemListElement\":[{\"@type\":\"ListItem\",\"position\":1,\"name\":\"Accueil\",\"item\":\"https:\/\/www.auditionsolidarite.org\/fr\/\"},{\"@type\":\"ListItem\",\"position\":2,\"name\":\"H\u00f4pital Rothschild &#038; Paroisse Saint-Marcel, Paris \u2013 septembre 2025\"}]},{\"@type\":\"WebSite\",\"@id\":\"https:\/\/www.auditionsolidarite.org\/fr\/#website\",\"url\":\"https:\/\/www.auditionsolidarite.org\/fr\/\",\"name\":\"AuditionSolidarit\u00e9\",\"description\":\"Le hasard n&#039;existe pas ! Si vous \u00eates l\u00e0 aujourd&#039;hui, c&#039;est que le monde de l&#039;audition vous touche... Alors merci d&#039;\u00eatre l\u00e0 !\",\"publisher\":{\"@id\":\"https:\/\/www.auditionsolidarite.org\/fr\/#organization\"},\"potentialAction\":[{\"@type\":\"SearchAction\",\"target\":{\"@type\":\"EntryPoint\",\"urlTemplate\":\"https:\/\/www.auditionsolidarite.org\/fr\/?s={search_term_string}\"},\"query-input\":\"required name=search_term_string\"}],\"inLanguage\":\"fr-FR\"},{\"@type\":\"Organization\",\"@id\":\"https:\/\/www.auditionsolidarite.org\/fr\/#organization\",\"name\":\"AuditionSolidarit\u00e9\",\"url\":\"https:\/\/www.auditionsolidarite.org\/fr\/\",\"logo\":{\"@type\":\"ImageObject\",\"inLanguage\":\"fr-FR\",\"@id\":\"https:\/\/www.auditionsolidarite.org\/fr\/#\/schema\/logo\/image\/\",\"url\":\"https:\/\/www.auditionsolidarite.org\/wp-content\/uploads\/2015\/07\/logo-audition-solidarite-e1446132259721.png\",\"contentUrl\":\"https:\/\/www.auditionsolidarite.org\/wp-content\/uploads\/2015\/07\/logo-audition-solidarite-e1446132259721.png\",\"width\":600,\"height\":593,\"caption\":\"AuditionSolidarit\u00e9\"},\"image\":{\"@id\":\"https:\/\/www.auditionsolidarite.org\/fr\/#\/schema\/logo\/image\/\"}}]}<\/script>\n<!-- \/ Yoast SEO plugin. -->","yoast_head_json":{"title":"H\u00f4pital Rothschild & Paroisse Saint-Marcel, Paris \u2013 septembre 2025 - AuditionSolidarit\u00e9","robots":{"index":"index","follow":"follow","max-snippet":"max-snippet:-1","max-image-preview":"max-image-preview:large","max-video-preview":"max-video-preview:-1"},"canonical":"https:\/\/www.auditionsolidarite.org\/fr\/hopital-rothschild-paroisse-saint-marcel-paris-septembre-2025\/","og_locale":"fr_FR","og_type":"article","og_title":"H\u00f4pital Rothschild & Paroisse Saint-Marcel, Paris \u2013 septembre 2025 - AuditionSolidarit\u00e9","og_description":"R\u00e9cap&#8217; de la mission du 23 au 26 septembre 2025 \u00e0 Paris &nbsp; Beaucoup de b\u00e9n\u00e9ficiaires sur cette nouvelle mission : 196 personnes d\u00e9munies accueillies 86 personnes appareill\u00e9es 153 appareils auditifs adapt\u00e9s 166 embouts sur mesure fabriqu\u00e9s Des sourires dans tous les sens, bravo aux 17 m\u00e9c\u00e8nes et 2 \u00e9tudiantes qui ont tant donn\u00e9 durant cette semaine parisienne dense et","og_url":"https:\/\/www.auditionsolidarite.org\/fr\/hopital-rothschild-paroisse-saint-marcel-paris-septembre-2025\/","og_site_name":"AuditionSolidarit\u00e9","og_image":[{"url":"https:\/\/static.xx.fbcdn.net\/images\/emoji.php\/v9\/t68\/1\/16\/1f495.png"}],"twitter_card":"summary_large_image","twitter_misc":{"Dur\u00e9e de lecture estim\u00e9e":"3 minutes"},"schema":{"@context":"https:\/\/schema.org","@graph":[{"@type":"WebPage","@id":"https:\/\/www.auditionsolidarite.org\/fr\/hopital-rothschild-paroisse-saint-marcel-paris-septembre-2025\/","url":"https:\/\/www.auditionsolidarite.org\/fr\/hopital-rothschild-paroisse-saint-marcel-paris-septembre-2025\/","name":"H\u00f4pital Rothschild & Paroisse Saint-Marcel, Paris \u2013 septembre 2025 - AuditionSolidarit\u00e9","isPartOf":{"@id":"https:\/\/www.auditionsolidarite.org\/fr\/#website"},"datePublished":"2026-03-20T15:46:07+00:00","dateModified":"2026-03-20T15:46:07+00:00","breadcrumb":{"@id":"https:\/\/www.auditionsolidarite.org\/fr\/hopital-rothschild-paroisse-saint-marcel-paris-septembre-2025\/#breadcrumb"},"inLanguage":"fr-FR","potentialAction":[{"@type":"ReadAction","target":[["https:\/\/www.auditionsolidarite.org\/fr\/hopital-rothschild-paroisse-saint-marcel-paris-septembre-2025\/"]]}]},{"@type":"BreadcrumbList","@id":"https:\/\/www.auditionsolidarite.org\/fr\/hopital-rothschild-paroisse-saint-marcel-paris-septembre-2025\/#breadcrumb","itemListElement":[{"@type":"ListItem","position":1,"name":"Accueil","item":"https:\/\/www.auditionsolidarite.org\/fr\/"},{"@type":"ListItem","position":2,"name":"H\u00f4pital Rothschild &#038; Paroisse Saint-Marcel, Paris \u2013 septembre 2025"}]},{"@type":"WebSite","@id":"https:\/\/www.auditionsolidarite.org\/fr\/#website","url":"https:\/\/www.auditionsolidarite.org\/fr\/","name":"AuditionSolidarit\u00e9","description":"Le hasard n&#039;existe pas ! Si vous \u00eates l\u00e0 aujourd&#039;hui, c&#039;est que le monde de l&#039;audition vous touche... Alors merci d&#039;\u00eatre l\u00e0 !","publisher":{"@id":"https:\/\/www.auditionsolidarite.org\/fr\/#organization"},"potentialAction":[{"@type":"SearchAction","target":{"@type":"EntryPoint","urlTemplate":"https:\/\/www.auditionsolidarite.org\/fr\/?s={search_term_string}"},"query-input":"required name=search_term_string"}],"inLanguage":"fr-FR"},{"@type":"Organization","@id":"https:\/\/www.auditionsolidarite.org\/fr\/#organization","name":"AuditionSolidarit\u00e9","url":"https:\/\/www.auditionsolidarite.org\/fr\/","logo":{"@type":"ImageObject","inLanguage":"fr-FR","@id":"https:\/\/www.auditionsolidarite.org\/fr\/#\/schema\/logo\/image\/","url":"https:\/\/www.auditionsolidarite.org\/wp-content\/uploads\/2015\/07\/logo-audition-solidarite-e1446132259721.png","contentUrl":"https:\/\/www.auditionsolidarite.org\/wp-content\/uploads\/2015\/07\/logo-audition-solidarite-e1446132259721.png","width":600,"height":593,"caption":"AuditionSolidarit\u00e9"},"image":{"@id":"https:\/\/www.auditionsolidarite.org\/fr\/#\/schema\/logo\/image\/"}}]}},"_links":{"self":[{"href":"https:\/\/www.auditionsolidarite.org\/fr\/wp-json\/wp\/v2\/pages\/10877"}],"collection":[{"href":"https:\/\/www.auditionsolidarite.org\/fr\/wp-json\/wp\/v2\/pages"}],"about":[{"href":"https:\/\/www.auditionsolidarite.org\/fr\/wp-json\/wp\/v2\/types\/page"}],"author":[{"embeddable":true,"href":"https:\/\/www.auditionsolidarite.org\/fr\/wp-json\/wp\/v2\/users\/2"}],"replies":[{"embeddable":true,"href":"https:\/\/www.auditionsolidarite.org\/fr\/wp-json\/wp\/v2\/comments?post=10877"}],"version-history":[{"count":1,"href":"https:\/\/www.auditionsolidarite.org\/fr\/wp-json\/wp\/v2\/pages\/10877\/revisions"}],"predecessor-version":[{"id":10878,"href":"https:\/\/www.auditionsolidarite.org\/fr\/wp-json\/wp\/v2\/pages\/10877\/revisions\/10878"}],"wp:attachment":[{"href":"https:\/\/www.auditionsolidarite.org\/fr\/wp-json\/wp\/v2\/media?parent=10877"}],"curies":[{"name":"wp","href":"https:\/\/api.w.org\/{rel}","templated":true}]}}