{"id":108,"date":"2015-07-07T14:54:53","date_gmt":"2015-07-07T13:54:53","guid":{"rendered":"http:\/\/localhost\/auditionsolidarite.org\/?page_id=108"},"modified":"2022-09-14T09:50:16","modified_gmt":"2022-09-14T08:50:16","slug":"devenez-mecene","status":"publish","type":"page","link":"https:\/\/www.auditionsolidarite.org\/fr\/devenez-mecene\/","title":{"rendered":"Devenez m\u00e9c\u00e8ne"},"content":{"rendered":"<p style=\"text-align: justify;\"><strong>Vous souhaitez devenir m\u00e9c\u00e8ne,<\/strong><br \/>\nvous devenez conscient d\u2019une responsabilit\u00e9 nouvelle au sein de la soci\u00e9t\u00e9.<b><br \/>\n<\/b><b><br \/>\n<\/b><\/p>\n<p><strong>Qu\u2019est-ce que le m\u00e9c\u00e9nat ?<\/strong><br \/>\nC\u2019est un soutien mat\u00e9riel apport\u00e9 sans contrepartie directe de la part du b\u00e9n\u00e9ficiaire \u00e0 une oeuvre pour l\u2019exercice d\u2019activit\u00e9s pr\u00e9sentant un int\u00e9r\u00eat g\u00e9n\u00e9ral. Le m\u00e9c\u00e9nat n\u2019est ni un don totalement d\u00e9sint\u00e9ress\u00e9, ni un acte commercial, mais une relation de coop\u00e9ration qui cr\u00e9e une valeur partag\u00e9e au service de l\u2019int\u00e9r\u00eat g\u00e9n\u00e9ral.<b><br \/>\n<\/b><b><br \/>\n<\/b><\/p>\n<p>Le m\u00e9c\u00e9nat est un v\u00e9hicule tr\u00e8s privil\u00e9gi\u00e9 et un outil strat\u00e9gique de communication et d\u2019image.<b><br \/>\n<\/b><b><br \/>\n<\/b><\/p>\n<p><strong>Pourquoi\u00a0devenir m\u00e9c\u00e8ne ?<\/strong><br \/>\n. Pour valoriser votre image solidaire et citoyenne<br \/>\n. Pour donner du sens \u00e0 votre communication, un sens associ\u00e9 \u00e0 la solidarit\u00e9<br \/>\n. Pour f\u00e9d\u00e9rer vos salari\u00e9s autour de projets concrets dans le cadre d\u2019une entreprise<br \/>\n. Pour b\u00e9n\u00e9ficier d\u2019une r\u00e9duction fiscale<b><br \/>\n<\/b><b><br \/>\n<\/b><\/p>\n<p>Au titre du m\u00e9c\u00e9nat, dans le cas d\u2019une entreprise, l\u2019ensemble de vos versements vous permet de b\u00e9n\u00e9ficier d\u2019une r\u00e9duction d\u2019imp\u00f4t de 60% de leur montant (dans la limite annuelle de 0,5% du CA HT). En cas de d\u00e9passement du seuil, le cr\u00e9dit d\u2019imp\u00f4t peut \u00eatre report\u00e9 sur les 5 exercices ult\u00e9rieurs, m\u00eame en cas d\u2019exercice d\u00e9ficitaire.<b><br \/>\n<\/b><b><br \/>\n<\/b><\/p>\n<p>Dans le cas d\u2019un particulier, l\u2019ensemble de vos versements vous permet de b\u00e9n\u00e9ficier d\u2019une r\u00e9duction d\u2019imp\u00f4t \u00e9gale \u00e0 75% de vos dons jusqu\u2019\u00e0 1\u00a0000 \u20ac, \u00e0 66% au-del\u00e0 et cela dans la limite de 20% de votre revenu imposable.<\/p>\n<p>Par exemple, un don de 100 \u20ac vous revient en r\u00e9alit\u00e9 \u00e0 25 \u20ac.\u00a0<b><b><br \/>\n<\/b><b><br \/>\n<\/b><\/b><\/p>\n<p><strong>Qui peut devenir m\u00e9c\u00e8ne chez AuditionSolidarit\u00e9\u00a0?<\/strong><\/p>\n<p style=\"text-align: justify;\">Tout chef d\u2019entreprise peut devenir m\u00e9c\u00e8ne.<b><br \/>\n<\/b><b><br \/>\n<\/b><\/p>\n<p><strong>Comment\u00a0devenir m\u00e9c\u00e8ne chez AuditionSolidarit\u00e9 ?<\/strong><br \/>\nVous devenez m\u00e9c\u00e8ne par un soutien financier et de comp\u00e9tences.<b><br \/>\n<\/b><b><br \/>\n<\/b><\/p>\n<p style=\"text-align: justify;\"><em><strong><u>Le m\u00e9c\u00e9nat financier<\/u><\/strong><\/em> <strong>: <\/strong><strong>Il se pr\u00e9sente sous forme d\u2019un produit-partage <\/strong><strong>:<\/strong> un audioproth\u00e9siste s\u2019engage \u00e0 reverser la somme de 10 \u20ac sur chaque appareil auditif d\u00e9livr\u00e9 ; exemple, 20 appareils auditifs d\u00e9livr\u00e9s par mois, l\u2019audioproth\u00e9siste fait un don de 200 \u20ac, il pourra ainsi r\u00e9duire de son imp\u00f4t<b> <\/b>120 \u20ac (dans la limite annuelle de 0,5% du CA HT). Le produit-partage peut se d\u00e9cliner pour toutes les professions\u00a0: exemple, un coiffeur peut apposer sur chacun de ses produits vendus 1\u20ac revers\u00e9 \u00e0 AuditionSolidarit\u00e9, il pourra \u00e9galement r\u00e9duire de son imp\u00f4t 0,60 \u20ac par produit vendu.<\/p>\n<p>&nbsp;<\/p>\n<p style=\"text-align: justify;\"><em><strong><u>Le m\u00e9c\u00e9nat de comp\u00e9tences<\/u> <\/strong><\/em><strong>: <\/strong><strong>Le m\u00e9c\u00e8ne peut donner de son temps et de sa comp\u00e9tence gratuitement pendant son temps de travail : <\/strong>un audioproth\u00e9siste m\u00e9c\u00e8ne part en mission humanitaire avec AuditionSolidarit\u00e9 ; pour exemple son salaire brut + charges patronales sont estim\u00e9s \u00e0 une valeur de 1 000 \u20ac, l\u2019audioproth\u00e9siste pourra ainsi r\u00e9duire de son imp\u00f4t 600 \u20ac (dans la limite annuelle de 0,5% du CA HT).<b><br \/>\n<\/b><b><br \/>\n<\/b><\/p>\n<p><strong><span style=\"text-decoration: underline;\"><em>A noter l\u2019existence du m\u00e9c\u00e9nat technologique<\/em><\/span> : <\/strong><strong>Le m\u00e9c\u00e8ne peut apporter la technologie qu\u2019il produit :<\/strong> exemple, un fabricant d\u2019appareils auditifs fait un don de 20 appareils auditifs neufs, d\u2019une valeur de 14 000 \u20ac, il pourra ainsi r\u00e9duire de son imp\u00f4t 8 400 \u20ac (dans la limite annuelle de 0,5% du CA HT).<\/p>\n<blockquote>\n<h6 style=\"text-align: left;\"><a href=\"\/kit-visuel-mecene-audioprothesiste\/\">D\u00e9couvrez le Kit visuel M\u00e9c\u00e8ne, sp\u00e9cial Audioproth\u00e9siste<\/a><\/h6>\n<h6 style=\"text-align: left;\"><a href=\"\/kit-mecene-entreprise\/\">D\u00e9couvrez le Kit visuel M\u00e9c\u00e8ne, sp\u00e9cial Chef d&#8217;Entreprise<\/a><\/h6>\n<\/blockquote>\n<h6 style=\"text-align: left;\">Vous souhaitez devenir m\u00e9c\u00e8ne d&#8217;AuditionSolidarit\u00e9,\u00a0<a style=\"font-size: 1.25em; line-height: 1em;\" href=\"\/contact\/\">contactez-nous.<\/a><\/h6>","protected":false},"excerpt":{"rendered":"<p>Vous souhaitez devenir m\u00e9c\u00e8ne, vous devenez conscient d\u2019une responsabilit\u00e9 nouvelle au sein de la soci\u00e9t\u00e9. Qu\u2019est-ce que le m\u00e9c\u00e9nat ? C\u2019est un soutien mat\u00e9riel apport\u00e9 sans contrepartie directe de la part du b\u00e9n\u00e9ficiaire \u00e0 une oeuvre pour l\u2019exercice d\u2019activit\u00e9s pr\u00e9sentant un int\u00e9r\u00eat g\u00e9n\u00e9ral. Le m\u00e9c\u00e9nat n\u2019est ni un don totalement d\u00e9sint\u00e9ress\u00e9, ni un acte commercial, mais une relation de coop\u00e9ration<\/p>\n","protected":false},"author":10,"featured_media":0,"parent":0,"menu_order":0,"comment_status":"closed","ping_status":"closed","template":"","meta":{"footnotes":""},"acf":[],"yoast_head":"<!-- This site is optimized with the Yoast SEO plugin v21.9.1 - https:\/\/yoast.com\/wordpress\/plugins\/seo\/ -->\n<title>Devenez m\u00e9c\u00e8ne - AuditionSolidarit\u00e9<\/title>\n<meta name=\"robots\" content=\"index, follow, max-snippet:-1, max-image-preview:large, max-video-preview:-1\" \/>\n<link rel=\"canonical\" href=\"https:\/\/www.auditionsolidarite.org\/fr\/devenez-mecene\/\" \/>\n<meta property=\"og:locale\" content=\"fr_FR\" \/>\n<meta property=\"og:type\" content=\"article\" \/>\n<meta property=\"og:title\" content=\"Devenez m\u00e9c\u00e8ne - AuditionSolidarit\u00e9\" \/>\n<meta property=\"og:description\" content=\"Vous souhaitez devenir m\u00e9c\u00e8ne, vous devenez conscient d\u2019une responsabilit\u00e9 nouvelle au sein de la soci\u00e9t\u00e9. Qu\u2019est-ce que le m\u00e9c\u00e9nat ? C\u2019est un soutien mat\u00e9riel apport\u00e9 sans contrepartie directe de la part du b\u00e9n\u00e9ficiaire \u00e0 une oeuvre pour l\u2019exercice d\u2019activit\u00e9s pr\u00e9sentant un int\u00e9r\u00eat g\u00e9n\u00e9ral. Le m\u00e9c\u00e9nat n\u2019est ni un don totalement d\u00e9sint\u00e9ress\u00e9, ni un acte commercial, mais une relation de coop\u00e9ration\" \/>\n<meta property=\"og:url\" content=\"https:\/\/www.auditionsolidarite.org\/fr\/devenez-mecene\/\" \/>\n<meta property=\"og:site_name\" content=\"AuditionSolidarit\u00e9\" \/>\n<meta property=\"article:modified_time\" content=\"2022-09-14T08:50:16+00:00\" \/>\n<meta property=\"og:image\" content=\"https:\/\/www.auditionsolidarite.org\/wp-content\/uploads\/2015\/07\/logo-audition-solidarite-e1446132259721.png\" \/>\n\t<meta property=\"og:image:width\" content=\"600\" \/>\n\t<meta property=\"og:image:height\" content=\"593\" \/>\n\t<meta property=\"og:image:type\" content=\"image\/png\" \/>\n<meta name=\"twitter:card\" content=\"summary_large_image\" \/>\n<meta name=\"twitter:label1\" content=\"Dur\u00e9e de lecture estim\u00e9e\" \/>\n\t<meta name=\"twitter:data1\" content=\"3 minutes\" \/>\n<script type=\"application\/ld+json\" class=\"yoast-schema-graph\">{\"@context\":\"https:\/\/schema.org\",\"@graph\":[{\"@type\":\"WebPage\",\"@id\":\"https:\/\/www.auditionsolidarite.org\/fr\/devenez-mecene\/\",\"url\":\"https:\/\/www.auditionsolidarite.org\/fr\/devenez-mecene\/\",\"name\":\"Devenez m\u00e9c\u00e8ne - AuditionSolidarit\u00e9\",\"isPartOf\":{\"@id\":\"https:\/\/www.auditionsolidarite.org\/fr\/#website\"},\"datePublished\":\"2015-07-07T13:54:53+00:00\",\"dateModified\":\"2022-09-14T08:50:16+00:00\",\"breadcrumb\":{\"@id\":\"https:\/\/www.auditionsolidarite.org\/fr\/devenez-mecene\/#breadcrumb\"},\"inLanguage\":\"fr-FR\",\"potentialAction\":[{\"@type\":\"ReadAction\",\"target\":[[\"https:\/\/www.auditionsolidarite.org\/fr\/devenez-mecene\/\"]]}]},{\"@type\":\"BreadcrumbList\",\"@id\":\"https:\/\/www.auditionsolidarite.org\/fr\/devenez-mecene\/#breadcrumb\",\"itemListElement\":[{\"@type\":\"ListItem\",\"position\":1,\"name\":\"Accueil\",\"item\":\"https:\/\/www.auditionsolidarite.org\/fr\/\"},{\"@type\":\"ListItem\",\"position\":2,\"name\":\"Devenez m\u00e9c\u00e8ne\"}]},{\"@type\":\"WebSite\",\"@id\":\"https:\/\/www.auditionsolidarite.org\/fr\/#website\",\"url\":\"https:\/\/www.auditionsolidarite.org\/fr\/\",\"name\":\"AuditionSolidarit\u00e9\",\"description\":\"Le hasard n&#039;existe pas ! Si vous \u00eates l\u00e0 aujourd&#039;hui, c&#039;est que le monde de l&#039;audition vous touche... Alors merci d&#039;\u00eatre l\u00e0 !\",\"publisher\":{\"@id\":\"https:\/\/www.auditionsolidarite.org\/fr\/#organization\"},\"potentialAction\":[{\"@type\":\"SearchAction\",\"target\":{\"@type\":\"EntryPoint\",\"urlTemplate\":\"https:\/\/www.auditionsolidarite.org\/fr\/?s={search_term_string}\"},\"query-input\":\"required name=search_term_string\"}],\"inLanguage\":\"fr-FR\"},{\"@type\":\"Organization\",\"@id\":\"https:\/\/www.auditionsolidarite.org\/fr\/#organization\",\"name\":\"AuditionSolidarit\u00e9\",\"url\":\"https:\/\/www.auditionsolidarite.org\/fr\/\",\"logo\":{\"@type\":\"ImageObject\",\"inLanguage\":\"fr-FR\",\"@id\":\"https:\/\/www.auditionsolidarite.org\/fr\/#\/schema\/logo\/image\/\",\"url\":\"https:\/\/www.auditionsolidarite.org\/wp-content\/uploads\/2015\/07\/logo-audition-solidarite-e1446132259721.png\",\"contentUrl\":\"https:\/\/www.auditionsolidarite.org\/wp-content\/uploads\/2015\/07\/logo-audition-solidarite-e1446132259721.png\",\"width\":600,\"height\":593,\"caption\":\"AuditionSolidarit\u00e9\"},\"image\":{\"@id\":\"https:\/\/www.auditionsolidarite.org\/fr\/#\/schema\/logo\/image\/\"}}]}<\/script>\n<!-- \/ Yoast SEO plugin. -->","yoast_head_json":{"title":"Devenez m\u00e9c\u00e8ne - AuditionSolidarit\u00e9","robots":{"index":"index","follow":"follow","max-snippet":"max-snippet:-1","max-image-preview":"max-image-preview:large","max-video-preview":"max-video-preview:-1"},"canonical":"https:\/\/www.auditionsolidarite.org\/fr\/devenez-mecene\/","og_locale":"fr_FR","og_type":"article","og_title":"Devenez m\u00e9c\u00e8ne - AuditionSolidarit\u00e9","og_description":"Vous souhaitez devenir m\u00e9c\u00e8ne, vous devenez conscient d\u2019une responsabilit\u00e9 nouvelle au sein de la soci\u00e9t\u00e9. Qu\u2019est-ce que le m\u00e9c\u00e9nat ? C\u2019est un soutien mat\u00e9riel apport\u00e9 sans contrepartie directe de la part du b\u00e9n\u00e9ficiaire \u00e0 une oeuvre pour l\u2019exercice d\u2019activit\u00e9s pr\u00e9sentant un int\u00e9r\u00eat g\u00e9n\u00e9ral. Le m\u00e9c\u00e9nat n\u2019est ni un don totalement d\u00e9sint\u00e9ress\u00e9, ni un acte commercial, mais une relation de coop\u00e9ration","og_url":"https:\/\/www.auditionsolidarite.org\/fr\/devenez-mecene\/","og_site_name":"AuditionSolidarit\u00e9","article_modified_time":"2022-09-14T08:50:16+00:00","og_image":[{"width":600,"height":593,"url":"https:\/\/www.auditionsolidarite.org\/wp-content\/uploads\/2015\/07\/logo-audition-solidarite-e1446132259721.png","type":"image\/png"}],"twitter_card":"summary_large_image","twitter_misc":{"Dur\u00e9e de lecture estim\u00e9e":"3 minutes"},"schema":{"@context":"https:\/\/schema.org","@graph":[{"@type":"WebPage","@id":"https:\/\/www.auditionsolidarite.org\/fr\/devenez-mecene\/","url":"https:\/\/www.auditionsolidarite.org\/fr\/devenez-mecene\/","name":"Devenez m\u00e9c\u00e8ne - AuditionSolidarit\u00e9","isPartOf":{"@id":"https:\/\/www.auditionsolidarite.org\/fr\/#website"},"datePublished":"2015-07-07T13:54:53+00:00","dateModified":"2022-09-14T08:50:16+00:00","breadcrumb":{"@id":"https:\/\/www.auditionsolidarite.org\/fr\/devenez-mecene\/#breadcrumb"},"inLanguage":"fr-FR","potentialAction":[{"@type":"ReadAction","target":[["https:\/\/www.auditionsolidarite.org\/fr\/devenez-mecene\/"]]}]},{"@type":"BreadcrumbList","@id":"https:\/\/www.auditionsolidarite.org\/fr\/devenez-mecene\/#breadcrumb","itemListElement":[{"@type":"ListItem","position":1,"name":"Accueil","item":"https:\/\/www.auditionsolidarite.org\/fr\/"},{"@type":"ListItem","position":2,"name":"Devenez m\u00e9c\u00e8ne"}]},{"@type":"WebSite","@id":"https:\/\/www.auditionsolidarite.org\/fr\/#website","url":"https:\/\/www.auditionsolidarite.org\/fr\/","name":"AuditionSolidarit\u00e9","description":"Le hasard n&#039;existe pas ! Si vous \u00eates l\u00e0 aujourd&#039;hui, c&#039;est que le monde de l&#039;audition vous touche... Alors merci d&#039;\u00eatre l\u00e0 !","publisher":{"@id":"https:\/\/www.auditionsolidarite.org\/fr\/#organization"},"potentialAction":[{"@type":"SearchAction","target":{"@type":"EntryPoint","urlTemplate":"https:\/\/www.auditionsolidarite.org\/fr\/?s={search_term_string}"},"query-input":"required name=search_term_string"}],"inLanguage":"fr-FR"},{"@type":"Organization","@id":"https:\/\/www.auditionsolidarite.org\/fr\/#organization","name":"AuditionSolidarit\u00e9","url":"https:\/\/www.auditionsolidarite.org\/fr\/","logo":{"@type":"ImageObject","inLanguage":"fr-FR","@id":"https:\/\/www.auditionsolidarite.org\/fr\/#\/schema\/logo\/image\/","url":"https:\/\/www.auditionsolidarite.org\/wp-content\/uploads\/2015\/07\/logo-audition-solidarite-e1446132259721.png","contentUrl":"https:\/\/www.auditionsolidarite.org\/wp-content\/uploads\/2015\/07\/logo-audition-solidarite-e1446132259721.png","width":600,"height":593,"caption":"AuditionSolidarit\u00e9"},"image":{"@id":"https:\/\/www.auditionsolidarite.org\/fr\/#\/schema\/logo\/image\/"}}]}},"_links":{"self":[{"href":"https:\/\/www.auditionsolidarite.org\/fr\/wp-json\/wp\/v2\/pages\/108"}],"collection":[{"href":"https:\/\/www.auditionsolidarite.org\/fr\/wp-json\/wp\/v2\/pages"}],"about":[{"href":"https:\/\/www.auditionsolidarite.org\/fr\/wp-json\/wp\/v2\/types\/page"}],"author":[{"embeddable":true,"href":"https:\/\/www.auditionsolidarite.org\/fr\/wp-json\/wp\/v2\/users\/10"}],"replies":[{"embeddable":true,"href":"https:\/\/www.auditionsolidarite.org\/fr\/wp-json\/wp\/v2\/comments?post=108"}],"version-history":[{"count":3,"href":"https:\/\/www.auditionsolidarite.org\/fr\/wp-json\/wp\/v2\/pages\/108\/revisions"}],"predecessor-version":[{"id":8966,"href":"https:\/\/www.auditionsolidarite.org\/fr\/wp-json\/wp\/v2\/pages\/108\/revisions\/8966"}],"wp:attachment":[{"href":"https:\/\/www.auditionsolidarite.org\/fr\/wp-json\/wp\/v2\/media?parent=108"}],"curies":[{"name":"wp","href":"https:\/\/api.w.org\/{rel}","templated":true}]}}