{"id":1074,"date":"2015-07-28T08:49:44","date_gmt":"2015-07-28T07:49:44","guid":{"rendered":"http:\/\/www.auditionsolidarite.int\/?page_id=1074"},"modified":"2025-09-01T09:28:30","modified_gmt":"2025-09-01T08:28:30","slug":"notre-derniere-mission-humanitaire-a-letranger","status":"publish","type":"page","link":"https:\/\/www.auditionsolidarite.org\/fr\/notre-derniere-mission-humanitaire-a-letranger\/","title":{"rendered":"Notre derni\u00e8re mission humanitaire \u00e0 l&#8217;\u00e9tranger"},"content":{"rendered":"<strong>24 avril au 2 mai 2025 : une 6\u00e8me mission en R\u00e9publique dominicaine pleine de confirmations.<\/strong><\/p>\n<p>&nbsp;<\/p>\n<p>Durant cette semaine intense de travail, l\u2019\u00e9quipe fran\u00e7aise a accueilli, contr\u00f4l\u00e9 ou appareill\u00e9 189 enfants dont une large majorit\u00e9 scolaris\u00e9e dans deux \u00e9coles sp\u00e9cialis\u00e9es qui rejoignent cette ann\u00e9e le projet\u00a0: celle de Santo Domingo Norte et de La Romana.<\/p>\n<p>&nbsp;<\/p>\n<p>Install\u00e9s comme \u00e0 son habitude dans les locaux d\u2019une ONG am\u00e9ricaine \u00e0 Hato Mayor, les m\u00e9c\u00e8nes d\u2019AuditionSolidart\u00e9 ont fait passer chaque enfant dans les diff\u00e9rents postes de la cha\u00eene auditive : consultation ORL, audiom\u00e9trie, fabrication des embouts auriculaires, appareillage, orthophonie. Pour finir ce parcours de soins sur une joyeuse note, tous les enfants fra\u00eechement appareill\u00e9s ont termin\u00e9 avec un atelier musical dispens\u00e9 par Malvina, musicoth\u00e9rapeute dans le sud de la France.<\/p>\n<p>&nbsp;<\/p>\n<p><strong>Un projet colossal au format original<\/strong><\/p>\n<p>&nbsp;<\/p>\n<p>Avec l\u2019inclusion de ces deux nouvelles \u00e9coles, le projet en R\u00e9publique dominicaine regroupe d\u00e9sormais 600 enfants sourds et malentendants, scolaris\u00e9s dans 10 \u00e9coles sp\u00e9cialis\u00e9es.<\/p>\n<p>&nbsp;<\/p>\n<p>Pour assurer le suivi technique des appareillages et la r\u00e9\u00e9ducation orthophonique de ces enfants au quotidien dans chaque \u00e9cole, AuditionSolidarit\u00e9 a continu\u00e9 son indispensable travail de formation initi\u00e9 d\u00e8s 2019 aupr\u00e8s de 12 dominicains, salari\u00e9s de l\u2019association Oir Para Vivir. Le niveau d\u2019autonomie acquis par les dominicains sur chaque poste est tr\u00e8s avanc\u00e9, une vraie confirmation pour AuditionSolidarit\u00e9. Le projet se poursuivra en novembre 2026.<\/p>\n<p>&nbsp;<\/p>\n<p><b><b><\/b><b><\/b><b><\/b><\/b><b><b><\/b><\/b><b><\/b><strong><b><\/b>Les chiffres cl\u00e9s\u00a0:<\/strong><\/p>\n<blockquote><p><strong>189 enfants vus \/ 344 appareils auditifs adapt\u00e9s \/ 355 embouts fabriqu\u00e9s \/ 12 dominicains form\u00e9s<b> <\/b><\/strong><\/p><\/blockquote>\n<p style=\"text-align: left;\"><b><b><b>\u00a0<\/b><\/b><\/b><\/p>\n<p style=\"text-align: center;\">Vid\u00e9o de la mission<\/p>\n<p style=\"text-align: center;\"><iframe loading=\"lazy\" title=\"YouTube video player\" src=\"https:\/\/www.youtube-nocookie.com\/embed\/GEnGHOWeC1c?si=hSXI8SBJq1cYtad9\" width=\"560\" height=\"315\" frameborder=\"0\" allowfullscreen=\"allowfullscreen\"><\/iframe><\/p>\n<p>&nbsp;<\/p>\n<p style=\"text-align: center;\">Vid\u00e9o interviews crois\u00e9es<\/p>\n<p style=\"text-align: center;\"><iframe loading=\"lazy\" title=\"YouTube video player\" src=\"https:\/\/www.youtube-nocookie.com\/embed\/q4-xjHQva34?si=8fyhi1I5Yyh6-t4_\" width=\"560\" height=\"315\" frameborder=\"0\" allowfullscreen=\"allowfullscreen\"><\/iframe><\/p>\n<p style=\"text-align: center;\">&#8230;&#8230;&#8230;<\/p>\n<p style=\"text-align: center;\"><b><b><br \/>\n<\/b><\/b>Un grand <strong>MERCI<\/strong> \u00e0 notre formidable \u00e9quipe fran\u00e7aise et \u00e0 l&#8217;\u00e9quipe d&#8217;Oir Para Vivir pour leur travail et leur accueil.<b><br \/>\n<\/b><b><br \/>\n<\/b><\/p>\n<p><strong>Merci <\/strong>aux audioproth\u00e9sistes : Georges Ormancey, Ludovic Delacour, Manuella Jegu, M\u00e9lisa Le Garrec, St\u00e9phane Gratien et Val\u00e9rie Gerberon.<\/p>\n<p><strong>Merci<\/strong> \u00e0 l&#8217;ORL : Luc Moulonguet<\/p>\n<p><strong>Merci<\/strong> aux orthophonistes : Ana\u00efs Andrieu, Catherine Garnier et Laetitia Puissant<\/p>\n<p><strong>Merci<\/strong> pour la fabrication des embouts \u00e0 Kiki Bourger<\/p>\n<p><strong>Merci<\/strong> pour le secr\u00e9tariat \u00e0 Pauline Bouvy<\/p>\n<p><strong>Merci<\/strong> pour les ateliers musicaux \u00e0 Malvina Pastor<\/p>\n<p><strong>Merci<\/strong> pour La logistique \u00e0 Carole, Adrien, Blandine et Aline.<\/p>\n<p>&nbsp;<\/p>\n<p><strong>Merci <\/strong>\u00e0 la fondation Veolia, \u00e0 la fondation Lama, \u00e0 Air Cara\u00efbes et \u00e0 l&#8217;Agence fran\u00e7aise de d\u00e9veloppement pour leur pr\u00e9cieux soutien !<\/p>\n<p>&nbsp;<\/p>\n<p><img loading=\"lazy\" decoding=\"async\" class=\"aligncenter wp-image-10471\" src=\"\/\/www.auditionsolidarite.org\/wp-content\/uploads\/2025\/05\/Rep_Dom-253-Ok-copie.jpg\" alt=\"\" width=\"600\" height=\"450\" srcset=\"https:\/\/www.auditionsolidarite.org\/wp-content\/uploads\/2025\/05\/Rep_Dom-253-Ok-copie.jpg 1000w, https:\/\/www.auditionsolidarite.org\/wp-content\/uploads\/2025\/05\/Rep_Dom-253-Ok-copie-300x225.jpg 300w, https:\/\/www.auditionsolidarite.org\/wp-content\/uploads\/2025\/05\/Rep_Dom-253-Ok-copie-768x576.jpg 768w\" sizes=\"(max-width: 600px) 100vw, 600px\" \/><\/p>\n<p><img loading=\"lazy\" decoding=\"async\" class=\"aligncenter wp-image-10472\" src=\"\/\/www.auditionsolidarite.org\/wp-content\/uploads\/2025\/05\/Rep_Dom-f.jpg\" alt=\"\" width=\"600\" height=\"450\" srcset=\"https:\/\/www.auditionsolidarite.org\/wp-content\/uploads\/2025\/05\/Rep_Dom-f.jpg 1000w, https:\/\/www.auditionsolidarite.org\/wp-content\/uploads\/2025\/05\/Rep_Dom-f-300x225.jpg 300w, https:\/\/www.auditionsolidarite.org\/wp-content\/uploads\/2025\/05\/Rep_Dom-f-768x576.jpg 768w\" sizes=\"(max-width: 600px) 100vw, 600px\" \/><\/p>\n<p><img loading=\"lazy\" decoding=\"async\" class=\"aligncenter wp-image-10470\" src=\"\/\/www.auditionsolidarite.org\/wp-content\/uploads\/2025\/05\/Rep_Dom-142-copie.jpg\" alt=\"\" width=\"600\" height=\"450\" srcset=\"https:\/\/www.auditionsolidarite.org\/wp-content\/uploads\/2025\/05\/Rep_Dom-142-copie.jpg 1000w, https:\/\/www.auditionsolidarite.org\/wp-content\/uploads\/2025\/05\/Rep_Dom-142-copie-300x225.jpg 300w, https:\/\/www.auditionsolidarite.org\/wp-content\/uploads\/2025\/05\/Rep_Dom-142-copie-768x576.jpg 768w\" sizes=\"(max-width: 600px) 100vw, 600px\" \/><\/p>\n<p style=\"text-align: left;\">","protected":false},"excerpt":{"rendered":"<p>24 avril au 2 mai 2025 : une 6\u00e8me mission en R\u00e9publique dominicaine pleine de confirmations. &nbsp; Durant cette semaine intense de travail, l\u2019\u00e9quipe fran\u00e7aise a accueilli, contr\u00f4l\u00e9 ou appareill\u00e9 189 enfants dont une large majorit\u00e9 scolaris\u00e9e dans deux \u00e9coles sp\u00e9cialis\u00e9es qui rejoignent cette ann\u00e9e le projet\u00a0: celle de Santo Domingo Norte et de La Romana. &nbsp; Install\u00e9s comme \u00e0<\/p>\n","protected":false},"author":10,"featured_media":0,"parent":0,"menu_order":0,"comment_status":"closed","ping_status":"closed","template":"","meta":{"footnotes":""},"acf":[],"yoast_head":"<!-- This site is optimized with the Yoast SEO plugin v21.9.1 - https:\/\/yoast.com\/wordpress\/plugins\/seo\/ -->\n<title>Notre derni\u00e8re mission humanitaire \u00e0 l&#039;\u00e9tranger - AuditionSolidarit\u00e9<\/title>\n<meta name=\"robots\" content=\"index, follow, max-snippet:-1, max-image-preview:large, max-video-preview:-1\" \/>\n<link rel=\"canonical\" href=\"https:\/\/www.auditionsolidarite.org\/fr\/notre-derniere-mission-humanitaire-a-letranger\/\" \/>\n<meta property=\"og:locale\" content=\"fr_FR\" \/>\n<meta property=\"og:type\" content=\"article\" \/>\n<meta property=\"og:title\" content=\"Notre derni\u00e8re mission humanitaire \u00e0 l&#039;\u00e9tranger - AuditionSolidarit\u00e9\" \/>\n<meta property=\"og:description\" content=\"24 avril au 2 mai 2025 : une 6\u00e8me mission en R\u00e9publique dominicaine pleine de confirmations. &nbsp; Durant cette semaine intense de travail, l\u2019\u00e9quipe fran\u00e7aise a accueilli, contr\u00f4l\u00e9 ou appareill\u00e9 189 enfants dont une large majorit\u00e9 scolaris\u00e9e dans deux \u00e9coles sp\u00e9cialis\u00e9es qui rejoignent cette ann\u00e9e le projet\u00a0: celle de Santo Domingo Norte et de La Romana. &nbsp; Install\u00e9s comme \u00e0\" \/>\n<meta property=\"og:url\" content=\"https:\/\/www.auditionsolidarite.org\/fr\/notre-derniere-mission-humanitaire-a-letranger\/\" \/>\n<meta property=\"og:site_name\" content=\"AuditionSolidarit\u00e9\" \/>\n<meta property=\"article:modified_time\" content=\"2025-09-01T08:28:30+00:00\" \/>\n<meta property=\"og:image\" content=\"https:\/\/www.auditionsolidarite.org\/wp-content\/uploads\/2015\/07\/logo-audition-solidarite-e1446132259721.png\" \/>\n\t<meta property=\"og:image:width\" content=\"600\" \/>\n\t<meta property=\"og:image:height\" content=\"593\" \/>\n\t<meta property=\"og:image:type\" content=\"image\/png\" \/>\n<meta name=\"twitter:card\" content=\"summary_large_image\" \/>\n<meta name=\"twitter:label1\" content=\"Dur\u00e9e de lecture estim\u00e9e\" \/>\n\t<meta name=\"twitter:data1\" content=\"3 minutes\" \/>\n<script type=\"application\/ld+json\" class=\"yoast-schema-graph\">{\"@context\":\"https:\/\/schema.org\",\"@graph\":[{\"@type\":\"WebPage\",\"@id\":\"https:\/\/www.auditionsolidarite.org\/fr\/notre-derniere-mission-humanitaire-a-letranger\/\",\"url\":\"https:\/\/www.auditionsolidarite.org\/fr\/notre-derniere-mission-humanitaire-a-letranger\/\",\"name\":\"Notre derni\u00e8re mission humanitaire \u00e0 l'\u00e9tranger - AuditionSolidarit\u00e9\",\"isPartOf\":{\"@id\":\"https:\/\/www.auditionsolidarite.org\/fr\/#website\"},\"datePublished\":\"2015-07-28T07:49:44+00:00\",\"dateModified\":\"2025-09-01T08:28:30+00:00\",\"breadcrumb\":{\"@id\":\"https:\/\/www.auditionsolidarite.org\/fr\/notre-derniere-mission-humanitaire-a-letranger\/#breadcrumb\"},\"inLanguage\":\"fr-FR\",\"potentialAction\":[{\"@type\":\"ReadAction\",\"target\":[[\"https:\/\/www.auditionsolidarite.org\/fr\/notre-derniere-mission-humanitaire-a-letranger\/\"]]}]},{\"@type\":\"BreadcrumbList\",\"@id\":\"https:\/\/www.auditionsolidarite.org\/fr\/notre-derniere-mission-humanitaire-a-letranger\/#breadcrumb\",\"itemListElement\":[{\"@type\":\"ListItem\",\"position\":1,\"name\":\"Accueil\",\"item\":\"https:\/\/www.auditionsolidarite.org\/fr\/\"},{\"@type\":\"ListItem\",\"position\":2,\"name\":\"Notre derni\u00e8re mission humanitaire \u00e0 l&#8217;\u00e9tranger\"}]},{\"@type\":\"WebSite\",\"@id\":\"https:\/\/www.auditionsolidarite.org\/fr\/#website\",\"url\":\"https:\/\/www.auditionsolidarite.org\/fr\/\",\"name\":\"AuditionSolidarit\u00e9\",\"description\":\"Le hasard n&#039;existe pas ! Si vous \u00eates l\u00e0 aujourd&#039;hui, c&#039;est que le monde de l&#039;audition vous touche... Alors merci d&#039;\u00eatre l\u00e0 !\",\"publisher\":{\"@id\":\"https:\/\/www.auditionsolidarite.org\/fr\/#organization\"},\"potentialAction\":[{\"@type\":\"SearchAction\",\"target\":{\"@type\":\"EntryPoint\",\"urlTemplate\":\"https:\/\/www.auditionsolidarite.org\/fr\/?s={search_term_string}\"},\"query-input\":\"required name=search_term_string\"}],\"inLanguage\":\"fr-FR\"},{\"@type\":\"Organization\",\"@id\":\"https:\/\/www.auditionsolidarite.org\/fr\/#organization\",\"name\":\"AuditionSolidarit\u00e9\",\"url\":\"https:\/\/www.auditionsolidarite.org\/fr\/\",\"logo\":{\"@type\":\"ImageObject\",\"inLanguage\":\"fr-FR\",\"@id\":\"https:\/\/www.auditionsolidarite.org\/fr\/#\/schema\/logo\/image\/\",\"url\":\"https:\/\/www.auditionsolidarite.org\/wp-content\/uploads\/2015\/07\/logo-audition-solidarite-e1446132259721.png\",\"contentUrl\":\"https:\/\/www.auditionsolidarite.org\/wp-content\/uploads\/2015\/07\/logo-audition-solidarite-e1446132259721.png\",\"width\":600,\"height\":593,\"caption\":\"AuditionSolidarit\u00e9\"},\"image\":{\"@id\":\"https:\/\/www.auditionsolidarite.org\/fr\/#\/schema\/logo\/image\/\"}}]}<\/script>\n<!-- \/ Yoast SEO plugin. -->","yoast_head_json":{"title":"Notre derni\u00e8re mission humanitaire \u00e0 l'\u00e9tranger - AuditionSolidarit\u00e9","robots":{"index":"index","follow":"follow","max-snippet":"max-snippet:-1","max-image-preview":"max-image-preview:large","max-video-preview":"max-video-preview:-1"},"canonical":"https:\/\/www.auditionsolidarite.org\/fr\/notre-derniere-mission-humanitaire-a-letranger\/","og_locale":"fr_FR","og_type":"article","og_title":"Notre derni\u00e8re mission humanitaire \u00e0 l'\u00e9tranger - AuditionSolidarit\u00e9","og_description":"24 avril au 2 mai 2025 : une 6\u00e8me mission en R\u00e9publique dominicaine pleine de confirmations. &nbsp; Durant cette semaine intense de travail, l\u2019\u00e9quipe fran\u00e7aise a accueilli, contr\u00f4l\u00e9 ou appareill\u00e9 189 enfants dont une large majorit\u00e9 scolaris\u00e9e dans deux \u00e9coles sp\u00e9cialis\u00e9es qui rejoignent cette ann\u00e9e le projet\u00a0: celle de Santo Domingo Norte et de La Romana. &nbsp; Install\u00e9s comme \u00e0","og_url":"https:\/\/www.auditionsolidarite.org\/fr\/notre-derniere-mission-humanitaire-a-letranger\/","og_site_name":"AuditionSolidarit\u00e9","article_modified_time":"2025-09-01T08:28:30+00:00","og_image":[{"width":600,"height":593,"url":"https:\/\/www.auditionsolidarite.org\/wp-content\/uploads\/2015\/07\/logo-audition-solidarite-e1446132259721.png","type":"image\/png"}],"twitter_card":"summary_large_image","twitter_misc":{"Dur\u00e9e de lecture estim\u00e9e":"3 minutes"},"schema":{"@context":"https:\/\/schema.org","@graph":[{"@type":"WebPage","@id":"https:\/\/www.auditionsolidarite.org\/fr\/notre-derniere-mission-humanitaire-a-letranger\/","url":"https:\/\/www.auditionsolidarite.org\/fr\/notre-derniere-mission-humanitaire-a-letranger\/","name":"Notre derni\u00e8re mission humanitaire \u00e0 l'\u00e9tranger - AuditionSolidarit\u00e9","isPartOf":{"@id":"https:\/\/www.auditionsolidarite.org\/fr\/#website"},"datePublished":"2015-07-28T07:49:44+00:00","dateModified":"2025-09-01T08:28:30+00:00","breadcrumb":{"@id":"https:\/\/www.auditionsolidarite.org\/fr\/notre-derniere-mission-humanitaire-a-letranger\/#breadcrumb"},"inLanguage":"fr-FR","potentialAction":[{"@type":"ReadAction","target":[["https:\/\/www.auditionsolidarite.org\/fr\/notre-derniere-mission-humanitaire-a-letranger\/"]]}]},{"@type":"BreadcrumbList","@id":"https:\/\/www.auditionsolidarite.org\/fr\/notre-derniere-mission-humanitaire-a-letranger\/#breadcrumb","itemListElement":[{"@type":"ListItem","position":1,"name":"Accueil","item":"https:\/\/www.auditionsolidarite.org\/fr\/"},{"@type":"ListItem","position":2,"name":"Notre derni\u00e8re mission humanitaire \u00e0 l&#8217;\u00e9tranger"}]},{"@type":"WebSite","@id":"https:\/\/www.auditionsolidarite.org\/fr\/#website","url":"https:\/\/www.auditionsolidarite.org\/fr\/","name":"AuditionSolidarit\u00e9","description":"Le hasard n&#039;existe pas ! Si vous \u00eates l\u00e0 aujourd&#039;hui, c&#039;est que le monde de l&#039;audition vous touche... Alors merci d&#039;\u00eatre l\u00e0 !","publisher":{"@id":"https:\/\/www.auditionsolidarite.org\/fr\/#organization"},"potentialAction":[{"@type":"SearchAction","target":{"@type":"EntryPoint","urlTemplate":"https:\/\/www.auditionsolidarite.org\/fr\/?s={search_term_string}"},"query-input":"required name=search_term_string"}],"inLanguage":"fr-FR"},{"@type":"Organization","@id":"https:\/\/www.auditionsolidarite.org\/fr\/#organization","name":"AuditionSolidarit\u00e9","url":"https:\/\/www.auditionsolidarite.org\/fr\/","logo":{"@type":"ImageObject","inLanguage":"fr-FR","@id":"https:\/\/www.auditionsolidarite.org\/fr\/#\/schema\/logo\/image\/","url":"https:\/\/www.auditionsolidarite.org\/wp-content\/uploads\/2015\/07\/logo-audition-solidarite-e1446132259721.png","contentUrl":"https:\/\/www.auditionsolidarite.org\/wp-content\/uploads\/2015\/07\/logo-audition-solidarite-e1446132259721.png","width":600,"height":593,"caption":"AuditionSolidarit\u00e9"},"image":{"@id":"https:\/\/www.auditionsolidarite.org\/fr\/#\/schema\/logo\/image\/"}}]}},"_links":{"self":[{"href":"https:\/\/www.auditionsolidarite.org\/fr\/wp-json\/wp\/v2\/pages\/1074"}],"collection":[{"href":"https:\/\/www.auditionsolidarite.org\/fr\/wp-json\/wp\/v2\/pages"}],"about":[{"href":"https:\/\/www.auditionsolidarite.org\/fr\/wp-json\/wp\/v2\/types\/page"}],"author":[{"embeddable":true,"href":"https:\/\/www.auditionsolidarite.org\/fr\/wp-json\/wp\/v2\/users\/10"}],"replies":[{"embeddable":true,"href":"https:\/\/www.auditionsolidarite.org\/fr\/wp-json\/wp\/v2\/comments?post=1074"}],"version-history":[{"count":35,"href":"https:\/\/www.auditionsolidarite.org\/fr\/wp-json\/wp\/v2\/pages\/1074\/revisions"}],"predecessor-version":[{"id":10563,"href":"https:\/\/www.auditionsolidarite.org\/fr\/wp-json\/wp\/v2\/pages\/1074\/revisions\/10563"}],"wp:attachment":[{"href":"https:\/\/www.auditionsolidarite.org\/fr\/wp-json\/wp\/v2\/media?parent=1074"}],"curies":[{"name":"wp","href":"https:\/\/api.w.org\/{rel}","templated":true}]}}