{"id":1072,"date":"2015-07-28T08:49:22","date_gmt":"2015-07-28T07:49:22","guid":{"rendered":"http:\/\/www.auditionsolidarite.int\/?page_id=1072"},"modified":"2025-12-03T11:42:49","modified_gmt":"2025-12-03T10:42:49","slug":"notre-derniere-mission-marseille","status":"publish","type":"page","link":"https:\/\/www.auditionsolidarite.org\/fr\/notre-derniere-mission-marseille\/","title":{"rendered":"Notre derni\u00e8re mission Marseille"},"content":{"rendered":"<strong data-olk-copy-source=\"MessageBody\">Mission du 7 &amp; 8 octobre 2025 : <\/strong><strong data-olk-copy-source=\"MessageBody\">affluence record pour cette 16\u00e8me mission &#8220;Audition&#8221; \u00e0 Marseille \u00a0?\u00a0<\/strong><\/p>\n<p><strong>128<\/strong> personnes accueillies sur ces deux journ\u00e9es intenses de mission \u00e0 l&#8217;Espace Entre 2 Murs, soit une augmentation de 62% par rapport \u00e0 notre dernier passage il y a 6 mois. Bravo et merci aux acteurs sociaux et professionnels de sant\u00e9 qui se sont une fois de plus mobilis\u00e9s pour informer, inscrire et parfois m\u00eame accompagner les b\u00e9n\u00e9ficiaires !<\/p>\n<p>&nbsp;<\/p>\n<p>Une bonne audition permet \u00e0 ces personnes aux parcours de vie souvent difficiles de garder ce pr\u00e9cieux lien social.<\/p>\n<p>&nbsp;<\/p>\n<p>Ces personnes ne doivent pas retomber dans le silence. C\u2019est pourquoi il est important de revenir nous voir sur chaque mission.<\/p>\n<p><img loading=\"lazy\" decoding=\"async\" class=\"aligncenter wp-image-10658\" src=\"\/\/www.auditionsolidarite.org\/wp-content\/uploads\/2025\/10\/sFZ0bG6kRJNM.jpg\" alt=\"\" width=\"947\" height=\"250\" srcset=\"https:\/\/www.auditionsolidarite.org\/wp-content\/uploads\/2025\/10\/sFZ0bG6kRJNM.jpg 947w, https:\/\/www.auditionsolidarite.org\/wp-content\/uploads\/2025\/10\/sFZ0bG6kRJNM-300x79.jpg 300w, https:\/\/www.auditionsolidarite.org\/wp-content\/uploads\/2025\/10\/sFZ0bG6kRJNM-768x203.jpg 768w\" sizes=\"(max-width: 947px) 100vw, 947px\" \/><\/p>\n<p><strong>Le r\u00e9sum\u00e9 de ces 2 jours de mission\u00a0:<\/strong><\/p>\n<ul>\n<li>128 personnes d\u00e9munies accueillies<\/li>\n<li>38 personnes appareill\u00e9es<\/li>\n<li>73 appareils auditifs adapt\u00e9s<\/li>\n<\/ul>\n<p>&nbsp;<\/p>\n<p>Merci \u00e0 nos m\u00e9c\u00e8nes et aux Fondations Krys, Tolot, Veolia et \u00e0 A\u00e9sio Mutuelle pour leur pr\u00e9cieux soutien \u2764\ufe0f<b><br \/>\n<\/b><b>\u00a0<\/b><b><br \/>\n<\/b>Merci aux audioproth\u00e9sistes : <span data-olk-copy-source=\"MessageBody\">St\u00e9phane Gratien, Anne-Laure Babaud, Pierre Cuillery, J\u00e9r\u00f4me Jilliot et Alexis Dubois<\/span><\/p>\n<p>Merci \u00e0 l\u2019ORL : <span data-olk-copy-source=\"MessageBody\"> Luc Moulonguet<\/span><\/p>\n<p>Merci au fabricant d&#8217;embouts : <span data-olk-copy-source=\"MessageBody\">Julien Bartoli<\/span><\/p>\n<p>Merci \u00e0 l&#8217;orthophoniste : Fran\u00e7oise Girard<br \/>\nMerci pour le secr\u00e9tariat \u00e0 <span data-olk-copy-source=\"MessageBody\">Eve-Marie Jouberteix<\/span><\/p>\n<p>&nbsp;<\/p>\n<p><b>\ud83d\udd1c <\/b>Nous vous donnons d\u00e9j\u00e0 rendez-vous les 7 et 8 octobre 2025 \u00e0 l\u2019Espace Entre 2 Murs, 318 rue Saint-Pierre 13005 Marseille sous, nous l\u2019esp\u00e9rons, un grand ciel bleu : <b><a href=\"https:\/\/forms.gle\/yQtLpX1y6S9hdyyS6\">Inscriptions<\/a><br \/>\n<\/b><\/p>\n<p>&nbsp;<\/p>\n<p style=\"text-align: center;\">T\u00e9moignages de l&#8217;\u00e9quipe<\/p>\n<p style=\"text-align: center;\"><iframe loading=\"lazy\" title=\"YouTube video player\" src=\"https:\/\/www.youtube-nocookie.com\/embed\/Kbxl0ni_Vgg?si=ZyADwuI_TBIt4jo8\" width=\"560\" height=\"315\" frameborder=\"0\" allowfullscreen=\"allowfullscreen\"><\/iframe><\/p>\n<p>&nbsp;<\/p>\n<p style=\"text-align: center;\"><a href=\"\/\/www.auditionsolidarite.org\/wp-content\/uploads\/2025\/10\/Mission_Marseille_Octobre2025-35-copie.jpg\"><img loading=\"lazy\" decoding=\"async\" class=\"size-full wp-image-10659\" src=\"\/\/www.auditionsolidarite.org\/wp-content\/uploads\/2025\/10\/Mission_Marseille_Octobre2025-35-copie.jpg\" alt=\"\" width=\"800\" height=\"600\" srcset=\"https:\/\/www.auditionsolidarite.org\/wp-content\/uploads\/2025\/10\/Mission_Marseille_Octobre2025-35-copie.jpg 800w, https:\/\/www.auditionsolidarite.org\/wp-content\/uploads\/2025\/10\/Mission_Marseille_Octobre2025-35-copie-300x225.jpg 300w, https:\/\/www.auditionsolidarite.org\/wp-content\/uploads\/2025\/10\/Mission_Marseille_Octobre2025-35-copie-768x576.jpg 768w\" sizes=\"(max-width: 800px) 100vw, 800px\" \/><\/a><\/p>\n<p>&nbsp;","protected":false},"excerpt":{"rendered":"<p>Mission du 7 &amp; 8 octobre 2025 : affluence record pour cette 16\u00e8me mission &#8220;Audition&#8221; \u00e0 Marseille \u00a0?\u00a0 128 personnes accueillies sur ces deux journ\u00e9es intenses de mission \u00e0 l&#8217;Espace Entre 2 Murs, soit une augmentation de 62% par rapport \u00e0 notre dernier passage il y a 6 mois. Bravo et merci aux acteurs sociaux et professionnels de sant\u00e9 qui<\/p>\n","protected":false},"author":10,"featured_media":0,"parent":0,"menu_order":0,"comment_status":"closed","ping_status":"closed","template":"","meta":{"footnotes":""},"acf":[],"yoast_head":"<!-- This site is optimized with the Yoast SEO plugin v21.9.1 - https:\/\/yoast.com\/wordpress\/plugins\/seo\/ -->\n<title>Notre derni\u00e8re mission Marseille - AuditionSolidarit\u00e9<\/title>\n<meta name=\"robots\" content=\"index, follow, max-snippet:-1, max-image-preview:large, max-video-preview:-1\" \/>\n<link rel=\"canonical\" href=\"https:\/\/www.auditionsolidarite.org\/fr\/notre-derniere-mission-marseille\/\" \/>\n<meta property=\"og:locale\" content=\"fr_FR\" \/>\n<meta property=\"og:type\" content=\"article\" \/>\n<meta property=\"og:title\" content=\"Notre derni\u00e8re mission Marseille - AuditionSolidarit\u00e9\" \/>\n<meta property=\"og:description\" content=\"Mission du 7 &amp; 8 octobre 2025 : affluence record pour cette 16\u00e8me mission &#8220;Audition&#8221; \u00e0 Marseille \u00a0?\u00a0 128 personnes accueillies sur ces deux journ\u00e9es intenses de mission \u00e0 l&#8217;Espace Entre 2 Murs, soit une augmentation de 62% par rapport \u00e0 notre dernier passage il y a 6 mois. Bravo et merci aux acteurs sociaux et professionnels de sant\u00e9 qui\" \/>\n<meta property=\"og:url\" content=\"https:\/\/www.auditionsolidarite.org\/fr\/notre-derniere-mission-marseille\/\" \/>\n<meta property=\"og:site_name\" content=\"AuditionSolidarit\u00e9\" \/>\n<meta property=\"article:modified_time\" content=\"2025-12-03T10:42:49+00:00\" \/>\n<meta property=\"og:image\" content=\"https:\/\/www.auditionsolidarite.org\/wp-content\/uploads\/2015\/07\/logo-audition-solidarite-e1446132259721.png\" \/>\n\t<meta property=\"og:image:width\" content=\"600\" \/>\n\t<meta property=\"og:image:height\" content=\"593\" \/>\n\t<meta property=\"og:image:type\" content=\"image\/png\" \/>\n<meta name=\"twitter:card\" content=\"summary_large_image\" \/>\n<meta name=\"twitter:label1\" content=\"Dur\u00e9e de lecture estim\u00e9e\" \/>\n\t<meta name=\"twitter:data1\" content=\"2 minutes\" \/>\n<script type=\"application\/ld+json\" class=\"yoast-schema-graph\">{\"@context\":\"https:\/\/schema.org\",\"@graph\":[{\"@type\":\"WebPage\",\"@id\":\"https:\/\/www.auditionsolidarite.org\/fr\/notre-derniere-mission-marseille\/\",\"url\":\"https:\/\/www.auditionsolidarite.org\/fr\/notre-derniere-mission-marseille\/\",\"name\":\"Notre derni\u00e8re mission Marseille - AuditionSolidarit\u00e9\",\"isPartOf\":{\"@id\":\"https:\/\/www.auditionsolidarite.org\/fr\/#website\"},\"datePublished\":\"2015-07-28T07:49:22+00:00\",\"dateModified\":\"2025-12-03T10:42:49+00:00\",\"breadcrumb\":{\"@id\":\"https:\/\/www.auditionsolidarite.org\/fr\/notre-derniere-mission-marseille\/#breadcrumb\"},\"inLanguage\":\"fr-FR\",\"potentialAction\":[{\"@type\":\"ReadAction\",\"target\":[[\"https:\/\/www.auditionsolidarite.org\/fr\/notre-derniere-mission-marseille\/\"]]}]},{\"@type\":\"BreadcrumbList\",\"@id\":\"https:\/\/www.auditionsolidarite.org\/fr\/notre-derniere-mission-marseille\/#breadcrumb\",\"itemListElement\":[{\"@type\":\"ListItem\",\"position\":1,\"name\":\"Accueil\",\"item\":\"https:\/\/www.auditionsolidarite.org\/fr\/\"},{\"@type\":\"ListItem\",\"position\":2,\"name\":\"Notre derni\u00e8re mission Marseille\"}]},{\"@type\":\"WebSite\",\"@id\":\"https:\/\/www.auditionsolidarite.org\/fr\/#website\",\"url\":\"https:\/\/www.auditionsolidarite.org\/fr\/\",\"name\":\"AuditionSolidarit\u00e9\",\"description\":\"Le hasard n&#039;existe pas ! Si vous \u00eates l\u00e0 aujourd&#039;hui, c&#039;est que le monde de l&#039;audition vous touche... Alors merci d&#039;\u00eatre l\u00e0 !\",\"publisher\":{\"@id\":\"https:\/\/www.auditionsolidarite.org\/fr\/#organization\"},\"potentialAction\":[{\"@type\":\"SearchAction\",\"target\":{\"@type\":\"EntryPoint\",\"urlTemplate\":\"https:\/\/www.auditionsolidarite.org\/fr\/?s={search_term_string}\"},\"query-input\":\"required name=search_term_string\"}],\"inLanguage\":\"fr-FR\"},{\"@type\":\"Organization\",\"@id\":\"https:\/\/www.auditionsolidarite.org\/fr\/#organization\",\"name\":\"AuditionSolidarit\u00e9\",\"url\":\"https:\/\/www.auditionsolidarite.org\/fr\/\",\"logo\":{\"@type\":\"ImageObject\",\"inLanguage\":\"fr-FR\",\"@id\":\"https:\/\/www.auditionsolidarite.org\/fr\/#\/schema\/logo\/image\/\",\"url\":\"https:\/\/www.auditionsolidarite.org\/wp-content\/uploads\/2015\/07\/logo-audition-solidarite-e1446132259721.png\",\"contentUrl\":\"https:\/\/www.auditionsolidarite.org\/wp-content\/uploads\/2015\/07\/logo-audition-solidarite-e1446132259721.png\",\"width\":600,\"height\":593,\"caption\":\"AuditionSolidarit\u00e9\"},\"image\":{\"@id\":\"https:\/\/www.auditionsolidarite.org\/fr\/#\/schema\/logo\/image\/\"}}]}<\/script>\n<!-- \/ Yoast SEO plugin. -->","yoast_head_json":{"title":"Notre derni\u00e8re mission Marseille - AuditionSolidarit\u00e9","robots":{"index":"index","follow":"follow","max-snippet":"max-snippet:-1","max-image-preview":"max-image-preview:large","max-video-preview":"max-video-preview:-1"},"canonical":"https:\/\/www.auditionsolidarite.org\/fr\/notre-derniere-mission-marseille\/","og_locale":"fr_FR","og_type":"article","og_title":"Notre derni\u00e8re mission Marseille - AuditionSolidarit\u00e9","og_description":"Mission du 7 &amp; 8 octobre 2025 : affluence record pour cette 16\u00e8me mission &#8220;Audition&#8221; \u00e0 Marseille \u00a0?\u00a0 128 personnes accueillies sur ces deux journ\u00e9es intenses de mission \u00e0 l&#8217;Espace Entre 2 Murs, soit une augmentation de 62% par rapport \u00e0 notre dernier passage il y a 6 mois. Bravo et merci aux acteurs sociaux et professionnels de sant\u00e9 qui","og_url":"https:\/\/www.auditionsolidarite.org\/fr\/notre-derniere-mission-marseille\/","og_site_name":"AuditionSolidarit\u00e9","article_modified_time":"2025-12-03T10:42:49+00:00","og_image":[{"width":600,"height":593,"url":"https:\/\/www.auditionsolidarite.org\/wp-content\/uploads\/2015\/07\/logo-audition-solidarite-e1446132259721.png","type":"image\/png"}],"twitter_card":"summary_large_image","twitter_misc":{"Dur\u00e9e de lecture estim\u00e9e":"2 minutes"},"schema":{"@context":"https:\/\/schema.org","@graph":[{"@type":"WebPage","@id":"https:\/\/www.auditionsolidarite.org\/fr\/notre-derniere-mission-marseille\/","url":"https:\/\/www.auditionsolidarite.org\/fr\/notre-derniere-mission-marseille\/","name":"Notre derni\u00e8re mission Marseille - AuditionSolidarit\u00e9","isPartOf":{"@id":"https:\/\/www.auditionsolidarite.org\/fr\/#website"},"datePublished":"2015-07-28T07:49:22+00:00","dateModified":"2025-12-03T10:42:49+00:00","breadcrumb":{"@id":"https:\/\/www.auditionsolidarite.org\/fr\/notre-derniere-mission-marseille\/#breadcrumb"},"inLanguage":"fr-FR","potentialAction":[{"@type":"ReadAction","target":[["https:\/\/www.auditionsolidarite.org\/fr\/notre-derniere-mission-marseille\/"]]}]},{"@type":"BreadcrumbList","@id":"https:\/\/www.auditionsolidarite.org\/fr\/notre-derniere-mission-marseille\/#breadcrumb","itemListElement":[{"@type":"ListItem","position":1,"name":"Accueil","item":"https:\/\/www.auditionsolidarite.org\/fr\/"},{"@type":"ListItem","position":2,"name":"Notre derni\u00e8re mission Marseille"}]},{"@type":"WebSite","@id":"https:\/\/www.auditionsolidarite.org\/fr\/#website","url":"https:\/\/www.auditionsolidarite.org\/fr\/","name":"AuditionSolidarit\u00e9","description":"Le hasard n&#039;existe pas ! Si vous \u00eates l\u00e0 aujourd&#039;hui, c&#039;est que le monde de l&#039;audition vous touche... Alors merci d&#039;\u00eatre l\u00e0 !","publisher":{"@id":"https:\/\/www.auditionsolidarite.org\/fr\/#organization"},"potentialAction":[{"@type":"SearchAction","target":{"@type":"EntryPoint","urlTemplate":"https:\/\/www.auditionsolidarite.org\/fr\/?s={search_term_string}"},"query-input":"required name=search_term_string"}],"inLanguage":"fr-FR"},{"@type":"Organization","@id":"https:\/\/www.auditionsolidarite.org\/fr\/#organization","name":"AuditionSolidarit\u00e9","url":"https:\/\/www.auditionsolidarite.org\/fr\/","logo":{"@type":"ImageObject","inLanguage":"fr-FR","@id":"https:\/\/www.auditionsolidarite.org\/fr\/#\/schema\/logo\/image\/","url":"https:\/\/www.auditionsolidarite.org\/wp-content\/uploads\/2015\/07\/logo-audition-solidarite-e1446132259721.png","contentUrl":"https:\/\/www.auditionsolidarite.org\/wp-content\/uploads\/2015\/07\/logo-audition-solidarite-e1446132259721.png","width":600,"height":593,"caption":"AuditionSolidarit\u00e9"},"image":{"@id":"https:\/\/www.auditionsolidarite.org\/fr\/#\/schema\/logo\/image\/"}}]}},"_links":{"self":[{"href":"https:\/\/www.auditionsolidarite.org\/fr\/wp-json\/wp\/v2\/pages\/1072"}],"collection":[{"href":"https:\/\/www.auditionsolidarite.org\/fr\/wp-json\/wp\/v2\/pages"}],"about":[{"href":"https:\/\/www.auditionsolidarite.org\/fr\/wp-json\/wp\/v2\/types\/page"}],"author":[{"embeddable":true,"href":"https:\/\/www.auditionsolidarite.org\/fr\/wp-json\/wp\/v2\/users\/10"}],"replies":[{"embeddable":true,"href":"https:\/\/www.auditionsolidarite.org\/fr\/wp-json\/wp\/v2\/comments?post=1072"}],"version-history":[{"count":28,"href":"https:\/\/www.auditionsolidarite.org\/fr\/wp-json\/wp\/v2\/pages\/1072\/revisions"}],"predecessor-version":[{"id":10694,"href":"https:\/\/www.auditionsolidarite.org\/fr\/wp-json\/wp\/v2\/pages\/1072\/revisions\/10694"}],"wp:attachment":[{"href":"https:\/\/www.auditionsolidarite.org\/fr\/wp-json\/wp\/v2\/media?parent=1072"}],"curies":[{"name":"wp","href":"https:\/\/api.w.org\/{rel}","templated":true}]}}