{"id":1066,"date":"2015-07-28T08:48:22","date_gmt":"2015-07-28T07:48:22","guid":{"rendered":"http:\/\/www.auditionsolidarite.int\/?page_id=1066"},"modified":"2018-05-16T09:28:47","modified_gmt":"2018-05-16T08:28:47","slug":"nos-mecenes","status":"publish","type":"page","link":"https:\/\/www.auditionsolidarite.org\/fr\/nos-mecenes\/","title":{"rendered":"Nos m\u00e9c\u00e8nes"},"content":{"rendered":"&nbsp;<br \/>\n&nbsp;<br \/>\n&nbsp;<\/p>\n<div class=\"su-row\">\n<div class=\"su-column su-column-size-1-6\"><div class=\"su-column-inner su-u-clearfix su-u-trim\">\n<p><a href=\"?p=54\"><img loading=\"lazy\" decoding=\"async\" class=\" wp-image-6104 size-full aligncenter\" src=\"\/wp-content\/uploads\/2018\/05\/bouton_mecenes_audio.jpg\" alt=\"Audioproth\u00e9sistes\" width=\"130\" height=\"101\" \/><\/a><\/p>\n<\/div><\/div>\n<div class=\"su-column su-column-size-1-6\"><div class=\"su-column-inner su-u-clearfix su-u-trim\">\n<p><a href=\"?p=6024\"><img loading=\"lazy\" decoding=\"async\" class=\" wp-image-6109 size-full aligncenter\" src=\"\/wp-content\/uploads\/2018\/05\/bouton_mecenes_orl.jpg\" alt=\"ORL et Orthophonistes\" width=\"130\" height=\"101\" \/><\/a><\/p>\n<\/div><\/div>\n<div class=\"su-column su-column-size-1-6\"><div class=\"su-column-inner su-u-clearfix su-u-trim\">\n<p><a href=\"?p=60\"><img loading=\"lazy\" decoding=\"async\" class=\" wp-image-6106 size-full aligncenter\" src=\"\/wp-content\/uploads\/2018\/05\/bouton_mecenes_institutions.jpg\" alt=\"Institutions et Fondations\" width=\"130\" height=\"101\" \/><\/a><\/p>\n<\/div><\/div>\n<div class=\"su-column su-column-size-1-6\"><div class=\"su-column-inner su-u-clearfix su-u-trim\">\n<p><a href=\"?p=58\"><img loading=\"lazy\" decoding=\"async\" class=\" wp-image-6107 size-full aligncenter\" src=\"\/wp-content\/uploads\/2018\/05\/bouton_mecenes_monde.jpg\" alt=\"Autres mondes\" width=\"130\" height=\"101\" \/><\/a><\/p>\n<\/div><\/div>\n<div class=\"su-column su-column-size-1-6\"><div class=\"su-column-inner su-u-clearfix su-u-trim\">\n<p><a href=\"?p=6026\"><img loading=\"lazy\" decoding=\"async\" class=\" wp-image-6108 size-full aligncenter\" src=\"\/wp-content\/uploads\/2018\/05\/bouton_mecenes_musique.jpg\" alt=\"Monde de la Musique\" width=\"130\" height=\"101\" \/><\/a><\/p>\n<\/div><\/div>\n<div class=\"su-column su-column-size-1-6\"><div class=\"su-column-inner su-u-clearfix su-u-trim\">\n<p><a href=\"?p=56\"><img loading=\"lazy\" decoding=\"async\" class=\" wp-image-6105 size-full aligncenter\" src=\"\/wp-content\/uploads\/2018\/05\/bouton_mecenes_groupement.jpg\" alt=\"Groupements et Fournisseurs\" width=\"130\" height=\"101\" \/><\/a><\/p>\n<\/div><\/div>\n<\/div>\n<p>&nbsp;<br \/>\n&nbsp;<br \/>\n&nbsp;<\/p>\n<h6 style=\"text-align: center;\">Tous ensemble, ils \u0153uvrent pour la m\u00eame cause, venez les rejoindre &#8230;<\/h6>\n<p><a href=\"?p=108\"><img loading=\"lazy\" decoding=\"async\" class=\"aligncenter wp-image-1121 size-medium\" src=\"\/wp-content\/uploads\/2015\/07\/button-devenezmecene-300x74.jpg\" alt=\"et vous ? Devenez m\u00e9c\u00e8nes !\" width=\"300\" height=\"74\" srcset=\"https:\/\/www.auditionsolidarite.org\/wp-content\/uploads\/2015\/07\/button-devenezmecene-300x74.jpg 300w, https:\/\/www.auditionsolidarite.org\/wp-content\/uploads\/2015\/07\/button-devenezmecene.jpg 350w\" sizes=\"(max-width: 300px) 100vw, 300px\" \/><\/a>","protected":false},"excerpt":{"rendered":"<p>&nbsp; &nbsp; &nbsp; &nbsp; &nbsp; &nbsp; Tous ensemble, ils \u0153uvrent pour la m\u00eame cause, venez les rejoindre &#8230;<\/p>\n","protected":false},"author":10,"featured_media":0,"parent":0,"menu_order":0,"comment_status":"closed","ping_status":"closed","template":"","meta":{"footnotes":""},"acf":[],"yoast_head":"<!-- This site is optimized with the Yoast SEO plugin v21.9.1 - https:\/\/yoast.com\/wordpress\/plugins\/seo\/ -->\n<title>Nos m\u00e9c\u00e8nes - AuditionSolidarit\u00e9<\/title>\n<meta name=\"robots\" content=\"index, follow, max-snippet:-1, max-image-preview:large, max-video-preview:-1\" \/>\n<link rel=\"canonical\" href=\"https:\/\/www.auditionsolidarite.org\/fr\/nos-mecenes\/\" \/>\n<meta property=\"og:locale\" content=\"fr_FR\" \/>\n<meta property=\"og:type\" content=\"article\" \/>\n<meta property=\"og:title\" content=\"Nos m\u00e9c\u00e8nes - AuditionSolidarit\u00e9\" \/>\n<meta property=\"og:description\" content=\"&nbsp; &nbsp; &nbsp; &nbsp; &nbsp; &nbsp; Tous ensemble, ils \u0153uvrent pour la m\u00eame cause, venez les rejoindre &#8230;\" \/>\n<meta property=\"og:url\" content=\"https:\/\/www.auditionsolidarite.org\/fr\/nos-mecenes\/\" \/>\n<meta property=\"og:site_name\" content=\"AuditionSolidarit\u00e9\" \/>\n<meta property=\"article:modified_time\" content=\"2018-05-16T08:28:47+00:00\" \/>\n<meta property=\"og:image\" content=\"https:\/\/www.auditionsolidarite.org\/wp-content\/uploads\/2015\/07\/logo-audition-solidarite-e1446132259721.png\" \/>\n\t<meta property=\"og:image:width\" content=\"600\" \/>\n\t<meta property=\"og:image:height\" content=\"593\" \/>\n\t<meta property=\"og:image:type\" content=\"image\/png\" \/>\n<meta name=\"twitter:card\" content=\"summary_large_image\" \/>\n<script type=\"application\/ld+json\" class=\"yoast-schema-graph\">{\"@context\":\"https:\/\/schema.org\",\"@graph\":[{\"@type\":\"WebPage\",\"@id\":\"https:\/\/www.auditionsolidarite.org\/fr\/nos-mecenes\/\",\"url\":\"https:\/\/www.auditionsolidarite.org\/fr\/nos-mecenes\/\",\"name\":\"Nos m\u00e9c\u00e8nes - AuditionSolidarit\u00e9\",\"isPartOf\":{\"@id\":\"https:\/\/www.auditionsolidarite.org\/fr\/#website\"},\"datePublished\":\"2015-07-28T07:48:22+00:00\",\"dateModified\":\"2018-05-16T08:28:47+00:00\",\"breadcrumb\":{\"@id\":\"https:\/\/www.auditionsolidarite.org\/fr\/nos-mecenes\/#breadcrumb\"},\"inLanguage\":\"fr-FR\",\"potentialAction\":[{\"@type\":\"ReadAction\",\"target\":[[\"https:\/\/www.auditionsolidarite.org\/fr\/nos-mecenes\/\"]]}]},{\"@type\":\"BreadcrumbList\",\"@id\":\"https:\/\/www.auditionsolidarite.org\/fr\/nos-mecenes\/#breadcrumb\",\"itemListElement\":[{\"@type\":\"ListItem\",\"position\":1,\"name\":\"Accueil\",\"item\":\"https:\/\/www.auditionsolidarite.org\/fr\/\"},{\"@type\":\"ListItem\",\"position\":2,\"name\":\"Nos m\u00e9c\u00e8nes\"}]},{\"@type\":\"WebSite\",\"@id\":\"https:\/\/www.auditionsolidarite.org\/fr\/#website\",\"url\":\"https:\/\/www.auditionsolidarite.org\/fr\/\",\"name\":\"AuditionSolidarit\u00e9\",\"description\":\"Le hasard n&#039;existe pas ! Si vous \u00eates l\u00e0 aujourd&#039;hui, c&#039;est que le monde de l&#039;audition vous touche... Alors merci d&#039;\u00eatre l\u00e0 !\",\"publisher\":{\"@id\":\"https:\/\/www.auditionsolidarite.org\/fr\/#organization\"},\"potentialAction\":[{\"@type\":\"SearchAction\",\"target\":{\"@type\":\"EntryPoint\",\"urlTemplate\":\"https:\/\/www.auditionsolidarite.org\/fr\/?s={search_term_string}\"},\"query-input\":\"required name=search_term_string\"}],\"inLanguage\":\"fr-FR\"},{\"@type\":\"Organization\",\"@id\":\"https:\/\/www.auditionsolidarite.org\/fr\/#organization\",\"name\":\"AuditionSolidarit\u00e9\",\"url\":\"https:\/\/www.auditionsolidarite.org\/fr\/\",\"logo\":{\"@type\":\"ImageObject\",\"inLanguage\":\"fr-FR\",\"@id\":\"https:\/\/www.auditionsolidarite.org\/fr\/#\/schema\/logo\/image\/\",\"url\":\"https:\/\/www.auditionsolidarite.org\/wp-content\/uploads\/2015\/07\/logo-audition-solidarite-e1446132259721.png\",\"contentUrl\":\"https:\/\/www.auditionsolidarite.org\/wp-content\/uploads\/2015\/07\/logo-audition-solidarite-e1446132259721.png\",\"width\":600,\"height\":593,\"caption\":\"AuditionSolidarit\u00e9\"},\"image\":{\"@id\":\"https:\/\/www.auditionsolidarite.org\/fr\/#\/schema\/logo\/image\/\"}}]}<\/script>\n<!-- \/ Yoast SEO plugin. -->","yoast_head_json":{"title":"Nos m\u00e9c\u00e8nes - AuditionSolidarit\u00e9","robots":{"index":"index","follow":"follow","max-snippet":"max-snippet:-1","max-image-preview":"max-image-preview:large","max-video-preview":"max-video-preview:-1"},"canonical":"https:\/\/www.auditionsolidarite.org\/fr\/nos-mecenes\/","og_locale":"fr_FR","og_type":"article","og_title":"Nos m\u00e9c\u00e8nes - AuditionSolidarit\u00e9","og_description":"&nbsp; &nbsp; &nbsp; &nbsp; &nbsp; &nbsp; Tous ensemble, ils \u0153uvrent pour la m\u00eame cause, venez les rejoindre &#8230;","og_url":"https:\/\/www.auditionsolidarite.org\/fr\/nos-mecenes\/","og_site_name":"AuditionSolidarit\u00e9","article_modified_time":"2018-05-16T08:28:47+00:00","og_image":[{"width":600,"height":593,"url":"https:\/\/www.auditionsolidarite.org\/wp-content\/uploads\/2015\/07\/logo-audition-solidarite-e1446132259721.png","type":"image\/png"}],"twitter_card":"summary_large_image","schema":{"@context":"https:\/\/schema.org","@graph":[{"@type":"WebPage","@id":"https:\/\/www.auditionsolidarite.org\/fr\/nos-mecenes\/","url":"https:\/\/www.auditionsolidarite.org\/fr\/nos-mecenes\/","name":"Nos m\u00e9c\u00e8nes - AuditionSolidarit\u00e9","isPartOf":{"@id":"https:\/\/www.auditionsolidarite.org\/fr\/#website"},"datePublished":"2015-07-28T07:48:22+00:00","dateModified":"2018-05-16T08:28:47+00:00","breadcrumb":{"@id":"https:\/\/www.auditionsolidarite.org\/fr\/nos-mecenes\/#breadcrumb"},"inLanguage":"fr-FR","potentialAction":[{"@type":"ReadAction","target":[["https:\/\/www.auditionsolidarite.org\/fr\/nos-mecenes\/"]]}]},{"@type":"BreadcrumbList","@id":"https:\/\/www.auditionsolidarite.org\/fr\/nos-mecenes\/#breadcrumb","itemListElement":[{"@type":"ListItem","position":1,"name":"Accueil","item":"https:\/\/www.auditionsolidarite.org\/fr\/"},{"@type":"ListItem","position":2,"name":"Nos m\u00e9c\u00e8nes"}]},{"@type":"WebSite","@id":"https:\/\/www.auditionsolidarite.org\/fr\/#website","url":"https:\/\/www.auditionsolidarite.org\/fr\/","name":"AuditionSolidarit\u00e9","description":"Le hasard n&#039;existe pas ! Si vous \u00eates l\u00e0 aujourd&#039;hui, c&#039;est que le monde de l&#039;audition vous touche... Alors merci d&#039;\u00eatre l\u00e0 !","publisher":{"@id":"https:\/\/www.auditionsolidarite.org\/fr\/#organization"},"potentialAction":[{"@type":"SearchAction","target":{"@type":"EntryPoint","urlTemplate":"https:\/\/www.auditionsolidarite.org\/fr\/?s={search_term_string}"},"query-input":"required name=search_term_string"}],"inLanguage":"fr-FR"},{"@type":"Organization","@id":"https:\/\/www.auditionsolidarite.org\/fr\/#organization","name":"AuditionSolidarit\u00e9","url":"https:\/\/www.auditionsolidarite.org\/fr\/","logo":{"@type":"ImageObject","inLanguage":"fr-FR","@id":"https:\/\/www.auditionsolidarite.org\/fr\/#\/schema\/logo\/image\/","url":"https:\/\/www.auditionsolidarite.org\/wp-content\/uploads\/2015\/07\/logo-audition-solidarite-e1446132259721.png","contentUrl":"https:\/\/www.auditionsolidarite.org\/wp-content\/uploads\/2015\/07\/logo-audition-solidarite-e1446132259721.png","width":600,"height":593,"caption":"AuditionSolidarit\u00e9"},"image":{"@id":"https:\/\/www.auditionsolidarite.org\/fr\/#\/schema\/logo\/image\/"}}]}},"_links":{"self":[{"href":"https:\/\/www.auditionsolidarite.org\/fr\/wp-json\/wp\/v2\/pages\/1066"}],"collection":[{"href":"https:\/\/www.auditionsolidarite.org\/fr\/wp-json\/wp\/v2\/pages"}],"about":[{"href":"https:\/\/www.auditionsolidarite.org\/fr\/wp-json\/wp\/v2\/types\/page"}],"author":[{"embeddable":true,"href":"https:\/\/www.auditionsolidarite.org\/fr\/wp-json\/wp\/v2\/users\/10"}],"replies":[{"embeddable":true,"href":"https:\/\/www.auditionsolidarite.org\/fr\/wp-json\/wp\/v2\/comments?post=1066"}],"version-history":[{"count":3,"href":"https:\/\/www.auditionsolidarite.org\/fr\/wp-json\/wp\/v2\/pages\/1066\/revisions"}],"predecessor-version":[{"id":6110,"href":"https:\/\/www.auditionsolidarite.org\/fr\/wp-json\/wp\/v2\/pages\/1066\/revisions\/6110"}],"wp:attachment":[{"href":"https:\/\/www.auditionsolidarite.org\/fr\/wp-json\/wp\/v2\/media?parent=1066"}],"curies":[{"name":"wp","href":"https:\/\/api.w.org\/{rel}","templated":true}]}}