{"id":10467,"date":"2025-05-06T13:12:27","date_gmt":"2025-05-06T12:12:27","guid":{"rendered":"https:\/\/www.auditionsolidarite.org\/?page_id=10467"},"modified":"2025-05-06T13:12:27","modified_gmt":"2025-05-06T12:12:27","slug":"mission-humanitaire-au-vietnam-bien-hoa-2024","status":"publish","type":"page","link":"https:\/\/www.auditionsolidarite.org\/fr\/mission-humanitaire-au-vietnam-bien-hoa-2024\/","title":{"rendered":"Mission Humanitaire au Vietnam \u2013 Bi\u00ean H\u00f2a 2024"},"content":{"rendered":"<strong>31 octobre au 8 novembre 2024 : 6\u00e8me mission au Vietnam, AuditionSolidarit\u00e9 rentre l\u2019esprit serein<br \/>\n<\/strong><\/p>\n<p>&nbsp;<\/p>\n<p>Pour ce sixi\u00e8me passage d\u2019AuditionSolidarit\u00e9 en terre vietnamienne, l\u2019objectif de la mission pouvait se r\u00e9sumer en un mot : l\u2019autonomie. Cette mission marque la fin d\u2019un second cycle d\u2019accompagnement et laisse place maintenant \u00e0 une p\u00e9riode d\u2019autonomie de plusieurs ann\u00e9es pour les deux \u00e9coles engag\u00e9es dans ce projet, celle de Hoa Lan situ\u00e9e \u00e0 Bi\u00ean H\u00f2a et regroupant 100 enfants et celle de M\u1ef9 Tho de la province voisine de Ti\u1ec1n Giang regroupant 75 enfants.<\/p>\n<p>&nbsp;<\/p>\n<p>Durant ces 7 jours intensifs de mission, tout en accueillant les 175 enfants pour un contr\u00f4le, un changement d\u2019appareil ou un premier appareillage, les 15 professionnels fran\u00e7ais ont peaufin\u00e9 les formations initi\u00e9es d\u00e8s 2015 aupr\u00e8s des religieuses qui g\u00e8rent ces \u00e9coles et travaillent quotidiennement avec les enfants.<\/p>\n<p>&nbsp;<\/p>\n<p><strong>Le mot de la pr\u00e9sidente :<\/strong><\/p>\n<blockquote><p>Nous rentrons de cette mission l\u2019esprit serein. Les enfants ont fait d\u2019\u00e9normes progr\u00e8s depuis que nous les suivons, beaucoup d\u2019entre eux oralisent, c\u2019est magnifique.<\/p><\/blockquote>\n<blockquote><p>La d\u00e9votion des s\u0153urs pour ces enfants est sans failles, elles mettent tout en \u0153uvre pour les faire progresser et \u00e7a marche\u00a0! Nous sommes vraiment all\u00e9s dans les d\u00e9tails au niveau des formations, elles sont maintenant parfaitement autonomes pour assurer un suivi de grande qualit\u00e9 des appareils auditifs, appareiller les nouveaux \u00e9l\u00e8ves et surtout proposer des s\u00e9ances d\u2019orthophonie tous les jours\u00a0!<\/p><\/blockquote>\n<blockquote><p>Merci \u00e0 tous nos m\u00e9c\u00e8nes, les r\u00e9sultats d\u00e9passent nos esp\u00e9rances et nous restons bien s\u00fbr \u00e0 leur c\u00f4t\u00e9<\/p><\/blockquote>\n<blockquote><p>Christine Bourger, pr\u00e9sidente d&#8217;AuditionSolidarit\u00e9<\/p><\/blockquote>\n<p>&nbsp;<\/p>\n<p><b><b><\/b><b><\/b><b><\/b><\/b><b><b><\/b><\/b><b><\/b><strong><b><\/b>Les chiffres cl\u00e9s\u00a0:<\/strong><\/p>\n<blockquote><p><strong>175 enfants vus \/ 203 appareils auditifs adapt\u00e9s \/ 218 embouts fabriqu\u00e9s \/ 25 s\u0153urs vietnamiennes form\u00e9es<b> <\/b><\/strong><\/p><\/blockquote>\n<p style=\"text-align: left;\"><b><b><b>\u00a0<\/b><\/b><\/b><\/p>\n<p style=\"text-align: center;\">Vid\u00e9o de la mission<\/p>\n<p style=\"text-align: center;\"><iframe loading=\"lazy\" title=\"YouTube video player\" src=\"https:\/\/www.youtube-nocookie.com\/embed\/upn6ACo1QaY?si=uhSyqa7iSr0fQtMH\" width=\"560\" height=\"315\" frameborder=\"0\" allowfullscreen=\"allowfullscreen\"><\/iframe><\/p>\n<p>&nbsp;<\/p>\n<p style=\"text-align: center;\">Interviews<\/p>\n<p style=\"text-align: center;\"><iframe loading=\"lazy\" title=\"YouTube video player\" src=\"https:\/\/www.youtube-nocookie.com\/embed\/ymnzsYW6yNY?si=Ju09dMrs0arG9ah3\" width=\"560\" height=\"315\" frameborder=\"0\" allowfullscreen=\"allowfullscreen\"><\/iframe><\/p>\n<p style=\"text-align: center;\"><b><b>&#8230;&#8230;&#8230;<\/b><\/b><\/p>\n<p>&nbsp;<\/p>\n<p style=\"text-align: center;\">Un grand <strong>MERCI<\/strong> \u00e0 notre formidable \u00e9quipe fran\u00e7aise et \u00e0 l&#8217;\u00e9quipe vietnamienne pour leur gentillesse et leur travail.<b><br \/>\n<\/b><b><br \/>\n<\/b><\/p>\n<p><strong>Merci <\/strong>aux audioproth\u00e9sistes : Georges Ormancey, J\u00e9r\u00f4me Laboux, Lise Bouch\u00e9, Olivier Dupont et Sophie Le Goff<\/p>\n<p><strong>Merci<\/strong> \u00e0 l&#8217;ORL : Sandra Dannappel<\/p>\n<p><strong>Merci<\/strong> aux orthophonistes : Amandine Kotel et Lauren Pham Van<\/p>\n<p><strong>Merci<\/strong> pour la fabrication des embouts \u00e0 Kiki Bourger<\/p>\n<p><strong>Merci<\/strong> pour le secr\u00e9tariat \u00e0 Rachel Patlajean et Blandine Petit<\/p>\n<p><strong>Merci<\/strong> pour les ateliers musicaux \u00e0 Candice Parise<\/p>\n<p><strong>Merci<\/strong> pour La logistique \u00e0 Carole et Adrien<\/p>\n<p>&nbsp;<\/p>\n<p><strong>Merci <\/strong>\u00e0 la fondation Veolia, \u00e0 la fondation Air France, \u00e0 la fondation Gratitude, \u00e0 la fondation Ac\u00f4me, \u00e0 la fondation Lama, \u00e0 l&#8217;association Fleur Blanche et \u00e0 Saigon Accueil pour leur pr\u00e9cieux soutien !<\/p>\n<p>&nbsp;<\/p>\n<p style=\"text-align: left;\"><b><b><\/b><\/b><img loading=\"lazy\" decoding=\"async\" class=\"aligncenter wp-image-10253\" src=\"\/\/www.auditionsolidarite.org\/wp-content\/uploads\/2024\/11\/Vietnam-2024-79.jpg\" alt=\"\" width=\"600\" height=\"450\" srcset=\"https:\/\/www.auditionsolidarite.org\/wp-content\/uploads\/2024\/11\/Vietnam-2024-79.jpg 1000w, https:\/\/www.auditionsolidarite.org\/wp-content\/uploads\/2024\/11\/Vietnam-2024-79-300x225.jpg 300w, https:\/\/www.auditionsolidarite.org\/wp-content\/uploads\/2024\/11\/Vietnam-2024-79-768x576.jpg 768w\" sizes=\"(max-width: 600px) 100vw, 600px\" \/> <img loading=\"lazy\" decoding=\"async\" class=\"aligncenter wp-image-10254\" src=\"\/\/www.auditionsolidarite.org\/wp-content\/uploads\/2024\/11\/Vietnam-2024-198.jpg\" alt=\"\" width=\"600\" height=\"450\" srcset=\"https:\/\/www.auditionsolidarite.org\/wp-content\/uploads\/2024\/11\/Vietnam-2024-198.jpg 1000w, https:\/\/www.auditionsolidarite.org\/wp-content\/uploads\/2024\/11\/Vietnam-2024-198-300x225.jpg 300w, https:\/\/www.auditionsolidarite.org\/wp-content\/uploads\/2024\/11\/Vietnam-2024-198-768x576.jpg 768w\" sizes=\"(max-width: 600px) 100vw, 600px\" \/><\/p>","protected":false},"excerpt":{"rendered":"<p>31 octobre au 8 novembre 2024 : 6\u00e8me mission au Vietnam, AuditionSolidarit\u00e9 rentre l\u2019esprit serein &nbsp; Pour ce sixi\u00e8me passage d\u2019AuditionSolidarit\u00e9 en terre vietnamienne, l\u2019objectif de la mission pouvait se r\u00e9sumer en un mot : l\u2019autonomie. Cette mission marque la fin d\u2019un second cycle d\u2019accompagnement et laisse place maintenant \u00e0 une p\u00e9riode d\u2019autonomie de plusieurs ann\u00e9es pour les deux \u00e9coles<\/p>\n","protected":false},"author":2,"featured_media":0,"parent":0,"menu_order":0,"comment_status":"closed","ping_status":"closed","template":"","meta":{"footnotes":""},"acf":[],"yoast_head":"<!-- This site is optimized with the Yoast SEO plugin v21.9.1 - https:\/\/yoast.com\/wordpress\/plugins\/seo\/ -->\n<title>Mission Humanitaire au Vietnam \u2013 Bi\u00ean H\u00f2a 2024 - AuditionSolidarit\u00e9<\/title>\n<meta name=\"robots\" content=\"index, follow, max-snippet:-1, max-image-preview:large, max-video-preview:-1\" \/>\n<link rel=\"canonical\" href=\"https:\/\/www.auditionsolidarite.org\/fr\/mission-humanitaire-au-vietnam-bien-hoa-2024\/\" \/>\n<meta property=\"og:locale\" content=\"fr_FR\" \/>\n<meta property=\"og:type\" content=\"article\" \/>\n<meta property=\"og:title\" content=\"Mission Humanitaire au Vietnam \u2013 Bi\u00ean H\u00f2a 2024 - AuditionSolidarit\u00e9\" \/>\n<meta property=\"og:description\" content=\"31 octobre au 8 novembre 2024 : 6\u00e8me mission au Vietnam, AuditionSolidarit\u00e9 rentre l\u2019esprit serein &nbsp; Pour ce sixi\u00e8me passage d\u2019AuditionSolidarit\u00e9 en terre vietnamienne, l\u2019objectif de la mission pouvait se r\u00e9sumer en un mot : l\u2019autonomie. Cette mission marque la fin d\u2019un second cycle d\u2019accompagnement et laisse place maintenant \u00e0 une p\u00e9riode d\u2019autonomie de plusieurs ann\u00e9es pour les deux \u00e9coles\" \/>\n<meta property=\"og:url\" content=\"https:\/\/www.auditionsolidarite.org\/fr\/mission-humanitaire-au-vietnam-bien-hoa-2024\/\" \/>\n<meta property=\"og:site_name\" content=\"AuditionSolidarit\u00e9\" \/>\n<meta property=\"og:image\" content=\"https:\/\/www.auditionsolidarite.org\/wp-content\/uploads\/2015\/07\/logo-audition-solidarite-e1446132259721.png\" \/>\n\t<meta property=\"og:image:width\" content=\"600\" \/>\n\t<meta property=\"og:image:height\" content=\"593\" \/>\n\t<meta property=\"og:image:type\" content=\"image\/png\" \/>\n<meta name=\"twitter:card\" content=\"summary_large_image\" \/>\n<meta name=\"twitter:label1\" content=\"Dur\u00e9e de lecture estim\u00e9e\" \/>\n\t<meta name=\"twitter:data1\" content=\"2 minutes\" \/>\n<script type=\"application\/ld+json\" class=\"yoast-schema-graph\">{\"@context\":\"https:\/\/schema.org\",\"@graph\":[{\"@type\":\"WebPage\",\"@id\":\"https:\/\/www.auditionsolidarite.org\/fr\/mission-humanitaire-au-vietnam-bien-hoa-2024\/\",\"url\":\"https:\/\/www.auditionsolidarite.org\/fr\/mission-humanitaire-au-vietnam-bien-hoa-2024\/\",\"name\":\"Mission Humanitaire au Vietnam \u2013 Bi\u00ean H\u00f2a 2024 - AuditionSolidarit\u00e9\",\"isPartOf\":{\"@id\":\"https:\/\/www.auditionsolidarite.org\/fr\/#website\"},\"datePublished\":\"2025-05-06T12:12:27+00:00\",\"dateModified\":\"2025-05-06T12:12:27+00:00\",\"breadcrumb\":{\"@id\":\"https:\/\/www.auditionsolidarite.org\/fr\/mission-humanitaire-au-vietnam-bien-hoa-2024\/#breadcrumb\"},\"inLanguage\":\"fr-FR\",\"potentialAction\":[{\"@type\":\"ReadAction\",\"target\":[[\"https:\/\/www.auditionsolidarite.org\/fr\/mission-humanitaire-au-vietnam-bien-hoa-2024\/\"]]}]},{\"@type\":\"BreadcrumbList\",\"@id\":\"https:\/\/www.auditionsolidarite.org\/fr\/mission-humanitaire-au-vietnam-bien-hoa-2024\/#breadcrumb\",\"itemListElement\":[{\"@type\":\"ListItem\",\"position\":1,\"name\":\"Accueil\",\"item\":\"https:\/\/www.auditionsolidarite.org\/fr\/\"},{\"@type\":\"ListItem\",\"position\":2,\"name\":\"Mission Humanitaire au Vietnam \u2013 Bi\u00ean H\u00f2a 2024\"}]},{\"@type\":\"WebSite\",\"@id\":\"https:\/\/www.auditionsolidarite.org\/fr\/#website\",\"url\":\"https:\/\/www.auditionsolidarite.org\/fr\/\",\"name\":\"AuditionSolidarit\u00e9\",\"description\":\"Le hasard n&#039;existe pas ! Si vous \u00eates l\u00e0 aujourd&#039;hui, c&#039;est que le monde de l&#039;audition vous touche... Alors merci d&#039;\u00eatre l\u00e0 !\",\"publisher\":{\"@id\":\"https:\/\/www.auditionsolidarite.org\/fr\/#organization\"},\"potentialAction\":[{\"@type\":\"SearchAction\",\"target\":{\"@type\":\"EntryPoint\",\"urlTemplate\":\"https:\/\/www.auditionsolidarite.org\/fr\/?s={search_term_string}\"},\"query-input\":\"required name=search_term_string\"}],\"inLanguage\":\"fr-FR\"},{\"@type\":\"Organization\",\"@id\":\"https:\/\/www.auditionsolidarite.org\/fr\/#organization\",\"name\":\"AuditionSolidarit\u00e9\",\"url\":\"https:\/\/www.auditionsolidarite.org\/fr\/\",\"logo\":{\"@type\":\"ImageObject\",\"inLanguage\":\"fr-FR\",\"@id\":\"https:\/\/www.auditionsolidarite.org\/fr\/#\/schema\/logo\/image\/\",\"url\":\"https:\/\/www.auditionsolidarite.org\/wp-content\/uploads\/2015\/07\/logo-audition-solidarite-e1446132259721.png\",\"contentUrl\":\"https:\/\/www.auditionsolidarite.org\/wp-content\/uploads\/2015\/07\/logo-audition-solidarite-e1446132259721.png\",\"width\":600,\"height\":593,\"caption\":\"AuditionSolidarit\u00e9\"},\"image\":{\"@id\":\"https:\/\/www.auditionsolidarite.org\/fr\/#\/schema\/logo\/image\/\"}}]}<\/script>\n<!-- \/ Yoast SEO plugin. -->","yoast_head_json":{"title":"Mission Humanitaire au Vietnam \u2013 Bi\u00ean H\u00f2a 2024 - AuditionSolidarit\u00e9","robots":{"index":"index","follow":"follow","max-snippet":"max-snippet:-1","max-image-preview":"max-image-preview:large","max-video-preview":"max-video-preview:-1"},"canonical":"https:\/\/www.auditionsolidarite.org\/fr\/mission-humanitaire-au-vietnam-bien-hoa-2024\/","og_locale":"fr_FR","og_type":"article","og_title":"Mission Humanitaire au Vietnam \u2013 Bi\u00ean H\u00f2a 2024 - AuditionSolidarit\u00e9","og_description":"31 octobre au 8 novembre 2024 : 6\u00e8me mission au Vietnam, AuditionSolidarit\u00e9 rentre l\u2019esprit serein &nbsp; Pour ce sixi\u00e8me passage d\u2019AuditionSolidarit\u00e9 en terre vietnamienne, l\u2019objectif de la mission pouvait se r\u00e9sumer en un mot : l\u2019autonomie. Cette mission marque la fin d\u2019un second cycle d\u2019accompagnement et laisse place maintenant \u00e0 une p\u00e9riode d\u2019autonomie de plusieurs ann\u00e9es pour les deux \u00e9coles","og_url":"https:\/\/www.auditionsolidarite.org\/fr\/mission-humanitaire-au-vietnam-bien-hoa-2024\/","og_site_name":"AuditionSolidarit\u00e9","og_image":[{"width":600,"height":593,"url":"https:\/\/www.auditionsolidarite.org\/wp-content\/uploads\/2015\/07\/logo-audition-solidarite-e1446132259721.png","type":"image\/png"}],"twitter_card":"summary_large_image","twitter_misc":{"Dur\u00e9e de lecture estim\u00e9e":"2 minutes"},"schema":{"@context":"https:\/\/schema.org","@graph":[{"@type":"WebPage","@id":"https:\/\/www.auditionsolidarite.org\/fr\/mission-humanitaire-au-vietnam-bien-hoa-2024\/","url":"https:\/\/www.auditionsolidarite.org\/fr\/mission-humanitaire-au-vietnam-bien-hoa-2024\/","name":"Mission Humanitaire au Vietnam \u2013 Bi\u00ean H\u00f2a 2024 - AuditionSolidarit\u00e9","isPartOf":{"@id":"https:\/\/www.auditionsolidarite.org\/fr\/#website"},"datePublished":"2025-05-06T12:12:27+00:00","dateModified":"2025-05-06T12:12:27+00:00","breadcrumb":{"@id":"https:\/\/www.auditionsolidarite.org\/fr\/mission-humanitaire-au-vietnam-bien-hoa-2024\/#breadcrumb"},"inLanguage":"fr-FR","potentialAction":[{"@type":"ReadAction","target":[["https:\/\/www.auditionsolidarite.org\/fr\/mission-humanitaire-au-vietnam-bien-hoa-2024\/"]]}]},{"@type":"BreadcrumbList","@id":"https:\/\/www.auditionsolidarite.org\/fr\/mission-humanitaire-au-vietnam-bien-hoa-2024\/#breadcrumb","itemListElement":[{"@type":"ListItem","position":1,"name":"Accueil","item":"https:\/\/www.auditionsolidarite.org\/fr\/"},{"@type":"ListItem","position":2,"name":"Mission Humanitaire au Vietnam \u2013 Bi\u00ean H\u00f2a 2024"}]},{"@type":"WebSite","@id":"https:\/\/www.auditionsolidarite.org\/fr\/#website","url":"https:\/\/www.auditionsolidarite.org\/fr\/","name":"AuditionSolidarit\u00e9","description":"Le hasard n&#039;existe pas ! Si vous \u00eates l\u00e0 aujourd&#039;hui, c&#039;est que le monde de l&#039;audition vous touche... Alors merci d&#039;\u00eatre l\u00e0 !","publisher":{"@id":"https:\/\/www.auditionsolidarite.org\/fr\/#organization"},"potentialAction":[{"@type":"SearchAction","target":{"@type":"EntryPoint","urlTemplate":"https:\/\/www.auditionsolidarite.org\/fr\/?s={search_term_string}"},"query-input":"required name=search_term_string"}],"inLanguage":"fr-FR"},{"@type":"Organization","@id":"https:\/\/www.auditionsolidarite.org\/fr\/#organization","name":"AuditionSolidarit\u00e9","url":"https:\/\/www.auditionsolidarite.org\/fr\/","logo":{"@type":"ImageObject","inLanguage":"fr-FR","@id":"https:\/\/www.auditionsolidarite.org\/fr\/#\/schema\/logo\/image\/","url":"https:\/\/www.auditionsolidarite.org\/wp-content\/uploads\/2015\/07\/logo-audition-solidarite-e1446132259721.png","contentUrl":"https:\/\/www.auditionsolidarite.org\/wp-content\/uploads\/2015\/07\/logo-audition-solidarite-e1446132259721.png","width":600,"height":593,"caption":"AuditionSolidarit\u00e9"},"image":{"@id":"https:\/\/www.auditionsolidarite.org\/fr\/#\/schema\/logo\/image\/"}}]}},"_links":{"self":[{"href":"https:\/\/www.auditionsolidarite.org\/fr\/wp-json\/wp\/v2\/pages\/10467"}],"collection":[{"href":"https:\/\/www.auditionsolidarite.org\/fr\/wp-json\/wp\/v2\/pages"}],"about":[{"href":"https:\/\/www.auditionsolidarite.org\/fr\/wp-json\/wp\/v2\/types\/page"}],"author":[{"embeddable":true,"href":"https:\/\/www.auditionsolidarite.org\/fr\/wp-json\/wp\/v2\/users\/2"}],"replies":[{"embeddable":true,"href":"https:\/\/www.auditionsolidarite.org\/fr\/wp-json\/wp\/v2\/comments?post=10467"}],"version-history":[{"count":1,"href":"https:\/\/www.auditionsolidarite.org\/fr\/wp-json\/wp\/v2\/pages\/10467\/revisions"}],"predecessor-version":[{"id":10468,"href":"https:\/\/www.auditionsolidarite.org\/fr\/wp-json\/wp\/v2\/pages\/10467\/revisions\/10468"}],"wp:attachment":[{"href":"https:\/\/www.auditionsolidarite.org\/fr\/wp-json\/wp\/v2\/media?parent=10467"}],"curies":[{"name":"wp","href":"https:\/\/api.w.org\/{rel}","templated":true}]}}