{"id":10177,"date":"2024-10-03T10:47:37","date_gmt":"2024-10-03T09:47:37","guid":{"rendered":"https:\/\/www.auditionsolidarite.org\/?page_id=10177"},"modified":"2024-10-03T10:47:37","modified_gmt":"2024-10-03T09:47:37","slug":"hopital-rothschild-paroisse-saint-marcel-paris-mars-2024","status":"publish","type":"page","link":"https:\/\/www.auditionsolidarite.org\/fr\/hopital-rothschild-paroisse-saint-marcel-paris-mars-2024\/","title":{"rendered":"H\u00f4pital Rothschild &#038; Paroisse Saint-Marcel, Paris &#8211; mars 2024"},"content":{"rendered":"<strong>Record d&#8217;affluence pour cette premi\u00e8re mission \u2018Audition Solidaire\u2019 de l\u2019ann\u00e9e \u00e0 Paris !\u00a0<\/strong><\/p>\n<p>AuditionSolidarit\u00e9 remercie les acteurs sociaux franciliens d&#8217;avoir orient\u00e9 et parfois accompagn\u00e9 toutes ces personnes d\u00e9munies \u00e0 l&#8217;h\u00f4pital Rothschild les 5 et 6 mars puis \u00e0 la Paroisse Saint-Marcel les 7 et 8 mars. Au total, <strong>185 <\/strong>personnes ont \u00e9t\u00e9 prises en charge par nos \u00e9quipes.<\/p>\n<p>&nbsp;<\/p>\n<p><strong>84%\u00a0des b\u00e9n\u00e9ficiaires accueillis avaient un probl\u00e8me d\u2019audition<\/strong><\/p>\n<p>Pour beaucoup, la consultation avec le m\u00e9decin ORL \u00e9tait plus que n\u00e9cessaire (infections, bouchons, etc&#8230;). Parfois, bonne nouvelle : tout va bien et c\u2019est tout aussi important de pouvoir \u00eatre rassur\u00e9 quant \u00e0 son audition et repartir serein.<\/p>\n<p>&nbsp;<\/p>\n<p>Puis, premier appareillage pour certains \u00e0 l&#8217;h\u00f4pital Rothschild avec le bonheur d&#8217;entendre de nouveau et contr\u00f4le ou changement d&#8217;appareils pour d&#8217;autres \u00e0 la Paroisse Saint-Marcel.<\/p>\n<p>&nbsp;<\/p>\n<p><strong>Un moment fort <\/strong><strong>\ud83d\ude0d<\/strong><strong>\u00a0<\/strong><\/p>\n<p><em>Le premier appareillage de Leila et son bonheur imm\u00e9diatement partag\u00e9 avec sa fille avec qui elle peut d\u00e9sormais parler normalement !<\/em><\/p>\n<p><img loading=\"lazy\" decoding=\"async\" class=\"aligncenter wp-image-9784 size-full\" src=\"\/wp-content\/uploads\/2024\/03\/3-photos-Paris-24.jpg\" alt=\"\" width=\"947\" height=\"250\" srcset=\"https:\/\/www.auditionsolidarite.org\/wp-content\/uploads\/2024\/03\/3-photos-Paris-24.jpg 947w, https:\/\/www.auditionsolidarite.org\/wp-content\/uploads\/2024\/03\/3-photos-Paris-24-300x79.jpg 300w, https:\/\/www.auditionsolidarite.org\/wp-content\/uploads\/2024\/03\/3-photos-Paris-24-768x203.jpg 768w\" sizes=\"(max-width: 947px) 100vw, 947px\" \/><\/p>\n<table border=\"1\">\n<tbody>\n<tr>\n<td>Au total sur les 4 jours<\/td>\n<\/tr>\n<tr>\n<td>185 personnes accueillies<\/td>\n<\/tr>\n<tr>\n<td>72 personnes appareill\u00e9es<\/td>\n<\/tr>\n<tr>\n<td>127 appareils adapt\u00e9s<b><br \/>\n<\/b><\/td>\n<\/tr>\n<\/tbody>\n<\/table>\n<p><b><b><br \/>\n<\/b>Le d\u00e9tail :<br \/>\n<\/b><\/p>\n<table style=\"width: 699px;\" border=\"1\">\n<tbody>\n<tr style=\"height: 24px;\">\n<td style=\"width: 335px; height: 24px;\">H\u00f4pital Rothschild<\/td>\n<td style=\"width: 364px; height: 24px;\">Paroisse Saint-Marcel<\/td>\n<\/tr>\n<tr style=\"height: 24px;\">\n<td style=\"width: 335px; height: 24px;\">96 personnes accueillies<\/td>\n<td style=\"width: 364px; height: 24px;\">89 personnes accueillies<\/td>\n<\/tr>\n<tr style=\"height: 24px;\">\n<td style=\"width: 335px; height: 24px;\">45 personnes appareill\u00e9es<\/td>\n<td style=\"width: 364px; height: 24px;\">27 personnes appareill\u00e9es<\/td>\n<\/tr>\n<tr style=\"height: 24px;\">\n<td style=\"width: 335px; height: 24px;\">80 appareils adapt\u00e9s<\/td>\n<td style=\"width: 364px; height: 24px;\">47 appareils adapt\u00e9s<\/td>\n<\/tr>\n<\/tbody>\n<\/table>\n<p>&nbsp;<\/p>\n<p>\ud83d\udd1c Encore merci \u00e0 tous ceux qui contribuent aux succ\u00e8s de ces missions parisiennes, nous donnons d\u00e9j\u00e0 rendez-vous \u00e0 tous nos b\u00e9n\u00e9ficiaires dans 6 mois !<\/p>\n<p>Un grand merci \u00e0 l\u2019H\u00f4pital Rothschild ainsi qu\u2019au P\u00e8re Benoit de la Paroisse Saint-Marcel pour leur accueil et leur disponibilit\u00e9. <b><br \/>\n<\/b><b>\u00a0<\/b><b><br \/>\n<\/b><\/p>\n<p>Un remerciement aussi \u00e0 l\u2019association Soliguide pour l\u2019accompagnement tout au long de cette mission.<b><br \/>\n<\/b><b><\/b><b><\/b><b><br \/>\n<\/b><\/p>\n<p><strong>Merci<\/strong> aux deux \u00e9quipes qui se sont succ\u00e9d\u00e9 sur ces 2 missions :<b><br \/>\n<\/b><\/p>\n<ul>\n<li dir=\"auto\">Les audioproth\u00e9sistes :\u00a0<em>St\u00e9phane Gratien, Justine Ricq, Emilie Bouilloud, Cyril Cornu, Ludivine Cornu<\/em>, <em>Laura Jan, Alb\u00e9ric Hiebel, Alice Lamy, Victor Lancry et Nathalie Lafleur<br \/>\n<\/em><\/li>\n<li dir=\"auto\">Les Bons Conseils : <em>Kiki Bourger<\/em><\/li>\n<li dir=\"auto\">La fabrication des embouts : <em>Yohan M\u00e9nard<\/em>, Mathieu Le Treut et <em>Isabelle Laroche<\/em><\/li>\n<li dir=\"auto\">Les ORL : <em>Margarita Vareli et <\/em><em>Sandra Dannappel<\/em><\/li>\n<li dir=\"auto\">Le secr\u00e9tariat :\u00a0<em>Cl\u00e9ment Becerra <\/em>et <em>G\u00e9raldine Defour<\/em><\/li>\n<li dir=\"auto\">La logistique : Carole, Adrien et Marion<b><br \/>\n<\/b><b><br \/>\n<\/b><\/li>\n<\/ul>\n<p>Un grand <strong>Merci<\/strong> \u00e0 la Fondation Tolot et \u00e0 la Fondation Veolia pour leur soutien si pr\u00e9cieux.<b><b><br \/>\n<\/b><b><br \/>\n<\/b><\/b>Prochaine mission \u00e0 Paris :<\/p>\n<ul>\n<li>les 24 &amp; 25 septembre 2024 \u00e0 l\u2019H\u00f4pital Rothschild pour les primo-consultants sur inscriptions =&gt; <a href=\"https:\/\/forms.gle\/GUdU8cAsKXCD2q5x7\" target=\"_blank\" rel=\"noopener\">ICI<b> <\/b><\/a><\/li>\n<li>les 26 &amp; 27 septembre 2024 au sein de la paroisse Saint-Marcel pour les suivis sans rendez-vous<b><br \/>\n<\/b><b><\/b><\/li>\n<\/ul>\n<p><b><img loading=\"lazy\" decoding=\"async\" class=\"aligncenter wp-image-9793 size-full\" src=\"\/wp-content\/uploads\/2024\/03\/bbb.jpg\" alt=\"\" width=\"500\" height=\"375\" srcset=\"https:\/\/www.auditionsolidarite.org\/wp-content\/uploads\/2024\/03\/bbb.jpg 500w, https:\/\/www.auditionsolidarite.org\/wp-content\/uploads\/2024\/03\/bbb-300x225.jpg 300w\" sizes=\"(max-width: 500px) 100vw, 500px\" \/> <\/b><b> <\/b><b><img loading=\"lazy\" decoding=\"async\" class=\"aligncenter wp-image-9790 size-full\" src=\"\/wp-content\/uploads\/2024\/03\/a.jpg\" alt=\"\" width=\"500\" height=\"375\" srcset=\"https:\/\/www.auditionsolidarite.org\/wp-content\/uploads\/2024\/03\/a.jpg 500w, https:\/\/www.auditionsolidarite.org\/wp-content\/uploads\/2024\/03\/a-300x225.jpg 300w\" sizes=\"(max-width: 500px) 100vw, 500px\" \/><img loading=\"lazy\" decoding=\"async\" class=\"aligncenter wp-image-9791 size-full\" src=\"\/wp-content\/uploads\/2024\/03\/aa.jpg\" alt=\"\" width=\"500\" height=\"375\" srcset=\"https:\/\/www.auditionsolidarite.org\/wp-content\/uploads\/2024\/03\/aa.jpg 500w, https:\/\/www.auditionsolidarite.org\/wp-content\/uploads\/2024\/03\/aa-300x225.jpg 300w\" sizes=\"(max-width: 500px) 100vw, 500px\" \/><\/b><img loading=\"lazy\" decoding=\"async\" class=\"aligncenter wp-image-9792 size-full\" src=\"\/wp-content\/uploads\/2024\/03\/b.jpg\" alt=\"\" width=\"500\" height=\"375\" srcset=\"https:\/\/www.auditionsolidarite.org\/wp-content\/uploads\/2024\/03\/b.jpg 500w, https:\/\/www.auditionsolidarite.org\/wp-content\/uploads\/2024\/03\/b-300x225.jpg 300w\" sizes=\"(max-width: 500px) 100vw, 500px\" \/><\/p>\n<p>&nbsp;","protected":false},"excerpt":{"rendered":"<p>Record d&#8217;affluence pour cette premi\u00e8re mission \u2018Audition Solidaire\u2019 de l\u2019ann\u00e9e \u00e0 Paris !\u00a0 AuditionSolidarit\u00e9 remercie les acteurs sociaux franciliens d&#8217;avoir orient\u00e9 et parfois accompagn\u00e9 toutes ces personnes d\u00e9munies \u00e0 l&#8217;h\u00f4pital Rothschild les 5 et 6 mars puis \u00e0 la Paroisse Saint-Marcel les 7 et 8 mars. Au total, 185 personnes ont \u00e9t\u00e9 prises en charge par nos \u00e9quipes. &nbsp; 84%\u00a0des<\/p>\n","protected":false},"author":2,"featured_media":0,"parent":0,"menu_order":0,"comment_status":"closed","ping_status":"closed","template":"","meta":{"footnotes":""},"acf":[],"yoast_head":"<!-- This site is optimized with the Yoast SEO plugin v21.9.1 - https:\/\/yoast.com\/wordpress\/plugins\/seo\/ -->\n<title>H\u00f4pital Rothschild &amp; Paroisse Saint-Marcel, Paris - mars 2024 - AuditionSolidarit\u00e9<\/title>\n<meta name=\"robots\" content=\"index, follow, max-snippet:-1, max-image-preview:large, max-video-preview:-1\" \/>\n<link rel=\"canonical\" href=\"https:\/\/www.auditionsolidarite.org\/fr\/hopital-rothschild-paroisse-saint-marcel-paris-mars-2024\/\" \/>\n<meta property=\"og:locale\" content=\"fr_FR\" \/>\n<meta property=\"og:type\" content=\"article\" \/>\n<meta property=\"og:title\" content=\"H\u00f4pital Rothschild &amp; Paroisse Saint-Marcel, Paris - mars 2024 - AuditionSolidarit\u00e9\" \/>\n<meta property=\"og:description\" content=\"Record d&#8217;affluence pour cette premi\u00e8re mission \u2018Audition Solidaire\u2019 de l\u2019ann\u00e9e \u00e0 Paris !\u00a0 AuditionSolidarit\u00e9 remercie les acteurs sociaux franciliens d&#8217;avoir orient\u00e9 et parfois accompagn\u00e9 toutes ces personnes d\u00e9munies \u00e0 l&#8217;h\u00f4pital Rothschild les 5 et 6 mars puis \u00e0 la Paroisse Saint-Marcel les 7 et 8 mars. Au total, 185 personnes ont \u00e9t\u00e9 prises en charge par nos \u00e9quipes. &nbsp; 84%\u00a0des\" \/>\n<meta property=\"og:url\" content=\"https:\/\/www.auditionsolidarite.org\/fr\/hopital-rothschild-paroisse-saint-marcel-paris-mars-2024\/\" \/>\n<meta property=\"og:site_name\" content=\"AuditionSolidarit\u00e9\" \/>\n<meta property=\"og:image\" content=\"https:\/\/www.auditionsolidarite.org\/wp-content\/uploads\/2015\/07\/logo-audition-solidarite-e1446132259721.png\" \/>\n\t<meta property=\"og:image:width\" content=\"600\" \/>\n\t<meta property=\"og:image:height\" content=\"593\" \/>\n\t<meta property=\"og:image:type\" content=\"image\/png\" \/>\n<meta name=\"twitter:card\" content=\"summary_large_image\" \/>\n<meta name=\"twitter:label1\" content=\"Dur\u00e9e de lecture estim\u00e9e\" \/>\n\t<meta name=\"twitter:data1\" content=\"3 minutes\" \/>\n<script type=\"application\/ld+json\" class=\"yoast-schema-graph\">{\"@context\":\"https:\/\/schema.org\",\"@graph\":[{\"@type\":\"WebPage\",\"@id\":\"https:\/\/www.auditionsolidarite.org\/fr\/hopital-rothschild-paroisse-saint-marcel-paris-mars-2024\/\",\"url\":\"https:\/\/www.auditionsolidarite.org\/fr\/hopital-rothschild-paroisse-saint-marcel-paris-mars-2024\/\",\"name\":\"H\u00f4pital Rothschild & Paroisse Saint-Marcel, Paris - mars 2024 - AuditionSolidarit\u00e9\",\"isPartOf\":{\"@id\":\"https:\/\/www.auditionsolidarite.org\/fr\/#website\"},\"datePublished\":\"2024-10-03T09:47:37+00:00\",\"dateModified\":\"2024-10-03T09:47:37+00:00\",\"breadcrumb\":{\"@id\":\"https:\/\/www.auditionsolidarite.org\/fr\/hopital-rothschild-paroisse-saint-marcel-paris-mars-2024\/#breadcrumb\"},\"inLanguage\":\"fr-FR\",\"potentialAction\":[{\"@type\":\"ReadAction\",\"target\":[[\"https:\/\/www.auditionsolidarite.org\/fr\/hopital-rothschild-paroisse-saint-marcel-paris-mars-2024\/\"]]}]},{\"@type\":\"BreadcrumbList\",\"@id\":\"https:\/\/www.auditionsolidarite.org\/fr\/hopital-rothschild-paroisse-saint-marcel-paris-mars-2024\/#breadcrumb\",\"itemListElement\":[{\"@type\":\"ListItem\",\"position\":1,\"name\":\"Accueil\",\"item\":\"https:\/\/www.auditionsolidarite.org\/fr\/\"},{\"@type\":\"ListItem\",\"position\":2,\"name\":\"H\u00f4pital Rothschild &#038; Paroisse Saint-Marcel, Paris &#8211; mars 2024\"}]},{\"@type\":\"WebSite\",\"@id\":\"https:\/\/www.auditionsolidarite.org\/fr\/#website\",\"url\":\"https:\/\/www.auditionsolidarite.org\/fr\/\",\"name\":\"AuditionSolidarit\u00e9\",\"description\":\"Le hasard n&#039;existe pas ! Si vous \u00eates l\u00e0 aujourd&#039;hui, c&#039;est que le monde de l&#039;audition vous touche... Alors merci d&#039;\u00eatre l\u00e0 !\",\"publisher\":{\"@id\":\"https:\/\/www.auditionsolidarite.org\/fr\/#organization\"},\"potentialAction\":[{\"@type\":\"SearchAction\",\"target\":{\"@type\":\"EntryPoint\",\"urlTemplate\":\"https:\/\/www.auditionsolidarite.org\/fr\/?s={search_term_string}\"},\"query-input\":\"required name=search_term_string\"}],\"inLanguage\":\"fr-FR\"},{\"@type\":\"Organization\",\"@id\":\"https:\/\/www.auditionsolidarite.org\/fr\/#organization\",\"name\":\"AuditionSolidarit\u00e9\",\"url\":\"https:\/\/www.auditionsolidarite.org\/fr\/\",\"logo\":{\"@type\":\"ImageObject\",\"inLanguage\":\"fr-FR\",\"@id\":\"https:\/\/www.auditionsolidarite.org\/fr\/#\/schema\/logo\/image\/\",\"url\":\"https:\/\/www.auditionsolidarite.org\/wp-content\/uploads\/2015\/07\/logo-audition-solidarite-e1446132259721.png\",\"contentUrl\":\"https:\/\/www.auditionsolidarite.org\/wp-content\/uploads\/2015\/07\/logo-audition-solidarite-e1446132259721.png\",\"width\":600,\"height\":593,\"caption\":\"AuditionSolidarit\u00e9\"},\"image\":{\"@id\":\"https:\/\/www.auditionsolidarite.org\/fr\/#\/schema\/logo\/image\/\"}}]}<\/script>\n<!-- \/ Yoast SEO plugin. -->","yoast_head_json":{"title":"H\u00f4pital Rothschild & Paroisse Saint-Marcel, Paris - mars 2024 - AuditionSolidarit\u00e9","robots":{"index":"index","follow":"follow","max-snippet":"max-snippet:-1","max-image-preview":"max-image-preview:large","max-video-preview":"max-video-preview:-1"},"canonical":"https:\/\/www.auditionsolidarite.org\/fr\/hopital-rothschild-paroisse-saint-marcel-paris-mars-2024\/","og_locale":"fr_FR","og_type":"article","og_title":"H\u00f4pital Rothschild & Paroisse Saint-Marcel, Paris - mars 2024 - AuditionSolidarit\u00e9","og_description":"Record d&#8217;affluence pour cette premi\u00e8re mission \u2018Audition Solidaire\u2019 de l\u2019ann\u00e9e \u00e0 Paris !\u00a0 AuditionSolidarit\u00e9 remercie les acteurs sociaux franciliens d&#8217;avoir orient\u00e9 et parfois accompagn\u00e9 toutes ces personnes d\u00e9munies \u00e0 l&#8217;h\u00f4pital Rothschild les 5 et 6 mars puis \u00e0 la Paroisse Saint-Marcel les 7 et 8 mars. Au total, 185 personnes ont \u00e9t\u00e9 prises en charge par nos \u00e9quipes. &nbsp; 84%\u00a0des","og_url":"https:\/\/www.auditionsolidarite.org\/fr\/hopital-rothschild-paroisse-saint-marcel-paris-mars-2024\/","og_site_name":"AuditionSolidarit\u00e9","og_image":[{"width":600,"height":593,"url":"https:\/\/www.auditionsolidarite.org\/wp-content\/uploads\/2015\/07\/logo-audition-solidarite-e1446132259721.png","type":"image\/png"}],"twitter_card":"summary_large_image","twitter_misc":{"Dur\u00e9e de lecture estim\u00e9e":"3 minutes"},"schema":{"@context":"https:\/\/schema.org","@graph":[{"@type":"WebPage","@id":"https:\/\/www.auditionsolidarite.org\/fr\/hopital-rothschild-paroisse-saint-marcel-paris-mars-2024\/","url":"https:\/\/www.auditionsolidarite.org\/fr\/hopital-rothschild-paroisse-saint-marcel-paris-mars-2024\/","name":"H\u00f4pital Rothschild & Paroisse Saint-Marcel, Paris - mars 2024 - AuditionSolidarit\u00e9","isPartOf":{"@id":"https:\/\/www.auditionsolidarite.org\/fr\/#website"},"datePublished":"2024-10-03T09:47:37+00:00","dateModified":"2024-10-03T09:47:37+00:00","breadcrumb":{"@id":"https:\/\/www.auditionsolidarite.org\/fr\/hopital-rothschild-paroisse-saint-marcel-paris-mars-2024\/#breadcrumb"},"inLanguage":"fr-FR","potentialAction":[{"@type":"ReadAction","target":[["https:\/\/www.auditionsolidarite.org\/fr\/hopital-rothschild-paroisse-saint-marcel-paris-mars-2024\/"]]}]},{"@type":"BreadcrumbList","@id":"https:\/\/www.auditionsolidarite.org\/fr\/hopital-rothschild-paroisse-saint-marcel-paris-mars-2024\/#breadcrumb","itemListElement":[{"@type":"ListItem","position":1,"name":"Accueil","item":"https:\/\/www.auditionsolidarite.org\/fr\/"},{"@type":"ListItem","position":2,"name":"H\u00f4pital Rothschild &#038; Paroisse Saint-Marcel, Paris &#8211; mars 2024"}]},{"@type":"WebSite","@id":"https:\/\/www.auditionsolidarite.org\/fr\/#website","url":"https:\/\/www.auditionsolidarite.org\/fr\/","name":"AuditionSolidarit\u00e9","description":"Le hasard n&#039;existe pas ! Si vous \u00eates l\u00e0 aujourd&#039;hui, c&#039;est que le monde de l&#039;audition vous touche... Alors merci d&#039;\u00eatre l\u00e0 !","publisher":{"@id":"https:\/\/www.auditionsolidarite.org\/fr\/#organization"},"potentialAction":[{"@type":"SearchAction","target":{"@type":"EntryPoint","urlTemplate":"https:\/\/www.auditionsolidarite.org\/fr\/?s={search_term_string}"},"query-input":"required name=search_term_string"}],"inLanguage":"fr-FR"},{"@type":"Organization","@id":"https:\/\/www.auditionsolidarite.org\/fr\/#organization","name":"AuditionSolidarit\u00e9","url":"https:\/\/www.auditionsolidarite.org\/fr\/","logo":{"@type":"ImageObject","inLanguage":"fr-FR","@id":"https:\/\/www.auditionsolidarite.org\/fr\/#\/schema\/logo\/image\/","url":"https:\/\/www.auditionsolidarite.org\/wp-content\/uploads\/2015\/07\/logo-audition-solidarite-e1446132259721.png","contentUrl":"https:\/\/www.auditionsolidarite.org\/wp-content\/uploads\/2015\/07\/logo-audition-solidarite-e1446132259721.png","width":600,"height":593,"caption":"AuditionSolidarit\u00e9"},"image":{"@id":"https:\/\/www.auditionsolidarite.org\/fr\/#\/schema\/logo\/image\/"}}]}},"_links":{"self":[{"href":"https:\/\/www.auditionsolidarite.org\/fr\/wp-json\/wp\/v2\/pages\/10177"}],"collection":[{"href":"https:\/\/www.auditionsolidarite.org\/fr\/wp-json\/wp\/v2\/pages"}],"about":[{"href":"https:\/\/www.auditionsolidarite.org\/fr\/wp-json\/wp\/v2\/types\/page"}],"author":[{"embeddable":true,"href":"https:\/\/www.auditionsolidarite.org\/fr\/wp-json\/wp\/v2\/users\/2"}],"replies":[{"embeddable":true,"href":"https:\/\/www.auditionsolidarite.org\/fr\/wp-json\/wp\/v2\/comments?post=10177"}],"version-history":[{"count":1,"href":"https:\/\/www.auditionsolidarite.org\/fr\/wp-json\/wp\/v2\/pages\/10177\/revisions"}],"predecessor-version":[{"id":10178,"href":"https:\/\/www.auditionsolidarite.org\/fr\/wp-json\/wp\/v2\/pages\/10177\/revisions\/10178"}],"wp:attachment":[{"href":"https:\/\/www.auditionsolidarite.org\/fr\/wp-json\/wp\/v2\/media?parent=10177"}],"curies":[{"name":"wp","href":"https:\/\/api.w.org\/{rel}","templated":true}]}}