{"id":9885,"date":"2024-05-03T08:58:00","date_gmt":"2024-05-03T07:58:00","guid":{"rendered":"https:\/\/www.auditionsolidarite.org\/mission-humanitaire-en-republique-dominicaine-hato-mayor-2022-copy\/"},"modified":"2024-06-13T13:32:36","modified_gmt":"2024-06-13T12:32:36","slug":"mission-humanitaire-madagascar-2023","status":"publish","type":"page","link":"https:\/\/www.auditionsolidarite.org\/en\/mission-humanitaire-madagascar-2023\/","title":{"rendered":"Exemplaire"},"content":{"rendered":"<p class=\"qtranxs-available-languages-message qtranxs-available-languages-message-en\">Sorry, this entry is only available in <a href=\"https:\/\/www.auditionsolidarite.org\/fr\/wp-json\/wp\/v2\/pages\/9885\" class=\"qtranxs-available-language-link qtranxs-available-language-link-fr\" title=\"Fran\u00e7ais\">French<\/a>.<\/p><strong>AuditionSolidarit\u00e9 de retour \u00e0 Madagascar <\/strong><strong>cinq ans apr\u00e8s son dernier passage<b><br \/>\n<\/b><b>\u00a0<\/b><\/strong><\/p>\n<p>Pour la cinqui\u00e8me fois depuis 2014, AuditionSolidarit\u00e9 s\u2019est rendue \u00e0 Antananarivo du 7 au 15 novembre 2023 pour poursuivre son projet humanitaire aupr\u00e8s des enfants d\u00e9favoris\u00e9s sourds et malentendants de l\u2019\u00e9cole sp\u00e9cialis\u00e9e AKA-MA.<\/p>\n<p>Cinq ans ! Un temps de pause inhabituellement long dans le suivi des projets humanitaires d\u2019AuditionSolidarit\u00e9\u2026 Initialement pr\u00e9vu en 2021, ce retour \u00e0 Madagascar s\u2019est vu \u00eatre repouss\u00e9 \u00e0 deux reprises en raison de l\u2019\u00e9pid\u00e9mie de Covid-19 et l\u2019attente \u00e9tait grande du c\u00f4t\u00e9 malgache comme du c\u00f4t\u00e9 fran\u00e7ais. L\u2019\u00e9quipe de 16 professionnels de l\u2019audition a contr\u00f4l\u00e9 ou remplac\u00e9 l\u2019appareillage de 189 enfants malgaches sourds et malentendants, \u00e9quip\u00e9s lors des pr\u00e9c\u00e9dents passages de l\u2019association ou en autonomie par l\u2019\u00e9quipe malgache.<strong><b><br \/>\n<\/b><\/strong><\/p>\n<p><b><b><\/b><b><\/b><b><\/b><\/b><b><b><\/b><\/b><b><\/b><strong><b><br \/>\n<\/b>Les chiffres cl\u00e9s\u00a0:<\/strong><\/p>\n<blockquote><p><strong>189 enfants et 12 professeurs vus \/ 350 appareils auditifs adapt\u00e9s \/\u00a0 331 embouts fabriqu\u00e9s<b> <\/b><br \/>\n<\/strong><\/p><\/blockquote>\n<p style=\"text-align: left;\"><b><br \/>\n<\/b>Apr\u00e8s cinq ann\u00e9es pass\u00e9es en autonomie et malgr\u00e9 un suivi \u00e0 distance r\u00e9gulier, c\u2019est avec quelques appr\u00e9hensions qu\u2019AuditionSolidarit\u00e9 a d\u00e9couvert le travail r\u00e9alis\u00e9 par l\u2019\u00e9quipe locale aupr\u00e8s des enfants en son absence. Le constat g\u00e9n\u00e9ral a \u00e9t\u00e9 positif, tous les enfants ont b\u00e9n\u00e9fici\u00e9 d\u2019un suivi de qualit\u00e9 de leurs appareils auditifs et de leurs embouts auriculaires. L\u2019\u00e9quipe malgache form\u00e9e lors des premi\u00e8res missions reste inchang\u00e9e, ce qui a grandement facilit\u00e9 la reprise de leurs formations d\u00e8s le premier jour de mission et constitue un bel atout pour l\u2019autonomie de l\u2019\u00e9cole. Cette semaine de mission a permis d\u2019insuffler une nouvelle dynamique et de poursuivre les formations sur chaque poste notamment en orthophonie afin de faire oraliser les enfants appareill\u00e9s. AuditionSolidarit\u00e9 a \u00e9galement apport\u00e9 et laiss\u00e9 sur place du mat\u00e9riel professionnel.<b>\u00a0<b><b><br \/>\n<\/b><b>\u00a0<b><\/b><\/b><\/b><\/b><\/p>\n<p style=\"text-align: center;\">Vid\u00e9o r\u00e9sum\u00e9 de la mission<br \/>\n<b><\/b><\/p>\n<p style=\"text-align: center;\"><iframe loading=\"lazy\" title=\"YouTube video player\" src=\"https:\/\/www.youtube-nocookie.com\/embed\/32ASp7XoNfY?si=l21I3JPv9Zto6Ir2\" width=\"560\" height=\"315\" frameborder=\"0\" allowfullscreen=\"allowfullscreen\"><span style=\"display: inline-block; width: 0px; overflow: hidden; line-height: 0;\" data-mce-type=\"bookmark\" class=\"mce_SELRES_start\">\ufeff<\/span><\/iframe><b><b><br \/>\n<\/b><b><br \/>\n<\/b><\/b>Vid\u00e9o Interviews crois\u00e9es de l&#8217;\u00e9quipe<b><b><b><br \/>\n<\/b><\/b><b><iframe loading=\"lazy\" title=\"YouTube video player\" src=\"https:\/\/www.youtube-nocookie.com\/embed\/-Q3T2d-g6wo?si=C3OQ-6MtMBoqRA-8\" width=\"560\" height=\"315\" frameborder=\"0\" allowfullscreen=\"allowfullscreen\"><\/iframe><br \/>\n<\/b><b><b><b><b>\u00a0<\/b><b><br \/>\n<\/b><\/b><\/b><\/b><\/b>Vid\u00e9o &#8216;\u00e9motions&#8217;\u00a0 <b><b><b><b><b><br \/>\n<\/b><b>\u00a0<\/b><\/b><\/b><iframe loading=\"lazy\" title=\"YouTube video player\" src=\"https:\/\/www.youtube-nocookie.com\/embed\/vtcPuVY8VUo?si=eCTAjNqusbW-_36Z\" width=\"560\" height=\"315\" frameborder=\"0\" allowfullscreen=\"allowfullscreen\"><\/iframe><\/b><\/b><\/p>\n<p style=\"text-align: left;\"><b><br \/>\n<\/b>Un grand MERCI \u00e0 notre formidable \u00e9quipe fran\u00e7aise et \u00e0 l&#8217;\u00e9quipe malgache pour leur travail.<b><br \/>\n<\/b><b><br \/>\n<\/b><\/p>\n<p><strong>Merci aux audioproth\u00e9sistes St\u00e9phane Gratien, Fabienne Hery, Philippe Chanteur, Jean-Beno\u00eet Proriol, Julien Haeberl\u00e9 et kiki Bourger<br \/>\n<\/strong><\/p>\n<p><strong>Merci \u00e0 L&#8217;ORL Luc Moulonguet<\/strong><br \/>\n<strong> Merci aux orthophonistes H\u00e9l\u00e8ne Feuillie et Amandine Kotel<\/strong><br \/>\n<strong> Merci au fabricant d&#8217;embouts <\/strong><strong><b>Georges Ormancey<br \/>\n<\/b>Merci \u00e0 Solange Goncalves et Marine Quennesson pour le secr\u00e9tariat<b><br \/>\n<\/b><b><br \/>\n<\/b><\/strong>Merci \u00e0 la Fondation Air France, \u00e0 la Fondation LAMA, \u00e0 la Fondation Dominique &amp; Tom Alberici, \u00e0 la Fondation Shiriki, \u00e0 la Fondation Jacpiamu, \u00e0 la Fondation Bruno, \u00e0 la Fondation Z\u00e9phyr, \u00e0 la Fondation Gratitude et \u00e0 A\u00c9SIO mutuelle pour leur pr\u00e9cieux soutien !<b><\/b><\/p>\n<table style=\"border-collapse: collapse; width: 100%;\" border=\"1\">\n<tbody>\n<tr>\n<td style=\"width: 50%;\"><img loading=\"lazy\" decoding=\"async\" class=\"aligncenter wp-image-9580\" src=\"\/\/www.auditionsolidarite.org\/wp-content\/uploads\/2023\/11\/Mada_2023-142.jpg\" alt=\"\" width=\"350\" height=\"263\" srcset=\"https:\/\/www.auditionsolidarite.org\/wp-content\/uploads\/2023\/11\/Mada_2023-142.jpg 1000w, https:\/\/www.auditionsolidarite.org\/wp-content\/uploads\/2023\/11\/Mada_2023-142-300x225.jpg 300w, https:\/\/www.auditionsolidarite.org\/wp-content\/uploads\/2023\/11\/Mada_2023-142-768x576.jpg 768w\" sizes=\"(max-width: 350px) 100vw, 350px\" \/><\/td>\n<td style=\"width: 50%;\"><img loading=\"lazy\" decoding=\"async\" class=\"aligncenter wp-image-9579\" src=\"\/\/www.auditionsolidarite.org\/wp-content\/uploads\/2023\/11\/Mada_2023-135.jpg\" alt=\"\" width=\"350\" height=\"263\" srcset=\"https:\/\/www.auditionsolidarite.org\/wp-content\/uploads\/2023\/11\/Mada_2023-135.jpg 1000w, https:\/\/www.auditionsolidarite.org\/wp-content\/uploads\/2023\/11\/Mada_2023-135-300x225.jpg 300w, https:\/\/www.auditionsolidarite.org\/wp-content\/uploads\/2023\/11\/Mada_2023-135-768x576.jpg 768w, https:\/\/www.auditionsolidarite.org\/wp-content\/uploads\/2023\/11\/Mada_2023-135-653x490.jpg 653w, https:\/\/www.auditionsolidarite.org\/wp-content\/uploads\/2023\/11\/Mada_2023-135-620x465.jpg 620w, https:\/\/www.auditionsolidarite.org\/wp-content\/uploads\/2023\/11\/Mada_2023-135-400x300.jpg 400w\" sizes=\"(max-width: 350px) 100vw, 350px\" \/><\/td>\n<\/tr>\n<\/tbody>\n<\/table>\n<p style=\"text-align: left;\"><b><\/b><b><a href=\"\/\/www.auditionsolidarite.org\/wp-content\/uploads\/2023\/11\/Mada_2023-212.jpg\"><b><br \/>\n<\/b><img loading=\"lazy\" decoding=\"async\" class=\"aligncenter wp-image-9581\" src=\"\/\/www.auditionsolidarite.org\/wp-content\/uploads\/2023\/11\/Mada_2023-212.jpg\" alt=\"\" width=\"600\" height=\"450\" srcset=\"https:\/\/www.auditionsolidarite.org\/wp-content\/uploads\/2023\/11\/Mada_2023-212.jpg 1000w, https:\/\/www.auditionsolidarite.org\/wp-content\/uploads\/2023\/11\/Mada_2023-212-300x225.jpg 300w, https:\/\/www.auditionsolidarite.org\/wp-content\/uploads\/2023\/11\/Mada_2023-212-768x576.jpg 768w\" sizes=\"(max-width: 600px) 100vw, 600px\" \/><\/a><\/b><\/p>","protected":false},"excerpt":{"rendered":"<p>Sorry, this entry is only available in French.AuditionSolidarit\u00e9 de retour \u00e0 Madagascar cinq ans apr\u00e8s son dernier passage \u00a0 Pour la cinqui\u00e8me fois depuis 2014, AuditionSolidarit\u00e9 s\u2019est rendue \u00e0 Antananarivo du 7 au 15 novembre 2023 pour poursuivre son projet humanitaire aupr\u00e8s des enfants d\u00e9favoris\u00e9s sourds et malentendants de l\u2019\u00e9cole sp\u00e9cialis\u00e9e AKA-MA. Cinq ans ! Un temps de pause inhabituellement<\/p>\n","protected":false},"author":2,"featured_media":0,"parent":0,"menu_order":0,"comment_status":"closed","ping_status":"closed","template":"","meta":{"footnotes":""},"acf":[],"yoast_head":"<!-- This site is optimized with the Yoast SEO plugin v21.9.1 - https:\/\/yoast.com\/wordpress\/plugins\/seo\/ -->\n<title>Exemplaire - AuditionSolidarit\u00e9<\/title>\n<meta name=\"robots\" content=\"index, follow, max-snippet:-1, max-image-preview:large, max-video-preview:-1\" \/>\n<link rel=\"canonical\" href=\"https:\/\/www.auditionsolidarite.org\/en\/mission-humanitaire-madagascar-2023\/\" \/>\n<meta property=\"og:locale\" content=\"en_US\" \/>\n<meta property=\"og:type\" content=\"article\" \/>\n<meta property=\"og:title\" content=\"Exemplaire - AuditionSolidarit\u00e9\" \/>\n<meta property=\"og:description\" content=\"Sorry, this entry is only available in French.AuditionSolidarit\u00e9 de retour \u00e0 Madagascar cinq ans apr\u00e8s son dernier passage \u00a0 Pour la cinqui\u00e8me fois depuis 2014, AuditionSolidarit\u00e9 s\u2019est rendue \u00e0 Antananarivo du 7 au 15 novembre 2023 pour poursuivre son projet humanitaire aupr\u00e8s des enfants d\u00e9favoris\u00e9s sourds et malentendants de l\u2019\u00e9cole sp\u00e9cialis\u00e9e AKA-MA. Cinq ans ! Un temps de pause inhabituellement\" \/>\n<meta property=\"og:url\" content=\"https:\/\/www.auditionsolidarite.org\/en\/mission-humanitaire-madagascar-2023\/\" \/>\n<meta property=\"og:site_name\" content=\"AuditionSolidarit\u00e9\" \/>\n<meta property=\"article:modified_time\" content=\"2024-06-13T12:32:36+00:00\" \/>\n<meta property=\"og:image\" content=\"https:\/\/www.auditionsolidarite.org\/wp-content\/uploads\/2015\/07\/logo-audition-solidarite-e1446132259721.png\" \/>\n\t<meta property=\"og:image:width\" content=\"600\" \/>\n\t<meta property=\"og:image:height\" content=\"593\" \/>\n\t<meta property=\"og:image:type\" content=\"image\/png\" \/>\n<meta name=\"twitter:card\" content=\"summary_large_image\" \/>\n<meta name=\"twitter:label1\" content=\"Est. reading time\" \/>\n\t<meta name=\"twitter:data1\" content=\"3 minutes\" \/>\n<script type=\"application\/ld+json\" class=\"yoast-schema-graph\">{\"@context\":\"https:\/\/schema.org\",\"@graph\":[{\"@type\":\"WebPage\",\"@id\":\"https:\/\/www.auditionsolidarite.org\/en\/mission-humanitaire-madagascar-2023\/\",\"url\":\"https:\/\/www.auditionsolidarite.org\/en\/mission-humanitaire-madagascar-2023\/\",\"name\":\"Exemplaire - AuditionSolidarit\u00e9\",\"isPartOf\":{\"@id\":\"https:\/\/www.auditionsolidarite.org\/en\/#website\"},\"datePublished\":\"2024-05-03T07:58:00+00:00\",\"dateModified\":\"2024-06-13T12:32:36+00:00\",\"breadcrumb\":{\"@id\":\"https:\/\/www.auditionsolidarite.org\/en\/mission-humanitaire-madagascar-2023\/#breadcrumb\"},\"inLanguage\":\"en-US\",\"potentialAction\":[{\"@type\":\"ReadAction\",\"target\":[[\"https:\/\/www.auditionsolidarite.org\/en\/mission-humanitaire-madagascar-2023\/\"]]}]},{\"@type\":\"BreadcrumbList\",\"@id\":\"https:\/\/www.auditionsolidarite.org\/en\/mission-humanitaire-madagascar-2023\/#breadcrumb\",\"itemListElement\":[{\"@type\":\"ListItem\",\"position\":1,\"name\":\"Accueil\",\"item\":\"https:\/\/www.auditionsolidarite.org\/en\/\"},{\"@type\":\"ListItem\",\"position\":2,\"name\":\"Mission Humanitaire \u00e0 Madagascar &#8211; Tana 2023\"}]},{\"@type\":\"WebSite\",\"@id\":\"https:\/\/www.auditionsolidarite.org\/en\/#website\",\"url\":\"https:\/\/www.auditionsolidarite.org\/en\/\",\"name\":\"AuditionSolidarit\u00e9\",\"description\":\"Le hasard n&#039;existe pas ! Si vous \u00eates l\u00e0 aujourd&#039;hui, c&#039;est que le monde de l&#039;audition vous touche... Alors merci d&#039;\u00eatre l\u00e0 !\",\"publisher\":{\"@id\":\"https:\/\/www.auditionsolidarite.org\/en\/#organization\"},\"potentialAction\":[{\"@type\":\"SearchAction\",\"target\":{\"@type\":\"EntryPoint\",\"urlTemplate\":\"https:\/\/www.auditionsolidarite.org\/en\/?s={search_term_string}\"},\"query-input\":\"required name=search_term_string\"}],\"inLanguage\":\"en-US\"},{\"@type\":\"Organization\",\"@id\":\"https:\/\/www.auditionsolidarite.org\/en\/#organization\",\"name\":\"AuditionSolidarit\u00e9\",\"url\":\"https:\/\/www.auditionsolidarite.org\/en\/\",\"logo\":{\"@type\":\"ImageObject\",\"inLanguage\":\"en-US\",\"@id\":\"https:\/\/www.auditionsolidarite.org\/en\/#\/schema\/logo\/image\/\",\"url\":\"https:\/\/www.auditionsolidarite.org\/wp-content\/uploads\/2015\/07\/logo-audition-solidarite-e1446132259721.png\",\"contentUrl\":\"https:\/\/www.auditionsolidarite.org\/wp-content\/uploads\/2015\/07\/logo-audition-solidarite-e1446132259721.png\",\"width\":600,\"height\":593,\"caption\":\"AuditionSolidarit\u00e9\"},\"image\":{\"@id\":\"https:\/\/www.auditionsolidarite.org\/en\/#\/schema\/logo\/image\/\"}}]}<\/script>\n<!-- \/ Yoast SEO plugin. -->","yoast_head_json":{"title":"Exemplaire - AuditionSolidarit\u00e9","robots":{"index":"index","follow":"follow","max-snippet":"max-snippet:-1","max-image-preview":"max-image-preview:large","max-video-preview":"max-video-preview:-1"},"canonical":"https:\/\/www.auditionsolidarite.org\/en\/mission-humanitaire-madagascar-2023\/","og_locale":"en_US","og_type":"article","og_title":"Exemplaire - AuditionSolidarit\u00e9","og_description":"Sorry, this entry is only available in French.AuditionSolidarit\u00e9 de retour \u00e0 Madagascar cinq ans apr\u00e8s son dernier passage \u00a0 Pour la cinqui\u00e8me fois depuis 2014, AuditionSolidarit\u00e9 s\u2019est rendue \u00e0 Antananarivo du 7 au 15 novembre 2023 pour poursuivre son projet humanitaire aupr\u00e8s des enfants d\u00e9favoris\u00e9s sourds et malentendants de l\u2019\u00e9cole sp\u00e9cialis\u00e9e AKA-MA. Cinq ans ! Un temps de pause inhabituellement","og_url":"https:\/\/www.auditionsolidarite.org\/en\/mission-humanitaire-madagascar-2023\/","og_site_name":"AuditionSolidarit\u00e9","article_modified_time":"2024-06-13T12:32:36+00:00","og_image":[{"width":600,"height":593,"url":"https:\/\/www.auditionsolidarite.org\/wp-content\/uploads\/2015\/07\/logo-audition-solidarite-e1446132259721.png","type":"image\/png"}],"twitter_card":"summary_large_image","twitter_misc":{"Est. reading time":"3 minutes"},"schema":{"@context":"https:\/\/schema.org","@graph":[{"@type":"WebPage","@id":"https:\/\/www.auditionsolidarite.org\/en\/mission-humanitaire-madagascar-2023\/","url":"https:\/\/www.auditionsolidarite.org\/en\/mission-humanitaire-madagascar-2023\/","name":"Exemplaire - AuditionSolidarit\u00e9","isPartOf":{"@id":"https:\/\/www.auditionsolidarite.org\/en\/#website"},"datePublished":"2024-05-03T07:58:00+00:00","dateModified":"2024-06-13T12:32:36+00:00","breadcrumb":{"@id":"https:\/\/www.auditionsolidarite.org\/en\/mission-humanitaire-madagascar-2023\/#breadcrumb"},"inLanguage":"en-US","potentialAction":[{"@type":"ReadAction","target":[["https:\/\/www.auditionsolidarite.org\/en\/mission-humanitaire-madagascar-2023\/"]]}]},{"@type":"BreadcrumbList","@id":"https:\/\/www.auditionsolidarite.org\/en\/mission-humanitaire-madagascar-2023\/#breadcrumb","itemListElement":[{"@type":"ListItem","position":1,"name":"Accueil","item":"https:\/\/www.auditionsolidarite.org\/en\/"},{"@type":"ListItem","position":2,"name":"Mission Humanitaire \u00e0 Madagascar &#8211; Tana 2023"}]},{"@type":"WebSite","@id":"https:\/\/www.auditionsolidarite.org\/en\/#website","url":"https:\/\/www.auditionsolidarite.org\/en\/","name":"AuditionSolidarit\u00e9","description":"Le hasard n&#039;existe pas ! Si vous \u00eates l\u00e0 aujourd&#039;hui, c&#039;est que le monde de l&#039;audition vous touche... Alors merci d&#039;\u00eatre l\u00e0 !","publisher":{"@id":"https:\/\/www.auditionsolidarite.org\/en\/#organization"},"potentialAction":[{"@type":"SearchAction","target":{"@type":"EntryPoint","urlTemplate":"https:\/\/www.auditionsolidarite.org\/en\/?s={search_term_string}"},"query-input":"required name=search_term_string"}],"inLanguage":"en-US"},{"@type":"Organization","@id":"https:\/\/www.auditionsolidarite.org\/en\/#organization","name":"AuditionSolidarit\u00e9","url":"https:\/\/www.auditionsolidarite.org\/en\/","logo":{"@type":"ImageObject","inLanguage":"en-US","@id":"https:\/\/www.auditionsolidarite.org\/en\/#\/schema\/logo\/image\/","url":"https:\/\/www.auditionsolidarite.org\/wp-content\/uploads\/2015\/07\/logo-audition-solidarite-e1446132259721.png","contentUrl":"https:\/\/www.auditionsolidarite.org\/wp-content\/uploads\/2015\/07\/logo-audition-solidarite-e1446132259721.png","width":600,"height":593,"caption":"AuditionSolidarit\u00e9"},"image":{"@id":"https:\/\/www.auditionsolidarite.org\/en\/#\/schema\/logo\/image\/"}}]}},"_links":{"self":[{"href":"https:\/\/www.auditionsolidarite.org\/en\/wp-json\/wp\/v2\/pages\/9885"}],"collection":[{"href":"https:\/\/www.auditionsolidarite.org\/en\/wp-json\/wp\/v2\/pages"}],"about":[{"href":"https:\/\/www.auditionsolidarite.org\/en\/wp-json\/wp\/v2\/types\/page"}],"author":[{"embeddable":true,"href":"https:\/\/www.auditionsolidarite.org\/en\/wp-json\/wp\/v2\/users\/2"}],"replies":[{"embeddable":true,"href":"https:\/\/www.auditionsolidarite.org\/en\/wp-json\/wp\/v2\/comments?post=9885"}],"version-history":[{"count":1,"href":"https:\/\/www.auditionsolidarite.org\/en\/wp-json\/wp\/v2\/pages\/9885\/revisions"}],"predecessor-version":[{"id":9887,"href":"https:\/\/www.auditionsolidarite.org\/en\/wp-json\/wp\/v2\/pages\/9885\/revisions\/9887"}],"wp:attachment":[{"href":"https:\/\/www.auditionsolidarite.org\/en\/wp-json\/wp\/v2\/media?parent=9885"}],"curies":[{"name":"wp","href":"https:\/\/api.w.org\/{rel}","templated":true}]}}