{"id":9770,"date":"2024-03-13T15:22:05","date_gmt":"2024-03-13T14:22:05","guid":{"rendered":"https:\/\/www.auditionsolidarite.org\/espace-entre-2-murs-marseille-mars-2023-copy\/"},"modified":"2024-03-13T15:23:43","modified_gmt":"2024-03-13T14:23:43","slug":"espace-entre-2-murs-marseille-mars-2023-copy","status":"publish","type":"page","link":"https:\/\/www.auditionsolidarite.org\/en\/espace-entre-2-murs-marseille-mars-2023-copy\/","title":{"rendered":"Exemplaire"},"content":{"rendered":"<p class=\"qtranxs-available-languages-message qtranxs-available-languages-message-en\">Sorry, this entry is only available in <a href=\"https:\/\/www.auditionsolidarite.org\/fr\/wp-json\/wp\/v2\/pages\/9770\" class=\"qtranxs-available-language-link qtranxs-available-language-link-fr\" title=\"Fran\u00e7ais\">French<\/a>.<\/p><strong>Marseille, the place to be ! <b><br \/>\n<\/b><b><br \/>\n<\/b><\/strong><\/p>\n<p><strong>4 &amp; 5 octobre 2023 : encore une mission intense qui vient confirmer que nous avons toute notre place \u00e0 Marseille.<b><br \/>\n<\/b><b><br \/>\n<\/b><\/strong><\/p>\n<p>Pour les <strong>primo-consultants <\/strong>c\u2019est avant tout prendre le temps de renouer avec la sant\u00e9, de voir un m\u00e9decin ORL et de retrouver du lien social. <b><br \/>\n<\/b><b><br \/>\n<\/b><\/p>\n<p>Apr\u00e8s le bilan auditif, nous rassurons la personne quant \u00e0 son audition et dans d\u2019autres cas, nous redonnons du son en appareillant sur place les personnes malentendantes. Quasiment 50% des personnes re\u00e7ues avait un probl\u00e8me d\u2019audition et bien souvent sans le savoir. C\u2019est ce que nous partage A\u00efcha <strong><em>\u00ab\u00a0C\u2019\u00e9tait une catastrophe, je ne m\u2019en \u00e9tais pas rendue compte\u00a0\u00bb.<\/em><\/strong> Nous posons le diagnostic et nous proposons la solution (l\u2019appareillage) le jour m\u00eame <strong>\u00ab\u00a0Je ne m\u2019attendais pas \u00e0 \u00e7a et surtout pas \u00e0 la solution\u00a0\u00bb<\/strong> nous partage Ordia, une autre b\u00e9n\u00e9ficiaire.\u00a0 <b><\/b><b><br \/>\n<\/b><b><br \/>\n<\/b>Pour les <strong>suivis <\/strong>(personnes d\u00e9j\u00e0 appareill\u00e9es par AuditionSolidarit\u00e9 sur une pr\u00e9c\u00e9dente mission) 16 personnes \u00e9taient au rendez-vous. L\u2019occasion de repasser un moment convivial avec nous, de contr\u00f4ler oreilles et appareils, de redonner des piles et de nous raconter comment est la vie avec des appareils. <strong>\u00c9tape tr\u00e8s importante et indispensable\u00a0<\/strong>! <b><b><br \/>\n<\/b><b><br \/>\n<\/b><\/b><\/p>\n<p>Voici les chiffres de cette mission :<\/p>\n<ul>\n<li><strong>58 <\/strong>personnes d\u00e9munies accueillies<\/li>\n<li><strong>27 <\/strong>personnes appareill\u00e9es<b><br \/>\n<\/b><\/li>\n<li><strong>42 <\/strong>appareils auditifs adapt\u00e9s<\/li>\n<\/ul>\n<p><a href=\"\/\/www.auditionsolidarite.org\/wp-content\/uploads\/2023\/10\/3-photos-Marseille-23.jpg\"><img loading=\"lazy\" decoding=\"async\" class=\"aligncenter size-full wp-image-9555\" src=\"\/\/www.auditionsolidarite.org\/wp-content\/uploads\/2023\/10\/3-photos-Marseille-23.jpg\" alt=\"\" width=\"947\" height=\"250\" srcset=\"https:\/\/www.auditionsolidarite.org\/wp-content\/uploads\/2023\/10\/3-photos-Marseille-23.jpg 947w, https:\/\/www.auditionsolidarite.org\/wp-content\/uploads\/2023\/10\/3-photos-Marseille-23-300x79.jpg 300w, https:\/\/www.auditionsolidarite.org\/wp-content\/uploads\/2023\/10\/3-photos-Marseille-23-768x203.jpg 768w\" sizes=\"(max-width: 947px) 100vw, 947px\" \/><\/a>Merci aux acteurs sociaux marseillais, c\u2019est gr\u00e2ce \u00e0 leur mobilisation et leur lien avec les b\u00e9n\u00e9ficiaires que nous avons pu aider et accompagner toutes ces personnes. \u00a0<span style=\"font-size: 10.0pt; font-family: 'Tahoma',sans-serif; color: #01305c;\"><b><br \/>\n<\/b><b><br \/>\n<\/b><\/span><b><\/b><b><\/b><\/p>\n<p>L\u00e9na et L\u00e9o de Soliguide \u00e9taient, une fois de plus, \u00e0 nos c\u00f4t\u00e9s durant ces 2 jours. Merci\u00a0\ud83d\ude4f<b> <\/b>Un maillon de plus \u00e0 notre cha\u00eene. Ils \u00e9coutent et accompagnent les b\u00e9n\u00e9ficiaires sur les questions pratique du quotidien (o\u00f9 manger, dormir, apprendre le fran\u00e7ais, etc&#8230;). <b><br \/>\n<\/b><b><br \/>\n<\/b><\/p>\n<p>Merci \u00e0 nos m\u00e9c\u00e8nes et aux Fondations Monoprix, Tolot, Veolia, Caritas France, Anber, Sarepta, Petits Fr\u00e8res des Pauvres et \u00e0 A\u00e9sio Mutuelle pour leur pr\u00e9cieux soutien \u2764\ufe0f<b><br \/>\n<\/b><b>\u00a0<\/b><b><br \/>\n<\/b>Merci aux audioproth\u00e9sistes : Lucile Faivre, Virginie Jilliot, Olivier Morlock, Ann Chareyron et Sabine Arthaud<br \/>\nMerci \u00e0 l\u2019ORL : Sylvie Claudin\u00a0<b><b><br \/>\n<\/b><\/b>Merci au fabricant d&#8217;embouts : Julien Bartoli\u00a0<b><b><br \/>\n<\/b><\/b>Merci \u00e0 l&#8217;orthophoniste : Fran\u00e7oise Girard<br \/>\nMerci pour le secr\u00e9tariat \u00e0 Marine Quennesson \u00a0<b><b><br \/>\n<\/b><b><br \/>\n<\/b><\/b><b><\/b><\/p>\n<p><b>En r\u00e9sum\u00e9\u00a0\ud83d\udc49\u00a0Une \u00e9quipe extra, des acteurs sociaux engag\u00e9s, des b\u00e9n\u00e9ficiaires resplendissants\u2026bref plus belle la vie \u00e0 Marseille !<\/b><\/p>\n<p>&nbsp;<\/p>\n<p><img loading=\"lazy\" decoding=\"async\" class=\"aligncenter wp-image-9553\" src=\"\/\/www.auditionsolidarite.org\/wp-content\/uploads\/2023\/10\/Marseille_2023-27.jpg\" alt=\"\" width=\"500\" height=\"375\" srcset=\"https:\/\/www.auditionsolidarite.org\/wp-content\/uploads\/2023\/10\/Marseille_2023-27.jpg 900w, https:\/\/www.auditionsolidarite.org\/wp-content\/uploads\/2023\/10\/Marseille_2023-27-300x225.jpg 300w, https:\/\/www.auditionsolidarite.org\/wp-content\/uploads\/2023\/10\/Marseille_2023-27-768x576.jpg 768w\" sizes=\"(max-width: 500px) 100vw, 500px\" \/> <a href=\"\/\/www.auditionsolidarite.org\/wp-content\/uploads\/2023\/10\/Marseille_2023-34.jpg\"><img loading=\"lazy\" decoding=\"async\" class=\"aligncenter wp-image-9554\" src=\"\/\/www.auditionsolidarite.org\/wp-content\/uploads\/2023\/10\/Marseille_2023-34.jpg\" alt=\"\" width=\"500\" height=\"375\" srcset=\"https:\/\/www.auditionsolidarite.org\/wp-content\/uploads\/2023\/10\/Marseille_2023-34.jpg 800w, https:\/\/www.auditionsolidarite.org\/wp-content\/uploads\/2023\/10\/Marseille_2023-34-300x225.jpg 300w, https:\/\/www.auditionsolidarite.org\/wp-content\/uploads\/2023\/10\/Marseille_2023-34-768x576.jpg 768w\" sizes=\"(max-width: 500px) 100vw, 500px\" \/><\/a><\/p>\n<p>&nbsp;","protected":false},"excerpt":{"rendered":"<p>Sorry, this entry is only available in French.Marseille, the place to be ! 4 &amp; 5 octobre 2023 : encore une mission intense qui vient confirmer que nous avons toute notre place \u00e0 Marseille. Pour les primo-consultants c\u2019est avant tout prendre le temps de renouer avec la sant\u00e9, de voir un m\u00e9decin ORL et de retrouver du lien social. Apr\u00e8s<\/p>\n","protected":false},"author":2,"featured_media":0,"parent":0,"menu_order":0,"comment_status":"closed","ping_status":"closed","template":"","meta":{"footnotes":""},"acf":[],"yoast_head":"<!-- This site is optimized with the Yoast SEO plugin v21.9.1 - https:\/\/yoast.com\/wordpress\/plugins\/seo\/ -->\n<title>Exemplaire - AuditionSolidarit\u00e9<\/title>\n<meta name=\"robots\" content=\"index, follow, max-snippet:-1, max-image-preview:large, max-video-preview:-1\" \/>\n<link rel=\"canonical\" href=\"https:\/\/www.auditionsolidarite.org\/en\/espace-entre-2-murs-marseille-mars-2023-copy\/\" \/>\n<meta property=\"og:locale\" content=\"en_US\" \/>\n<meta property=\"og:type\" content=\"article\" \/>\n<meta property=\"og:title\" content=\"Exemplaire - AuditionSolidarit\u00e9\" \/>\n<meta property=\"og:description\" content=\"Sorry, this entry is only available in French.Marseille, the place to be ! 4 &amp; 5 octobre 2023 : encore une mission intense qui vient confirmer que nous avons toute notre place \u00e0 Marseille. Pour les primo-consultants c\u2019est avant tout prendre le temps de renouer avec la sant\u00e9, de voir un m\u00e9decin ORL et de retrouver du lien social. Apr\u00e8s\" \/>\n<meta property=\"og:url\" content=\"https:\/\/www.auditionsolidarite.org\/en\/espace-entre-2-murs-marseille-mars-2023-copy\/\" \/>\n<meta property=\"og:site_name\" content=\"AuditionSolidarit\u00e9\" \/>\n<meta property=\"article:modified_time\" content=\"2024-03-13T14:23:43+00:00\" \/>\n<meta property=\"og:image\" content=\"https:\/\/www.auditionsolidarite.org\/wp-content\/uploads\/2015\/07\/logo-audition-solidarite-e1446132259721.png\" \/>\n\t<meta property=\"og:image:width\" content=\"600\" \/>\n\t<meta property=\"og:image:height\" content=\"593\" \/>\n\t<meta property=\"og:image:type\" content=\"image\/png\" \/>\n<meta name=\"twitter:card\" content=\"summary_large_image\" \/>\n<meta name=\"twitter:label1\" content=\"Est. reading time\" \/>\n\t<meta name=\"twitter:data1\" content=\"3 minutes\" \/>\n<script type=\"application\/ld+json\" class=\"yoast-schema-graph\">{\"@context\":\"https:\/\/schema.org\",\"@graph\":[{\"@type\":\"WebPage\",\"@id\":\"https:\/\/www.auditionsolidarite.org\/en\/espace-entre-2-murs-marseille-mars-2023-copy\/\",\"url\":\"https:\/\/www.auditionsolidarite.org\/en\/espace-entre-2-murs-marseille-mars-2023-copy\/\",\"name\":\"Exemplaire - AuditionSolidarit\u00e9\",\"isPartOf\":{\"@id\":\"https:\/\/www.auditionsolidarite.org\/en\/#website\"},\"datePublished\":\"2024-03-13T14:22:05+00:00\",\"dateModified\":\"2024-03-13T14:23:43+00:00\",\"breadcrumb\":{\"@id\":\"https:\/\/www.auditionsolidarite.org\/en\/espace-entre-2-murs-marseille-mars-2023-copy\/#breadcrumb\"},\"inLanguage\":\"en-US\",\"potentialAction\":[{\"@type\":\"ReadAction\",\"target\":[[\"https:\/\/www.auditionsolidarite.org\/en\/espace-entre-2-murs-marseille-mars-2023-copy\/\"]]}]},{\"@type\":\"BreadcrumbList\",\"@id\":\"https:\/\/www.auditionsolidarite.org\/en\/espace-entre-2-murs-marseille-mars-2023-copy\/#breadcrumb\",\"itemListElement\":[{\"@type\":\"ListItem\",\"position\":1,\"name\":\"Accueil\",\"item\":\"https:\/\/www.auditionsolidarite.org\/en\/\"},{\"@type\":\"ListItem\",\"position\":2,\"name\":\"Espace \u2018Entre 2 Murs\u2019, Marseille \u2013 octobre 2023\"}]},{\"@type\":\"WebSite\",\"@id\":\"https:\/\/www.auditionsolidarite.org\/en\/#website\",\"url\":\"https:\/\/www.auditionsolidarite.org\/en\/\",\"name\":\"AuditionSolidarit\u00e9\",\"description\":\"Le hasard n&#039;existe pas ! Si vous \u00eates l\u00e0 aujourd&#039;hui, c&#039;est que le monde de l&#039;audition vous touche... Alors merci d&#039;\u00eatre l\u00e0 !\",\"publisher\":{\"@id\":\"https:\/\/www.auditionsolidarite.org\/en\/#organization\"},\"potentialAction\":[{\"@type\":\"SearchAction\",\"target\":{\"@type\":\"EntryPoint\",\"urlTemplate\":\"https:\/\/www.auditionsolidarite.org\/en\/?s={search_term_string}\"},\"query-input\":\"required name=search_term_string\"}],\"inLanguage\":\"en-US\"},{\"@type\":\"Organization\",\"@id\":\"https:\/\/www.auditionsolidarite.org\/en\/#organization\",\"name\":\"AuditionSolidarit\u00e9\",\"url\":\"https:\/\/www.auditionsolidarite.org\/en\/\",\"logo\":{\"@type\":\"ImageObject\",\"inLanguage\":\"en-US\",\"@id\":\"https:\/\/www.auditionsolidarite.org\/en\/#\/schema\/logo\/image\/\",\"url\":\"https:\/\/www.auditionsolidarite.org\/wp-content\/uploads\/2015\/07\/logo-audition-solidarite-e1446132259721.png\",\"contentUrl\":\"https:\/\/www.auditionsolidarite.org\/wp-content\/uploads\/2015\/07\/logo-audition-solidarite-e1446132259721.png\",\"width\":600,\"height\":593,\"caption\":\"AuditionSolidarit\u00e9\"},\"image\":{\"@id\":\"https:\/\/www.auditionsolidarite.org\/en\/#\/schema\/logo\/image\/\"}}]}<\/script>\n<!-- \/ Yoast SEO plugin. -->","yoast_head_json":{"title":"Exemplaire - AuditionSolidarit\u00e9","robots":{"index":"index","follow":"follow","max-snippet":"max-snippet:-1","max-image-preview":"max-image-preview:large","max-video-preview":"max-video-preview:-1"},"canonical":"https:\/\/www.auditionsolidarite.org\/en\/espace-entre-2-murs-marseille-mars-2023-copy\/","og_locale":"en_US","og_type":"article","og_title":"Exemplaire - AuditionSolidarit\u00e9","og_description":"Sorry, this entry is only available in French.Marseille, the place to be ! 4 &amp; 5 octobre 2023 : encore une mission intense qui vient confirmer que nous avons toute notre place \u00e0 Marseille. Pour les primo-consultants c\u2019est avant tout prendre le temps de renouer avec la sant\u00e9, de voir un m\u00e9decin ORL et de retrouver du lien social. Apr\u00e8s","og_url":"https:\/\/www.auditionsolidarite.org\/en\/espace-entre-2-murs-marseille-mars-2023-copy\/","og_site_name":"AuditionSolidarit\u00e9","article_modified_time":"2024-03-13T14:23:43+00:00","og_image":[{"width":600,"height":593,"url":"https:\/\/www.auditionsolidarite.org\/wp-content\/uploads\/2015\/07\/logo-audition-solidarite-e1446132259721.png","type":"image\/png"}],"twitter_card":"summary_large_image","twitter_misc":{"Est. reading time":"3 minutes"},"schema":{"@context":"https:\/\/schema.org","@graph":[{"@type":"WebPage","@id":"https:\/\/www.auditionsolidarite.org\/en\/espace-entre-2-murs-marseille-mars-2023-copy\/","url":"https:\/\/www.auditionsolidarite.org\/en\/espace-entre-2-murs-marseille-mars-2023-copy\/","name":"Exemplaire - AuditionSolidarit\u00e9","isPartOf":{"@id":"https:\/\/www.auditionsolidarite.org\/en\/#website"},"datePublished":"2024-03-13T14:22:05+00:00","dateModified":"2024-03-13T14:23:43+00:00","breadcrumb":{"@id":"https:\/\/www.auditionsolidarite.org\/en\/espace-entre-2-murs-marseille-mars-2023-copy\/#breadcrumb"},"inLanguage":"en-US","potentialAction":[{"@type":"ReadAction","target":[["https:\/\/www.auditionsolidarite.org\/en\/espace-entre-2-murs-marseille-mars-2023-copy\/"]]}]},{"@type":"BreadcrumbList","@id":"https:\/\/www.auditionsolidarite.org\/en\/espace-entre-2-murs-marseille-mars-2023-copy\/#breadcrumb","itemListElement":[{"@type":"ListItem","position":1,"name":"Accueil","item":"https:\/\/www.auditionsolidarite.org\/en\/"},{"@type":"ListItem","position":2,"name":"Espace \u2018Entre 2 Murs\u2019, Marseille \u2013 octobre 2023"}]},{"@type":"WebSite","@id":"https:\/\/www.auditionsolidarite.org\/en\/#website","url":"https:\/\/www.auditionsolidarite.org\/en\/","name":"AuditionSolidarit\u00e9","description":"Le hasard n&#039;existe pas ! Si vous \u00eates l\u00e0 aujourd&#039;hui, c&#039;est que le monde de l&#039;audition vous touche... Alors merci d&#039;\u00eatre l\u00e0 !","publisher":{"@id":"https:\/\/www.auditionsolidarite.org\/en\/#organization"},"potentialAction":[{"@type":"SearchAction","target":{"@type":"EntryPoint","urlTemplate":"https:\/\/www.auditionsolidarite.org\/en\/?s={search_term_string}"},"query-input":"required name=search_term_string"}],"inLanguage":"en-US"},{"@type":"Organization","@id":"https:\/\/www.auditionsolidarite.org\/en\/#organization","name":"AuditionSolidarit\u00e9","url":"https:\/\/www.auditionsolidarite.org\/en\/","logo":{"@type":"ImageObject","inLanguage":"en-US","@id":"https:\/\/www.auditionsolidarite.org\/en\/#\/schema\/logo\/image\/","url":"https:\/\/www.auditionsolidarite.org\/wp-content\/uploads\/2015\/07\/logo-audition-solidarite-e1446132259721.png","contentUrl":"https:\/\/www.auditionsolidarite.org\/wp-content\/uploads\/2015\/07\/logo-audition-solidarite-e1446132259721.png","width":600,"height":593,"caption":"AuditionSolidarit\u00e9"},"image":{"@id":"https:\/\/www.auditionsolidarite.org\/en\/#\/schema\/logo\/image\/"}}]}},"_links":{"self":[{"href":"https:\/\/www.auditionsolidarite.org\/en\/wp-json\/wp\/v2\/pages\/9770"}],"collection":[{"href":"https:\/\/www.auditionsolidarite.org\/en\/wp-json\/wp\/v2\/pages"}],"about":[{"href":"https:\/\/www.auditionsolidarite.org\/en\/wp-json\/wp\/v2\/types\/page"}],"author":[{"embeddable":true,"href":"https:\/\/www.auditionsolidarite.org\/en\/wp-json\/wp\/v2\/users\/2"}],"replies":[{"embeddable":true,"href":"https:\/\/www.auditionsolidarite.org\/en\/wp-json\/wp\/v2\/comments?post=9770"}],"version-history":[{"count":1,"href":"https:\/\/www.auditionsolidarite.org\/en\/wp-json\/wp\/v2\/pages\/9770\/revisions"}],"predecessor-version":[{"id":9771,"href":"https:\/\/www.auditionsolidarite.org\/en\/wp-json\/wp\/v2\/pages\/9770\/revisions\/9771"}],"wp:attachment":[{"href":"https:\/\/www.auditionsolidarite.org\/en\/wp-json\/wp\/v2\/media?parent=9770"}],"curies":[{"name":"wp","href":"https:\/\/api.w.org\/{rel}","templated":true}]}}