{"id":9550,"date":"2023-10-19T08:23:11","date_gmt":"2023-10-19T07:23:11","guid":{"rendered":"https:\/\/www.auditionsolidarite.org\/?page_id=9550"},"modified":"2024-01-24T16:03:05","modified_gmt":"2024-01-24T15:03:05","slug":"espace-entre-2-murs-marseille-mars-2023","status":"publish","type":"page","link":"https:\/\/www.auditionsolidarite.org\/en\/espace-entre-2-murs-marseille-mars-2023\/","title":{"rendered":"(Fran\u00e7ais) Espace \u2018Entre 2 Murs\u2019, Marseille \u2013 mars 2023"},"content":{"rendered":"<p class=\"qtranxs-available-languages-message qtranxs-available-languages-message-en\">Sorry, this entry is only available in <a href=\"https:\/\/www.auditionsolidarite.org\/fr\/wp-json\/wp\/v2\/pages\/9550\" class=\"qtranxs-available-language-link qtranxs-available-language-link-fr\" title=\"Fran\u00e7ais\">French<\/a>.<\/p><strong>Mission du 28 f\u00e9vrier &amp; 1er mars \u00e0 Marseille<b><br \/>\n<\/b><\/strong><b><\/b><\/p>\n<p>C\u2019est avec une immense joie que l\u2019\u00e9quipe d\u2019AuditionSolidarit\u00e9 s\u2019est rendue \u00e0 Marseille pour cette 1<sup>\u00e8re<\/sup> mission de l\u2019ann\u00e9e.<b><br \/>\n<\/b><b><br \/>\n<\/b>Nous avons accueilli <strong>52<\/strong> personnes d\u00e9munies\u00a0:<\/p>\n<ul>\n<li><strong>26<\/strong> personnes ont \u00e9t\u00e9 appareill\u00e9es<\/li>\n<li><strong>46<\/strong> appareils auditifs adapt\u00e9s<\/li>\n<li><b><strong>3 <\/strong><\/b>enfants accueillis dont 1 appareill\u00e9<b><br \/>\n<\/b><b><br \/>\n<\/b><\/li>\n<\/ul>\n<p><strong>Que de belles rencontres et de moments chaleureux\u00a0!<b><br \/>\n<\/b><b><br \/>\n<\/b><\/strong>\ud83e\udd1d Travailler main dans la main\u00a0; c\u2019est ce que nous avons fait avec La Pass de Ville de Marseille et Soliguide lors de cette mission. Ils ont pu, sur place, proposer un accompagnement social et de sant\u00e9 en compl\u00e9ment de notre cha\u00eene auditive. <b>\u00a0<\/b><b><br \/>\n<\/b><b> <\/b><br \/>\n\ud83d\udc40 Quelques moments marquants : l\u2019appareillage d\u2019une petite fille \u00e2g\u00e9e de 8 ans, accompagn\u00e9e de ses parents, les yeux se sont mis \u00e0 p\u00e9tiller lorsque le son est arriv\u00e9 dans ses oreilles ou encore d\u2019un monsieur qui communiquait uniquement par une application de traduction, qui avait mal aux oreilles, et d\u2019une femme dont ce jour-l\u00e0 \u00e9tait son anniversaire\u2026 l\u2019\u00e9quipe d\u2019AuditionSolidarit\u00e9 lui a redonn\u00e9 du son et en plus un moment festif en lui chantant un joyeux anniversaire, les larmes de joie sur son beau visage\u2026<b><br \/>\n<\/b><b><br \/>\n<\/b>\ud83d\udcad Imaginez\u2026 des moments o\u00f9 l\u2019on retient sa respiration juste le temps d\u2019apercevoir la r\u00e9action magnifique de ces b\u00e9n\u00e9ficiaires lorsque le son arrive de nouveau \u00e0 eux. C\u2019est juste magique\u00a0!<b><br \/>\n<\/b><br \/>\n\u00catre t\u00e9moin de tant d\u2019humanit\u00e9 et de gratitude de ces b\u00e9n\u00e9ficiaires\u2026 Un grand <strong>Merci.<b><br \/>\n<\/b><b><br \/>\n<\/b><\/strong><\/p>\n<p>Merci \u00e0 tous, acteurs de la solidarit\u00e9, pour avoir diffus\u00e9 le message et orient\u00e9 les b\u00e9n\u00e9ficiaires.<b> <\/b>Gr\u00e2ce \u00e0 vous, ces 26 belles personnes ont retrouv\u00e9 le son et le sourire.<b><br \/>\n<\/b><b><br \/>\n<\/b><\/p>\n<p>Merci \u00e0 nos m\u00e9c\u00e8nes et aux Fondations Tolot, Veolia, Caritas, et Petits Fr\u00e8res des Pauvres pour leur pr\u00e9cieux soutien \u2764\ufe0f<b><br \/>\n<\/b><b><br \/>\n<\/b><b><b><\/b><b><\/b><\/b><b><b><\/b><\/b>Merci aux audioproth\u00e9sistes : Georges Ormancey, Marjorie Lombardi, Caroline Abrial, Cassandre Marzin et Matt\u00e9o Galmiche<br \/>\nMerci \u00e0 l\u2019ORL : Luc Moulonguet<b><br \/>\n<\/b>Merci au fabricant d&#8217;embouts : R\u00e9my Garrel<b><br \/>\n<\/b>Merci \u00e0 l&#8217;orthophoniste : Fran\u00e7oise Girard<br \/>\nMerci pour le secr\u00e9tariat \u00e0 Marion Ormancey<b><br \/>\n<\/b><b><br \/>\n<\/b>Retour \u00e0 Marseille le 4 &amp; 5 octobre 2023 &#8211; Espace Entre 2 murs 318 rue Saint-Pierre 13005 Marseille<b><br \/>\n<\/b><b><br \/>\n<\/b><b><\/b>Inscriptions sur ce lien <a href=\"https:\/\/forms.gle\/gTJv1WJNavNNu2837\"><strong>ICI<\/strong><b><br \/>\n<\/b><\/a><\/p>\n<p style=\"text-align: center;\"><strong>Interviews de l&#8217;\u00e9quipe<br \/>\n<\/strong><\/p>\n<table>\n<tbody>\n<tr>\n<td style=\"text-align: center;\">Marjorie Lombardi &#8211; Audioproth\u00e9siste<b><br \/>\n<iframe loading=\"lazy\" title=\"YouTube video player\" src=\"https:\/\/www.youtube-nocookie.com\/embed\/x94pRoCOqZc\" width=\"250\" height=\"180\" frameborder=\"0\" allowfullscreen=\"allowfullscreen\"><span style=\"display: inline-block; width: 0px; overflow: hidden; line-height: 0;\" data-mce-type=\"bookmark\" class=\"mce_SELRES_start\">\ufeff<\/span><\/iframe><br \/>\n<\/b><\/td>\n<td style=\"text-align: center;\">Caroline Abrial- Audioproth\u00e9siste<b><br \/>\n<iframe loading=\"lazy\" title=\"YouTube video player\" src=\"https:\/\/www.youtube-nocookie.com\/embed\/gP5i6O0tfXw\" width=\"250\" height=\"180\" frameborder=\"0\" allowfullscreen=\"allowfullscreen\"><\/iframe><br \/>\n<\/b><\/td>\n<\/tr>\n<tr>\n<td style=\"text-align: center;\">Cassandre Marzin &#8211; Audioproth\u00e9siste<b><\/b><br \/>\n<iframe loading=\"lazy\" title=\"YouTube video player\" src=\"https:\/\/www.youtube-nocookie.com\/embed\/k8sorHdwtcs\" width=\"250\" height=\"180\" frameborder=\"0\" allowfullscreen=\"allowfullscreen\"><\/iframe><\/td>\n<td style=\"text-align: center;\">Matt\u00e9o Galmiche &#8211; Audioproth\u00e9siste<br \/>\n<iframe loading=\"lazy\" title=\"YouTube video player\" src=\"https:\/\/www.youtube-nocookie.com\/embed\/QPGxJEYjXvE\" width=\"250\" height=\"180\" frameborder=\"0\" allowfullscreen=\"allowfullscreen\"><span style=\"display: inline-block; width: 0px; overflow: hidden; line-height: 0;\" data-mce-type=\"bookmark\" class=\"mce_SELRES_start\">\ufeff<\/span><\/iframe><\/td>\n<\/tr>\n<tr>\n<td style=\"text-align: center;\">Fran\u00e7oise Girard &#8211; Orthophoniste<br \/>\n<iframe loading=\"lazy\" title=\"YouTube video player\" src=\"https:\/\/www.youtube-nocookie.com\/embed\/1KNPRR3uD6I\" width=\"250\" height=\"180\" frameborder=\"0\" allowfullscreen=\"allowfullscreen\"><span style=\"display: inline-block; width: 0px; overflow: hidden; line-height: 0;\" data-mce-type=\"bookmark\" class=\"mce_SELRES_start\">\ufeff<\/span><\/iframe><\/td>\n<td style=\"text-align: center;\"><\/td>\n<\/tr>\n<\/tbody>\n<\/table>\n<p><a href=\"\/\/www.auditionsolidarite.org\/wp-content\/uploads\/2023\/03\/1-PS-BD.jpg\"><img loading=\"lazy\" decoding=\"async\" class=\"aligncenter wp-image-9341\" src=\"\/\/www.auditionsolidarite.org\/wp-content\/uploads\/2023\/03\/1-PS-BD.jpg\" alt=\"\" width=\"400\" height=\"300\" srcset=\"https:\/\/www.auditionsolidarite.org\/wp-content\/uploads\/2023\/03\/1-PS-BD.jpg 500w, https:\/\/www.auditionsolidarite.org\/wp-content\/uploads\/2023\/03\/1-PS-BD-300x225.jpg 300w\" sizes=\"(max-width: 400px) 100vw, 400px\" \/><\/a> <a href=\"\/\/www.auditionsolidarite.org\/wp-content\/uploads\/2023\/03\/5-PS-BD.jpg\"><img loading=\"lazy\" decoding=\"async\" class=\"aligncenter wp-image-9342\" src=\"\/\/www.auditionsolidarite.org\/wp-content\/uploads\/2023\/03\/5-PS-BD.jpg\" alt=\"\" width=\"400\" height=\"300\" srcset=\"https:\/\/www.auditionsolidarite.org\/wp-content\/uploads\/2023\/03\/5-PS-BD.jpg 500w, https:\/\/www.auditionsolidarite.org\/wp-content\/uploads\/2023\/03\/5-PS-BD-300x225.jpg 300w\" sizes=\"(max-width: 400px) 100vw, 400px\" \/><\/a><\/p>\n<p>&nbsp;","protected":false},"excerpt":{"rendered":"<p>Sorry, this entry is only available in French.Mission du 28 f\u00e9vrier &amp; 1er mars \u00e0 Marseille C\u2019est avec une immense joie que l\u2019\u00e9quipe d\u2019AuditionSolidarit\u00e9 s\u2019est rendue \u00e0 Marseille pour cette 1\u00e8re mission de l\u2019ann\u00e9e. Nous avons accueilli 52 personnes d\u00e9munies\u00a0: 26 personnes ont \u00e9t\u00e9 appareill\u00e9es 46 appareils auditifs adapt\u00e9s 3 enfants accueillis dont 1 appareill\u00e9 Que de belles rencontres et<\/p>\n","protected":false},"author":2,"featured_media":0,"parent":0,"menu_order":0,"comment_status":"closed","ping_status":"closed","template":"","meta":{"footnotes":""},"acf":[],"yoast_head":"<!-- This site is optimized with the Yoast SEO plugin v21.9.1 - https:\/\/yoast.com\/wordpress\/plugins\/seo\/ -->\n<title>(Fran\u00e7ais) Espace \u2018Entre 2 Murs\u2019, Marseille \u2013 mars 2023 - AuditionSolidarit\u00e9<\/title>\n<meta name=\"robots\" content=\"index, follow, max-snippet:-1, max-image-preview:large, max-video-preview:-1\" \/>\n<link rel=\"canonical\" href=\"https:\/\/www.auditionsolidarite.org\/en\/espace-entre-2-murs-marseille-mars-2023\/\" \/>\n<meta property=\"og:locale\" content=\"en_US\" \/>\n<meta property=\"og:type\" content=\"article\" \/>\n<meta property=\"og:title\" content=\"(Fran\u00e7ais) Espace \u2018Entre 2 Murs\u2019, Marseille \u2013 mars 2023 - AuditionSolidarit\u00e9\" \/>\n<meta property=\"og:description\" content=\"Sorry, this entry is only available in French.Mission du 28 f\u00e9vrier &amp; 1er mars \u00e0 Marseille C\u2019est avec une immense joie que l\u2019\u00e9quipe d\u2019AuditionSolidarit\u00e9 s\u2019est rendue \u00e0 Marseille pour cette 1\u00e8re mission de l\u2019ann\u00e9e. Nous avons accueilli 52 personnes d\u00e9munies\u00a0: 26 personnes ont \u00e9t\u00e9 appareill\u00e9es 46 appareils auditifs adapt\u00e9s 3 enfants accueillis dont 1 appareill\u00e9 Que de belles rencontres et\" \/>\n<meta property=\"og:url\" content=\"https:\/\/www.auditionsolidarite.org\/en\/espace-entre-2-murs-marseille-mars-2023\/\" \/>\n<meta property=\"og:site_name\" content=\"AuditionSolidarit\u00e9\" \/>\n<meta property=\"article:modified_time\" content=\"2024-01-24T15:03:05+00:00\" \/>\n<meta property=\"og:image\" content=\"https:\/\/www.auditionsolidarite.org\/wp-content\/uploads\/2015\/07\/logo-audition-solidarite-e1446132259721.png\" \/>\n\t<meta property=\"og:image:width\" content=\"600\" \/>\n\t<meta property=\"og:image:height\" content=\"593\" \/>\n\t<meta property=\"og:image:type\" content=\"image\/png\" \/>\n<meta name=\"twitter:card\" content=\"summary_large_image\" \/>\n<meta name=\"twitter:label1\" content=\"Est. reading time\" \/>\n\t<meta name=\"twitter:data1\" content=\"3 minutes\" \/>\n<script type=\"application\/ld+json\" class=\"yoast-schema-graph\">{\"@context\":\"https:\/\/schema.org\",\"@graph\":[{\"@type\":\"WebPage\",\"@id\":\"https:\/\/www.auditionsolidarite.org\/en\/espace-entre-2-murs-marseille-mars-2023\/\",\"url\":\"https:\/\/www.auditionsolidarite.org\/en\/espace-entre-2-murs-marseille-mars-2023\/\",\"name\":\"(Fran\u00e7ais) Espace \u2018Entre 2 Murs\u2019, Marseille \u2013 mars 2023 - AuditionSolidarit\u00e9\",\"isPartOf\":{\"@id\":\"https:\/\/www.auditionsolidarite.org\/en\/#website\"},\"datePublished\":\"2023-10-19T07:23:11+00:00\",\"dateModified\":\"2024-01-24T15:03:05+00:00\",\"breadcrumb\":{\"@id\":\"https:\/\/www.auditionsolidarite.org\/en\/espace-entre-2-murs-marseille-mars-2023\/#breadcrumb\"},\"inLanguage\":\"en-US\",\"potentialAction\":[{\"@type\":\"ReadAction\",\"target\":[[\"https:\/\/www.auditionsolidarite.org\/en\/espace-entre-2-murs-marseille-mars-2023\/\"]]}]},{\"@type\":\"BreadcrumbList\",\"@id\":\"https:\/\/www.auditionsolidarite.org\/en\/espace-entre-2-murs-marseille-mars-2023\/#breadcrumb\",\"itemListElement\":[{\"@type\":\"ListItem\",\"position\":1,\"name\":\"Accueil\",\"item\":\"https:\/\/www.auditionsolidarite.org\/en\/\"},{\"@type\":\"ListItem\",\"position\":2,\"name\":\"Espace \u2018Entre 2 Murs\u2019, Marseille \u2013 mars 2023\"}]},{\"@type\":\"WebSite\",\"@id\":\"https:\/\/www.auditionsolidarite.org\/en\/#website\",\"url\":\"https:\/\/www.auditionsolidarite.org\/en\/\",\"name\":\"AuditionSolidarit\u00e9\",\"description\":\"Le hasard n&#039;existe pas ! Si vous \u00eates l\u00e0 aujourd&#039;hui, c&#039;est que le monde de l&#039;audition vous touche... Alors merci d&#039;\u00eatre l\u00e0 !\",\"publisher\":{\"@id\":\"https:\/\/www.auditionsolidarite.org\/en\/#organization\"},\"potentialAction\":[{\"@type\":\"SearchAction\",\"target\":{\"@type\":\"EntryPoint\",\"urlTemplate\":\"https:\/\/www.auditionsolidarite.org\/en\/?s={search_term_string}\"},\"query-input\":\"required name=search_term_string\"}],\"inLanguage\":\"en-US\"},{\"@type\":\"Organization\",\"@id\":\"https:\/\/www.auditionsolidarite.org\/en\/#organization\",\"name\":\"AuditionSolidarit\u00e9\",\"url\":\"https:\/\/www.auditionsolidarite.org\/en\/\",\"logo\":{\"@type\":\"ImageObject\",\"inLanguage\":\"en-US\",\"@id\":\"https:\/\/www.auditionsolidarite.org\/en\/#\/schema\/logo\/image\/\",\"url\":\"https:\/\/www.auditionsolidarite.org\/wp-content\/uploads\/2015\/07\/logo-audition-solidarite-e1446132259721.png\",\"contentUrl\":\"https:\/\/www.auditionsolidarite.org\/wp-content\/uploads\/2015\/07\/logo-audition-solidarite-e1446132259721.png\",\"width\":600,\"height\":593,\"caption\":\"AuditionSolidarit\u00e9\"},\"image\":{\"@id\":\"https:\/\/www.auditionsolidarite.org\/en\/#\/schema\/logo\/image\/\"}}]}<\/script>\n<!-- \/ Yoast SEO plugin. -->","yoast_head_json":{"title":"(Fran\u00e7ais) Espace \u2018Entre 2 Murs\u2019, Marseille \u2013 mars 2023 - AuditionSolidarit\u00e9","robots":{"index":"index","follow":"follow","max-snippet":"max-snippet:-1","max-image-preview":"max-image-preview:large","max-video-preview":"max-video-preview:-1"},"canonical":"https:\/\/www.auditionsolidarite.org\/en\/espace-entre-2-murs-marseille-mars-2023\/","og_locale":"en_US","og_type":"article","og_title":"(Fran\u00e7ais) Espace \u2018Entre 2 Murs\u2019, Marseille \u2013 mars 2023 - AuditionSolidarit\u00e9","og_description":"Sorry, this entry is only available in French.Mission du 28 f\u00e9vrier &amp; 1er mars \u00e0 Marseille C\u2019est avec une immense joie que l\u2019\u00e9quipe d\u2019AuditionSolidarit\u00e9 s\u2019est rendue \u00e0 Marseille pour cette 1\u00e8re mission de l\u2019ann\u00e9e. Nous avons accueilli 52 personnes d\u00e9munies\u00a0: 26 personnes ont \u00e9t\u00e9 appareill\u00e9es 46 appareils auditifs adapt\u00e9s 3 enfants accueillis dont 1 appareill\u00e9 Que de belles rencontres et","og_url":"https:\/\/www.auditionsolidarite.org\/en\/espace-entre-2-murs-marseille-mars-2023\/","og_site_name":"AuditionSolidarit\u00e9","article_modified_time":"2024-01-24T15:03:05+00:00","og_image":[{"width":600,"height":593,"url":"https:\/\/www.auditionsolidarite.org\/wp-content\/uploads\/2015\/07\/logo-audition-solidarite-e1446132259721.png","type":"image\/png"}],"twitter_card":"summary_large_image","twitter_misc":{"Est. reading time":"3 minutes"},"schema":{"@context":"https:\/\/schema.org","@graph":[{"@type":"WebPage","@id":"https:\/\/www.auditionsolidarite.org\/en\/espace-entre-2-murs-marseille-mars-2023\/","url":"https:\/\/www.auditionsolidarite.org\/en\/espace-entre-2-murs-marseille-mars-2023\/","name":"(Fran\u00e7ais) Espace \u2018Entre 2 Murs\u2019, Marseille \u2013 mars 2023 - AuditionSolidarit\u00e9","isPartOf":{"@id":"https:\/\/www.auditionsolidarite.org\/en\/#website"},"datePublished":"2023-10-19T07:23:11+00:00","dateModified":"2024-01-24T15:03:05+00:00","breadcrumb":{"@id":"https:\/\/www.auditionsolidarite.org\/en\/espace-entre-2-murs-marseille-mars-2023\/#breadcrumb"},"inLanguage":"en-US","potentialAction":[{"@type":"ReadAction","target":[["https:\/\/www.auditionsolidarite.org\/en\/espace-entre-2-murs-marseille-mars-2023\/"]]}]},{"@type":"BreadcrumbList","@id":"https:\/\/www.auditionsolidarite.org\/en\/espace-entre-2-murs-marseille-mars-2023\/#breadcrumb","itemListElement":[{"@type":"ListItem","position":1,"name":"Accueil","item":"https:\/\/www.auditionsolidarite.org\/en\/"},{"@type":"ListItem","position":2,"name":"Espace \u2018Entre 2 Murs\u2019, Marseille \u2013 mars 2023"}]},{"@type":"WebSite","@id":"https:\/\/www.auditionsolidarite.org\/en\/#website","url":"https:\/\/www.auditionsolidarite.org\/en\/","name":"AuditionSolidarit\u00e9","description":"Le hasard n&#039;existe pas ! Si vous \u00eates l\u00e0 aujourd&#039;hui, c&#039;est que le monde de l&#039;audition vous touche... Alors merci d&#039;\u00eatre l\u00e0 !","publisher":{"@id":"https:\/\/www.auditionsolidarite.org\/en\/#organization"},"potentialAction":[{"@type":"SearchAction","target":{"@type":"EntryPoint","urlTemplate":"https:\/\/www.auditionsolidarite.org\/en\/?s={search_term_string}"},"query-input":"required name=search_term_string"}],"inLanguage":"en-US"},{"@type":"Organization","@id":"https:\/\/www.auditionsolidarite.org\/en\/#organization","name":"AuditionSolidarit\u00e9","url":"https:\/\/www.auditionsolidarite.org\/en\/","logo":{"@type":"ImageObject","inLanguage":"en-US","@id":"https:\/\/www.auditionsolidarite.org\/en\/#\/schema\/logo\/image\/","url":"https:\/\/www.auditionsolidarite.org\/wp-content\/uploads\/2015\/07\/logo-audition-solidarite-e1446132259721.png","contentUrl":"https:\/\/www.auditionsolidarite.org\/wp-content\/uploads\/2015\/07\/logo-audition-solidarite-e1446132259721.png","width":600,"height":593,"caption":"AuditionSolidarit\u00e9"},"image":{"@id":"https:\/\/www.auditionsolidarite.org\/en\/#\/schema\/logo\/image\/"}}]}},"_links":{"self":[{"href":"https:\/\/www.auditionsolidarite.org\/en\/wp-json\/wp\/v2\/pages\/9550"}],"collection":[{"href":"https:\/\/www.auditionsolidarite.org\/en\/wp-json\/wp\/v2\/pages"}],"about":[{"href":"https:\/\/www.auditionsolidarite.org\/en\/wp-json\/wp\/v2\/types\/page"}],"author":[{"embeddable":true,"href":"https:\/\/www.auditionsolidarite.org\/en\/wp-json\/wp\/v2\/users\/2"}],"replies":[{"embeddable":true,"href":"https:\/\/www.auditionsolidarite.org\/en\/wp-json\/wp\/v2\/comments?post=9550"}],"version-history":[{"count":2,"href":"https:\/\/www.auditionsolidarite.org\/en\/wp-json\/wp\/v2\/pages\/9550\/revisions"}],"predecessor-version":[{"id":9700,"href":"https:\/\/www.auditionsolidarite.org\/en\/wp-json\/wp\/v2\/pages\/9550\/revisions\/9700"}],"wp:attachment":[{"href":"https:\/\/www.auditionsolidarite.org\/en\/wp-json\/wp\/v2\/media?parent=9550"}],"curies":[{"name":"wp","href":"https:\/\/api.w.org\/{rel}","templated":true}]}}