{"id":9535,"date":"2023-10-10T08:40:54","date_gmt":"2023-10-10T07:40:54","guid":{"rendered":"https:\/\/www.auditionsolidarite.org\/hopital-rothschild-paroisse-saint-marcel-paris-septembre-2022-copy\/"},"modified":"2024-01-24T15:44:54","modified_gmt":"2024-01-24T14:44:54","slug":"hopital-rothschild-paroisse-saint-marcel-paris-septembre-2022-copy","status":"publish","type":"page","link":"https:\/\/www.auditionsolidarite.org\/en\/hopital-rothschild-paroisse-saint-marcel-paris-septembre-2022-copy\/","title":{"rendered":"Exemplaire"},"content":{"rendered":"<p class=\"qtranxs-available-languages-message qtranxs-available-languages-message-en\">Sorry, this entry is only available in <a href=\"https:\/\/www.auditionsolidarite.org\/fr\/wp-json\/wp\/v2\/pages\/9535\" class=\"qtranxs-available-language-link qtranxs-available-language-link-fr\" title=\"Fran\u00e7ais\">French<\/a>.<\/p><strong>Mission Paris du 28, 29, 30 et 31 mars 2023<\/strong><strong><b><br \/>\n<\/b><\/strong><\/p>\n<p>C\u2019est avec bonheur que l\u2019\u00e9quipe d\u2019AuditionSolidarit\u00e9 s\u2019est rendue \u00e0 Paris pour cette 2<sup>\u00e8me<\/sup> mission de l\u2019ann\u00e9e apr\u00e8s la mission de Marseille fin f\u00e9vrier.<b><br \/>\n<\/b><b><br \/>\n<\/b><\/p>\n<p>Voici les chiffres de cette mission en 4 jours et ils sont impressionnants\u00a0:<\/p>\n<table border=\"1\">\n<tbody>\n<tr>\n<td>Au total sur les 4 jours<\/td>\n<\/tr>\n<tr>\n<td>180 personnes accueillies<\/td>\n<\/tr>\n<tr>\n<td>64 personnes appareill\u00e9es<\/td>\n<\/tr>\n<tr>\n<td>47 personnes en contr\u00f4le d&#8217;appareillage<\/td>\n<\/tr>\n<tr>\n<td>101 appareils adapt\u00e9s<b><br \/>\n<\/b><\/td>\n<\/tr>\n<\/tbody>\n<\/table>\n<p><b><b><br \/>\n<\/b>Le d\u00e9tail :<br \/>\n<\/b><\/p>\n<table style=\"width: 699px;\" border=\"1\">\n<tbody>\n<tr style=\"height: 24px;\">\n<td style=\"width: 335px; height: 24px;\">H\u00f4pital Rothschild les 28 &amp; 29 mars<\/td>\n<td style=\"width: 364px; height: 24px;\">Paroisse Saint-Marcel les 30 &amp; 31 mars<\/td>\n<\/tr>\n<tr style=\"height: 24px;\">\n<td style=\"width: 335px; height: 24px;\">80 personnes accueillies<\/td>\n<td style=\"width: 364px; height: 24px;\">100 personnes accueillies<\/td>\n<\/tr>\n<tr style=\"height: 24px;\">\n<td style=\"width: 335px; height: 24px;\">32 personnes appareill\u00e9es<\/td>\n<td style=\"width: 364px; height: 24px;\">32 personnes appareill\u00e9es<\/td>\n<\/tr>\n<tr style=\"height: 24px;\">\n<td style=\"width: 335px; height: 24px;\">51 appareils adapt\u00e9s<\/td>\n<td style=\"width: 364px; height: 24px;\">50 appareils adapt\u00e9s<\/td>\n<\/tr>\n<\/tbody>\n<\/table>\n<p>&nbsp;<\/p>\n<p>Il fallait deux \u00e9quipes de 15 professionnels de l\u2019audition tr\u00e8s performantes pour faire face \u00e0 cette affluence, bravo \u00e0 eux.<b><br \/>\n<\/b><b><br \/>\n<\/b><\/p>\n<p>Pour citer l\u2019un d\u2019eux sur la mission \u00ab Nous avons donn\u00e9 \u00e0 ces b\u00e9n\u00e9ficiaires un petit rayon de soleil et une meilleure audition mais de par leurs sourires, leur force de vie, ce sont eux qui nous ont donn\u00e9s\u2026 \u00bb<b><br \/>\n<\/b><b><br \/>\n<\/b><\/p>\n<p>Un grand merci \u00e0 l\u2019H\u00f4pital Rothschild ainsi qu\u2019au P\u00e8re Benoit de la Paroisse Saint-Marcel pour leur accueil et leur disponibilit\u00e9. Merci pour ces lieux qui sont si pr\u00e9cieux pour r\u00e9aliser nos missions.<b><br \/>\n<\/b><b><br \/>\n<\/b><\/p>\n<p>Un remerciement aussi \u00e0 l\u2019association Soliguide pour l\u2019accompagnement tout au long de cette mission : ils ont pu sur place proposer un accompagnement social et de sant\u00e9 en compl\u00e9ment de notre cha\u00eene auditive, ce fut une vraie valeur ajout\u00e9e \u00e0 cette mission, merci \u00e0 eux.<b><br \/>\n<\/b><b><br \/>\n<\/b><\/p>\n<p>Merci aux acteurs de la solidarit\u00e9, pour avoir diffus\u00e9 le message et orient\u00e9 les b\u00e9n\u00e9ficiaires. Gr\u00e2ce \u00e0 eux, beaucoup de ces personnes ont retrouv\u00e9 le son et le sourire.<b><br \/>\n<\/b><b><br \/>\n<\/b><\/p>\n<p><strong>Merci<\/strong> aux deux \u00e9quipes qui se sont succ\u00e9d\u00e9 sur ces 2 missions :<b><br \/>\n<\/b><\/p>\n<ul>\n<li dir=\"auto\">Les audioproth\u00e9sistes : Kiki Bourger, Laurent Buri, Jean-Baptiste Revel, J\u00e9r\u00f4me Laboux, St\u00e9phane Gratien, Louis Debruille, Hugo Moreau et Manuella Jegu<\/li>\n<li dir=\"auto\">L\u2019ortho : Clotilde Faure<\/li>\n<li dir=\"auto\">La fabrication des embouts : Jean-Pierre Fogel, Beno\u00eet Hammer et J\u00e9r\u00f4me Defond<\/li>\n<li dir=\"auto\">L\u2019ORL : Nathalie Petroff et Luc Moulonguet<\/li>\n<li dir=\"auto\">Les \u00e9tudiantes : Sophie Malard et B\u00e9r\u00e9nice Champault<\/li>\n<li dir=\"auto\">Le secr\u00e9tariat : Sophie Jolly, Marion Ormancey et Blandine Petit<\/li>\n<li dir=\"auto\">La logistique : Carole et Adrien<b><br \/>\n<\/b><b><br \/>\n<\/b><\/li>\n<\/ul>\n<p>Un grand <strong>Merci<\/strong> \u00e0 la Fondation Tolot, \u00e0 la Fondation Veolia, \u00e0 la Fondation Caritas, \u00e0 la Fondation Petits Fr\u00e8res des Pauvres pour leur soutien si pr\u00e9cieux.<b><b><br \/>\n<\/b><b><br \/>\n<\/b><\/b>Prochaine mission \u00e0 Paris :<\/p>\n<ul>\n<li>les 19 &amp; 20 septembre 2023 \u00e0 l\u2019H\u00f4pital Rothschild pour les primo-consultants sur inscriptions =&gt; <a href=\"https:\/\/forms.gle\/YLr2nxpGKvPfEyEd9\">ICI<b> <\/b><\/a><\/li>\n<li>les 21 &amp; 22 septembre 2023 au sein de la paroisse Saint-Marcel pour les suivis sans rendez-vous<b><br \/>\n<\/b><b><br \/>\n<\/b><\/li>\n<\/ul>\n<p style=\"text-align: center;\"><strong>Interview &#8211; <b><b>\u00c9quipe H\u00f4pital Rothschild<\/b><\/b><\/strong><\/p>\n<table style=\"width: 700px;\">\n<tbody>\n<tr>\n<td style=\"text-align: center; width: 236px;\">Laurent Buri<b><br \/>\n<\/b>Audioproth\u00e9siste<br \/>\n<iframe loading=\"lazy\" title=\"YouTube video player\" src=\"https:\/\/www.youtube-nocookie.com\/embed\/0Ss7OeD9ChQ\" width=\"250\" height=\"180\" frameborder=\"0\" allowfullscreen=\"allowfullscreen\"><span style=\"display: inline-block; width: 0px; overflow: hidden; line-height: 0;\" data-mce-type=\"bookmark\" class=\"mce_SELRES_start\">\ufeff<\/span><\/iframe><\/td>\n<td style=\"text-align: center; width: 236px;\">\n<p class=\"style-scope ytd-watch-metadata\">Jean-Baptiste Revel Audioproth\u00e9siste<b><iframe loading=\"lazy\" title=\"YouTube video player\" src=\"https:\/\/www.youtube-nocookie.com\/embed\/UGmPXUOJuJ8\" width=\"250\" height=\"180\" frameborder=\"0\" allowfullscreen=\"allowfullscreen\"><span style=\"display: inline-block; width: 0px; overflow: hidden; line-height: 0;\" data-mce-type=\"bookmark\" class=\"mce_SELRES_start\">\ufeff<\/span><\/iframe><br \/>\n<\/b><\/p>\n<\/td>\n<td style=\"text-align: center; width: 228px;\">\n<p class=\"title style-scope ytd-video-primary-info-renderer\">Sophie Jolly<b><br \/>\n<\/b>Secr\u00e9tariat<br \/>\n<iframe loading=\"lazy\" title=\"YouTube video player\" src=\"https:\/\/www.youtube-nocookie.com\/embed\/vPd5xiQJ2rk\" width=\"250\" height=\"180\" frameborder=\"0\" allowfullscreen=\"allowfullscreen\"><span style=\"display: inline-block; width: 0px; overflow: hidden; line-height: 0;\" data-mce-type=\"bookmark\" class=\"mce_SELRES_start\">\ufeff<\/span><\/iframe><\/p>\n<\/td>\n<\/tr>\n<tr>\n<td style=\"text-align: center; width: 236px;\">\n<p class=\"title style-scope ytd-video-primary-info-renderer\">Jer\u00f4me Laboux<br \/>\nAudioproth\u00e9siste<br \/>\n<iframe loading=\"lazy\" title=\"YouTube video player\" src=\"https:\/\/www.youtube-nocookie.com\/embed\/o5DPvn4LvqI\" width=\"250\" height=\"180\" frameborder=\"0\" allowfullscreen=\"allowfullscreen\"><span style=\"display: inline-block; width: 0px; overflow: hidden; line-height: 0;\" data-mce-type=\"bookmark\" class=\"mce_SELRES_start\">\ufeff<\/span><\/iframe><\/p>\n<\/td>\n<td style=\"text-align: center; width: 236px;\">\n<p class=\"title style-scope ytd-video-primary-info-renderer\">\n<\/td>\n<td style=\"text-align: center; width: 228px;\">\n<p class=\"title style-scope ytd-video-primary-info-renderer\">\n<\/td>\n<\/tr>\n<\/tbody>\n<\/table>\n<p style=\"text-align: center;\"><b><strong><b><br \/>\n<\/b>Interview &#8211; \u00c9quipe Paroisse Saint-Marcel<\/strong><\/b><b><br \/>\n<\/b><\/p>\n<table style=\"border-collapse: collapse; width: 100%;\" border=\"1\">\n<tbody>\n<tr>\n<td style=\"width: 34.1429%;\">\n<p style=\"text-align: center;\">St\u00e9phane Gratien<br \/>\nAudioproth\u00e9siste<\/p>\n<p><iframe loading=\"lazy\" title=\"YouTube video player\" src=\"https:\/\/www.youtube-nocookie.com\/embed\/hcFhB4KyRO4\" width=\"250\" height=\"180\" frameborder=\"0\" allowfullscreen=\"allowfullscreen\"><span style=\"display: inline-block; width: 0px; overflow: hidden; line-height: 0;\" data-mce-type=\"bookmark\" class=\"mce_SELRES_start\">\ufeff<\/span><\/iframe><\/td>\n<td style=\"width: 31%;\">\n<p style=\"text-align: center;\">Manuella Jegu<b><br \/>\n<\/b>Audioproth\u00e9siste<\/p>\n<p><iframe loading=\"lazy\" title=\"YouTube video player\" src=\"https:\/\/www.youtube-nocookie.com\/embed\/pfGBm6nivy4\" width=\"250\" height=\"180\" frameborder=\"0\" allowfullscreen=\"allowfullscreen\"><span style=\"display: inline-block; width: 0px; overflow: hidden; line-height: 0;\" data-mce-type=\"bookmark\" class=\"mce_SELRES_start\">\ufeff<\/span><\/iframe><\/td>\n<td style=\"width: 34.8571%;\">\n<p class=\"style-scope ytd-watch-metadata\" style=\"text-align: center;\">Louis Debruille <b><br \/>\n<\/b>Audioproth\u00e9siste<b><iframe loading=\"lazy\" title=\"YouTube video player\" src=\"https:\/\/www.youtube-nocookie.com\/embed\/a1HLCiFRk38\" width=\"250\" height=\"180\" frameborder=\"0\" allowfullscreen=\"allowfullscreen\"><span data-mce-type=\"bookmark\" class=\"mce_SELRES_start\"><\/span><\/iframe><br \/>\n<\/b><\/p>\n<\/td>\n<\/tr>\n<tr>\n<td style=\"width: 34.1429%; text-align: center;\">Hugo Moreau<b><br \/>\n<\/b>Audioproth\u00e9siste<br \/>\n<iframe loading=\"lazy\" title=\"YouTube video player\" src=\"https:\/\/www.youtube-nocookie.com\/embed\/6POgf3G5dWc\" width=\"250\" height=\"180\" frameborder=\"0\" allowfullscreen=\"allowfullscreen\"><span style=\"display: inline-block; width: 0px; overflow: hidden; line-height: 0;\" data-mce-type=\"bookmark\" class=\"mce_SELRES_start\">\ufeff<\/span><\/iframe><\/td>\n<td style=\"width: 31%;\"><\/td>\n<td style=\"width: 34.8571%; text-align: center;\"><\/td>\n<\/tr>\n<\/tbody>\n<\/table>\n<p><a href=\"\/\/www.auditionsolidarite.org\/wp-content\/uploads\/2023\/04\/Rothschild_mars_2023-80-BD.jpg\"><b><br \/>\n<\/b><img loading=\"lazy\" decoding=\"async\" class=\"aligncenter wp-image-9381\" src=\"\/\/www.auditionsolidarite.org\/wp-content\/uploads\/2023\/04\/Rothschild_mars_2023-80-BD.jpg\" alt=\"\" width=\"500\" height=\"375\" srcset=\"https:\/\/www.auditionsolidarite.org\/wp-content\/uploads\/2023\/04\/Rothschild_mars_2023-80-BD.jpg 600w, https:\/\/www.auditionsolidarite.org\/wp-content\/uploads\/2023\/04\/Rothschild_mars_2023-80-BD-300x225.jpg 300w\" sizes=\"(max-width: 500px) 100vw, 500px\" \/><\/a><a href=\"\/\/www.auditionsolidarite.org\/wp-content\/uploads\/2023\/04\/Paroisse_mars_2023-40BD.jpg\"><img loading=\"lazy\" decoding=\"async\" class=\"aligncenter wp-image-9378\" src=\"\/\/www.auditionsolidarite.org\/wp-content\/uploads\/2023\/04\/Paroisse_mars_2023-40BD.jpg\" alt=\"\" width=\"500\" height=\"375\" srcset=\"https:\/\/www.auditionsolidarite.org\/wp-content\/uploads\/2023\/04\/Paroisse_mars_2023-40BD.jpg 800w, https:\/\/www.auditionsolidarite.org\/wp-content\/uploads\/2023\/04\/Paroisse_mars_2023-40BD-300x225.jpg 300w, https:\/\/www.auditionsolidarite.org\/wp-content\/uploads\/2023\/04\/Paroisse_mars_2023-40BD-768x576.jpg 768w\" sizes=\"(max-width: 500px) 100vw, 500px\" \/><\/a> <a href=\"\/\/www.auditionsolidarite.org\/wp-content\/uploads\/2023\/04\/Paroisse_mars_2023-59-BD.jpg\"><img loading=\"lazy\" decoding=\"async\" class=\"aligncenter wp-image-9379\" src=\"\/\/www.auditionsolidarite.org\/wp-content\/uploads\/2023\/04\/Paroisse_mars_2023-59-BD.jpg\" alt=\"\" width=\"500\" height=\"375\" srcset=\"https:\/\/www.auditionsolidarite.org\/wp-content\/uploads\/2023\/04\/Paroisse_mars_2023-59-BD.jpg 600w, https:\/\/www.auditionsolidarite.org\/wp-content\/uploads\/2023\/04\/Paroisse_mars_2023-59-BD-300x225.jpg 300w\" sizes=\"(max-width: 500px) 100vw, 500px\" \/><\/a> <a href=\"\/\/www.auditionsolidarite.org\/wp-content\/uploads\/2023\/04\/Rothschild_mars_2023-65-BD.jpg\"><img loading=\"lazy\" decoding=\"async\" class=\"aligncenter wp-image-9380\" src=\"\/\/www.auditionsolidarite.org\/wp-content\/uploads\/2023\/04\/Rothschild_mars_2023-65-BD.jpg\" alt=\"\" width=\"500\" height=\"375\" srcset=\"https:\/\/www.auditionsolidarite.org\/wp-content\/uploads\/2023\/04\/Rothschild_mars_2023-65-BD.jpg 600w, https:\/\/www.auditionsolidarite.org\/wp-content\/uploads\/2023\/04\/Rothschild_mars_2023-65-BD-300x225.jpg 300w\" sizes=\"(max-width: 500px) 100vw, 500px\" \/><\/a><\/p>\n<p>&nbsp;","protected":false},"excerpt":{"rendered":"<p>Sorry, this entry is only available in French.Mission Paris du 28, 29, 30 et 31 mars 2023 C\u2019est avec bonheur que l\u2019\u00e9quipe d\u2019AuditionSolidarit\u00e9 s\u2019est rendue \u00e0 Paris pour cette 2\u00e8me mission de l\u2019ann\u00e9e apr\u00e8s la mission de Marseille fin f\u00e9vrier. Voici les chiffres de cette mission en 4 jours et ils sont impressionnants\u00a0: Au total sur les 4 jours 180<\/p>\n","protected":false},"author":2,"featured_media":0,"parent":0,"menu_order":0,"comment_status":"closed","ping_status":"closed","template":"","meta":{"footnotes":""},"acf":[],"yoast_head":"<!-- This site is optimized with the Yoast SEO plugin v21.9.1 - https:\/\/yoast.com\/wordpress\/plugins\/seo\/ -->\n<title>Exemplaire - AuditionSolidarit\u00e9<\/title>\n<meta name=\"robots\" content=\"index, follow, max-snippet:-1, max-image-preview:large, max-video-preview:-1\" \/>\n<link rel=\"canonical\" href=\"https:\/\/www.auditionsolidarite.org\/en\/hopital-rothschild-paroisse-saint-marcel-paris-septembre-2022-copy\/\" \/>\n<meta property=\"og:locale\" content=\"en_US\" \/>\n<meta property=\"og:type\" content=\"article\" \/>\n<meta property=\"og:title\" content=\"Exemplaire - AuditionSolidarit\u00e9\" \/>\n<meta property=\"og:description\" content=\"Sorry, this entry is only available in French.Mission Paris du 28, 29, 30 et 31 mars 2023 C\u2019est avec bonheur que l\u2019\u00e9quipe d\u2019AuditionSolidarit\u00e9 s\u2019est rendue \u00e0 Paris pour cette 2\u00e8me mission de l\u2019ann\u00e9e apr\u00e8s la mission de Marseille fin f\u00e9vrier. Voici les chiffres de cette mission en 4 jours et ils sont impressionnants\u00a0: Au total sur les 4 jours 180\" \/>\n<meta property=\"og:url\" content=\"https:\/\/www.auditionsolidarite.org\/en\/hopital-rothschild-paroisse-saint-marcel-paris-septembre-2022-copy\/\" \/>\n<meta property=\"og:site_name\" content=\"AuditionSolidarit\u00e9\" \/>\n<meta property=\"article:modified_time\" content=\"2024-01-24T14:44:54+00:00\" \/>\n<meta property=\"og:image\" content=\"https:\/\/www.auditionsolidarite.org\/wp-content\/uploads\/2015\/07\/logo-audition-solidarite-e1446132259721.png\" \/>\n\t<meta property=\"og:image:width\" content=\"600\" \/>\n\t<meta property=\"og:image:height\" content=\"593\" \/>\n\t<meta property=\"og:image:type\" content=\"image\/png\" \/>\n<meta name=\"twitter:card\" content=\"summary_large_image\" \/>\n<meta name=\"twitter:label1\" content=\"Est. reading time\" \/>\n\t<meta name=\"twitter:data1\" content=\"3 minutes\" \/>\n<script type=\"application\/ld+json\" class=\"yoast-schema-graph\">{\"@context\":\"https:\/\/schema.org\",\"@graph\":[{\"@type\":\"WebPage\",\"@id\":\"https:\/\/www.auditionsolidarite.org\/en\/hopital-rothschild-paroisse-saint-marcel-paris-septembre-2022-copy\/\",\"url\":\"https:\/\/www.auditionsolidarite.org\/en\/hopital-rothschild-paroisse-saint-marcel-paris-septembre-2022-copy\/\",\"name\":\"Exemplaire - AuditionSolidarit\u00e9\",\"isPartOf\":{\"@id\":\"https:\/\/www.auditionsolidarite.org\/en\/#website\"},\"datePublished\":\"2023-10-10T07:40:54+00:00\",\"dateModified\":\"2024-01-24T14:44:54+00:00\",\"breadcrumb\":{\"@id\":\"https:\/\/www.auditionsolidarite.org\/en\/hopital-rothschild-paroisse-saint-marcel-paris-septembre-2022-copy\/#breadcrumb\"},\"inLanguage\":\"en-US\",\"potentialAction\":[{\"@type\":\"ReadAction\",\"target\":[[\"https:\/\/www.auditionsolidarite.org\/en\/hopital-rothschild-paroisse-saint-marcel-paris-septembre-2022-copy\/\"]]}]},{\"@type\":\"BreadcrumbList\",\"@id\":\"https:\/\/www.auditionsolidarite.org\/en\/hopital-rothschild-paroisse-saint-marcel-paris-septembre-2022-copy\/#breadcrumb\",\"itemListElement\":[{\"@type\":\"ListItem\",\"position\":1,\"name\":\"Accueil\",\"item\":\"https:\/\/www.auditionsolidarite.org\/en\/\"},{\"@type\":\"ListItem\",\"position\":2,\"name\":\"H\u00f4pital Rothschild &#038; Paroisse Saint-Marcel, Paris \u2013 mars 2023\"}]},{\"@type\":\"WebSite\",\"@id\":\"https:\/\/www.auditionsolidarite.org\/en\/#website\",\"url\":\"https:\/\/www.auditionsolidarite.org\/en\/\",\"name\":\"AuditionSolidarit\u00e9\",\"description\":\"Le hasard n&#039;existe pas ! Si vous \u00eates l\u00e0 aujourd&#039;hui, c&#039;est que le monde de l&#039;audition vous touche... Alors merci d&#039;\u00eatre l\u00e0 !\",\"publisher\":{\"@id\":\"https:\/\/www.auditionsolidarite.org\/en\/#organization\"},\"potentialAction\":[{\"@type\":\"SearchAction\",\"target\":{\"@type\":\"EntryPoint\",\"urlTemplate\":\"https:\/\/www.auditionsolidarite.org\/en\/?s={search_term_string}\"},\"query-input\":\"required name=search_term_string\"}],\"inLanguage\":\"en-US\"},{\"@type\":\"Organization\",\"@id\":\"https:\/\/www.auditionsolidarite.org\/en\/#organization\",\"name\":\"AuditionSolidarit\u00e9\",\"url\":\"https:\/\/www.auditionsolidarite.org\/en\/\",\"logo\":{\"@type\":\"ImageObject\",\"inLanguage\":\"en-US\",\"@id\":\"https:\/\/www.auditionsolidarite.org\/en\/#\/schema\/logo\/image\/\",\"url\":\"https:\/\/www.auditionsolidarite.org\/wp-content\/uploads\/2015\/07\/logo-audition-solidarite-e1446132259721.png\",\"contentUrl\":\"https:\/\/www.auditionsolidarite.org\/wp-content\/uploads\/2015\/07\/logo-audition-solidarite-e1446132259721.png\",\"width\":600,\"height\":593,\"caption\":\"AuditionSolidarit\u00e9\"},\"image\":{\"@id\":\"https:\/\/www.auditionsolidarite.org\/en\/#\/schema\/logo\/image\/\"}}]}<\/script>\n<!-- \/ Yoast SEO plugin. -->","yoast_head_json":{"title":"Exemplaire - AuditionSolidarit\u00e9","robots":{"index":"index","follow":"follow","max-snippet":"max-snippet:-1","max-image-preview":"max-image-preview:large","max-video-preview":"max-video-preview:-1"},"canonical":"https:\/\/www.auditionsolidarite.org\/en\/hopital-rothschild-paroisse-saint-marcel-paris-septembre-2022-copy\/","og_locale":"en_US","og_type":"article","og_title":"Exemplaire - AuditionSolidarit\u00e9","og_description":"Sorry, this entry is only available in French.Mission Paris du 28, 29, 30 et 31 mars 2023 C\u2019est avec bonheur que l\u2019\u00e9quipe d\u2019AuditionSolidarit\u00e9 s\u2019est rendue \u00e0 Paris pour cette 2\u00e8me mission de l\u2019ann\u00e9e apr\u00e8s la mission de Marseille fin f\u00e9vrier. Voici les chiffres de cette mission en 4 jours et ils sont impressionnants\u00a0: Au total sur les 4 jours 180","og_url":"https:\/\/www.auditionsolidarite.org\/en\/hopital-rothschild-paroisse-saint-marcel-paris-septembre-2022-copy\/","og_site_name":"AuditionSolidarit\u00e9","article_modified_time":"2024-01-24T14:44:54+00:00","og_image":[{"width":600,"height":593,"url":"https:\/\/www.auditionsolidarite.org\/wp-content\/uploads\/2015\/07\/logo-audition-solidarite-e1446132259721.png","type":"image\/png"}],"twitter_card":"summary_large_image","twitter_misc":{"Est. reading time":"3 minutes"},"schema":{"@context":"https:\/\/schema.org","@graph":[{"@type":"WebPage","@id":"https:\/\/www.auditionsolidarite.org\/en\/hopital-rothschild-paroisse-saint-marcel-paris-septembre-2022-copy\/","url":"https:\/\/www.auditionsolidarite.org\/en\/hopital-rothschild-paroisse-saint-marcel-paris-septembre-2022-copy\/","name":"Exemplaire - AuditionSolidarit\u00e9","isPartOf":{"@id":"https:\/\/www.auditionsolidarite.org\/en\/#website"},"datePublished":"2023-10-10T07:40:54+00:00","dateModified":"2024-01-24T14:44:54+00:00","breadcrumb":{"@id":"https:\/\/www.auditionsolidarite.org\/en\/hopital-rothschild-paroisse-saint-marcel-paris-septembre-2022-copy\/#breadcrumb"},"inLanguage":"en-US","potentialAction":[{"@type":"ReadAction","target":[["https:\/\/www.auditionsolidarite.org\/en\/hopital-rothschild-paroisse-saint-marcel-paris-septembre-2022-copy\/"]]}]},{"@type":"BreadcrumbList","@id":"https:\/\/www.auditionsolidarite.org\/en\/hopital-rothschild-paroisse-saint-marcel-paris-septembre-2022-copy\/#breadcrumb","itemListElement":[{"@type":"ListItem","position":1,"name":"Accueil","item":"https:\/\/www.auditionsolidarite.org\/en\/"},{"@type":"ListItem","position":2,"name":"H\u00f4pital Rothschild &#038; Paroisse Saint-Marcel, Paris \u2013 mars 2023"}]},{"@type":"WebSite","@id":"https:\/\/www.auditionsolidarite.org\/en\/#website","url":"https:\/\/www.auditionsolidarite.org\/en\/","name":"AuditionSolidarit\u00e9","description":"Le hasard n&#039;existe pas ! Si vous \u00eates l\u00e0 aujourd&#039;hui, c&#039;est que le monde de l&#039;audition vous touche... Alors merci d&#039;\u00eatre l\u00e0 !","publisher":{"@id":"https:\/\/www.auditionsolidarite.org\/en\/#organization"},"potentialAction":[{"@type":"SearchAction","target":{"@type":"EntryPoint","urlTemplate":"https:\/\/www.auditionsolidarite.org\/en\/?s={search_term_string}"},"query-input":"required name=search_term_string"}],"inLanguage":"en-US"},{"@type":"Organization","@id":"https:\/\/www.auditionsolidarite.org\/en\/#organization","name":"AuditionSolidarit\u00e9","url":"https:\/\/www.auditionsolidarite.org\/en\/","logo":{"@type":"ImageObject","inLanguage":"en-US","@id":"https:\/\/www.auditionsolidarite.org\/en\/#\/schema\/logo\/image\/","url":"https:\/\/www.auditionsolidarite.org\/wp-content\/uploads\/2015\/07\/logo-audition-solidarite-e1446132259721.png","contentUrl":"https:\/\/www.auditionsolidarite.org\/wp-content\/uploads\/2015\/07\/logo-audition-solidarite-e1446132259721.png","width":600,"height":593,"caption":"AuditionSolidarit\u00e9"},"image":{"@id":"https:\/\/www.auditionsolidarite.org\/en\/#\/schema\/logo\/image\/"}}]}},"_links":{"self":[{"href":"https:\/\/www.auditionsolidarite.org\/en\/wp-json\/wp\/v2\/pages\/9535"}],"collection":[{"href":"https:\/\/www.auditionsolidarite.org\/en\/wp-json\/wp\/v2\/pages"}],"about":[{"href":"https:\/\/www.auditionsolidarite.org\/en\/wp-json\/wp\/v2\/types\/page"}],"author":[{"embeddable":true,"href":"https:\/\/www.auditionsolidarite.org\/en\/wp-json\/wp\/v2\/users\/2"}],"replies":[{"embeddable":true,"href":"https:\/\/www.auditionsolidarite.org\/en\/wp-json\/wp\/v2\/comments?post=9535"}],"version-history":[{"count":2,"href":"https:\/\/www.auditionsolidarite.org\/en\/wp-json\/wp\/v2\/pages\/9535\/revisions"}],"predecessor-version":[{"id":9699,"href":"https:\/\/www.auditionsolidarite.org\/en\/wp-json\/wp\/v2\/pages\/9535\/revisions\/9699"}],"wp:attachment":[{"href":"https:\/\/www.auditionsolidarite.org\/en\/wp-json\/wp\/v2\/media?parent=9535"}],"curies":[{"name":"wp","href":"https:\/\/api.w.org\/{rel}","templated":true}]}}