{"id":9370,"date":"2023-04-19T08:27:55","date_gmt":"2023-04-19T07:27:55","guid":{"rendered":"https:\/\/www.auditionsolidarite.org\/?page_id=9370"},"modified":"2023-04-19T08:50:56","modified_gmt":"2023-04-19T07:50:56","slug":"hopital-rothschild-paroisse-saint-marcel-paris-septembre-2022","status":"publish","type":"page","link":"https:\/\/www.auditionsolidarite.org\/en\/hopital-rothschild-paroisse-saint-marcel-paris-septembre-2022\/","title":{"rendered":"(Fran\u00e7ais) H\u00f4pital Rothschild &#038; Paroisse Saint-Marcel, Paris \u2013 septembre 2022"},"content":{"rendered":"<p class=\"qtranxs-available-languages-message qtranxs-available-languages-message-en\">Sorry, this entry is only available in <a href=\"https:\/\/www.auditionsolidarite.org\/fr\/wp-json\/wp\/v2\/pages\/9370\" class=\"qtranxs-available-language-link qtranxs-available-language-link-fr\" title=\"Fran\u00e7ais\">French<\/a>.<\/p><strong>Mission Paris\u00a0 du 27, 28, 29 et 30 septembre 2022<\/strong><strong><b><br \/>\n<\/b><\/strong><\/p>\n<p>Sur la route du retour, le paysage d\u00e9file tout comme les souvenirs de ces 4 jours. Le constat est simple, la mission Paris est une \u00e9vidence ! Cette belle histoire que nous \u00e9crivons ensemble depuis 2011, que les chapitres sont beaux\u00a0! Et nous venons d\u2019\u00e9crire le 22<sup>\u00e8me<\/sup> ensemble.<b><br \/>\n<\/b><b><br \/>\n<\/b><\/p>\n<p>Chapitre 22\u00a0: <strong>Incroyable<\/strong><\/p>\n<p>Du jamais vu\u00a0! De plus en plus de monde, une pr\u00e9carit\u00e9 grandissante\u2026<b><br \/>\n<\/b><b><br \/>\n<\/b><\/p>\n<p><strong>Les chiffres :<\/strong><\/p>\n<table border=\"1\">\n<tbody>\n<tr>\n<td>Au total sur les 4 jours<\/td>\n<\/tr>\n<tr>\n<td>160 personnes accueillies<\/td>\n<\/tr>\n<tr>\n<td>54 personnes appareill\u00e9es<\/td>\n<\/tr>\n<tr>\n<td>37 personnes en contr\u00f4le d&#8217;appareillage<\/td>\n<\/tr>\n<tr>\n<td><span class=\"x193iq5w xeuugli x13faqbe x1vvkbs x1xmvt09 x1lliihq x1s928wv xhkezso x1gmr53x x1cpjm7i x1fgarty x1943h6x xudqn12 x3x7a5m x6prxxf xvq8zen xo1l8bm xzsf02u x1yc453h\" dir=\"auto\">99 <\/span>appareils adapt\u00e9s<b><br \/>\n<\/b><\/td>\n<\/tr>\n<\/tbody>\n<\/table>\n<p>&nbsp;<\/p>\n<p><b>Le d\u00e9tail :<br \/>\n<\/b><\/p>\n<table border=\"1\">\n<tbody>\n<tr>\n<td>H\u00f4pital Rothschild les 27 &amp; 28 septembre<\/td>\n<td>Paroisse Saint-Marcel les 7 &amp; 8 avril<\/td>\n<\/tr>\n<tr>\n<td>83 personnes accueillies<\/td>\n<td>77 personnes accueillies<\/td>\n<\/tr>\n<tr>\n<td>33 personnes appareill\u00e9es<\/td>\n<td>21 personnes appareill\u00e9es<\/td>\n<\/tr>\n<tr>\n<td>59 appareils adapt\u00e9s<\/td>\n<td>40 appareils adapt\u00e9s<\/td>\n<\/tr>\n<\/tbody>\n<\/table>\n<p>&nbsp;<\/p>\n<p>Nous rencontrons, des hommes, des femmes, des enfants, des familles, des r\u00e9fugi\u00e9s ainsi que des personnes victimes de tortures, de bombardement, de chocs \u00e9motionnels&#8230;Alors nous rassurons, nous \u00e9coutons leurs histoires et nous les accompagnons. <b><br \/>\n<\/b><b><br \/>\n<\/b>Nous accueillons \u00e9galement nos b\u00e9n\u00e9ficiaires qui ne ratent pas un RDV de suivi (tous les 6 mois). Un plaisir partag\u00e9 de se retrouver et de voir leurs \u00e9volutions.<b><br \/>\n<\/b><b><br \/>\n<\/b><\/p>\n<p>Comme d\u2019habitude, l\u2019accueil est <strong>incroyable<\/strong> \u00e0 l\u2019H\u00f4pital Rothschild et \u00e0 la Paroisse Saint-Marcel. Deux \u00e9quipes sans faille qui nous accueillent toujours avec bonheur\u00a0: Merci\u00a0d\u2019\u00eatre l\u00e0 !<b><br \/>\n<\/b><b><br \/>\n<\/b><\/p>\n<p><strong>Merci<\/strong> aux deux \u00e9quipes qui se sont succ\u00e9d\u00e9 sur ces 2 missions :<b><br \/>\n<\/b><b><br \/>\n<\/b><\/p>\n<ul>\n<li dir=\"auto\">Les audioproth\u00e9sistes : Kiki Bourger, Eric Jutier, Micha\u00ebl Le Govic, Marie Petit, Camille Lecat, S\u00e9verine Jourdain, Marine Piron, Thomas Guilmoto et Alain Rosette.<\/li>\n<li dir=\"auto\">L\u2019ortho : Clotilde Faure<\/li>\n<li dir=\"auto\">La fabrication des embouts : Georges Ormancey<\/li>\n<li dir=\"auto\">L\u2019ORL : Nathalie Petroff et Antoine Paul<\/li>\n<li dir=\"auto\">Le secr\u00e9tariat : Pierre-Yves Humbert et Marine Quennesson<\/li>\n<li dir=\"auto\">La logistique : Carole, Adrien et Odile<b><br \/>\n<\/b><b><br \/>\n<\/b><\/li>\n<\/ul>\n<p><strong>Merci<\/strong> \u00e0 l&#8217;H\u00f4pital Rothschild AP-HP et \u00e0 la Paroisse Saint-Marcel pour leur accueil.<b><br \/>\n<\/b><b><br \/>\n<\/b><b><b> <\/b> <\/b><\/p>\n<p>Un grand <strong>Merci<\/strong> \u00e0 la Fondation Zephyr, \u00e0 la Fondation Tolot, \u00e0 la Fondation UP, \u00e0 la Fondation NEHS, \u00e0 la Fondation Veolia, \u00e0 la Fondation Caritas, \u00e0 la Fondation Petits Fr\u00e8res des Pauvres, \u00e0 la Fondation Swiss Life et \u00e0 Aesio Mutuelle pour leur soutien si pr\u00e9cieux.<b><b><br \/>\n<\/b><b><br \/>\n<\/b><\/b>Prochaine mission \u00e0 Paris :<\/p>\n<ul>\n<li>les 28 &amp; 29 mars 2023 \u00e0 l\u2019H\u00f4pital Rothschild pour les primo-consultants sur inscriptions =&gt; <a href=\"https:\/\/forms.gle\/H1Qduoi46J2QFY1MA\">ICI<b> <\/b><\/a><\/li>\n<li>les 30 &amp; 31 mars 2023 au sein de la paroisse Saint-Marcel pour les suivis sans rendez-vous<b><br \/>\n<\/b><b><br \/>\n<\/b><\/li>\n<\/ul>\n<p style=\"text-align: center;\"><strong>Interview &#8211; <b><b>\u00c9quipe H\u00f4pital Rothschild<\/b><\/b><\/strong><\/p>\n<table style=\"width: 700px;\">\n<tbody>\n<tr>\n<td style=\"text-align: center; width: 236px;\">Marie Petit<b><br \/>\n<\/b>Audioproth\u00e9siste<br \/>\n<iframe loading=\"lazy\" title=\"YouTube video player\" src=\"https:\/\/www.youtube-nocookie.com\/embed\/RLSyplPu0jI\" width=\"250\" height=\"180\" frameborder=\"0\" allowfullscreen=\"allowfullscreen\"><span style=\"display: inline-block; width: 0px; overflow: hidden; line-height: 0;\" data-mce-type=\"bookmark\" class=\"mce_SELRES_start\">\ufeff<\/span><\/iframe><\/td>\n<td style=\"text-align: center; width: 236px;\">\n<p class=\"style-scope ytd-watch-metadata\">Nathalie Petroff<\/p>\n<p>O.R.L<b><br \/>\n<iframe loading=\"lazy\" title=\"YouTube video player\" src=\"https:\/\/www.youtube-nocookie.com\/embed\/MHxxDshE-N4\" width=\"250\" height=\"180\" frameborder=\"0\" allowfullscreen=\"allowfullscreen\"><\/iframe><br \/>\n<\/b><\/td>\n<td style=\"text-align: center; width: 228px;\">\n<p class=\"title style-scope ytd-video-primary-info-renderer\">Pierre-Yves Humbert<b><b> <\/b><br \/>\n<\/b>Secr\u00e9tariat<br \/>\n<b><iframe loading=\"lazy\" title=\"YouTube video player\" src=\"https:\/\/www.youtube-nocookie.com\/embed\/LxE8UqzrEHg\" width=\"250\" height=\"180\" frameborder=\"0\" allowfullscreen=\"allowfullscreen\"><\/iframe>\u00a0<\/b><\/p>\n<\/td>\n<\/tr>\n<tr>\n<td style=\"text-align: center; width: 236px;\">\n<p class=\"title style-scope ytd-video-primary-info-renderer\">\u00c9ric Jutier<br \/>\nAudioproth\u00e9siste<br \/>\n<iframe loading=\"lazy\" title=\"YouTube video player\" src=\"https:\/\/www.youtube-nocookie.com\/embed\/sSu4Kx1En7c\" width=\"250\" height=\"180\" frameborder=\"0\" allowfullscreen=\"allowfullscreen\"><\/iframe><\/p>\n<\/td>\n<td style=\"text-align: center; width: 236px;\">\n<p class=\"title style-scope ytd-video-primary-info-renderer\">Camille Lecat<br \/>\nAudioproth\u00e9siste<br \/>\n<iframe loading=\"lazy\" title=\"YouTube video player\" src=\"https:\/\/www.youtube-nocookie.com\/embed\/uXna2VVtC_A\" width=\"250\" height=\"180\" frameborder=\"0\" allowfullscreen=\"allowfullscreen\"><\/iframe><\/p>\n<\/td>\n<td style=\"text-align: center; width: 228px;\">\n<p class=\"style-scope ytd-watch-metadata\">Micha\u00ebl Le Govic<\/p>\n<p class=\"title style-scope ytd-video-primary-info-renderer\">Audioproth\u00e9siste<br \/>\n<iframe loading=\"lazy\" title=\"YouTube video player\" src=\"https:\/\/www.youtube-nocookie.com\/embed\/4ED9Odp9IIU\" width=\"250\" height=\"180\" frameborder=\"0\" allowfullscreen=\"allowfullscreen\"><span style=\"display: inline-block; width: 0px; overflow: hidden; line-height: 0;\" data-mce-type=\"bookmark\" class=\"mce_SELRES_start\">\ufeff<\/span><\/iframe><\/p>\n<\/td>\n<\/tr>\n<\/tbody>\n<\/table>\n<p style=\"text-align: center;\"><b><strong><b><br \/>\n<\/b>Interview &#8211; \u00c9quipe Paroisse Saint-Marcel<\/strong><\/b><b><br \/>\n<\/b><\/p>\n<table style=\"border-collapse: collapse; width: 100%;\" border=\"1\">\n<tbody>\n<tr>\n<td style=\"width: 34.1429%;\">\n<p style=\"text-align: center;\">Marine Piron<br \/>\nAudioproth\u00e9siste<\/p>\n<p><iframe loading=\"lazy\" title=\"YouTube video player\" src=\"https:\/\/www.youtube-nocookie.com\/embed\/YhrspX4iM7c\" width=\"250\" height=\"180\" frameborder=\"0\" allowfullscreen=\"allowfullscreen\"><\/iframe><\/td>\n<td style=\"width: 31%;\">\n<p style=\"text-align: center;\">Thomas Guilmoto<b><br \/>\n<\/b>Audioproth\u00e9siste<\/p>\n<p><iframe loading=\"lazy\" title=\"YouTube video player\" src=\"https:\/\/www.youtube-nocookie.com\/embed\/HstkR258-nQ\" width=\"250\" height=\"180\" frameborder=\"0\" allowfullscreen=\"allowfullscreen\"><span style=\"display: inline-block; width: 0px; overflow: hidden; line-height: 0;\" data-mce-type=\"bookmark\" class=\"mce_SELRES_start\">\ufeff<\/span><\/iframe><\/td>\n<td style=\"width: 34.8571%; text-align: center;\">S\u00e9verine Jourdain<b><br \/>\n<\/b>Audioproth\u00e9siste<br \/>\n<iframe loading=\"lazy\" title=\"YouTube video player\" src=\"https:\/\/www.youtube-nocookie.com\/embed\/MHnB305EmvQ\" width=\"250\" height=\"180\" frameborder=\"0\" allowfullscreen=\"allowfullscreen\"><span style=\"display: inline-block; width: 0px; overflow: hidden; line-height: 0;\" data-mce-type=\"bookmark\" class=\"mce_SELRES_start\">\ufeff<\/span><\/iframe><\/td>\n<\/tr>\n<tr>\n<td style=\"width: 34.1429%; text-align: center;\">Alain Rosette<b><br \/>\n<\/b>Audioproth\u00e9siste<br \/>\n<iframe loading=\"lazy\" title=\"YouTube video player\" src=\"https:\/\/www.youtube-nocookie.com\/embed\/-rd2eOoHZ_c\" width=\"250\" height=\"180\" frameborder=\"0\" allowfullscreen=\"allowfullscreen\"><span style=\"display: inline-block; width: 0px; overflow: hidden; line-height: 0;\" data-mce-type=\"bookmark\" class=\"mce_SELRES_start\">\ufeff<\/span><\/iframe><\/td>\n<td style=\"width: 31%;\"><\/td>\n<td style=\"width: 34.8571%; text-align: center;\"><\/td>\n<\/tr>\n<\/tbody>\n<\/table>\n<p>&nbsp;<\/p>\n<p><img loading=\"lazy\" decoding=\"async\" class=\"aligncenter wp-image-9012\" src=\"\/\/www.auditionsolidarite.org\/wp-content\/uploads\/2022\/10\/Rothschild-53.jpg\" alt=\"\" width=\"500\" height=\"375\" srcset=\"https:\/\/www.auditionsolidarite.org\/wp-content\/uploads\/2022\/10\/Rothschild-53.jpg 1601w, https:\/\/www.auditionsolidarite.org\/wp-content\/uploads\/2022\/10\/Rothschild-53-300x225.jpg 300w, https:\/\/www.auditionsolidarite.org\/wp-content\/uploads\/2022\/10\/Rothschild-53-1024x768.jpg 1024w, https:\/\/www.auditionsolidarite.org\/wp-content\/uploads\/2022\/10\/Rothschild-53-768x576.jpg 768w, https:\/\/www.auditionsolidarite.org\/wp-content\/uploads\/2022\/10\/Rothschild-53-1536x1151.jpg 1536w\" sizes=\"(max-width: 500px) 100vw, 500px\" \/><img loading=\"lazy\" decoding=\"async\" class=\"aligncenter wp-image-9009\" src=\"\/\/www.auditionsolidarite.org\/wp-content\/uploads\/2022\/10\/Paroisse-29.jpg\" alt=\"\" width=\"500\" height=\"375\" srcset=\"https:\/\/www.auditionsolidarite.org\/wp-content\/uploads\/2022\/10\/Paroisse-29.jpg 1601w, https:\/\/www.auditionsolidarite.org\/wp-content\/uploads\/2022\/10\/Paroisse-29-300x225.jpg 300w, https:\/\/www.auditionsolidarite.org\/wp-content\/uploads\/2022\/10\/Paroisse-29-1024x768.jpg 1024w, https:\/\/www.auditionsolidarite.org\/wp-content\/uploads\/2022\/10\/Paroisse-29-768x576.jpg 768w, https:\/\/www.auditionsolidarite.org\/wp-content\/uploads\/2022\/10\/Paroisse-29-1536x1151.jpg 1536w\" sizes=\"(max-width: 500px) 100vw, 500px\" \/> <img loading=\"lazy\" decoding=\"async\" class=\"aligncenter wp-image-9010\" src=\"\/\/www.auditionsolidarite.org\/wp-content\/uploads\/2022\/10\/Paroisse-38.jpg\" alt=\"\" width=\"500\" height=\"375\" srcset=\"https:\/\/www.auditionsolidarite.org\/wp-content\/uploads\/2022\/10\/Paroisse-38.jpg 1601w, https:\/\/www.auditionsolidarite.org\/wp-content\/uploads\/2022\/10\/Paroisse-38-300x225.jpg 300w, https:\/\/www.auditionsolidarite.org\/wp-content\/uploads\/2022\/10\/Paroisse-38-1024x768.jpg 1024w, https:\/\/www.auditionsolidarite.org\/wp-content\/uploads\/2022\/10\/Paroisse-38-768x576.jpg 768w, https:\/\/www.auditionsolidarite.org\/wp-content\/uploads\/2022\/10\/Paroisse-38-1536x1151.jpg 1536w\" sizes=\"(max-width: 500px) 100vw, 500px\" \/> <img loading=\"lazy\" decoding=\"async\" class=\"aligncenter wp-image-9011\" src=\"\/\/www.auditionsolidarite.org\/wp-content\/uploads\/2022\/10\/Paroisse-51.jpg\" alt=\"\" width=\"500\" height=\"375\" srcset=\"https:\/\/www.auditionsolidarite.org\/wp-content\/uploads\/2022\/10\/Paroisse-51.jpg 1601w, https:\/\/www.auditionsolidarite.org\/wp-content\/uploads\/2022\/10\/Paroisse-51-300x225.jpg 300w, https:\/\/www.auditionsolidarite.org\/wp-content\/uploads\/2022\/10\/Paroisse-51-1024x768.jpg 1024w, https:\/\/www.auditionsolidarite.org\/wp-content\/uploads\/2022\/10\/Paroisse-51-768x576.jpg 768w, https:\/\/www.auditionsolidarite.org\/wp-content\/uploads\/2022\/10\/Paroisse-51-1536x1151.jpg 1536w\" sizes=\"(max-width: 500px) 100vw, 500px\" \/>","protected":false},"excerpt":{"rendered":"<p>Sorry, this entry is only available in French.Mission Paris\u00a0 du 27, 28, 29 et 30 septembre 2022 Sur la route du retour, le paysage d\u00e9file tout comme les souvenirs de ces 4 jours. Le constat est simple, la mission Paris est une \u00e9vidence ! Cette belle histoire que nous \u00e9crivons ensemble depuis 2011, que les chapitres sont beaux\u00a0! Et nous<\/p>\n","protected":false},"author":2,"featured_media":0,"parent":0,"menu_order":0,"comment_status":"closed","ping_status":"closed","template":"","meta":{"footnotes":""},"acf":[],"yoast_head":"<!-- This site is optimized with the Yoast SEO plugin v21.9.1 - https:\/\/yoast.com\/wordpress\/plugins\/seo\/ -->\n<title>(Fran\u00e7ais) H\u00f4pital Rothschild &amp; Paroisse Saint-Marcel, Paris \u2013 septembre 2022 - AuditionSolidarit\u00e9<\/title>\n<meta name=\"robots\" content=\"index, follow, max-snippet:-1, max-image-preview:large, max-video-preview:-1\" \/>\n<link rel=\"canonical\" href=\"https:\/\/www.auditionsolidarite.org\/en\/hopital-rothschild-paroisse-saint-marcel-paris-septembre-2022\/\" \/>\n<meta property=\"og:locale\" content=\"en_US\" \/>\n<meta property=\"og:type\" content=\"article\" \/>\n<meta property=\"og:title\" content=\"(Fran\u00e7ais) H\u00f4pital Rothschild &amp; Paroisse Saint-Marcel, Paris \u2013 septembre 2022 - AuditionSolidarit\u00e9\" \/>\n<meta property=\"og:description\" content=\"Sorry, this entry is only available in French.Mission Paris\u00a0 du 27, 28, 29 et 30 septembre 2022 Sur la route du retour, le paysage d\u00e9file tout comme les souvenirs de ces 4 jours. Le constat est simple, la mission Paris est une \u00e9vidence ! Cette belle histoire que nous \u00e9crivons ensemble depuis 2011, que les chapitres sont beaux\u00a0! Et nous\" \/>\n<meta property=\"og:url\" content=\"https:\/\/www.auditionsolidarite.org\/en\/hopital-rothschild-paroisse-saint-marcel-paris-septembre-2022\/\" \/>\n<meta property=\"og:site_name\" content=\"AuditionSolidarit\u00e9\" \/>\n<meta property=\"article:modified_time\" content=\"2023-04-19T07:50:56+00:00\" \/>\n<meta property=\"og:image\" content=\"https:\/\/www.auditionsolidarite.org\/wp-content\/uploads\/2015\/07\/logo-audition-solidarite-e1446132259721.png\" \/>\n\t<meta property=\"og:image:width\" content=\"600\" \/>\n\t<meta property=\"og:image:height\" content=\"593\" \/>\n\t<meta property=\"og:image:type\" content=\"image\/png\" \/>\n<meta name=\"twitter:card\" content=\"summary_large_image\" \/>\n<meta name=\"twitter:label1\" content=\"Est. reading time\" \/>\n\t<meta name=\"twitter:data1\" content=\"3 minutes\" \/>\n<script type=\"application\/ld+json\" class=\"yoast-schema-graph\">{\"@context\":\"https:\/\/schema.org\",\"@graph\":[{\"@type\":\"WebPage\",\"@id\":\"https:\/\/www.auditionsolidarite.org\/en\/hopital-rothschild-paroisse-saint-marcel-paris-septembre-2022\/\",\"url\":\"https:\/\/www.auditionsolidarite.org\/en\/hopital-rothschild-paroisse-saint-marcel-paris-septembre-2022\/\",\"name\":\"(Fran\u00e7ais) H\u00f4pital Rothschild & Paroisse Saint-Marcel, Paris \u2013 septembre 2022 - AuditionSolidarit\u00e9\",\"isPartOf\":{\"@id\":\"https:\/\/www.auditionsolidarite.org\/en\/#website\"},\"datePublished\":\"2023-04-19T07:27:55+00:00\",\"dateModified\":\"2023-04-19T07:50:56+00:00\",\"breadcrumb\":{\"@id\":\"https:\/\/www.auditionsolidarite.org\/en\/hopital-rothschild-paroisse-saint-marcel-paris-septembre-2022\/#breadcrumb\"},\"inLanguage\":\"en-US\",\"potentialAction\":[{\"@type\":\"ReadAction\",\"target\":[[\"https:\/\/www.auditionsolidarite.org\/en\/hopital-rothschild-paroisse-saint-marcel-paris-septembre-2022\/\"]]}]},{\"@type\":\"BreadcrumbList\",\"@id\":\"https:\/\/www.auditionsolidarite.org\/en\/hopital-rothschild-paroisse-saint-marcel-paris-septembre-2022\/#breadcrumb\",\"itemListElement\":[{\"@type\":\"ListItem\",\"position\":1,\"name\":\"Accueil\",\"item\":\"https:\/\/www.auditionsolidarite.org\/en\/\"},{\"@type\":\"ListItem\",\"position\":2,\"name\":\"H\u00f4pital Rothschild &#038; Paroisse Saint-Marcel, Paris \u2013 septembre 2022\"}]},{\"@type\":\"WebSite\",\"@id\":\"https:\/\/www.auditionsolidarite.org\/en\/#website\",\"url\":\"https:\/\/www.auditionsolidarite.org\/en\/\",\"name\":\"AuditionSolidarit\u00e9\",\"description\":\"Le hasard n&#039;existe pas ! Si vous \u00eates l\u00e0 aujourd&#039;hui, c&#039;est que le monde de l&#039;audition vous touche... Alors merci d&#039;\u00eatre l\u00e0 !\",\"publisher\":{\"@id\":\"https:\/\/www.auditionsolidarite.org\/en\/#organization\"},\"potentialAction\":[{\"@type\":\"SearchAction\",\"target\":{\"@type\":\"EntryPoint\",\"urlTemplate\":\"https:\/\/www.auditionsolidarite.org\/en\/?s={search_term_string}\"},\"query-input\":\"required name=search_term_string\"}],\"inLanguage\":\"en-US\"},{\"@type\":\"Organization\",\"@id\":\"https:\/\/www.auditionsolidarite.org\/en\/#organization\",\"name\":\"AuditionSolidarit\u00e9\",\"url\":\"https:\/\/www.auditionsolidarite.org\/en\/\",\"logo\":{\"@type\":\"ImageObject\",\"inLanguage\":\"en-US\",\"@id\":\"https:\/\/www.auditionsolidarite.org\/en\/#\/schema\/logo\/image\/\",\"url\":\"https:\/\/www.auditionsolidarite.org\/wp-content\/uploads\/2015\/07\/logo-audition-solidarite-e1446132259721.png\",\"contentUrl\":\"https:\/\/www.auditionsolidarite.org\/wp-content\/uploads\/2015\/07\/logo-audition-solidarite-e1446132259721.png\",\"width\":600,\"height\":593,\"caption\":\"AuditionSolidarit\u00e9\"},\"image\":{\"@id\":\"https:\/\/www.auditionsolidarite.org\/en\/#\/schema\/logo\/image\/\"}}]}<\/script>\n<!-- \/ Yoast SEO plugin. -->","yoast_head_json":{"title":"(Fran\u00e7ais) H\u00f4pital Rothschild & Paroisse Saint-Marcel, Paris \u2013 septembre 2022 - AuditionSolidarit\u00e9","robots":{"index":"index","follow":"follow","max-snippet":"max-snippet:-1","max-image-preview":"max-image-preview:large","max-video-preview":"max-video-preview:-1"},"canonical":"https:\/\/www.auditionsolidarite.org\/en\/hopital-rothschild-paroisse-saint-marcel-paris-septembre-2022\/","og_locale":"en_US","og_type":"article","og_title":"(Fran\u00e7ais) H\u00f4pital Rothschild & Paroisse Saint-Marcel, Paris \u2013 septembre 2022 - AuditionSolidarit\u00e9","og_description":"Sorry, this entry is only available in French.Mission Paris\u00a0 du 27, 28, 29 et 30 septembre 2022 Sur la route du retour, le paysage d\u00e9file tout comme les souvenirs de ces 4 jours. Le constat est simple, la mission Paris est une \u00e9vidence ! Cette belle histoire que nous \u00e9crivons ensemble depuis 2011, que les chapitres sont beaux\u00a0! Et nous","og_url":"https:\/\/www.auditionsolidarite.org\/en\/hopital-rothschild-paroisse-saint-marcel-paris-septembre-2022\/","og_site_name":"AuditionSolidarit\u00e9","article_modified_time":"2023-04-19T07:50:56+00:00","og_image":[{"width":600,"height":593,"url":"https:\/\/www.auditionsolidarite.org\/wp-content\/uploads\/2015\/07\/logo-audition-solidarite-e1446132259721.png","type":"image\/png"}],"twitter_card":"summary_large_image","twitter_misc":{"Est. reading time":"3 minutes"},"schema":{"@context":"https:\/\/schema.org","@graph":[{"@type":"WebPage","@id":"https:\/\/www.auditionsolidarite.org\/en\/hopital-rothschild-paroisse-saint-marcel-paris-septembre-2022\/","url":"https:\/\/www.auditionsolidarite.org\/en\/hopital-rothschild-paroisse-saint-marcel-paris-septembre-2022\/","name":"(Fran\u00e7ais) H\u00f4pital Rothschild & Paroisse Saint-Marcel, Paris \u2013 septembre 2022 - AuditionSolidarit\u00e9","isPartOf":{"@id":"https:\/\/www.auditionsolidarite.org\/en\/#website"},"datePublished":"2023-04-19T07:27:55+00:00","dateModified":"2023-04-19T07:50:56+00:00","breadcrumb":{"@id":"https:\/\/www.auditionsolidarite.org\/en\/hopital-rothschild-paroisse-saint-marcel-paris-septembre-2022\/#breadcrumb"},"inLanguage":"en-US","potentialAction":[{"@type":"ReadAction","target":[["https:\/\/www.auditionsolidarite.org\/en\/hopital-rothschild-paroisse-saint-marcel-paris-septembre-2022\/"]]}]},{"@type":"BreadcrumbList","@id":"https:\/\/www.auditionsolidarite.org\/en\/hopital-rothschild-paroisse-saint-marcel-paris-septembre-2022\/#breadcrumb","itemListElement":[{"@type":"ListItem","position":1,"name":"Accueil","item":"https:\/\/www.auditionsolidarite.org\/en\/"},{"@type":"ListItem","position":2,"name":"H\u00f4pital Rothschild &#038; Paroisse Saint-Marcel, Paris \u2013 septembre 2022"}]},{"@type":"WebSite","@id":"https:\/\/www.auditionsolidarite.org\/en\/#website","url":"https:\/\/www.auditionsolidarite.org\/en\/","name":"AuditionSolidarit\u00e9","description":"Le hasard n&#039;existe pas ! Si vous \u00eates l\u00e0 aujourd&#039;hui, c&#039;est que le monde de l&#039;audition vous touche... Alors merci d&#039;\u00eatre l\u00e0 !","publisher":{"@id":"https:\/\/www.auditionsolidarite.org\/en\/#organization"},"potentialAction":[{"@type":"SearchAction","target":{"@type":"EntryPoint","urlTemplate":"https:\/\/www.auditionsolidarite.org\/en\/?s={search_term_string}"},"query-input":"required name=search_term_string"}],"inLanguage":"en-US"},{"@type":"Organization","@id":"https:\/\/www.auditionsolidarite.org\/en\/#organization","name":"AuditionSolidarit\u00e9","url":"https:\/\/www.auditionsolidarite.org\/en\/","logo":{"@type":"ImageObject","inLanguage":"en-US","@id":"https:\/\/www.auditionsolidarite.org\/en\/#\/schema\/logo\/image\/","url":"https:\/\/www.auditionsolidarite.org\/wp-content\/uploads\/2015\/07\/logo-audition-solidarite-e1446132259721.png","contentUrl":"https:\/\/www.auditionsolidarite.org\/wp-content\/uploads\/2015\/07\/logo-audition-solidarite-e1446132259721.png","width":600,"height":593,"caption":"AuditionSolidarit\u00e9"},"image":{"@id":"https:\/\/www.auditionsolidarite.org\/en\/#\/schema\/logo\/image\/"}}]}},"_links":{"self":[{"href":"https:\/\/www.auditionsolidarite.org\/en\/wp-json\/wp\/v2\/pages\/9370"}],"collection":[{"href":"https:\/\/www.auditionsolidarite.org\/en\/wp-json\/wp\/v2\/pages"}],"about":[{"href":"https:\/\/www.auditionsolidarite.org\/en\/wp-json\/wp\/v2\/types\/page"}],"author":[{"embeddable":true,"href":"https:\/\/www.auditionsolidarite.org\/en\/wp-json\/wp\/v2\/users\/2"}],"replies":[{"embeddable":true,"href":"https:\/\/www.auditionsolidarite.org\/en\/wp-json\/wp\/v2\/comments?post=9370"}],"version-history":[{"count":2,"href":"https:\/\/www.auditionsolidarite.org\/en\/wp-json\/wp\/v2\/pages\/9370\/revisions"}],"predecessor-version":[{"id":9374,"href":"https:\/\/www.auditionsolidarite.org\/en\/wp-json\/wp\/v2\/pages\/9370\/revisions\/9374"}],"wp:attachment":[{"href":"https:\/\/www.auditionsolidarite.org\/en\/wp-json\/wp\/v2\/media?parent=9370"}],"curies":[{"name":"wp","href":"https:\/\/api.w.org\/{rel}","templated":true}]}}