{"id":9267,"date":"2023-01-27T11:54:18","date_gmt":"2023-01-27T10:54:18","guid":{"rendered":"https:\/\/www.auditionsolidarite.org\/?page_id=9267"},"modified":"2023-01-27T14:09:44","modified_gmt":"2023-01-27T13:09:44","slug":"la-recuperation-des-appareils-auditifs-surpuissants","status":"publish","type":"page","link":"https:\/\/www.auditionsolidarite.org\/en\/la-recuperation-des-appareils-auditifs-surpuissants\/","title":{"rendered":"(Fran\u00e7ais) Comment donner une seconde vie \u00e0 vos appareils auditifs ?"},"content":{"rendered":"<p class=\"qtranxs-available-languages-message qtranxs-available-languages-message-en\">Sorry, this entry is only available in <a href=\"https:\/\/www.auditionsolidarite.org\/fr\/wp-json\/wp\/v2\/pages\/9267\" class=\"qtranxs-available-language-link qtranxs-available-language-link-fr\" title=\"Fran\u00e7ais\">French<\/a>.<\/p><h4>Suite \u00e0 la pose de votre implant cochl\u00e9aire, vous pouvez donner vos appareils auditifs surpuissants \u00e0 AuditionSolidarit\u00e9 et faire le bonheur d\u2019un enfant.<b><br \/>\n<\/b><b><b><\/b><b><\/b><b>\u00a0<\/b><\/b><\/h4>\n<p><b><b><\/b><\/b>L\u2019association AuditionSolidarit\u00e9 r\u00e9cup\u00e8re et recycle les appareils auditifs surpuissant dans son atelier unique en France et les r\u00e9adapte lors de ces missions humanitaires.<b><b><br \/>\n<\/b><b><br \/>\n<\/b><\/b><b><\/b>AuditionSolidarit\u00e9 manque d\u2019appareils surpuissants. Pour faciliter leur collecte, dans tous les centres d\u2019implants en France, des enveloppes pr\u00e9pay\u00e9es sont mises \u00e0 disposition des patients implant\u00e9s pour qu\u2019ils puissent envoyer facilement et quand ils le souhaitent leurs anciens appareils auditifs \u00e0 l\u2019association.<b><b><br \/>\n<\/b><b><br \/>\n<\/b><\/b><b><\/b><\/p>\n<p><em>Pour toute demande d&#8217;information compl\u00e9mentaire, contactez Marine Quennesson \/ <a href=\"mailto:marine@auditionsolidarite.org\">marine@auditionsolidarite.org<\/a> \/ 06 75 96 01 18<\/em><b><b><br \/>\n<\/b><b><br \/>\n<\/b><\/b><b>Pour faire don de vos anciens appareils auditifs, c&#8217;est tr\u00e8s simple :<br \/>\n<\/b><\/p>\n<ol>\n<li>Demandez au secr\u00e9tariat de votre centre d&#8217;implant ou \u00e0 votre r\u00e9f\u00e9rent l&#8217;enveloppe pr\u00e9pay\u00e9e AuditionSolidarit\u00e9<b><br \/>\n<\/b><\/li>\n<li>Placez uniquement vos appareils auditifs dans cette enveloppe pr\u00e9pay\u00e9e (pas de bo\u00eete, pas d&#8217;accessoires)<b><br \/>\n<\/b><\/li>\n<li>Vous n&#8217;avez plus qu&#8217;\u00e0 la poster, tout est gratuit !<b><br \/>\n<\/b><b>\u00a0<\/b><img loading=\"lazy\" decoding=\"async\" class=\"alignleft wp-image-9270\" src=\"\/\/www.auditionsolidarite.org\/wp-content\/uploads\/2023\/01\/Affiche-enveloppe_jpeg-scaled.jpg\" alt=\"\" width=\"600\" height=\"294\" srcset=\"https:\/\/www.auditionsolidarite.org\/wp-content\/uploads\/2023\/01\/Affiche-enveloppe_jpeg-scaled.jpg 2560w, https:\/\/www.auditionsolidarite.org\/wp-content\/uploads\/2023\/01\/Affiche-enveloppe_jpeg-300x147.jpg 300w, https:\/\/www.auditionsolidarite.org\/wp-content\/uploads\/2023\/01\/Affiche-enveloppe_jpeg-1024x502.jpg 1024w, https:\/\/www.auditionsolidarite.org\/wp-content\/uploads\/2023\/01\/Affiche-enveloppe_jpeg-768x376.jpg 768w, https:\/\/www.auditionsolidarite.org\/wp-content\/uploads\/2023\/01\/Affiche-enveloppe_jpeg-1536x752.jpg 1536w, https:\/\/www.auditionsolidarite.org\/wp-content\/uploads\/2023\/01\/Affiche-enveloppe_jpeg-2048x1003.jpg 2048w\" sizes=\"(max-width: 600px) 100vw, 600px\" \/><b><br \/>\n<\/b><\/li>\n<\/ol>","protected":false},"excerpt":{"rendered":"<p>Sorry, this entry is only available in French.Suite \u00e0 la pose de votre implant cochl\u00e9aire, vous pouvez donner vos appareils auditifs surpuissants \u00e0 AuditionSolidarit\u00e9 et faire le bonheur d\u2019un enfant. \u00a0 L\u2019association AuditionSolidarit\u00e9 r\u00e9cup\u00e8re et recycle les appareils auditifs surpuissant dans son atelier unique en France et les r\u00e9adapte lors de ces missions humanitaires. AuditionSolidarit\u00e9 manque d\u2019appareils surpuissants. Pour faciliter<\/p>\n","protected":false},"author":2,"featured_media":0,"parent":0,"menu_order":0,"comment_status":"closed","ping_status":"closed","template":"","meta":{"footnotes":""},"acf":[],"yoast_head":"<!-- This site is optimized with the Yoast SEO plugin v21.9.1 - https:\/\/yoast.com\/wordpress\/plugins\/seo\/ -->\n<title>(Fran\u00e7ais) Comment donner une seconde vie \u00e0 vos appareils auditifs ? - AuditionSolidarit\u00e9<\/title>\n<meta name=\"robots\" content=\"index, follow, max-snippet:-1, max-image-preview:large, max-video-preview:-1\" \/>\n<link rel=\"canonical\" href=\"https:\/\/www.auditionsolidarite.org\/en\/la-recuperation-des-appareils-auditifs-surpuissants\/\" \/>\n<meta property=\"og:locale\" content=\"en_US\" \/>\n<meta property=\"og:type\" content=\"article\" \/>\n<meta property=\"og:title\" content=\"(Fran\u00e7ais) Comment donner une seconde vie \u00e0 vos appareils auditifs ? - AuditionSolidarit\u00e9\" \/>\n<meta property=\"og:description\" content=\"Sorry, this entry is only available in French.Suite \u00e0 la pose de votre implant cochl\u00e9aire, vous pouvez donner vos appareils auditifs surpuissants \u00e0 AuditionSolidarit\u00e9 et faire le bonheur d\u2019un enfant. \u00a0 L\u2019association AuditionSolidarit\u00e9 r\u00e9cup\u00e8re et recycle les appareils auditifs surpuissant dans son atelier unique en France et les r\u00e9adapte lors de ces missions humanitaires. AuditionSolidarit\u00e9 manque d\u2019appareils surpuissants. Pour faciliter\" \/>\n<meta property=\"og:url\" content=\"https:\/\/www.auditionsolidarite.org\/en\/la-recuperation-des-appareils-auditifs-surpuissants\/\" \/>\n<meta property=\"og:site_name\" content=\"AuditionSolidarit\u00e9\" \/>\n<meta property=\"article:modified_time\" content=\"2023-01-27T13:09:44+00:00\" \/>\n<meta property=\"og:image\" content=\"https:\/\/www.auditionsolidarite.org\/wp-content\/uploads\/2015\/07\/logo-audition-solidarite-e1446132259721.png\" \/>\n\t<meta property=\"og:image:width\" content=\"600\" \/>\n\t<meta property=\"og:image:height\" content=\"593\" \/>\n\t<meta property=\"og:image:type\" content=\"image\/png\" \/>\n<meta name=\"twitter:card\" content=\"summary_large_image\" \/>\n<meta name=\"twitter:label1\" content=\"Est. reading time\" \/>\n\t<meta name=\"twitter:data1\" content=\"1 minute\" \/>\n<script type=\"application\/ld+json\" class=\"yoast-schema-graph\">{\"@context\":\"https:\/\/schema.org\",\"@graph\":[{\"@type\":\"WebPage\",\"@id\":\"https:\/\/www.auditionsolidarite.org\/en\/la-recuperation-des-appareils-auditifs-surpuissants\/\",\"url\":\"https:\/\/www.auditionsolidarite.org\/en\/la-recuperation-des-appareils-auditifs-surpuissants\/\",\"name\":\"(Fran\u00e7ais) Comment donner une seconde vie \u00e0 vos appareils auditifs ? - AuditionSolidarit\u00e9\",\"isPartOf\":{\"@id\":\"https:\/\/www.auditionsolidarite.org\/en\/#website\"},\"datePublished\":\"2023-01-27T10:54:18+00:00\",\"dateModified\":\"2023-01-27T13:09:44+00:00\",\"breadcrumb\":{\"@id\":\"https:\/\/www.auditionsolidarite.org\/en\/la-recuperation-des-appareils-auditifs-surpuissants\/#breadcrumb\"},\"inLanguage\":\"en-US\",\"potentialAction\":[{\"@type\":\"ReadAction\",\"target\":[[\"https:\/\/www.auditionsolidarite.org\/en\/la-recuperation-des-appareils-auditifs-surpuissants\/\"]]}]},{\"@type\":\"BreadcrumbList\",\"@id\":\"https:\/\/www.auditionsolidarite.org\/en\/la-recuperation-des-appareils-auditifs-surpuissants\/#breadcrumb\",\"itemListElement\":[{\"@type\":\"ListItem\",\"position\":1,\"name\":\"Accueil\",\"item\":\"https:\/\/www.auditionsolidarite.org\/en\/\"},{\"@type\":\"ListItem\",\"position\":2,\"name\":\"Comment donner une seconde vie \u00e0 vos appareils auditifs ?\"}]},{\"@type\":\"WebSite\",\"@id\":\"https:\/\/www.auditionsolidarite.org\/en\/#website\",\"url\":\"https:\/\/www.auditionsolidarite.org\/en\/\",\"name\":\"AuditionSolidarit\u00e9\",\"description\":\"Le hasard n&#039;existe pas ! Si vous \u00eates l\u00e0 aujourd&#039;hui, c&#039;est que le monde de l&#039;audition vous touche... Alors merci d&#039;\u00eatre l\u00e0 !\",\"publisher\":{\"@id\":\"https:\/\/www.auditionsolidarite.org\/en\/#organization\"},\"potentialAction\":[{\"@type\":\"SearchAction\",\"target\":{\"@type\":\"EntryPoint\",\"urlTemplate\":\"https:\/\/www.auditionsolidarite.org\/en\/?s={search_term_string}\"},\"query-input\":\"required name=search_term_string\"}],\"inLanguage\":\"en-US\"},{\"@type\":\"Organization\",\"@id\":\"https:\/\/www.auditionsolidarite.org\/en\/#organization\",\"name\":\"AuditionSolidarit\u00e9\",\"url\":\"https:\/\/www.auditionsolidarite.org\/en\/\",\"logo\":{\"@type\":\"ImageObject\",\"inLanguage\":\"en-US\",\"@id\":\"https:\/\/www.auditionsolidarite.org\/en\/#\/schema\/logo\/image\/\",\"url\":\"https:\/\/www.auditionsolidarite.org\/wp-content\/uploads\/2015\/07\/logo-audition-solidarite-e1446132259721.png\",\"contentUrl\":\"https:\/\/www.auditionsolidarite.org\/wp-content\/uploads\/2015\/07\/logo-audition-solidarite-e1446132259721.png\",\"width\":600,\"height\":593,\"caption\":\"AuditionSolidarit\u00e9\"},\"image\":{\"@id\":\"https:\/\/www.auditionsolidarite.org\/en\/#\/schema\/logo\/image\/\"}}]}<\/script>\n<!-- \/ Yoast SEO plugin. -->","yoast_head_json":{"title":"(Fran\u00e7ais) Comment donner une seconde vie \u00e0 vos appareils auditifs ? - AuditionSolidarit\u00e9","robots":{"index":"index","follow":"follow","max-snippet":"max-snippet:-1","max-image-preview":"max-image-preview:large","max-video-preview":"max-video-preview:-1"},"canonical":"https:\/\/www.auditionsolidarite.org\/en\/la-recuperation-des-appareils-auditifs-surpuissants\/","og_locale":"en_US","og_type":"article","og_title":"(Fran\u00e7ais) Comment donner une seconde vie \u00e0 vos appareils auditifs ? - AuditionSolidarit\u00e9","og_description":"Sorry, this entry is only available in French.Suite \u00e0 la pose de votre implant cochl\u00e9aire, vous pouvez donner vos appareils auditifs surpuissants \u00e0 AuditionSolidarit\u00e9 et faire le bonheur d\u2019un enfant. \u00a0 L\u2019association AuditionSolidarit\u00e9 r\u00e9cup\u00e8re et recycle les appareils auditifs surpuissant dans son atelier unique en France et les r\u00e9adapte lors de ces missions humanitaires. AuditionSolidarit\u00e9 manque d\u2019appareils surpuissants. Pour faciliter","og_url":"https:\/\/www.auditionsolidarite.org\/en\/la-recuperation-des-appareils-auditifs-surpuissants\/","og_site_name":"AuditionSolidarit\u00e9","article_modified_time":"2023-01-27T13:09:44+00:00","og_image":[{"width":600,"height":593,"url":"https:\/\/www.auditionsolidarite.org\/wp-content\/uploads\/2015\/07\/logo-audition-solidarite-e1446132259721.png","type":"image\/png"}],"twitter_card":"summary_large_image","twitter_misc":{"Est. reading time":"1 minute"},"schema":{"@context":"https:\/\/schema.org","@graph":[{"@type":"WebPage","@id":"https:\/\/www.auditionsolidarite.org\/en\/la-recuperation-des-appareils-auditifs-surpuissants\/","url":"https:\/\/www.auditionsolidarite.org\/en\/la-recuperation-des-appareils-auditifs-surpuissants\/","name":"(Fran\u00e7ais) Comment donner une seconde vie \u00e0 vos appareils auditifs ? - AuditionSolidarit\u00e9","isPartOf":{"@id":"https:\/\/www.auditionsolidarite.org\/en\/#website"},"datePublished":"2023-01-27T10:54:18+00:00","dateModified":"2023-01-27T13:09:44+00:00","breadcrumb":{"@id":"https:\/\/www.auditionsolidarite.org\/en\/la-recuperation-des-appareils-auditifs-surpuissants\/#breadcrumb"},"inLanguage":"en-US","potentialAction":[{"@type":"ReadAction","target":[["https:\/\/www.auditionsolidarite.org\/en\/la-recuperation-des-appareils-auditifs-surpuissants\/"]]}]},{"@type":"BreadcrumbList","@id":"https:\/\/www.auditionsolidarite.org\/en\/la-recuperation-des-appareils-auditifs-surpuissants\/#breadcrumb","itemListElement":[{"@type":"ListItem","position":1,"name":"Accueil","item":"https:\/\/www.auditionsolidarite.org\/en\/"},{"@type":"ListItem","position":2,"name":"Comment donner une seconde vie \u00e0 vos appareils auditifs ?"}]},{"@type":"WebSite","@id":"https:\/\/www.auditionsolidarite.org\/en\/#website","url":"https:\/\/www.auditionsolidarite.org\/en\/","name":"AuditionSolidarit\u00e9","description":"Le hasard n&#039;existe pas ! Si vous \u00eates l\u00e0 aujourd&#039;hui, c&#039;est que le monde de l&#039;audition vous touche... Alors merci d&#039;\u00eatre l\u00e0 !","publisher":{"@id":"https:\/\/www.auditionsolidarite.org\/en\/#organization"},"potentialAction":[{"@type":"SearchAction","target":{"@type":"EntryPoint","urlTemplate":"https:\/\/www.auditionsolidarite.org\/en\/?s={search_term_string}"},"query-input":"required name=search_term_string"}],"inLanguage":"en-US"},{"@type":"Organization","@id":"https:\/\/www.auditionsolidarite.org\/en\/#organization","name":"AuditionSolidarit\u00e9","url":"https:\/\/www.auditionsolidarite.org\/en\/","logo":{"@type":"ImageObject","inLanguage":"en-US","@id":"https:\/\/www.auditionsolidarite.org\/en\/#\/schema\/logo\/image\/","url":"https:\/\/www.auditionsolidarite.org\/wp-content\/uploads\/2015\/07\/logo-audition-solidarite-e1446132259721.png","contentUrl":"https:\/\/www.auditionsolidarite.org\/wp-content\/uploads\/2015\/07\/logo-audition-solidarite-e1446132259721.png","width":600,"height":593,"caption":"AuditionSolidarit\u00e9"},"image":{"@id":"https:\/\/www.auditionsolidarite.org\/en\/#\/schema\/logo\/image\/"}}]}},"_links":{"self":[{"href":"https:\/\/www.auditionsolidarite.org\/en\/wp-json\/wp\/v2\/pages\/9267"}],"collection":[{"href":"https:\/\/www.auditionsolidarite.org\/en\/wp-json\/wp\/v2\/pages"}],"about":[{"href":"https:\/\/www.auditionsolidarite.org\/en\/wp-json\/wp\/v2\/types\/page"}],"author":[{"embeddable":true,"href":"https:\/\/www.auditionsolidarite.org\/en\/wp-json\/wp\/v2\/users\/2"}],"replies":[{"embeddable":true,"href":"https:\/\/www.auditionsolidarite.org\/en\/wp-json\/wp\/v2\/comments?post=9267"}],"version-history":[{"count":3,"href":"https:\/\/www.auditionsolidarite.org\/en\/wp-json\/wp\/v2\/pages\/9267\/revisions"}],"predecessor-version":[{"id":9277,"href":"https:\/\/www.auditionsolidarite.org\/en\/wp-json\/wp\/v2\/pages\/9267\/revisions\/9277"}],"wp:attachment":[{"href":"https:\/\/www.auditionsolidarite.org\/en\/wp-json\/wp\/v2\/media?parent=9267"}],"curies":[{"name":"wp","href":"https:\/\/api.w.org\/{rel}","templated":true}]}}