{"id":7639,"date":"2020-11-12T14:25:02","date_gmt":"2020-11-12T13:25:02","guid":{"rendered":"https:\/\/www.auditionsolidarite.org\/?page_id=7639"},"modified":"2020-11-12T14:29:01","modified_gmt":"2020-11-12T13:29:01","slug":"ancien-cmdbo","status":"publish","type":"page","link":"https:\/\/www.auditionsolidarite.org\/en\/ancien-cmdbo\/","title":{"rendered":"(Fran\u00e7ais) Ancien CMdBO"},"content":{"rendered":"<p class=\"qtranxs-available-languages-message qtranxs-available-languages-message-en\">Sorry, this entry is only available in <a href=\"https:\/\/www.auditionsolidarite.org\/fr\/wp-json\/wp\/v2\/pages\/7639\" class=\"qtranxs-available-language-link qtranxs-available-language-link-fr\" title=\"Fran\u00e7ais\">French<\/a>.<\/p><p style=\"text-align: justify;\">Vous \u00eates musicien professionnel.<\/p>\n<p style=\"text-align: justify;\">Vous avez d\u00e9couvert l\u2019action de pr\u00e9vention auditive orchestr\u00e9e par AuditionSolidarit\u00e9.<\/p>\n<p style=\"text-align: justify;\">Vous portez un grand int\u00e9r\u00eat \u00e0 cette action et votre souhait est de nous aider \u00e0 diffuser encore plus fortement<\/p>\n<p style=\"text-align: justify;\">le message de pr\u00e9vention : <strong>\u00ab Prends soin de tes oreilles \u00bb.<\/strong><\/p>\n<p style=\"text-align: justify;\">Devenez membre du CMdBO (Club Musical des Bonnes Oreilles).<b><br \/>\n<\/b><b><br \/>\n<\/b><\/p>\n<p style=\"text-align: justify;\">D\u00e9j\u00e0 membres du CMdBO :<\/p>\n<table>\n<tbody>\n<tr>\n<td>\n<h6 style=\"text-align: center;\"><strong><b>Nicolas Filiatreau<b><br \/>\n<\/b>Batteur<b><br \/>\n<\/b> <\/b><\/strong><\/h6>\n<p style=\"text-align: center;\"><img loading=\"lazy\" decoding=\"async\" class=\" wp-image-5030 alignnone\" src=\"\/wp-content\/uploads\/2015\/07\/Filiatreau-300x202.jpg\" alt=\"filiatreau\" width=\"211\" height=\"142\" srcset=\"https:\/\/www.auditionsolidarite.org\/wp-content\/uploads\/2015\/07\/Filiatreau-300x202.jpg 300w, https:\/\/www.auditionsolidarite.org\/wp-content\/uploads\/2015\/07\/Filiatreau-768x517.jpg 768w, https:\/\/www.auditionsolidarite.org\/wp-content\/uploads\/2015\/07\/Filiatreau-1024x689.jpg 1024w, https:\/\/www.auditionsolidarite.org\/wp-content\/uploads\/2015\/07\/Filiatreau.jpg 1604w\" sizes=\"(max-width: 211px) 100vw, 211px\" \/><b><br \/>\n<\/b><b><\/b><\/p>\n<blockquote>\n<p style=\"text-align: center;\">Collaboration avec Diane Tell, Dany Brillant, Marc Berthoumieux Manu, Dibango &amp; \u00abSoul Makossa Gang\u00bb, Randy Bernsen, Mendoza Brothers, Peter Mayer guitariste\/chanteur de Dave Weckl. Participation \u00e0 3 albums avec Khalil Chahine.<\/p>\n<\/blockquote>\n<p style=\"text-align: center;\">\n<\/td>\n<td style=\"text-align: center;\">\n<h6><strong>J\u00e9r\u00f4me Sousa<b><br \/>\n<\/b>Auteur, compositeur<b><br \/>\n<\/b> <\/strong><\/h6>\n<p style=\"text-align: center;\"><img loading=\"lazy\" decoding=\"async\" class=\" wp-image-5447\" src=\"\/wp-content\/uploads\/2015\/07\/sousa.jpg\" alt=\"\" width=\"210\" height=\"149\" srcset=\"https:\/\/www.auditionsolidarite.org\/wp-content\/uploads\/2015\/07\/sousa.jpg 630w, https:\/\/www.auditionsolidarite.org\/wp-content\/uploads\/2015\/07\/sousa-300x212.jpg 300w\" sizes=\"(max-width: 210px) 100vw, 210px\" \/><b><br \/>\n<\/b><\/p>\n<blockquote><p><em>Duo avec Michael JONES &#8220;I will be free&#8221;. <\/em><em>Premi\u00e8res parties d&#8217;artistes : <\/em><em>Hugues Aufray, Maxime Leforestier, Frero Delavega, Johnny Hallyday&#8230;<\/em><\/p><\/blockquote>\n<\/td>\n<td style=\"text-align: center;\">\n<h6><strong><b><b>Jean-S\u00e9bastien Borsarello <b><br \/>\n<\/b>Percussionniste &#8211; timbalier<br \/>\n<\/b><img loading=\"lazy\" decoding=\"async\" class=\"aligncenter wp-image-5611\" src=\"\/\/www.auditionsolidarite.org\/wp-content\/uploads\/2015\/07\/10514622_1477415682497705_6838600950185689610_n.jpg\" alt=\"\" width=\"150\" height=\"142\" srcset=\"https:\/\/www.auditionsolidarite.org\/wp-content\/uploads\/2015\/07\/10514622_1477415682497705_6838600950185689610_n.jpg 662w, https:\/\/www.auditionsolidarite.org\/wp-content\/uploads\/2015\/07\/10514622_1477415682497705_6838600950185689610_n-300x285.jpg 300w\" sizes=\"(max-width: 150px) 100vw, 150px\" \/><\/b><\/strong><\/h6>\n<blockquote><p>Timbalier solo \u00e0 l\u2019Orchestre National du Capitole de Toulouse. Piano et percussions au sein de formations de musique de chambre et membre du duo fl\u00fbte marimba avec Sandrine Tilly, fl\u00fbte solo de l&#8217;Orchestre du Capitole de Toulouse.<\/p><\/blockquote>\n<\/td>\n<\/tr>\n<tr>\n<td>\n<h6 style=\"text-align: center;\"><strong><b>Fr\u00e9d\u00e9rick Rimbert<b><br \/>\n<\/b>Batteur<\/b><\/strong><\/h6>\n<p><img loading=\"lazy\" decoding=\"async\" class=\"aligncenter wp-image-5889\" src=\"\/\/www.auditionsolidarite.org\/wp-content\/uploads\/2015\/07\/fre_ok.jpg\" alt=\"\" width=\"153\" height=\"183\" srcset=\"https:\/\/www.auditionsolidarite.org\/wp-content\/uploads\/2015\/07\/fre_ok.jpg 370w, https:\/\/www.auditionsolidarite.org\/wp-content\/uploads\/2015\/07\/fre_ok-251x300.jpg 251w\" sizes=\"(max-width: 153px) 100vw, 153px\" \/><\/p>\n<blockquote><p>Batteur, directeur et fondateur du Drumming Lab. Situ\u00e9 au centre de Paris cet endroit unique est enti\u00e8rement d\u00e9di\u00e9 \u00e0 l&#8217;univers de la batterie, \u00e0 sa d\u00e9couverte, \u00e0 sa compr\u00e9hension et \u00e0 son apprentissage.<\/p><\/blockquote>\n<\/td>\n<td style=\"text-align: center;\"><\/td>\n<td style=\"text-align: center;\"><\/td>\n<\/tr>\n<\/tbody>\n<\/table>\n<p style=\"text-align: justify;\">Plus d\u2019informations pour devenir membre du CMdBO, contactez-nous : <a href=\"mailto:association@auditionsolidarite.org\">association@auditionsolidarite.org <\/a>&#8211; t\u00e9l: 05 58 35 42 32<\/p>\n<h6 style=\"text-align: justify;\">On a vraiment besoin de Vous !<\/h6>\n<p style=\"text-align: justify;\">Plus il y aura de membres dans le CMdBo, plus le message se diffusera et plus les oreilles de nos jeunes seront pr\u00e9serv\u00e9es.<\/p>\n<p style=\"text-align: justify;\">A bon entendeur !<b><br \/>\n<\/b><b><br \/>\n<\/b><\/p>\n<p style=\"text-align: justify;\"><strong>Tee-shirt &#8220;Prends Soin de tes Oreilles !&#8221;<\/strong><\/p>\n<table>\n<tbody>\n<tr>\n<td><img loading=\"lazy\" decoding=\"async\" class=\"aligncenter wp-image-4642\" src=\"\/wp-content\/uploads\/2015\/07\/P1240817-769x1024.jpg\" alt=\"P1240817\" width=\"280\" height=\"373\" srcset=\"https:\/\/www.auditionsolidarite.org\/wp-content\/uploads\/2015\/07\/P1240817-769x1024.jpg 769w, https:\/\/www.auditionsolidarite.org\/wp-content\/uploads\/2015\/07\/P1240817-225x300.jpg 225w\" sizes=\"(max-width: 280px) 100vw, 280px\" \/><\/td>\n<td><a href=\"\/wp-content\/uploads\/2015\/07\/P1240820.jpg\"><img loading=\"lazy\" decoding=\"async\" class=\"aligncenter wp-image-4643\" src=\"\/wp-content\/uploads\/2015\/07\/P1240820-769x1024.jpg\" alt=\"P1240820\" width=\"280\" height=\"373\" srcset=\"https:\/\/www.auditionsolidarite.org\/wp-content\/uploads\/2015\/07\/P1240820-769x1024.jpg 769w, https:\/\/www.auditionsolidarite.org\/wp-content\/uploads\/2015\/07\/P1240820-225x300.jpg 225w\" sizes=\"(max-width: 280px) 100vw, 280px\" \/><\/a><\/td>\n<\/tr>\n<\/tbody>\n<\/table>\n<p><img loading=\"lazy\" decoding=\"async\" class=\"aligncenter wp-image-3252\" src=\"\/wp-content\/uploads\/2015\/07\/PRENDS-SOIN-DE-TES-OREILLES-Fond-Blanc-1024x439.jpg\" alt=\"PRENDS SOIN DE TES OREILLES Fond Blanc\" width=\"420\" height=\"180\" srcset=\"https:\/\/www.auditionsolidarite.org\/wp-content\/uploads\/2015\/07\/PRENDS-SOIN-DE-TES-OREILLES-Fond-Blanc-1024x439.jpg 1024w, https:\/\/www.auditionsolidarite.org\/wp-content\/uploads\/2015\/07\/PRENDS-SOIN-DE-TES-OREILLES-Fond-Blanc-300x129.jpg 300w\" sizes=\"(max-width: 420px) 100vw, 420px\" \/>","protected":false},"excerpt":{"rendered":"<p>Sorry, this entry is only available in French.Vous \u00eates musicien professionnel. Vous avez d\u00e9couvert l\u2019action de pr\u00e9vention auditive orchestr\u00e9e par AuditionSolidarit\u00e9. Vous portez un grand int\u00e9r\u00eat \u00e0 cette action et votre souhait est de nous aider \u00e0 diffuser encore plus fortement le message de pr\u00e9vention : \u00ab Prends soin de tes oreilles \u00bb. Devenez membre du CMdBO (Club Musical des<\/p>\n","protected":false},"author":2,"featured_media":0,"parent":0,"menu_order":0,"comment_status":"closed","ping_status":"closed","template":"","meta":{"footnotes":""},"acf":[],"yoast_head":"<!-- This site is optimized with the Yoast SEO plugin v21.9.1 - https:\/\/yoast.com\/wordpress\/plugins\/seo\/ -->\n<title>(Fran\u00e7ais) Ancien CMdBO - AuditionSolidarit\u00e9<\/title>\n<meta name=\"robots\" content=\"index, follow, max-snippet:-1, max-image-preview:large, max-video-preview:-1\" \/>\n<link rel=\"canonical\" href=\"https:\/\/www.auditionsolidarite.org\/en\/ancien-cmdbo\/\" \/>\n<meta property=\"og:locale\" content=\"en_US\" \/>\n<meta property=\"og:type\" content=\"article\" \/>\n<meta property=\"og:title\" content=\"(Fran\u00e7ais) Ancien CMdBO - AuditionSolidarit\u00e9\" \/>\n<meta property=\"og:description\" content=\"Sorry, this entry is only available in French.Vous \u00eates musicien professionnel. Vous avez d\u00e9couvert l\u2019action de pr\u00e9vention auditive orchestr\u00e9e par AuditionSolidarit\u00e9. Vous portez un grand int\u00e9r\u00eat \u00e0 cette action et votre souhait est de nous aider \u00e0 diffuser encore plus fortement le message de pr\u00e9vention : \u00ab Prends soin de tes oreilles \u00bb. Devenez membre du CMdBO (Club Musical des\" \/>\n<meta property=\"og:url\" content=\"https:\/\/www.auditionsolidarite.org\/en\/ancien-cmdbo\/\" \/>\n<meta property=\"og:site_name\" content=\"AuditionSolidarit\u00e9\" \/>\n<meta property=\"article:modified_time\" content=\"2020-11-12T13:29:01+00:00\" \/>\n<meta property=\"og:image\" content=\"https:\/\/www.auditionsolidarite.org\/wp-content\/uploads\/2015\/07\/logo-audition-solidarite-e1446132259721.png\" \/>\n\t<meta property=\"og:image:width\" content=\"600\" \/>\n\t<meta property=\"og:image:height\" content=\"593\" \/>\n\t<meta property=\"og:image:type\" content=\"image\/png\" \/>\n<meta name=\"twitter:card\" content=\"summary_large_image\" \/>\n<meta name=\"twitter:label1\" content=\"Est. reading time\" \/>\n\t<meta name=\"twitter:data1\" content=\"1 minute\" \/>\n<script type=\"application\/ld+json\" class=\"yoast-schema-graph\">{\"@context\":\"https:\/\/schema.org\",\"@graph\":[{\"@type\":\"WebPage\",\"@id\":\"https:\/\/www.auditionsolidarite.org\/en\/ancien-cmdbo\/\",\"url\":\"https:\/\/www.auditionsolidarite.org\/en\/ancien-cmdbo\/\",\"name\":\"(Fran\u00e7ais) Ancien CMdBO - AuditionSolidarit\u00e9\",\"isPartOf\":{\"@id\":\"https:\/\/www.auditionsolidarite.org\/en\/#website\"},\"datePublished\":\"2020-11-12T13:25:02+00:00\",\"dateModified\":\"2020-11-12T13:29:01+00:00\",\"breadcrumb\":{\"@id\":\"https:\/\/www.auditionsolidarite.org\/en\/ancien-cmdbo\/#breadcrumb\"},\"inLanguage\":\"en-US\",\"potentialAction\":[{\"@type\":\"ReadAction\",\"target\":[[\"https:\/\/www.auditionsolidarite.org\/en\/ancien-cmdbo\/\"]]}]},{\"@type\":\"BreadcrumbList\",\"@id\":\"https:\/\/www.auditionsolidarite.org\/en\/ancien-cmdbo\/#breadcrumb\",\"itemListElement\":[{\"@type\":\"ListItem\",\"position\":1,\"name\":\"Accueil\",\"item\":\"https:\/\/www.auditionsolidarite.org\/en\/\"},{\"@type\":\"ListItem\",\"position\":2,\"name\":\"Ancien CMdBO\"}]},{\"@type\":\"WebSite\",\"@id\":\"https:\/\/www.auditionsolidarite.org\/en\/#website\",\"url\":\"https:\/\/www.auditionsolidarite.org\/en\/\",\"name\":\"AuditionSolidarit\u00e9\",\"description\":\"Le hasard n&#039;existe pas ! Si vous \u00eates l\u00e0 aujourd&#039;hui, c&#039;est que le monde de l&#039;audition vous touche... Alors merci d&#039;\u00eatre l\u00e0 !\",\"publisher\":{\"@id\":\"https:\/\/www.auditionsolidarite.org\/en\/#organization\"},\"potentialAction\":[{\"@type\":\"SearchAction\",\"target\":{\"@type\":\"EntryPoint\",\"urlTemplate\":\"https:\/\/www.auditionsolidarite.org\/en\/?s={search_term_string}\"},\"query-input\":\"required name=search_term_string\"}],\"inLanguage\":\"en-US\"},{\"@type\":\"Organization\",\"@id\":\"https:\/\/www.auditionsolidarite.org\/en\/#organization\",\"name\":\"AuditionSolidarit\u00e9\",\"url\":\"https:\/\/www.auditionsolidarite.org\/en\/\",\"logo\":{\"@type\":\"ImageObject\",\"inLanguage\":\"en-US\",\"@id\":\"https:\/\/www.auditionsolidarite.org\/en\/#\/schema\/logo\/image\/\",\"url\":\"https:\/\/www.auditionsolidarite.org\/wp-content\/uploads\/2015\/07\/logo-audition-solidarite-e1446132259721.png\",\"contentUrl\":\"https:\/\/www.auditionsolidarite.org\/wp-content\/uploads\/2015\/07\/logo-audition-solidarite-e1446132259721.png\",\"width\":600,\"height\":593,\"caption\":\"AuditionSolidarit\u00e9\"},\"image\":{\"@id\":\"https:\/\/www.auditionsolidarite.org\/en\/#\/schema\/logo\/image\/\"}}]}<\/script>\n<!-- \/ Yoast SEO plugin. -->","yoast_head_json":{"title":"(Fran\u00e7ais) Ancien CMdBO - AuditionSolidarit\u00e9","robots":{"index":"index","follow":"follow","max-snippet":"max-snippet:-1","max-image-preview":"max-image-preview:large","max-video-preview":"max-video-preview:-1"},"canonical":"https:\/\/www.auditionsolidarite.org\/en\/ancien-cmdbo\/","og_locale":"en_US","og_type":"article","og_title":"(Fran\u00e7ais) Ancien CMdBO - AuditionSolidarit\u00e9","og_description":"Sorry, this entry is only available in French.Vous \u00eates musicien professionnel. Vous avez d\u00e9couvert l\u2019action de pr\u00e9vention auditive orchestr\u00e9e par AuditionSolidarit\u00e9. Vous portez un grand int\u00e9r\u00eat \u00e0 cette action et votre souhait est de nous aider \u00e0 diffuser encore plus fortement le message de pr\u00e9vention : \u00ab Prends soin de tes oreilles \u00bb. Devenez membre du CMdBO (Club Musical des","og_url":"https:\/\/www.auditionsolidarite.org\/en\/ancien-cmdbo\/","og_site_name":"AuditionSolidarit\u00e9","article_modified_time":"2020-11-12T13:29:01+00:00","og_image":[{"width":600,"height":593,"url":"https:\/\/www.auditionsolidarite.org\/wp-content\/uploads\/2015\/07\/logo-audition-solidarite-e1446132259721.png","type":"image\/png"}],"twitter_card":"summary_large_image","twitter_misc":{"Est. reading time":"1 minute"},"schema":{"@context":"https:\/\/schema.org","@graph":[{"@type":"WebPage","@id":"https:\/\/www.auditionsolidarite.org\/en\/ancien-cmdbo\/","url":"https:\/\/www.auditionsolidarite.org\/en\/ancien-cmdbo\/","name":"(Fran\u00e7ais) Ancien CMdBO - AuditionSolidarit\u00e9","isPartOf":{"@id":"https:\/\/www.auditionsolidarite.org\/en\/#website"},"datePublished":"2020-11-12T13:25:02+00:00","dateModified":"2020-11-12T13:29:01+00:00","breadcrumb":{"@id":"https:\/\/www.auditionsolidarite.org\/en\/ancien-cmdbo\/#breadcrumb"},"inLanguage":"en-US","potentialAction":[{"@type":"ReadAction","target":[["https:\/\/www.auditionsolidarite.org\/en\/ancien-cmdbo\/"]]}]},{"@type":"BreadcrumbList","@id":"https:\/\/www.auditionsolidarite.org\/en\/ancien-cmdbo\/#breadcrumb","itemListElement":[{"@type":"ListItem","position":1,"name":"Accueil","item":"https:\/\/www.auditionsolidarite.org\/en\/"},{"@type":"ListItem","position":2,"name":"Ancien CMdBO"}]},{"@type":"WebSite","@id":"https:\/\/www.auditionsolidarite.org\/en\/#website","url":"https:\/\/www.auditionsolidarite.org\/en\/","name":"AuditionSolidarit\u00e9","description":"Le hasard n&#039;existe pas ! Si vous \u00eates l\u00e0 aujourd&#039;hui, c&#039;est que le monde de l&#039;audition vous touche... Alors merci d&#039;\u00eatre l\u00e0 !","publisher":{"@id":"https:\/\/www.auditionsolidarite.org\/en\/#organization"},"potentialAction":[{"@type":"SearchAction","target":{"@type":"EntryPoint","urlTemplate":"https:\/\/www.auditionsolidarite.org\/en\/?s={search_term_string}"},"query-input":"required name=search_term_string"}],"inLanguage":"en-US"},{"@type":"Organization","@id":"https:\/\/www.auditionsolidarite.org\/en\/#organization","name":"AuditionSolidarit\u00e9","url":"https:\/\/www.auditionsolidarite.org\/en\/","logo":{"@type":"ImageObject","inLanguage":"en-US","@id":"https:\/\/www.auditionsolidarite.org\/en\/#\/schema\/logo\/image\/","url":"https:\/\/www.auditionsolidarite.org\/wp-content\/uploads\/2015\/07\/logo-audition-solidarite-e1446132259721.png","contentUrl":"https:\/\/www.auditionsolidarite.org\/wp-content\/uploads\/2015\/07\/logo-audition-solidarite-e1446132259721.png","width":600,"height":593,"caption":"AuditionSolidarit\u00e9"},"image":{"@id":"https:\/\/www.auditionsolidarite.org\/en\/#\/schema\/logo\/image\/"}}]}},"_links":{"self":[{"href":"https:\/\/www.auditionsolidarite.org\/en\/wp-json\/wp\/v2\/pages\/7639"}],"collection":[{"href":"https:\/\/www.auditionsolidarite.org\/en\/wp-json\/wp\/v2\/pages"}],"about":[{"href":"https:\/\/www.auditionsolidarite.org\/en\/wp-json\/wp\/v2\/types\/page"}],"author":[{"embeddable":true,"href":"https:\/\/www.auditionsolidarite.org\/en\/wp-json\/wp\/v2\/users\/2"}],"replies":[{"embeddable":true,"href":"https:\/\/www.auditionsolidarite.org\/en\/wp-json\/wp\/v2\/comments?post=7639"}],"version-history":[{"count":1,"href":"https:\/\/www.auditionsolidarite.org\/en\/wp-json\/wp\/v2\/pages\/7639\/revisions"}],"predecessor-version":[{"id":7640,"href":"https:\/\/www.auditionsolidarite.org\/en\/wp-json\/wp\/v2\/pages\/7639\/revisions\/7640"}],"wp:attachment":[{"href":"https:\/\/www.auditionsolidarite.org\/en\/wp-json\/wp\/v2\/media?parent=7639"}],"curies":[{"name":"wp","href":"https:\/\/api.w.org\/{rel}","templated":true}]}}