{"id":7263,"date":"2020-02-26T12:02:11","date_gmt":"2020-02-26T11:02:11","guid":{"rendered":"https:\/\/www.auditionsolidarite.org\/?page_id=7263"},"modified":"2021-07-22T10:28:24","modified_gmt":"2021-07-22T09:28:24","slug":"paroisse-saint-marcel-paris-fevrier-2020","status":"publish","type":"page","link":"https:\/\/www.auditionsolidarite.org\/en\/paroisse-saint-marcel-paris-fevrier-2020\/","title":{"rendered":"(Fran\u00e7ais) Paroisse Saint-Marcel (Paris) \u2013 F\u00e9vrier 2020"},"content":{"rendered":"<p class=\"qtranxs-available-languages-message qtranxs-available-languages-message-en\">Sorry, this entry is only available in <a href=\"https:\/\/www.auditionsolidarite.org\/fr\/wp-json\/wp\/v2\/pages\/7263\" class=\"qtranxs-available-language-link qtranxs-available-language-link-fr\" title=\"Fran\u00e7ais\">French<\/a>.<\/p><strong>Pour sa premi\u00e8re mission de 2020, l&#8217;\u00e9quipe d&#8217;AuditionSolidarit\u00e9 a pos\u00e9 ses valises \u00e0 la Paroisse Saint-Marcel \u00e0 Paris les 20 et 21 f\u00e9vrier.<\/strong><b><br \/>\n<\/b><br \/>\nUne tr\u00e8s belle mission ou l&#8217;\u00e9quipe \u00e0 accueilli <strong>101<\/strong> personnes sur les deux jours dont 40% de b\u00e9n\u00e9ficiaires venus pour faire le suivi de leur appareillage, une belle fiert\u00e9 pour l&#8217;association. <b><br \/>\n<\/b><b><\/b><\/p>\n<p><strong>61 <\/strong>personnes venues pour la premi\u00e8re fois, super !<\/p>\n<p><strong>39<\/strong> personnes ont b\u00e9n\u00e9fici\u00e9 d&#8217;un appareillage soit pour la 1\u00e8re fois, soit AuditionSolidarit\u00e9 a proc\u00e9d\u00e9 \u00e0 un changement de leur ancien appareillage ; en totalit\u00e9 <strong>61<\/strong> appareils adapt\u00e9s !<b><\/b><b><br \/>\n<\/b><b><br \/>\n<\/b>Merci aux audioproth\u00e9sistes : M\u00e9lisa Le Garrec, Pierrick Leblanc, Lucile Faivre, Sophie Legoff, Jehan Gutleben et Christine Bourger<b><br \/>\n<\/b>Merci \u00e0 Luc Moulonguet, l&#8217;ORL<br \/>\nMerci \u00e0 l&#8217;orthophoniste H\u00e9l\u00e8ne Feuillie<br \/>\nMerci aux fabricants d&#8217;embouts, Alain Lesouef et Nathalie Mottais<br \/>\nMerci \u00e0 Orianne Collette pour le secr\u00e9tariat<b><br \/>\n<\/b>Merci \u00e0 Virginie Azevedo, \u00e9tudiante en audioproth\u00e8se<b><br \/>\n<\/b><b><br \/>\n<\/b><\/p>\n<p>Merci \u00e0 la Paroisse Saint-Marcel pour l\u2019accueil <b><br \/>\n<\/b><b><br \/>\n<\/b><b><b> <\/b> <\/b><\/p>\n<p>Un grand MERCI \u00e0 la Fondation ZEPHYR, \u00e0 La Fondation Sarepta, \u00e0 la Fondation La France s&#8217;engage et \u00e0 la Fondation UP pour leur soutien si pr\u00e9cieux.<b><br \/>\n<\/b><b><\/b><strong><b>\u00a0<\/b><\/strong><\/p>\n<p style=\"text-align: center;\"><strong>Interviews de l&#8217;\u00e9quipe<\/strong><\/p>\n<table>\n<tbody>\n<tr>\n<td style=\"text-align: center;\">Jehan Gutleben &#8211; Audioproth\u00e9siste<br \/>\n<iframe loading=\"lazy\" width=\"250\" height=\"180\" src=\"https:\/\/www.youtube-nocookie.com\/embed\/v00ujaorXho\" title=\"YouTube video player\" frameborder=\"0\" allow=\"accelerometer; autoplay; clipboard-write; encrypted-media; gyroscope; picture-in-picture\" allowfullscreen><\/iframe><\/p>\n<td style=\"text-align: center;\">M\u00e9lisa Le Garrec &#8211; Audioproth\u00e9siste<b><br \/>\n<iframe loading=\"lazy\" width=\"250\" height=\"180\" src=\"https:\/\/www.youtube-nocookie.com\/embed\/8IZUxy9lM_8\" title=\"YouTube video player\" frameborder=\"0\" allow=\"accelerometer; autoplay; clipboard-write; encrypted-media; gyroscope; picture-in-picture\" allowfullscreen><\/iframe><br \/>\n<\/b><\/td>\n<td style=\"text-align: center;\">Pierrik Leblanc &#8211; Audioproth\u00e9siste<b><br \/>\n<iframe loading=\"lazy\" title=\"YouTube video player\" src=\"https:\/\/www.youtube-nocookie.com\/embed\/hnObolrlPT4\" width=\"250\" height=\"180\" frameborder=\"0\" allowfullscreen=\"allowfullscreen\"><span style=\"display: inline-block; width: 0px; overflow: hidden; line-height: 0;\" data-mce-type=\"bookmark\" class=\"mce_SELRES_start\">\ufeff<\/span><\/iframe><br \/>\n<\/b><\/td>\n<\/tr>\n<tr>\n<td style=\"text-align: center;\">Lucile Faivre &#8211; Audioproth\u00e9siste<b><br \/>\n<iframe loading=\"lazy\" width=\"250\" height=\"180\" src=\"https:\/\/www.youtube-nocookie.com\/embed\/SaNeOLeXnDg\" title=\"YouTube video player\" frameborder=\"0\" allow=\"accelerometer; autoplay; clipboard-write; encrypted-media; gyroscope; picture-in-picture\" allowfullscreen><\/iframe><br \/>\n<\/b><\/td>\n<td style=\"text-align: center;\">Orianne Collette &#8211; Secr\u00e9tariat<br \/>\n<iframe loading=\"lazy\" width=\"250\" height=\"180\" src=\"https:\/\/www.youtube-nocookie.com\/embed\/evPpz-En8G0\" title=\"YouTube video player\" frameborder=\"0\" allow=\"accelerometer; autoplay; clipboard-write; encrypted-media; gyroscope; picture-in-picture\" allowfullscreen><\/iframe><\/p>\n<td style=\"text-align: center;\">Virginie Azevedo &#8211; Etudiante<b><br \/>\n<iframe loading=\"lazy\" title=\"YouTube video player\" src=\"https:\/\/www.youtube-nocookie.com\/embed\/W6LOWzR30NQ\" width=\"250\" height=\"180\" frameborder=\"0\" allowfullscreen=\"allowfullscreen\"><span style=\"display: inline-block; width: 0px; overflow: hidden; line-height: 0;\" data-mce-type=\"bookmark\" class=\"mce_SELRES_start\">\ufeff<\/span><\/iframe><br \/>\n<\/b><\/td>\n<\/tr>\n<tr>\n<td style=\"text-align: center;\">\n<p>Nathalie Lesouef &#8211; Fabrication embouts<\/p>\n<p><iframe loading=\"lazy\" width=\"250\" height=\"180\" src=\"https:\/\/www.youtube-nocookie.com\/embed\/rigHf6z_vwY\" title=\"YouTube video player\" frameborder=\"0\" allow=\"accelerometer; autoplay; clipboard-write; encrypted-media; gyroscope; picture-in-picture\" allowfullscreen><\/iframe><\/p>\n<td style=\"text-align: center;\"><\/td>\n<td style=\"text-align: center;\"><\/td>\n<\/tr>\n<\/tbody>\n<\/table>\n<p><strong><img loading=\"lazy\" decoding=\"async\" class=\"aligncenter wp-image-7267\" src=\"\/\/www.auditionsolidarite.org\/wp-content\/uploads\/2020\/02\/PARIS_FEVRIER-46-Copier.jpg\" alt=\"\" width=\"600\" height=\"450\" srcset=\"https:\/\/www.auditionsolidarite.org\/wp-content\/uploads\/2020\/02\/PARIS_FEVRIER-46-Copier.jpg 900w, https:\/\/www.auditionsolidarite.org\/wp-content\/uploads\/2020\/02\/PARIS_FEVRIER-46-Copier-300x225.jpg 300w, https:\/\/www.auditionsolidarite.org\/wp-content\/uploads\/2020\/02\/PARIS_FEVRIER-46-Copier-768x576.jpg 768w\" sizes=\"(max-width: 600px) 100vw, 600px\" \/><\/strong><strong><img loading=\"lazy\" decoding=\"async\" class=\"aligncenter wp-image-7265\" src=\"\/\/www.auditionsolidarite.org\/wp-content\/uploads\/2020\/02\/PARIS_FEVRIER-21-Copier.jpg\" alt=\"\" width=\"600\" height=\"450\" srcset=\"https:\/\/www.auditionsolidarite.org\/wp-content\/uploads\/2020\/02\/PARIS_FEVRIER-21-Copier.jpg 900w, https:\/\/www.auditionsolidarite.org\/wp-content\/uploads\/2020\/02\/PARIS_FEVRIER-21-Copier-300x225.jpg 300w, https:\/\/www.auditionsolidarite.org\/wp-content\/uploads\/2020\/02\/PARIS_FEVRIER-21-Copier-768x576.jpg 768w\" sizes=\"(max-width: 600px) 100vw, 600px\" \/> <\/strong><strong><img loading=\"lazy\" decoding=\"async\" class=\"aligncenter wp-image-7266\" src=\"\/\/www.auditionsolidarite.org\/wp-content\/uploads\/2020\/02\/PARIS_FEVRIER-35bis-Copier.jpg\" alt=\"\" width=\"600\" height=\"450\" srcset=\"https:\/\/www.auditionsolidarite.org\/wp-content\/uploads\/2020\/02\/PARIS_FEVRIER-35bis-Copier.jpg 900w, https:\/\/www.auditionsolidarite.org\/wp-content\/uploads\/2020\/02\/PARIS_FEVRIER-35bis-Copier-300x225.jpg 300w, https:\/\/www.auditionsolidarite.org\/wp-content\/uploads\/2020\/02\/PARIS_FEVRIER-35bis-Copier-768x576.jpg 768w\" sizes=\"(max-width: 600px) 100vw, 600px\" \/><\/strong><strong><br \/>\n<\/strong>","protected":false},"excerpt":{"rendered":"<p>Sorry, this entry is only available in French.Pour sa premi\u00e8re mission de 2020, l&#8217;\u00e9quipe d&#8217;AuditionSolidarit\u00e9 a pos\u00e9 ses valises \u00e0 la Paroisse Saint-Marcel \u00e0 Paris les 20 et 21 f\u00e9vrier. Une tr\u00e8s belle mission ou l&#8217;\u00e9quipe \u00e0 accueilli 101 personnes sur les deux jours dont 40% de b\u00e9n\u00e9ficiaires venus pour faire le suivi de leur appareillage, une belle fiert\u00e9 pour<\/p>\n","protected":false},"author":2,"featured_media":0,"parent":0,"menu_order":0,"comment_status":"closed","ping_status":"closed","template":"","meta":{"footnotes":""},"acf":[],"yoast_head":"<!-- This site is optimized with the Yoast SEO plugin v21.9.1 - https:\/\/yoast.com\/wordpress\/plugins\/seo\/ -->\n<title>(Fran\u00e7ais) Paroisse Saint-Marcel (Paris) \u2013 F\u00e9vrier 2020 - AuditionSolidarit\u00e9<\/title>\n<meta name=\"robots\" content=\"index, follow, max-snippet:-1, max-image-preview:large, max-video-preview:-1\" \/>\n<link rel=\"canonical\" href=\"https:\/\/www.auditionsolidarite.org\/en\/paroisse-saint-marcel-paris-fevrier-2020\/\" \/>\n<meta property=\"og:locale\" content=\"en_US\" \/>\n<meta property=\"og:type\" content=\"article\" \/>\n<meta property=\"og:title\" content=\"(Fran\u00e7ais) Paroisse Saint-Marcel (Paris) \u2013 F\u00e9vrier 2020 - AuditionSolidarit\u00e9\" \/>\n<meta property=\"og:description\" content=\"Sorry, this entry is only available in French.Pour sa premi\u00e8re mission de 2020, l&#8217;\u00e9quipe d&#8217;AuditionSolidarit\u00e9 a pos\u00e9 ses valises \u00e0 la Paroisse Saint-Marcel \u00e0 Paris les 20 et 21 f\u00e9vrier. Une tr\u00e8s belle mission ou l&#8217;\u00e9quipe \u00e0 accueilli 101 personnes sur les deux jours dont 40% de b\u00e9n\u00e9ficiaires venus pour faire le suivi de leur appareillage, une belle fiert\u00e9 pour\" \/>\n<meta property=\"og:url\" content=\"https:\/\/www.auditionsolidarite.org\/en\/paroisse-saint-marcel-paris-fevrier-2020\/\" \/>\n<meta property=\"og:site_name\" content=\"AuditionSolidarit\u00e9\" \/>\n<meta property=\"article:modified_time\" content=\"2021-07-22T09:28:24+00:00\" \/>\n<meta property=\"og:image\" content=\"https:\/\/www.auditionsolidarite.org\/wp-content\/uploads\/2015\/07\/logo-audition-solidarite-e1446132259721.png\" \/>\n\t<meta property=\"og:image:width\" content=\"600\" \/>\n\t<meta property=\"og:image:height\" content=\"593\" \/>\n\t<meta property=\"og:image:type\" content=\"image\/png\" \/>\n<meta name=\"twitter:card\" content=\"summary_large_image\" \/>\n<meta name=\"twitter:label1\" content=\"Est. reading time\" \/>\n\t<meta name=\"twitter:data1\" content=\"2 minutes\" \/>\n<script type=\"application\/ld+json\" class=\"yoast-schema-graph\">{\"@context\":\"https:\/\/schema.org\",\"@graph\":[{\"@type\":\"WebPage\",\"@id\":\"https:\/\/www.auditionsolidarite.org\/en\/paroisse-saint-marcel-paris-fevrier-2020\/\",\"url\":\"https:\/\/www.auditionsolidarite.org\/en\/paroisse-saint-marcel-paris-fevrier-2020\/\",\"name\":\"(Fran\u00e7ais) Paroisse Saint-Marcel (Paris) \u2013 F\u00e9vrier 2020 - AuditionSolidarit\u00e9\",\"isPartOf\":{\"@id\":\"https:\/\/www.auditionsolidarite.org\/en\/#website\"},\"datePublished\":\"2020-02-26T11:02:11+00:00\",\"dateModified\":\"2021-07-22T09:28:24+00:00\",\"breadcrumb\":{\"@id\":\"https:\/\/www.auditionsolidarite.org\/en\/paroisse-saint-marcel-paris-fevrier-2020\/#breadcrumb\"},\"inLanguage\":\"en-US\",\"potentialAction\":[{\"@type\":\"ReadAction\",\"target\":[[\"https:\/\/www.auditionsolidarite.org\/en\/paroisse-saint-marcel-paris-fevrier-2020\/\"]]}]},{\"@type\":\"BreadcrumbList\",\"@id\":\"https:\/\/www.auditionsolidarite.org\/en\/paroisse-saint-marcel-paris-fevrier-2020\/#breadcrumb\",\"itemListElement\":[{\"@type\":\"ListItem\",\"position\":1,\"name\":\"Accueil\",\"item\":\"https:\/\/www.auditionsolidarite.org\/en\/\"},{\"@type\":\"ListItem\",\"position\":2,\"name\":\"Paroisse Saint-Marcel (Paris) \u2013 F\u00e9vrier 2020\"}]},{\"@type\":\"WebSite\",\"@id\":\"https:\/\/www.auditionsolidarite.org\/en\/#website\",\"url\":\"https:\/\/www.auditionsolidarite.org\/en\/\",\"name\":\"AuditionSolidarit\u00e9\",\"description\":\"Le hasard n&#039;existe pas ! Si vous \u00eates l\u00e0 aujourd&#039;hui, c&#039;est que le monde de l&#039;audition vous touche... Alors merci d&#039;\u00eatre l\u00e0 !\",\"publisher\":{\"@id\":\"https:\/\/www.auditionsolidarite.org\/en\/#organization\"},\"potentialAction\":[{\"@type\":\"SearchAction\",\"target\":{\"@type\":\"EntryPoint\",\"urlTemplate\":\"https:\/\/www.auditionsolidarite.org\/en\/?s={search_term_string}\"},\"query-input\":\"required name=search_term_string\"}],\"inLanguage\":\"en-US\"},{\"@type\":\"Organization\",\"@id\":\"https:\/\/www.auditionsolidarite.org\/en\/#organization\",\"name\":\"AuditionSolidarit\u00e9\",\"url\":\"https:\/\/www.auditionsolidarite.org\/en\/\",\"logo\":{\"@type\":\"ImageObject\",\"inLanguage\":\"en-US\",\"@id\":\"https:\/\/www.auditionsolidarite.org\/en\/#\/schema\/logo\/image\/\",\"url\":\"https:\/\/www.auditionsolidarite.org\/wp-content\/uploads\/2015\/07\/logo-audition-solidarite-e1446132259721.png\",\"contentUrl\":\"https:\/\/www.auditionsolidarite.org\/wp-content\/uploads\/2015\/07\/logo-audition-solidarite-e1446132259721.png\",\"width\":600,\"height\":593,\"caption\":\"AuditionSolidarit\u00e9\"},\"image\":{\"@id\":\"https:\/\/www.auditionsolidarite.org\/en\/#\/schema\/logo\/image\/\"}}]}<\/script>\n<!-- \/ Yoast SEO plugin. -->","yoast_head_json":{"title":"(Fran\u00e7ais) Paroisse Saint-Marcel (Paris) \u2013 F\u00e9vrier 2020 - AuditionSolidarit\u00e9","robots":{"index":"index","follow":"follow","max-snippet":"max-snippet:-1","max-image-preview":"max-image-preview:large","max-video-preview":"max-video-preview:-1"},"canonical":"https:\/\/www.auditionsolidarite.org\/en\/paroisse-saint-marcel-paris-fevrier-2020\/","og_locale":"en_US","og_type":"article","og_title":"(Fran\u00e7ais) Paroisse Saint-Marcel (Paris) \u2013 F\u00e9vrier 2020 - AuditionSolidarit\u00e9","og_description":"Sorry, this entry is only available in French.Pour sa premi\u00e8re mission de 2020, l&#8217;\u00e9quipe d&#8217;AuditionSolidarit\u00e9 a pos\u00e9 ses valises \u00e0 la Paroisse Saint-Marcel \u00e0 Paris les 20 et 21 f\u00e9vrier. Une tr\u00e8s belle mission ou l&#8217;\u00e9quipe \u00e0 accueilli 101 personnes sur les deux jours dont 40% de b\u00e9n\u00e9ficiaires venus pour faire le suivi de leur appareillage, une belle fiert\u00e9 pour","og_url":"https:\/\/www.auditionsolidarite.org\/en\/paroisse-saint-marcel-paris-fevrier-2020\/","og_site_name":"AuditionSolidarit\u00e9","article_modified_time":"2021-07-22T09:28:24+00:00","og_image":[{"width":600,"height":593,"url":"https:\/\/www.auditionsolidarite.org\/wp-content\/uploads\/2015\/07\/logo-audition-solidarite-e1446132259721.png","type":"image\/png"}],"twitter_card":"summary_large_image","twitter_misc":{"Est. reading time":"2 minutes"},"schema":{"@context":"https:\/\/schema.org","@graph":[{"@type":"WebPage","@id":"https:\/\/www.auditionsolidarite.org\/en\/paroisse-saint-marcel-paris-fevrier-2020\/","url":"https:\/\/www.auditionsolidarite.org\/en\/paroisse-saint-marcel-paris-fevrier-2020\/","name":"(Fran\u00e7ais) Paroisse Saint-Marcel (Paris) \u2013 F\u00e9vrier 2020 - AuditionSolidarit\u00e9","isPartOf":{"@id":"https:\/\/www.auditionsolidarite.org\/en\/#website"},"datePublished":"2020-02-26T11:02:11+00:00","dateModified":"2021-07-22T09:28:24+00:00","breadcrumb":{"@id":"https:\/\/www.auditionsolidarite.org\/en\/paroisse-saint-marcel-paris-fevrier-2020\/#breadcrumb"},"inLanguage":"en-US","potentialAction":[{"@type":"ReadAction","target":[["https:\/\/www.auditionsolidarite.org\/en\/paroisse-saint-marcel-paris-fevrier-2020\/"]]}]},{"@type":"BreadcrumbList","@id":"https:\/\/www.auditionsolidarite.org\/en\/paroisse-saint-marcel-paris-fevrier-2020\/#breadcrumb","itemListElement":[{"@type":"ListItem","position":1,"name":"Accueil","item":"https:\/\/www.auditionsolidarite.org\/en\/"},{"@type":"ListItem","position":2,"name":"Paroisse Saint-Marcel (Paris) \u2013 F\u00e9vrier 2020"}]},{"@type":"WebSite","@id":"https:\/\/www.auditionsolidarite.org\/en\/#website","url":"https:\/\/www.auditionsolidarite.org\/en\/","name":"AuditionSolidarit\u00e9","description":"Le hasard n&#039;existe pas ! Si vous \u00eates l\u00e0 aujourd&#039;hui, c&#039;est que le monde de l&#039;audition vous touche... Alors merci d&#039;\u00eatre l\u00e0 !","publisher":{"@id":"https:\/\/www.auditionsolidarite.org\/en\/#organization"},"potentialAction":[{"@type":"SearchAction","target":{"@type":"EntryPoint","urlTemplate":"https:\/\/www.auditionsolidarite.org\/en\/?s={search_term_string}"},"query-input":"required name=search_term_string"}],"inLanguage":"en-US"},{"@type":"Organization","@id":"https:\/\/www.auditionsolidarite.org\/en\/#organization","name":"AuditionSolidarit\u00e9","url":"https:\/\/www.auditionsolidarite.org\/en\/","logo":{"@type":"ImageObject","inLanguage":"en-US","@id":"https:\/\/www.auditionsolidarite.org\/en\/#\/schema\/logo\/image\/","url":"https:\/\/www.auditionsolidarite.org\/wp-content\/uploads\/2015\/07\/logo-audition-solidarite-e1446132259721.png","contentUrl":"https:\/\/www.auditionsolidarite.org\/wp-content\/uploads\/2015\/07\/logo-audition-solidarite-e1446132259721.png","width":600,"height":593,"caption":"AuditionSolidarit\u00e9"},"image":{"@id":"https:\/\/www.auditionsolidarite.org\/en\/#\/schema\/logo\/image\/"}}]}},"_links":{"self":[{"href":"https:\/\/www.auditionsolidarite.org\/en\/wp-json\/wp\/v2\/pages\/7263"}],"collection":[{"href":"https:\/\/www.auditionsolidarite.org\/en\/wp-json\/wp\/v2\/pages"}],"about":[{"href":"https:\/\/www.auditionsolidarite.org\/en\/wp-json\/wp\/v2\/types\/page"}],"author":[{"embeddable":true,"href":"https:\/\/www.auditionsolidarite.org\/en\/wp-json\/wp\/v2\/users\/2"}],"replies":[{"embeddable":true,"href":"https:\/\/www.auditionsolidarite.org\/en\/wp-json\/wp\/v2\/comments?post=7263"}],"version-history":[{"count":3,"href":"https:\/\/www.auditionsolidarite.org\/en\/wp-json\/wp\/v2\/pages\/7263\/revisions"}],"predecessor-version":[{"id":8301,"href":"https:\/\/www.auditionsolidarite.org\/en\/wp-json\/wp\/v2\/pages\/7263\/revisions\/8301"}],"wp:attachment":[{"href":"https:\/\/www.auditionsolidarite.org\/en\/wp-json\/wp\/v2\/media?parent=7263"}],"curies":[{"name":"wp","href":"https:\/\/api.w.org\/{rel}","templated":true}]}}