{"id":6973,"date":"2019-07-12T14:35:33","date_gmt":"2019-07-12T13:35:33","guid":{"rendered":"https:\/\/www.auditionsolidarite.org\/?page_id=6973"},"modified":"2019-12-02T15:05:43","modified_gmt":"2019-12-02T14:05:43","slug":"historique-tamissionagranville","status":"publish","type":"page","link":"https:\/\/www.auditionsolidarite.org\/en\/historique-tamissionagranville\/","title":{"rendered":"(Fran\u00e7ais) Historique #TaMissionAGranville"},"content":{"rendered":"<p class=\"qtranxs-available-languages-message qtranxs-available-languages-message-en\">Sorry, this entry is only available in <a href=\"https:\/\/www.auditionsolidarite.org\/fr\/wp-json\/wp\/v2\/pages\/6973\" class=\"qtranxs-available-language-link qtranxs-available-language-link-fr\" title=\"Fran\u00e7ais\">French<\/a>.<\/p><strong>\u2192 17 octobre 2019<\/strong><br \/>\nLieu : Salle de H\u00e9rel, 50400 Granville<\/p>\n<blockquote><p>Nombre de personnes accueillies : 4<br \/>\nNombre de personnes appareill\u00e9es : 3<br \/>\nNombre d&#8217;appareils auditifs adapt\u00e9s : 6<br \/>\nNombre de personnes vues en contr\u00f4le : 1<\/p><\/blockquote>\n<table>\n<tbody>\n<tr>\n<td><img loading=\"lazy\" decoding=\"async\" class=\"aligncenter wp-image-7155\" src=\"\/\/www.auditionsolidarite.org\/wp-content\/uploads\/2019\/12\/1-Copier.jpg\" alt=\"\" width=\"249\" height=\"187\" srcset=\"https:\/\/www.auditionsolidarite.org\/wp-content\/uploads\/2019\/12\/1-Copier.jpg 800w, https:\/\/www.auditionsolidarite.org\/wp-content\/uploads\/2019\/12\/1-Copier-300x225.jpg 300w, https:\/\/www.auditionsolidarite.org\/wp-content\/uploads\/2019\/12\/1-Copier-768x576.jpg 768w\" sizes=\"(max-width: 249px) 100vw, 249px\" \/><\/td>\n<td><\/td>\n<\/tr>\n<\/tbody>\n<\/table>\n<p><strong>\u2192 4 avril 2019<\/strong><br \/>\nLieu : Salle de H\u00e9rel, 50400 Granville<\/p>\n<blockquote><p>Nombre de personnes accueillies : 7<br \/>\nNombre de personnes appareill\u00e9es : 2<br \/>\nNombre d&#8217;appareils auditifs adapt\u00e9s : 4<br \/>\nNombre de personnes vues en contr\u00f4le : 1<\/p><\/blockquote>\n<table>\n<tbody>\n<tr>\n<td><img loading=\"lazy\" decoding=\"async\" class=\"aligncenter wp-image-6921\" src=\"\/\/www.auditionsolidarite.org\/wp-content\/uploads\/2019\/07\/Granville-avril-2019-2\u00e8me-mission-13-Copier.jpg\" alt=\"\" width=\"250\" height=\"188\" srcset=\"https:\/\/www.auditionsolidarite.org\/wp-content\/uploads\/2019\/07\/Granville-avril-2019-2\u00e8me-mission-13-Copier.jpg 900w, https:\/\/www.auditionsolidarite.org\/wp-content\/uploads\/2019\/07\/Granville-avril-2019-2\u00e8me-mission-13-Copier-300x225.jpg 300w, https:\/\/www.auditionsolidarite.org\/wp-content\/uploads\/2019\/07\/Granville-avril-2019-2\u00e8me-mission-13-Copier-768x576.jpg 768w\" sizes=\"(max-width: 250px) 100vw, 250px\" \/><\/td>\n<td><img loading=\"lazy\" decoding=\"async\" class=\"aligncenter wp-image-6920\" src=\"\/\/www.auditionsolidarite.org\/wp-content\/uploads\/2019\/07\/Granville-avril-2019-2\u00e8me-mission-11-Copier.jpg\" alt=\"\" width=\"250\" height=\"188\" srcset=\"https:\/\/www.auditionsolidarite.org\/wp-content\/uploads\/2019\/07\/Granville-avril-2019-2\u00e8me-mission-11-Copier.jpg 900w, https:\/\/www.auditionsolidarite.org\/wp-content\/uploads\/2019\/07\/Granville-avril-2019-2\u00e8me-mission-11-Copier-300x225.jpg 300w, https:\/\/www.auditionsolidarite.org\/wp-content\/uploads\/2019\/07\/Granville-avril-2019-2\u00e8me-mission-11-Copier-768x576.jpg 768w\" sizes=\"(max-width: 250px) 100vw, 250px\" \/><\/td>\n<\/tr>\n<\/tbody>\n<\/table>\n<p><strong>\u2192 29 novembre 2018<\/strong><br \/>\nLieu : Salle de H\u00e9rel, 50400 Granville<\/p>\n<blockquote><p>Nombre de personnes accueillies : 5<br \/>\nNombre de personnes appareill\u00e9es : 1<br \/>\nNombre d&#8217;appareils auditifs adapt\u00e9s : 2<\/p><\/blockquote>\n<table>\n<tbody>\n<tr>\n<td><img loading=\"lazy\" decoding=\"async\" class=\"aligncenter wp-image-6976\" src=\"\/\/www.auditionsolidarite.org\/wp-content\/uploads\/2019\/07\/granville-mini-mission-nov-2018-10-Copier.jpg\" alt=\"\" width=\"250\" height=\"170\" srcset=\"https:\/\/www.auditionsolidarite.org\/wp-content\/uploads\/2019\/07\/granville-mini-mission-nov-2018-10-Copier.jpg 1000w, https:\/\/www.auditionsolidarite.org\/wp-content\/uploads\/2019\/07\/granville-mini-mission-nov-2018-10-Copier-300x205.jpg 300w, https:\/\/www.auditionsolidarite.org\/wp-content\/uploads\/2019\/07\/granville-mini-mission-nov-2018-10-Copier-768x524.jpg 768w\" sizes=\"(max-width: 250px) 100vw, 250px\" \/><\/td>\n<td><img loading=\"lazy\" decoding=\"async\" class=\"aligncenter wp-image-6977\" src=\"\/\/www.auditionsolidarite.org\/wp-content\/uploads\/2019\/07\/granville-mini-mission-nov-2018-13-Copier.jpg\" alt=\"\" width=\"250\" height=\"188\" srcset=\"https:\/\/www.auditionsolidarite.org\/wp-content\/uploads\/2019\/07\/granville-mini-mission-nov-2018-13-Copier.jpg 1000w, https:\/\/www.auditionsolidarite.org\/wp-content\/uploads\/2019\/07\/granville-mini-mission-nov-2018-13-Copier-300x225.jpg 300w, https:\/\/www.auditionsolidarite.org\/wp-content\/uploads\/2019\/07\/granville-mini-mission-nov-2018-13-Copier-768x576.jpg 768w\" sizes=\"(max-width: 250px) 100vw, 250px\" \/><\/td>\n<\/tr>\n<\/tbody>\n<\/table>","protected":false},"excerpt":{"rendered":"<p>Sorry, this entry is only available in French.\u2192 17 octobre 2019 Lieu : Salle de H\u00e9rel, 50400 Granville Nombre de personnes accueillies : 4 Nombre de personnes appareill\u00e9es : 3 Nombre d&#8217;appareils auditifs adapt\u00e9s : 6 Nombre de personnes vues en contr\u00f4le : 1 \u2192 4 avril 2019 Lieu : Salle de H\u00e9rel, 50400 Granville Nombre de personnes accueillies :<\/p>\n","protected":false},"author":2,"featured_media":0,"parent":0,"menu_order":0,"comment_status":"closed","ping_status":"closed","template":"","meta":{"footnotes":""},"acf":[],"yoast_head":"<!-- This site is optimized with the Yoast SEO plugin v21.9.1 - https:\/\/yoast.com\/wordpress\/plugins\/seo\/ -->\n<title>(Fran\u00e7ais) Historique #TaMissionAGranville - AuditionSolidarit\u00e9<\/title>\n<meta name=\"robots\" content=\"index, follow, max-snippet:-1, max-image-preview:large, max-video-preview:-1\" \/>\n<link rel=\"canonical\" href=\"https:\/\/www.auditionsolidarite.org\/en\/historique-tamissionagranville\/\" \/>\n<meta property=\"og:locale\" content=\"en_US\" \/>\n<meta property=\"og:type\" content=\"article\" \/>\n<meta property=\"og:title\" content=\"(Fran\u00e7ais) Historique #TaMissionAGranville - AuditionSolidarit\u00e9\" \/>\n<meta property=\"og:description\" content=\"Sorry, this entry is only available in French.\u2192 17 octobre 2019 Lieu : Salle de H\u00e9rel, 50400 Granville Nombre de personnes accueillies : 4 Nombre de personnes appareill\u00e9es : 3 Nombre d&#8217;appareils auditifs adapt\u00e9s : 6 Nombre de personnes vues en contr\u00f4le : 1 \u2192 4 avril 2019 Lieu : Salle de H\u00e9rel, 50400 Granville Nombre de personnes accueillies :\" \/>\n<meta property=\"og:url\" content=\"https:\/\/www.auditionsolidarite.org\/en\/historique-tamissionagranville\/\" \/>\n<meta property=\"og:site_name\" content=\"AuditionSolidarit\u00e9\" \/>\n<meta property=\"article:modified_time\" content=\"2019-12-02T14:05:43+00:00\" \/>\n<meta property=\"og:image\" content=\"https:\/\/www.auditionsolidarite.org\/wp-content\/uploads\/2015\/07\/logo-audition-solidarite-e1446132259721.png\" \/>\n\t<meta property=\"og:image:width\" content=\"600\" \/>\n\t<meta property=\"og:image:height\" content=\"593\" \/>\n\t<meta property=\"og:image:type\" content=\"image\/png\" \/>\n<meta name=\"twitter:card\" content=\"summary_large_image\" \/>\n<script type=\"application\/ld+json\" class=\"yoast-schema-graph\">{\"@context\":\"https:\/\/schema.org\",\"@graph\":[{\"@type\":\"WebPage\",\"@id\":\"https:\/\/www.auditionsolidarite.org\/en\/historique-tamissionagranville\/\",\"url\":\"https:\/\/www.auditionsolidarite.org\/en\/historique-tamissionagranville\/\",\"name\":\"(Fran\u00e7ais) Historique #TaMissionAGranville - AuditionSolidarit\u00e9\",\"isPartOf\":{\"@id\":\"https:\/\/www.auditionsolidarite.org\/en\/#website\"},\"datePublished\":\"2019-07-12T13:35:33+00:00\",\"dateModified\":\"2019-12-02T14:05:43+00:00\",\"breadcrumb\":{\"@id\":\"https:\/\/www.auditionsolidarite.org\/en\/historique-tamissionagranville\/#breadcrumb\"},\"inLanguage\":\"en-US\",\"potentialAction\":[{\"@type\":\"ReadAction\",\"target\":[[\"https:\/\/www.auditionsolidarite.org\/en\/historique-tamissionagranville\/\"]]}]},{\"@type\":\"BreadcrumbList\",\"@id\":\"https:\/\/www.auditionsolidarite.org\/en\/historique-tamissionagranville\/#breadcrumb\",\"itemListElement\":[{\"@type\":\"ListItem\",\"position\":1,\"name\":\"Accueil\",\"item\":\"https:\/\/www.auditionsolidarite.org\/en\/\"},{\"@type\":\"ListItem\",\"position\":2,\"name\":\"(Fran\u00e7ais) Historique #TaMissionAGranville\"}]},{\"@type\":\"WebSite\",\"@id\":\"https:\/\/www.auditionsolidarite.org\/en\/#website\",\"url\":\"https:\/\/www.auditionsolidarite.org\/en\/\",\"name\":\"AuditionSolidarit\u00e9\",\"description\":\"Le hasard n&#039;existe pas ! Si vous \u00eates l\u00e0 aujourd&#039;hui, c&#039;est que le monde de l&#039;audition vous touche... Alors merci d&#039;\u00eatre l\u00e0 !\",\"publisher\":{\"@id\":\"https:\/\/www.auditionsolidarite.org\/en\/#organization\"},\"potentialAction\":[{\"@type\":\"SearchAction\",\"target\":{\"@type\":\"EntryPoint\",\"urlTemplate\":\"https:\/\/www.auditionsolidarite.org\/en\/?s={search_term_string}\"},\"query-input\":\"required name=search_term_string\"}],\"inLanguage\":\"en-US\"},{\"@type\":\"Organization\",\"@id\":\"https:\/\/www.auditionsolidarite.org\/en\/#organization\",\"name\":\"AuditionSolidarit\u00e9\",\"url\":\"https:\/\/www.auditionsolidarite.org\/en\/\",\"logo\":{\"@type\":\"ImageObject\",\"inLanguage\":\"en-US\",\"@id\":\"https:\/\/www.auditionsolidarite.org\/en\/#\/schema\/logo\/image\/\",\"url\":\"https:\/\/www.auditionsolidarite.org\/wp-content\/uploads\/2015\/07\/logo-audition-solidarite-e1446132259721.png\",\"contentUrl\":\"https:\/\/www.auditionsolidarite.org\/wp-content\/uploads\/2015\/07\/logo-audition-solidarite-e1446132259721.png\",\"width\":600,\"height\":593,\"caption\":\"AuditionSolidarit\u00e9\"},\"image\":{\"@id\":\"https:\/\/www.auditionsolidarite.org\/en\/#\/schema\/logo\/image\/\"}}]}<\/script>\n<!-- \/ Yoast SEO plugin. -->","yoast_head_json":{"title":"(Fran\u00e7ais) Historique #TaMissionAGranville - AuditionSolidarit\u00e9","robots":{"index":"index","follow":"follow","max-snippet":"max-snippet:-1","max-image-preview":"max-image-preview:large","max-video-preview":"max-video-preview:-1"},"canonical":"https:\/\/www.auditionsolidarite.org\/en\/historique-tamissionagranville\/","og_locale":"en_US","og_type":"article","og_title":"(Fran\u00e7ais) Historique #TaMissionAGranville - AuditionSolidarit\u00e9","og_description":"Sorry, this entry is only available in French.\u2192 17 octobre 2019 Lieu : Salle de H\u00e9rel, 50400 Granville Nombre de personnes accueillies : 4 Nombre de personnes appareill\u00e9es : 3 Nombre d&#8217;appareils auditifs adapt\u00e9s : 6 Nombre de personnes vues en contr\u00f4le : 1 \u2192 4 avril 2019 Lieu : Salle de H\u00e9rel, 50400 Granville Nombre de personnes accueillies :","og_url":"https:\/\/www.auditionsolidarite.org\/en\/historique-tamissionagranville\/","og_site_name":"AuditionSolidarit\u00e9","article_modified_time":"2019-12-02T14:05:43+00:00","og_image":[{"width":600,"height":593,"url":"https:\/\/www.auditionsolidarite.org\/wp-content\/uploads\/2015\/07\/logo-audition-solidarite-e1446132259721.png","type":"image\/png"}],"twitter_card":"summary_large_image","schema":{"@context":"https:\/\/schema.org","@graph":[{"@type":"WebPage","@id":"https:\/\/www.auditionsolidarite.org\/en\/historique-tamissionagranville\/","url":"https:\/\/www.auditionsolidarite.org\/en\/historique-tamissionagranville\/","name":"(Fran\u00e7ais) Historique #TaMissionAGranville - AuditionSolidarit\u00e9","isPartOf":{"@id":"https:\/\/www.auditionsolidarite.org\/en\/#website"},"datePublished":"2019-07-12T13:35:33+00:00","dateModified":"2019-12-02T14:05:43+00:00","breadcrumb":{"@id":"https:\/\/www.auditionsolidarite.org\/en\/historique-tamissionagranville\/#breadcrumb"},"inLanguage":"en-US","potentialAction":[{"@type":"ReadAction","target":[["https:\/\/www.auditionsolidarite.org\/en\/historique-tamissionagranville\/"]]}]},{"@type":"BreadcrumbList","@id":"https:\/\/www.auditionsolidarite.org\/en\/historique-tamissionagranville\/#breadcrumb","itemListElement":[{"@type":"ListItem","position":1,"name":"Accueil","item":"https:\/\/www.auditionsolidarite.org\/en\/"},{"@type":"ListItem","position":2,"name":"(Fran\u00e7ais) Historique #TaMissionAGranville"}]},{"@type":"WebSite","@id":"https:\/\/www.auditionsolidarite.org\/en\/#website","url":"https:\/\/www.auditionsolidarite.org\/en\/","name":"AuditionSolidarit\u00e9","description":"Le hasard n&#039;existe pas ! Si vous \u00eates l\u00e0 aujourd&#039;hui, c&#039;est que le monde de l&#039;audition vous touche... Alors merci d&#039;\u00eatre l\u00e0 !","publisher":{"@id":"https:\/\/www.auditionsolidarite.org\/en\/#organization"},"potentialAction":[{"@type":"SearchAction","target":{"@type":"EntryPoint","urlTemplate":"https:\/\/www.auditionsolidarite.org\/en\/?s={search_term_string}"},"query-input":"required name=search_term_string"}],"inLanguage":"en-US"},{"@type":"Organization","@id":"https:\/\/www.auditionsolidarite.org\/en\/#organization","name":"AuditionSolidarit\u00e9","url":"https:\/\/www.auditionsolidarite.org\/en\/","logo":{"@type":"ImageObject","inLanguage":"en-US","@id":"https:\/\/www.auditionsolidarite.org\/en\/#\/schema\/logo\/image\/","url":"https:\/\/www.auditionsolidarite.org\/wp-content\/uploads\/2015\/07\/logo-audition-solidarite-e1446132259721.png","contentUrl":"https:\/\/www.auditionsolidarite.org\/wp-content\/uploads\/2015\/07\/logo-audition-solidarite-e1446132259721.png","width":600,"height":593,"caption":"AuditionSolidarit\u00e9"},"image":{"@id":"https:\/\/www.auditionsolidarite.org\/en\/#\/schema\/logo\/image\/"}}]}},"_links":{"self":[{"href":"https:\/\/www.auditionsolidarite.org\/en\/wp-json\/wp\/v2\/pages\/6973"}],"collection":[{"href":"https:\/\/www.auditionsolidarite.org\/en\/wp-json\/wp\/v2\/pages"}],"about":[{"href":"https:\/\/www.auditionsolidarite.org\/en\/wp-json\/wp\/v2\/types\/page"}],"author":[{"embeddable":true,"href":"https:\/\/www.auditionsolidarite.org\/en\/wp-json\/wp\/v2\/users\/2"}],"replies":[{"embeddable":true,"href":"https:\/\/www.auditionsolidarite.org\/en\/wp-json\/wp\/v2\/comments?post=6973"}],"version-history":[{"count":3,"href":"https:\/\/www.auditionsolidarite.org\/en\/wp-json\/wp\/v2\/pages\/6973\/revisions"}],"predecessor-version":[{"id":7160,"href":"https:\/\/www.auditionsolidarite.org\/en\/wp-json\/wp\/v2\/pages\/6973\/revisions\/7160"}],"wp:attachment":[{"href":"https:\/\/www.auditionsolidarite.org\/en\/wp-json\/wp\/v2\/media?parent=6973"}],"curies":[{"name":"wp","href":"https:\/\/api.w.org\/{rel}","templated":true}]}}