{"id":6694,"date":"2019-05-13T09:22:55","date_gmt":"2019-05-13T08:22:55","guid":{"rendered":"https:\/\/www.auditionsolidarite.org\/?page_id=6694"},"modified":"2021-07-23T15:16:10","modified_gmt":"2021-07-23T14:16:10","slug":"mission-humanitaire-a-madagascar-tana-2018","status":"publish","type":"page","link":"https:\/\/www.auditionsolidarite.org\/en\/mission-humanitaire-a-madagascar-tana-2018\/","title":{"rendered":"(Fran\u00e7ais) Mission Humanitaire \u00e0 Madagascar &#8211; Tana 2018"},"content":{"rendered":"<p class=\"qtranxs-available-languages-message qtranxs-available-languages-message-en\">Sorry, this entry is only available in <a href=\"https:\/\/www.auditionsolidarite.org\/fr\/wp-json\/wp\/v2\/pages\/6694\" class=\"qtranxs-available-language-link qtranxs-available-language-link-fr\" title=\"Fran\u00e7ais\">French<\/a>.<\/p><b>Pour la 4<\/b><b><sup>\u00e8me<\/sup><\/b><b> fois depuis 2014, l\u2019association humanitaire AuditionSolidarit\u00e9 s\u2019est rendu \u00e0 Madagascar du 8 au 16 novembre pour appareiller les enfants sourds et malentendants de l\u2019\u00e9cole AKA-MA \u00e0 Antananarivo.<b><br \/>\n<\/b><b><br \/>\n<\/b><\/b><\/p>\n<p>Deux ans se sont \u00e9coul\u00e9s depuis le dernier passage d\u2019AuditionSolidarit\u00e9 \u00e0 l\u2019\u00e9cole sp\u00e9cialis\u00e9e d\u2019AKA-MA \u00e0 Antananarivo. Apr\u00e8s trois passages successifs entre 2014 et 2016 ou l\u2019association avait appareill\u00e9 tous les enfants et r\u00e9alis\u00e9 un gros travail de formation aupr\u00e8s des professeurs dans le but de rendre la structure autonome, une nouvelle \u00e9quipe de 13 professionnels de l\u2019audition, m\u00e9c\u00e8nes de l\u2019association \u00e9tait de retour pour contr\u00f4ler le travail et appareiller les nouveaux \u00e9l\u00e8ves.<b><br \/>\n<\/b><b><br \/>\n<\/b><\/p>\n<p>Une fois sur place, le constat a \u00e9t\u00e9 tr\u00e8s positif, les formations donn\u00e9es par AuditionSolidarit\u00e9 depuis 2014 ont port\u00e9 leurs fruits. l\u2019\u00e9quipe technique malgache assure maintenant le suivi quotidien des enfants que ce soit en audiom\u00e9trie, pour l\u2019adaptation des appareils auditifs ou pour les s\u00e9ances d\u2019orthophonie. La stabilit\u00e9 et l\u2019implication de l\u2019\u00e9quipe enseignante et de la direction de l\u2019\u00e9cole sont de vrais atouts pour l\u2019efficacit\u00e9 de cette mission.<b> <b><br \/>\n<\/b><br \/>\n<\/b><\/p>\n<p>En une semaine, AuditionSolidarit\u00e9 a approfondi les formations des professeurs sur chaque poste, a contr\u00f4l\u00e9 l\u2019appareillage de tous les \u00e9l\u00e8ves et a appareill\u00e9 les nouveaux inscrits.<b><br \/>\n<\/b><b><br \/>\n<\/b><\/p>\n<blockquote><p><strong>162 enfants vus<\/strong><strong><b><br \/>\n<\/b><\/strong><strong>217 appareils auditifs adapt\u00e9s<b><br \/>\n<\/b><\/strong><\/p>\n<p><strong>257<\/strong> <strong>embouts auriculaires fabriqu\u00e9s <\/strong><\/p><\/blockquote>\n<p style=\"text-align: left;\"><b><b><br \/>\n<\/b><\/b> AuditionSolidarit\u00e9 pr\u00e9voit de revenir \u00e0 Madagascar en 2020 !<b><br \/>\n<\/b><\/p>\n<p style=\"text-align: left;\">Un grand MERCI \u00e0 l\u2019\u00e9quipe fran\u00e7aise, une \u00e9quipe g\u00e9niale, et \u00e0 l&#8217;accueil chaleureux des malgaches !<b> <b><br \/>\n<\/b><b> <\/b><\/b><\/p>\n<p><strong>Merci aux audioproth\u00e9sistes Anne-Sophie Buri, Florence Danthony, Fabien Martin, St\u00e9phane Gratien et Christine Bourger<\/strong><br \/>\n<strong> Merci aux orthophonistes, Clotilde Faure et Ana\u00efs Andrieu<\/strong><br \/>\n<strong> Merci au fabricant d&#8217;embouts, R\u00e9my Garrel<\/strong><br \/>\n<strong> Merci \u00e0 Alexandra Merlet pour le secr\u00e9tariat<\/strong><br \/>\n<strong> Les ateliers musicaux : Gabriel Bourgoin<\/strong><\/p>\n<p><b><br \/>\n<\/b>Merci au M\u00e9c\u00e9nat Humanitaire Air France et \u00e0 la Fondation La France s&#8217;engage et \u00e0 la Fondation Tom &amp; Dominique Alberici pour leur pr\u00e9cieux soutien sur cette mission !<\/p>\n<table style=\"height: 1045px;\" width=\"713\">\n<tbody>\n<tr>\n<td colspan=\"3\">\n<p style=\"text-align: center;\"><strong>Mission Humanitaire Madagascar &#8211; Novembre 2018<\/strong><\/p>\n<p><iframe loading=\"lazy\" title=\"YouTube video player\" src=\"https:\/\/www.youtube-nocookie.com\/embed\/kwLWcDNXgyo\" width=\"560\" height=\"315\" frameborder=\"0\" allowfullscreen=\"allowfullscreen\"><\/iframe><br \/>\n<b><br \/>\n<\/b><\/td>\n<\/tr>\n<tr>\n<td style=\"text-align: center;\"><strong><b>St\u00e9phane Gratien<\/b>, audioproth\u00e9siste<\/strong><br \/>\n<iframe loading=\"lazy\" title=\"YouTube video player\" src=\"https:\/\/www.youtube-nocookie.com\/embed\/M-SEqaEdJ0A\" width=\"270\" height=\"170\" frameborder=\"0\" allowfullscreen=\"allowfullscreen\"><\/iframe><\/td>\n<td style=\"text-align: center;\"><strong> <b>Anne-Sophie Buri<\/b>, audioproth\u00e9siste<\/strong><br \/>\n<iframe loading=\"lazy\" title=\"YouTube video player\" src=\"https:\/\/www.youtube-nocookie.com\/embed\/4bs5QA4ilsg\" width=\"270\" height=\"170\" frameborder=\"0\" allowfullscreen=\"allowfullscreen\"><\/iframe><\/td>\n<td style=\"text-align: center;\"><strong><b>Fabien Martin<\/b>, audioproth\u00e9siste<\/strong><br \/>\n<iframe loading=\"lazy\" title=\"YouTube video player\" src=\"https:\/\/www.youtube-nocookie.com\/embed\/xkWj-cNxNmI\" width=\"270\" height=\"170\" frameborder=\"0\" allowfullscreen=\"allowfullscreen\"><\/iframe><\/td>\n<\/tr>\n<tr>\n<td style=\"text-align: center;\"><strong> <b>Florence Danthony<\/b>, audioproth\u00e9siste<\/strong><br \/>\n<iframe loading=\"lazy\" title=\"YouTube video player\" src=\"https:\/\/www.youtube-nocookie.com\/embed\/FMXY9oAoNls\" width=\"270\" height=\"170\" frameborder=\"0\" allowfullscreen=\"allowfullscreen\"><\/iframe><\/td>\n<td style=\"text-align: center;\"><strong> Ana\u00efs Andrieu, orthophoniste<\/strong><br \/>\n<iframe loading=\"lazy\" title=\"YouTube video player\" src=\"https:\/\/www.youtube-nocookie.com\/embed\/3YTjD5VjcoA\" width=\"270\" height=\"170\" frameborder=\"0\" allowfullscreen=\"allowfullscreen\"><\/iframe><\/td>\n<td>\n<p style=\"text-align: center;\"><strong><b>Alexandra Merlet<\/b>, secr\u00e9tariat<\/strong><\/p>\n<p><iframe loading=\"lazy\" title=\"YouTube video player\" src=\"https:\/\/www.youtube-nocookie.com\/embed\/lUzn45GRbAc\" width=\"270\" height=\"170\" frameborder=\"0\" allowfullscreen=\"allowfullscreen\"><\/iframe><\/td>\n<\/tr>\n<tr>\n<td style=\"text-align: center;\"><strong><b>Gabriel Bourgoin<\/b>, musicien<iframe loading=\"lazy\" title=\"YouTube video player\" src=\"https:\/\/www.youtube-nocookie.com\/embed\/3D88OPfFSWM\" width=\"270\" height=\"170\" frameborder=\"0\" allowfullscreen=\"allowfullscreen\"><span style=\"display: inline-block; width: 0px; overflow: hidden; line-height: 0;\" data-mce-type=\"bookmark\" class=\"mce_SELRES_start\">\ufeff<\/span><\/iframe><\/strong><\/td>\n<td style=\"text-align: center;\"><\/td>\n<td style=\"text-align: center;\"><\/td>\n<\/tr>\n<\/tbody>\n<\/table>\n<p><b> <\/b><strong><b><img loading=\"lazy\" decoding=\"async\" class=\"aligncenter wp-image-6397\" src=\"\/wp-content\/uploads\/2015\/07\/Mada_Nov_2018-137-Copier.jpg\" alt=\"\" width=\"500\" height=\"375\" srcset=\"https:\/\/www.auditionsolidarite.org\/wp-content\/uploads\/2015\/07\/Mada_Nov_2018-137-Copier.jpg 1000w, https:\/\/www.auditionsolidarite.org\/wp-content\/uploads\/2015\/07\/Mada_Nov_2018-137-Copier-300x225.jpg 300w, https:\/\/www.auditionsolidarite.org\/wp-content\/uploads\/2015\/07\/Mada_Nov_2018-137-Copier-768x577.jpg 768w\" sizes=\"(max-width: 500px) 100vw, 500px\" \/><\/b><\/strong><strong><b><img loading=\"lazy\" decoding=\"async\" class=\"aligncenter wp-image-6392\" src=\"\/wp-content\/uploads\/2015\/07\/Mada_Nov_2018-38-Copier.jpg\" alt=\"\" width=\"500\" height=\"375\" srcset=\"https:\/\/www.auditionsolidarite.org\/wp-content\/uploads\/2015\/07\/Mada_Nov_2018-38-Copier.jpg 1000w, https:\/\/www.auditionsolidarite.org\/wp-content\/uploads\/2015\/07\/Mada_Nov_2018-38-Copier-300x225.jpg 300w, https:\/\/www.auditionsolidarite.org\/wp-content\/uploads\/2015\/07\/Mada_Nov_2018-38-Copier-768x577.jpg 768w\" sizes=\"(max-width: 500px) 100vw, 500px\" \/><\/b><\/strong><b> <\/b><strong><b> <img loading=\"lazy\" decoding=\"async\" class=\"aligncenter wp-image-6394\" src=\"\/wp-content\/uploads\/2015\/07\/Mada_Nov_2018-84-Copier.jpg\" alt=\"\" width=\"500\" height=\"375\" srcset=\"https:\/\/www.auditionsolidarite.org\/wp-content\/uploads\/2015\/07\/Mada_Nov_2018-84-Copier.jpg 1000w, https:\/\/www.auditionsolidarite.org\/wp-content\/uploads\/2015\/07\/Mada_Nov_2018-84-Copier-300x225.jpg 300w, https:\/\/www.auditionsolidarite.org\/wp-content\/uploads\/2015\/07\/Mada_Nov_2018-84-Copier-768x577.jpg 768w\" sizes=\"(max-width: 500px) 100vw, 500px\" \/> <\/b><\/strong><strong><b><img loading=\"lazy\" decoding=\"async\" class=\"aligncenter wp-image-6395\" src=\"\/wp-content\/uploads\/2015\/07\/Mada_Nov_2018-94-Copier.jpg\" alt=\"\" width=\"500\" height=\"375\" srcset=\"https:\/\/www.auditionsolidarite.org\/wp-content\/uploads\/2015\/07\/Mada_Nov_2018-94-Copier.jpg 1000w, https:\/\/www.auditionsolidarite.org\/wp-content\/uploads\/2015\/07\/Mada_Nov_2018-94-Copier-300x225.jpg 300w, https:\/\/www.auditionsolidarite.org\/wp-content\/uploads\/2015\/07\/Mada_Nov_2018-94-Copier-768x577.jpg 768w\" sizes=\"(max-width: 500px) 100vw, 500px\" \/><\/b><\/strong><strong><b> <img loading=\"lazy\" decoding=\"async\" class=\"aligncenter wp-image-6396\" src=\"\/wp-content\/uploads\/2015\/07\/Mada_Nov_2018-126-Copier.jpg\" alt=\"\" width=\"500\" height=\"375\" srcset=\"https:\/\/www.auditionsolidarite.org\/wp-content\/uploads\/2015\/07\/Mada_Nov_2018-126-Copier.jpg 1000w, https:\/\/www.auditionsolidarite.org\/wp-content\/uploads\/2015\/07\/Mada_Nov_2018-126-Copier-300x225.jpg 300w, https:\/\/www.auditionsolidarite.org\/wp-content\/uploads\/2015\/07\/Mada_Nov_2018-126-Copier-768x577.jpg 768w\" sizes=\"(max-width: 500px) 100vw, 500px\" \/> <\/b><\/strong><b> <\/b><\/p>\n<p>&nbsp;<\/p>\n<p>&nbsp;","protected":false},"excerpt":{"rendered":"<p>Sorry, this entry is only available in French.Pour la 4\u00e8me fois depuis 2014, l\u2019association humanitaire AuditionSolidarit\u00e9 s\u2019est rendu \u00e0 Madagascar du 8 au 16 novembre pour appareiller les enfants sourds et malentendants de l\u2019\u00e9cole AKA-MA \u00e0 Antananarivo. Deux ans se sont \u00e9coul\u00e9s depuis le dernier passage d\u2019AuditionSolidarit\u00e9 \u00e0 l\u2019\u00e9cole sp\u00e9cialis\u00e9e d\u2019AKA-MA \u00e0 Antananarivo. Apr\u00e8s trois passages successifs entre 2014 et<\/p>\n","protected":false},"author":2,"featured_media":0,"parent":0,"menu_order":0,"comment_status":"closed","ping_status":"closed","template":"","meta":{"footnotes":""},"acf":[],"yoast_head":"<!-- This site is optimized with the Yoast SEO plugin v21.9.1 - https:\/\/yoast.com\/wordpress\/plugins\/seo\/ -->\n<title>(Fran\u00e7ais) Mission Humanitaire \u00e0 Madagascar - Tana 2018 - AuditionSolidarit\u00e9<\/title>\n<meta name=\"robots\" content=\"index, follow, max-snippet:-1, max-image-preview:large, max-video-preview:-1\" \/>\n<link rel=\"canonical\" href=\"https:\/\/www.auditionsolidarite.org\/en\/mission-humanitaire-a-madagascar-tana-2018\/\" \/>\n<meta property=\"og:locale\" content=\"en_US\" \/>\n<meta property=\"og:type\" content=\"article\" \/>\n<meta property=\"og:title\" content=\"(Fran\u00e7ais) Mission Humanitaire \u00e0 Madagascar - Tana 2018 - AuditionSolidarit\u00e9\" \/>\n<meta property=\"og:description\" content=\"Sorry, this entry is only available in French.Pour la 4\u00e8me fois depuis 2014, l\u2019association humanitaire AuditionSolidarit\u00e9 s\u2019est rendu \u00e0 Madagascar du 8 au 16 novembre pour appareiller les enfants sourds et malentendants de l\u2019\u00e9cole AKA-MA \u00e0 Antananarivo. Deux ans se sont \u00e9coul\u00e9s depuis le dernier passage d\u2019AuditionSolidarit\u00e9 \u00e0 l\u2019\u00e9cole sp\u00e9cialis\u00e9e d\u2019AKA-MA \u00e0 Antananarivo. Apr\u00e8s trois passages successifs entre 2014 et\" \/>\n<meta property=\"og:url\" content=\"https:\/\/www.auditionsolidarite.org\/en\/mission-humanitaire-a-madagascar-tana-2018\/\" \/>\n<meta property=\"og:site_name\" content=\"AuditionSolidarit\u00e9\" \/>\n<meta property=\"article:modified_time\" content=\"2021-07-23T14:16:10+00:00\" \/>\n<meta property=\"og:image\" content=\"https:\/\/www.auditionsolidarite.org\/wp-content\/uploads\/2015\/07\/logo-audition-solidarite-e1446132259721.png\" \/>\n\t<meta property=\"og:image:width\" content=\"600\" \/>\n\t<meta property=\"og:image:height\" content=\"593\" \/>\n\t<meta property=\"og:image:type\" content=\"image\/png\" \/>\n<meta name=\"twitter:card\" content=\"summary_large_image\" \/>\n<meta name=\"twitter:label1\" content=\"Est. reading time\" \/>\n\t<meta name=\"twitter:data1\" content=\"3 minutes\" \/>\n<script type=\"application\/ld+json\" class=\"yoast-schema-graph\">{\"@context\":\"https:\/\/schema.org\",\"@graph\":[{\"@type\":\"WebPage\",\"@id\":\"https:\/\/www.auditionsolidarite.org\/en\/mission-humanitaire-a-madagascar-tana-2018\/\",\"url\":\"https:\/\/www.auditionsolidarite.org\/en\/mission-humanitaire-a-madagascar-tana-2018\/\",\"name\":\"(Fran\u00e7ais) Mission Humanitaire \u00e0 Madagascar - Tana 2018 - AuditionSolidarit\u00e9\",\"isPartOf\":{\"@id\":\"https:\/\/www.auditionsolidarite.org\/en\/#website\"},\"datePublished\":\"2019-05-13T08:22:55+00:00\",\"dateModified\":\"2021-07-23T14:16:10+00:00\",\"breadcrumb\":{\"@id\":\"https:\/\/www.auditionsolidarite.org\/en\/mission-humanitaire-a-madagascar-tana-2018\/#breadcrumb\"},\"inLanguage\":\"en-US\",\"potentialAction\":[{\"@type\":\"ReadAction\",\"target\":[[\"https:\/\/www.auditionsolidarite.org\/en\/mission-humanitaire-a-madagascar-tana-2018\/\"]]}]},{\"@type\":\"BreadcrumbList\",\"@id\":\"https:\/\/www.auditionsolidarite.org\/en\/mission-humanitaire-a-madagascar-tana-2018\/#breadcrumb\",\"itemListElement\":[{\"@type\":\"ListItem\",\"position\":1,\"name\":\"Accueil\",\"item\":\"https:\/\/www.auditionsolidarite.org\/en\/\"},{\"@type\":\"ListItem\",\"position\":2,\"name\":\"Mission Humanitaire \u00e0 Madagascar &#8211; Tana 2018\"}]},{\"@type\":\"WebSite\",\"@id\":\"https:\/\/www.auditionsolidarite.org\/en\/#website\",\"url\":\"https:\/\/www.auditionsolidarite.org\/en\/\",\"name\":\"AuditionSolidarit\u00e9\",\"description\":\"Le hasard n&#039;existe pas ! Si vous \u00eates l\u00e0 aujourd&#039;hui, c&#039;est que le monde de l&#039;audition vous touche... Alors merci d&#039;\u00eatre l\u00e0 !\",\"publisher\":{\"@id\":\"https:\/\/www.auditionsolidarite.org\/en\/#organization\"},\"potentialAction\":[{\"@type\":\"SearchAction\",\"target\":{\"@type\":\"EntryPoint\",\"urlTemplate\":\"https:\/\/www.auditionsolidarite.org\/en\/?s={search_term_string}\"},\"query-input\":\"required name=search_term_string\"}],\"inLanguage\":\"en-US\"},{\"@type\":\"Organization\",\"@id\":\"https:\/\/www.auditionsolidarite.org\/en\/#organization\",\"name\":\"AuditionSolidarit\u00e9\",\"url\":\"https:\/\/www.auditionsolidarite.org\/en\/\",\"logo\":{\"@type\":\"ImageObject\",\"inLanguage\":\"en-US\",\"@id\":\"https:\/\/www.auditionsolidarite.org\/en\/#\/schema\/logo\/image\/\",\"url\":\"https:\/\/www.auditionsolidarite.org\/wp-content\/uploads\/2015\/07\/logo-audition-solidarite-e1446132259721.png\",\"contentUrl\":\"https:\/\/www.auditionsolidarite.org\/wp-content\/uploads\/2015\/07\/logo-audition-solidarite-e1446132259721.png\",\"width\":600,\"height\":593,\"caption\":\"AuditionSolidarit\u00e9\"},\"image\":{\"@id\":\"https:\/\/www.auditionsolidarite.org\/en\/#\/schema\/logo\/image\/\"}}]}<\/script>\n<!-- \/ Yoast SEO plugin. -->","yoast_head_json":{"title":"(Fran\u00e7ais) Mission Humanitaire \u00e0 Madagascar - Tana 2018 - AuditionSolidarit\u00e9","robots":{"index":"index","follow":"follow","max-snippet":"max-snippet:-1","max-image-preview":"max-image-preview:large","max-video-preview":"max-video-preview:-1"},"canonical":"https:\/\/www.auditionsolidarite.org\/en\/mission-humanitaire-a-madagascar-tana-2018\/","og_locale":"en_US","og_type":"article","og_title":"(Fran\u00e7ais) Mission Humanitaire \u00e0 Madagascar - Tana 2018 - AuditionSolidarit\u00e9","og_description":"Sorry, this entry is only available in French.Pour la 4\u00e8me fois depuis 2014, l\u2019association humanitaire AuditionSolidarit\u00e9 s\u2019est rendu \u00e0 Madagascar du 8 au 16 novembre pour appareiller les enfants sourds et malentendants de l\u2019\u00e9cole AKA-MA \u00e0 Antananarivo. Deux ans se sont \u00e9coul\u00e9s depuis le dernier passage d\u2019AuditionSolidarit\u00e9 \u00e0 l\u2019\u00e9cole sp\u00e9cialis\u00e9e d\u2019AKA-MA \u00e0 Antananarivo. Apr\u00e8s trois passages successifs entre 2014 et","og_url":"https:\/\/www.auditionsolidarite.org\/en\/mission-humanitaire-a-madagascar-tana-2018\/","og_site_name":"AuditionSolidarit\u00e9","article_modified_time":"2021-07-23T14:16:10+00:00","og_image":[{"width":600,"height":593,"url":"https:\/\/www.auditionsolidarite.org\/wp-content\/uploads\/2015\/07\/logo-audition-solidarite-e1446132259721.png","type":"image\/png"}],"twitter_card":"summary_large_image","twitter_misc":{"Est. reading time":"3 minutes"},"schema":{"@context":"https:\/\/schema.org","@graph":[{"@type":"WebPage","@id":"https:\/\/www.auditionsolidarite.org\/en\/mission-humanitaire-a-madagascar-tana-2018\/","url":"https:\/\/www.auditionsolidarite.org\/en\/mission-humanitaire-a-madagascar-tana-2018\/","name":"(Fran\u00e7ais) Mission Humanitaire \u00e0 Madagascar - Tana 2018 - AuditionSolidarit\u00e9","isPartOf":{"@id":"https:\/\/www.auditionsolidarite.org\/en\/#website"},"datePublished":"2019-05-13T08:22:55+00:00","dateModified":"2021-07-23T14:16:10+00:00","breadcrumb":{"@id":"https:\/\/www.auditionsolidarite.org\/en\/mission-humanitaire-a-madagascar-tana-2018\/#breadcrumb"},"inLanguage":"en-US","potentialAction":[{"@type":"ReadAction","target":[["https:\/\/www.auditionsolidarite.org\/en\/mission-humanitaire-a-madagascar-tana-2018\/"]]}]},{"@type":"BreadcrumbList","@id":"https:\/\/www.auditionsolidarite.org\/en\/mission-humanitaire-a-madagascar-tana-2018\/#breadcrumb","itemListElement":[{"@type":"ListItem","position":1,"name":"Accueil","item":"https:\/\/www.auditionsolidarite.org\/en\/"},{"@type":"ListItem","position":2,"name":"Mission Humanitaire \u00e0 Madagascar &#8211; Tana 2018"}]},{"@type":"WebSite","@id":"https:\/\/www.auditionsolidarite.org\/en\/#website","url":"https:\/\/www.auditionsolidarite.org\/en\/","name":"AuditionSolidarit\u00e9","description":"Le hasard n&#039;existe pas ! Si vous \u00eates l\u00e0 aujourd&#039;hui, c&#039;est que le monde de l&#039;audition vous touche... Alors merci d&#039;\u00eatre l\u00e0 !","publisher":{"@id":"https:\/\/www.auditionsolidarite.org\/en\/#organization"},"potentialAction":[{"@type":"SearchAction","target":{"@type":"EntryPoint","urlTemplate":"https:\/\/www.auditionsolidarite.org\/en\/?s={search_term_string}"},"query-input":"required name=search_term_string"}],"inLanguage":"en-US"},{"@type":"Organization","@id":"https:\/\/www.auditionsolidarite.org\/en\/#organization","name":"AuditionSolidarit\u00e9","url":"https:\/\/www.auditionsolidarite.org\/en\/","logo":{"@type":"ImageObject","inLanguage":"en-US","@id":"https:\/\/www.auditionsolidarite.org\/en\/#\/schema\/logo\/image\/","url":"https:\/\/www.auditionsolidarite.org\/wp-content\/uploads\/2015\/07\/logo-audition-solidarite-e1446132259721.png","contentUrl":"https:\/\/www.auditionsolidarite.org\/wp-content\/uploads\/2015\/07\/logo-audition-solidarite-e1446132259721.png","width":600,"height":593,"caption":"AuditionSolidarit\u00e9"},"image":{"@id":"https:\/\/www.auditionsolidarite.org\/en\/#\/schema\/logo\/image\/"}}]}},"_links":{"self":[{"href":"https:\/\/www.auditionsolidarite.org\/en\/wp-json\/wp\/v2\/pages\/6694"}],"collection":[{"href":"https:\/\/www.auditionsolidarite.org\/en\/wp-json\/wp\/v2\/pages"}],"about":[{"href":"https:\/\/www.auditionsolidarite.org\/en\/wp-json\/wp\/v2\/types\/page"}],"author":[{"embeddable":true,"href":"https:\/\/www.auditionsolidarite.org\/en\/wp-json\/wp\/v2\/users\/2"}],"replies":[{"embeddable":true,"href":"https:\/\/www.auditionsolidarite.org\/en\/wp-json\/wp\/v2\/comments?post=6694"}],"version-history":[{"count":2,"href":"https:\/\/www.auditionsolidarite.org\/en\/wp-json\/wp\/v2\/pages\/6694\/revisions"}],"predecessor-version":[{"id":8314,"href":"https:\/\/www.auditionsolidarite.org\/en\/wp-json\/wp\/v2\/pages\/6694\/revisions\/8314"}],"wp:attachment":[{"href":"https:\/\/www.auditionsolidarite.org\/en\/wp-json\/wp\/v2\/media?parent=6694"}],"curies":[{"name":"wp","href":"https:\/\/api.w.org\/{rel}","templated":true}]}}