{"id":6551,"date":"2019-02-05T09:34:31","date_gmt":"2019-02-05T08:34:31","guid":{"rendered":"http:\/\/www.auditionsolidarite.org\/?page_id=6551"},"modified":"2019-02-05T09:42:26","modified_gmt":"2019-02-05T08:42:26","slug":"hopital-rothschild-ap-hp-paris-octobre-2018","status":"publish","type":"page","link":"https:\/\/www.auditionsolidarite.org\/en\/hopital-rothschild-ap-hp-paris-octobre-2018\/","title":{"rendered":"(Fran\u00e7ais) H\u00f4pital Rothschild AP-HP (Paris) \u2013 Octobre 2018"},"content":{"rendered":"<p class=\"qtranxs-available-languages-message qtranxs-available-languages-message-en\">Sorry, this entry is only available in <a href=\"https:\/\/www.auditionsolidarite.org\/fr\/wp-json\/wp\/v2\/pages\/6551\" class=\"qtranxs-available-language-link qtranxs-available-language-link-fr\" title=\"Fran\u00e7ais\">French<\/a>.<\/p><strong>Retour sur la mission &#8220;Audition&#8221; des 2 &amp; 3 octobre 2018 en partenariat avec l\u2019AP-HP \u00e0 l&#8217;H\u00f4pital Rothschild :<b><br \/>\n<\/b><b><br \/>\n<\/b><\/strong><b><\/b><\/p>\n<p><strong>88<\/strong> personnes sont venues \u00e0 notre rencontre dont <strong>37<\/strong> nouvelles personnes, super !<\/p>\n<p><strong>50<\/strong> personnes ont b\u00e9n\u00e9fici\u00e9 d&#8217;un appareillage soit pour la 1\u00e8re fois, soit AuditionSolidarit\u00e9 a proc\u00e9d\u00e9 \u00e0 un changement de leur ancien appareillage ; en totalit\u00e9 <strong>86<\/strong> appareils adapt\u00e9s !<\/p>\n<p><strong>15<\/strong> personnes ont juste eu un contr\u00f4le de leur appareillage ce qui assure ce suivi si important et ce lien humain.<\/p>\n<p>Et les <strong>23<\/strong> personnes restantes se r\u00e9partissent selon ces grandes cat\u00e9gories : pas de probl\u00e8me d&#8217;audition, bouchons dans les oreilles, otites, etc &#8230;<b><br \/>\n<\/b><b> <\/b><b><br \/>\n<\/b>Merci aux audioproth\u00e9sistes : Sophie Bondonny, Isabelle Cornuau-Humbert, Maxime Bonneuil, Mathieu Husson, Julien Haeberl\u00e9 et Christine Bourger<b><br \/>\n<\/b>Merci \u00e0 Sylvie Claudin, l&#8217;ORL<br \/>\nMerci \u00e0 l&#8217;orthophoniste H\u00e9l\u00e8ne Feuillie<br \/>\nMerci au fabricant d&#8217;embouts, Jean-Pierre Fogel<br \/>\nMerci \u00e0 S\u00e9bastien Boucher pour le secr\u00e9tariat<b><br \/>\n<\/b>Merci \u00e0 Mathilde Froment, \u00e9tudiante en audioproth\u00e8se<b><br \/>\n<\/b><b><br \/>\n<\/b><\/p>\n<p>Merci \u00e0 l&#8217;\u00e9quipe de l&#8217;AP-HP<b><br \/>\n<\/b><b><br \/>\n<\/b><b><b> <\/b> <\/b><\/p>\n<p>Un grand MERCI \u00e0 la Fondation CARITAS France, \u00e0 la Fondation ZEPHYR, \u00e0 La Fondation Dominique et Tom ALBERICI, \u00e0 la Fondation La France s&#8217;engage et \u00e0 la Fondation UP pour leur soutien si pr\u00e9cieux.<b><br \/>\n<\/b><\/p>\n<table>\n<tbody>\n<tr>\n<td style=\"text-align: center;\"><strong><b>Mathieu Husson<\/b>, audioproth\u00e9siste<b><br \/>\n<\/b><iframe loading=\"lazy\" src=\"https:\/\/www.youtube.com\/embed\/bNRDimcKTSo\" width=\"270\" height=\"170\" frameborder=\"0\" allowfullscreen=\"allowfullscreen\"><\/iframe><\/strong><\/td>\n<td style=\"text-align: center;\"><strong><b>Julien Haerberl\u00e9<\/b>, audioproth\u00e9siste<b><br \/>\n<\/b><iframe loading=\"lazy\" src=\"https:\/\/www.youtube.com\/embed\/7T7rXbtLMXE\" width=\"270\" height=\"170\" frameborder=\"0\" allowfullscreen=\"allowfullscreen\"><\/iframe><\/strong><\/td>\n<td style=\"text-align: center;\"><strong><b>Isabelle Cornuau<\/b>, audioproth\u00e9siste<b><br \/>\n<\/b><iframe loading=\"lazy\" src=\"https:\/\/www.youtube.com\/embed\/InRRplQsBiw\" width=\"270\" height=\"170\" frameborder=\"0\" allowfullscreen=\"allowfullscreen\"><\/iframe><\/strong><\/td>\n<\/tr>\n<tr>\n<td style=\"text-align: center;\"><strong><b>Maxime Bonneuil<\/b>, audioproth\u00e9siste<b><br \/>\n<\/b><iframe loading=\"lazy\" src=\"https:\/\/www.youtube.com\/embed\/CsgRGjW4M74\" width=\"270\" height=\"170\" frameborder=\"0\" allowfullscreen=\"allowfullscreen\"><\/iframe><\/strong><\/td>\n<td style=\"text-align: center;\"><strong><b>S\u00e9bastien Boucher<\/b>, secr\u00e9tariat<b><br \/>\n<\/b><iframe loading=\"lazy\" src=\"https:\/\/www.youtube.com\/embed\/gwuNdgyeEuI\" width=\"270\" height=\"170\" frameborder=\"0\" allowfullscreen=\"allowfullscreen\"><\/iframe><\/strong><\/td>\n<td style=\"text-align: center;\"><strong><b>Sophie Bondonny<\/b>, audioproth\u00e9siste<b><br \/>\n<\/b><iframe loading=\"lazy\" src=\"https:\/\/www.youtube.com\/embed\/xdWXnwRmutQ\" width=\"270\" height=\"170\" frameborder=\"0\" allowfullscreen=\"allowfullscreen\"><\/iframe><\/strong><\/td>\n<\/tr>\n<tr>\n<td style=\"text-align: center;\"><strong><b>H\u00e9l\u00e8ne Feuillie<\/b>, orthophoniste<b><br \/>\n<\/b><iframe loading=\"lazy\" src=\"https:\/\/www.youtube.com\/embed\/gvvC1QWiofs\" width=\"270\" height=\"170\" frameborder=\"0\" allowfullscreen=\"allowfullscreen\"><\/iframe><\/strong><\/td>\n<td style=\"text-align: center;\"><strong><b>Mathilde Froment<\/b>, \u00e9tudiante<b><br \/>\n<\/b><iframe loading=\"lazy\" src=\"https:\/\/www.youtube.com\/embed\/S_yoLEnWc1U\" width=\"270\" height=\"170\" frameborder=\"0\" allowfullscreen=\"allowfullscreen\"><\/iframe><\/strong><\/td>\n<td><\/td>\n<\/tr>\n<\/tbody>\n<\/table>\n<p><b><br \/>\n<\/b><img loading=\"lazy\" decoding=\"async\" class=\"aligncenter wp-image-6354\" src=\"\/wp-content\/uploads\/2015\/07\/P1400383-Copier.jpg\" alt=\"\" width=\"500\" height=\"376\" srcset=\"https:\/\/www.auditionsolidarite.org\/wp-content\/uploads\/2015\/07\/P1400383-Copier.jpg 800w, https:\/\/www.auditionsolidarite.org\/wp-content\/uploads\/2015\/07\/P1400383-Copier-300x225.jpg 300w, https:\/\/www.auditionsolidarite.org\/wp-content\/uploads\/2015\/07\/P1400383-Copier-768x577.jpg 768w\" sizes=\"(max-width: 500px) 100vw, 500px\" \/><img loading=\"lazy\" decoding=\"async\" class=\"aligncenter wp-image-6355\" src=\"\/wp-content\/uploads\/2015\/07\/P1400397-Copier.jpg\" alt=\"\" width=\"500\" height=\"376\" srcset=\"https:\/\/www.auditionsolidarite.org\/wp-content\/uploads\/2015\/07\/P1400397-Copier.jpg 800w, https:\/\/www.auditionsolidarite.org\/wp-content\/uploads\/2015\/07\/P1400397-Copier-300x225.jpg 300w, https:\/\/www.auditionsolidarite.org\/wp-content\/uploads\/2015\/07\/P1400397-Copier-768x577.jpg 768w\" sizes=\"(max-width: 500px) 100vw, 500px\" \/><b> <\/b><\/p>\n<p><img loading=\"lazy\" decoding=\"async\" class=\"aligncenter wp-image-6353\" src=\"\/wp-content\/uploads\/2015\/07\/P1400323-Copier.jpg\" alt=\"\" width=\"500\" height=\"376\" srcset=\"https:\/\/www.auditionsolidarite.org\/wp-content\/uploads\/2015\/07\/P1400323-Copier.jpg 800w, https:\/\/www.auditionsolidarite.org\/wp-content\/uploads\/2015\/07\/P1400323-Copier-300x225.jpg 300w, https:\/\/www.auditionsolidarite.org\/wp-content\/uploads\/2015\/07\/P1400323-Copier-768x577.jpg 768w\" sizes=\"(max-width: 500px) 100vw, 500px\" \/><\/p>\n<p>&nbsp;","protected":false},"excerpt":{"rendered":"<p>Sorry, this entry is only available in French.Retour sur la mission &#8220;Audition&#8221; des 2 &amp; 3 octobre 2018 en partenariat avec l\u2019AP-HP \u00e0 l&#8217;H\u00f4pital Rothschild : 88 personnes sont venues \u00e0 notre rencontre dont 37 nouvelles personnes, super ! 50 personnes ont b\u00e9n\u00e9fici\u00e9 d&#8217;un appareillage soit pour la 1\u00e8re fois, soit AuditionSolidarit\u00e9 a proc\u00e9d\u00e9 \u00e0 un changement de leur ancien<\/p>\n","protected":false},"author":2,"featured_media":0,"parent":0,"menu_order":0,"comment_status":"closed","ping_status":"closed","template":"","meta":{"footnotes":""},"acf":[],"yoast_head":"<!-- This site is optimized with the Yoast SEO plugin v21.9.1 - https:\/\/yoast.com\/wordpress\/plugins\/seo\/ -->\n<title>(Fran\u00e7ais) H\u00f4pital Rothschild AP-HP (Paris) \u2013 Octobre 2018 - AuditionSolidarit\u00e9<\/title>\n<meta name=\"robots\" content=\"index, follow, max-snippet:-1, max-image-preview:large, max-video-preview:-1\" \/>\n<link rel=\"canonical\" href=\"https:\/\/www.auditionsolidarite.org\/en\/hopital-rothschild-ap-hp-paris-octobre-2018\/\" \/>\n<meta property=\"og:locale\" content=\"en_US\" \/>\n<meta property=\"og:type\" content=\"article\" \/>\n<meta property=\"og:title\" content=\"(Fran\u00e7ais) H\u00f4pital Rothschild AP-HP (Paris) \u2013 Octobre 2018 - AuditionSolidarit\u00e9\" \/>\n<meta property=\"og:description\" content=\"Sorry, this entry is only available in French.Retour sur la mission &#8220;Audition&#8221; des 2 &amp; 3 octobre 2018 en partenariat avec l\u2019AP-HP \u00e0 l&#8217;H\u00f4pital Rothschild : 88 personnes sont venues \u00e0 notre rencontre dont 37 nouvelles personnes, super ! 50 personnes ont b\u00e9n\u00e9fici\u00e9 d&#8217;un appareillage soit pour la 1\u00e8re fois, soit AuditionSolidarit\u00e9 a proc\u00e9d\u00e9 \u00e0 un changement de leur ancien\" \/>\n<meta property=\"og:url\" content=\"https:\/\/www.auditionsolidarite.org\/en\/hopital-rothschild-ap-hp-paris-octobre-2018\/\" \/>\n<meta property=\"og:site_name\" content=\"AuditionSolidarit\u00e9\" \/>\n<meta property=\"article:modified_time\" content=\"2019-02-05T08:42:26+00:00\" \/>\n<meta property=\"og:image\" content=\"https:\/\/www.auditionsolidarite.org\/wp-content\/uploads\/2015\/07\/logo-audition-solidarite-e1446132259721.png\" \/>\n\t<meta property=\"og:image:width\" content=\"600\" \/>\n\t<meta property=\"og:image:height\" content=\"593\" \/>\n\t<meta property=\"og:image:type\" content=\"image\/png\" \/>\n<meta name=\"twitter:card\" content=\"summary_large_image\" \/>\n<meta name=\"twitter:label1\" content=\"Est. reading time\" \/>\n\t<meta name=\"twitter:data1\" content=\"1 minute\" \/>\n<script type=\"application\/ld+json\" class=\"yoast-schema-graph\">{\"@context\":\"https:\/\/schema.org\",\"@graph\":[{\"@type\":\"WebPage\",\"@id\":\"https:\/\/www.auditionsolidarite.org\/en\/hopital-rothschild-ap-hp-paris-octobre-2018\/\",\"url\":\"https:\/\/www.auditionsolidarite.org\/en\/hopital-rothschild-ap-hp-paris-octobre-2018\/\",\"name\":\"(Fran\u00e7ais) H\u00f4pital Rothschild AP-HP (Paris) \u2013 Octobre 2018 - AuditionSolidarit\u00e9\",\"isPartOf\":{\"@id\":\"https:\/\/www.auditionsolidarite.org\/en\/#website\"},\"datePublished\":\"2019-02-05T08:34:31+00:00\",\"dateModified\":\"2019-02-05T08:42:26+00:00\",\"breadcrumb\":{\"@id\":\"https:\/\/www.auditionsolidarite.org\/en\/hopital-rothschild-ap-hp-paris-octobre-2018\/#breadcrumb\"},\"inLanguage\":\"en-US\",\"potentialAction\":[{\"@type\":\"ReadAction\",\"target\":[[\"https:\/\/www.auditionsolidarite.org\/en\/hopital-rothschild-ap-hp-paris-octobre-2018\/\"]]}]},{\"@type\":\"BreadcrumbList\",\"@id\":\"https:\/\/www.auditionsolidarite.org\/en\/hopital-rothschild-ap-hp-paris-octobre-2018\/#breadcrumb\",\"itemListElement\":[{\"@type\":\"ListItem\",\"position\":1,\"name\":\"Accueil\",\"item\":\"https:\/\/www.auditionsolidarite.org\/en\/\"},{\"@type\":\"ListItem\",\"position\":2,\"name\":\"H\u00f4pital Rothschild AP-HP (Paris) \u2013 Octobre 2018\"}]},{\"@type\":\"WebSite\",\"@id\":\"https:\/\/www.auditionsolidarite.org\/en\/#website\",\"url\":\"https:\/\/www.auditionsolidarite.org\/en\/\",\"name\":\"AuditionSolidarit\u00e9\",\"description\":\"Le hasard n&#039;existe pas ! Si vous \u00eates l\u00e0 aujourd&#039;hui, c&#039;est que le monde de l&#039;audition vous touche... Alors merci d&#039;\u00eatre l\u00e0 !\",\"publisher\":{\"@id\":\"https:\/\/www.auditionsolidarite.org\/en\/#organization\"},\"potentialAction\":[{\"@type\":\"SearchAction\",\"target\":{\"@type\":\"EntryPoint\",\"urlTemplate\":\"https:\/\/www.auditionsolidarite.org\/en\/?s={search_term_string}\"},\"query-input\":\"required name=search_term_string\"}],\"inLanguage\":\"en-US\"},{\"@type\":\"Organization\",\"@id\":\"https:\/\/www.auditionsolidarite.org\/en\/#organization\",\"name\":\"AuditionSolidarit\u00e9\",\"url\":\"https:\/\/www.auditionsolidarite.org\/en\/\",\"logo\":{\"@type\":\"ImageObject\",\"inLanguage\":\"en-US\",\"@id\":\"https:\/\/www.auditionsolidarite.org\/en\/#\/schema\/logo\/image\/\",\"url\":\"https:\/\/www.auditionsolidarite.org\/wp-content\/uploads\/2015\/07\/logo-audition-solidarite-e1446132259721.png\",\"contentUrl\":\"https:\/\/www.auditionsolidarite.org\/wp-content\/uploads\/2015\/07\/logo-audition-solidarite-e1446132259721.png\",\"width\":600,\"height\":593,\"caption\":\"AuditionSolidarit\u00e9\"},\"image\":{\"@id\":\"https:\/\/www.auditionsolidarite.org\/en\/#\/schema\/logo\/image\/\"}}]}<\/script>\n<!-- \/ Yoast SEO plugin. -->","yoast_head_json":{"title":"(Fran\u00e7ais) H\u00f4pital Rothschild AP-HP (Paris) \u2013 Octobre 2018 - AuditionSolidarit\u00e9","robots":{"index":"index","follow":"follow","max-snippet":"max-snippet:-1","max-image-preview":"max-image-preview:large","max-video-preview":"max-video-preview:-1"},"canonical":"https:\/\/www.auditionsolidarite.org\/en\/hopital-rothschild-ap-hp-paris-octobre-2018\/","og_locale":"en_US","og_type":"article","og_title":"(Fran\u00e7ais) H\u00f4pital Rothschild AP-HP (Paris) \u2013 Octobre 2018 - AuditionSolidarit\u00e9","og_description":"Sorry, this entry is only available in French.Retour sur la mission &#8220;Audition&#8221; des 2 &amp; 3 octobre 2018 en partenariat avec l\u2019AP-HP \u00e0 l&#8217;H\u00f4pital Rothschild : 88 personnes sont venues \u00e0 notre rencontre dont 37 nouvelles personnes, super ! 50 personnes ont b\u00e9n\u00e9fici\u00e9 d&#8217;un appareillage soit pour la 1\u00e8re fois, soit AuditionSolidarit\u00e9 a proc\u00e9d\u00e9 \u00e0 un changement de leur ancien","og_url":"https:\/\/www.auditionsolidarite.org\/en\/hopital-rothschild-ap-hp-paris-octobre-2018\/","og_site_name":"AuditionSolidarit\u00e9","article_modified_time":"2019-02-05T08:42:26+00:00","og_image":[{"width":600,"height":593,"url":"https:\/\/www.auditionsolidarite.org\/wp-content\/uploads\/2015\/07\/logo-audition-solidarite-e1446132259721.png","type":"image\/png"}],"twitter_card":"summary_large_image","twitter_misc":{"Est. reading time":"1 minute"},"schema":{"@context":"https:\/\/schema.org","@graph":[{"@type":"WebPage","@id":"https:\/\/www.auditionsolidarite.org\/en\/hopital-rothschild-ap-hp-paris-octobre-2018\/","url":"https:\/\/www.auditionsolidarite.org\/en\/hopital-rothschild-ap-hp-paris-octobre-2018\/","name":"(Fran\u00e7ais) H\u00f4pital Rothschild AP-HP (Paris) \u2013 Octobre 2018 - AuditionSolidarit\u00e9","isPartOf":{"@id":"https:\/\/www.auditionsolidarite.org\/en\/#website"},"datePublished":"2019-02-05T08:34:31+00:00","dateModified":"2019-02-05T08:42:26+00:00","breadcrumb":{"@id":"https:\/\/www.auditionsolidarite.org\/en\/hopital-rothschild-ap-hp-paris-octobre-2018\/#breadcrumb"},"inLanguage":"en-US","potentialAction":[{"@type":"ReadAction","target":[["https:\/\/www.auditionsolidarite.org\/en\/hopital-rothschild-ap-hp-paris-octobre-2018\/"]]}]},{"@type":"BreadcrumbList","@id":"https:\/\/www.auditionsolidarite.org\/en\/hopital-rothschild-ap-hp-paris-octobre-2018\/#breadcrumb","itemListElement":[{"@type":"ListItem","position":1,"name":"Accueil","item":"https:\/\/www.auditionsolidarite.org\/en\/"},{"@type":"ListItem","position":2,"name":"H\u00f4pital Rothschild AP-HP (Paris) \u2013 Octobre 2018"}]},{"@type":"WebSite","@id":"https:\/\/www.auditionsolidarite.org\/en\/#website","url":"https:\/\/www.auditionsolidarite.org\/en\/","name":"AuditionSolidarit\u00e9","description":"Le hasard n&#039;existe pas ! Si vous \u00eates l\u00e0 aujourd&#039;hui, c&#039;est que le monde de l&#039;audition vous touche... Alors merci d&#039;\u00eatre l\u00e0 !","publisher":{"@id":"https:\/\/www.auditionsolidarite.org\/en\/#organization"},"potentialAction":[{"@type":"SearchAction","target":{"@type":"EntryPoint","urlTemplate":"https:\/\/www.auditionsolidarite.org\/en\/?s={search_term_string}"},"query-input":"required name=search_term_string"}],"inLanguage":"en-US"},{"@type":"Organization","@id":"https:\/\/www.auditionsolidarite.org\/en\/#organization","name":"AuditionSolidarit\u00e9","url":"https:\/\/www.auditionsolidarite.org\/en\/","logo":{"@type":"ImageObject","inLanguage":"en-US","@id":"https:\/\/www.auditionsolidarite.org\/en\/#\/schema\/logo\/image\/","url":"https:\/\/www.auditionsolidarite.org\/wp-content\/uploads\/2015\/07\/logo-audition-solidarite-e1446132259721.png","contentUrl":"https:\/\/www.auditionsolidarite.org\/wp-content\/uploads\/2015\/07\/logo-audition-solidarite-e1446132259721.png","width":600,"height":593,"caption":"AuditionSolidarit\u00e9"},"image":{"@id":"https:\/\/www.auditionsolidarite.org\/en\/#\/schema\/logo\/image\/"}}]}},"_links":{"self":[{"href":"https:\/\/www.auditionsolidarite.org\/en\/wp-json\/wp\/v2\/pages\/6551"}],"collection":[{"href":"https:\/\/www.auditionsolidarite.org\/en\/wp-json\/wp\/v2\/pages"}],"about":[{"href":"https:\/\/www.auditionsolidarite.org\/en\/wp-json\/wp\/v2\/types\/page"}],"author":[{"embeddable":true,"href":"https:\/\/www.auditionsolidarite.org\/en\/wp-json\/wp\/v2\/users\/2"}],"replies":[{"embeddable":true,"href":"https:\/\/www.auditionsolidarite.org\/en\/wp-json\/wp\/v2\/comments?post=6551"}],"version-history":[{"count":2,"href":"https:\/\/www.auditionsolidarite.org\/en\/wp-json\/wp\/v2\/pages\/6551\/revisions"}],"predecessor-version":[{"id":6555,"href":"https:\/\/www.auditionsolidarite.org\/en\/wp-json\/wp\/v2\/pages\/6551\/revisions\/6555"}],"wp:attachment":[{"href":"https:\/\/www.auditionsolidarite.org\/en\/wp-json\/wp\/v2\/media?parent=6551"}],"curies":[{"name":"wp","href":"https:\/\/api.w.org\/{rel}","templated":true}]}}