{"id":6513,"date":"2019-01-21T17:38:16","date_gmt":"2019-01-21T16:38:16","guid":{"rendered":"http:\/\/www.auditionsolidarite.org\/?page_id=6513"},"modified":"2020-09-30T14:46:44","modified_gmt":"2020-09-30T13:46:44","slug":"mentions-legales","status":"publish","type":"page","link":"https:\/\/www.auditionsolidarite.org\/en\/mentions-legales\/","title":{"rendered":"(Fran\u00e7ais) Mentions l\u00e9gales"},"content":{"rendered":"<p class=\"qtranxs-available-languages-message qtranxs-available-languages-message-en\">Sorry, this entry is only available in <a href=\"https:\/\/www.auditionsolidarite.org\/fr\/wp-json\/wp\/v2\/pages\/6513\" class=\"qtranxs-available-language-link qtranxs-available-language-link-fr\" title=\"Fran\u00e7ais\">French<\/a>.<\/p>Le pr\u00e9sent site <a href=\"\/fr\/\">https:\/\/www.auditionsolidarite.org\/fr\/<\/a> (ci-apr\u00e8s le \u00ab\u00a0<strong>Site<\/strong>\u00a0\u00bb) est la propri\u00e9t\u00e9 d\u2019AuditionSolidarit\u00e9, association r\u00e9gie par la loi de 1901, enregistre au R\u00e9pertoire National de Associations sous le num\u00e9ro W401002147, dont le num\u00e9ro SIREN est le 503208183, situ\u00e9e 1 impasse des M\u00e9sanges, 40180 Yzosse, repr\u00e9sent\u00e9e par Madame Christine Bourger (ci-apr\u00e8s \u00ab\u00a0AuditionSolidarit\u00e9\u00a0\u00bb).<b><br \/>\n<\/b><b><br \/>\n<\/b><\/p>\n<p>Le directeur de la publication est Christine Bourger en qualit\u00e9 de charg\u00e9 de pr\u00e9sidente. <b><br \/>\n<\/b><b><br \/>\n<\/b><\/p>\n<p>AuditionSolidarit\u00e9 peut \u00eatre contact\u00e9e par voie postale (1 impasse des M\u00e9sanges 40180 Yzosse), par mail (association@auditionsolidarite.org) ou par t\u00e9l\u00e9phone (+33 (0) 5 58 35 42 32).<b><br \/>\n<\/b><b><br \/>\n<\/b><\/p>\n<p>Le Site est h\u00e9berg\u00e9 par la soci\u00e9t\u00e9 OVH dont le si\u00e8ge social est situ\u00e9 2 rue Kellermann \u2013 59 100 Roubaix et le num\u00e9ro de t\u00e9l\u00e9phone de service client est le\u00a009 72 10 10 07.<b><br \/>\n<\/b><b><br \/>\n<\/b><\/p>\n<p>Le Site est con\u00e7u et d\u00e9velopp\u00e9 par Sj Solutions, dont le si\u00e8ge social est situ\u00e9 5 rue Pache 75011 Paris. Vous pouvez consulter le site de SjSolutions \u00e0 l\u2019adresse suivante :\u00a0 www.sjsolutions.fr.","protected":false},"excerpt":{"rendered":"<p>Sorry, this entry is only available in French.Le pr\u00e9sent site https:\/\/www.auditionsolidarite.org\/fr\/ (ci-apr\u00e8s le \u00ab\u00a0Site\u00a0\u00bb) est la propri\u00e9t\u00e9 d\u2019AuditionSolidarit\u00e9, association r\u00e9gie par la loi de 1901, enregistre au R\u00e9pertoire National de Associations sous le num\u00e9ro W401002147, dont le num\u00e9ro SIREN est le 503208183, situ\u00e9e 1 impasse des M\u00e9sanges, 40180 Yzosse, repr\u00e9sent\u00e9e par Madame Christine Bourger (ci-apr\u00e8s \u00ab\u00a0AuditionSolidarit\u00e9\u00a0\u00bb). Le directeur de la<\/p>\n","protected":false},"author":10,"featured_media":0,"parent":0,"menu_order":0,"comment_status":"closed","ping_status":"closed","template":"","meta":{"footnotes":""},"acf":[],"yoast_head":"<!-- This site is optimized with the Yoast SEO plugin v21.9.1 - https:\/\/yoast.com\/wordpress\/plugins\/seo\/ -->\n<title>(Fran\u00e7ais) Mentions l\u00e9gales - AuditionSolidarit\u00e9<\/title>\n<meta name=\"robots\" content=\"index, follow, max-snippet:-1, max-image-preview:large, max-video-preview:-1\" \/>\n<link rel=\"canonical\" href=\"https:\/\/www.auditionsolidarite.org\/en\/mentions-legales\/\" \/>\n<meta property=\"og:locale\" content=\"en_US\" \/>\n<meta property=\"og:type\" content=\"article\" \/>\n<meta property=\"og:title\" content=\"(Fran\u00e7ais) Mentions l\u00e9gales - AuditionSolidarit\u00e9\" \/>\n<meta property=\"og:description\" content=\"Sorry, this entry is only available in French.Le pr\u00e9sent site https:\/\/www.auditionsolidarite.org\/fr\/ (ci-apr\u00e8s le \u00ab\u00a0Site\u00a0\u00bb) est la propri\u00e9t\u00e9 d\u2019AuditionSolidarit\u00e9, association r\u00e9gie par la loi de 1901, enregistre au R\u00e9pertoire National de Associations sous le num\u00e9ro W401002147, dont le num\u00e9ro SIREN est le 503208183, situ\u00e9e 1 impasse des M\u00e9sanges, 40180 Yzosse, repr\u00e9sent\u00e9e par Madame Christine Bourger (ci-apr\u00e8s \u00ab\u00a0AuditionSolidarit\u00e9\u00a0\u00bb). Le directeur de la\" \/>\n<meta property=\"og:url\" content=\"https:\/\/www.auditionsolidarite.org\/en\/mentions-legales\/\" \/>\n<meta property=\"og:site_name\" content=\"AuditionSolidarit\u00e9\" \/>\n<meta property=\"article:modified_time\" content=\"2020-09-30T13:46:44+00:00\" \/>\n<meta property=\"og:image\" content=\"https:\/\/www.auditionsolidarite.org\/wp-content\/uploads\/2015\/07\/logo-audition-solidarite-e1446132259721.png\" \/>\n\t<meta property=\"og:image:width\" content=\"600\" \/>\n\t<meta property=\"og:image:height\" content=\"593\" \/>\n\t<meta property=\"og:image:type\" content=\"image\/png\" \/>\n<meta name=\"twitter:card\" content=\"summary_large_image\" \/>\n<meta name=\"twitter:label1\" content=\"Est. reading time\" \/>\n\t<meta name=\"twitter:data1\" content=\"1 minute\" \/>\n<script type=\"application\/ld+json\" class=\"yoast-schema-graph\">{\"@context\":\"https:\/\/schema.org\",\"@graph\":[{\"@type\":\"WebPage\",\"@id\":\"https:\/\/www.auditionsolidarite.org\/en\/mentions-legales\/\",\"url\":\"https:\/\/www.auditionsolidarite.org\/en\/mentions-legales\/\",\"name\":\"(Fran\u00e7ais) Mentions l\u00e9gales - AuditionSolidarit\u00e9\",\"isPartOf\":{\"@id\":\"https:\/\/www.auditionsolidarite.org\/en\/#website\"},\"datePublished\":\"2019-01-21T16:38:16+00:00\",\"dateModified\":\"2020-09-30T13:46:44+00:00\",\"breadcrumb\":{\"@id\":\"https:\/\/www.auditionsolidarite.org\/en\/mentions-legales\/#breadcrumb\"},\"inLanguage\":\"en-US\",\"potentialAction\":[{\"@type\":\"ReadAction\",\"target\":[[\"https:\/\/www.auditionsolidarite.org\/en\/mentions-legales\/\"]]}]},{\"@type\":\"BreadcrumbList\",\"@id\":\"https:\/\/www.auditionsolidarite.org\/en\/mentions-legales\/#breadcrumb\",\"itemListElement\":[{\"@type\":\"ListItem\",\"position\":1,\"name\":\"Accueil\",\"item\":\"https:\/\/www.auditionsolidarite.org\/en\/\"},{\"@type\":\"ListItem\",\"position\":2,\"name\":\"Mentions l\u00e9gales\"}]},{\"@type\":\"WebSite\",\"@id\":\"https:\/\/www.auditionsolidarite.org\/en\/#website\",\"url\":\"https:\/\/www.auditionsolidarite.org\/en\/\",\"name\":\"AuditionSolidarit\u00e9\",\"description\":\"Le hasard n&#039;existe pas ! Si vous \u00eates l\u00e0 aujourd&#039;hui, c&#039;est que le monde de l&#039;audition vous touche... Alors merci d&#039;\u00eatre l\u00e0 !\",\"publisher\":{\"@id\":\"https:\/\/www.auditionsolidarite.org\/en\/#organization\"},\"potentialAction\":[{\"@type\":\"SearchAction\",\"target\":{\"@type\":\"EntryPoint\",\"urlTemplate\":\"https:\/\/www.auditionsolidarite.org\/en\/?s={search_term_string}\"},\"query-input\":\"required name=search_term_string\"}],\"inLanguage\":\"en-US\"},{\"@type\":\"Organization\",\"@id\":\"https:\/\/www.auditionsolidarite.org\/en\/#organization\",\"name\":\"AuditionSolidarit\u00e9\",\"url\":\"https:\/\/www.auditionsolidarite.org\/en\/\",\"logo\":{\"@type\":\"ImageObject\",\"inLanguage\":\"en-US\",\"@id\":\"https:\/\/www.auditionsolidarite.org\/en\/#\/schema\/logo\/image\/\",\"url\":\"https:\/\/www.auditionsolidarite.org\/wp-content\/uploads\/2015\/07\/logo-audition-solidarite-e1446132259721.png\",\"contentUrl\":\"https:\/\/www.auditionsolidarite.org\/wp-content\/uploads\/2015\/07\/logo-audition-solidarite-e1446132259721.png\",\"width\":600,\"height\":593,\"caption\":\"AuditionSolidarit\u00e9\"},\"image\":{\"@id\":\"https:\/\/www.auditionsolidarite.org\/en\/#\/schema\/logo\/image\/\"}}]}<\/script>\n<!-- \/ Yoast SEO plugin. -->","yoast_head_json":{"title":"(Fran\u00e7ais) Mentions l\u00e9gales - AuditionSolidarit\u00e9","robots":{"index":"index","follow":"follow","max-snippet":"max-snippet:-1","max-image-preview":"max-image-preview:large","max-video-preview":"max-video-preview:-1"},"canonical":"https:\/\/www.auditionsolidarite.org\/en\/mentions-legales\/","og_locale":"en_US","og_type":"article","og_title":"(Fran\u00e7ais) Mentions l\u00e9gales - AuditionSolidarit\u00e9","og_description":"Sorry, this entry is only available in French.Le pr\u00e9sent site https:\/\/www.auditionsolidarite.org\/fr\/ (ci-apr\u00e8s le \u00ab\u00a0Site\u00a0\u00bb) est la propri\u00e9t\u00e9 d\u2019AuditionSolidarit\u00e9, association r\u00e9gie par la loi de 1901, enregistre au R\u00e9pertoire National de Associations sous le num\u00e9ro W401002147, dont le num\u00e9ro SIREN est le 503208183, situ\u00e9e 1 impasse des M\u00e9sanges, 40180 Yzosse, repr\u00e9sent\u00e9e par Madame Christine Bourger (ci-apr\u00e8s \u00ab\u00a0AuditionSolidarit\u00e9\u00a0\u00bb). Le directeur de la","og_url":"https:\/\/www.auditionsolidarite.org\/en\/mentions-legales\/","og_site_name":"AuditionSolidarit\u00e9","article_modified_time":"2020-09-30T13:46:44+00:00","og_image":[{"width":600,"height":593,"url":"https:\/\/www.auditionsolidarite.org\/wp-content\/uploads\/2015\/07\/logo-audition-solidarite-e1446132259721.png","type":"image\/png"}],"twitter_card":"summary_large_image","twitter_misc":{"Est. reading time":"1 minute"},"schema":{"@context":"https:\/\/schema.org","@graph":[{"@type":"WebPage","@id":"https:\/\/www.auditionsolidarite.org\/en\/mentions-legales\/","url":"https:\/\/www.auditionsolidarite.org\/en\/mentions-legales\/","name":"(Fran\u00e7ais) Mentions l\u00e9gales - AuditionSolidarit\u00e9","isPartOf":{"@id":"https:\/\/www.auditionsolidarite.org\/en\/#website"},"datePublished":"2019-01-21T16:38:16+00:00","dateModified":"2020-09-30T13:46:44+00:00","breadcrumb":{"@id":"https:\/\/www.auditionsolidarite.org\/en\/mentions-legales\/#breadcrumb"},"inLanguage":"en-US","potentialAction":[{"@type":"ReadAction","target":[["https:\/\/www.auditionsolidarite.org\/en\/mentions-legales\/"]]}]},{"@type":"BreadcrumbList","@id":"https:\/\/www.auditionsolidarite.org\/en\/mentions-legales\/#breadcrumb","itemListElement":[{"@type":"ListItem","position":1,"name":"Accueil","item":"https:\/\/www.auditionsolidarite.org\/en\/"},{"@type":"ListItem","position":2,"name":"Mentions l\u00e9gales"}]},{"@type":"WebSite","@id":"https:\/\/www.auditionsolidarite.org\/en\/#website","url":"https:\/\/www.auditionsolidarite.org\/en\/","name":"AuditionSolidarit\u00e9","description":"Le hasard n&#039;existe pas ! Si vous \u00eates l\u00e0 aujourd&#039;hui, c&#039;est que le monde de l&#039;audition vous touche... Alors merci d&#039;\u00eatre l\u00e0 !","publisher":{"@id":"https:\/\/www.auditionsolidarite.org\/en\/#organization"},"potentialAction":[{"@type":"SearchAction","target":{"@type":"EntryPoint","urlTemplate":"https:\/\/www.auditionsolidarite.org\/en\/?s={search_term_string}"},"query-input":"required name=search_term_string"}],"inLanguage":"en-US"},{"@type":"Organization","@id":"https:\/\/www.auditionsolidarite.org\/en\/#organization","name":"AuditionSolidarit\u00e9","url":"https:\/\/www.auditionsolidarite.org\/en\/","logo":{"@type":"ImageObject","inLanguage":"en-US","@id":"https:\/\/www.auditionsolidarite.org\/en\/#\/schema\/logo\/image\/","url":"https:\/\/www.auditionsolidarite.org\/wp-content\/uploads\/2015\/07\/logo-audition-solidarite-e1446132259721.png","contentUrl":"https:\/\/www.auditionsolidarite.org\/wp-content\/uploads\/2015\/07\/logo-audition-solidarite-e1446132259721.png","width":600,"height":593,"caption":"AuditionSolidarit\u00e9"},"image":{"@id":"https:\/\/www.auditionsolidarite.org\/en\/#\/schema\/logo\/image\/"}}]}},"_links":{"self":[{"href":"https:\/\/www.auditionsolidarite.org\/en\/wp-json\/wp\/v2\/pages\/6513"}],"collection":[{"href":"https:\/\/www.auditionsolidarite.org\/en\/wp-json\/wp\/v2\/pages"}],"about":[{"href":"https:\/\/www.auditionsolidarite.org\/en\/wp-json\/wp\/v2\/types\/page"}],"author":[{"embeddable":true,"href":"https:\/\/www.auditionsolidarite.org\/en\/wp-json\/wp\/v2\/users\/10"}],"replies":[{"embeddable":true,"href":"https:\/\/www.auditionsolidarite.org\/en\/wp-json\/wp\/v2\/comments?post=6513"}],"version-history":[{"count":3,"href":"https:\/\/www.auditionsolidarite.org\/en\/wp-json\/wp\/v2\/pages\/6513\/revisions"}],"predecessor-version":[{"id":7571,"href":"https:\/\/www.auditionsolidarite.org\/en\/wp-json\/wp\/v2\/pages\/6513\/revisions\/7571"}],"wp:attachment":[{"href":"https:\/\/www.auditionsolidarite.org\/en\/wp-json\/wp\/v2\/media?parent=6513"}],"curies":[{"name":"wp","href":"https:\/\/api.w.org\/{rel}","templated":true}]}}