{"id":65,"date":"2015-07-07T14:26:08","date_gmt":"2015-07-07T13:26:08","guid":{"rendered":"http:\/\/localhost\/auditionsolidarite.org\/?page_id=65"},"modified":"2023-05-16T09:06:34","modified_gmt":"2023-05-16T08:06:34","slug":"faire-un-don","status":"publish","type":"page","link":"https:\/\/www.auditionsolidarite.org\/en\/faire-un-don\/","title":{"rendered":"Faire un don"},"content":{"rendered":"<h4 style=\"text-align: left;\">Vous souhaitez faire un don<\/h4>\n<p>Vous \u00eates un particulier,\u00a0sachez que 66% de votre don est d\u00e9ductible de vos imp\u00f4ts\u00a0( dans la limite annuelle de 20% du revenu imposable) &#8230;.\u00a0Par exemple, un don de 50 \u20ac vous revient en r\u00e9alit\u00e9 \u00e0 17 \u20ac<\/p>\n<p>\u00a0<\/p>\n<h6 style=\"text-align: left;\">Vous pouvez faire un don en ligne sur le sit d&#8217;HelloAsso,<\/h6>\n<p>\n<a style=\"font: 1.5em sans-serif;text-transform: uppercase;max-width:373px;text-decoration: none;display: block;background: #0071c1;text-align: center;margin: auto;padding: .75em .5em;color: #FFF;\" href=\"http:\/\/www.helloasso.com\/associations\/auditionsolidarite-org\/collectes\/soutenir-audition-solidarite\/faire-un-don\">Faire un don<\/a>\n<\/p>\n<h6>Vous pouvez faire un don par courrier,<\/h6>\n<p>envoyez votre don par ch\u00e8que \u00e0 :<\/p>\n<blockquote>\n<p style=\"text-align: center;\"><strong>AuditionSolidarit\u00e9.Org<\/strong><br \/>\n1, Impasse des M\u00e9sanges<br \/>\n40180 Yzosse<\/p>\n<\/blockquote>\n<p style=\"text-align: center;\">Merci de nous indiquer vos coordonn\u00e9es et votre adresse pour l&#8217;envoi de votre re\u00e7u fiscal<\/p>\n<h6 style=\"text-align: center;\"><\/h6>\n<h6 style=\"text-align: center;\">Merci \u00e0 vous\u00a0!<\/h6>","protected":false},"excerpt":{"rendered":"<p>Vous souhaitez faire un don Vous \u00eates un particulier,\u00a0sachez que 66% de votre don est d\u00e9ductible de vos imp\u00f4ts\u00a0( dans la limite annuelle de 20% du revenu imposable) &#8230;.\u00a0Par exemple, un don de 50 \u20ac vous revient en r\u00e9alit\u00e9 \u00e0 17 \u20ac \u00a0 Vous pouvez faire un don en ligne sur le sit d&#8217;HelloAsso, Faire un don Vous pouvez faire<\/p>\n","protected":false},"author":10,"featured_media":0,"parent":0,"menu_order":0,"comment_status":"closed","ping_status":"closed","template":"","meta":{"footnotes":""},"acf":[],"yoast_head":"<!-- This site is optimized with the Yoast SEO plugin v21.9.1 - https:\/\/yoast.com\/wordpress\/plugins\/seo\/ -->\n<title>Faire un don - AuditionSolidarit\u00e9<\/title>\n<meta name=\"robots\" content=\"index, follow, max-snippet:-1, max-image-preview:large, max-video-preview:-1\" \/>\n<link rel=\"canonical\" href=\"https:\/\/www.auditionsolidarite.org\/en\/faire-un-don\/\" \/>\n<meta property=\"og:locale\" content=\"en_US\" \/>\n<meta property=\"og:type\" content=\"article\" \/>\n<meta property=\"og:title\" content=\"Faire un don - AuditionSolidarit\u00e9\" \/>\n<meta property=\"og:description\" content=\"Vous souhaitez faire un don Vous \u00eates un particulier,\u00a0sachez que 66% de votre don est d\u00e9ductible de vos imp\u00f4ts\u00a0( dans la limite annuelle de 20% du revenu imposable) &#8230;.\u00a0Par exemple, un don de 50 \u20ac vous revient en r\u00e9alit\u00e9 \u00e0 17 \u20ac \u00a0 Vous pouvez faire un don en ligne sur le sit d&#8217;HelloAsso, Faire un don Vous pouvez faire\" \/>\n<meta property=\"og:url\" content=\"https:\/\/www.auditionsolidarite.org\/en\/faire-un-don\/\" \/>\n<meta property=\"og:site_name\" content=\"AuditionSolidarit\u00e9\" \/>\n<meta property=\"article:modified_time\" content=\"2023-05-16T08:06:34+00:00\" \/>\n<meta property=\"og:image\" content=\"https:\/\/www.auditionsolidarite.org\/wp-content\/uploads\/2015\/07\/logo-audition-solidarite-e1446132259721.png\" \/>\n\t<meta property=\"og:image:width\" content=\"600\" \/>\n\t<meta property=\"og:image:height\" content=\"593\" \/>\n\t<meta property=\"og:image:type\" content=\"image\/png\" \/>\n<meta name=\"twitter:card\" content=\"summary_large_image\" \/>\n<meta name=\"twitter:label1\" content=\"Est. reading time\" \/>\n\t<meta name=\"twitter:data1\" content=\"1 minute\" \/>\n<script type=\"application\/ld+json\" class=\"yoast-schema-graph\">{\"@context\":\"https:\/\/schema.org\",\"@graph\":[{\"@type\":\"WebPage\",\"@id\":\"https:\/\/www.auditionsolidarite.org\/en\/faire-un-don\/\",\"url\":\"https:\/\/www.auditionsolidarite.org\/en\/faire-un-don\/\",\"name\":\"Faire un don - AuditionSolidarit\u00e9\",\"isPartOf\":{\"@id\":\"https:\/\/www.auditionsolidarite.org\/en\/#website\"},\"datePublished\":\"2015-07-07T13:26:08+00:00\",\"dateModified\":\"2023-05-16T08:06:34+00:00\",\"breadcrumb\":{\"@id\":\"https:\/\/www.auditionsolidarite.org\/en\/faire-un-don\/#breadcrumb\"},\"inLanguage\":\"en-US\",\"potentialAction\":[{\"@type\":\"ReadAction\",\"target\":[[\"https:\/\/www.auditionsolidarite.org\/en\/faire-un-don\/\"]]}]},{\"@type\":\"BreadcrumbList\",\"@id\":\"https:\/\/www.auditionsolidarite.org\/en\/faire-un-don\/#breadcrumb\",\"itemListElement\":[{\"@type\":\"ListItem\",\"position\":1,\"name\":\"Accueil\",\"item\":\"https:\/\/www.auditionsolidarite.org\/en\/\"},{\"@type\":\"ListItem\",\"position\":2,\"name\":\"Faire un don\"}]},{\"@type\":\"WebSite\",\"@id\":\"https:\/\/www.auditionsolidarite.org\/en\/#website\",\"url\":\"https:\/\/www.auditionsolidarite.org\/en\/\",\"name\":\"AuditionSolidarit\u00e9\",\"description\":\"Le hasard n&#039;existe pas ! Si vous \u00eates l\u00e0 aujourd&#039;hui, c&#039;est que le monde de l&#039;audition vous touche... Alors merci d&#039;\u00eatre l\u00e0 !\",\"publisher\":{\"@id\":\"https:\/\/www.auditionsolidarite.org\/en\/#organization\"},\"potentialAction\":[{\"@type\":\"SearchAction\",\"target\":{\"@type\":\"EntryPoint\",\"urlTemplate\":\"https:\/\/www.auditionsolidarite.org\/en\/?s={search_term_string}\"},\"query-input\":\"required name=search_term_string\"}],\"inLanguage\":\"en-US\"},{\"@type\":\"Organization\",\"@id\":\"https:\/\/www.auditionsolidarite.org\/en\/#organization\",\"name\":\"AuditionSolidarit\u00e9\",\"url\":\"https:\/\/www.auditionsolidarite.org\/en\/\",\"logo\":{\"@type\":\"ImageObject\",\"inLanguage\":\"en-US\",\"@id\":\"https:\/\/www.auditionsolidarite.org\/en\/#\/schema\/logo\/image\/\",\"url\":\"https:\/\/www.auditionsolidarite.org\/wp-content\/uploads\/2015\/07\/logo-audition-solidarite-e1446132259721.png\",\"contentUrl\":\"https:\/\/www.auditionsolidarite.org\/wp-content\/uploads\/2015\/07\/logo-audition-solidarite-e1446132259721.png\",\"width\":600,\"height\":593,\"caption\":\"AuditionSolidarit\u00e9\"},\"image\":{\"@id\":\"https:\/\/www.auditionsolidarite.org\/en\/#\/schema\/logo\/image\/\"}}]}<\/script>\n<!-- \/ Yoast SEO plugin. -->","yoast_head_json":{"title":"Faire un don - AuditionSolidarit\u00e9","robots":{"index":"index","follow":"follow","max-snippet":"max-snippet:-1","max-image-preview":"max-image-preview:large","max-video-preview":"max-video-preview:-1"},"canonical":"https:\/\/www.auditionsolidarite.org\/en\/faire-un-don\/","og_locale":"en_US","og_type":"article","og_title":"Faire un don - AuditionSolidarit\u00e9","og_description":"Vous souhaitez faire un don Vous \u00eates un particulier,\u00a0sachez que 66% de votre don est d\u00e9ductible de vos imp\u00f4ts\u00a0( dans la limite annuelle de 20% du revenu imposable) &#8230;.\u00a0Par exemple, un don de 50 \u20ac vous revient en r\u00e9alit\u00e9 \u00e0 17 \u20ac \u00a0 Vous pouvez faire un don en ligne sur le sit d&#8217;HelloAsso, Faire un don Vous pouvez faire","og_url":"https:\/\/www.auditionsolidarite.org\/en\/faire-un-don\/","og_site_name":"AuditionSolidarit\u00e9","article_modified_time":"2023-05-16T08:06:34+00:00","og_image":[{"width":600,"height":593,"url":"https:\/\/www.auditionsolidarite.org\/wp-content\/uploads\/2015\/07\/logo-audition-solidarite-e1446132259721.png","type":"image\/png"}],"twitter_card":"summary_large_image","twitter_misc":{"Est. reading time":"1 minute"},"schema":{"@context":"https:\/\/schema.org","@graph":[{"@type":"WebPage","@id":"https:\/\/www.auditionsolidarite.org\/en\/faire-un-don\/","url":"https:\/\/www.auditionsolidarite.org\/en\/faire-un-don\/","name":"Faire un don - AuditionSolidarit\u00e9","isPartOf":{"@id":"https:\/\/www.auditionsolidarite.org\/en\/#website"},"datePublished":"2015-07-07T13:26:08+00:00","dateModified":"2023-05-16T08:06:34+00:00","breadcrumb":{"@id":"https:\/\/www.auditionsolidarite.org\/en\/faire-un-don\/#breadcrumb"},"inLanguage":"en-US","potentialAction":[{"@type":"ReadAction","target":[["https:\/\/www.auditionsolidarite.org\/en\/faire-un-don\/"]]}]},{"@type":"BreadcrumbList","@id":"https:\/\/www.auditionsolidarite.org\/en\/faire-un-don\/#breadcrumb","itemListElement":[{"@type":"ListItem","position":1,"name":"Accueil","item":"https:\/\/www.auditionsolidarite.org\/en\/"},{"@type":"ListItem","position":2,"name":"Faire un don"}]},{"@type":"WebSite","@id":"https:\/\/www.auditionsolidarite.org\/en\/#website","url":"https:\/\/www.auditionsolidarite.org\/en\/","name":"AuditionSolidarit\u00e9","description":"Le hasard n&#039;existe pas ! Si vous \u00eates l\u00e0 aujourd&#039;hui, c&#039;est que le monde de l&#039;audition vous touche... Alors merci d&#039;\u00eatre l\u00e0 !","publisher":{"@id":"https:\/\/www.auditionsolidarite.org\/en\/#organization"},"potentialAction":[{"@type":"SearchAction","target":{"@type":"EntryPoint","urlTemplate":"https:\/\/www.auditionsolidarite.org\/en\/?s={search_term_string}"},"query-input":"required name=search_term_string"}],"inLanguage":"en-US"},{"@type":"Organization","@id":"https:\/\/www.auditionsolidarite.org\/en\/#organization","name":"AuditionSolidarit\u00e9","url":"https:\/\/www.auditionsolidarite.org\/en\/","logo":{"@type":"ImageObject","inLanguage":"en-US","@id":"https:\/\/www.auditionsolidarite.org\/en\/#\/schema\/logo\/image\/","url":"https:\/\/www.auditionsolidarite.org\/wp-content\/uploads\/2015\/07\/logo-audition-solidarite-e1446132259721.png","contentUrl":"https:\/\/www.auditionsolidarite.org\/wp-content\/uploads\/2015\/07\/logo-audition-solidarite-e1446132259721.png","width":600,"height":593,"caption":"AuditionSolidarit\u00e9"},"image":{"@id":"https:\/\/www.auditionsolidarite.org\/en\/#\/schema\/logo\/image\/"}}]}},"_links":{"self":[{"href":"https:\/\/www.auditionsolidarite.org\/en\/wp-json\/wp\/v2\/pages\/65"}],"collection":[{"href":"https:\/\/www.auditionsolidarite.org\/en\/wp-json\/wp\/v2\/pages"}],"about":[{"href":"https:\/\/www.auditionsolidarite.org\/en\/wp-json\/wp\/v2\/types\/page"}],"author":[{"embeddable":true,"href":"https:\/\/www.auditionsolidarite.org\/en\/wp-json\/wp\/v2\/users\/10"}],"replies":[{"embeddable":true,"href":"https:\/\/www.auditionsolidarite.org\/en\/wp-json\/wp\/v2\/comments?post=65"}],"version-history":[{"count":4,"href":"https:\/\/www.auditionsolidarite.org\/en\/wp-json\/wp\/v2\/pages\/65\/revisions"}],"predecessor-version":[{"id":9408,"href":"https:\/\/www.auditionsolidarite.org\/en\/wp-json\/wp\/v2\/pages\/65\/revisions\/9408"}],"wp:attachment":[{"href":"https:\/\/www.auditionsolidarite.org\/en\/wp-json\/wp\/v2\/media?parent=65"}],"curies":[{"name":"wp","href":"https:\/\/api.w.org\/{rel}","templated":true}]}}