{"id":6340,"date":"2018-10-11T08:45:08","date_gmt":"2018-10-11T07:45:08","guid":{"rendered":"http:\/\/www.auditionsolidarite.org\/?page_id=6340"},"modified":"2019-02-08T17:09:58","modified_gmt":"2019-02-08T16:09:58","slug":"hopital-de-conception-marseille-avril-2018","status":"publish","type":"page","link":"https:\/\/www.auditionsolidarite.org\/en\/hopital-de-conception-marseille-avril-2018\/","title":{"rendered":"(Fran\u00e7ais) H\u00f4pital de la Conception Marseille \u2013 Avril 2018"},"content":{"rendered":"<p class=\"qtranxs-available-languages-message qtranxs-available-languages-message-en\">Sorry, this entry is only available in <a href=\"https:\/\/www.auditionsolidarite.org\/fr\/wp-json\/wp\/v2\/pages\/6340\" class=\"qtranxs-available-language-link qtranxs-available-language-link-fr\" title=\"Fran\u00e7ais\">French<\/a>.<\/p><strong>La Mission \u00ab Audition \u00bb en faveur des personnes d\u00e9favoris\u00e9es a eu lieu les 10 et 11 avril 2018 \u00e0 l\u2019h\u00f4pital de la Conception en partenariat avec l\u2019AP-HM, voici un r\u00e9sum\u00e9 :<b><br \/>\n<\/b><b><br \/>\n<\/b><\/strong><strong>22<\/strong> personnes sont venues \u00e0 notre rencontre, sur ces 22 personnes <strong>8<\/strong> ont \u00e9t\u00e9 appareill\u00e9es et <strong>5<\/strong> personnes sont revenues en contr\u00f4le d\u2019appareillage.<b><br \/>\n<\/b><b><br \/>\n<\/b><strong>5<\/strong> personnes ont \u00e9t\u00e9 r\u00e9orient\u00e9es dans un circuit classique puisqu\u2019elles avaient la s\u00e9curit\u00e9 sociale et <strong>4<\/strong> personnes ont simplement fait des tests d\u2019audition (bonne audition, pas besoin d\u2019appareillage).<b><br \/>\n<\/b><b><br \/>\n<\/b>Prochaine mission : les 18 &amp; 19 septembre 2018 \u00e0 l\u2019H\u00f4pital \u00e0 la Conception<b><br \/>\n<\/b><b><br \/>\n<\/b>Merci aux audioproth\u00e9sistes Aymeric Juan, Jean-Pierre Izard, Val\u00e9rie Gerberon et Christine Bourger<b><br \/>\n<\/b>Merci \u00e0 Sylvie Claudin, l&#8217;ORL<br \/>\nMerci \u00e0 l&#8217;orthophoniste Claire Barilly<br \/>\nMerci au fabricant d&#8217;embouts, Alain Lesoeuf<br \/>\nMerci \u00e0 Pascal Graff pour le secr\u00e9tariat<b><br \/>\n<\/b>Merci \u00e0 Anne-Laure Leget, \u00e9tudiant en audioproth\u00e8se<b><br \/>\n<\/b><b><br \/>\n<\/b><\/p>\n<p>Merci \u00e0 l&#8217;\u00e9quipe de l&#8217;AP-HM <b><br \/>\n<\/b><b><br \/>\n<\/b><b><b> <\/b> <\/b><\/p>\n<p>Un grand MERCI \u00e0 la Fondation UP, \u00e0 la Fondation CARITAS France, \u00e0 la Fondation ZEPHYR et \u00e0 la Fondation Dominique&amp;Tom ALBERICI pour leur soutien si pr\u00e9cieux.<b><br \/>\n<\/b><b><br \/>\n<\/b><\/p>\n<p style=\"text-align: center;\"><strong>Interviews de l&#8217;\u00e9quipe<br \/>\n<\/strong><\/p>\n<table>\n<tbody>\n<tr>\n<td style=\"text-align: center;\">Jean-Pierre Izard &#8211; Audioproth\u00e9siste<b><\/b><b><br \/>\n<iframe loading=\"lazy\" src=\"https:\/\/www.youtube.com\/embed\/5r_mOyYXOeE\" width=\"250\" height=\"180\" frameborder=\"0\" allowfullscreen=\"allowfullscreen\"><\/iframe><br \/>\n<\/b><\/td>\n<td style=\"text-align: center;\">Aymeric Juen &#8211; Audioproth\u00e9siste<b><br \/>\n<iframe loading=\"lazy\" src=\"https:\/\/www.youtube.com\/embed\/w-xo-FyInc4\" width=\"250\" height=\"180\" frameborder=\"0\" allowfullscreen=\"allowfullscreen\"><\/iframe><br \/>\n<\/b><\/td>\n<\/tr>\n<tr>\n<td style=\"text-align: center;\">Anne-Laure Laget &#8211; Etudiante en Audioproth\u00e8se<b><br \/>\n<iframe loading=\"lazy\" src=\"https:\/\/www.youtube.com\/embed\/kUwBq--RVt0\" width=\"250\" height=\"180\" frameborder=\"0\" allowfullscreen=\"allowfullscreen\"><\/iframe><br \/>\n<\/b><\/td>\n<td style=\"text-align: center;\">Pascal Graff &#8211; Secr\u00e9tariat<b><b> <b><br \/>\n<\/b><iframe loading=\"lazy\" src=\"https:\/\/www.youtube.com\/embed\/8yyNKUuP4mE\" width=\"250\" height=\"180\" frameborder=\"0\" allowfullscreen=\"allowfullscreen\"><\/iframe><br \/>\n<\/b><\/b><\/p>\n<p style=\"text-align: center;\">\n<\/td>\n<\/tr>\n<\/tbody>\n<\/table>\n<p><img loading=\"lazy\" decoding=\"async\" class=\"aligncenter wp-image-6011\" src=\"\/wp-content\/uploads\/2015\/07\/groupe-3-Copier.jpg\" alt=\"\" width=\"500\" height=\"377\" srcset=\"https:\/\/www.auditionsolidarite.org\/wp-content\/uploads\/2015\/07\/groupe-3-Copier.jpg 900w, https:\/\/www.auditionsolidarite.org\/wp-content\/uploads\/2015\/07\/groupe-3-Copier-300x226.jpg 300w, https:\/\/www.auditionsolidarite.org\/wp-content\/uploads\/2015\/07\/groupe-3-Copier-768x579.jpg 768w\" sizes=\"(max-width: 500px) 100vw, 500px\" \/> <img loading=\"lazy\" decoding=\"async\" class=\"aligncenter wp-image-6012\" src=\"\/wp-content\/uploads\/2015\/07\/P1370105PS-Copier.jpg\" alt=\"\" width=\"500\" height=\"376\" srcset=\"https:\/\/www.auditionsolidarite.org\/wp-content\/uploads\/2015\/07\/P1370105PS-Copier.jpg 900w, https:\/\/www.auditionsolidarite.org\/wp-content\/uploads\/2015\/07\/P1370105PS-Copier-300x225.jpg 300w, https:\/\/www.auditionsolidarite.org\/wp-content\/uploads\/2015\/07\/P1370105PS-Copier-768x577.jpg 768w\" sizes=\"(max-width: 500px) 100vw, 500px\" \/> <b><b><\/b><\/b><\/p>\n<p>&nbsp;<\/p>\n<p>&nbsp;","protected":false},"excerpt":{"rendered":"<p>Sorry, this entry is only available in French.La Mission \u00ab Audition \u00bb en faveur des personnes d\u00e9favoris\u00e9es a eu lieu les 10 et 11 avril 2018 \u00e0 l\u2019h\u00f4pital de la Conception en partenariat avec l\u2019AP-HM, voici un r\u00e9sum\u00e9 : 22 personnes sont venues \u00e0 notre rencontre, sur ces 22 personnes 8 ont \u00e9t\u00e9 appareill\u00e9es et 5 personnes sont revenues en<\/p>\n","protected":false},"author":2,"featured_media":0,"parent":0,"menu_order":0,"comment_status":"closed","ping_status":"closed","template":"","meta":{"footnotes":""},"acf":[],"yoast_head":"<!-- This site is optimized with the Yoast SEO plugin v21.9.1 - https:\/\/yoast.com\/wordpress\/plugins\/seo\/ -->\n<title>(Fran\u00e7ais) H\u00f4pital de la Conception Marseille \u2013 Avril 2018 - AuditionSolidarit\u00e9<\/title>\n<meta name=\"robots\" content=\"index, follow, max-snippet:-1, max-image-preview:large, max-video-preview:-1\" \/>\n<link rel=\"canonical\" href=\"https:\/\/www.auditionsolidarite.org\/en\/hopital-de-conception-marseille-avril-2018\/\" \/>\n<meta property=\"og:locale\" content=\"en_US\" \/>\n<meta property=\"og:type\" content=\"article\" \/>\n<meta property=\"og:title\" content=\"(Fran\u00e7ais) H\u00f4pital de la Conception Marseille \u2013 Avril 2018 - AuditionSolidarit\u00e9\" \/>\n<meta property=\"og:description\" content=\"Sorry, this entry is only available in French.La Mission \u00ab Audition \u00bb en faveur des personnes d\u00e9favoris\u00e9es a eu lieu les 10 et 11 avril 2018 \u00e0 l\u2019h\u00f4pital de la Conception en partenariat avec l\u2019AP-HM, voici un r\u00e9sum\u00e9 : 22 personnes sont venues \u00e0 notre rencontre, sur ces 22 personnes 8 ont \u00e9t\u00e9 appareill\u00e9es et 5 personnes sont revenues en\" \/>\n<meta property=\"og:url\" content=\"https:\/\/www.auditionsolidarite.org\/en\/hopital-de-conception-marseille-avril-2018\/\" \/>\n<meta property=\"og:site_name\" content=\"AuditionSolidarit\u00e9\" \/>\n<meta property=\"article:modified_time\" content=\"2019-02-08T16:09:58+00:00\" \/>\n<meta property=\"og:image\" content=\"https:\/\/www.auditionsolidarite.org\/wp-content\/uploads\/2015\/07\/logo-audition-solidarite-e1446132259721.png\" \/>\n\t<meta property=\"og:image:width\" content=\"600\" \/>\n\t<meta property=\"og:image:height\" content=\"593\" \/>\n\t<meta property=\"og:image:type\" content=\"image\/png\" \/>\n<meta name=\"twitter:card\" content=\"summary_large_image\" \/>\n<meta name=\"twitter:label1\" content=\"Est. reading time\" \/>\n\t<meta name=\"twitter:data1\" content=\"1 minute\" \/>\n<script type=\"application\/ld+json\" class=\"yoast-schema-graph\">{\"@context\":\"https:\/\/schema.org\",\"@graph\":[{\"@type\":\"WebPage\",\"@id\":\"https:\/\/www.auditionsolidarite.org\/en\/hopital-de-conception-marseille-avril-2018\/\",\"url\":\"https:\/\/www.auditionsolidarite.org\/en\/hopital-de-conception-marseille-avril-2018\/\",\"name\":\"(Fran\u00e7ais) H\u00f4pital de la Conception Marseille \u2013 Avril 2018 - AuditionSolidarit\u00e9\",\"isPartOf\":{\"@id\":\"https:\/\/www.auditionsolidarite.org\/en\/#website\"},\"datePublished\":\"2018-10-11T07:45:08+00:00\",\"dateModified\":\"2019-02-08T16:09:58+00:00\",\"breadcrumb\":{\"@id\":\"https:\/\/www.auditionsolidarite.org\/en\/hopital-de-conception-marseille-avril-2018\/#breadcrumb\"},\"inLanguage\":\"en-US\",\"potentialAction\":[{\"@type\":\"ReadAction\",\"target\":[[\"https:\/\/www.auditionsolidarite.org\/en\/hopital-de-conception-marseille-avril-2018\/\"]]}]},{\"@type\":\"BreadcrumbList\",\"@id\":\"https:\/\/www.auditionsolidarite.org\/en\/hopital-de-conception-marseille-avril-2018\/#breadcrumb\",\"itemListElement\":[{\"@type\":\"ListItem\",\"position\":1,\"name\":\"Accueil\",\"item\":\"https:\/\/www.auditionsolidarite.org\/en\/\"},{\"@type\":\"ListItem\",\"position\":2,\"name\":\"H\u00f4pital de la Conception Marseille \u2013 Avril 2018\"}]},{\"@type\":\"WebSite\",\"@id\":\"https:\/\/www.auditionsolidarite.org\/en\/#website\",\"url\":\"https:\/\/www.auditionsolidarite.org\/en\/\",\"name\":\"AuditionSolidarit\u00e9\",\"description\":\"Le hasard n&#039;existe pas ! Si vous \u00eates l\u00e0 aujourd&#039;hui, c&#039;est que le monde de l&#039;audition vous touche... Alors merci d&#039;\u00eatre l\u00e0 !\",\"publisher\":{\"@id\":\"https:\/\/www.auditionsolidarite.org\/en\/#organization\"},\"potentialAction\":[{\"@type\":\"SearchAction\",\"target\":{\"@type\":\"EntryPoint\",\"urlTemplate\":\"https:\/\/www.auditionsolidarite.org\/en\/?s={search_term_string}\"},\"query-input\":\"required name=search_term_string\"}],\"inLanguage\":\"en-US\"},{\"@type\":\"Organization\",\"@id\":\"https:\/\/www.auditionsolidarite.org\/en\/#organization\",\"name\":\"AuditionSolidarit\u00e9\",\"url\":\"https:\/\/www.auditionsolidarite.org\/en\/\",\"logo\":{\"@type\":\"ImageObject\",\"inLanguage\":\"en-US\",\"@id\":\"https:\/\/www.auditionsolidarite.org\/en\/#\/schema\/logo\/image\/\",\"url\":\"https:\/\/www.auditionsolidarite.org\/wp-content\/uploads\/2015\/07\/logo-audition-solidarite-e1446132259721.png\",\"contentUrl\":\"https:\/\/www.auditionsolidarite.org\/wp-content\/uploads\/2015\/07\/logo-audition-solidarite-e1446132259721.png\",\"width\":600,\"height\":593,\"caption\":\"AuditionSolidarit\u00e9\"},\"image\":{\"@id\":\"https:\/\/www.auditionsolidarite.org\/en\/#\/schema\/logo\/image\/\"}}]}<\/script>\n<!-- \/ Yoast SEO plugin. -->","yoast_head_json":{"title":"(Fran\u00e7ais) H\u00f4pital de la Conception Marseille \u2013 Avril 2018 - AuditionSolidarit\u00e9","robots":{"index":"index","follow":"follow","max-snippet":"max-snippet:-1","max-image-preview":"max-image-preview:large","max-video-preview":"max-video-preview:-1"},"canonical":"https:\/\/www.auditionsolidarite.org\/en\/hopital-de-conception-marseille-avril-2018\/","og_locale":"en_US","og_type":"article","og_title":"(Fran\u00e7ais) H\u00f4pital de la Conception Marseille \u2013 Avril 2018 - AuditionSolidarit\u00e9","og_description":"Sorry, this entry is only available in French.La Mission \u00ab Audition \u00bb en faveur des personnes d\u00e9favoris\u00e9es a eu lieu les 10 et 11 avril 2018 \u00e0 l\u2019h\u00f4pital de la Conception en partenariat avec l\u2019AP-HM, voici un r\u00e9sum\u00e9 : 22 personnes sont venues \u00e0 notre rencontre, sur ces 22 personnes 8 ont \u00e9t\u00e9 appareill\u00e9es et 5 personnes sont revenues en","og_url":"https:\/\/www.auditionsolidarite.org\/en\/hopital-de-conception-marseille-avril-2018\/","og_site_name":"AuditionSolidarit\u00e9","article_modified_time":"2019-02-08T16:09:58+00:00","og_image":[{"width":600,"height":593,"url":"https:\/\/www.auditionsolidarite.org\/wp-content\/uploads\/2015\/07\/logo-audition-solidarite-e1446132259721.png","type":"image\/png"}],"twitter_card":"summary_large_image","twitter_misc":{"Est. reading time":"1 minute"},"schema":{"@context":"https:\/\/schema.org","@graph":[{"@type":"WebPage","@id":"https:\/\/www.auditionsolidarite.org\/en\/hopital-de-conception-marseille-avril-2018\/","url":"https:\/\/www.auditionsolidarite.org\/en\/hopital-de-conception-marseille-avril-2018\/","name":"(Fran\u00e7ais) H\u00f4pital de la Conception Marseille \u2013 Avril 2018 - AuditionSolidarit\u00e9","isPartOf":{"@id":"https:\/\/www.auditionsolidarite.org\/en\/#website"},"datePublished":"2018-10-11T07:45:08+00:00","dateModified":"2019-02-08T16:09:58+00:00","breadcrumb":{"@id":"https:\/\/www.auditionsolidarite.org\/en\/hopital-de-conception-marseille-avril-2018\/#breadcrumb"},"inLanguage":"en-US","potentialAction":[{"@type":"ReadAction","target":[["https:\/\/www.auditionsolidarite.org\/en\/hopital-de-conception-marseille-avril-2018\/"]]}]},{"@type":"BreadcrumbList","@id":"https:\/\/www.auditionsolidarite.org\/en\/hopital-de-conception-marseille-avril-2018\/#breadcrumb","itemListElement":[{"@type":"ListItem","position":1,"name":"Accueil","item":"https:\/\/www.auditionsolidarite.org\/en\/"},{"@type":"ListItem","position":2,"name":"H\u00f4pital de la Conception Marseille \u2013 Avril 2018"}]},{"@type":"WebSite","@id":"https:\/\/www.auditionsolidarite.org\/en\/#website","url":"https:\/\/www.auditionsolidarite.org\/en\/","name":"AuditionSolidarit\u00e9","description":"Le hasard n&#039;existe pas ! Si vous \u00eates l\u00e0 aujourd&#039;hui, c&#039;est que le monde de l&#039;audition vous touche... Alors merci d&#039;\u00eatre l\u00e0 !","publisher":{"@id":"https:\/\/www.auditionsolidarite.org\/en\/#organization"},"potentialAction":[{"@type":"SearchAction","target":{"@type":"EntryPoint","urlTemplate":"https:\/\/www.auditionsolidarite.org\/en\/?s={search_term_string}"},"query-input":"required name=search_term_string"}],"inLanguage":"en-US"},{"@type":"Organization","@id":"https:\/\/www.auditionsolidarite.org\/en\/#organization","name":"AuditionSolidarit\u00e9","url":"https:\/\/www.auditionsolidarite.org\/en\/","logo":{"@type":"ImageObject","inLanguage":"en-US","@id":"https:\/\/www.auditionsolidarite.org\/en\/#\/schema\/logo\/image\/","url":"https:\/\/www.auditionsolidarite.org\/wp-content\/uploads\/2015\/07\/logo-audition-solidarite-e1446132259721.png","contentUrl":"https:\/\/www.auditionsolidarite.org\/wp-content\/uploads\/2015\/07\/logo-audition-solidarite-e1446132259721.png","width":600,"height":593,"caption":"AuditionSolidarit\u00e9"},"image":{"@id":"https:\/\/www.auditionsolidarite.org\/en\/#\/schema\/logo\/image\/"}}]}},"_links":{"self":[{"href":"https:\/\/www.auditionsolidarite.org\/en\/wp-json\/wp\/v2\/pages\/6340"}],"collection":[{"href":"https:\/\/www.auditionsolidarite.org\/en\/wp-json\/wp\/v2\/pages"}],"about":[{"href":"https:\/\/www.auditionsolidarite.org\/en\/wp-json\/wp\/v2\/types\/page"}],"author":[{"embeddable":true,"href":"https:\/\/www.auditionsolidarite.org\/en\/wp-json\/wp\/v2\/users\/2"}],"replies":[{"embeddable":true,"href":"https:\/\/www.auditionsolidarite.org\/en\/wp-json\/wp\/v2\/comments?post=6340"}],"version-history":[{"count":2,"href":"https:\/\/www.auditionsolidarite.org\/en\/wp-json\/wp\/v2\/pages\/6340\/revisions"}],"predecessor-version":[{"id":6581,"href":"https:\/\/www.auditionsolidarite.org\/en\/wp-json\/wp\/v2\/pages\/6340\/revisions\/6581"}],"wp:attachment":[{"href":"https:\/\/www.auditionsolidarite.org\/en\/wp-json\/wp\/v2\/media?parent=6340"}],"curies":[{"name":"wp","href":"https:\/\/api.w.org\/{rel}","templated":true}]}}