{"id":6033,"date":"2018-05-14T15:12:16","date_gmt":"2018-05-14T14:12:16","guid":{"rendered":"http:\/\/www.auditionsolidarite.org\/?page_id=6033"},"modified":"2019-06-26T13:08:44","modified_gmt":"2019-06-26T12:08:44","slug":"mission-humanitaire-vietnam-bien-hoa-2017","status":"publish","type":"page","link":"https:\/\/www.auditionsolidarite.org\/en\/mission-humanitaire-vietnam-bien-hoa-2017\/","title":{"rendered":"(Fran\u00e7ais) Mission humanitaire au Vietnam &#8211; Bi\u00ean H\u00f2a 2017"},"content":{"rendered":"<p class=\"qtranxs-available-languages-message qtranxs-available-languages-message-en\">Sorry, this entry is only available in <a href=\"https:\/\/www.auditionsolidarite.org\/fr\/wp-json\/wp\/v2\/pages\/6033\" class=\"qtranxs-available-language-link qtranxs-available-language-link-fr\" title=\"Fran\u00e7ais\">French<\/a>.<\/p><strong>AuditionSolidarit\u00e9 \u00e9tait de retour au Vietnam du 2 au 10 novembre, dans l&#8217;\u00e9cole d&#8217;enfants sourds de Bi\u00ean H\u00f2a pour la 3\u00e8me ann\u00e9e cons\u00e9cutive.<b><br \/>\n<\/b><b><br \/>\n<\/b><b><\/b><\/strong><\/p>\n<p style=\"margin-bottom: 12.0pt;\">C\u2019\u00e9tait pour AuditionSolidarit\u00e9 sa 25\u00e8me mission \u00e0 l\u2019\u00e9tranger : 99 enfants ont \u00e9t\u00e9 vus, 134 appareils auditifs ont \u00e9t\u00e9 adapt\u00e9s et 114 embouts fabriqu\u00e9s. Les formations aux r\u00e9glages, \u00e0 la fabrication d\u2019embouts, \u00e0 l\u2019entretien et \u00e0 l\u2019orthophonie ont \u00e9t\u00e9 approfondies.<b><br \/>\n<\/b><b><br \/>\n<\/b>La nouveaut\u00e9 sur cette 3\u00e8me ann\u00e9e au Vietnam est la venue d\u2019Alain De Campos, batteur professionnel et ambassadeur de l\u2019association venu faire des ateliers musicaux avec tous les enfants. Ces ateliers, en plus de s\u2019inscrire dans le travail orthophonique, permettent \u00e9galement \u00e0 ces enfants sourds profonds d\u2019avoir une premi\u00e8re approche avec le monde de la musique, g\u00e9nial !<b><br \/>\n<\/b><b><br \/>\n<\/b>Un premier joli cycle de 3 ans se termine au sein de cette magnifique \u00e9cole et les r\u00e9sultats sont excellents\u00a0: les s\u0153urs sont maintenant autonomes pour la fabrication des embouts, l\u2019audiom\u00e9trie et pour les r\u00e9glages des appareils\u00a0; elles font de l\u2019orthophonie chaque jour avec les enfants et elles vont d\u00e9sormais mettre en place des ateliers musicaux quotidiens.<\/p>\n<p style=\"margin-bottom: 12.0pt;\">Les s\u0153urs ont par ailleurs construit 2 cabines et une grande salle insonores pour l\u2019orthophonie et pour les ateliers musicaux, un vrai centre d\u2019audiologie\u2026 Incroyable, nous sommes tellement heureux de tout ce travail effectu\u00e9\u2026 quel chemin parcouru !<\/p>\n<p>1 000 mercis \u00e0 l\u2019\u00e9quipe fran\u00e7aise, une \u00e9quipe de r\u00eave et \u00e0 toutes les s\u0153urs qui s\u2019investissent totalement pour cette belle \u00e9cole et qui nous ont si chaleureusement accueillis !<b><br \/>\n<\/b><b><br \/>\n<\/b>Nous avons h\u00e2te de les retrouver d\u00e8s novembre 2019 sur une prochaine mission puisqu\u2019AuditionSolidarit\u00e9 du fait de ces excellents r\u00e9sultats souhaite donner encore plus au Vietnam\u2026 il est donc pr\u00e9vu d\u2019accueillir sur le plateau technique de Bien H\u00f2a 50 enfants malentendants suppl\u00e9mentaires en provenance d\u2019orphelinats et temples bouddhistes situ\u00e9s aux alentours d\u2019Ho Chi Minh. Carole et Odile en profiteront pour visiter ces orphelinats dans le but de dupliquer dans les ann\u00e9es \u00e0 venir le mod\u00e8le de Bien Hoa qui assurera autonomie pour chaque structure et p\u00e9rennit\u00e9 pour chacune de nos missions.<\/p>\n<p><b><br \/>\n<\/b>C\u2019est le but sans cesse recherch\u00e9 par AuditionSolidarit\u00e9\u00a0!<b>\u00a0<b><br \/>\n<\/b><br \/>\n<\/b><\/p>\n<p>Vivement novembre 2019\u00a0!<b><b><br \/>\n<\/b><br \/>\n<\/b><b>Merci aux audioproth\u00e9sistes Lucile Faivre, Bruno Cornet, Bernard Bassahon, Sylvain Chopinaud et Christine Bourger<br \/>\nMerci aux orthophonistes, Claire Barilly et Isabelle Prang<br \/>\nMerci au fabricant d&#8217;embouts, R\u00e9my Garrel<br \/>\nMerci \u00e0 Anne Fogel pour le secr\u00e9tariat<br \/>\n<\/b><strong>Merci au musicien Alain De Campos<\/strong><\/p>\n<p><strong>Merci \u00e0 la Fondation Air France, au M\u00e9c\u00e9nat Humanitaire Air France et \u00e0 la Fondation Acome pour leur pr\u00e9cieux soutien sur cette mission !<\/strong><\/p>\n<p><strong>Merci \u00e0 la Fondation Dominique &amp; Tom ALBERICI qui soutient le recyclage des appareils auditifs.<b><br \/>\n<\/b><b><br \/>\n<\/b><\/strong><\/p>\n<table>\n<tbody>\n<tr>\n<td style=\"text-align: center;\" colspan=\"3\"><strong>Mission Humanitaire au Vietnam, Bi\u00ean Hoa &#8211; Novembre 2017<\/strong><br \/>\n<iframe loading=\"lazy\" src=\"https:\/\/www.youtube.com\/embed\/ZdrVm5MY-K8\" width=\"485\" height=\"306\" frameborder=\"0\" allowfullscreen=\"allowfullscreen\"><\/iframe><\/td>\n<\/tr>\n<tr>\n<td style=\"text-align: center;\"><strong><b><br \/>\n<\/b>Lucile Faivre<\/strong><b>, Audioproth\u00e9siste<\/b><br \/>\n<iframe loading=\"lazy\" src=\"https:\/\/www.youtube.com\/embed\/4ZuWcMvyiKA\" width=\"270\" height=\"170\" frameborder=\"0\" allowfullscreen=\"allowfullscreen\"><\/iframe><\/td>\n<td style=\"text-align: center;\"><strong><b><br \/>\n<\/b>Bruno Cornet, Audioproth\u00e9siste<\/strong><br \/>\n<iframe loading=\"lazy\" src=\"https:\/\/www.youtube.com\/embed\/1SvtAr9FcKg\" width=\"270\" height=\"170\" frameborder=\"0\" allowfullscreen=\"allowfullscreen\"><\/iframe><\/td>\n<td style=\"text-align: center;\"><strong><b><br \/>\n<\/b>Bernard Bassahon, Audioproth\u00e9siste<\/strong><br \/>\n<iframe loading=\"lazy\" src=\"https:\/\/www.youtube.com\/embed\/tLVMnwDvbL8\" width=\"270\" height=\"170\" frameborder=\"0\" allowfullscreen=\"allowfullscreen\"><\/iframe><\/td>\n<\/tr>\n<tr>\n<td style=\"text-align: center;\"><strong>Isabelle Prang, Orthophoniste<\/strong><br \/>\n<iframe loading=\"lazy\" src=\"https:\/\/www.youtube.com\/embed\/xfwk17Zg3fU\" width=\"270\" height=\"170\" frameborder=\"0\" allowfullscreen=\"allowfullscreen\"><\/iframe><\/td>\n<td style=\"text-align: center;\"><strong>Sylvain Chopinaud, Audioproth\u00e9siste<\/strong><br \/>\n<iframe loading=\"lazy\" src=\"https:\/\/www.youtube.com\/embed\/ALBbmzTvboU\" width=\"270\" height=\"170\" frameborder=\"0\" allowfullscreen=\"allowfullscreen\"><\/iframe><\/td>\n<td style=\"text-align: center;\"><strong>R\u00e9my Garrel et Claire Barilly, embouts et ortho<\/strong><br \/>\n<iframe loading=\"lazy\" src=\"https:\/\/www.youtube.com\/embed\/UMu-rnB353Y\" width=\"270\" height=\"170\" frameborder=\"0\" allowfullscreen=\"allowfullscreen\"><\/iframe><\/td>\n<\/tr>\n<tr>\n<td style=\"text-align: center;\"><strong>Alain De Campos, Musicien<\/strong><b> <\/b><br \/>\n<iframe loading=\"lazy\" src=\"https:\/\/www.youtube.com\/embed\/HwuqaZEccvg\" width=\"270\" height=\"170\" frameborder=\"0\" allowfullscreen=\"allowfullscreen\"><\/iframe><\/td>\n<td style=\"text-align: center;\"><strong><b>Anne Fogel<\/b>, <\/strong><b>Secr\u00e9tariat<\/b><br \/>\n<iframe loading=\"lazy\" src=\"https:\/\/www.youtube.com\/embed\/-U-wPmZbGbk\" width=\"270\" height=\"170\" frameborder=\"0\" allowfullscreen=\"allowfullscreen\"><\/iframe><\/td>\n<td style=\"text-align: center;\"><strong><b>\u00a0<\/b><\/strong><\/td>\n<\/tr>\n<tr>\n<td style=\"text-align: center;\"><\/td>\n<td><\/td>\n<td><\/td>\n<\/tr>\n<\/tbody>\n<\/table>\n<p><img loading=\"lazy\" decoding=\"async\" class=\"aligncenter wp-image-5730\" src=\"\/\/www.auditionsolidarite.org\/wp-content\/uploads\/2017\/11\/Vietnam-Nov2017-256-Copier.jpg\" alt=\"\" width=\"599\" height=\"398\" srcset=\"https:\/\/www.auditionsolidarite.org\/wp-content\/uploads\/2017\/11\/Vietnam-Nov2017-256-Copier.jpg 1000w, https:\/\/www.auditionsolidarite.org\/wp-content\/uploads\/2017\/11\/Vietnam-Nov2017-256-Copier-300x200.jpg 300w, https:\/\/www.auditionsolidarite.org\/wp-content\/uploads\/2017\/11\/Vietnam-Nov2017-256-Copier-768x511.jpg 768w\" sizes=\"(max-width: 599px) 100vw, 599px\" \/><\/p>\n<p><img loading=\"lazy\" decoding=\"async\" class=\"aligncenter wp-image-5741\" src=\"\/\/www.auditionsolidarite.org\/wp-content\/uploads\/2015\/07\/Vietnam-Nov2017-87-Copier.jpg\" alt=\"\" width=\"600\" height=\"451\" srcset=\"https:\/\/www.auditionsolidarite.org\/wp-content\/uploads\/2015\/07\/Vietnam-Nov2017-87-Copier.jpg 1000w, https:\/\/www.auditionsolidarite.org\/wp-content\/uploads\/2015\/07\/Vietnam-Nov2017-87-Copier-300x225.jpg 300w, https:\/\/www.auditionsolidarite.org\/wp-content\/uploads\/2015\/07\/Vietnam-Nov2017-87-Copier-768x577.jpg 768w\" sizes=\"(max-width: 600px) 100vw, 600px\" \/><\/p>\n<p>&nbsp;","protected":false},"excerpt":{"rendered":"<p>Sorry, this entry is only available in French.AuditionSolidarit\u00e9 \u00e9tait de retour au Vietnam du 2 au 10 novembre, dans l&#8217;\u00e9cole d&#8217;enfants sourds de Bi\u00ean H\u00f2a pour la 3\u00e8me ann\u00e9e cons\u00e9cutive. C\u2019\u00e9tait pour AuditionSolidarit\u00e9 sa 25\u00e8me mission \u00e0 l\u2019\u00e9tranger : 99 enfants ont \u00e9t\u00e9 vus, 134 appareils auditifs ont \u00e9t\u00e9 adapt\u00e9s et 114 embouts fabriqu\u00e9s. Les formations aux r\u00e9glages, \u00e0 la<\/p>\n","protected":false},"author":2,"featured_media":0,"parent":0,"menu_order":0,"comment_status":"closed","ping_status":"closed","template":"","meta":{"footnotes":""},"acf":[],"yoast_head":"<!-- This site is optimized with the Yoast SEO plugin v21.9.1 - https:\/\/yoast.com\/wordpress\/plugins\/seo\/ -->\n<title>(Fran\u00e7ais) Mission humanitaire au Vietnam - Bi\u00ean H\u00f2a 2017 - AuditionSolidarit\u00e9<\/title>\n<meta name=\"robots\" content=\"index, follow, max-snippet:-1, max-image-preview:large, max-video-preview:-1\" \/>\n<link rel=\"canonical\" href=\"https:\/\/www.auditionsolidarite.org\/en\/mission-humanitaire-vietnam-bien-hoa-2017\/\" \/>\n<meta property=\"og:locale\" content=\"en_US\" \/>\n<meta property=\"og:type\" content=\"article\" \/>\n<meta property=\"og:title\" content=\"(Fran\u00e7ais) Mission humanitaire au Vietnam - Bi\u00ean H\u00f2a 2017 - AuditionSolidarit\u00e9\" \/>\n<meta property=\"og:description\" content=\"Sorry, this entry is only available in French.AuditionSolidarit\u00e9 \u00e9tait de retour au Vietnam du 2 au 10 novembre, dans l&#8217;\u00e9cole d&#8217;enfants sourds de Bi\u00ean H\u00f2a pour la 3\u00e8me ann\u00e9e cons\u00e9cutive. C\u2019\u00e9tait pour AuditionSolidarit\u00e9 sa 25\u00e8me mission \u00e0 l\u2019\u00e9tranger : 99 enfants ont \u00e9t\u00e9 vus, 134 appareils auditifs ont \u00e9t\u00e9 adapt\u00e9s et 114 embouts fabriqu\u00e9s. Les formations aux r\u00e9glages, \u00e0 la\" \/>\n<meta property=\"og:url\" content=\"https:\/\/www.auditionsolidarite.org\/en\/mission-humanitaire-vietnam-bien-hoa-2017\/\" \/>\n<meta property=\"og:site_name\" content=\"AuditionSolidarit\u00e9\" \/>\n<meta property=\"article:modified_time\" content=\"2019-06-26T12:08:44+00:00\" \/>\n<meta property=\"og:image\" content=\"https:\/\/www.auditionsolidarite.org\/wp-content\/uploads\/2015\/07\/logo-audition-solidarite-e1446132259721.png\" \/>\n\t<meta property=\"og:image:width\" content=\"600\" \/>\n\t<meta property=\"og:image:height\" content=\"593\" \/>\n\t<meta property=\"og:image:type\" content=\"image\/png\" \/>\n<meta name=\"twitter:card\" content=\"summary_large_image\" \/>\n<meta name=\"twitter:label1\" content=\"Est. reading time\" \/>\n\t<meta name=\"twitter:data1\" content=\"3 minutes\" \/>\n<script type=\"application\/ld+json\" class=\"yoast-schema-graph\">{\"@context\":\"https:\/\/schema.org\",\"@graph\":[{\"@type\":\"WebPage\",\"@id\":\"https:\/\/www.auditionsolidarite.org\/en\/mission-humanitaire-vietnam-bien-hoa-2017\/\",\"url\":\"https:\/\/www.auditionsolidarite.org\/en\/mission-humanitaire-vietnam-bien-hoa-2017\/\",\"name\":\"(Fran\u00e7ais) Mission humanitaire au Vietnam - Bi\u00ean H\u00f2a 2017 - AuditionSolidarit\u00e9\",\"isPartOf\":{\"@id\":\"https:\/\/www.auditionsolidarite.org\/en\/#website\"},\"datePublished\":\"2018-05-14T14:12:16+00:00\",\"dateModified\":\"2019-06-26T12:08:44+00:00\",\"breadcrumb\":{\"@id\":\"https:\/\/www.auditionsolidarite.org\/en\/mission-humanitaire-vietnam-bien-hoa-2017\/#breadcrumb\"},\"inLanguage\":\"en-US\",\"potentialAction\":[{\"@type\":\"ReadAction\",\"target\":[[\"https:\/\/www.auditionsolidarite.org\/en\/mission-humanitaire-vietnam-bien-hoa-2017\/\"]]}]},{\"@type\":\"BreadcrumbList\",\"@id\":\"https:\/\/www.auditionsolidarite.org\/en\/mission-humanitaire-vietnam-bien-hoa-2017\/#breadcrumb\",\"itemListElement\":[{\"@type\":\"ListItem\",\"position\":1,\"name\":\"Accueil\",\"item\":\"https:\/\/www.auditionsolidarite.org\/en\/\"},{\"@type\":\"ListItem\",\"position\":2,\"name\":\"Mission humanitaire au Vietnam &#8211; Bi\u00ean H\u00f2a 2017\"}]},{\"@type\":\"WebSite\",\"@id\":\"https:\/\/www.auditionsolidarite.org\/en\/#website\",\"url\":\"https:\/\/www.auditionsolidarite.org\/en\/\",\"name\":\"AuditionSolidarit\u00e9\",\"description\":\"Le hasard n&#039;existe pas ! Si vous \u00eates l\u00e0 aujourd&#039;hui, c&#039;est que le monde de l&#039;audition vous touche... Alors merci d&#039;\u00eatre l\u00e0 !\",\"publisher\":{\"@id\":\"https:\/\/www.auditionsolidarite.org\/en\/#organization\"},\"potentialAction\":[{\"@type\":\"SearchAction\",\"target\":{\"@type\":\"EntryPoint\",\"urlTemplate\":\"https:\/\/www.auditionsolidarite.org\/en\/?s={search_term_string}\"},\"query-input\":\"required name=search_term_string\"}],\"inLanguage\":\"en-US\"},{\"@type\":\"Organization\",\"@id\":\"https:\/\/www.auditionsolidarite.org\/en\/#organization\",\"name\":\"AuditionSolidarit\u00e9\",\"url\":\"https:\/\/www.auditionsolidarite.org\/en\/\",\"logo\":{\"@type\":\"ImageObject\",\"inLanguage\":\"en-US\",\"@id\":\"https:\/\/www.auditionsolidarite.org\/en\/#\/schema\/logo\/image\/\",\"url\":\"https:\/\/www.auditionsolidarite.org\/wp-content\/uploads\/2015\/07\/logo-audition-solidarite-e1446132259721.png\",\"contentUrl\":\"https:\/\/www.auditionsolidarite.org\/wp-content\/uploads\/2015\/07\/logo-audition-solidarite-e1446132259721.png\",\"width\":600,\"height\":593,\"caption\":\"AuditionSolidarit\u00e9\"},\"image\":{\"@id\":\"https:\/\/www.auditionsolidarite.org\/en\/#\/schema\/logo\/image\/\"}}]}<\/script>\n<!-- \/ Yoast SEO plugin. -->","yoast_head_json":{"title":"(Fran\u00e7ais) Mission humanitaire au Vietnam - Bi\u00ean H\u00f2a 2017 - AuditionSolidarit\u00e9","robots":{"index":"index","follow":"follow","max-snippet":"max-snippet:-1","max-image-preview":"max-image-preview:large","max-video-preview":"max-video-preview:-1"},"canonical":"https:\/\/www.auditionsolidarite.org\/en\/mission-humanitaire-vietnam-bien-hoa-2017\/","og_locale":"en_US","og_type":"article","og_title":"(Fran\u00e7ais) Mission humanitaire au Vietnam - Bi\u00ean H\u00f2a 2017 - AuditionSolidarit\u00e9","og_description":"Sorry, this entry is only available in French.AuditionSolidarit\u00e9 \u00e9tait de retour au Vietnam du 2 au 10 novembre, dans l&#8217;\u00e9cole d&#8217;enfants sourds de Bi\u00ean H\u00f2a pour la 3\u00e8me ann\u00e9e cons\u00e9cutive. C\u2019\u00e9tait pour AuditionSolidarit\u00e9 sa 25\u00e8me mission \u00e0 l\u2019\u00e9tranger : 99 enfants ont \u00e9t\u00e9 vus, 134 appareils auditifs ont \u00e9t\u00e9 adapt\u00e9s et 114 embouts fabriqu\u00e9s. Les formations aux r\u00e9glages, \u00e0 la","og_url":"https:\/\/www.auditionsolidarite.org\/en\/mission-humanitaire-vietnam-bien-hoa-2017\/","og_site_name":"AuditionSolidarit\u00e9","article_modified_time":"2019-06-26T12:08:44+00:00","og_image":[{"width":600,"height":593,"url":"https:\/\/www.auditionsolidarite.org\/wp-content\/uploads\/2015\/07\/logo-audition-solidarite-e1446132259721.png","type":"image\/png"}],"twitter_card":"summary_large_image","twitter_misc":{"Est. reading time":"3 minutes"},"schema":{"@context":"https:\/\/schema.org","@graph":[{"@type":"WebPage","@id":"https:\/\/www.auditionsolidarite.org\/en\/mission-humanitaire-vietnam-bien-hoa-2017\/","url":"https:\/\/www.auditionsolidarite.org\/en\/mission-humanitaire-vietnam-bien-hoa-2017\/","name":"(Fran\u00e7ais) Mission humanitaire au Vietnam - Bi\u00ean H\u00f2a 2017 - AuditionSolidarit\u00e9","isPartOf":{"@id":"https:\/\/www.auditionsolidarite.org\/en\/#website"},"datePublished":"2018-05-14T14:12:16+00:00","dateModified":"2019-06-26T12:08:44+00:00","breadcrumb":{"@id":"https:\/\/www.auditionsolidarite.org\/en\/mission-humanitaire-vietnam-bien-hoa-2017\/#breadcrumb"},"inLanguage":"en-US","potentialAction":[{"@type":"ReadAction","target":[["https:\/\/www.auditionsolidarite.org\/en\/mission-humanitaire-vietnam-bien-hoa-2017\/"]]}]},{"@type":"BreadcrumbList","@id":"https:\/\/www.auditionsolidarite.org\/en\/mission-humanitaire-vietnam-bien-hoa-2017\/#breadcrumb","itemListElement":[{"@type":"ListItem","position":1,"name":"Accueil","item":"https:\/\/www.auditionsolidarite.org\/en\/"},{"@type":"ListItem","position":2,"name":"Mission humanitaire au Vietnam &#8211; Bi\u00ean H\u00f2a 2017"}]},{"@type":"WebSite","@id":"https:\/\/www.auditionsolidarite.org\/en\/#website","url":"https:\/\/www.auditionsolidarite.org\/en\/","name":"AuditionSolidarit\u00e9","description":"Le hasard n&#039;existe pas ! Si vous \u00eates l\u00e0 aujourd&#039;hui, c&#039;est que le monde de l&#039;audition vous touche... Alors merci d&#039;\u00eatre l\u00e0 !","publisher":{"@id":"https:\/\/www.auditionsolidarite.org\/en\/#organization"},"potentialAction":[{"@type":"SearchAction","target":{"@type":"EntryPoint","urlTemplate":"https:\/\/www.auditionsolidarite.org\/en\/?s={search_term_string}"},"query-input":"required name=search_term_string"}],"inLanguage":"en-US"},{"@type":"Organization","@id":"https:\/\/www.auditionsolidarite.org\/en\/#organization","name":"AuditionSolidarit\u00e9","url":"https:\/\/www.auditionsolidarite.org\/en\/","logo":{"@type":"ImageObject","inLanguage":"en-US","@id":"https:\/\/www.auditionsolidarite.org\/en\/#\/schema\/logo\/image\/","url":"https:\/\/www.auditionsolidarite.org\/wp-content\/uploads\/2015\/07\/logo-audition-solidarite-e1446132259721.png","contentUrl":"https:\/\/www.auditionsolidarite.org\/wp-content\/uploads\/2015\/07\/logo-audition-solidarite-e1446132259721.png","width":600,"height":593,"caption":"AuditionSolidarit\u00e9"},"image":{"@id":"https:\/\/www.auditionsolidarite.org\/en\/#\/schema\/logo\/image\/"}}]}},"_links":{"self":[{"href":"https:\/\/www.auditionsolidarite.org\/en\/wp-json\/wp\/v2\/pages\/6033"}],"collection":[{"href":"https:\/\/www.auditionsolidarite.org\/en\/wp-json\/wp\/v2\/pages"}],"about":[{"href":"https:\/\/www.auditionsolidarite.org\/en\/wp-json\/wp\/v2\/types\/page"}],"author":[{"embeddable":true,"href":"https:\/\/www.auditionsolidarite.org\/en\/wp-json\/wp\/v2\/users\/2"}],"replies":[{"embeddable":true,"href":"https:\/\/www.auditionsolidarite.org\/en\/wp-json\/wp\/v2\/comments?post=6033"}],"version-history":[{"count":3,"href":"https:\/\/www.auditionsolidarite.org\/en\/wp-json\/wp\/v2\/pages\/6033\/revisions"}],"predecessor-version":[{"id":6891,"href":"https:\/\/www.auditionsolidarite.org\/en\/wp-json\/wp\/v2\/pages\/6033\/revisions\/6891"}],"wp:attachment":[{"href":"https:\/\/www.auditionsolidarite.org\/en\/wp-json\/wp\/v2\/media?parent=6033"}],"curies":[{"name":"wp","href":"https:\/\/api.w.org\/{rel}","templated":true}]}}