{"id":5693,"date":"2017-10-25T08:45:10","date_gmt":"2017-10-25T07:45:10","guid":{"rendered":"https:\/\/www.auditionsolidarite.org\/?page_id=5693"},"modified":"2017-10-25T08:45:10","modified_gmt":"2017-10-25T07:45:10","slug":"hopital-de-conception-marseille-septembre-2017","status":"publish","type":"page","link":"https:\/\/www.auditionsolidarite.org\/en\/hopital-de-conception-marseille-septembre-2017\/","title":{"rendered":"(Fran\u00e7ais) H\u00f4pital de la Conception (Marseille) \u2013 Septembre 2017"},"content":{"rendered":"<p class=\"qtranxs-available-languages-message qtranxs-available-languages-message-en\">Sorry, this entry is only available in <a href=\"https:\/\/www.auditionsolidarite.org\/fr\/wp-json\/wp\/v2\/pages\/5693\" class=\"qtranxs-available-language-link qtranxs-available-language-link-fr\" title=\"Fran\u00e7ais\">French<\/a>.<\/p><b>19 et 20 septembre 2017 : AuditionSolidarit\u00e9 \u00e9tait de retour \u00e0 l&#8217;h\u00f4pital de la Conception pour r\u00e9aliser sa deuxi\u00e8me mission &#8220;Audition&#8221; \u00e0 Marseille en faveur des personnes d\u00e9favoris\u00e9es, en collaboration avec l&#8217;Assistance Publique &#8211; H\u00f4pitaux de Marseille (AP-HM)<b><br \/>\n<\/b><b><br \/>\n<\/b><\/b>Apr\u00e8s une premi\u00e8re mission &#8220;Audition&#8221; pleine de succ\u00e8s \u00e0 Marseille au mois d&#8217;avril, AuditionSolidarit\u00e9 \u00e9tait de retour \u00e0 l&#8217;h\u00f4pital de la Conception les 19 et 20 septembre pour appareiller les personnes d\u00e9munies de la r\u00e9gion et revoir en contr\u00f4le les personnes appareill\u00e9es 6 mois plus t\u00f4t. <b><br \/>\n<\/b><b><br \/>\n<\/b>Durant les deux journ\u00e9es, l&#8217;\u00e9quipe a accueilli 25 personnes, en a appareill\u00e9 10 et 7 sont revenues pour contr\u00f4ler leur appareillage.<\/p>\n<p style=\"text-align: left;\">Merci \u00e0 notre belle \u00e9quipe, merci \u00e0 tous nos m\u00e9c\u00e8nes, \u00e0 l&#8217;\u00e9quipe de l&#8217;AP-HM Assistance Publique &#8211; H\u00f4pitaux de Marseille et aux Fondations : Z\u00e9phyr, Caritas France et Dominique&amp;Tom Alberici.<b><br \/>\n<\/b><b><\/b><b><\/b><b><br \/>\n<\/b>AuditionSolidarit\u00e9 et l&#8217;AP-HM seront de nouveau r\u00e9unies en avril 2018 pour une nouvelle mission \u00e0 La Conception (Marseille). <b><b><b><br \/>\n<\/b><br \/>\n<\/b><b><\/b><\/b><\/p>\n<p style=\"text-align: center;\"><strong>Interviews de l&#8217;\u00e9quipe<\/strong><\/p>\n<table>\n<tbody>\n<tr>\n<td style=\"text-align: center;\">Cl\u00e9mence Lietaert &#8211; Audioproth\u00e9siste<b><\/b><b><br \/>\n<iframe loading=\"lazy\" src=\"https:\/\/www.youtube.com\/embed\/Ez_qKJA29Jk\" width=\"250\" height=\"180\" frameborder=\"0\" allowfullscreen=\"allowfullscreen\"><\/iframe><br \/>\n<\/b><\/td>\n<td style=\"text-align: center;\">Cyril Molinary &#8211; Audioproth\u00e9siste<b><br \/>\n<iframe loading=\"lazy\" src=\"https:\/\/www.youtube.com\/embed\/L-5l0246rIw\" width=\"250\" height=\"180\" frameborder=\"0\" allowfullscreen=\"allowfullscreen\"><\/iframe><br \/>\n<\/b><\/td>\n<td style=\"text-align: center;\">Dani\u00e8le Blisson-Meens &#8211; Audioproth\u00e9siste<b><\/b><b><br \/>\n<iframe loading=\"lazy\" src=\"https:\/\/www.youtube.com\/embed\/DnHuRy1RP6Y\" width=\"250\" height=\"180\" frameborder=\"0\" allowfullscreen=\"allowfullscreen\"><\/iframe><br \/>\n<\/b><\/td>\n<\/tr>\n<tr>\n<td style=\"text-align: center;\">Alexandre Durand &#8211; Audioproth\u00e9siste<b><br \/>\n<iframe loading=\"lazy\" src=\"https:\/\/www.youtube.com\/embed\/ll8okUIgesQ\" width=\"250\" height=\"180\" frameborder=\"0\" allowfullscreen=\"allowfullscreen\"><\/iframe><br \/>\n<\/b><\/td>\n<td style=\"text-align: center;\">Christine Filleul &#8211; Secr\u00e9tariat<b><br \/>\n<iframe loading=\"lazy\" src=\"https:\/\/www.youtube.com\/embed\/UZ4kjafZRAw\" width=\"250\" height=\"180\" frameborder=\"0\" allowfullscreen=\"allowfullscreen\"><\/iframe><br \/>\n<\/b><\/td>\n<td><b><br \/>\n<\/b><\/td>\n<\/tr>\n<\/tbody>\n<\/table>\n<p style=\"text-align: left;\"><strong><br \/>\n<\/strong><b><b><img loading=\"lazy\" decoding=\"async\" class=\"aligncenter wp-image-5667\" src=\"\/\/www.auditionsolidarite.org\/wp-content\/uploads\/2015\/07\/P1340320-Copier.jpg\" alt=\"\" width=\"550\" height=\"413\" srcset=\"https:\/\/www.auditionsolidarite.org\/wp-content\/uploads\/2015\/07\/P1340320-Copier.jpg 1000w, https:\/\/www.auditionsolidarite.org\/wp-content\/uploads\/2015\/07\/P1340320-Copier-300x225.jpg 300w, https:\/\/www.auditionsolidarite.org\/wp-content\/uploads\/2015\/07\/P1340320-Copier-768x577.jpg 768w\" sizes=\"(max-width: 550px) 100vw, 550px\" \/> <img loading=\"lazy\" decoding=\"async\" class=\"aligncenter wp-image-5668\" src=\"\/\/www.auditionsolidarite.org\/wp-content\/uploads\/2015\/07\/P1340331-Copier.jpg\" alt=\"\" width=\"550\" height=\"413\" srcset=\"https:\/\/www.auditionsolidarite.org\/wp-content\/uploads\/2015\/07\/P1340331-Copier.jpg 1000w, https:\/\/www.auditionsolidarite.org\/wp-content\/uploads\/2015\/07\/P1340331-Copier-300x225.jpg 300w, https:\/\/www.auditionsolidarite.org\/wp-content\/uploads\/2015\/07\/P1340331-Copier-768x577.jpg 768w\" sizes=\"(max-width: 550px) 100vw, 550px\" \/><br \/>\n<\/b><\/b><strong><b><br \/>\n<\/b><\/strong><\/p>\n<p>&nbsp;","protected":false},"excerpt":{"rendered":"<p>Sorry, this entry is only available in French.19 et 20 septembre 2017 : AuditionSolidarit\u00e9 \u00e9tait de retour \u00e0 l&#8217;h\u00f4pital de la Conception pour r\u00e9aliser sa deuxi\u00e8me mission &#8220;Audition&#8221; \u00e0 Marseille en faveur des personnes d\u00e9favoris\u00e9es, en collaboration avec l&#8217;Assistance Publique &#8211; H\u00f4pitaux de Marseille (AP-HM) Apr\u00e8s une premi\u00e8re mission &#8220;Audition&#8221; pleine de succ\u00e8s \u00e0 Marseille au mois d&#8217;avril, AuditionSolidarit\u00e9 \u00e9tait<\/p>\n","protected":false},"author":2,"featured_media":0,"parent":0,"menu_order":0,"comment_status":"closed","ping_status":"closed","template":"","meta":{"footnotes":""},"acf":[],"yoast_head":"<!-- This site is optimized with the Yoast SEO plugin v21.9.1 - https:\/\/yoast.com\/wordpress\/plugins\/seo\/ -->\n<title>(Fran\u00e7ais) H\u00f4pital de la Conception (Marseille) \u2013 Septembre 2017 - AuditionSolidarit\u00e9<\/title>\n<meta name=\"robots\" content=\"index, follow, max-snippet:-1, max-image-preview:large, max-video-preview:-1\" \/>\n<link rel=\"canonical\" href=\"https:\/\/www.auditionsolidarite.org\/en\/hopital-de-conception-marseille-septembre-2017\/\" \/>\n<meta property=\"og:locale\" content=\"en_US\" \/>\n<meta property=\"og:type\" content=\"article\" \/>\n<meta property=\"og:title\" content=\"(Fran\u00e7ais) H\u00f4pital de la Conception (Marseille) \u2013 Septembre 2017 - AuditionSolidarit\u00e9\" \/>\n<meta property=\"og:description\" content=\"Sorry, this entry is only available in French.19 et 20 septembre 2017 : AuditionSolidarit\u00e9 \u00e9tait de retour \u00e0 l&#8217;h\u00f4pital de la Conception pour r\u00e9aliser sa deuxi\u00e8me mission &#8220;Audition&#8221; \u00e0 Marseille en faveur des personnes d\u00e9favoris\u00e9es, en collaboration avec l&#8217;Assistance Publique &#8211; H\u00f4pitaux de Marseille (AP-HM) Apr\u00e8s une premi\u00e8re mission &#8220;Audition&#8221; pleine de succ\u00e8s \u00e0 Marseille au mois d&#8217;avril, AuditionSolidarit\u00e9 \u00e9tait\" \/>\n<meta property=\"og:url\" content=\"https:\/\/www.auditionsolidarite.org\/en\/hopital-de-conception-marseille-septembre-2017\/\" \/>\n<meta property=\"og:site_name\" content=\"AuditionSolidarit\u00e9\" \/>\n<meta property=\"og:image\" content=\"https:\/\/www.auditionsolidarite.org\/wp-content\/uploads\/2015\/07\/logo-audition-solidarite-e1446132259721.png\" \/>\n\t<meta property=\"og:image:width\" content=\"600\" \/>\n\t<meta property=\"og:image:height\" content=\"593\" \/>\n\t<meta property=\"og:image:type\" content=\"image\/png\" \/>\n<meta name=\"twitter:card\" content=\"summary_large_image\" \/>\n<meta name=\"twitter:label1\" content=\"Est. reading time\" \/>\n\t<meta name=\"twitter:data1\" content=\"1 minute\" \/>\n<script type=\"application\/ld+json\" class=\"yoast-schema-graph\">{\"@context\":\"https:\/\/schema.org\",\"@graph\":[{\"@type\":\"WebPage\",\"@id\":\"https:\/\/www.auditionsolidarite.org\/en\/hopital-de-conception-marseille-septembre-2017\/\",\"url\":\"https:\/\/www.auditionsolidarite.org\/en\/hopital-de-conception-marseille-septembre-2017\/\",\"name\":\"(Fran\u00e7ais) H\u00f4pital de la Conception (Marseille) \u2013 Septembre 2017 - AuditionSolidarit\u00e9\",\"isPartOf\":{\"@id\":\"https:\/\/www.auditionsolidarite.org\/en\/#website\"},\"datePublished\":\"2017-10-25T07:45:10+00:00\",\"dateModified\":\"2017-10-25T07:45:10+00:00\",\"breadcrumb\":{\"@id\":\"https:\/\/www.auditionsolidarite.org\/en\/hopital-de-conception-marseille-septembre-2017\/#breadcrumb\"},\"inLanguage\":\"en-US\",\"potentialAction\":[{\"@type\":\"ReadAction\",\"target\":[[\"https:\/\/www.auditionsolidarite.org\/en\/hopital-de-conception-marseille-septembre-2017\/\"]]}]},{\"@type\":\"BreadcrumbList\",\"@id\":\"https:\/\/www.auditionsolidarite.org\/en\/hopital-de-conception-marseille-septembre-2017\/#breadcrumb\",\"itemListElement\":[{\"@type\":\"ListItem\",\"position\":1,\"name\":\"Accueil\",\"item\":\"https:\/\/www.auditionsolidarite.org\/en\/\"},{\"@type\":\"ListItem\",\"position\":2,\"name\":\"H\u00f4pital de la Conception (Marseille) \u2013 Septembre 2017\"}]},{\"@type\":\"WebSite\",\"@id\":\"https:\/\/www.auditionsolidarite.org\/en\/#website\",\"url\":\"https:\/\/www.auditionsolidarite.org\/en\/\",\"name\":\"AuditionSolidarit\u00e9\",\"description\":\"Le hasard n&#039;existe pas ! Si vous \u00eates l\u00e0 aujourd&#039;hui, c&#039;est que le monde de l&#039;audition vous touche... Alors merci d&#039;\u00eatre l\u00e0 !\",\"publisher\":{\"@id\":\"https:\/\/www.auditionsolidarite.org\/en\/#organization\"},\"potentialAction\":[{\"@type\":\"SearchAction\",\"target\":{\"@type\":\"EntryPoint\",\"urlTemplate\":\"https:\/\/www.auditionsolidarite.org\/en\/?s={search_term_string}\"},\"query-input\":\"required name=search_term_string\"}],\"inLanguage\":\"en-US\"},{\"@type\":\"Organization\",\"@id\":\"https:\/\/www.auditionsolidarite.org\/en\/#organization\",\"name\":\"AuditionSolidarit\u00e9\",\"url\":\"https:\/\/www.auditionsolidarite.org\/en\/\",\"logo\":{\"@type\":\"ImageObject\",\"inLanguage\":\"en-US\",\"@id\":\"https:\/\/www.auditionsolidarite.org\/en\/#\/schema\/logo\/image\/\",\"url\":\"https:\/\/www.auditionsolidarite.org\/wp-content\/uploads\/2015\/07\/logo-audition-solidarite-e1446132259721.png\",\"contentUrl\":\"https:\/\/www.auditionsolidarite.org\/wp-content\/uploads\/2015\/07\/logo-audition-solidarite-e1446132259721.png\",\"width\":600,\"height\":593,\"caption\":\"AuditionSolidarit\u00e9\"},\"image\":{\"@id\":\"https:\/\/www.auditionsolidarite.org\/en\/#\/schema\/logo\/image\/\"}}]}<\/script>\n<!-- \/ Yoast SEO plugin. -->","yoast_head_json":{"title":"(Fran\u00e7ais) H\u00f4pital de la Conception (Marseille) \u2013 Septembre 2017 - AuditionSolidarit\u00e9","robots":{"index":"index","follow":"follow","max-snippet":"max-snippet:-1","max-image-preview":"max-image-preview:large","max-video-preview":"max-video-preview:-1"},"canonical":"https:\/\/www.auditionsolidarite.org\/en\/hopital-de-conception-marseille-septembre-2017\/","og_locale":"en_US","og_type":"article","og_title":"(Fran\u00e7ais) H\u00f4pital de la Conception (Marseille) \u2013 Septembre 2017 - AuditionSolidarit\u00e9","og_description":"Sorry, this entry is only available in French.19 et 20 septembre 2017 : AuditionSolidarit\u00e9 \u00e9tait de retour \u00e0 l&#8217;h\u00f4pital de la Conception pour r\u00e9aliser sa deuxi\u00e8me mission &#8220;Audition&#8221; \u00e0 Marseille en faveur des personnes d\u00e9favoris\u00e9es, en collaboration avec l&#8217;Assistance Publique &#8211; H\u00f4pitaux de Marseille (AP-HM) Apr\u00e8s une premi\u00e8re mission &#8220;Audition&#8221; pleine de succ\u00e8s \u00e0 Marseille au mois d&#8217;avril, AuditionSolidarit\u00e9 \u00e9tait","og_url":"https:\/\/www.auditionsolidarite.org\/en\/hopital-de-conception-marseille-septembre-2017\/","og_site_name":"AuditionSolidarit\u00e9","og_image":[{"width":600,"height":593,"url":"https:\/\/www.auditionsolidarite.org\/wp-content\/uploads\/2015\/07\/logo-audition-solidarite-e1446132259721.png","type":"image\/png"}],"twitter_card":"summary_large_image","twitter_misc":{"Est. reading time":"1 minute"},"schema":{"@context":"https:\/\/schema.org","@graph":[{"@type":"WebPage","@id":"https:\/\/www.auditionsolidarite.org\/en\/hopital-de-conception-marseille-septembre-2017\/","url":"https:\/\/www.auditionsolidarite.org\/en\/hopital-de-conception-marseille-septembre-2017\/","name":"(Fran\u00e7ais) H\u00f4pital de la Conception (Marseille) \u2013 Septembre 2017 - AuditionSolidarit\u00e9","isPartOf":{"@id":"https:\/\/www.auditionsolidarite.org\/en\/#website"},"datePublished":"2017-10-25T07:45:10+00:00","dateModified":"2017-10-25T07:45:10+00:00","breadcrumb":{"@id":"https:\/\/www.auditionsolidarite.org\/en\/hopital-de-conception-marseille-septembre-2017\/#breadcrumb"},"inLanguage":"en-US","potentialAction":[{"@type":"ReadAction","target":[["https:\/\/www.auditionsolidarite.org\/en\/hopital-de-conception-marseille-septembre-2017\/"]]}]},{"@type":"BreadcrumbList","@id":"https:\/\/www.auditionsolidarite.org\/en\/hopital-de-conception-marseille-septembre-2017\/#breadcrumb","itemListElement":[{"@type":"ListItem","position":1,"name":"Accueil","item":"https:\/\/www.auditionsolidarite.org\/en\/"},{"@type":"ListItem","position":2,"name":"H\u00f4pital de la Conception (Marseille) \u2013 Septembre 2017"}]},{"@type":"WebSite","@id":"https:\/\/www.auditionsolidarite.org\/en\/#website","url":"https:\/\/www.auditionsolidarite.org\/en\/","name":"AuditionSolidarit\u00e9","description":"Le hasard n&#039;existe pas ! Si vous \u00eates l\u00e0 aujourd&#039;hui, c&#039;est que le monde de l&#039;audition vous touche... Alors merci d&#039;\u00eatre l\u00e0 !","publisher":{"@id":"https:\/\/www.auditionsolidarite.org\/en\/#organization"},"potentialAction":[{"@type":"SearchAction","target":{"@type":"EntryPoint","urlTemplate":"https:\/\/www.auditionsolidarite.org\/en\/?s={search_term_string}"},"query-input":"required name=search_term_string"}],"inLanguage":"en-US"},{"@type":"Organization","@id":"https:\/\/www.auditionsolidarite.org\/en\/#organization","name":"AuditionSolidarit\u00e9","url":"https:\/\/www.auditionsolidarite.org\/en\/","logo":{"@type":"ImageObject","inLanguage":"en-US","@id":"https:\/\/www.auditionsolidarite.org\/en\/#\/schema\/logo\/image\/","url":"https:\/\/www.auditionsolidarite.org\/wp-content\/uploads\/2015\/07\/logo-audition-solidarite-e1446132259721.png","contentUrl":"https:\/\/www.auditionsolidarite.org\/wp-content\/uploads\/2015\/07\/logo-audition-solidarite-e1446132259721.png","width":600,"height":593,"caption":"AuditionSolidarit\u00e9"},"image":{"@id":"https:\/\/www.auditionsolidarite.org\/en\/#\/schema\/logo\/image\/"}}]}},"_links":{"self":[{"href":"https:\/\/www.auditionsolidarite.org\/en\/wp-json\/wp\/v2\/pages\/5693"}],"collection":[{"href":"https:\/\/www.auditionsolidarite.org\/en\/wp-json\/wp\/v2\/pages"}],"about":[{"href":"https:\/\/www.auditionsolidarite.org\/en\/wp-json\/wp\/v2\/types\/page"}],"author":[{"embeddable":true,"href":"https:\/\/www.auditionsolidarite.org\/en\/wp-json\/wp\/v2\/users\/2"}],"replies":[{"embeddable":true,"href":"https:\/\/www.auditionsolidarite.org\/en\/wp-json\/wp\/v2\/comments?post=5693"}],"version-history":[{"count":1,"href":"https:\/\/www.auditionsolidarite.org\/en\/wp-json\/wp\/v2\/pages\/5693\/revisions"}],"predecessor-version":[{"id":5694,"href":"https:\/\/www.auditionsolidarite.org\/en\/wp-json\/wp\/v2\/pages\/5693\/revisions\/5694"}],"wp:attachment":[{"href":"https:\/\/www.auditionsolidarite.org\/en\/wp-json\/wp\/v2\/media?parent=5693"}],"curies":[{"name":"wp","href":"https:\/\/api.w.org\/{rel}","templated":true}]}}