{"id":5665,"date":"2017-09-28T08:17:43","date_gmt":"2017-09-28T07:17:43","guid":{"rendered":"https:\/\/www.auditionsolidarite.org\/?page_id=5665"},"modified":"2017-09-28T08:17:43","modified_gmt":"2017-09-28T07:17:43","slug":"hopital-de-conception-marseille-avril-2017","status":"publish","type":"page","link":"https:\/\/www.auditionsolidarite.org\/en\/hopital-de-conception-marseille-avril-2017\/","title":{"rendered":"(Fran\u00e7ais) H\u00f4pital de la Conception (Marseille) &#8211; Avril 2017"},"content":{"rendered":"<p class=\"qtranxs-available-languages-message qtranxs-available-languages-message-en\">Sorry, this entry is only available in <a href=\"https:\/\/www.auditionsolidarite.org\/fr\/wp-json\/wp\/v2\/pages\/5665\" class=\"qtranxs-available-language-link qtranxs-available-language-link-fr\" title=\"Fran\u00e7ais\">French<\/a>.<\/p><b>4 et 5 avril 2017 : Premi\u00e8re mission &#8220;Audition&#8221; \u00e0 Marseille en faveur des personnes d\u00e9favoris\u00e9es, organis\u00e9e en collaboration avec l&#8217;Assistance Publique &#8211; H\u00f4pitaux de Marseille (AP-HM)<\/p>\n<p><\/b>La premi\u00e8re mission &#8220;Audition&#8221; d&#8217;AuditionSolidarit\u00e9 \u00e0 Marseille a eu lieu\u00a0<b>l<\/b>es 4 et 5 avril, AuditionSolidarit\u00e9 a \u00e9t\u00e9 tr\u00e8s chaleureusement accueillie par l&#8217;\u00e9quipe de l&#8217;AP-HM les 4 et 5 avril pour sa premi\u00e8re mission &#8220;Audition&#8221; \u00e0 l&#8217;h\u00f4pital de La Conception. Tout comme lors des pr\u00e9c\u00e9dentes \u00e0 Paris, cette mission \u00e9tait destin\u00e9e aux personnes sourdes et malentendantes\u00a0vivant dans la grande pr\u00e9carit\u00e9 (sans couverture sociale ou b\u00e9n\u00e9ficiant de l&#8217;AME) et n\u00e9cessitant une prise en charge et des soins auditifs (tels que l&#8217;appareillage).<b><br \/>\n<\/b><b><br \/>\n<\/b>Cette premi\u00e8re mission a \u00e9t\u00e9 une r\u00e9ussite puisque nous avons pu accueillir 38 personnes et en appareiller 16, ce qui donne un total de 29 appareils auditifs recycl\u00e9s adapt\u00e9s ! Ce succ\u00e8s est le fruit du beau travail de l&#8217;AP-HM, des associations partenaires et de notre \u00e9quipe de m\u00e9c\u00e8nes (audioproth\u00e9sistes, orthophoniste, fabricante d&#8217;embouts et ORL).<\/p>\n<p>Bien entendu, comme \u00e0 chaque mission, notre objectif est de revoir ces personnes afin d&#8217;assurer un suivi et de proc\u00e9der aux \u00e9ventuels r\u00e9glages n\u00e9cessaires. <b><br \/>\n<\/b><b><br \/>\n<\/b>AuditionSolidarit\u00e9 et l&#8217;AP-HM seront de nouveau r\u00e9unies les 19 et 20 septembre pour une nouvelle mission \u00e0 La Conception (Marseille). <b><\/p>\n<p>Interviews de l&#8217;\u00e9quipe<br \/>\n<\/b><\/p>\n<table>\n<tbody>\n<tr>\n<td>Pascal Pichancourt &#8211; ORL<b><br \/>\n<iframe loading=\"lazy\" src=\"https:\/\/www.youtube.com\/embed\/8Mv-ZIZ83eg?ecver=1\" width=\"250\" height=\"180\" frameborder=\"0\" allowfullscreen=\"allowfullscreen\" data-mce-fragment=\"1\"><\/iframe><br \/>\n<\/b><\/td>\n<td>Julien Bartoli &#8211; Audioproth\u00e9siste<b><br \/>\n<iframe loading=\"lazy\" src=\"https:\/\/www.youtube.com\/embed\/iGUbW_5nKXM?ecver=1\" width=\"250\" height=\"180\" frameborder=\"0\" allowfullscreen=\"allowfullscreen\" data-mce-fragment=\"1\"><\/iframe><br \/>\n<\/b><\/td>\n<td>C\u00e9line Roetynck &#8211; Fabricante d&#8217;embouts<b><br \/>\n<iframe loading=\"lazy\" src=\"https:\/\/www.youtube.com\/embed\/CKeSd71KeLI?ecver=1\" width=\"250\" height=\"180\" frameborder=\"0\" allowfullscreen=\"allowfullscreen\" data-mce-fragment=\"1\"><\/iframe><br \/>\n<\/b><\/td>\n<\/tr>\n<tr>\n<td>\u00a0Patricia Gazele &#8211; Audioproth\u00e9siste<b><br \/>\n<iframe loading=\"lazy\" src=\"https:\/\/www.youtube.com\/embed\/cgd6D-gMk3Y?ecver=1\" width=\"250\" height=\"180\" frameborder=\"0\" allowfullscreen=\"allowfullscreen\" data-mce-fragment=\"1\"><\/iframe><\/b><b><br \/>\n<\/b><\/td>\n<td>\u00a0Cl\u00e9mence Revoil-Valentin &#8211; Audioproth\u00e9siste<b><br \/>\n<iframe loading=\"lazy\" src=\"https:\/\/www.youtube.com\/embed\/fvDuIKRduEs?ecver=1\" width=\"250\" height=\"180\" frameborder=\"0\" allowfullscreen=\"allowfullscreen\" data-mce-fragment=\"1\"><\/iframe><\/b><b><br \/>\n<\/b><\/td>\n<td>Didier Afecto &#8211; Audioproth\u00e9siste<b><br \/>\n<iframe loading=\"lazy\" src=\"https:\/\/www.youtube.com\/embed\/YKymxg0npXQ?ecver=1\" width=\"250\" height=\"180\" frameborder=\"0\" allowfullscreen=\"allowfullscreen\" data-mce-fragment=\"1\"><\/iframe><\/b><b><br \/>\n<\/b><\/td>\n<\/tr>\n<tr>\n<td>\u00a0Claire Barilly &#8211; Orthophoniste<b><br \/>\n<iframe loading=\"lazy\" src=\"https:\/\/www.youtube.com\/embed\/Vtvef_gu46Q?ecver=1\" width=\"250\" height=\"180\" frameborder=\"0\" allowfullscreen=\"allowfullscreen\" data-mce-fragment=\"1\"><\/iframe><br \/>\n<\/b><b><br \/>\n<\/b><\/td>\n<td>Cassandre Marzin &#8211; Etudiante<b><br \/>\n<iframe loading=\"lazy\" src=\"https:\/\/www.youtube.com\/embed\/YQHYDPDhj78?ecver=1\" width=\"250\" height=\"180\" frameborder=\"0\" allowfullscreen=\"allowfullscreen\" data-mce-fragment=\"1\"><\/iframe><br \/>\n<\/b><\/td>\n<td><\/td>\n<\/tr>\n<\/tbody>\n<\/table>\n<p><b><strong>Mission r\u00e9ussie avec des \u00e9quipes solidaires :<\/strong><\/b><\/p>\n<p>Merci \u00e0 Julien Bartoli, Cl\u00e9mence Revoil-Valentin, Patricia Gazele, Didier Afecto et Christine Bourger, audioproth\u00e9sistes<br \/>\nMerci \u00e0 Pascal Pichancourt, ORL<br \/>\nMerci \u00e0 C\u00e9line Roetynck pour la fabrication des embouts<br \/>\nMerci \u00e0 Claire Barilly, orthophoniste<br \/>\nMerci \u00e0 Cassandre Marzin, l&#8217;\u00e9tudiante en audioproth\u00e8se<br \/>\nMerci \u00e0 toute l&#8217;\u00e9quipe de l&#8217;AP-HM et de l&#8217;h\u00f4pital La Conception<br \/>\nMerci \u00e0 notre parrain Martin Hirsch<br \/>\nMerci \u00e0 toutes les associations qui se sont impliqu\u00e9es !<\/p>\n<p><strong>Et un grand MERCI \u00e0 la Fondation CARITAS FRANCE, \u00e0 la Fondation ZEPHYR et \u00e0 la Fondation ALBERICI pour <\/strong><strong>leur pr\u00e9cieux soutien !<br \/>\n<\/strong><b><br \/>\n<img loading=\"lazy\" decoding=\"async\" class=\"aligncenter size-full wp-image-5290\" src=\"\/wp-content\/uploads\/2017\/04\/17760967_770238726460446_5164439637000483534_o.jpg\" alt=\"\" width=\"2048\" height=\"1537\" srcset=\"https:\/\/www.auditionsolidarite.org\/wp-content\/uploads\/2017\/04\/17760967_770238726460446_5164439637000483534_o.jpg 2048w, https:\/\/www.auditionsolidarite.org\/wp-content\/uploads\/2017\/04\/17760967_770238726460446_5164439637000483534_o-300x225.jpg 300w, https:\/\/www.auditionsolidarite.org\/wp-content\/uploads\/2017\/04\/17760967_770238726460446_5164439637000483534_o-768x576.jpg 768w, https:\/\/www.auditionsolidarite.org\/wp-content\/uploads\/2017\/04\/17760967_770238726460446_5164439637000483534_o-1024x769.jpg 1024w\" sizes=\"(max-width: 2048px) 100vw, 2048px\" \/><\/b><strong><b><br \/>\n<\/b><\/strong><\/p>\n<p>&nbsp;","protected":false},"excerpt":{"rendered":"<p>Sorry, this entry is only available in French.4 et 5 avril 2017 : Premi\u00e8re mission &#8220;Audition&#8221; \u00e0 Marseille en faveur des personnes d\u00e9favoris\u00e9es, organis\u00e9e en collaboration avec l&#8217;Assistance Publique &#8211; H\u00f4pitaux de Marseille (AP-HM) La premi\u00e8re mission &#8220;Audition&#8221; d&#8217;AuditionSolidarit\u00e9 \u00e0 Marseille a eu lieu\u00a0les 4 et 5 avril, AuditionSolidarit\u00e9 a \u00e9t\u00e9 tr\u00e8s chaleureusement accueillie par l&#8217;\u00e9quipe de l&#8217;AP-HM les 4<\/p>\n","protected":false},"author":2,"featured_media":0,"parent":0,"menu_order":0,"comment_status":"closed","ping_status":"closed","template":"","meta":{"footnotes":""},"acf":[],"yoast_head":"<!-- This site is optimized with the Yoast SEO plugin v21.9.1 - https:\/\/yoast.com\/wordpress\/plugins\/seo\/ -->\n<title>(Fran\u00e7ais) H\u00f4pital de la Conception (Marseille) - Avril 2017 - AuditionSolidarit\u00e9<\/title>\n<meta name=\"robots\" content=\"index, follow, max-snippet:-1, max-image-preview:large, max-video-preview:-1\" \/>\n<link rel=\"canonical\" href=\"https:\/\/www.auditionsolidarite.org\/en\/hopital-de-conception-marseille-avril-2017\/\" \/>\n<meta property=\"og:locale\" content=\"en_US\" \/>\n<meta property=\"og:type\" content=\"article\" \/>\n<meta property=\"og:title\" content=\"(Fran\u00e7ais) H\u00f4pital de la Conception (Marseille) - Avril 2017 - AuditionSolidarit\u00e9\" \/>\n<meta property=\"og:description\" content=\"Sorry, this entry is only available in French.4 et 5 avril 2017 : Premi\u00e8re mission &#8220;Audition&#8221; \u00e0 Marseille en faveur des personnes d\u00e9favoris\u00e9es, organis\u00e9e en collaboration avec l&#8217;Assistance Publique &#8211; H\u00f4pitaux de Marseille (AP-HM) La premi\u00e8re mission &#8220;Audition&#8221; d&#8217;AuditionSolidarit\u00e9 \u00e0 Marseille a eu lieu\u00a0les 4 et 5 avril, AuditionSolidarit\u00e9 a \u00e9t\u00e9 tr\u00e8s chaleureusement accueillie par l&#8217;\u00e9quipe de l&#8217;AP-HM les 4\" \/>\n<meta property=\"og:url\" content=\"https:\/\/www.auditionsolidarite.org\/en\/hopital-de-conception-marseille-avril-2017\/\" \/>\n<meta property=\"og:site_name\" content=\"AuditionSolidarit\u00e9\" \/>\n<meta property=\"og:image\" content=\"https:\/\/www.auditionsolidarite.org\/wp-content\/uploads\/2015\/07\/logo-audition-solidarite-e1446132259721.png\" \/>\n\t<meta property=\"og:image:width\" content=\"600\" \/>\n\t<meta property=\"og:image:height\" content=\"593\" \/>\n\t<meta property=\"og:image:type\" content=\"image\/png\" \/>\n<meta name=\"twitter:card\" content=\"summary_large_image\" \/>\n<meta name=\"twitter:label1\" content=\"Est. reading time\" \/>\n\t<meta name=\"twitter:data1\" content=\"2 minutes\" \/>\n<script type=\"application\/ld+json\" class=\"yoast-schema-graph\">{\"@context\":\"https:\/\/schema.org\",\"@graph\":[{\"@type\":\"WebPage\",\"@id\":\"https:\/\/www.auditionsolidarite.org\/en\/hopital-de-conception-marseille-avril-2017\/\",\"url\":\"https:\/\/www.auditionsolidarite.org\/en\/hopital-de-conception-marseille-avril-2017\/\",\"name\":\"(Fran\u00e7ais) H\u00f4pital de la Conception (Marseille) - Avril 2017 - AuditionSolidarit\u00e9\",\"isPartOf\":{\"@id\":\"https:\/\/www.auditionsolidarite.org\/en\/#website\"},\"datePublished\":\"2017-09-28T07:17:43+00:00\",\"dateModified\":\"2017-09-28T07:17:43+00:00\",\"breadcrumb\":{\"@id\":\"https:\/\/www.auditionsolidarite.org\/en\/hopital-de-conception-marseille-avril-2017\/#breadcrumb\"},\"inLanguage\":\"en-US\",\"potentialAction\":[{\"@type\":\"ReadAction\",\"target\":[[\"https:\/\/www.auditionsolidarite.org\/en\/hopital-de-conception-marseille-avril-2017\/\"]]}]},{\"@type\":\"BreadcrumbList\",\"@id\":\"https:\/\/www.auditionsolidarite.org\/en\/hopital-de-conception-marseille-avril-2017\/#breadcrumb\",\"itemListElement\":[{\"@type\":\"ListItem\",\"position\":1,\"name\":\"Accueil\",\"item\":\"https:\/\/www.auditionsolidarite.org\/en\/\"},{\"@type\":\"ListItem\",\"position\":2,\"name\":\"H\u00f4pital de la Conception (Marseille) &#8211; Avril 2017\"}]},{\"@type\":\"WebSite\",\"@id\":\"https:\/\/www.auditionsolidarite.org\/en\/#website\",\"url\":\"https:\/\/www.auditionsolidarite.org\/en\/\",\"name\":\"AuditionSolidarit\u00e9\",\"description\":\"Le hasard n&#039;existe pas ! Si vous \u00eates l\u00e0 aujourd&#039;hui, c&#039;est que le monde de l&#039;audition vous touche... Alors merci d&#039;\u00eatre l\u00e0 !\",\"publisher\":{\"@id\":\"https:\/\/www.auditionsolidarite.org\/en\/#organization\"},\"potentialAction\":[{\"@type\":\"SearchAction\",\"target\":{\"@type\":\"EntryPoint\",\"urlTemplate\":\"https:\/\/www.auditionsolidarite.org\/en\/?s={search_term_string}\"},\"query-input\":\"required name=search_term_string\"}],\"inLanguage\":\"en-US\"},{\"@type\":\"Organization\",\"@id\":\"https:\/\/www.auditionsolidarite.org\/en\/#organization\",\"name\":\"AuditionSolidarit\u00e9\",\"url\":\"https:\/\/www.auditionsolidarite.org\/en\/\",\"logo\":{\"@type\":\"ImageObject\",\"inLanguage\":\"en-US\",\"@id\":\"https:\/\/www.auditionsolidarite.org\/en\/#\/schema\/logo\/image\/\",\"url\":\"https:\/\/www.auditionsolidarite.org\/wp-content\/uploads\/2015\/07\/logo-audition-solidarite-e1446132259721.png\",\"contentUrl\":\"https:\/\/www.auditionsolidarite.org\/wp-content\/uploads\/2015\/07\/logo-audition-solidarite-e1446132259721.png\",\"width\":600,\"height\":593,\"caption\":\"AuditionSolidarit\u00e9\"},\"image\":{\"@id\":\"https:\/\/www.auditionsolidarite.org\/en\/#\/schema\/logo\/image\/\"}}]}<\/script>\n<!-- \/ Yoast SEO plugin. -->","yoast_head_json":{"title":"(Fran\u00e7ais) H\u00f4pital de la Conception (Marseille) - Avril 2017 - AuditionSolidarit\u00e9","robots":{"index":"index","follow":"follow","max-snippet":"max-snippet:-1","max-image-preview":"max-image-preview:large","max-video-preview":"max-video-preview:-1"},"canonical":"https:\/\/www.auditionsolidarite.org\/en\/hopital-de-conception-marseille-avril-2017\/","og_locale":"en_US","og_type":"article","og_title":"(Fran\u00e7ais) H\u00f4pital de la Conception (Marseille) - Avril 2017 - AuditionSolidarit\u00e9","og_description":"Sorry, this entry is only available in French.4 et 5 avril 2017 : Premi\u00e8re mission &#8220;Audition&#8221; \u00e0 Marseille en faveur des personnes d\u00e9favoris\u00e9es, organis\u00e9e en collaboration avec l&#8217;Assistance Publique &#8211; H\u00f4pitaux de Marseille (AP-HM) La premi\u00e8re mission &#8220;Audition&#8221; d&#8217;AuditionSolidarit\u00e9 \u00e0 Marseille a eu lieu\u00a0les 4 et 5 avril, AuditionSolidarit\u00e9 a \u00e9t\u00e9 tr\u00e8s chaleureusement accueillie par l&#8217;\u00e9quipe de l&#8217;AP-HM les 4","og_url":"https:\/\/www.auditionsolidarite.org\/en\/hopital-de-conception-marseille-avril-2017\/","og_site_name":"AuditionSolidarit\u00e9","og_image":[{"width":600,"height":593,"url":"https:\/\/www.auditionsolidarite.org\/wp-content\/uploads\/2015\/07\/logo-audition-solidarite-e1446132259721.png","type":"image\/png"}],"twitter_card":"summary_large_image","twitter_misc":{"Est. reading time":"2 minutes"},"schema":{"@context":"https:\/\/schema.org","@graph":[{"@type":"WebPage","@id":"https:\/\/www.auditionsolidarite.org\/en\/hopital-de-conception-marseille-avril-2017\/","url":"https:\/\/www.auditionsolidarite.org\/en\/hopital-de-conception-marseille-avril-2017\/","name":"(Fran\u00e7ais) H\u00f4pital de la Conception (Marseille) - Avril 2017 - AuditionSolidarit\u00e9","isPartOf":{"@id":"https:\/\/www.auditionsolidarite.org\/en\/#website"},"datePublished":"2017-09-28T07:17:43+00:00","dateModified":"2017-09-28T07:17:43+00:00","breadcrumb":{"@id":"https:\/\/www.auditionsolidarite.org\/en\/hopital-de-conception-marseille-avril-2017\/#breadcrumb"},"inLanguage":"en-US","potentialAction":[{"@type":"ReadAction","target":[["https:\/\/www.auditionsolidarite.org\/en\/hopital-de-conception-marseille-avril-2017\/"]]}]},{"@type":"BreadcrumbList","@id":"https:\/\/www.auditionsolidarite.org\/en\/hopital-de-conception-marseille-avril-2017\/#breadcrumb","itemListElement":[{"@type":"ListItem","position":1,"name":"Accueil","item":"https:\/\/www.auditionsolidarite.org\/en\/"},{"@type":"ListItem","position":2,"name":"H\u00f4pital de la Conception (Marseille) &#8211; Avril 2017"}]},{"@type":"WebSite","@id":"https:\/\/www.auditionsolidarite.org\/en\/#website","url":"https:\/\/www.auditionsolidarite.org\/en\/","name":"AuditionSolidarit\u00e9","description":"Le hasard n&#039;existe pas ! Si vous \u00eates l\u00e0 aujourd&#039;hui, c&#039;est que le monde de l&#039;audition vous touche... Alors merci d&#039;\u00eatre l\u00e0 !","publisher":{"@id":"https:\/\/www.auditionsolidarite.org\/en\/#organization"},"potentialAction":[{"@type":"SearchAction","target":{"@type":"EntryPoint","urlTemplate":"https:\/\/www.auditionsolidarite.org\/en\/?s={search_term_string}"},"query-input":"required name=search_term_string"}],"inLanguage":"en-US"},{"@type":"Organization","@id":"https:\/\/www.auditionsolidarite.org\/en\/#organization","name":"AuditionSolidarit\u00e9","url":"https:\/\/www.auditionsolidarite.org\/en\/","logo":{"@type":"ImageObject","inLanguage":"en-US","@id":"https:\/\/www.auditionsolidarite.org\/en\/#\/schema\/logo\/image\/","url":"https:\/\/www.auditionsolidarite.org\/wp-content\/uploads\/2015\/07\/logo-audition-solidarite-e1446132259721.png","contentUrl":"https:\/\/www.auditionsolidarite.org\/wp-content\/uploads\/2015\/07\/logo-audition-solidarite-e1446132259721.png","width":600,"height":593,"caption":"AuditionSolidarit\u00e9"},"image":{"@id":"https:\/\/www.auditionsolidarite.org\/en\/#\/schema\/logo\/image\/"}}]}},"_links":{"self":[{"href":"https:\/\/www.auditionsolidarite.org\/en\/wp-json\/wp\/v2\/pages\/5665"}],"collection":[{"href":"https:\/\/www.auditionsolidarite.org\/en\/wp-json\/wp\/v2\/pages"}],"about":[{"href":"https:\/\/www.auditionsolidarite.org\/en\/wp-json\/wp\/v2\/types\/page"}],"author":[{"embeddable":true,"href":"https:\/\/www.auditionsolidarite.org\/en\/wp-json\/wp\/v2\/users\/2"}],"replies":[{"embeddable":true,"href":"https:\/\/www.auditionsolidarite.org\/en\/wp-json\/wp\/v2\/comments?post=5665"}],"version-history":[{"count":1,"href":"https:\/\/www.auditionsolidarite.org\/en\/wp-json\/wp\/v2\/pages\/5665\/revisions"}],"predecessor-version":[{"id":5666,"href":"https:\/\/www.auditionsolidarite.org\/en\/wp-json\/wp\/v2\/pages\/5665\/revisions\/5666"}],"wp:attachment":[{"href":"https:\/\/www.auditionsolidarite.org\/en\/wp-json\/wp\/v2\/media?parent=5665"}],"curies":[{"name":"wp","href":"https:\/\/api.w.org\/{rel}","templated":true}]}}