{"id":5479,"date":"2017-05-23T15:34:49","date_gmt":"2017-05-23T14:34:49","guid":{"rendered":"http:\/\/www.auditionsolidarite.org\/?page_id=5479"},"modified":"2018-03-27T14:36:00","modified_gmt":"2018-03-27T13:36:00","slug":"mission-humanitaire-a-madagascar-tana-novembre-2017","status":"publish","type":"page","link":"https:\/\/www.auditionsolidarite.org\/en\/mission-humanitaire-a-madagascar-tana-novembre-2017\/","title":{"rendered":"(Fran\u00e7ais) Mission humanitaire \u00e0 Madagascar &#8211; Tana Novembre 2016"},"content":{"rendered":"<p class=\"qtranxs-available-languages-message qtranxs-available-languages-message-en\">Sorry, this entry is only available in <a href=\"https:\/\/www.auditionsolidarite.org\/fr\/wp-json\/wp\/v2\/pages\/5479\" class=\"qtranxs-available-language-link qtranxs-available-language-link-fr\" title=\"Fran\u00e7ais\">French<\/a>.<\/p><b>Du 3 au 11 novembre 2016, l\u2019association AuditionSolidarit\u00e9 \u00e9tait de retour \u00e0 Madagascar pour une troisi\u00e8me mission humanitaire \u00ab audition \u00bb dans l&#8217;\u00e9cole AKA-MA situ\u00e9 \u00e0 Antananarivo. <b><br \/>\n<\/b><\/b><b><br \/>\n<\/b><\/p>\n<p>\u00ab Une troisi\u00e8me ann\u00e9e exceptionnelle dans cette \u00e9cole AKA-MA ! Ce fut un r\u00e9el plaisir de retrouver les enfants et les professeurs. Les enseignants d\u00e9j\u00e0 form\u00e9s les ann\u00e9es pr\u00e9c\u00e9dentes \u00e9taient presque autonomes \u00e0 notre arriv\u00e9e et nous avons pouss\u00e9 les formations encore plus loin durant la semaine. Les ateliers musicaux avec des percussions combin\u00e9s aux s\u00e9ances d\u2019orthophonie ont eu beaucoup de succ\u00e8s et se trouvent \u00eatre d\u2019une grande utilit\u00e9 pour la r\u00e9\u00e9ducation des enfants. Une \u00e9quipe formidable, une semaine de r\u00eave et une \u00e9cole autonome. Mission accomplie. \u00bb Christine Bourger, pr\u00e9sidente d&#8217;AuditionSolidarit\u00e9.<b><br \/>\n<\/b><b><br \/>\n<\/b><\/p>\n<p>R\u00e9sum\u00e9 de la mission :<b><br \/>\n<\/b><strong>61<\/strong> appareillages contr\u00f4l\u00e9s<b><br \/>\n<\/b><strong>107<\/strong> enfants r\u00e9-appareill\u00e9s <b><br \/>\n<\/b><strong>124<\/strong> appareils auditifs d\u00e9livr\u00e9s <b><br \/>\n<\/b><strong>129<\/strong> embouts sur mesure fabriqu\u00e9s <b><br \/>\n<\/b><strong>S\u00e9ance d\u2019orthophonie<\/strong> pour tous les \u00e9l\u00e8ves <b><br \/>\n<\/b><strong>Ateliers musicaux<\/strong> pour tous les \u00e9l\u00e8ves Formations approfondies pour 6 professeurs : \u00e0 l\u2019audiom\u00e9trie, \u00e0 la prise d\u2019empreinte, aux r\u00e9glages des appareils, \u00e0 la fabrication des embouts et \u00e0 l\u2019orthophonie<b><br \/>\n<\/b><b><br \/>\n<\/b><b> <\/b><b><b> <\/b><\/b><\/p>\n<table>\n<tbody>\n<tr>\n<td style=\"text-align: center;\" colspan=\"3\"><strong>Mission Humanitaire \u00e0 Madagascar &#8211; Novembre 2016<\/strong> <b><br \/>\n<iframe loading=\"lazy\" src=\"https:\/\/www.youtube.com\/embed\/C5XbVVuNiBw\" width=\"485\" height=\"306\" frameborder=\"0\" allowfullscreen=\"allowfullscreen\"><\/iframe><b><br \/>\n<\/b><br \/>\n<\/b><\/td>\n<\/tr>\n<tr>\n<td style=\"text-align: center;\"><strong>Fran\u00e7ois Merlet<\/strong><b>, Audioproth\u00e9siste<br \/>\n<iframe loading=\"lazy\" src=\"https:\/\/www.youtube.com\/embed\/pYuIQvnd1OQ\" width=\"270\" height=\"170\" frameborder=\"0\" allowfullscreen=\"allowfullscreen\"><\/iframe><\/b><b><br \/>\n<\/b><\/td>\n<td style=\"text-align: center;\"><strong>Sophie Le Goff, Audioproth\u00e9siste<b><br \/>\n<iframe loading=\"lazy\" src=\"https:\/\/www.youtube.com\/embed\/znExBNRtNHg\" width=\"270\" height=\"170\" frameborder=\"0\" allowfullscreen=\"allowfullscreen\"><\/iframe><\/b><b><br \/>\n<\/b><\/strong><\/td>\n<td style=\"text-align: center;\"><strong>Didier Afecto, Audioproth\u00e9siste<b><br \/>\n<iframe loading=\"lazy\" src=\"https:\/\/www.youtube.com\/embed\/cQy7pAAv-kw\" width=\"270\" height=\"170\" frameborder=\"0\" allowfullscreen=\"allowfullscreen\"><\/iframe><\/b><b><br \/>\n<\/b><\/strong><\/td>\n<\/tr>\n<tr>\n<td style=\"text-align: center;\"><strong>Olivier Decrouille,<\/strong> <b>Musicien <b><br \/>\n<iframe loading=\"lazy\" src=\"https:\/\/www.youtube.com\/embed\/kTelusm-pUk\" width=\"270\" height=\"170\" frameborder=\"0\" allowfullscreen=\"allowfullscreen\"><\/iframe><\/b><\/b><b><br \/>\n<\/b><\/td>\n<td style=\"text-align: center;\"><strong>Fr\u00e9d\u00e9ric Kazan, Secr\u00e9tariat<iframe loading=\"lazy\" src=\"https:\/\/www.youtube.com\/embed\/4DMg2pfya3o\" width=\"270\" height=\"170\" frameborder=\"0\" allowfullscreen=\"allowfullscreen\"><\/iframe><\/strong><\/td>\n<td style=\"text-align: center;\"><strong>R\u00e9my Garrel, Fabrication d&#8217;embouts<\/strong><b><br \/>\n<\/b><iframe loading=\"lazy\" src=\"https:\/\/www.youtube.com\/embed\/xdtaF-fP6V8\" width=\"270\" height=\"170\" frameborder=\"0\" allowfullscreen=\"allowfullscreen\"><\/iframe><\/td>\n<\/tr>\n<tr>\n<td style=\"text-align: center;\"><strong>Claire Barilly, Orthophoniste<b><br \/>\n<iframe loading=\"lazy\" src=\"https:\/\/www.youtube.com\/embed\/KKLyKiUwEm0\" width=\"270\" height=\"170\" frameborder=\"0\" allowfullscreen=\"allowfullscreen\"><\/iframe><br \/>\n<\/b><\/strong><\/td>\n<td style=\"text-align: center;\"><strong>Clotilde Faure, Orthophoniste<\/strong><b><br \/>\n<iframe loading=\"lazy\" src=\"https:\/\/www.youtube.com\/embed\/nUVctHe73JE\" width=\"270\" height=\"170\" frameborder=\"0\" allowfullscreen=\"allowfullscreen\"><\/iframe><br \/>\n<\/b><\/td>\n<td style=\"text-align: center;\"><strong>Philippe Chalouni, France 5<\/strong><b><br \/>\n<iframe loading=\"lazy\" src=\"https:\/\/www.youtube.com\/embed\/PpksGqxiduI\" width=\"270\" height=\"170\" frameborder=\"0\" allowfullscreen=\"allowfullscreen\"><\/iframe><br \/>\n<\/b><\/td>\n<\/tr>\n<tr>\n<td style=\"text-align: center;\"><strong><b><br \/>\n<\/b>Maxime Soulard, France 5<b><br \/>\n<iframe loading=\"lazy\" src=\"https:\/\/www.youtube.com\/embed\/kZamNGYLsMQ\" width=\"270\" height=\"170\" frameborder=\"0\" allowfullscreen=\"allowfullscreen\"><\/iframe><br \/>\n<\/b><\/strong><\/td>\n<td><\/td>\n<td><\/td>\n<\/tr>\n<\/tbody>\n<\/table>\n<p>&nbsp;<\/p>\n<p><img loading=\"lazy\" decoding=\"async\" class=\"aligncenter wp-image-5127 \" src=\"\/wp-content\/uploads\/2016\/04\/Mada-Nov-2016-284-1024x769.jpg\" width=\"552\" height=\"415\" srcset=\"https:\/\/www.auditionsolidarite.org\/wp-content\/uploads\/2016\/04\/Mada-Nov-2016-284-1024x769.jpg 1024w, https:\/\/www.auditionsolidarite.org\/wp-content\/uploads\/2016\/04\/Mada-Nov-2016-284-300x225.jpg 300w, https:\/\/www.auditionsolidarite.org\/wp-content\/uploads\/2016\/04\/Mada-Nov-2016-284-768x577.jpg 768w\" sizes=\"(max-width: 552px) 100vw, 552px\" \/><\/p>\n<p><b><br \/>\n<\/b>Merci aux audioproth\u00e9sistes Fran\u00e7ois Merlet, Didier Afecto, Sophie Le Goff et Christine Bourger<br \/>\nMerci aux orthophonistes, Clotilde Faure et Claire Barilly<br \/>\nMerci \u00e0 la fabricant d\u2019embouts, R\u00e9my Garrel<br \/>\nMerci \u00e0 Fr\u00e9d\u00e9ric Kazan pour le secr\u00e9tariat<b><br \/>\n<\/b>Merci \u00e0 Olivier Decrouille pour les ateliers musicaux<b><br \/>\n<\/b>Merci \u00e0 l&#8217;\u00e9quipe de France 5, Philippe Chalouni et Maxime Soulard<b><br \/>\n<\/b><b>Merci \u00e0 la Fondation AIR FRANCE, Air France M\u00e9c\u00e9nat Humanitaire et \u00e0 la Fondation Tom&amp;Dominique ALBERICI pour leur pr\u00e9cieux soutien !<\/b><\/p>\n<p>Merci aux professeurs pour leur g\u00e9n\u00e9rosit\u00e9 et leur implication !<br \/>\nMerci \u00e0 tous les enfants !<b><br \/>\n<\/b>","protected":false},"excerpt":{"rendered":"<p>Sorry, this entry is only available in French.Du 3 au 11 novembre 2016, l\u2019association AuditionSolidarit\u00e9 \u00e9tait de retour \u00e0 Madagascar pour une troisi\u00e8me mission humanitaire \u00ab audition \u00bb dans l&#8217;\u00e9cole AKA-MA situ\u00e9 \u00e0 Antananarivo. \u00ab Une troisi\u00e8me ann\u00e9e exceptionnelle dans cette \u00e9cole AKA-MA ! Ce fut un r\u00e9el plaisir de retrouver les enfants et les professeurs. Les enseignants d\u00e9j\u00e0 form\u00e9s<\/p>\n","protected":false},"author":2,"featured_media":0,"parent":0,"menu_order":0,"comment_status":"closed","ping_status":"closed","template":"","meta":{"footnotes":""},"acf":[],"yoast_head":"<!-- This site is optimized with the Yoast SEO plugin v21.9.1 - https:\/\/yoast.com\/wordpress\/plugins\/seo\/ -->\n<title>(Fran\u00e7ais) Mission humanitaire \u00e0 Madagascar - Tana Novembre 2016 - AuditionSolidarit\u00e9<\/title>\n<meta name=\"robots\" content=\"index, follow, max-snippet:-1, max-image-preview:large, max-video-preview:-1\" \/>\n<link rel=\"canonical\" href=\"https:\/\/www.auditionsolidarite.org\/en\/mission-humanitaire-a-madagascar-tana-novembre-2017\/\" \/>\n<meta property=\"og:locale\" content=\"en_US\" \/>\n<meta property=\"og:type\" content=\"article\" \/>\n<meta property=\"og:title\" content=\"(Fran\u00e7ais) Mission humanitaire \u00e0 Madagascar - Tana Novembre 2016 - AuditionSolidarit\u00e9\" \/>\n<meta property=\"og:description\" content=\"Sorry, this entry is only available in French.Du 3 au 11 novembre 2016, l\u2019association AuditionSolidarit\u00e9 \u00e9tait de retour \u00e0 Madagascar pour une troisi\u00e8me mission humanitaire \u00ab audition \u00bb dans l&#8217;\u00e9cole AKA-MA situ\u00e9 \u00e0 Antananarivo. \u00ab Une troisi\u00e8me ann\u00e9e exceptionnelle dans cette \u00e9cole AKA-MA ! Ce fut un r\u00e9el plaisir de retrouver les enfants et les professeurs. Les enseignants d\u00e9j\u00e0 form\u00e9s\" \/>\n<meta property=\"og:url\" content=\"https:\/\/www.auditionsolidarite.org\/en\/mission-humanitaire-a-madagascar-tana-novembre-2017\/\" \/>\n<meta property=\"og:site_name\" content=\"AuditionSolidarit\u00e9\" \/>\n<meta property=\"article:modified_time\" content=\"2018-03-27T13:36:00+00:00\" \/>\n<meta property=\"og:image\" content=\"https:\/\/www.auditionsolidarite.org\/wp-content\/uploads\/2015\/07\/logo-audition-solidarite-e1446132259721.png\" \/>\n\t<meta property=\"og:image:width\" content=\"600\" \/>\n\t<meta property=\"og:image:height\" content=\"593\" \/>\n\t<meta property=\"og:image:type\" content=\"image\/png\" \/>\n<meta name=\"twitter:card\" content=\"summary_large_image\" \/>\n<meta name=\"twitter:label1\" content=\"Est. reading time\" \/>\n\t<meta name=\"twitter:data1\" content=\"2 minutes\" \/>\n<script type=\"application\/ld+json\" class=\"yoast-schema-graph\">{\"@context\":\"https:\/\/schema.org\",\"@graph\":[{\"@type\":\"WebPage\",\"@id\":\"https:\/\/www.auditionsolidarite.org\/en\/mission-humanitaire-a-madagascar-tana-novembre-2017\/\",\"url\":\"https:\/\/www.auditionsolidarite.org\/en\/mission-humanitaire-a-madagascar-tana-novembre-2017\/\",\"name\":\"(Fran\u00e7ais) Mission humanitaire \u00e0 Madagascar - Tana Novembre 2016 - AuditionSolidarit\u00e9\",\"isPartOf\":{\"@id\":\"https:\/\/www.auditionsolidarite.org\/en\/#website\"},\"datePublished\":\"2017-05-23T14:34:49+00:00\",\"dateModified\":\"2018-03-27T13:36:00+00:00\",\"breadcrumb\":{\"@id\":\"https:\/\/www.auditionsolidarite.org\/en\/mission-humanitaire-a-madagascar-tana-novembre-2017\/#breadcrumb\"},\"inLanguage\":\"en-US\",\"potentialAction\":[{\"@type\":\"ReadAction\",\"target\":[[\"https:\/\/www.auditionsolidarite.org\/en\/mission-humanitaire-a-madagascar-tana-novembre-2017\/\"]]}]},{\"@type\":\"BreadcrumbList\",\"@id\":\"https:\/\/www.auditionsolidarite.org\/en\/mission-humanitaire-a-madagascar-tana-novembre-2017\/#breadcrumb\",\"itemListElement\":[{\"@type\":\"ListItem\",\"position\":1,\"name\":\"Accueil\",\"item\":\"https:\/\/www.auditionsolidarite.org\/en\/\"},{\"@type\":\"ListItem\",\"position\":2,\"name\":\"Mission humanitaire \u00e0 Madagascar &#8211; Tana Novembre 2016\"}]},{\"@type\":\"WebSite\",\"@id\":\"https:\/\/www.auditionsolidarite.org\/en\/#website\",\"url\":\"https:\/\/www.auditionsolidarite.org\/en\/\",\"name\":\"AuditionSolidarit\u00e9\",\"description\":\"Le hasard n&#039;existe pas ! Si vous \u00eates l\u00e0 aujourd&#039;hui, c&#039;est que le monde de l&#039;audition vous touche... Alors merci d&#039;\u00eatre l\u00e0 !\",\"publisher\":{\"@id\":\"https:\/\/www.auditionsolidarite.org\/en\/#organization\"},\"potentialAction\":[{\"@type\":\"SearchAction\",\"target\":{\"@type\":\"EntryPoint\",\"urlTemplate\":\"https:\/\/www.auditionsolidarite.org\/en\/?s={search_term_string}\"},\"query-input\":\"required name=search_term_string\"}],\"inLanguage\":\"en-US\"},{\"@type\":\"Organization\",\"@id\":\"https:\/\/www.auditionsolidarite.org\/en\/#organization\",\"name\":\"AuditionSolidarit\u00e9\",\"url\":\"https:\/\/www.auditionsolidarite.org\/en\/\",\"logo\":{\"@type\":\"ImageObject\",\"inLanguage\":\"en-US\",\"@id\":\"https:\/\/www.auditionsolidarite.org\/en\/#\/schema\/logo\/image\/\",\"url\":\"https:\/\/www.auditionsolidarite.org\/wp-content\/uploads\/2015\/07\/logo-audition-solidarite-e1446132259721.png\",\"contentUrl\":\"https:\/\/www.auditionsolidarite.org\/wp-content\/uploads\/2015\/07\/logo-audition-solidarite-e1446132259721.png\",\"width\":600,\"height\":593,\"caption\":\"AuditionSolidarit\u00e9\"},\"image\":{\"@id\":\"https:\/\/www.auditionsolidarite.org\/en\/#\/schema\/logo\/image\/\"}}]}<\/script>\n<!-- \/ Yoast SEO plugin. -->","yoast_head_json":{"title":"(Fran\u00e7ais) Mission humanitaire \u00e0 Madagascar - Tana Novembre 2016 - AuditionSolidarit\u00e9","robots":{"index":"index","follow":"follow","max-snippet":"max-snippet:-1","max-image-preview":"max-image-preview:large","max-video-preview":"max-video-preview:-1"},"canonical":"https:\/\/www.auditionsolidarite.org\/en\/mission-humanitaire-a-madagascar-tana-novembre-2017\/","og_locale":"en_US","og_type":"article","og_title":"(Fran\u00e7ais) Mission humanitaire \u00e0 Madagascar - Tana Novembre 2016 - AuditionSolidarit\u00e9","og_description":"Sorry, this entry is only available in French.Du 3 au 11 novembre 2016, l\u2019association AuditionSolidarit\u00e9 \u00e9tait de retour \u00e0 Madagascar pour une troisi\u00e8me mission humanitaire \u00ab audition \u00bb dans l&#8217;\u00e9cole AKA-MA situ\u00e9 \u00e0 Antananarivo. \u00ab Une troisi\u00e8me ann\u00e9e exceptionnelle dans cette \u00e9cole AKA-MA ! Ce fut un r\u00e9el plaisir de retrouver les enfants et les professeurs. Les enseignants d\u00e9j\u00e0 form\u00e9s","og_url":"https:\/\/www.auditionsolidarite.org\/en\/mission-humanitaire-a-madagascar-tana-novembre-2017\/","og_site_name":"AuditionSolidarit\u00e9","article_modified_time":"2018-03-27T13:36:00+00:00","og_image":[{"width":600,"height":593,"url":"https:\/\/www.auditionsolidarite.org\/wp-content\/uploads\/2015\/07\/logo-audition-solidarite-e1446132259721.png","type":"image\/png"}],"twitter_card":"summary_large_image","twitter_misc":{"Est. reading time":"2 minutes"},"schema":{"@context":"https:\/\/schema.org","@graph":[{"@type":"WebPage","@id":"https:\/\/www.auditionsolidarite.org\/en\/mission-humanitaire-a-madagascar-tana-novembre-2017\/","url":"https:\/\/www.auditionsolidarite.org\/en\/mission-humanitaire-a-madagascar-tana-novembre-2017\/","name":"(Fran\u00e7ais) Mission humanitaire \u00e0 Madagascar - Tana Novembre 2016 - AuditionSolidarit\u00e9","isPartOf":{"@id":"https:\/\/www.auditionsolidarite.org\/en\/#website"},"datePublished":"2017-05-23T14:34:49+00:00","dateModified":"2018-03-27T13:36:00+00:00","breadcrumb":{"@id":"https:\/\/www.auditionsolidarite.org\/en\/mission-humanitaire-a-madagascar-tana-novembre-2017\/#breadcrumb"},"inLanguage":"en-US","potentialAction":[{"@type":"ReadAction","target":[["https:\/\/www.auditionsolidarite.org\/en\/mission-humanitaire-a-madagascar-tana-novembre-2017\/"]]}]},{"@type":"BreadcrumbList","@id":"https:\/\/www.auditionsolidarite.org\/en\/mission-humanitaire-a-madagascar-tana-novembre-2017\/#breadcrumb","itemListElement":[{"@type":"ListItem","position":1,"name":"Accueil","item":"https:\/\/www.auditionsolidarite.org\/en\/"},{"@type":"ListItem","position":2,"name":"Mission humanitaire \u00e0 Madagascar &#8211; Tana Novembre 2016"}]},{"@type":"WebSite","@id":"https:\/\/www.auditionsolidarite.org\/en\/#website","url":"https:\/\/www.auditionsolidarite.org\/en\/","name":"AuditionSolidarit\u00e9","description":"Le hasard n&#039;existe pas ! Si vous \u00eates l\u00e0 aujourd&#039;hui, c&#039;est que le monde de l&#039;audition vous touche... Alors merci d&#039;\u00eatre l\u00e0 !","publisher":{"@id":"https:\/\/www.auditionsolidarite.org\/en\/#organization"},"potentialAction":[{"@type":"SearchAction","target":{"@type":"EntryPoint","urlTemplate":"https:\/\/www.auditionsolidarite.org\/en\/?s={search_term_string}"},"query-input":"required name=search_term_string"}],"inLanguage":"en-US"},{"@type":"Organization","@id":"https:\/\/www.auditionsolidarite.org\/en\/#organization","name":"AuditionSolidarit\u00e9","url":"https:\/\/www.auditionsolidarite.org\/en\/","logo":{"@type":"ImageObject","inLanguage":"en-US","@id":"https:\/\/www.auditionsolidarite.org\/en\/#\/schema\/logo\/image\/","url":"https:\/\/www.auditionsolidarite.org\/wp-content\/uploads\/2015\/07\/logo-audition-solidarite-e1446132259721.png","contentUrl":"https:\/\/www.auditionsolidarite.org\/wp-content\/uploads\/2015\/07\/logo-audition-solidarite-e1446132259721.png","width":600,"height":593,"caption":"AuditionSolidarit\u00e9"},"image":{"@id":"https:\/\/www.auditionsolidarite.org\/en\/#\/schema\/logo\/image\/"}}]}},"_links":{"self":[{"href":"https:\/\/www.auditionsolidarite.org\/en\/wp-json\/wp\/v2\/pages\/5479"}],"collection":[{"href":"https:\/\/www.auditionsolidarite.org\/en\/wp-json\/wp\/v2\/pages"}],"about":[{"href":"https:\/\/www.auditionsolidarite.org\/en\/wp-json\/wp\/v2\/types\/page"}],"author":[{"embeddable":true,"href":"https:\/\/www.auditionsolidarite.org\/en\/wp-json\/wp\/v2\/users\/2"}],"replies":[{"embeddable":true,"href":"https:\/\/www.auditionsolidarite.org\/en\/wp-json\/wp\/v2\/comments?post=5479"}],"version-history":[{"count":2,"href":"https:\/\/www.auditionsolidarite.org\/en\/wp-json\/wp\/v2\/pages\/5479\/revisions"}],"predecessor-version":[{"id":5484,"href":"https:\/\/www.auditionsolidarite.org\/en\/wp-json\/wp\/v2\/pages\/5479\/revisions\/5484"}],"wp:attachment":[{"href":"https:\/\/www.auditionsolidarite.org\/en\/wp-json\/wp\/v2\/media?parent=5479"}],"curies":[{"name":"wp","href":"https:\/\/api.w.org\/{rel}","templated":true}]}}