{"id":5382,"date":"2017-04-28T09:50:51","date_gmt":"2017-04-28T08:50:51","guid":{"rendered":"http:\/\/www.auditionsolidarite.org\/donnez-votre-ancien-appareil-auditif-copy\/"},"modified":"2020-12-07T14:34:57","modified_gmt":"2020-12-07T13:34:57","slug":"trouvez-votre-audioprothesiste-solidaire","status":"publish","type":"page","link":"https:\/\/www.auditionsolidarite.org\/en\/trouvez-votre-audioprothesiste-solidaire\/","title":{"rendered":"Trouvez votre audioproth\u00e9siste solidaire"},"content":{"rendered":"Audition Solidarit\u00e9 r\u00e9cup\u00e8re et recycle pour ses missions humanitaires tous les contours auditifs.\u00a0Vous souhaitez donner un appareil auditif,<\/p>\n<h6><strong>Soit envoyez le \u00e0<\/strong><\/h6>\n<p style=\"text-align: left;\">AuditionSolidarit\u00e9<\/p>\n<p>1,Impasse des M\u00e9sanges<\/p>\n<p>40180 Yzosse<\/p>\n<p><em>Merci de nous indiquer votre adresse mail<\/em><\/p>\n<h6>Ou d\u00e9posez votre ancien appareil\u00a0auditif chez un de nos audioproth\u00e9sistes m\u00e9c\u00e8nes<\/h6>\n<p style=\"padding-left: 120px; text-align: center;\">[franceregion]\n<p style=\"padding-left: 120px; text-align: center;\">Sur la carte, cliquez sur votre r\u00e9gion pour connaitre leurs\u00a0adresses.<\/p>\n<p><a href=\"\/wp-content\/uploads\/2015\/07\/recyclage-3-images.jpg\"><img loading=\"lazy\" decoding=\"async\" class=\"alignright size-large wp-image-1020\" src=\"\/wp-content\/uploads\/2015\/07\/recyclage-3-images-1024x463.jpg\" alt=\"recyclage 3 images\" width=\"860\" height=\"389\" srcset=\"https:\/\/www.auditionsolidarite.org\/wp-content\/uploads\/2015\/07\/recyclage-3-images-1024x463.jpg 1024w, https:\/\/www.auditionsolidarite.org\/wp-content\/uploads\/2015\/07\/recyclage-3-images-300x136.jpg 300w, https:\/\/www.auditionsolidarite.org\/wp-content\/uploads\/2015\/07\/recyclage-3-images.jpg 1753w\" sizes=\"(max-width: 860px) 100vw, 860px\" \/><\/a><\/p>\n<hr \/>","protected":false},"excerpt":{"rendered":"<p>Audition Solidarit\u00e9 r\u00e9cup\u00e8re et recycle pour ses missions humanitaires tous les contours auditifs.\u00a0Vous souhaitez donner un appareil auditif, Soit envoyez le \u00e0 AuditionSolidarit\u00e9 1,Impasse des M\u00e9sanges 40180 Yzosse Merci de nous indiquer votre adresse mail Ou d\u00e9posez votre ancien appareil\u00a0auditif chez un de nos audioproth\u00e9sistes m\u00e9c\u00e8nes [franceregion] Sur la carte, cliquez sur votre r\u00e9gion pour connaitre leurs\u00a0adresses.<\/p>\n","protected":false},"author":10,"featured_media":0,"parent":0,"menu_order":0,"comment_status":"open","ping_status":"closed","template":"","meta":{"footnotes":""},"acf":[],"yoast_head":"<!-- This site is optimized with the Yoast SEO plugin v21.9.1 - https:\/\/yoast.com\/wordpress\/plugins\/seo\/ -->\n<title>Trouvez votre audioproth\u00e9siste solidaire - AuditionSolidarit\u00e9<\/title>\n<meta name=\"robots\" content=\"index, follow, max-snippet:-1, max-image-preview:large, max-video-preview:-1\" \/>\n<link rel=\"canonical\" href=\"https:\/\/www.auditionsolidarite.org\/en\/trouvez-votre-audioprothesiste-solidaire\/\" \/>\n<meta property=\"og:locale\" content=\"en_US\" \/>\n<meta property=\"og:type\" content=\"article\" \/>\n<meta property=\"og:title\" content=\"Trouvez votre audioproth\u00e9siste solidaire - AuditionSolidarit\u00e9\" \/>\n<meta property=\"og:description\" content=\"Audition Solidarit\u00e9 r\u00e9cup\u00e8re et recycle pour ses missions humanitaires tous les contours auditifs.\u00a0Vous souhaitez donner un appareil auditif, Soit envoyez le \u00e0 AuditionSolidarit\u00e9 1,Impasse des M\u00e9sanges 40180 Yzosse Merci de nous indiquer votre adresse mail Ou d\u00e9posez votre ancien appareil\u00a0auditif chez un de nos audioproth\u00e9sistes m\u00e9c\u00e8nes [franceregion] Sur la carte, cliquez sur votre r\u00e9gion pour connaitre leurs\u00a0adresses.\" \/>\n<meta property=\"og:url\" content=\"https:\/\/www.auditionsolidarite.org\/en\/trouvez-votre-audioprothesiste-solidaire\/\" \/>\n<meta property=\"og:site_name\" content=\"AuditionSolidarit\u00e9\" \/>\n<meta property=\"article:modified_time\" content=\"2020-12-07T13:34:57+00:00\" \/>\n<meta property=\"og:image\" content=\"https:\/\/www.auditionsolidarite.org\/wp-content\/uploads\/2015\/07\/logo-audition-solidarite-e1446132259721.png\" \/>\n\t<meta property=\"og:image:width\" content=\"600\" \/>\n\t<meta property=\"og:image:height\" content=\"593\" \/>\n\t<meta property=\"og:image:type\" content=\"image\/png\" \/>\n<meta name=\"twitter:card\" content=\"summary_large_image\" \/>\n<meta name=\"twitter:label1\" content=\"Est. reading time\" \/>\n\t<meta name=\"twitter:data1\" content=\"1 minute\" \/>\n<script type=\"application\/ld+json\" class=\"yoast-schema-graph\">{\"@context\":\"https:\/\/schema.org\",\"@graph\":[{\"@type\":\"WebPage\",\"@id\":\"https:\/\/www.auditionsolidarite.org\/en\/trouvez-votre-audioprothesiste-solidaire\/\",\"url\":\"https:\/\/www.auditionsolidarite.org\/en\/trouvez-votre-audioprothesiste-solidaire\/\",\"name\":\"Trouvez votre audioproth\u00e9siste solidaire - AuditionSolidarit\u00e9\",\"isPartOf\":{\"@id\":\"https:\/\/www.auditionsolidarite.org\/en\/#website\"},\"datePublished\":\"2017-04-28T08:50:51+00:00\",\"dateModified\":\"2020-12-07T13:34:57+00:00\",\"breadcrumb\":{\"@id\":\"https:\/\/www.auditionsolidarite.org\/en\/trouvez-votre-audioprothesiste-solidaire\/#breadcrumb\"},\"inLanguage\":\"en-US\",\"potentialAction\":[{\"@type\":\"ReadAction\",\"target\":[[\"https:\/\/www.auditionsolidarite.org\/en\/trouvez-votre-audioprothesiste-solidaire\/\"]]}]},{\"@type\":\"BreadcrumbList\",\"@id\":\"https:\/\/www.auditionsolidarite.org\/en\/trouvez-votre-audioprothesiste-solidaire\/#breadcrumb\",\"itemListElement\":[{\"@type\":\"ListItem\",\"position\":1,\"name\":\"Accueil\",\"item\":\"https:\/\/www.auditionsolidarite.org\/en\/\"},{\"@type\":\"ListItem\",\"position\":2,\"name\":\"Trouvez votre audioproth\u00e9siste solidaire\"}]},{\"@type\":\"WebSite\",\"@id\":\"https:\/\/www.auditionsolidarite.org\/en\/#website\",\"url\":\"https:\/\/www.auditionsolidarite.org\/en\/\",\"name\":\"AuditionSolidarit\u00e9\",\"description\":\"Le hasard n&#039;existe pas ! Si vous \u00eates l\u00e0 aujourd&#039;hui, c&#039;est que le monde de l&#039;audition vous touche... Alors merci d&#039;\u00eatre l\u00e0 !\",\"publisher\":{\"@id\":\"https:\/\/www.auditionsolidarite.org\/en\/#organization\"},\"potentialAction\":[{\"@type\":\"SearchAction\",\"target\":{\"@type\":\"EntryPoint\",\"urlTemplate\":\"https:\/\/www.auditionsolidarite.org\/en\/?s={search_term_string}\"},\"query-input\":\"required name=search_term_string\"}],\"inLanguage\":\"en-US\"},{\"@type\":\"Organization\",\"@id\":\"https:\/\/www.auditionsolidarite.org\/en\/#organization\",\"name\":\"AuditionSolidarit\u00e9\",\"url\":\"https:\/\/www.auditionsolidarite.org\/en\/\",\"logo\":{\"@type\":\"ImageObject\",\"inLanguage\":\"en-US\",\"@id\":\"https:\/\/www.auditionsolidarite.org\/en\/#\/schema\/logo\/image\/\",\"url\":\"https:\/\/www.auditionsolidarite.org\/wp-content\/uploads\/2015\/07\/logo-audition-solidarite-e1446132259721.png\",\"contentUrl\":\"https:\/\/www.auditionsolidarite.org\/wp-content\/uploads\/2015\/07\/logo-audition-solidarite-e1446132259721.png\",\"width\":600,\"height\":593,\"caption\":\"AuditionSolidarit\u00e9\"},\"image\":{\"@id\":\"https:\/\/www.auditionsolidarite.org\/en\/#\/schema\/logo\/image\/\"}}]}<\/script>\n<!-- \/ Yoast SEO plugin. -->","yoast_head_json":{"title":"Trouvez votre audioproth\u00e9siste solidaire - AuditionSolidarit\u00e9","robots":{"index":"index","follow":"follow","max-snippet":"max-snippet:-1","max-image-preview":"max-image-preview:large","max-video-preview":"max-video-preview:-1"},"canonical":"https:\/\/www.auditionsolidarite.org\/en\/trouvez-votre-audioprothesiste-solidaire\/","og_locale":"en_US","og_type":"article","og_title":"Trouvez votre audioproth\u00e9siste solidaire - AuditionSolidarit\u00e9","og_description":"Audition Solidarit\u00e9 r\u00e9cup\u00e8re et recycle pour ses missions humanitaires tous les contours auditifs.\u00a0Vous souhaitez donner un appareil auditif, Soit envoyez le \u00e0 AuditionSolidarit\u00e9 1,Impasse des M\u00e9sanges 40180 Yzosse Merci de nous indiquer votre adresse mail Ou d\u00e9posez votre ancien appareil\u00a0auditif chez un de nos audioproth\u00e9sistes m\u00e9c\u00e8nes [franceregion] Sur la carte, cliquez sur votre r\u00e9gion pour connaitre leurs\u00a0adresses.","og_url":"https:\/\/www.auditionsolidarite.org\/en\/trouvez-votre-audioprothesiste-solidaire\/","og_site_name":"AuditionSolidarit\u00e9","article_modified_time":"2020-12-07T13:34:57+00:00","og_image":[{"width":600,"height":593,"url":"https:\/\/www.auditionsolidarite.org\/wp-content\/uploads\/2015\/07\/logo-audition-solidarite-e1446132259721.png","type":"image\/png"}],"twitter_card":"summary_large_image","twitter_misc":{"Est. reading time":"1 minute"},"schema":{"@context":"https:\/\/schema.org","@graph":[{"@type":"WebPage","@id":"https:\/\/www.auditionsolidarite.org\/en\/trouvez-votre-audioprothesiste-solidaire\/","url":"https:\/\/www.auditionsolidarite.org\/en\/trouvez-votre-audioprothesiste-solidaire\/","name":"Trouvez votre audioproth\u00e9siste solidaire - AuditionSolidarit\u00e9","isPartOf":{"@id":"https:\/\/www.auditionsolidarite.org\/en\/#website"},"datePublished":"2017-04-28T08:50:51+00:00","dateModified":"2020-12-07T13:34:57+00:00","breadcrumb":{"@id":"https:\/\/www.auditionsolidarite.org\/en\/trouvez-votre-audioprothesiste-solidaire\/#breadcrumb"},"inLanguage":"en-US","potentialAction":[{"@type":"ReadAction","target":[["https:\/\/www.auditionsolidarite.org\/en\/trouvez-votre-audioprothesiste-solidaire\/"]]}]},{"@type":"BreadcrumbList","@id":"https:\/\/www.auditionsolidarite.org\/en\/trouvez-votre-audioprothesiste-solidaire\/#breadcrumb","itemListElement":[{"@type":"ListItem","position":1,"name":"Accueil","item":"https:\/\/www.auditionsolidarite.org\/en\/"},{"@type":"ListItem","position":2,"name":"Trouvez votre audioproth\u00e9siste solidaire"}]},{"@type":"WebSite","@id":"https:\/\/www.auditionsolidarite.org\/en\/#website","url":"https:\/\/www.auditionsolidarite.org\/en\/","name":"AuditionSolidarit\u00e9","description":"Le hasard n&#039;existe pas ! Si vous \u00eates l\u00e0 aujourd&#039;hui, c&#039;est que le monde de l&#039;audition vous touche... Alors merci d&#039;\u00eatre l\u00e0 !","publisher":{"@id":"https:\/\/www.auditionsolidarite.org\/en\/#organization"},"potentialAction":[{"@type":"SearchAction","target":{"@type":"EntryPoint","urlTemplate":"https:\/\/www.auditionsolidarite.org\/en\/?s={search_term_string}"},"query-input":"required name=search_term_string"}],"inLanguage":"en-US"},{"@type":"Organization","@id":"https:\/\/www.auditionsolidarite.org\/en\/#organization","name":"AuditionSolidarit\u00e9","url":"https:\/\/www.auditionsolidarite.org\/en\/","logo":{"@type":"ImageObject","inLanguage":"en-US","@id":"https:\/\/www.auditionsolidarite.org\/en\/#\/schema\/logo\/image\/","url":"https:\/\/www.auditionsolidarite.org\/wp-content\/uploads\/2015\/07\/logo-audition-solidarite-e1446132259721.png","contentUrl":"https:\/\/www.auditionsolidarite.org\/wp-content\/uploads\/2015\/07\/logo-audition-solidarite-e1446132259721.png","width":600,"height":593,"caption":"AuditionSolidarit\u00e9"},"image":{"@id":"https:\/\/www.auditionsolidarite.org\/en\/#\/schema\/logo\/image\/"}}]}},"_links":{"self":[{"href":"https:\/\/www.auditionsolidarite.org\/en\/wp-json\/wp\/v2\/pages\/5382"}],"collection":[{"href":"https:\/\/www.auditionsolidarite.org\/en\/wp-json\/wp\/v2\/pages"}],"about":[{"href":"https:\/\/www.auditionsolidarite.org\/en\/wp-json\/wp\/v2\/types\/page"}],"author":[{"embeddable":true,"href":"https:\/\/www.auditionsolidarite.org\/en\/wp-json\/wp\/v2\/users\/10"}],"replies":[{"embeddable":true,"href":"https:\/\/www.auditionsolidarite.org\/en\/wp-json\/wp\/v2\/comments?post=5382"}],"version-history":[{"count":3,"href":"https:\/\/www.auditionsolidarite.org\/en\/wp-json\/wp\/v2\/pages\/5382\/revisions"}],"predecessor-version":[{"id":7657,"href":"https:\/\/www.auditionsolidarite.org\/en\/wp-json\/wp\/v2\/pages\/5382\/revisions\/7657"}],"wp:attachment":[{"href":"https:\/\/www.auditionsolidarite.org\/en\/wp-json\/wp\/v2\/media?parent=5382"}],"curies":[{"name":"wp","href":"https:\/\/api.w.org\/{rel}","templated":true}]}}