{"id":50,"date":"2015-07-07T14:11:19","date_gmt":"2015-07-07T13:11:19","guid":{"rendered":"http:\/\/localhost\/auditionsolidarite.org\/?page_id=50"},"modified":"2025-12-17T16:15:13","modified_gmt":"2025-12-17T15:15:13","slug":"notre-atelier-de-recyclage","status":"publish","type":"page","link":"https:\/\/www.auditionsolidarite.org\/en\/notre-atelier-de-recyclage\/","title":{"rendered":"Notre atelier de recyclage"},"content":{"rendered":"<h6 style=\"text-align: justify;\"><\/h6>\n<h6 style=\"text-align: justify;\">Unique\u00a0en France !<\/h6>\n<p style=\"text-align: justify;\">En 2012, AuditionSolidarit\u00e9 remporte le 1er Prix des Femmes pour le<br \/>\nd\u00e9veloppement durable.<br \/>\nCe Prix nous permet alors d\u2019acqu\u00e9rir et de mettre en place notre\u00a0atelier de recyclage.<\/p>\n<p style=\"text-align: justify;\">En 2013, AuditionSolidarit\u00e9 remporte le Prix Europe1 Solidarit\u00e9.<br \/>\nEurope1 nous offre une campagne radio nationale sur la r\u00e9cup\u00e9ration des appareils auditifs usag\u00e9s.<\/p>\n<p style=\"text-align: justify;\">En 2014, la Fondation Agir pour l\u2019Audition soutient AuditionSolidarit\u00e9<br \/>\ndans le financement de ses \u00e9lectroniciens qui recyclent dans l\u2019atelier et dans une parfaite \u00e9cologie\u00a0tous\u00a0les\u00a0appareils auditifs r\u00e9cup\u00e9r\u00e9s.<\/p>\n<p>Aujourd\u2019hui, avec le soutien de plus de 170 audioproth\u00e9sistes solidaires qui collectent\u00a0dans leurs centres les anciens appareils auditifs, AuditionSolidarit\u00e9 recycle en moyenne 2000 appareils par an !<\/p>\n<p>Trouver un audioproth\u00e9siste solidaire, cliquez sur votre d\u00e9partement : mettre lien carte de France<a href=\"\/wp-content\/uploads\/2015\/07\/image-3-logos.jpg\"><img loading=\"lazy\" decoding=\"async\" class=\" size-full wp-image-967 aligncenter\" src=\"\/wp-content\/uploads\/2015\/07\/image-3-logos.jpg\" alt=\"image 3 logos\" width=\"1417\" height=\"226\" srcset=\"https:\/\/www.auditionsolidarite.org\/wp-content\/uploads\/2015\/07\/image-3-logos.jpg 1417w, https:\/\/www.auditionsolidarite.org\/wp-content\/uploads\/2015\/07\/image-3-logos-300x48.jpg 300w, https:\/\/www.auditionsolidarite.org\/wp-content\/uploads\/2015\/07\/image-3-logos-1024x163.jpg 1024w\" sizes=\"(max-width: 1417px) 100vw, 1417px\" \/><\/a><\/p>\n<p><a href=\"\/wp-content\/uploads\/2015\/07\/atelier-00.jpg\"><img loading=\"lazy\" decoding=\"async\" class=\"alignright size-large wp-image-1008\" src=\"\/wp-content\/uploads\/2015\/07\/atelier-00-1024x617.jpg\" alt=\"atelier 00\" width=\"860\" height=\"518\" \/><\/a><\/p>\n<p><a href=\"\/wp-content\/uploads\/2015\/07\/atelier-3-images.jpg\"><img loading=\"lazy\" decoding=\"async\" class=\"alignright wp-image-1018 size-large\" src=\"\/wp-content\/uploads\/2015\/07\/atelier-3-images-1024x464.jpg\" alt=\"atelier 3 images\" width=\"860\" height=\"390\" srcset=\"https:\/\/www.auditionsolidarite.org\/wp-content\/uploads\/2015\/07\/atelier-3-images-1024x464.jpg 1024w, https:\/\/www.auditionsolidarite.org\/wp-content\/uploads\/2015\/07\/atelier-3-images-300x136.jpg 300w, https:\/\/www.auditionsolidarite.org\/wp-content\/uploads\/2015\/07\/atelier-3-images.jpg 1753w\" sizes=\"(max-width: 860px) 100vw, 860px\" \/><\/a>","protected":false},"excerpt":{"rendered":"<p>Unique\u00a0en France ! En 2012, AuditionSolidarit\u00e9 remporte le 1er Prix des Femmes pour le d\u00e9veloppement durable. Ce Prix nous permet alors d\u2019acqu\u00e9rir et de mettre en place notre\u00a0atelier de recyclage. En 2013, AuditionSolidarit\u00e9 remporte le Prix Europe1 Solidarit\u00e9. Europe1 nous offre une campagne radio nationale sur la r\u00e9cup\u00e9ration des appareils auditifs usag\u00e9s. En 2014, la Fondation Agir pour l\u2019Audition soutient<\/p>\n","protected":false},"author":10,"featured_media":0,"parent":0,"menu_order":0,"comment_status":"closed","ping_status":"closed","template":"","meta":{"footnotes":""},"acf":[],"yoast_head":"<!-- This site is optimized with the Yoast SEO plugin v21.9.1 - https:\/\/yoast.com\/wordpress\/plugins\/seo\/ -->\n<title>Notre atelier de recyclage - AuditionSolidarit\u00e9<\/title>\n<meta name=\"robots\" content=\"index, follow, max-snippet:-1, max-image-preview:large, max-video-preview:-1\" \/>\n<link rel=\"canonical\" href=\"https:\/\/www.auditionsolidarite.org\/en\/notre-atelier-de-recyclage\/\" \/>\n<meta property=\"og:locale\" content=\"en_US\" \/>\n<meta property=\"og:type\" content=\"article\" \/>\n<meta property=\"og:title\" content=\"Notre atelier de recyclage - AuditionSolidarit\u00e9\" \/>\n<meta property=\"og:description\" content=\"Unique\u00a0en France ! En 2012, AuditionSolidarit\u00e9 remporte le 1er Prix des Femmes pour le d\u00e9veloppement durable. Ce Prix nous permet alors d\u2019acqu\u00e9rir et de mettre en place notre\u00a0atelier de recyclage. En 2013, AuditionSolidarit\u00e9 remporte le Prix Europe1 Solidarit\u00e9. Europe1 nous offre une campagne radio nationale sur la r\u00e9cup\u00e9ration des appareils auditifs usag\u00e9s. En 2014, la Fondation Agir pour l\u2019Audition soutient\" \/>\n<meta property=\"og:url\" content=\"https:\/\/www.auditionsolidarite.org\/en\/notre-atelier-de-recyclage\/\" \/>\n<meta property=\"og:site_name\" content=\"AuditionSolidarit\u00e9\" \/>\n<meta property=\"article:modified_time\" content=\"2025-12-17T15:15:13+00:00\" \/>\n<meta property=\"og:image\" content=\"https:\/\/www.auditionsolidarite.org\/wp-content\/uploads\/2015\/07\/logo-audition-solidarite-e1446132259721.png\" \/>\n\t<meta property=\"og:image:width\" content=\"600\" \/>\n\t<meta property=\"og:image:height\" content=\"593\" \/>\n\t<meta property=\"og:image:type\" content=\"image\/png\" \/>\n<meta name=\"twitter:card\" content=\"summary_large_image\" \/>\n<meta name=\"twitter:label1\" content=\"Est. reading time\" \/>\n\t<meta name=\"twitter:data1\" content=\"3 minutes\" \/>\n<script type=\"application\/ld+json\" class=\"yoast-schema-graph\">{\"@context\":\"https:\/\/schema.org\",\"@graph\":[{\"@type\":\"WebPage\",\"@id\":\"https:\/\/www.auditionsolidarite.org\/en\/notre-atelier-de-recyclage\/\",\"url\":\"https:\/\/www.auditionsolidarite.org\/en\/notre-atelier-de-recyclage\/\",\"name\":\"Notre atelier de recyclage - AuditionSolidarit\u00e9\",\"isPartOf\":{\"@id\":\"https:\/\/www.auditionsolidarite.org\/en\/#website\"},\"datePublished\":\"2015-07-07T13:11:19+00:00\",\"dateModified\":\"2025-12-17T15:15:13+00:00\",\"breadcrumb\":{\"@id\":\"https:\/\/www.auditionsolidarite.org\/en\/notre-atelier-de-recyclage\/#breadcrumb\"},\"inLanguage\":\"en-US\",\"potentialAction\":[{\"@type\":\"ReadAction\",\"target\":[[\"https:\/\/www.auditionsolidarite.org\/en\/notre-atelier-de-recyclage\/\"]]}]},{\"@type\":\"BreadcrumbList\",\"@id\":\"https:\/\/www.auditionsolidarite.org\/en\/notre-atelier-de-recyclage\/#breadcrumb\",\"itemListElement\":[{\"@type\":\"ListItem\",\"position\":1,\"name\":\"Accueil\",\"item\":\"https:\/\/www.auditionsolidarite.org\/en\/\"},{\"@type\":\"ListItem\",\"position\":2,\"name\":\"Notre atelier de recyclage\"}]},{\"@type\":\"WebSite\",\"@id\":\"https:\/\/www.auditionsolidarite.org\/en\/#website\",\"url\":\"https:\/\/www.auditionsolidarite.org\/en\/\",\"name\":\"AuditionSolidarit\u00e9\",\"description\":\"Le hasard n&#039;existe pas ! Si vous \u00eates l\u00e0 aujourd&#039;hui, c&#039;est que le monde de l&#039;audition vous touche... Alors merci d&#039;\u00eatre l\u00e0 !\",\"publisher\":{\"@id\":\"https:\/\/www.auditionsolidarite.org\/en\/#organization\"},\"potentialAction\":[{\"@type\":\"SearchAction\",\"target\":{\"@type\":\"EntryPoint\",\"urlTemplate\":\"https:\/\/www.auditionsolidarite.org\/en\/?s={search_term_string}\"},\"query-input\":\"required name=search_term_string\"}],\"inLanguage\":\"en-US\"},{\"@type\":\"Organization\",\"@id\":\"https:\/\/www.auditionsolidarite.org\/en\/#organization\",\"name\":\"AuditionSolidarit\u00e9\",\"url\":\"https:\/\/www.auditionsolidarite.org\/en\/\",\"logo\":{\"@type\":\"ImageObject\",\"inLanguage\":\"en-US\",\"@id\":\"https:\/\/www.auditionsolidarite.org\/en\/#\/schema\/logo\/image\/\",\"url\":\"https:\/\/www.auditionsolidarite.org\/wp-content\/uploads\/2015\/07\/logo-audition-solidarite-e1446132259721.png\",\"contentUrl\":\"https:\/\/www.auditionsolidarite.org\/wp-content\/uploads\/2015\/07\/logo-audition-solidarite-e1446132259721.png\",\"width\":600,\"height\":593,\"caption\":\"AuditionSolidarit\u00e9\"},\"image\":{\"@id\":\"https:\/\/www.auditionsolidarite.org\/en\/#\/schema\/logo\/image\/\"}}]}<\/script>\n<!-- \/ Yoast SEO plugin. -->","yoast_head_json":{"title":"Notre atelier de recyclage - AuditionSolidarit\u00e9","robots":{"index":"index","follow":"follow","max-snippet":"max-snippet:-1","max-image-preview":"max-image-preview:large","max-video-preview":"max-video-preview:-1"},"canonical":"https:\/\/www.auditionsolidarite.org\/en\/notre-atelier-de-recyclage\/","og_locale":"en_US","og_type":"article","og_title":"Notre atelier de recyclage - AuditionSolidarit\u00e9","og_description":"Unique\u00a0en France ! En 2012, AuditionSolidarit\u00e9 remporte le 1er Prix des Femmes pour le d\u00e9veloppement durable. Ce Prix nous permet alors d\u2019acqu\u00e9rir et de mettre en place notre\u00a0atelier de recyclage. En 2013, AuditionSolidarit\u00e9 remporte le Prix Europe1 Solidarit\u00e9. Europe1 nous offre une campagne radio nationale sur la r\u00e9cup\u00e9ration des appareils auditifs usag\u00e9s. En 2014, la Fondation Agir pour l\u2019Audition soutient","og_url":"https:\/\/www.auditionsolidarite.org\/en\/notre-atelier-de-recyclage\/","og_site_name":"AuditionSolidarit\u00e9","article_modified_time":"2025-12-17T15:15:13+00:00","og_image":[{"width":600,"height":593,"url":"https:\/\/www.auditionsolidarite.org\/wp-content\/uploads\/2015\/07\/logo-audition-solidarite-e1446132259721.png","type":"image\/png"}],"twitter_card":"summary_large_image","twitter_misc":{"Est. reading time":"3 minutes"},"schema":{"@context":"https:\/\/schema.org","@graph":[{"@type":"WebPage","@id":"https:\/\/www.auditionsolidarite.org\/en\/notre-atelier-de-recyclage\/","url":"https:\/\/www.auditionsolidarite.org\/en\/notre-atelier-de-recyclage\/","name":"Notre atelier de recyclage - AuditionSolidarit\u00e9","isPartOf":{"@id":"https:\/\/www.auditionsolidarite.org\/en\/#website"},"datePublished":"2015-07-07T13:11:19+00:00","dateModified":"2025-12-17T15:15:13+00:00","breadcrumb":{"@id":"https:\/\/www.auditionsolidarite.org\/en\/notre-atelier-de-recyclage\/#breadcrumb"},"inLanguage":"en-US","potentialAction":[{"@type":"ReadAction","target":[["https:\/\/www.auditionsolidarite.org\/en\/notre-atelier-de-recyclage\/"]]}]},{"@type":"BreadcrumbList","@id":"https:\/\/www.auditionsolidarite.org\/en\/notre-atelier-de-recyclage\/#breadcrumb","itemListElement":[{"@type":"ListItem","position":1,"name":"Accueil","item":"https:\/\/www.auditionsolidarite.org\/en\/"},{"@type":"ListItem","position":2,"name":"Notre atelier de recyclage"}]},{"@type":"WebSite","@id":"https:\/\/www.auditionsolidarite.org\/en\/#website","url":"https:\/\/www.auditionsolidarite.org\/en\/","name":"AuditionSolidarit\u00e9","description":"Le hasard n&#039;existe pas ! Si vous \u00eates l\u00e0 aujourd&#039;hui, c&#039;est que le monde de l&#039;audition vous touche... Alors merci d&#039;\u00eatre l\u00e0 !","publisher":{"@id":"https:\/\/www.auditionsolidarite.org\/en\/#organization"},"potentialAction":[{"@type":"SearchAction","target":{"@type":"EntryPoint","urlTemplate":"https:\/\/www.auditionsolidarite.org\/en\/?s={search_term_string}"},"query-input":"required name=search_term_string"}],"inLanguage":"en-US"},{"@type":"Organization","@id":"https:\/\/www.auditionsolidarite.org\/en\/#organization","name":"AuditionSolidarit\u00e9","url":"https:\/\/www.auditionsolidarite.org\/en\/","logo":{"@type":"ImageObject","inLanguage":"en-US","@id":"https:\/\/www.auditionsolidarite.org\/en\/#\/schema\/logo\/image\/","url":"https:\/\/www.auditionsolidarite.org\/wp-content\/uploads\/2015\/07\/logo-audition-solidarite-e1446132259721.png","contentUrl":"https:\/\/www.auditionsolidarite.org\/wp-content\/uploads\/2015\/07\/logo-audition-solidarite-e1446132259721.png","width":600,"height":593,"caption":"AuditionSolidarit\u00e9"},"image":{"@id":"https:\/\/www.auditionsolidarite.org\/en\/#\/schema\/logo\/image\/"}}]}},"_links":{"self":[{"href":"https:\/\/www.auditionsolidarite.org\/en\/wp-json\/wp\/v2\/pages\/50"}],"collection":[{"href":"https:\/\/www.auditionsolidarite.org\/en\/wp-json\/wp\/v2\/pages"}],"about":[{"href":"https:\/\/www.auditionsolidarite.org\/en\/wp-json\/wp\/v2\/types\/page"}],"author":[{"embeddable":true,"href":"https:\/\/www.auditionsolidarite.org\/en\/wp-json\/wp\/v2\/users\/10"}],"replies":[{"embeddable":true,"href":"https:\/\/www.auditionsolidarite.org\/en\/wp-json\/wp\/v2\/comments?post=50"}],"version-history":[{"count":9,"href":"https:\/\/www.auditionsolidarite.org\/en\/wp-json\/wp\/v2\/pages\/50\/revisions"}],"predecessor-version":[{"id":10705,"href":"https:\/\/www.auditionsolidarite.org\/en\/wp-json\/wp\/v2\/pages\/50\/revisions\/10705"}],"wp:attachment":[{"href":"https:\/\/www.auditionsolidarite.org\/en\/wp-json\/wp\/v2\/media?parent=50"}],"curies":[{"name":"wp","href":"https:\/\/api.w.org\/{rel}","templated":true}]}}