{"id":4731,"date":"2016-03-09T11:08:10","date_gmt":"2016-03-09T10:08:10","guid":{"rendered":"http:\/\/www.auditionsolidarite.org\/fr\/?page_id=4731"},"modified":"2016-03-09T11:08:10","modified_gmt":"2016-03-09T10:08:10","slug":"mission-humanitaire-au-vietnam-bien-hoa-mars-2015","status":"publish","type":"page","link":"https:\/\/www.auditionsolidarite.org\/en\/mission-humanitaire-au-vietnam-bien-hoa-mars-2015\/","title":{"rendered":"(Fran\u00e7ais) Mission humanitaire au Vietnam, Bi\u00ean Hoa \u2013 Mars 2015"},"content":{"rendered":"<p class=\"qtranxs-available-languages-message qtranxs-available-languages-message-en\">Sorry, this entry is only available in <a href=\"https:\/\/www.auditionsolidarite.org\/fr\/wp-json\/wp\/v2\/pages\/4731\" class=\"qtranxs-available-language-link qtranxs-available-language-link-fr\" title=\"Fran\u00e7ais\">French<\/a>.<\/p><h4 style=\"text-align: justify;\">1\u00e8re Mission humanitaire en Asie au Vietnam &#8211; Mars 2015<b><br \/>\n<\/b><b><br \/>\n<\/b><\/h4>\n<p style=\"text-align: justify;\">Pour sa 20\u00e8me mission humanitaire \u00e0 l&#8217;\u00e9tranger, AuditionSolidarit\u00e9 s&#8217;est rendue pour la 1\u00e8re fois en Asie, plus pr\u00e9cisement au Vietnam,<br \/>\n\u00e0 Bi\u00ean H\u00f2a dans une \u00e9cole sp\u00e9cialis\u00e9e pour les enfants sourds et malentendants.<b><br \/>\n<\/b><br \/>\nL&#8217;\u00e9quipe d&#8217;AuditionSolidarit\u00e9 a fait un audiogramme\u00a0aux 118\u00a0enfants de l&#8217;\u00e9cole, a appareill\u00e9 63 enfants et a v\u00e9rifi\u00e9 les appareillages auditifs de 55 enfants. Tous ont suivi une s\u00e9ance d&#8217;orthophonie.<br \/>\nAuditionSolidarit\u00e9 a impuls\u00e9 diff\u00e9rentes formations : \u00e0 la fabrication d&#8217;embouts, aux r\u00e9glages d&#8217;appareils, aux petites r\u00e9parations<br \/>\net \u00e0 l&#8217;entretien des appareils ainsi qu&#8217;\u00e0 l&#8217;orthophonie.<b><br \/>\n<\/b><b><br \/>\n<\/b><\/p>\n<p>Merci aux audioproth\u00e9sistes Isabelle Laroche, Maud Cornu, Nicolas Hilaire, Nicolas Gode et Christine Bourger<br \/>\nMerci aux orthophonistes, Clotilde Faure et Claire Barilly<br \/>\nMerci au fabricant d&#8217;embouts, R\u00e9my Garrel<br \/>\nMerci \u00e0 Emilie Proriol pour le secr\u00e9tariat<b><br \/>\n<\/b><b>Merci \u00e0 la Fondation AIR FRANCE pour son pr\u00e9cieux soutien !<b><br \/>\n<\/b><br \/>\n<\/b><\/p>\n<p>Merci \u00e0 toutes\u00a0les soeurs\u00a0et aux professeurs\u00a0pour leur bont\u00e9, leur bienveillance et leur implication !<br \/>\nMerci \u00e0 tous les enfants !<\/p>\n<p style=\"text-align: justify;\">Rendez-vous en 2016&#8230; on a h\u00e2te !<b><br \/>\n<\/b><b><br \/>\n<\/b><b><\/b><\/p>\n<p style=\"text-align: center;\"><strong>Vid\u00e9o de la mission<\/strong><\/p>\n<div class=\"ytp-html5-clipboard\"><\/div>\n<p style=\"text-align: center;\"><iframe loading=\"lazy\" src=\"https:\/\/www.youtube.com\/embed\/jxDerI1eK-I\" width=\"515\" height=\"386\" frameborder=\"0\" allowfullscreen=\"allowfullscreen\"><\/iframe><\/p>\n<p style=\"text-align: center;\"><strong><b><br \/>\n<\/b>Interviews post-mission<\/strong><\/p>\n<table>\n<tbody>\n<tr>\n<td style=\"text-align: center; vertical-align: middle;\">\n<div class=\"ytp-html5-clipboard\"><strong>Isabelle Laroche<\/strong><\/div>\n<p><iframe loading=\"lazy\" src=\"https:\/\/www.youtube.com\/embed\/dZZtc-t5xEM\" width=\"260\" height=\"170\" frameborder=\"0\" allowfullscreen=\"allowfullscreen\"><\/iframe><\/p>\n<div class=\"ytp-html5-clipboard\"><\/div>\n<\/td>\n<td style=\"text-align: center; vertical-align: middle;\"><strong>\u00a0 Maud Cornu<\/strong><br \/>\n<iframe loading=\"lazy\" src=\"https:\/\/www.youtube.com\/embed\/Ph5k_yk2G9Y\" width=\"260\" height=\"170\" frameborder=\"0\" allowfullscreen=\"allowfullscreen\"><\/iframe><\/p>\n<div class=\"ytp-html5-clipboard\"><\/div>\n<\/td>\n<td style=\"text-align: center; vertical-align: middle;\"><strong>\u00a0 Nicolas Hilaire<\/strong><br \/>\n<iframe loading=\"lazy\" src=\"https:\/\/www.youtube.com\/embed\/2Y4oq_bozg4\" width=\"260\" height=\"170\" frameborder=\"0\" allowfullscreen=\"allowfullscreen\"><\/iframe><\/td>\n<\/tr>\n<tr>\n<td style=\"text-align: center; vertical-align: middle;\"><strong>\u00a0<b><br \/>\n<\/b> Nicolas Gode<\/strong><br \/>\n<iframe loading=\"lazy\" src=\"https:\/\/www.youtube.com\/embed\/ptEP79dN2rs\" width=\"260\" height=\"170\" frameborder=\"0\" allowfullscreen=\"allowfullscreen\"><\/iframe><\/td>\n<td style=\"text-align: center; vertical-align: middle;\"><strong><b><br \/>\n<\/b>\u00a0 R\u00e9my Garrel<\/strong><br \/>\n<iframe loading=\"lazy\" src=\"https:\/\/www.youtube.com\/embed\/0HLOoAMN-6E\" width=\"260\" height=\"170\" frameborder=\"0\" allowfullscreen=\"allowfullscreen\"><\/iframe><\/td>\n<td style=\"text-align: center; vertical-align: middle;\"><strong><b><br \/>\n<\/b>\u00a0 Emilie Proriol<\/strong><br \/>\n<iframe loading=\"lazy\" src=\"https:\/\/www.youtube.com\/embed\/oPGSLhj8woc\" width=\"260\" height=\"170\" frameborder=\"0\" allowfullscreen=\"allowfullscreen\"><\/iframe><\/td>\n<\/tr>\n<tr>\n<td style=\"text-align: center; vertical-align: middle;\"><strong>\u00a0<b><br \/>\n<\/b> Claire Barilly<\/strong><br \/>\n<iframe loading=\"lazy\" src=\"https:\/\/www.youtube.com\/embed\/HAF2xQ6xJXk\" width=\"260\" height=\"170\" frameborder=\"0\" allowfullscreen=\"allowfullscreen\"><\/iframe><\/td>\n<td style=\"text-align: center; vertical-align: middle;\"><strong><b><br \/>\n<\/b>\u00a0 Clotilde Faure<\/strong><br \/>\n<iframe loading=\"lazy\" src=\"https:\/\/www.youtube.com\/embed\/jItXSAVmzw0\" width=\"260\" height=\"170\" frameborder=\"0\" allowfullscreen=\"allowfullscreen\"><\/iframe><\/td>\n<td style=\"text-align: center; vertical-align: middle;\"><strong><b><br \/>\n<\/b>\u00a0 Adrien Fagault-Martial<\/strong><br \/>\n<iframe loading=\"lazy\" src=\"https:\/\/www.youtube.com\/embed\/KRKu-7tOzIQ\" width=\"260\" height=\"170\" frameborder=\"0\" allowfullscreen=\"allowfullscreen\"><\/iframe><\/td>\n<\/tr>\n<\/tbody>\n<\/table>","protected":false},"excerpt":{"rendered":"<p>Sorry, this entry is only available in French.1\u00e8re Mission humanitaire en Asie au Vietnam &#8211; Mars 2015 Pour sa 20\u00e8me mission humanitaire \u00e0 l&#8217;\u00e9tranger, AuditionSolidarit\u00e9 s&#8217;est rendue pour la 1\u00e8re fois en Asie, plus pr\u00e9cisement au Vietnam, \u00e0 Bi\u00ean H\u00f2a dans une \u00e9cole sp\u00e9cialis\u00e9e pour les enfants sourds et malentendants. L&#8217;\u00e9quipe d&#8217;AuditionSolidarit\u00e9 a fait un audiogramme\u00a0aux 118\u00a0enfants de l&#8217;\u00e9cole, a<\/p>\n","protected":false},"author":2,"featured_media":0,"parent":0,"menu_order":0,"comment_status":"closed","ping_status":"closed","template":"","meta":{"footnotes":""},"acf":[],"yoast_head":"<!-- This site is optimized with the Yoast SEO plugin v21.9.1 - https:\/\/yoast.com\/wordpress\/plugins\/seo\/ -->\n<title>(Fran\u00e7ais) Mission humanitaire au Vietnam, Bi\u00ean Hoa \u2013 Mars 2015 - AuditionSolidarit\u00e9<\/title>\n<meta name=\"robots\" content=\"index, follow, max-snippet:-1, max-image-preview:large, max-video-preview:-1\" \/>\n<link rel=\"canonical\" href=\"https:\/\/www.auditionsolidarite.org\/en\/mission-humanitaire-au-vietnam-bien-hoa-mars-2015\/\" \/>\n<meta property=\"og:locale\" content=\"en_US\" \/>\n<meta property=\"og:type\" content=\"article\" \/>\n<meta property=\"og:title\" content=\"(Fran\u00e7ais) Mission humanitaire au Vietnam, Bi\u00ean Hoa \u2013 Mars 2015 - AuditionSolidarit\u00e9\" \/>\n<meta property=\"og:description\" content=\"Sorry, this entry is only available in French.1\u00e8re Mission humanitaire en Asie au Vietnam &#8211; Mars 2015 Pour sa 20\u00e8me mission humanitaire \u00e0 l&#8217;\u00e9tranger, AuditionSolidarit\u00e9 s&#8217;est rendue pour la 1\u00e8re fois en Asie, plus pr\u00e9cisement au Vietnam, \u00e0 Bi\u00ean H\u00f2a dans une \u00e9cole sp\u00e9cialis\u00e9e pour les enfants sourds et malentendants. L&#8217;\u00e9quipe d&#8217;AuditionSolidarit\u00e9 a fait un audiogramme\u00a0aux 118\u00a0enfants de l&#8217;\u00e9cole, a\" \/>\n<meta property=\"og:url\" content=\"https:\/\/www.auditionsolidarite.org\/en\/mission-humanitaire-au-vietnam-bien-hoa-mars-2015\/\" \/>\n<meta property=\"og:site_name\" content=\"AuditionSolidarit\u00e9\" \/>\n<meta property=\"og:image\" content=\"https:\/\/www.auditionsolidarite.org\/wp-content\/uploads\/2015\/07\/logo-audition-solidarite-e1446132259721.png\" \/>\n\t<meta property=\"og:image:width\" content=\"600\" \/>\n\t<meta property=\"og:image:height\" content=\"593\" \/>\n\t<meta property=\"og:image:type\" content=\"image\/png\" \/>\n<meta name=\"twitter:card\" content=\"summary_large_image\" \/>\n<meta name=\"twitter:label1\" content=\"Est. reading time\" \/>\n\t<meta name=\"twitter:data1\" content=\"1 minute\" \/>\n<script type=\"application\/ld+json\" class=\"yoast-schema-graph\">{\"@context\":\"https:\/\/schema.org\",\"@graph\":[{\"@type\":\"WebPage\",\"@id\":\"https:\/\/www.auditionsolidarite.org\/en\/mission-humanitaire-au-vietnam-bien-hoa-mars-2015\/\",\"url\":\"https:\/\/www.auditionsolidarite.org\/en\/mission-humanitaire-au-vietnam-bien-hoa-mars-2015\/\",\"name\":\"(Fran\u00e7ais) Mission humanitaire au Vietnam, Bi\u00ean Hoa \u2013 Mars 2015 - AuditionSolidarit\u00e9\",\"isPartOf\":{\"@id\":\"https:\/\/www.auditionsolidarite.org\/en\/#website\"},\"datePublished\":\"2016-03-09T10:08:10+00:00\",\"dateModified\":\"2016-03-09T10:08:10+00:00\",\"breadcrumb\":{\"@id\":\"https:\/\/www.auditionsolidarite.org\/en\/mission-humanitaire-au-vietnam-bien-hoa-mars-2015\/#breadcrumb\"},\"inLanguage\":\"en-US\",\"potentialAction\":[{\"@type\":\"ReadAction\",\"target\":[[\"https:\/\/www.auditionsolidarite.org\/en\/mission-humanitaire-au-vietnam-bien-hoa-mars-2015\/\"]]}]},{\"@type\":\"BreadcrumbList\",\"@id\":\"https:\/\/www.auditionsolidarite.org\/en\/mission-humanitaire-au-vietnam-bien-hoa-mars-2015\/#breadcrumb\",\"itemListElement\":[{\"@type\":\"ListItem\",\"position\":1,\"name\":\"Accueil\",\"item\":\"https:\/\/www.auditionsolidarite.org\/en\/\"},{\"@type\":\"ListItem\",\"position\":2,\"name\":\"Mission humanitaire au Vietnam, Bi\u00ean Hoa \u2013 Mars 2015\"}]},{\"@type\":\"WebSite\",\"@id\":\"https:\/\/www.auditionsolidarite.org\/en\/#website\",\"url\":\"https:\/\/www.auditionsolidarite.org\/en\/\",\"name\":\"AuditionSolidarit\u00e9\",\"description\":\"Le hasard n&#039;existe pas ! Si vous \u00eates l\u00e0 aujourd&#039;hui, c&#039;est que le monde de l&#039;audition vous touche... Alors merci d&#039;\u00eatre l\u00e0 !\",\"publisher\":{\"@id\":\"https:\/\/www.auditionsolidarite.org\/en\/#organization\"},\"potentialAction\":[{\"@type\":\"SearchAction\",\"target\":{\"@type\":\"EntryPoint\",\"urlTemplate\":\"https:\/\/www.auditionsolidarite.org\/en\/?s={search_term_string}\"},\"query-input\":\"required name=search_term_string\"}],\"inLanguage\":\"en-US\"},{\"@type\":\"Organization\",\"@id\":\"https:\/\/www.auditionsolidarite.org\/en\/#organization\",\"name\":\"AuditionSolidarit\u00e9\",\"url\":\"https:\/\/www.auditionsolidarite.org\/en\/\",\"logo\":{\"@type\":\"ImageObject\",\"inLanguage\":\"en-US\",\"@id\":\"https:\/\/www.auditionsolidarite.org\/en\/#\/schema\/logo\/image\/\",\"url\":\"https:\/\/www.auditionsolidarite.org\/wp-content\/uploads\/2015\/07\/logo-audition-solidarite-e1446132259721.png\",\"contentUrl\":\"https:\/\/www.auditionsolidarite.org\/wp-content\/uploads\/2015\/07\/logo-audition-solidarite-e1446132259721.png\",\"width\":600,\"height\":593,\"caption\":\"AuditionSolidarit\u00e9\"},\"image\":{\"@id\":\"https:\/\/www.auditionsolidarite.org\/en\/#\/schema\/logo\/image\/\"}}]}<\/script>\n<!-- \/ Yoast SEO plugin. -->","yoast_head_json":{"title":"(Fran\u00e7ais) Mission humanitaire au Vietnam, Bi\u00ean Hoa \u2013 Mars 2015 - AuditionSolidarit\u00e9","robots":{"index":"index","follow":"follow","max-snippet":"max-snippet:-1","max-image-preview":"max-image-preview:large","max-video-preview":"max-video-preview:-1"},"canonical":"https:\/\/www.auditionsolidarite.org\/en\/mission-humanitaire-au-vietnam-bien-hoa-mars-2015\/","og_locale":"en_US","og_type":"article","og_title":"(Fran\u00e7ais) Mission humanitaire au Vietnam, Bi\u00ean Hoa \u2013 Mars 2015 - AuditionSolidarit\u00e9","og_description":"Sorry, this entry is only available in French.1\u00e8re Mission humanitaire en Asie au Vietnam &#8211; Mars 2015 Pour sa 20\u00e8me mission humanitaire \u00e0 l&#8217;\u00e9tranger, AuditionSolidarit\u00e9 s&#8217;est rendue pour la 1\u00e8re fois en Asie, plus pr\u00e9cisement au Vietnam, \u00e0 Bi\u00ean H\u00f2a dans une \u00e9cole sp\u00e9cialis\u00e9e pour les enfants sourds et malentendants. L&#8217;\u00e9quipe d&#8217;AuditionSolidarit\u00e9 a fait un audiogramme\u00a0aux 118\u00a0enfants de l&#8217;\u00e9cole, a","og_url":"https:\/\/www.auditionsolidarite.org\/en\/mission-humanitaire-au-vietnam-bien-hoa-mars-2015\/","og_site_name":"AuditionSolidarit\u00e9","og_image":[{"width":600,"height":593,"url":"https:\/\/www.auditionsolidarite.org\/wp-content\/uploads\/2015\/07\/logo-audition-solidarite-e1446132259721.png","type":"image\/png"}],"twitter_card":"summary_large_image","twitter_misc":{"Est. reading time":"1 minute"},"schema":{"@context":"https:\/\/schema.org","@graph":[{"@type":"WebPage","@id":"https:\/\/www.auditionsolidarite.org\/en\/mission-humanitaire-au-vietnam-bien-hoa-mars-2015\/","url":"https:\/\/www.auditionsolidarite.org\/en\/mission-humanitaire-au-vietnam-bien-hoa-mars-2015\/","name":"(Fran\u00e7ais) Mission humanitaire au Vietnam, Bi\u00ean Hoa \u2013 Mars 2015 - AuditionSolidarit\u00e9","isPartOf":{"@id":"https:\/\/www.auditionsolidarite.org\/en\/#website"},"datePublished":"2016-03-09T10:08:10+00:00","dateModified":"2016-03-09T10:08:10+00:00","breadcrumb":{"@id":"https:\/\/www.auditionsolidarite.org\/en\/mission-humanitaire-au-vietnam-bien-hoa-mars-2015\/#breadcrumb"},"inLanguage":"en-US","potentialAction":[{"@type":"ReadAction","target":[["https:\/\/www.auditionsolidarite.org\/en\/mission-humanitaire-au-vietnam-bien-hoa-mars-2015\/"]]}]},{"@type":"BreadcrumbList","@id":"https:\/\/www.auditionsolidarite.org\/en\/mission-humanitaire-au-vietnam-bien-hoa-mars-2015\/#breadcrumb","itemListElement":[{"@type":"ListItem","position":1,"name":"Accueil","item":"https:\/\/www.auditionsolidarite.org\/en\/"},{"@type":"ListItem","position":2,"name":"Mission humanitaire au Vietnam, Bi\u00ean Hoa \u2013 Mars 2015"}]},{"@type":"WebSite","@id":"https:\/\/www.auditionsolidarite.org\/en\/#website","url":"https:\/\/www.auditionsolidarite.org\/en\/","name":"AuditionSolidarit\u00e9","description":"Le hasard n&#039;existe pas ! Si vous \u00eates l\u00e0 aujourd&#039;hui, c&#039;est que le monde de l&#039;audition vous touche... Alors merci d&#039;\u00eatre l\u00e0 !","publisher":{"@id":"https:\/\/www.auditionsolidarite.org\/en\/#organization"},"potentialAction":[{"@type":"SearchAction","target":{"@type":"EntryPoint","urlTemplate":"https:\/\/www.auditionsolidarite.org\/en\/?s={search_term_string}"},"query-input":"required name=search_term_string"}],"inLanguage":"en-US"},{"@type":"Organization","@id":"https:\/\/www.auditionsolidarite.org\/en\/#organization","name":"AuditionSolidarit\u00e9","url":"https:\/\/www.auditionsolidarite.org\/en\/","logo":{"@type":"ImageObject","inLanguage":"en-US","@id":"https:\/\/www.auditionsolidarite.org\/en\/#\/schema\/logo\/image\/","url":"https:\/\/www.auditionsolidarite.org\/wp-content\/uploads\/2015\/07\/logo-audition-solidarite-e1446132259721.png","contentUrl":"https:\/\/www.auditionsolidarite.org\/wp-content\/uploads\/2015\/07\/logo-audition-solidarite-e1446132259721.png","width":600,"height":593,"caption":"AuditionSolidarit\u00e9"},"image":{"@id":"https:\/\/www.auditionsolidarite.org\/en\/#\/schema\/logo\/image\/"}}]}},"_links":{"self":[{"href":"https:\/\/www.auditionsolidarite.org\/en\/wp-json\/wp\/v2\/pages\/4731"}],"collection":[{"href":"https:\/\/www.auditionsolidarite.org\/en\/wp-json\/wp\/v2\/pages"}],"about":[{"href":"https:\/\/www.auditionsolidarite.org\/en\/wp-json\/wp\/v2\/types\/page"}],"author":[{"embeddable":true,"href":"https:\/\/www.auditionsolidarite.org\/en\/wp-json\/wp\/v2\/users\/2"}],"replies":[{"embeddable":true,"href":"https:\/\/www.auditionsolidarite.org\/en\/wp-json\/wp\/v2\/comments?post=4731"}],"version-history":[{"count":1,"href":"https:\/\/www.auditionsolidarite.org\/en\/wp-json\/wp\/v2\/pages\/4731\/revisions"}],"predecessor-version":[{"id":4732,"href":"https:\/\/www.auditionsolidarite.org\/en\/wp-json\/wp\/v2\/pages\/4731\/revisions\/4732"}],"wp:attachment":[{"href":"https:\/\/www.auditionsolidarite.org\/en\/wp-json\/wp\/v2\/media?parent=4731"}],"curies":[{"name":"wp","href":"https:\/\/api.w.org\/{rel}","templated":true}]}}