{"id":4422,"date":"2015-11-26T15:48:18","date_gmt":"2015-11-26T14:48:18","guid":{"rendered":"http:\/\/www.auditionsolidarite.org\/fr\/?page_id=4422"},"modified":"2015-11-26T15:48:18","modified_gmt":"2015-11-26T14:48:18","slug":"hotel-dieu-paris-ap-hp-mai-2015","status":"publish","type":"page","link":"https:\/\/www.auditionsolidarite.org\/en\/hotel-dieu-paris-ap-hp-mai-2015\/","title":{"rendered":"(Fran\u00e7ais) H\u00f4tel Dieu (Paris) \u2013 AP-HP \u2013 Mai 2015"},"content":{"rendered":"<p class=\"qtranxs-available-languages-message qtranxs-available-languages-message-en\">Sorry, this entry is only available in <a href=\"https:\/\/www.auditionsolidarite.org\/fr\/wp-json\/wp\/v2\/pages\/4422\" class=\"qtranxs-available-language-link qtranxs-available-language-link-fr\" title=\"Fran\u00e7ais\">French<\/a>.<\/p><h6>2\u00e8me Mission humanitaire \u00e0 Paris &#8211; AP-HP &#8211; Mai 2015<\/h6>\n<p style=\"text-align: justify;\">Les 19 et 20 mai 2015 en la pr\u00e9sence de Martin Hirsch, directeur AP-HP et parrain de l&#8217;association, AuditionSolidarit\u00e9 s\u2019est associ\u00e9e pour la seconde fois \u00e0 l&#8217;AP-HP (Assistance Publique des H\u00f4pitaux de Paris) au sein de l&#8217;H\u00f4tel Dieu \u00e0 Paris.<br \/>\nLe but \u00e9tait de prendre en charge les probl\u00e8mes d\u2019audition des personnes d\u00e9favoris\u00e9es sans papiers ou b\u00e9n\u00e9ficiant de l\u2019AME.<b><br \/>\n<\/b><b><br \/>\n<\/b><\/p>\n<p>L\u2019\u00e9quipe a accueilli 87 personnes sur deux jours et a appareill\u00e9 35 d\u2019entre elles.<br \/>\n53 appareils auditifs\u00a0ont\u00a0\u00e9t\u00e9 adapt\u00e9s.<br \/>\n13 personnes ont b\u00e9n\u00e9fici\u00e9 d&#8217;une prise en charge plus pouss\u00e9e.<br \/>\nUne autre grande satisfaction a \u00e9t\u00e9 de revoir 17 personnes d\u00e9j\u00e0 appareill\u00e9es par AuditionSolidarit\u00e9 et qui sont revenues faire contr\u00f4ler leur appareillage.<b><br \/>\n<\/b><b><br \/>\n<\/b><\/p>\n<p><strong>Mission r\u00e9ussie avec des \u00e9quipes solidaires :\u00a0<\/strong><br \/>\nMerci \u00e0 Sophie Le Goff, St\u00e9phane Laurent, Gauthier Luc, Georges Ormancey, C\u00e9line Peissak et Christine Bourger, audioproth\u00e9sistes<br \/>\nMerci \u00e0 Jean-Marie Gouin, J\u00e9r\u00f4me Nevoux et Julien Lahmar, ORL<br \/>\nMerci \u00e0 J\u00e9r\u00f4me Defond pour la fabrication des embouts<br \/>\nMerci \u00e0 Clotilde Faure, orthophoniste<br \/>\nMerci \u00e0 Sandrine Chopin, secr\u00e9tariat<br \/>\nMerci \u00e0 Hugo Sohier et C\u00e9line Pimbert, \u00e9tudiants en audioproth\u00e8se<\/p>\n<p>Merci \u00e0 toute l&#8217;\u00e9quipe de l&#8217;AP-HP<br \/>\nMerci \u00e0 Martin Hirsch<br \/>\nMerci \u00e0 toutes les associations qui se sont impliqu\u00e9es !<\/p>\n<p style=\"text-align: justify;\"><strong>Et un grand MERCI \u00e0 la Fondation ZEPHYR en la personne de Sophie Kerob pour son pr\u00e9cieux soutien !<\/strong><\/p>\n<p style=\"text-align: center;\">Interview Martin Hirsch<br \/>\n<iframe loading=\"lazy\" src=\"https:\/\/www.youtube.com\/embed\/tn1M1Dd14AE\" width=\"560\" height=\"315\" frameborder=\"0\" allowfullscreen=\"allowfullscreen\"><\/iframe><b><br \/>\n<\/b><b><br \/>\n<\/b><\/p>\n<table>\n<tbody>\n<tr>\n<td style=\"text-align: center; vertical-align: middle;\"><strong>St\u00e9phane Laurent &#8211; audioproth\u00e9siste<iframe loading=\"lazy\" src=\"https:\/\/www.youtube.com\/embed\/V4eyMKaErs0\" width=\"260\" height=\"170\" frameborder=\"0\" scrolling=\"no\" allowfullscreen=\"allowfullscreen\"><\/iframe><\/strong><\/td>\n<td style=\"text-align: center; vertical-align: middle;\"><strong>Sophie Le\u00a0Goff\u00a0&#8211; audioproth\u00e9siste<\/strong><\/p>\n<div class=\"ytp-html5-clipboard\">\n<div class=\"ytp-html5-clipboard\"><iframe loading=\"lazy\" src=\"https:\/\/www.youtube.com\/embed\/CiohtcedM1I\" width=\"260\" height=\"170\" frameborder=\"0\" allowfullscreen=\"allowfullscreen\"><\/iframe><\/div>\n<\/div>\n<\/td>\n<td style=\"text-align: center; vertical-align: middle;\"><strong>Jean-Marie Gouin\u00a0&#8211; ORL<\/strong><\/p>\n<div class=\"ytp-html5-clipboard\"><iframe loading=\"lazy\" src=\"https:\/\/www.youtube.com\/embed\/lKCckv2wZbg\" width=\"260\" height=\"170\" frameborder=\"0\" allowfullscreen=\"allowfullscreen\"><\/iframe><\/div>\n<\/td>\n<\/tr>\n<tr>\n<td style=\"text-align: center; vertical-align: middle;\"><strong><b><br \/>\n<\/b>J\u00e9r\u00f4me Defond- audioproth\u00e9siste<iframe loading=\"lazy\" src=\"https:\/\/www.youtube.com\/embed\/sGgCk9oKmAI\" width=\"260\" height=\"170\" frameborder=\"0\" scrolling=\"no\" allowfullscreen=\"allowfullscreen\"><\/iframe><\/strong><\/td>\n<td style=\"text-align: center; vertical-align: middle;\"><strong><b><br \/>\n<\/b>Gauthier Luc- audioproth\u00e9siste<iframe loading=\"lazy\" src=\"https:\/\/www.youtube.com\/embed\/wWluILytwuc\" width=\"260\" height=\"170\" frameborder=\"0\" scrolling=\"no\" allowfullscreen=\"allowfullscreen\"><\/iframe><\/strong><\/td>\n<td style=\"text-align: center; vertical-align: middle;\"><strong><b><br \/>\n<\/b>C\u00e9line Peissak\u00a0&#8211; audioproth\u00e9siste<iframe loading=\"lazy\" src=\"https:\/\/www.youtube.com\/embed\/3l6AdCsyxlw\" width=\"260\" height=\"170\" frameborder=\"0\" scrolling=\"no\" allowfullscreen=\"allowfullscreen\"><\/iframe><\/strong><\/td>\n<\/tr>\n<tr>\n<td style=\"text-align: center; vertical-align: middle;\"><strong><b><br \/>\n<\/b>Georges Ormancey &#8211; audioproth\u00e9siste<\/strong><\/p>\n<div class=\"ytp-html5-clipboard\"><iframe loading=\"lazy\" src=\"https:\/\/www.youtube.com\/embed\/7sJbG3cfZGA\" width=\"260\" height=\"170\" frameborder=\"0\" allowfullscreen=\"allowfullscreen\"><\/iframe><\/div>\n<\/td>\n<td style=\"text-align: center; vertical-align: middle;\"><strong><b><br \/>\n<\/b>Sandrine Chopin &#8211;\u00a0\u00a0secr\u00e9tariat<iframe loading=\"lazy\" src=\"https:\/\/www.youtube.com\/embed\/E_vRq-XnUvc\" width=\"260\" height=\"170\" frameborder=\"0\" scrolling=\"no\" allowfullscreen=\"allowfullscreen\"><\/iframe><\/strong><\/td>\n<td style=\"text-align: center; vertical-align: middle;\"><strong><b><br \/>\n<\/b>Hugo Sohier &#8211; \u00e9tudiant en audioproth\u00e8se<iframe loading=\"lazy\" src=\"https:\/\/www.youtube.com\/embed\/_ldrxx2UhsY\" width=\"260\" height=\"170\" frameborder=\"0\" scrolling=\"no\" allowfullscreen=\"allowfullscreen\"><\/iframe><\/strong><\/td>\n<\/tr>\n<tr>\n<td style=\"text-align: center; vertical-align: middle;\"><strong><b><br \/>\n<\/b>C\u00e9line Pimbert\u00a0&#8211; \u00e9tudiante en audioproth\u00e9\u00e8se<iframe loading=\"lazy\" src=\"https:\/\/www.youtube.com\/embed\/DiTAHdpxf7I\" width=\"260\" height=\"170\" frameborder=\"0\" scrolling=\"no\" allowfullscreen=\"allowfullscreen\"><\/iframe><\/strong><\/td>\n<td style=\"text-align: center; vertical-align: middle;\"><\/td>\n<td style=\"text-align: center; vertical-align: middle;\"><\/td>\n<\/tr>\n<\/tbody>\n<\/table>\n<p>&nbsp;","protected":false},"excerpt":{"rendered":"<p>Sorry, this entry is only available in French.2\u00e8me Mission humanitaire \u00e0 Paris &#8211; AP-HP &#8211; Mai 2015 Les 19 et 20 mai 2015 en la pr\u00e9sence de Martin Hirsch, directeur AP-HP et parrain de l&#8217;association, AuditionSolidarit\u00e9 s\u2019est associ\u00e9e pour la seconde fois \u00e0 l&#8217;AP-HP (Assistance Publique des H\u00f4pitaux de Paris) au sein de l&#8217;H\u00f4tel Dieu \u00e0 Paris. Le but \u00e9tait<\/p>\n","protected":false},"author":2,"featured_media":0,"parent":0,"menu_order":0,"comment_status":"closed","ping_status":"closed","template":"","meta":{"footnotes":""},"acf":[],"yoast_head":"<!-- This site is optimized with the Yoast SEO plugin v21.9.1 - https:\/\/yoast.com\/wordpress\/plugins\/seo\/ -->\n<title>(Fran\u00e7ais) H\u00f4tel Dieu (Paris) \u2013 AP-HP \u2013 Mai 2015 - AuditionSolidarit\u00e9<\/title>\n<meta name=\"robots\" content=\"index, follow, max-snippet:-1, max-image-preview:large, max-video-preview:-1\" \/>\n<link rel=\"canonical\" href=\"https:\/\/www.auditionsolidarite.org\/en\/hotel-dieu-paris-ap-hp-mai-2015\/\" \/>\n<meta property=\"og:locale\" content=\"en_US\" \/>\n<meta property=\"og:type\" content=\"article\" \/>\n<meta property=\"og:title\" content=\"(Fran\u00e7ais) H\u00f4tel Dieu (Paris) \u2013 AP-HP \u2013 Mai 2015 - AuditionSolidarit\u00e9\" \/>\n<meta property=\"og:description\" content=\"Sorry, this entry is only available in French.2\u00e8me Mission humanitaire \u00e0 Paris &#8211; AP-HP &#8211; Mai 2015 Les 19 et 20 mai 2015 en la pr\u00e9sence de Martin Hirsch, directeur AP-HP et parrain de l&#8217;association, AuditionSolidarit\u00e9 s\u2019est associ\u00e9e pour la seconde fois \u00e0 l&#8217;AP-HP (Assistance Publique des H\u00f4pitaux de Paris) au sein de l&#8217;H\u00f4tel Dieu \u00e0 Paris. Le but \u00e9tait\" \/>\n<meta property=\"og:url\" content=\"https:\/\/www.auditionsolidarite.org\/en\/hotel-dieu-paris-ap-hp-mai-2015\/\" \/>\n<meta property=\"og:site_name\" content=\"AuditionSolidarit\u00e9\" \/>\n<meta property=\"og:image\" content=\"https:\/\/www.auditionsolidarite.org\/wp-content\/uploads\/2015\/07\/logo-audition-solidarite-e1446132259721.png\" \/>\n\t<meta property=\"og:image:width\" content=\"600\" \/>\n\t<meta property=\"og:image:height\" content=\"593\" \/>\n\t<meta property=\"og:image:type\" content=\"image\/png\" \/>\n<meta name=\"twitter:card\" content=\"summary_large_image\" \/>\n<meta name=\"twitter:label1\" content=\"Est. reading time\" \/>\n\t<meta name=\"twitter:data1\" content=\"1 minute\" \/>\n<script type=\"application\/ld+json\" class=\"yoast-schema-graph\">{\"@context\":\"https:\/\/schema.org\",\"@graph\":[{\"@type\":\"WebPage\",\"@id\":\"https:\/\/www.auditionsolidarite.org\/en\/hotel-dieu-paris-ap-hp-mai-2015\/\",\"url\":\"https:\/\/www.auditionsolidarite.org\/en\/hotel-dieu-paris-ap-hp-mai-2015\/\",\"name\":\"(Fran\u00e7ais) H\u00f4tel Dieu (Paris) \u2013 AP-HP \u2013 Mai 2015 - AuditionSolidarit\u00e9\",\"isPartOf\":{\"@id\":\"https:\/\/www.auditionsolidarite.org\/en\/#website\"},\"datePublished\":\"2015-11-26T14:48:18+00:00\",\"dateModified\":\"2015-11-26T14:48:18+00:00\",\"breadcrumb\":{\"@id\":\"https:\/\/www.auditionsolidarite.org\/en\/hotel-dieu-paris-ap-hp-mai-2015\/#breadcrumb\"},\"inLanguage\":\"en-US\",\"potentialAction\":[{\"@type\":\"ReadAction\",\"target\":[[\"https:\/\/www.auditionsolidarite.org\/en\/hotel-dieu-paris-ap-hp-mai-2015\/\"]]}]},{\"@type\":\"BreadcrumbList\",\"@id\":\"https:\/\/www.auditionsolidarite.org\/en\/hotel-dieu-paris-ap-hp-mai-2015\/#breadcrumb\",\"itemListElement\":[{\"@type\":\"ListItem\",\"position\":1,\"name\":\"Accueil\",\"item\":\"https:\/\/www.auditionsolidarite.org\/en\/\"},{\"@type\":\"ListItem\",\"position\":2,\"name\":\"H\u00f4tel Dieu (Paris) \u2013 AP-HP \u2013 Mai 2015\"}]},{\"@type\":\"WebSite\",\"@id\":\"https:\/\/www.auditionsolidarite.org\/en\/#website\",\"url\":\"https:\/\/www.auditionsolidarite.org\/en\/\",\"name\":\"AuditionSolidarit\u00e9\",\"description\":\"Le hasard n&#039;existe pas ! Si vous \u00eates l\u00e0 aujourd&#039;hui, c&#039;est que le monde de l&#039;audition vous touche... Alors merci d&#039;\u00eatre l\u00e0 !\",\"publisher\":{\"@id\":\"https:\/\/www.auditionsolidarite.org\/en\/#organization\"},\"potentialAction\":[{\"@type\":\"SearchAction\",\"target\":{\"@type\":\"EntryPoint\",\"urlTemplate\":\"https:\/\/www.auditionsolidarite.org\/en\/?s={search_term_string}\"},\"query-input\":\"required name=search_term_string\"}],\"inLanguage\":\"en-US\"},{\"@type\":\"Organization\",\"@id\":\"https:\/\/www.auditionsolidarite.org\/en\/#organization\",\"name\":\"AuditionSolidarit\u00e9\",\"url\":\"https:\/\/www.auditionsolidarite.org\/en\/\",\"logo\":{\"@type\":\"ImageObject\",\"inLanguage\":\"en-US\",\"@id\":\"https:\/\/www.auditionsolidarite.org\/en\/#\/schema\/logo\/image\/\",\"url\":\"https:\/\/www.auditionsolidarite.org\/wp-content\/uploads\/2015\/07\/logo-audition-solidarite-e1446132259721.png\",\"contentUrl\":\"https:\/\/www.auditionsolidarite.org\/wp-content\/uploads\/2015\/07\/logo-audition-solidarite-e1446132259721.png\",\"width\":600,\"height\":593,\"caption\":\"AuditionSolidarit\u00e9\"},\"image\":{\"@id\":\"https:\/\/www.auditionsolidarite.org\/en\/#\/schema\/logo\/image\/\"}}]}<\/script>\n<!-- \/ Yoast SEO plugin. -->","yoast_head_json":{"title":"(Fran\u00e7ais) H\u00f4tel Dieu (Paris) \u2013 AP-HP \u2013 Mai 2015 - AuditionSolidarit\u00e9","robots":{"index":"index","follow":"follow","max-snippet":"max-snippet:-1","max-image-preview":"max-image-preview:large","max-video-preview":"max-video-preview:-1"},"canonical":"https:\/\/www.auditionsolidarite.org\/en\/hotel-dieu-paris-ap-hp-mai-2015\/","og_locale":"en_US","og_type":"article","og_title":"(Fran\u00e7ais) H\u00f4tel Dieu (Paris) \u2013 AP-HP \u2013 Mai 2015 - AuditionSolidarit\u00e9","og_description":"Sorry, this entry is only available in French.2\u00e8me Mission humanitaire \u00e0 Paris &#8211; AP-HP &#8211; Mai 2015 Les 19 et 20 mai 2015 en la pr\u00e9sence de Martin Hirsch, directeur AP-HP et parrain de l&#8217;association, AuditionSolidarit\u00e9 s\u2019est associ\u00e9e pour la seconde fois \u00e0 l&#8217;AP-HP (Assistance Publique des H\u00f4pitaux de Paris) au sein de l&#8217;H\u00f4tel Dieu \u00e0 Paris. Le but \u00e9tait","og_url":"https:\/\/www.auditionsolidarite.org\/en\/hotel-dieu-paris-ap-hp-mai-2015\/","og_site_name":"AuditionSolidarit\u00e9","og_image":[{"width":600,"height":593,"url":"https:\/\/www.auditionsolidarite.org\/wp-content\/uploads\/2015\/07\/logo-audition-solidarite-e1446132259721.png","type":"image\/png"}],"twitter_card":"summary_large_image","twitter_misc":{"Est. reading time":"1 minute"},"schema":{"@context":"https:\/\/schema.org","@graph":[{"@type":"WebPage","@id":"https:\/\/www.auditionsolidarite.org\/en\/hotel-dieu-paris-ap-hp-mai-2015\/","url":"https:\/\/www.auditionsolidarite.org\/en\/hotel-dieu-paris-ap-hp-mai-2015\/","name":"(Fran\u00e7ais) H\u00f4tel Dieu (Paris) \u2013 AP-HP \u2013 Mai 2015 - AuditionSolidarit\u00e9","isPartOf":{"@id":"https:\/\/www.auditionsolidarite.org\/en\/#website"},"datePublished":"2015-11-26T14:48:18+00:00","dateModified":"2015-11-26T14:48:18+00:00","breadcrumb":{"@id":"https:\/\/www.auditionsolidarite.org\/en\/hotel-dieu-paris-ap-hp-mai-2015\/#breadcrumb"},"inLanguage":"en-US","potentialAction":[{"@type":"ReadAction","target":[["https:\/\/www.auditionsolidarite.org\/en\/hotel-dieu-paris-ap-hp-mai-2015\/"]]}]},{"@type":"BreadcrumbList","@id":"https:\/\/www.auditionsolidarite.org\/en\/hotel-dieu-paris-ap-hp-mai-2015\/#breadcrumb","itemListElement":[{"@type":"ListItem","position":1,"name":"Accueil","item":"https:\/\/www.auditionsolidarite.org\/en\/"},{"@type":"ListItem","position":2,"name":"H\u00f4tel Dieu (Paris) \u2013 AP-HP \u2013 Mai 2015"}]},{"@type":"WebSite","@id":"https:\/\/www.auditionsolidarite.org\/en\/#website","url":"https:\/\/www.auditionsolidarite.org\/en\/","name":"AuditionSolidarit\u00e9","description":"Le hasard n&#039;existe pas ! Si vous \u00eates l\u00e0 aujourd&#039;hui, c&#039;est que le monde de l&#039;audition vous touche... Alors merci d&#039;\u00eatre l\u00e0 !","publisher":{"@id":"https:\/\/www.auditionsolidarite.org\/en\/#organization"},"potentialAction":[{"@type":"SearchAction","target":{"@type":"EntryPoint","urlTemplate":"https:\/\/www.auditionsolidarite.org\/en\/?s={search_term_string}"},"query-input":"required name=search_term_string"}],"inLanguage":"en-US"},{"@type":"Organization","@id":"https:\/\/www.auditionsolidarite.org\/en\/#organization","name":"AuditionSolidarit\u00e9","url":"https:\/\/www.auditionsolidarite.org\/en\/","logo":{"@type":"ImageObject","inLanguage":"en-US","@id":"https:\/\/www.auditionsolidarite.org\/en\/#\/schema\/logo\/image\/","url":"https:\/\/www.auditionsolidarite.org\/wp-content\/uploads\/2015\/07\/logo-audition-solidarite-e1446132259721.png","contentUrl":"https:\/\/www.auditionsolidarite.org\/wp-content\/uploads\/2015\/07\/logo-audition-solidarite-e1446132259721.png","width":600,"height":593,"caption":"AuditionSolidarit\u00e9"},"image":{"@id":"https:\/\/www.auditionsolidarite.org\/en\/#\/schema\/logo\/image\/"}}]}},"_links":{"self":[{"href":"https:\/\/www.auditionsolidarite.org\/en\/wp-json\/wp\/v2\/pages\/4422"}],"collection":[{"href":"https:\/\/www.auditionsolidarite.org\/en\/wp-json\/wp\/v2\/pages"}],"about":[{"href":"https:\/\/www.auditionsolidarite.org\/en\/wp-json\/wp\/v2\/types\/page"}],"author":[{"embeddable":true,"href":"https:\/\/www.auditionsolidarite.org\/en\/wp-json\/wp\/v2\/users\/2"}],"replies":[{"embeddable":true,"href":"https:\/\/www.auditionsolidarite.org\/en\/wp-json\/wp\/v2\/comments?post=4422"}],"version-history":[{"count":1,"href":"https:\/\/www.auditionsolidarite.org\/en\/wp-json\/wp\/v2\/pages\/4422\/revisions"}],"predecessor-version":[{"id":4423,"href":"https:\/\/www.auditionsolidarite.org\/en\/wp-json\/wp\/v2\/pages\/4422\/revisions\/4423"}],"wp:attachment":[{"href":"https:\/\/www.auditionsolidarite.org\/en\/wp-json\/wp\/v2\/media?parent=4422"}],"curies":[{"name":"wp","href":"https:\/\/api.w.org\/{rel}","templated":true}]}}