{"id":4331,"date":"2015-10-28T11:31:17","date_gmt":"2015-10-28T10:31:17","guid":{"rendered":"http:\/\/demo.auditionsolidarite.org\/fr\/?page_id=4331"},"modified":"2015-10-28T11:31:17","modified_gmt":"2015-10-28T10:31:17","slug":"mission-humanitaire-tunisie-kairouan-2010","status":"publish","type":"page","link":"https:\/\/www.auditionsolidarite.org\/en\/mission-humanitaire-tunisie-kairouan-2010\/","title":{"rendered":"(Fran\u00e7ais) Mission humanitaire Tunisie &#8211; Kairouan 2010"},"content":{"rendered":"<p class=\"qtranxs-available-languages-message qtranxs-available-languages-message-en\">Sorry, this entry is only available in <a href=\"https:\/\/www.auditionsolidarite.org\/fr\/wp-json\/wp\/v2\/pages\/4331\" class=\"qtranxs-available-language-link qtranxs-available-language-link-fr\" title=\"Fran\u00e7ais\">French<\/a>.<\/p><h6>Mission humanitaire Tunisie &#8211; Kairouan juin 2010<b><br \/>\n<\/b><b><br \/>\n<\/b><b><br \/>\n<\/b><\/h6>\n<p>Tous les enfants de l\u2019ann\u00e9e pass\u00e9e ont \u00e9t\u00e9 revus<br \/>\nPlus de 100 enfants appareill\u00e9s,74 appareils auditifs adapt\u00e9s<br \/>\nPlus de 100 embouts sur mesure fait sur place gr\u00e2ce \u00e0 l\u2019installation d\u2019un laboratoire d\u2019embouts.<b><br \/>\n<\/b><br \/>\nNouveaut\u00e9\u00a0! Tous les enfants ont re\u00e7u une s\u00e9ance de d\u00e9couverte musicale\u00a0!<b><br \/>\n<\/b><br \/>\nMission r\u00e9ussie avec une \u00e9quipe de 9 personnes.<b><br \/>\n<\/b><b><br \/>\n<\/b><b><\/b><\/p>\n<p style=\"text-align: center;\"><strong>Vid\u00e9o de la mission<\/strong><\/p>\n<p style=\"text-align: center;\"><iframe loading=\"lazy\" src=\"https:\/\/www.youtube.com\/embed\/jizdV_R8j7s?feature=player_embedded\" width=\"640\" height=\"360\" frameborder=\"0\" allowfullscreen=\"allowfullscreen\"><\/iframe><\/p>","protected":false},"excerpt":{"rendered":"<p>Sorry, this entry is only available in French.Mission humanitaire Tunisie &#8211; Kairouan juin 2010 Tous les enfants de l\u2019ann\u00e9e pass\u00e9e ont \u00e9t\u00e9 revus Plus de 100 enfants appareill\u00e9s,74 appareils auditifs adapt\u00e9s Plus de 100 embouts sur mesure fait sur place gr\u00e2ce \u00e0 l\u2019installation d\u2019un laboratoire d\u2019embouts. Nouveaut\u00e9\u00a0! Tous les enfants ont re\u00e7u une s\u00e9ance de d\u00e9couverte musicale\u00a0! Mission r\u00e9ussie avec<\/p>\n","protected":false},"author":2,"featured_media":0,"parent":0,"menu_order":0,"comment_status":"closed","ping_status":"closed","template":"","meta":{"footnotes":""},"acf":[],"yoast_head":"<!-- This site is optimized with the Yoast SEO plugin v21.9.1 - https:\/\/yoast.com\/wordpress\/plugins\/seo\/ -->\n<title>(Fran\u00e7ais) Mission humanitaire Tunisie - Kairouan 2010 - AuditionSolidarit\u00e9<\/title>\n<meta name=\"robots\" content=\"index, follow, max-snippet:-1, max-image-preview:large, max-video-preview:-1\" \/>\n<link rel=\"canonical\" href=\"https:\/\/www.auditionsolidarite.org\/en\/mission-humanitaire-tunisie-kairouan-2010\/\" \/>\n<meta property=\"og:locale\" content=\"en_US\" \/>\n<meta property=\"og:type\" content=\"article\" \/>\n<meta property=\"og:title\" content=\"(Fran\u00e7ais) Mission humanitaire Tunisie - Kairouan 2010 - AuditionSolidarit\u00e9\" \/>\n<meta property=\"og:description\" content=\"Sorry, this entry is only available in French.Mission humanitaire Tunisie &#8211; Kairouan juin 2010 Tous les enfants de l\u2019ann\u00e9e pass\u00e9e ont \u00e9t\u00e9 revus Plus de 100 enfants appareill\u00e9s,74 appareils auditifs adapt\u00e9s Plus de 100 embouts sur mesure fait sur place gr\u00e2ce \u00e0 l\u2019installation d\u2019un laboratoire d\u2019embouts. Nouveaut\u00e9\u00a0! Tous les enfants ont re\u00e7u une s\u00e9ance de d\u00e9couverte musicale\u00a0! Mission r\u00e9ussie avec\" \/>\n<meta property=\"og:url\" content=\"https:\/\/www.auditionsolidarite.org\/en\/mission-humanitaire-tunisie-kairouan-2010\/\" \/>\n<meta property=\"og:site_name\" content=\"AuditionSolidarit\u00e9\" \/>\n<meta property=\"og:image\" content=\"https:\/\/www.auditionsolidarite.org\/wp-content\/uploads\/2015\/07\/logo-audition-solidarite-e1446132259721.png\" \/>\n\t<meta property=\"og:image:width\" content=\"600\" \/>\n\t<meta property=\"og:image:height\" content=\"593\" \/>\n\t<meta property=\"og:image:type\" content=\"image\/png\" \/>\n<meta name=\"twitter:card\" content=\"summary_large_image\" \/>\n<script type=\"application\/ld+json\" class=\"yoast-schema-graph\">{\"@context\":\"https:\/\/schema.org\",\"@graph\":[{\"@type\":\"WebPage\",\"@id\":\"https:\/\/www.auditionsolidarite.org\/en\/mission-humanitaire-tunisie-kairouan-2010\/\",\"url\":\"https:\/\/www.auditionsolidarite.org\/en\/mission-humanitaire-tunisie-kairouan-2010\/\",\"name\":\"(Fran\u00e7ais) Mission humanitaire Tunisie - Kairouan 2010 - AuditionSolidarit\u00e9\",\"isPartOf\":{\"@id\":\"https:\/\/www.auditionsolidarite.org\/en\/#website\"},\"datePublished\":\"2015-10-28T10:31:17+00:00\",\"dateModified\":\"2015-10-28T10:31:17+00:00\",\"breadcrumb\":{\"@id\":\"https:\/\/www.auditionsolidarite.org\/en\/mission-humanitaire-tunisie-kairouan-2010\/#breadcrumb\"},\"inLanguage\":\"en-US\",\"potentialAction\":[{\"@type\":\"ReadAction\",\"target\":[[\"https:\/\/www.auditionsolidarite.org\/en\/mission-humanitaire-tunisie-kairouan-2010\/\"]]}]},{\"@type\":\"BreadcrumbList\",\"@id\":\"https:\/\/www.auditionsolidarite.org\/en\/mission-humanitaire-tunisie-kairouan-2010\/#breadcrumb\",\"itemListElement\":[{\"@type\":\"ListItem\",\"position\":1,\"name\":\"Accueil\",\"item\":\"https:\/\/www.auditionsolidarite.org\/en\/\"},{\"@type\":\"ListItem\",\"position\":2,\"name\":\"Mission humanitaire Tunisie &#8211; Kairouan 2010\"}]},{\"@type\":\"WebSite\",\"@id\":\"https:\/\/www.auditionsolidarite.org\/en\/#website\",\"url\":\"https:\/\/www.auditionsolidarite.org\/en\/\",\"name\":\"AuditionSolidarit\u00e9\",\"description\":\"Le hasard n&#039;existe pas ! Si vous \u00eates l\u00e0 aujourd&#039;hui, c&#039;est que le monde de l&#039;audition vous touche... Alors merci d&#039;\u00eatre l\u00e0 !\",\"publisher\":{\"@id\":\"https:\/\/www.auditionsolidarite.org\/en\/#organization\"},\"potentialAction\":[{\"@type\":\"SearchAction\",\"target\":{\"@type\":\"EntryPoint\",\"urlTemplate\":\"https:\/\/www.auditionsolidarite.org\/en\/?s={search_term_string}\"},\"query-input\":\"required name=search_term_string\"}],\"inLanguage\":\"en-US\"},{\"@type\":\"Organization\",\"@id\":\"https:\/\/www.auditionsolidarite.org\/en\/#organization\",\"name\":\"AuditionSolidarit\u00e9\",\"url\":\"https:\/\/www.auditionsolidarite.org\/en\/\",\"logo\":{\"@type\":\"ImageObject\",\"inLanguage\":\"en-US\",\"@id\":\"https:\/\/www.auditionsolidarite.org\/en\/#\/schema\/logo\/image\/\",\"url\":\"https:\/\/www.auditionsolidarite.org\/wp-content\/uploads\/2015\/07\/logo-audition-solidarite-e1446132259721.png\",\"contentUrl\":\"https:\/\/www.auditionsolidarite.org\/wp-content\/uploads\/2015\/07\/logo-audition-solidarite-e1446132259721.png\",\"width\":600,\"height\":593,\"caption\":\"AuditionSolidarit\u00e9\"},\"image\":{\"@id\":\"https:\/\/www.auditionsolidarite.org\/en\/#\/schema\/logo\/image\/\"}}]}<\/script>\n<!-- \/ Yoast SEO plugin. -->","yoast_head_json":{"title":"(Fran\u00e7ais) Mission humanitaire Tunisie - Kairouan 2010 - AuditionSolidarit\u00e9","robots":{"index":"index","follow":"follow","max-snippet":"max-snippet:-1","max-image-preview":"max-image-preview:large","max-video-preview":"max-video-preview:-1"},"canonical":"https:\/\/www.auditionsolidarite.org\/en\/mission-humanitaire-tunisie-kairouan-2010\/","og_locale":"en_US","og_type":"article","og_title":"(Fran\u00e7ais) Mission humanitaire Tunisie - Kairouan 2010 - AuditionSolidarit\u00e9","og_description":"Sorry, this entry is only available in French.Mission humanitaire Tunisie &#8211; Kairouan juin 2010 Tous les enfants de l\u2019ann\u00e9e pass\u00e9e ont \u00e9t\u00e9 revus Plus de 100 enfants appareill\u00e9s,74 appareils auditifs adapt\u00e9s Plus de 100 embouts sur mesure fait sur place gr\u00e2ce \u00e0 l\u2019installation d\u2019un laboratoire d\u2019embouts. Nouveaut\u00e9\u00a0! Tous les enfants ont re\u00e7u une s\u00e9ance de d\u00e9couverte musicale\u00a0! Mission r\u00e9ussie avec","og_url":"https:\/\/www.auditionsolidarite.org\/en\/mission-humanitaire-tunisie-kairouan-2010\/","og_site_name":"AuditionSolidarit\u00e9","og_image":[{"width":600,"height":593,"url":"https:\/\/www.auditionsolidarite.org\/wp-content\/uploads\/2015\/07\/logo-audition-solidarite-e1446132259721.png","type":"image\/png"}],"twitter_card":"summary_large_image","schema":{"@context":"https:\/\/schema.org","@graph":[{"@type":"WebPage","@id":"https:\/\/www.auditionsolidarite.org\/en\/mission-humanitaire-tunisie-kairouan-2010\/","url":"https:\/\/www.auditionsolidarite.org\/en\/mission-humanitaire-tunisie-kairouan-2010\/","name":"(Fran\u00e7ais) Mission humanitaire Tunisie - Kairouan 2010 - AuditionSolidarit\u00e9","isPartOf":{"@id":"https:\/\/www.auditionsolidarite.org\/en\/#website"},"datePublished":"2015-10-28T10:31:17+00:00","dateModified":"2015-10-28T10:31:17+00:00","breadcrumb":{"@id":"https:\/\/www.auditionsolidarite.org\/en\/mission-humanitaire-tunisie-kairouan-2010\/#breadcrumb"},"inLanguage":"en-US","potentialAction":[{"@type":"ReadAction","target":[["https:\/\/www.auditionsolidarite.org\/en\/mission-humanitaire-tunisie-kairouan-2010\/"]]}]},{"@type":"BreadcrumbList","@id":"https:\/\/www.auditionsolidarite.org\/en\/mission-humanitaire-tunisie-kairouan-2010\/#breadcrumb","itemListElement":[{"@type":"ListItem","position":1,"name":"Accueil","item":"https:\/\/www.auditionsolidarite.org\/en\/"},{"@type":"ListItem","position":2,"name":"Mission humanitaire Tunisie &#8211; Kairouan 2010"}]},{"@type":"WebSite","@id":"https:\/\/www.auditionsolidarite.org\/en\/#website","url":"https:\/\/www.auditionsolidarite.org\/en\/","name":"AuditionSolidarit\u00e9","description":"Le hasard n&#039;existe pas ! Si vous \u00eates l\u00e0 aujourd&#039;hui, c&#039;est que le monde de l&#039;audition vous touche... Alors merci d&#039;\u00eatre l\u00e0 !","publisher":{"@id":"https:\/\/www.auditionsolidarite.org\/en\/#organization"},"potentialAction":[{"@type":"SearchAction","target":{"@type":"EntryPoint","urlTemplate":"https:\/\/www.auditionsolidarite.org\/en\/?s={search_term_string}"},"query-input":"required name=search_term_string"}],"inLanguage":"en-US"},{"@type":"Organization","@id":"https:\/\/www.auditionsolidarite.org\/en\/#organization","name":"AuditionSolidarit\u00e9","url":"https:\/\/www.auditionsolidarite.org\/en\/","logo":{"@type":"ImageObject","inLanguage":"en-US","@id":"https:\/\/www.auditionsolidarite.org\/en\/#\/schema\/logo\/image\/","url":"https:\/\/www.auditionsolidarite.org\/wp-content\/uploads\/2015\/07\/logo-audition-solidarite-e1446132259721.png","contentUrl":"https:\/\/www.auditionsolidarite.org\/wp-content\/uploads\/2015\/07\/logo-audition-solidarite-e1446132259721.png","width":600,"height":593,"caption":"AuditionSolidarit\u00e9"},"image":{"@id":"https:\/\/www.auditionsolidarite.org\/en\/#\/schema\/logo\/image\/"}}]}},"_links":{"self":[{"href":"https:\/\/www.auditionsolidarite.org\/en\/wp-json\/wp\/v2\/pages\/4331"}],"collection":[{"href":"https:\/\/www.auditionsolidarite.org\/en\/wp-json\/wp\/v2\/pages"}],"about":[{"href":"https:\/\/www.auditionsolidarite.org\/en\/wp-json\/wp\/v2\/types\/page"}],"author":[{"embeddable":true,"href":"https:\/\/www.auditionsolidarite.org\/en\/wp-json\/wp\/v2\/users\/2"}],"replies":[{"embeddable":true,"href":"https:\/\/www.auditionsolidarite.org\/en\/wp-json\/wp\/v2\/comments?post=4331"}],"version-history":[{"count":1,"href":"https:\/\/www.auditionsolidarite.org\/en\/wp-json\/wp\/v2\/pages\/4331\/revisions"}],"predecessor-version":[{"id":4332,"href":"https:\/\/www.auditionsolidarite.org\/en\/wp-json\/wp\/v2\/pages\/4331\/revisions\/4332"}],"wp:attachment":[{"href":"https:\/\/www.auditionsolidarite.org\/en\/wp-json\/wp\/v2\/media?parent=4331"}],"curies":[{"name":"wp","href":"https:\/\/api.w.org\/{rel}","templated":true}]}}