{"id":4327,"date":"2015-10-28T11:23:21","date_gmt":"2015-10-28T10:23:21","guid":{"rendered":"http:\/\/demo.auditionsolidarite.org\/fr\/?page_id=4327"},"modified":"2015-10-28T11:28:34","modified_gmt":"2015-10-28T10:28:34","slug":"mission-humanitaire-maroc-khenifra-2010","status":"publish","type":"page","link":"https:\/\/www.auditionsolidarite.org\/en\/mission-humanitaire-maroc-khenifra-2010\/","title":{"rendered":"(Fran\u00e7ais) Mission humanitaire Maroc &#8211; Kh\u00e9nifra 2010"},"content":{"rendered":"<p class=\"qtranxs-available-languages-message qtranxs-available-languages-message-en\">Sorry, this entry is only available in <a href=\"https:\/\/www.auditionsolidarite.org\/fr\/wp-json\/wp\/v2\/pages\/4327\" class=\"qtranxs-available-language-link qtranxs-available-language-link-fr\" title=\"Fran\u00e7ais\">French<\/a>.<\/p><h6>Mission humanitaire Maroc &#8211; Kh\u00e9nifra novembre 2010<b><br \/>\n<\/b><b><br \/>\n<\/b><\/h6>\n<p>AuditionSolidarit\u00e9 a revu plus de 30 enfants de Kasba Tadla, appareill\u00e9s en 2009.<br \/>\nPlus de 149 enfants ont \u00e9t\u00e9 vus et 90 enfants appareill\u00e9s.<br \/>\n125 appareils auditifs ont \u00e9t\u00e9 adapt\u00e9s ainsi que plus de 100 embouts sur mesure ont \u00e9t\u00e9 fabriqu\u00e9s sur place par AuditionSolidarit\u00e9.<b><br \/>\n<\/b><b><br \/>\n<\/b><\/p>\n<p>Mission r\u00e9ussie avec une \u00e9quipe de 10 personnes :<\/p>\n<p>Herv\u00e9 Lesouef, Jean-David Ammanou, Jehan Gutleben et Christine Bourger, audioproth\u00e9sistes<\/p>\n<p>Nicolas Wallaert, \u00e9tudiant en audioproth\u00e8se<\/p>\n<p>Virginie Gilabert et Clotilde Faure, orthophonistes<\/p>\n<p>Odile, Carole et Jean-Yves pour la logistique<b><br \/>\n<\/b><b><br \/>\n<\/b><b>\u00a0<\/b><\/p>\n<p style=\"text-align: center;\"><strong>Vid\u00e9o de la mission<\/strong><\/p>\n<p><b>\u00a0<\/b><\/p>\n<p style=\"text-align: center;\"><iframe loading=\"lazy\" src=\"https:\/\/www.youtube.com\/embed\/W25Mu8IcajI?feature=player_embedded\" width=\"640\" height=\"360\" frameborder=\"0\" allowfullscreen=\"allowfullscreen\"><\/iframe><\/p>","protected":false},"excerpt":{"rendered":"<p>Sorry, this entry is only available in French.Mission humanitaire Maroc &#8211; Kh\u00e9nifra novembre 2010 AuditionSolidarit\u00e9 a revu plus de 30 enfants de Kasba Tadla, appareill\u00e9s en 2009. Plus de 149 enfants ont \u00e9t\u00e9 vus et 90 enfants appareill\u00e9s. 125 appareils auditifs ont \u00e9t\u00e9 adapt\u00e9s ainsi que plus de 100 embouts sur mesure ont \u00e9t\u00e9 fabriqu\u00e9s sur place par AuditionSolidarit\u00e9. Mission<\/p>\n","protected":false},"author":2,"featured_media":0,"parent":0,"menu_order":0,"comment_status":"closed","ping_status":"closed","template":"","meta":{"footnotes":""},"acf":[],"yoast_head":"<!-- This site is optimized with the Yoast SEO plugin v21.9.1 - https:\/\/yoast.com\/wordpress\/plugins\/seo\/ -->\n<title>(Fran\u00e7ais) Mission humanitaire Maroc - Kh\u00e9nifra 2010 - AuditionSolidarit\u00e9<\/title>\n<meta name=\"robots\" content=\"index, follow, max-snippet:-1, max-image-preview:large, max-video-preview:-1\" \/>\n<link rel=\"canonical\" href=\"https:\/\/www.auditionsolidarite.org\/en\/mission-humanitaire-maroc-khenifra-2010\/\" \/>\n<meta property=\"og:locale\" content=\"en_US\" \/>\n<meta property=\"og:type\" content=\"article\" \/>\n<meta property=\"og:title\" content=\"(Fran\u00e7ais) Mission humanitaire Maroc - Kh\u00e9nifra 2010 - AuditionSolidarit\u00e9\" \/>\n<meta property=\"og:description\" content=\"Sorry, this entry is only available in French.Mission humanitaire Maroc &#8211; Kh\u00e9nifra novembre 2010 AuditionSolidarit\u00e9 a revu plus de 30 enfants de Kasba Tadla, appareill\u00e9s en 2009. Plus de 149 enfants ont \u00e9t\u00e9 vus et 90 enfants appareill\u00e9s. 125 appareils auditifs ont \u00e9t\u00e9 adapt\u00e9s ainsi que plus de 100 embouts sur mesure ont \u00e9t\u00e9 fabriqu\u00e9s sur place par AuditionSolidarit\u00e9. Mission\" \/>\n<meta property=\"og:url\" content=\"https:\/\/www.auditionsolidarite.org\/en\/mission-humanitaire-maroc-khenifra-2010\/\" \/>\n<meta property=\"og:site_name\" content=\"AuditionSolidarit\u00e9\" \/>\n<meta property=\"article:modified_time\" content=\"2015-10-28T10:28:34+00:00\" \/>\n<meta property=\"og:image\" content=\"https:\/\/www.auditionsolidarite.org\/wp-content\/uploads\/2015\/07\/logo-audition-solidarite-e1446132259721.png\" \/>\n\t<meta property=\"og:image:width\" content=\"600\" \/>\n\t<meta property=\"og:image:height\" content=\"593\" \/>\n\t<meta property=\"og:image:type\" content=\"image\/png\" \/>\n<meta name=\"twitter:card\" content=\"summary_large_image\" \/>\n<script type=\"application\/ld+json\" class=\"yoast-schema-graph\">{\"@context\":\"https:\/\/schema.org\",\"@graph\":[{\"@type\":\"WebPage\",\"@id\":\"https:\/\/www.auditionsolidarite.org\/en\/mission-humanitaire-maroc-khenifra-2010\/\",\"url\":\"https:\/\/www.auditionsolidarite.org\/en\/mission-humanitaire-maroc-khenifra-2010\/\",\"name\":\"(Fran\u00e7ais) Mission humanitaire Maroc - Kh\u00e9nifra 2010 - AuditionSolidarit\u00e9\",\"isPartOf\":{\"@id\":\"https:\/\/www.auditionsolidarite.org\/en\/#website\"},\"datePublished\":\"2015-10-28T10:23:21+00:00\",\"dateModified\":\"2015-10-28T10:28:34+00:00\",\"breadcrumb\":{\"@id\":\"https:\/\/www.auditionsolidarite.org\/en\/mission-humanitaire-maroc-khenifra-2010\/#breadcrumb\"},\"inLanguage\":\"en-US\",\"potentialAction\":[{\"@type\":\"ReadAction\",\"target\":[[\"https:\/\/www.auditionsolidarite.org\/en\/mission-humanitaire-maroc-khenifra-2010\/\"]]}]},{\"@type\":\"BreadcrumbList\",\"@id\":\"https:\/\/www.auditionsolidarite.org\/en\/mission-humanitaire-maroc-khenifra-2010\/#breadcrumb\",\"itemListElement\":[{\"@type\":\"ListItem\",\"position\":1,\"name\":\"Accueil\",\"item\":\"https:\/\/www.auditionsolidarite.org\/en\/\"},{\"@type\":\"ListItem\",\"position\":2,\"name\":\"Mission humanitaire Maroc &#8211; Kh\u00e9nifra 2010\"}]},{\"@type\":\"WebSite\",\"@id\":\"https:\/\/www.auditionsolidarite.org\/en\/#website\",\"url\":\"https:\/\/www.auditionsolidarite.org\/en\/\",\"name\":\"AuditionSolidarit\u00e9\",\"description\":\"Le hasard n&#039;existe pas ! Si vous \u00eates l\u00e0 aujourd&#039;hui, c&#039;est que le monde de l&#039;audition vous touche... Alors merci d&#039;\u00eatre l\u00e0 !\",\"publisher\":{\"@id\":\"https:\/\/www.auditionsolidarite.org\/en\/#organization\"},\"potentialAction\":[{\"@type\":\"SearchAction\",\"target\":{\"@type\":\"EntryPoint\",\"urlTemplate\":\"https:\/\/www.auditionsolidarite.org\/en\/?s={search_term_string}\"},\"query-input\":\"required name=search_term_string\"}],\"inLanguage\":\"en-US\"},{\"@type\":\"Organization\",\"@id\":\"https:\/\/www.auditionsolidarite.org\/en\/#organization\",\"name\":\"AuditionSolidarit\u00e9\",\"url\":\"https:\/\/www.auditionsolidarite.org\/en\/\",\"logo\":{\"@type\":\"ImageObject\",\"inLanguage\":\"en-US\",\"@id\":\"https:\/\/www.auditionsolidarite.org\/en\/#\/schema\/logo\/image\/\",\"url\":\"https:\/\/www.auditionsolidarite.org\/wp-content\/uploads\/2015\/07\/logo-audition-solidarite-e1446132259721.png\",\"contentUrl\":\"https:\/\/www.auditionsolidarite.org\/wp-content\/uploads\/2015\/07\/logo-audition-solidarite-e1446132259721.png\",\"width\":600,\"height\":593,\"caption\":\"AuditionSolidarit\u00e9\"},\"image\":{\"@id\":\"https:\/\/www.auditionsolidarite.org\/en\/#\/schema\/logo\/image\/\"}}]}<\/script>\n<!-- \/ Yoast SEO plugin. -->","yoast_head_json":{"title":"(Fran\u00e7ais) Mission humanitaire Maroc - Kh\u00e9nifra 2010 - AuditionSolidarit\u00e9","robots":{"index":"index","follow":"follow","max-snippet":"max-snippet:-1","max-image-preview":"max-image-preview:large","max-video-preview":"max-video-preview:-1"},"canonical":"https:\/\/www.auditionsolidarite.org\/en\/mission-humanitaire-maroc-khenifra-2010\/","og_locale":"en_US","og_type":"article","og_title":"(Fran\u00e7ais) Mission humanitaire Maroc - Kh\u00e9nifra 2010 - AuditionSolidarit\u00e9","og_description":"Sorry, this entry is only available in French.Mission humanitaire Maroc &#8211; Kh\u00e9nifra novembre 2010 AuditionSolidarit\u00e9 a revu plus de 30 enfants de Kasba Tadla, appareill\u00e9s en 2009. Plus de 149 enfants ont \u00e9t\u00e9 vus et 90 enfants appareill\u00e9s. 125 appareils auditifs ont \u00e9t\u00e9 adapt\u00e9s ainsi que plus de 100 embouts sur mesure ont \u00e9t\u00e9 fabriqu\u00e9s sur place par AuditionSolidarit\u00e9. Mission","og_url":"https:\/\/www.auditionsolidarite.org\/en\/mission-humanitaire-maroc-khenifra-2010\/","og_site_name":"AuditionSolidarit\u00e9","article_modified_time":"2015-10-28T10:28:34+00:00","og_image":[{"width":600,"height":593,"url":"https:\/\/www.auditionsolidarite.org\/wp-content\/uploads\/2015\/07\/logo-audition-solidarite-e1446132259721.png","type":"image\/png"}],"twitter_card":"summary_large_image","schema":{"@context":"https:\/\/schema.org","@graph":[{"@type":"WebPage","@id":"https:\/\/www.auditionsolidarite.org\/en\/mission-humanitaire-maroc-khenifra-2010\/","url":"https:\/\/www.auditionsolidarite.org\/en\/mission-humanitaire-maroc-khenifra-2010\/","name":"(Fran\u00e7ais) Mission humanitaire Maroc - Kh\u00e9nifra 2010 - AuditionSolidarit\u00e9","isPartOf":{"@id":"https:\/\/www.auditionsolidarite.org\/en\/#website"},"datePublished":"2015-10-28T10:23:21+00:00","dateModified":"2015-10-28T10:28:34+00:00","breadcrumb":{"@id":"https:\/\/www.auditionsolidarite.org\/en\/mission-humanitaire-maroc-khenifra-2010\/#breadcrumb"},"inLanguage":"en-US","potentialAction":[{"@type":"ReadAction","target":[["https:\/\/www.auditionsolidarite.org\/en\/mission-humanitaire-maroc-khenifra-2010\/"]]}]},{"@type":"BreadcrumbList","@id":"https:\/\/www.auditionsolidarite.org\/en\/mission-humanitaire-maroc-khenifra-2010\/#breadcrumb","itemListElement":[{"@type":"ListItem","position":1,"name":"Accueil","item":"https:\/\/www.auditionsolidarite.org\/en\/"},{"@type":"ListItem","position":2,"name":"Mission humanitaire Maroc &#8211; Kh\u00e9nifra 2010"}]},{"@type":"WebSite","@id":"https:\/\/www.auditionsolidarite.org\/en\/#website","url":"https:\/\/www.auditionsolidarite.org\/en\/","name":"AuditionSolidarit\u00e9","description":"Le hasard n&#039;existe pas ! Si vous \u00eates l\u00e0 aujourd&#039;hui, c&#039;est que le monde de l&#039;audition vous touche... Alors merci d&#039;\u00eatre l\u00e0 !","publisher":{"@id":"https:\/\/www.auditionsolidarite.org\/en\/#organization"},"potentialAction":[{"@type":"SearchAction","target":{"@type":"EntryPoint","urlTemplate":"https:\/\/www.auditionsolidarite.org\/en\/?s={search_term_string}"},"query-input":"required name=search_term_string"}],"inLanguage":"en-US"},{"@type":"Organization","@id":"https:\/\/www.auditionsolidarite.org\/en\/#organization","name":"AuditionSolidarit\u00e9","url":"https:\/\/www.auditionsolidarite.org\/en\/","logo":{"@type":"ImageObject","inLanguage":"en-US","@id":"https:\/\/www.auditionsolidarite.org\/en\/#\/schema\/logo\/image\/","url":"https:\/\/www.auditionsolidarite.org\/wp-content\/uploads\/2015\/07\/logo-audition-solidarite-e1446132259721.png","contentUrl":"https:\/\/www.auditionsolidarite.org\/wp-content\/uploads\/2015\/07\/logo-audition-solidarite-e1446132259721.png","width":600,"height":593,"caption":"AuditionSolidarit\u00e9"},"image":{"@id":"https:\/\/www.auditionsolidarite.org\/en\/#\/schema\/logo\/image\/"}}]}},"_links":{"self":[{"href":"https:\/\/www.auditionsolidarite.org\/en\/wp-json\/wp\/v2\/pages\/4327"}],"collection":[{"href":"https:\/\/www.auditionsolidarite.org\/en\/wp-json\/wp\/v2\/pages"}],"about":[{"href":"https:\/\/www.auditionsolidarite.org\/en\/wp-json\/wp\/v2\/types\/page"}],"author":[{"embeddable":true,"href":"https:\/\/www.auditionsolidarite.org\/en\/wp-json\/wp\/v2\/users\/2"}],"replies":[{"embeddable":true,"href":"https:\/\/www.auditionsolidarite.org\/en\/wp-json\/wp\/v2\/comments?post=4327"}],"version-history":[{"count":2,"href":"https:\/\/www.auditionsolidarite.org\/en\/wp-json\/wp\/v2\/pages\/4327\/revisions"}],"predecessor-version":[{"id":4330,"href":"https:\/\/www.auditionsolidarite.org\/en\/wp-json\/wp\/v2\/pages\/4327\/revisions\/4330"}],"wp:attachment":[{"href":"https:\/\/www.auditionsolidarite.org\/en\/wp-json\/wp\/v2\/media?parent=4327"}],"curies":[{"name":"wp","href":"https:\/\/api.w.org\/{rel}","templated":true}]}}