{"id":4293,"date":"2015-10-28T10:24:39","date_gmt":"2015-10-28T09:24:39","guid":{"rendered":"http:\/\/demo.auditionsolidarite.org\/fr\/?page_id=4293"},"modified":"2015-10-28T10:26:11","modified_gmt":"2015-10-28T09:26:11","slug":"mission-humanitaire-cameroun-bafoussam-2011","status":"publish","type":"page","link":"https:\/\/www.auditionsolidarite.org\/en\/mission-humanitaire-cameroun-bafoussam-2011\/","title":{"rendered":"(Fran\u00e7ais) Mission humanitaire Cameroun &#8211; Bafoussam 2011"},"content":{"rendered":"<p class=\"qtranxs-available-languages-message qtranxs-available-languages-message-en\">Sorry, this entry is only available in <a href=\"https:\/\/www.auditionsolidarite.org\/fr\/wp-json\/wp\/v2\/pages\/4293\" class=\"qtranxs-available-language-link qtranxs-available-language-link-fr\" title=\"Fran\u00e7ais\">French<\/a>.<\/p><h6>Mission humanitaire Cameroun &#8211; Bafoussam novembre 2011<b><br \/>\n<\/b><b><br \/>\n<\/b><\/h6>\n<p style=\"text-align: justify;\">Retour au Cersom \u00e0 Bafoussam pour la 3\u00e8me ann\u00e9e cons\u00e9cutive, 103 enfants appareill\u00e9s, 109 appareils auditifs adapt\u00e9s <b><br \/>\n<\/b>et plus de 100 embouts sur mesure fabriqu\u00e9s sur place.<\/p>\n<p style=\"text-align: justify;\">Merci \u00e0 tous !<br \/>\nMission r\u00e9ussie avec une \u00e9quipe de 10 personnes :<br \/>\nJean-Benoit Proriol, David Melliand et Christine Bourger, audioproth\u00e9sistes<br \/>\nNina Salvarezza, \u00e9tudiante en audioproth\u00e8se<br \/>\nRemy Garrel second\u00e9 par Jean-Yves Paquelet, au laboratoire d&#8217;embouts<br \/>\nClotilde Faure et Sylvie Haufricht, orthophonistes<br \/>\nOdile et Carole pour la logistique<b><br \/>\n<\/b><b><br \/>\n<\/b><\/p>\n<p style=\"text-align: center;\"><strong>Vid\u00e9o de la mission<\/strong><\/p>\n<p style=\"text-align: center;\"><iframe loading=\"lazy\" src=\"https:\/\/www.youtube.com\/embed\/tZYeaqdJTBw\" width=\"515\" height=\"386\" frameborder=\"0\" allowfullscreen=\"allowfullscreen\"><\/iframe><\/p>\n<p style=\"text-align: center;\"><strong>Interviews post-mission<\/strong><\/p>\n<table>\n<tbody>\n<tr>\n<td style=\"text-align: center; vertical-align: middle;\">R\u00e9my Garrel &#8211; fabricant d&#8217;embouts<br \/>\n<iframe loading=\"lazy\" src=\"https:\/\/www.youtube.com\/embed\/6sEWLq1Kiks\" width=\"260\" height=\"170\" frameborder=\"0\" allowfullscreen=\"allowfullscreen\"><\/iframe><\/td>\n<td style=\"text-align: center; vertical-align: middle;\">\u00a0Jean-Yves Paquelet &#8211; secr\u00e9tariat<br \/>\n<iframe loading=\"lazy\" src=\"https:\/\/www.youtube.com\/embed\/J-XXgq86lPg\" width=\"260\" height=\"170\" frameborder=\"0\" allowfullscreen=\"allowfullscreen\"><\/iframe><\/td>\n<td style=\"text-align: center; vertical-align: middle;\">\u00a0David Melliand &#8211; audioproth\u00e9siste<br \/>\n<iframe loading=\"lazy\" src=\"https:\/\/www.youtube.com\/embed\/yD0iTdkKneg\" width=\"260\" height=\"170\" frameborder=\"0\" allowfullscreen=\"allowfullscreen\"><\/iframe><\/td>\n<\/tr>\n<tr>\n<td style=\"text-align: center; vertical-align: middle;\">Jean-Beno\u00eet Proriol &#8211; audioproth\u00e9siste<br \/>\n<iframe loading=\"lazy\" src=\"https:\/\/www.youtube.com\/embed\/88gxXoU4MMM\" width=\"260\" height=\"170\" frameborder=\"0\" allowfullscreen=\"allowfullscreen\"><\/iframe><\/td>\n<td style=\"text-align: center; vertical-align: middle;\">Sylvie Haufricht &#8211; orthophoniste<br \/>\n<iframe loading=\"lazy\" src=\"https:\/\/www.youtube.com\/embed\/Asb4CfdHVOk\" width=\"260\" height=\"170\" frameborder=\"0\" allowfullscreen=\"allowfullscreen\"><\/iframe><\/td>\n<td style=\"text-align: center; vertical-align: middle;\">\u00a0Nina Salvarezza &#8211; \u00e9tudiante en audioproth\u00e9se<br \/>\n<iframe loading=\"lazy\" src=\"https:\/\/www.youtube.com\/embed\/QTk4HM8iA7s\" width=\"260\" height=\"170\" frameborder=\"0\" allowfullscreen=\"allowfullscreen\"><\/iframe><\/td>\n<\/tr>\n<tr>\n<td style=\"text-align: center; vertical-align: middle;\">Clotilde Faure &#8211; orthophoniste<br \/>\n<iframe loading=\"lazy\" src=\"https:\/\/www.youtube.com\/embed\/Y0Pc4wTCaK4\" width=\"260\" height=\"170\" frameborder=\"0\" allowfullscreen=\"allowfullscreen\"><\/iframe><\/td>\n<td style=\"text-align: center; vertical-align: middle;\"><\/td>\n<td style=\"text-align: center; vertical-align: middle;\"><\/td>\n<\/tr>\n<\/tbody>\n<\/table>","protected":false},"excerpt":{"rendered":"<p>Sorry, this entry is only available in French.Mission humanitaire Cameroun &#8211; Bafoussam novembre 2011 Retour au Cersom \u00e0 Bafoussam pour la 3\u00e8me ann\u00e9e cons\u00e9cutive, 103 enfants appareill\u00e9s, 109 appareils auditifs adapt\u00e9s et plus de 100 embouts sur mesure fabriqu\u00e9s sur place. Merci \u00e0 tous ! Mission r\u00e9ussie avec une \u00e9quipe de 10 personnes : Jean-Benoit Proriol, David Melliand et Christine<\/p>\n","protected":false},"author":2,"featured_media":0,"parent":0,"menu_order":0,"comment_status":"closed","ping_status":"closed","template":"","meta":{"footnotes":""},"acf":[],"yoast_head":"<!-- This site is optimized with the Yoast SEO plugin v21.9.1 - https:\/\/yoast.com\/wordpress\/plugins\/seo\/ -->\n<title>(Fran\u00e7ais) Mission humanitaire Cameroun - Bafoussam 2011 - AuditionSolidarit\u00e9<\/title>\n<meta name=\"robots\" content=\"index, follow, max-snippet:-1, max-image-preview:large, max-video-preview:-1\" \/>\n<link rel=\"canonical\" href=\"https:\/\/www.auditionsolidarite.org\/en\/mission-humanitaire-cameroun-bafoussam-2011\/\" \/>\n<meta property=\"og:locale\" content=\"en_US\" \/>\n<meta property=\"og:type\" content=\"article\" \/>\n<meta property=\"og:title\" content=\"(Fran\u00e7ais) Mission humanitaire Cameroun - Bafoussam 2011 - AuditionSolidarit\u00e9\" \/>\n<meta property=\"og:description\" content=\"Sorry, this entry is only available in French.Mission humanitaire Cameroun &#8211; Bafoussam novembre 2011 Retour au Cersom \u00e0 Bafoussam pour la 3\u00e8me ann\u00e9e cons\u00e9cutive, 103 enfants appareill\u00e9s, 109 appareils auditifs adapt\u00e9s et plus de 100 embouts sur mesure fabriqu\u00e9s sur place. Merci \u00e0 tous ! Mission r\u00e9ussie avec une \u00e9quipe de 10 personnes : Jean-Benoit Proriol, David Melliand et Christine\" \/>\n<meta property=\"og:url\" content=\"https:\/\/www.auditionsolidarite.org\/en\/mission-humanitaire-cameroun-bafoussam-2011\/\" \/>\n<meta property=\"og:site_name\" content=\"AuditionSolidarit\u00e9\" \/>\n<meta property=\"article:modified_time\" content=\"2015-10-28T09:26:11+00:00\" \/>\n<meta property=\"og:image\" content=\"https:\/\/www.auditionsolidarite.org\/wp-content\/uploads\/2015\/07\/logo-audition-solidarite-e1446132259721.png\" \/>\n\t<meta property=\"og:image:width\" content=\"600\" \/>\n\t<meta property=\"og:image:height\" content=\"593\" \/>\n\t<meta property=\"og:image:type\" content=\"image\/png\" \/>\n<meta name=\"twitter:card\" content=\"summary_large_image\" \/>\n<meta name=\"twitter:label1\" content=\"Est. reading time\" \/>\n\t<meta name=\"twitter:data1\" content=\"1 minute\" \/>\n<script type=\"application\/ld+json\" class=\"yoast-schema-graph\">{\"@context\":\"https:\/\/schema.org\",\"@graph\":[{\"@type\":\"WebPage\",\"@id\":\"https:\/\/www.auditionsolidarite.org\/en\/mission-humanitaire-cameroun-bafoussam-2011\/\",\"url\":\"https:\/\/www.auditionsolidarite.org\/en\/mission-humanitaire-cameroun-bafoussam-2011\/\",\"name\":\"(Fran\u00e7ais) Mission humanitaire Cameroun - Bafoussam 2011 - AuditionSolidarit\u00e9\",\"isPartOf\":{\"@id\":\"https:\/\/www.auditionsolidarite.org\/en\/#website\"},\"datePublished\":\"2015-10-28T09:24:39+00:00\",\"dateModified\":\"2015-10-28T09:26:11+00:00\",\"breadcrumb\":{\"@id\":\"https:\/\/www.auditionsolidarite.org\/en\/mission-humanitaire-cameroun-bafoussam-2011\/#breadcrumb\"},\"inLanguage\":\"en-US\",\"potentialAction\":[{\"@type\":\"ReadAction\",\"target\":[[\"https:\/\/www.auditionsolidarite.org\/en\/mission-humanitaire-cameroun-bafoussam-2011\/\"]]}]},{\"@type\":\"BreadcrumbList\",\"@id\":\"https:\/\/www.auditionsolidarite.org\/en\/mission-humanitaire-cameroun-bafoussam-2011\/#breadcrumb\",\"itemListElement\":[{\"@type\":\"ListItem\",\"position\":1,\"name\":\"Accueil\",\"item\":\"https:\/\/www.auditionsolidarite.org\/en\/\"},{\"@type\":\"ListItem\",\"position\":2,\"name\":\"Mission humanitaire Cameroun &#8211; Bafoussam 2011\"}]},{\"@type\":\"WebSite\",\"@id\":\"https:\/\/www.auditionsolidarite.org\/en\/#website\",\"url\":\"https:\/\/www.auditionsolidarite.org\/en\/\",\"name\":\"AuditionSolidarit\u00e9\",\"description\":\"Le hasard n&#039;existe pas ! Si vous \u00eates l\u00e0 aujourd&#039;hui, c&#039;est que le monde de l&#039;audition vous touche... Alors merci d&#039;\u00eatre l\u00e0 !\",\"publisher\":{\"@id\":\"https:\/\/www.auditionsolidarite.org\/en\/#organization\"},\"potentialAction\":[{\"@type\":\"SearchAction\",\"target\":{\"@type\":\"EntryPoint\",\"urlTemplate\":\"https:\/\/www.auditionsolidarite.org\/en\/?s={search_term_string}\"},\"query-input\":\"required name=search_term_string\"}],\"inLanguage\":\"en-US\"},{\"@type\":\"Organization\",\"@id\":\"https:\/\/www.auditionsolidarite.org\/en\/#organization\",\"name\":\"AuditionSolidarit\u00e9\",\"url\":\"https:\/\/www.auditionsolidarite.org\/en\/\",\"logo\":{\"@type\":\"ImageObject\",\"inLanguage\":\"en-US\",\"@id\":\"https:\/\/www.auditionsolidarite.org\/en\/#\/schema\/logo\/image\/\",\"url\":\"https:\/\/www.auditionsolidarite.org\/wp-content\/uploads\/2015\/07\/logo-audition-solidarite-e1446132259721.png\",\"contentUrl\":\"https:\/\/www.auditionsolidarite.org\/wp-content\/uploads\/2015\/07\/logo-audition-solidarite-e1446132259721.png\",\"width\":600,\"height\":593,\"caption\":\"AuditionSolidarit\u00e9\"},\"image\":{\"@id\":\"https:\/\/www.auditionsolidarite.org\/en\/#\/schema\/logo\/image\/\"}}]}<\/script>\n<!-- \/ Yoast SEO plugin. -->","yoast_head_json":{"title":"(Fran\u00e7ais) Mission humanitaire Cameroun - Bafoussam 2011 - AuditionSolidarit\u00e9","robots":{"index":"index","follow":"follow","max-snippet":"max-snippet:-1","max-image-preview":"max-image-preview:large","max-video-preview":"max-video-preview:-1"},"canonical":"https:\/\/www.auditionsolidarite.org\/en\/mission-humanitaire-cameroun-bafoussam-2011\/","og_locale":"en_US","og_type":"article","og_title":"(Fran\u00e7ais) Mission humanitaire Cameroun - Bafoussam 2011 - AuditionSolidarit\u00e9","og_description":"Sorry, this entry is only available in French.Mission humanitaire Cameroun &#8211; Bafoussam novembre 2011 Retour au Cersom \u00e0 Bafoussam pour la 3\u00e8me ann\u00e9e cons\u00e9cutive, 103 enfants appareill\u00e9s, 109 appareils auditifs adapt\u00e9s et plus de 100 embouts sur mesure fabriqu\u00e9s sur place. Merci \u00e0 tous ! Mission r\u00e9ussie avec une \u00e9quipe de 10 personnes : Jean-Benoit Proriol, David Melliand et Christine","og_url":"https:\/\/www.auditionsolidarite.org\/en\/mission-humanitaire-cameroun-bafoussam-2011\/","og_site_name":"AuditionSolidarit\u00e9","article_modified_time":"2015-10-28T09:26:11+00:00","og_image":[{"width":600,"height":593,"url":"https:\/\/www.auditionsolidarite.org\/wp-content\/uploads\/2015\/07\/logo-audition-solidarite-e1446132259721.png","type":"image\/png"}],"twitter_card":"summary_large_image","twitter_misc":{"Est. reading time":"1 minute"},"schema":{"@context":"https:\/\/schema.org","@graph":[{"@type":"WebPage","@id":"https:\/\/www.auditionsolidarite.org\/en\/mission-humanitaire-cameroun-bafoussam-2011\/","url":"https:\/\/www.auditionsolidarite.org\/en\/mission-humanitaire-cameroun-bafoussam-2011\/","name":"(Fran\u00e7ais) Mission humanitaire Cameroun - Bafoussam 2011 - AuditionSolidarit\u00e9","isPartOf":{"@id":"https:\/\/www.auditionsolidarite.org\/en\/#website"},"datePublished":"2015-10-28T09:24:39+00:00","dateModified":"2015-10-28T09:26:11+00:00","breadcrumb":{"@id":"https:\/\/www.auditionsolidarite.org\/en\/mission-humanitaire-cameroun-bafoussam-2011\/#breadcrumb"},"inLanguage":"en-US","potentialAction":[{"@type":"ReadAction","target":[["https:\/\/www.auditionsolidarite.org\/en\/mission-humanitaire-cameroun-bafoussam-2011\/"]]}]},{"@type":"BreadcrumbList","@id":"https:\/\/www.auditionsolidarite.org\/en\/mission-humanitaire-cameroun-bafoussam-2011\/#breadcrumb","itemListElement":[{"@type":"ListItem","position":1,"name":"Accueil","item":"https:\/\/www.auditionsolidarite.org\/en\/"},{"@type":"ListItem","position":2,"name":"Mission humanitaire Cameroun &#8211; Bafoussam 2011"}]},{"@type":"WebSite","@id":"https:\/\/www.auditionsolidarite.org\/en\/#website","url":"https:\/\/www.auditionsolidarite.org\/en\/","name":"AuditionSolidarit\u00e9","description":"Le hasard n&#039;existe pas ! Si vous \u00eates l\u00e0 aujourd&#039;hui, c&#039;est que le monde de l&#039;audition vous touche... Alors merci d&#039;\u00eatre l\u00e0 !","publisher":{"@id":"https:\/\/www.auditionsolidarite.org\/en\/#organization"},"potentialAction":[{"@type":"SearchAction","target":{"@type":"EntryPoint","urlTemplate":"https:\/\/www.auditionsolidarite.org\/en\/?s={search_term_string}"},"query-input":"required name=search_term_string"}],"inLanguage":"en-US"},{"@type":"Organization","@id":"https:\/\/www.auditionsolidarite.org\/en\/#organization","name":"AuditionSolidarit\u00e9","url":"https:\/\/www.auditionsolidarite.org\/en\/","logo":{"@type":"ImageObject","inLanguage":"en-US","@id":"https:\/\/www.auditionsolidarite.org\/en\/#\/schema\/logo\/image\/","url":"https:\/\/www.auditionsolidarite.org\/wp-content\/uploads\/2015\/07\/logo-audition-solidarite-e1446132259721.png","contentUrl":"https:\/\/www.auditionsolidarite.org\/wp-content\/uploads\/2015\/07\/logo-audition-solidarite-e1446132259721.png","width":600,"height":593,"caption":"AuditionSolidarit\u00e9"},"image":{"@id":"https:\/\/www.auditionsolidarite.org\/en\/#\/schema\/logo\/image\/"}}]}},"_links":{"self":[{"href":"https:\/\/www.auditionsolidarite.org\/en\/wp-json\/wp\/v2\/pages\/4293"}],"collection":[{"href":"https:\/\/www.auditionsolidarite.org\/en\/wp-json\/wp\/v2\/pages"}],"about":[{"href":"https:\/\/www.auditionsolidarite.org\/en\/wp-json\/wp\/v2\/types\/page"}],"author":[{"embeddable":true,"href":"https:\/\/www.auditionsolidarite.org\/en\/wp-json\/wp\/v2\/users\/2"}],"replies":[{"embeddable":true,"href":"https:\/\/www.auditionsolidarite.org\/en\/wp-json\/wp\/v2\/comments?post=4293"}],"version-history":[{"count":2,"href":"https:\/\/www.auditionsolidarite.org\/en\/wp-json\/wp\/v2\/pages\/4293\/revisions"}],"predecessor-version":[{"id":4301,"href":"https:\/\/www.auditionsolidarite.org\/en\/wp-json\/wp\/v2\/pages\/4293\/revisions\/4301"}],"wp:attachment":[{"href":"https:\/\/www.auditionsolidarite.org\/en\/wp-json\/wp\/v2\/media?parent=4293"}],"curies":[{"name":"wp","href":"https:\/\/api.w.org\/{rel}","templated":true}]}}