{"id":4188,"date":"2015-10-13T13:10:25","date_gmt":"2015-10-13T12:10:25","guid":{"rendered":"http:\/\/demo.auditionsolidarite.org\/?page_id=4188"},"modified":"2015-10-13T13:53:34","modified_gmt":"2015-10-13T12:53:34","slug":"mission-humanitaire-a-paris-les-enfants-du-canal-avril-2014","status":"publish","type":"page","link":"https:\/\/www.auditionsolidarite.org\/en\/mission-humanitaire-a-paris-les-enfants-du-canal-avril-2014\/","title":{"rendered":"(Fran\u00e7ais) Mission humanitaire \u00e0 Paris &#8211; Les Enfants du Canal &#8211; Avril 2014"},"content":{"rendered":"<p class=\"qtranxs-available-languages-message qtranxs-available-languages-message-en\">Sorry, this entry is only available in <a href=\"https:\/\/www.auditionsolidarite.org\/fr\/wp-json\/wp\/v2\/pages\/4188\" class=\"qtranxs-available-language-link qtranxs-available-language-link-fr\" title=\"Fran\u00e7ais\">French<\/a>.<\/p><h6>Mission humanitaire \u00e0 Paris &#8211; Les Enfants du Canal &#8211; Avril 2014<\/h6>\n<p>Les 28 et 29 avril 2014, AuditionSolidarit\u00e9 s\u2019est \u00e0 nouveau associ\u00e9e \u00e0 l&#8217;association Les Enfants du Canal ainsi que 8 autres associations fran\u00e7aises reconnues dans la solidarit\u00e9.<br \/>\nLe but \u00e9tant de prendre en charge les probl\u00e8mes d\u2019audition de personnes Sans Domicile Fixe.<b><br \/>\n<\/b><br \/>\nNous avons vu 32 personnes, toutes ces personnes sont pass\u00e9es en consultation avec l\u2019ORL.<br \/>\nNous avons appareill\u00e9 15 personnes, adapt\u00e9 26 appareils et donc fabriqu\u00e9 sur place 26 embouts sur-mesure.<br \/>\nLes autres personnes sont venues pour un contr\u00f4le essentiellement, un conseil mais aussi<br \/>\ndes bouchons ont \u00e9t\u00e9 enlev\u00e9s et 2 personnes appareill\u00e9es sur la mission d\u2019octobre 2013 sont revenues et ont \u00e9t\u00e9 recontr\u00f4l\u00e9es au niveau de leur appareillage. Ce qui est g\u00e9nial !<b><br \/>\n<\/b><br \/>\n<strong>Mission r\u00e9ussie avec des \u00e9quipes solidaires : <\/strong><br \/>\nMerci aux audioproth\u00e9sistes : G\u00e9raldine Echinard, Gilles Kultcheyan,Olivier Akerib, Christine Bourger et Macha Lagune \u00e9tudiante en audioproth\u00e8se<br \/>\nMerci \u00e0 Luc Moulonguet, ORL<br \/>\nMerci \u00e0 Mich\u00e8le Dumay, orthophoniste<br \/>\nMerci \u00e0 Corine Braizat pour le secr\u00e9tariat<br \/>\nMerci \u00e0 Carole et Odile pour la logistique<\/p>\n<p>Merci \u00e0 toute l&#8217;\u00e9quipe des Enfants du Canal, \u00e0 Christophe Louis, \u00e0 C\u00e9dric Lautard et \u00e0 Cl\u00e9ment !<br \/>\nMerci \u00e0 Martin Hirsch pour son soutien et sa pr\u00e9sence.<br \/>\nMerci \u00e0 toutes les associations qui se sont impliqu\u00e9es !<b><br \/>\n<\/b><b><br \/>\n<\/b><\/p>\n<p style=\"text-align: center;\"><strong>Reportage sur France5<br \/>\nMagazine de la Sant\u00e9 &#8211; mai 2014<\/strong><\/p>\n<p style=\"text-align: center;\"><iframe loading=\"lazy\" src=\"https:\/\/www.youtube.com\/embed\/WpB7tEDg4-A\" width=\"400\" height=\"270\" frameborder=\"0\" allowfullscreen=\"allowfullscreen\"><\/iframe><\/p>\n<p>&nbsp;<\/p>\n<table>\n<tbody>\n<tr>\n<td><strong>Interview Martin HIRSH &#8211; directeur de l&#8217;AP-HP<\/strong><br \/>\n<iframe loading=\"lazy\" src=\"https:\/\/www.youtube.com\/embed\/5qh_wbvfbR4\" width=\"260\" height=\"170\" frameborder=\"0\" allowfullscreen=\"allowfullscreen\"><\/iframe><\/td>\n<td><strong>C\u00e9dric Lautard &#8211; Les Enfants du Canal<\/strong><br \/>\n<iframe loading=\"lazy\" src=\"https:\/\/www.youtube.com\/embed\/ijofWPdb2Us\" width=\"260\" height=\"170\" frameborder=\"0\" allowfullscreen=\"allowfullscreen\"><\/iframe><\/td>\n<td><strong>Luc Moulonguet &#8211; ORL<\/strong><br \/>\n<iframe loading=\"lazy\" src=\"https:\/\/www.youtube.com\/embed\/4oSTMxpCa4o\" width=\"260\" height=\"170\" frameborder=\"0\" allowfullscreen=\"allowfullscreen\"><\/iframe><\/td>\n<\/tr>\n<tr>\n<td><strong><b><br \/>\n<\/b>Olivier Ak\u00e9rib &#8211; audioproth\u00e9siste<\/strong><br \/>\n<iframe loading=\"lazy\" src=\"https:\/\/www.youtube.com\/embed\/KXzYB015Sf0\" width=\"260\" height=\"170\" frameborder=\"0\" allowfullscreen=\"allowfullscreen\"><\/iframe><\/td>\n<td><strong><b><br \/>\n<\/b>G\u00e9raldine Echinard &#8211; audioproth\u00e9siste<\/strong><br \/>\n<iframe loading=\"lazy\" src=\"https:\/\/www.youtube.com\/embed\/K-wSYQJYSJY\" width=\"260\" height=\"170\" frameborder=\"0\" allowfullscreen=\"allowfullscreen\"><\/iframe><\/td>\n<td>\n<div class=\"ytp-html5-clipboard\"><strong><b><br \/>\n<\/b>Gilles Kultcheyan &#8211; audioproth\u00e9siste<br \/>\n<\/strong><\/div>\n<p><iframe loading=\"lazy\" src=\"https:\/\/www.youtube.com\/embed\/0jcJGinE0Wk\" width=\"260\" height=\"170\" frameborder=\"0\" allowfullscreen=\"allowfullscreen\"><\/iframe><\/td>\n<\/tr>\n<tr>\n<td><strong><b><br \/>\n<\/b>Corine Braizat<\/strong><br \/>\n<iframe loading=\"lazy\" src=\"https:\/\/www.youtube.com\/embed\/7jazlQnnRSI\" width=\"260\" height=\"170\" frameborder=\"0\" allowfullscreen=\"allowfullscreen\"><\/iframe><\/td>\n<td><strong><b><br \/>\n<\/b>Mich\u00e8le Dumay &#8211; orthophoniste<\/strong><br \/>\n<iframe loading=\"lazy\" src=\"https:\/\/www.youtube.com\/embed\/otaur8n5SVM\" width=\"260\" height=\"170\" frameborder=\"0\" allowfullscreen=\"allowfullscreen\"><\/iframe><\/td>\n<td><strong><b><br \/>\n<\/b>Macha Lagune &#8211; \u00e9tudiante en audioproth\u00e8se<\/strong><br \/>\n<iframe loading=\"lazy\" src=\"https:\/\/www.youtube.com\/embed\/fj_dXXYveXo\" width=\"260\" height=\"170\" frameborder=\"0\" allowfullscreen=\"allowfullscreen\"><\/iframe><\/td>\n<\/tr>\n<\/tbody>\n<\/table>\n<p>&nbsp;","protected":false},"excerpt":{"rendered":"<p>Sorry, this entry is only available in French.Mission humanitaire \u00e0 Paris &#8211; Les Enfants du Canal &#8211; Avril 2014 Les 28 et 29 avril 2014, AuditionSolidarit\u00e9 s\u2019est \u00e0 nouveau associ\u00e9e \u00e0 l&#8217;association Les Enfants du Canal ainsi que 8 autres associations fran\u00e7aises reconnues dans la solidarit\u00e9. Le but \u00e9tant de prendre en charge les probl\u00e8mes d\u2019audition de personnes Sans Domicile<\/p>\n","protected":false},"author":2,"featured_media":0,"parent":0,"menu_order":0,"comment_status":"closed","ping_status":"closed","template":"","meta":{"footnotes":""},"acf":[],"yoast_head":"<!-- This site is optimized with the Yoast SEO plugin v21.9.1 - https:\/\/yoast.com\/wordpress\/plugins\/seo\/ -->\n<title>(Fran\u00e7ais) Mission humanitaire \u00e0 Paris - Les Enfants du Canal - Avril 2014 - AuditionSolidarit\u00e9<\/title>\n<meta name=\"robots\" content=\"index, follow, max-snippet:-1, max-image-preview:large, max-video-preview:-1\" \/>\n<link rel=\"canonical\" href=\"https:\/\/www.auditionsolidarite.org\/en\/mission-humanitaire-a-paris-les-enfants-du-canal-avril-2014\/\" \/>\n<meta property=\"og:locale\" content=\"en_US\" \/>\n<meta property=\"og:type\" content=\"article\" \/>\n<meta property=\"og:title\" content=\"(Fran\u00e7ais) Mission humanitaire \u00e0 Paris - Les Enfants du Canal - Avril 2014 - AuditionSolidarit\u00e9\" \/>\n<meta property=\"og:description\" content=\"Sorry, this entry is only available in French.Mission humanitaire \u00e0 Paris &#8211; Les Enfants du Canal &#8211; Avril 2014 Les 28 et 29 avril 2014, AuditionSolidarit\u00e9 s\u2019est \u00e0 nouveau associ\u00e9e \u00e0 l&#8217;association Les Enfants du Canal ainsi que 8 autres associations fran\u00e7aises reconnues dans la solidarit\u00e9. Le but \u00e9tant de prendre en charge les probl\u00e8mes d\u2019audition de personnes Sans Domicile\" \/>\n<meta property=\"og:url\" content=\"https:\/\/www.auditionsolidarite.org\/en\/mission-humanitaire-a-paris-les-enfants-du-canal-avril-2014\/\" \/>\n<meta property=\"og:site_name\" content=\"AuditionSolidarit\u00e9\" \/>\n<meta property=\"article:modified_time\" content=\"2015-10-13T12:53:34+00:00\" \/>\n<meta property=\"og:image\" content=\"https:\/\/www.auditionsolidarite.org\/wp-content\/uploads\/2015\/07\/logo-audition-solidarite-e1446132259721.png\" \/>\n\t<meta property=\"og:image:width\" content=\"600\" \/>\n\t<meta property=\"og:image:height\" content=\"593\" \/>\n\t<meta property=\"og:image:type\" content=\"image\/png\" \/>\n<meta name=\"twitter:card\" content=\"summary_large_image\" \/>\n<meta name=\"twitter:label1\" content=\"Est. reading time\" \/>\n\t<meta name=\"twitter:data1\" content=\"1 minute\" \/>\n<script type=\"application\/ld+json\" class=\"yoast-schema-graph\">{\"@context\":\"https:\/\/schema.org\",\"@graph\":[{\"@type\":\"WebPage\",\"@id\":\"https:\/\/www.auditionsolidarite.org\/en\/mission-humanitaire-a-paris-les-enfants-du-canal-avril-2014\/\",\"url\":\"https:\/\/www.auditionsolidarite.org\/en\/mission-humanitaire-a-paris-les-enfants-du-canal-avril-2014\/\",\"name\":\"(Fran\u00e7ais) Mission humanitaire \u00e0 Paris - Les Enfants du Canal - Avril 2014 - AuditionSolidarit\u00e9\",\"isPartOf\":{\"@id\":\"https:\/\/www.auditionsolidarite.org\/en\/#website\"},\"datePublished\":\"2015-10-13T12:10:25+00:00\",\"dateModified\":\"2015-10-13T12:53:34+00:00\",\"breadcrumb\":{\"@id\":\"https:\/\/www.auditionsolidarite.org\/en\/mission-humanitaire-a-paris-les-enfants-du-canal-avril-2014\/#breadcrumb\"},\"inLanguage\":\"en-US\",\"potentialAction\":[{\"@type\":\"ReadAction\",\"target\":[[\"https:\/\/www.auditionsolidarite.org\/en\/mission-humanitaire-a-paris-les-enfants-du-canal-avril-2014\/\"]]}]},{\"@type\":\"BreadcrumbList\",\"@id\":\"https:\/\/www.auditionsolidarite.org\/en\/mission-humanitaire-a-paris-les-enfants-du-canal-avril-2014\/#breadcrumb\",\"itemListElement\":[{\"@type\":\"ListItem\",\"position\":1,\"name\":\"Accueil\",\"item\":\"https:\/\/www.auditionsolidarite.org\/en\/\"},{\"@type\":\"ListItem\",\"position\":2,\"name\":\"Mission humanitaire \u00e0 Paris &#8211; Les Enfants du Canal &#8211; Avril 2014\"}]},{\"@type\":\"WebSite\",\"@id\":\"https:\/\/www.auditionsolidarite.org\/en\/#website\",\"url\":\"https:\/\/www.auditionsolidarite.org\/en\/\",\"name\":\"AuditionSolidarit\u00e9\",\"description\":\"Le hasard n&#039;existe pas ! Si vous \u00eates l\u00e0 aujourd&#039;hui, c&#039;est que le monde de l&#039;audition vous touche... Alors merci d&#039;\u00eatre l\u00e0 !\",\"publisher\":{\"@id\":\"https:\/\/www.auditionsolidarite.org\/en\/#organization\"},\"potentialAction\":[{\"@type\":\"SearchAction\",\"target\":{\"@type\":\"EntryPoint\",\"urlTemplate\":\"https:\/\/www.auditionsolidarite.org\/en\/?s={search_term_string}\"},\"query-input\":\"required name=search_term_string\"}],\"inLanguage\":\"en-US\"},{\"@type\":\"Organization\",\"@id\":\"https:\/\/www.auditionsolidarite.org\/en\/#organization\",\"name\":\"AuditionSolidarit\u00e9\",\"url\":\"https:\/\/www.auditionsolidarite.org\/en\/\",\"logo\":{\"@type\":\"ImageObject\",\"inLanguage\":\"en-US\",\"@id\":\"https:\/\/www.auditionsolidarite.org\/en\/#\/schema\/logo\/image\/\",\"url\":\"https:\/\/www.auditionsolidarite.org\/wp-content\/uploads\/2015\/07\/logo-audition-solidarite-e1446132259721.png\",\"contentUrl\":\"https:\/\/www.auditionsolidarite.org\/wp-content\/uploads\/2015\/07\/logo-audition-solidarite-e1446132259721.png\",\"width\":600,\"height\":593,\"caption\":\"AuditionSolidarit\u00e9\"},\"image\":{\"@id\":\"https:\/\/www.auditionsolidarite.org\/en\/#\/schema\/logo\/image\/\"}}]}<\/script>\n<!-- \/ Yoast SEO plugin. -->","yoast_head_json":{"title":"(Fran\u00e7ais) Mission humanitaire \u00e0 Paris - Les Enfants du Canal - Avril 2014 - AuditionSolidarit\u00e9","robots":{"index":"index","follow":"follow","max-snippet":"max-snippet:-1","max-image-preview":"max-image-preview:large","max-video-preview":"max-video-preview:-1"},"canonical":"https:\/\/www.auditionsolidarite.org\/en\/mission-humanitaire-a-paris-les-enfants-du-canal-avril-2014\/","og_locale":"en_US","og_type":"article","og_title":"(Fran\u00e7ais) Mission humanitaire \u00e0 Paris - Les Enfants du Canal - Avril 2014 - AuditionSolidarit\u00e9","og_description":"Sorry, this entry is only available in French.Mission humanitaire \u00e0 Paris &#8211; Les Enfants du Canal &#8211; Avril 2014 Les 28 et 29 avril 2014, AuditionSolidarit\u00e9 s\u2019est \u00e0 nouveau associ\u00e9e \u00e0 l&#8217;association Les Enfants du Canal ainsi que 8 autres associations fran\u00e7aises reconnues dans la solidarit\u00e9. Le but \u00e9tant de prendre en charge les probl\u00e8mes d\u2019audition de personnes Sans Domicile","og_url":"https:\/\/www.auditionsolidarite.org\/en\/mission-humanitaire-a-paris-les-enfants-du-canal-avril-2014\/","og_site_name":"AuditionSolidarit\u00e9","article_modified_time":"2015-10-13T12:53:34+00:00","og_image":[{"width":600,"height":593,"url":"https:\/\/www.auditionsolidarite.org\/wp-content\/uploads\/2015\/07\/logo-audition-solidarite-e1446132259721.png","type":"image\/png"}],"twitter_card":"summary_large_image","twitter_misc":{"Est. reading time":"1 minute"},"schema":{"@context":"https:\/\/schema.org","@graph":[{"@type":"WebPage","@id":"https:\/\/www.auditionsolidarite.org\/en\/mission-humanitaire-a-paris-les-enfants-du-canal-avril-2014\/","url":"https:\/\/www.auditionsolidarite.org\/en\/mission-humanitaire-a-paris-les-enfants-du-canal-avril-2014\/","name":"(Fran\u00e7ais) Mission humanitaire \u00e0 Paris - Les Enfants du Canal - Avril 2014 - AuditionSolidarit\u00e9","isPartOf":{"@id":"https:\/\/www.auditionsolidarite.org\/en\/#website"},"datePublished":"2015-10-13T12:10:25+00:00","dateModified":"2015-10-13T12:53:34+00:00","breadcrumb":{"@id":"https:\/\/www.auditionsolidarite.org\/en\/mission-humanitaire-a-paris-les-enfants-du-canal-avril-2014\/#breadcrumb"},"inLanguage":"en-US","potentialAction":[{"@type":"ReadAction","target":[["https:\/\/www.auditionsolidarite.org\/en\/mission-humanitaire-a-paris-les-enfants-du-canal-avril-2014\/"]]}]},{"@type":"BreadcrumbList","@id":"https:\/\/www.auditionsolidarite.org\/en\/mission-humanitaire-a-paris-les-enfants-du-canal-avril-2014\/#breadcrumb","itemListElement":[{"@type":"ListItem","position":1,"name":"Accueil","item":"https:\/\/www.auditionsolidarite.org\/en\/"},{"@type":"ListItem","position":2,"name":"Mission humanitaire \u00e0 Paris &#8211; Les Enfants du Canal &#8211; Avril 2014"}]},{"@type":"WebSite","@id":"https:\/\/www.auditionsolidarite.org\/en\/#website","url":"https:\/\/www.auditionsolidarite.org\/en\/","name":"AuditionSolidarit\u00e9","description":"Le hasard n&#039;existe pas ! Si vous \u00eates l\u00e0 aujourd&#039;hui, c&#039;est que le monde de l&#039;audition vous touche... Alors merci d&#039;\u00eatre l\u00e0 !","publisher":{"@id":"https:\/\/www.auditionsolidarite.org\/en\/#organization"},"potentialAction":[{"@type":"SearchAction","target":{"@type":"EntryPoint","urlTemplate":"https:\/\/www.auditionsolidarite.org\/en\/?s={search_term_string}"},"query-input":"required name=search_term_string"}],"inLanguage":"en-US"},{"@type":"Organization","@id":"https:\/\/www.auditionsolidarite.org\/en\/#organization","name":"AuditionSolidarit\u00e9","url":"https:\/\/www.auditionsolidarite.org\/en\/","logo":{"@type":"ImageObject","inLanguage":"en-US","@id":"https:\/\/www.auditionsolidarite.org\/en\/#\/schema\/logo\/image\/","url":"https:\/\/www.auditionsolidarite.org\/wp-content\/uploads\/2015\/07\/logo-audition-solidarite-e1446132259721.png","contentUrl":"https:\/\/www.auditionsolidarite.org\/wp-content\/uploads\/2015\/07\/logo-audition-solidarite-e1446132259721.png","width":600,"height":593,"caption":"AuditionSolidarit\u00e9"},"image":{"@id":"https:\/\/www.auditionsolidarite.org\/en\/#\/schema\/logo\/image\/"}}]}},"_links":{"self":[{"href":"https:\/\/www.auditionsolidarite.org\/en\/wp-json\/wp\/v2\/pages\/4188"}],"collection":[{"href":"https:\/\/www.auditionsolidarite.org\/en\/wp-json\/wp\/v2\/pages"}],"about":[{"href":"https:\/\/www.auditionsolidarite.org\/en\/wp-json\/wp\/v2\/types\/page"}],"author":[{"embeddable":true,"href":"https:\/\/www.auditionsolidarite.org\/en\/wp-json\/wp\/v2\/users\/2"}],"replies":[{"embeddable":true,"href":"https:\/\/www.auditionsolidarite.org\/en\/wp-json\/wp\/v2\/comments?post=4188"}],"version-history":[{"count":3,"href":"https:\/\/www.auditionsolidarite.org\/en\/wp-json\/wp\/v2\/pages\/4188\/revisions"}],"predecessor-version":[{"id":4198,"href":"https:\/\/www.auditionsolidarite.org\/en\/wp-json\/wp\/v2\/pages\/4188\/revisions\/4198"}],"wp:attachment":[{"href":"https:\/\/www.auditionsolidarite.org\/en\/wp-json\/wp\/v2\/media?parent=4188"}],"curies":[{"name":"wp","href":"https:\/\/api.w.org\/{rel}","templated":true}]}}