{"id":40,"date":"2015-07-07T14:08:09","date_gmt":"2015-07-07T13:08:09","guid":{"rendered":"http:\/\/localhost\/auditionsolidarite.org\/?page_id=40"},"modified":"2025-10-23T10:20:18","modified_gmt":"2025-10-23T09:20:18","slug":"laction-humanitaire-en-france","status":"publish","type":"page","link":"https:\/\/www.auditionsolidarite.org\/en\/laction-humanitaire-en-france\/","title":{"rendered":"L\u2019action humanitaire en France"},"content":{"rendered":"\u00a0<\/p>\n<h6 style=\"text-align: justify;\">AuditionSolidarit\u00e9 organise des missions humanitaires en France afin d\u2019appareiller des personnes d\u00e9munies atteintes d\u2019une d\u00e9ficience auditive.<\/h6>\n<p>\u00a0<\/p>\n<h6 style=\"text-align: justify;\">Pourqui\u00a0? \u00a0 \u00a0<strong> \u00a0 \u00a0 \u00a0<\/strong><\/h6>\n<p style=\"text-align: justify;\">Pour les personnes Sans Domicile Fixe et les personnes b\u00e9n\u00e9ficiant de l\u2019AME (l\u2019Aide M\u00e9dicale d\u2019Etat). AuditionSolidarit\u00e9 n&#8217;appareille pas une personne b\u00e9n\u00e9ficiant de la CMU.<\/p>\n<p>\u00a0<\/p>\n<h6 style=\"text-align: justify;\">Comment\u00a0se d\u00e9roule une mission ?<strong>\u00a0\u00a0\u00a0\u00a0\u00a0\u00a0\u00a0\u00a0\u00a0<\/strong><\/h6>\n<p style=\"text-align: justify;\">AuditionSolidarit\u00e9 informe par mail le monde associatif et m\u00e9dical de sa pr\u00e9sence sur la date et sur le lieu pr\u00e9cis\u00a0; une mission dure g\u00e9n\u00e9ralement 2 ou 3 jours. Une \u00e9quipe de professionnels de l\u2019audition constitu\u00e9e d\u2019ORL, d\u2019audioproth\u00e9sistes, d\u2019orthophonistes et de fabricant d\u2019embouts se d\u00e9placent b\u00e9n\u00e9volement.<\/p>\n<p style=\"text-align: justify;\">Les soins et l\u2019appareillage auditif sont gratuits.<\/p>\n<p>\u00a0<\/p>\n<h6 style=\"text-align: justify;\">Pour r\u00e9aliser ces missions, AuditionSolidarit\u00e9 a besoin\u00a0:<\/h6>\n<p style=\"text-align: justify;\">. de votre comp\u00e9tence (ORL, audioproth\u00e9siste, orthophoniste)<br \/>\n.\u00a0de dons d\u2019appareils auditifs (les contours num\u00e9riques)<br \/>\n.\u00a0de dons de finances et op\u00e9rations de produit partage <em>(mettre lien \u00ab\u00a0Devenez m\u00e9c\u00e8ne)<\/em><\/p>\n<p>\u00a0<\/p>\n<h6 style=\"text-align: justify;\">Nos prochaines missions :<\/h6>\n<p style=\"text-align: justify;\">\u2666 29 et 30 septembre 2015 &#8211; \u00e0 Paris \u00e0 l&#8217;H\u00f4tel Dieu, en partenariat avec l&#8217;AP-HP (H\u00f4pitaux de Paris)<br \/>\n\u2666 janvier 2016 &#8211; \u00e0 Paris \u00e0 l&#8217;H\u00f4tel Dieu, en partenariat avec l&#8217;AP-HP (H\u00f4pitaux de Paris)<br \/>\n\u2666 mai 2016 &#8211; \u00e0 Paris \u00e0 l&#8217;H\u00f4tel Dieu, en partenariat avec l&#8217;AP-HP (H\u00f4pitaux de Paris)<\/p>\n<p>\u00a0<\/p>\n<h6 style=\"text-align: justify;\">R\u00e9sum\u00e9 de notre derni\u00e8re mission.<\/h6>\n<h3 style=\"text-align: justify;\">2\u00e8me Mission humanitaire \u00e0 Paris &#8211; AP-HP &#8211; Mai 2015<\/h3>\n<p style=\"text-align: justify;\">Les 19 et 20 mai 2015 en la pr\u00e9sence de Martin Hirsch, directeur AP-HP et parrain de l&#8217;association, AuditionSolidarit\u00e9 s\u2019est associ\u00e9e pour la seconde fois \u00e0 l&#8217;AP-HP (Assistance Publique des H\u00f4pitaux de Paris) au sein de l&#8217;H\u00f4tel Dieu \u00e0 Paris.<br \/>\nLe but \u00e9tait de prendre en charge les probl\u00e8mes d\u2019audition des personnes d\u00e9munies sans papiers ou b\u00e9n\u00e9ficiant de l\u2019AME.<\/p>\n<p style=\"text-align: justify;\">L\u2019\u00e9quipe a accueilli 87 personnes sur deux jours et a appareill\u00e9 35 d\u2019entre elles.<br \/>\n53 appareils auditifs\u00a0ont\u00a0\u00e9t\u00e9 adapt\u00e9s.<br \/>\n13 personnes ont b\u00e9n\u00e9fici\u00e9 d&#8217;une prise en charge plus pouss\u00e9e.<br \/>\nUne autre grande satisfaction a \u00e9t\u00e9 de revoir 17 personnes d\u00e9j\u00e0 appareill\u00e9es par AuditionSolidarit\u00e9 et qui sont revenues faire contr\u00f4ler leur appareillage.<\/p>\n<p>\u00a0<\/p>\n<p style=\"text-align: justify;\"><strong>Mission r\u00e9ussie avec des \u00e9quipes solidaires :\u00a0<\/strong><br \/>\nMerci \u00e0 Sophie Le Goff, St\u00e9phane Laurent, Gauthier Luc, Georges Ormancey, C\u00e9line Peissak et Christine Bourger, audioproth\u00e9sistes<br \/>\nMerci \u00e0 Jean-Marie Gouin, J\u00e9r\u00f4me Nevoux et Julien Lahmar, ORL<br \/>\nMerci \u00e0 J\u00e9r\u00f4me Defond pour la fabrication des embouts<br \/>\nMerci \u00e0 Clotilde Faure, orthophoniste<br \/>\nMerci \u00e0 Sandrine Chopin, secr\u00e9tariat<br \/>\nMerci \u00e0 Hugo Sohier et C\u00e9line Pimbert, \u00e9tudiants en audioproth\u00e8se<\/p>\n<p style=\"text-align: justify;\">Merci \u00e0 toute l&#8217;\u00e9quipe de l&#8217;AP-HP<br \/>\nMerci \u00e0 Martin Hirsch<br \/>\nMerci \u00e0 toutes les associations qui se sont impliqu\u00e9es !<\/p>\n<p style=\"text-align: justify;\">Rajouter Interview de Martin Hirsch<\/p>","protected":false},"excerpt":{"rendered":"<p>\u00a0 AuditionSolidarit\u00e9 organise des missions humanitaires en France afin d\u2019appareiller des personnes d\u00e9munies atteintes d\u2019une d\u00e9ficience auditive. \u00a0 Pourqui\u00a0? \u00a0 \u00a0 \u00a0 \u00a0 \u00a0 Pour les personnes Sans Domicile Fixe et les personnes b\u00e9n\u00e9ficiant de l\u2019AME (l\u2019Aide M\u00e9dicale d\u2019Etat). AuditionSolidarit\u00e9 n&#8217;appareille pas une personne b\u00e9n\u00e9ficiant de la CMU. \u00a0 Comment\u00a0se d\u00e9roule une mission ?\u00a0\u00a0\u00a0\u00a0\u00a0\u00a0\u00a0\u00a0\u00a0 AuditionSolidarit\u00e9 informe par mail le monde<\/p>\n","protected":false},"author":10,"featured_media":0,"parent":0,"menu_order":0,"comment_status":"closed","ping_status":"closed","template":"","meta":{"footnotes":""},"acf":[],"yoast_head":"<!-- This site is optimized with the Yoast SEO plugin v21.9.1 - https:\/\/yoast.com\/wordpress\/plugins\/seo\/ -->\n<title>L\u2019action humanitaire en France - AuditionSolidarit\u00e9<\/title>\n<meta name=\"robots\" content=\"index, follow, max-snippet:-1, max-image-preview:large, max-video-preview:-1\" \/>\n<link rel=\"canonical\" href=\"https:\/\/www.auditionsolidarite.org\/en\/laction-humanitaire-en-france\/\" \/>\n<meta property=\"og:locale\" content=\"en_US\" \/>\n<meta property=\"og:type\" content=\"article\" \/>\n<meta property=\"og:title\" content=\"L\u2019action humanitaire en France - AuditionSolidarit\u00e9\" \/>\n<meta property=\"og:description\" content=\"\u00a0 AuditionSolidarit\u00e9 organise des missions humanitaires en France afin d\u2019appareiller des personnes d\u00e9munies atteintes d\u2019une d\u00e9ficience auditive. \u00a0 Pourqui\u00a0? \u00a0 \u00a0 \u00a0 \u00a0 \u00a0 Pour les personnes Sans Domicile Fixe et les personnes b\u00e9n\u00e9ficiant de l\u2019AME (l\u2019Aide M\u00e9dicale d\u2019Etat). AuditionSolidarit\u00e9 n&#8217;appareille pas une personne b\u00e9n\u00e9ficiant de la CMU. \u00a0 Comment\u00a0se d\u00e9roule une mission ?\u00a0\u00a0\u00a0\u00a0\u00a0\u00a0\u00a0\u00a0\u00a0 AuditionSolidarit\u00e9 informe par mail le monde\" \/>\n<meta property=\"og:url\" content=\"https:\/\/www.auditionsolidarite.org\/en\/laction-humanitaire-en-france\/\" \/>\n<meta property=\"og:site_name\" content=\"AuditionSolidarit\u00e9\" \/>\n<meta property=\"article:modified_time\" content=\"2025-10-23T09:20:18+00:00\" \/>\n<meta property=\"og:image\" content=\"https:\/\/www.auditionsolidarite.org\/wp-content\/uploads\/2015\/07\/logo-audition-solidarite-e1446132259721.png\" \/>\n\t<meta property=\"og:image:width\" content=\"600\" \/>\n\t<meta property=\"og:image:height\" content=\"593\" \/>\n\t<meta property=\"og:image:type\" content=\"image\/png\" \/>\n<meta name=\"twitter:card\" content=\"summary_large_image\" \/>\n<meta name=\"twitter:label1\" content=\"Est. reading time\" \/>\n\t<meta name=\"twitter:data1\" content=\"3 minutes\" \/>\n<script type=\"application\/ld+json\" class=\"yoast-schema-graph\">{\"@context\":\"https:\/\/schema.org\",\"@graph\":[{\"@type\":\"WebPage\",\"@id\":\"https:\/\/www.auditionsolidarite.org\/en\/laction-humanitaire-en-france\/\",\"url\":\"https:\/\/www.auditionsolidarite.org\/en\/laction-humanitaire-en-france\/\",\"name\":\"L\u2019action humanitaire en France - AuditionSolidarit\u00e9\",\"isPartOf\":{\"@id\":\"https:\/\/www.auditionsolidarite.org\/en\/#website\"},\"datePublished\":\"2015-07-07T13:08:09+00:00\",\"dateModified\":\"2025-10-23T09:20:18+00:00\",\"breadcrumb\":{\"@id\":\"https:\/\/www.auditionsolidarite.org\/en\/laction-humanitaire-en-france\/#breadcrumb\"},\"inLanguage\":\"en-US\",\"potentialAction\":[{\"@type\":\"ReadAction\",\"target\":[[\"https:\/\/www.auditionsolidarite.org\/en\/laction-humanitaire-en-france\/\"]]}]},{\"@type\":\"BreadcrumbList\",\"@id\":\"https:\/\/www.auditionsolidarite.org\/en\/laction-humanitaire-en-france\/#breadcrumb\",\"itemListElement\":[{\"@type\":\"ListItem\",\"position\":1,\"name\":\"Accueil\",\"item\":\"https:\/\/www.auditionsolidarite.org\/en\/\"},{\"@type\":\"ListItem\",\"position\":2,\"name\":\"L\u2019action humanitaire en France\"}]},{\"@type\":\"WebSite\",\"@id\":\"https:\/\/www.auditionsolidarite.org\/en\/#website\",\"url\":\"https:\/\/www.auditionsolidarite.org\/en\/\",\"name\":\"AuditionSolidarit\u00e9\",\"description\":\"Le hasard n&#039;existe pas ! Si vous \u00eates l\u00e0 aujourd&#039;hui, c&#039;est que le monde de l&#039;audition vous touche... Alors merci d&#039;\u00eatre l\u00e0 !\",\"publisher\":{\"@id\":\"https:\/\/www.auditionsolidarite.org\/en\/#organization\"},\"potentialAction\":[{\"@type\":\"SearchAction\",\"target\":{\"@type\":\"EntryPoint\",\"urlTemplate\":\"https:\/\/www.auditionsolidarite.org\/en\/?s={search_term_string}\"},\"query-input\":\"required name=search_term_string\"}],\"inLanguage\":\"en-US\"},{\"@type\":\"Organization\",\"@id\":\"https:\/\/www.auditionsolidarite.org\/en\/#organization\",\"name\":\"AuditionSolidarit\u00e9\",\"url\":\"https:\/\/www.auditionsolidarite.org\/en\/\",\"logo\":{\"@type\":\"ImageObject\",\"inLanguage\":\"en-US\",\"@id\":\"https:\/\/www.auditionsolidarite.org\/en\/#\/schema\/logo\/image\/\",\"url\":\"https:\/\/www.auditionsolidarite.org\/wp-content\/uploads\/2015\/07\/logo-audition-solidarite-e1446132259721.png\",\"contentUrl\":\"https:\/\/www.auditionsolidarite.org\/wp-content\/uploads\/2015\/07\/logo-audition-solidarite-e1446132259721.png\",\"width\":600,\"height\":593,\"caption\":\"AuditionSolidarit\u00e9\"},\"image\":{\"@id\":\"https:\/\/www.auditionsolidarite.org\/en\/#\/schema\/logo\/image\/\"}}]}<\/script>\n<!-- \/ Yoast SEO plugin. -->","yoast_head_json":{"title":"L\u2019action humanitaire en France - AuditionSolidarit\u00e9","robots":{"index":"index","follow":"follow","max-snippet":"max-snippet:-1","max-image-preview":"max-image-preview:large","max-video-preview":"max-video-preview:-1"},"canonical":"https:\/\/www.auditionsolidarite.org\/en\/laction-humanitaire-en-france\/","og_locale":"en_US","og_type":"article","og_title":"L\u2019action humanitaire en France - AuditionSolidarit\u00e9","og_description":"\u00a0 AuditionSolidarit\u00e9 organise des missions humanitaires en France afin d\u2019appareiller des personnes d\u00e9munies atteintes d\u2019une d\u00e9ficience auditive. \u00a0 Pourqui\u00a0? \u00a0 \u00a0 \u00a0 \u00a0 \u00a0 Pour les personnes Sans Domicile Fixe et les personnes b\u00e9n\u00e9ficiant de l\u2019AME (l\u2019Aide M\u00e9dicale d\u2019Etat). AuditionSolidarit\u00e9 n&#8217;appareille pas une personne b\u00e9n\u00e9ficiant de la CMU. \u00a0 Comment\u00a0se d\u00e9roule une mission ?\u00a0\u00a0\u00a0\u00a0\u00a0\u00a0\u00a0\u00a0\u00a0 AuditionSolidarit\u00e9 informe par mail le monde","og_url":"https:\/\/www.auditionsolidarite.org\/en\/laction-humanitaire-en-france\/","og_site_name":"AuditionSolidarit\u00e9","article_modified_time":"2025-10-23T09:20:18+00:00","og_image":[{"width":600,"height":593,"url":"https:\/\/www.auditionsolidarite.org\/wp-content\/uploads\/2015\/07\/logo-audition-solidarite-e1446132259721.png","type":"image\/png"}],"twitter_card":"summary_large_image","twitter_misc":{"Est. reading time":"3 minutes"},"schema":{"@context":"https:\/\/schema.org","@graph":[{"@type":"WebPage","@id":"https:\/\/www.auditionsolidarite.org\/en\/laction-humanitaire-en-france\/","url":"https:\/\/www.auditionsolidarite.org\/en\/laction-humanitaire-en-france\/","name":"L\u2019action humanitaire en France - AuditionSolidarit\u00e9","isPartOf":{"@id":"https:\/\/www.auditionsolidarite.org\/en\/#website"},"datePublished":"2015-07-07T13:08:09+00:00","dateModified":"2025-10-23T09:20:18+00:00","breadcrumb":{"@id":"https:\/\/www.auditionsolidarite.org\/en\/laction-humanitaire-en-france\/#breadcrumb"},"inLanguage":"en-US","potentialAction":[{"@type":"ReadAction","target":[["https:\/\/www.auditionsolidarite.org\/en\/laction-humanitaire-en-france\/"]]}]},{"@type":"BreadcrumbList","@id":"https:\/\/www.auditionsolidarite.org\/en\/laction-humanitaire-en-france\/#breadcrumb","itemListElement":[{"@type":"ListItem","position":1,"name":"Accueil","item":"https:\/\/www.auditionsolidarite.org\/en\/"},{"@type":"ListItem","position":2,"name":"L\u2019action humanitaire en France"}]},{"@type":"WebSite","@id":"https:\/\/www.auditionsolidarite.org\/en\/#website","url":"https:\/\/www.auditionsolidarite.org\/en\/","name":"AuditionSolidarit\u00e9","description":"Le hasard n&#039;existe pas ! Si vous \u00eates l\u00e0 aujourd&#039;hui, c&#039;est que le monde de l&#039;audition vous touche... Alors merci d&#039;\u00eatre l\u00e0 !","publisher":{"@id":"https:\/\/www.auditionsolidarite.org\/en\/#organization"},"potentialAction":[{"@type":"SearchAction","target":{"@type":"EntryPoint","urlTemplate":"https:\/\/www.auditionsolidarite.org\/en\/?s={search_term_string}"},"query-input":"required name=search_term_string"}],"inLanguage":"en-US"},{"@type":"Organization","@id":"https:\/\/www.auditionsolidarite.org\/en\/#organization","name":"AuditionSolidarit\u00e9","url":"https:\/\/www.auditionsolidarite.org\/en\/","logo":{"@type":"ImageObject","inLanguage":"en-US","@id":"https:\/\/www.auditionsolidarite.org\/en\/#\/schema\/logo\/image\/","url":"https:\/\/www.auditionsolidarite.org\/wp-content\/uploads\/2015\/07\/logo-audition-solidarite-e1446132259721.png","contentUrl":"https:\/\/www.auditionsolidarite.org\/wp-content\/uploads\/2015\/07\/logo-audition-solidarite-e1446132259721.png","width":600,"height":593,"caption":"AuditionSolidarit\u00e9"},"image":{"@id":"https:\/\/www.auditionsolidarite.org\/en\/#\/schema\/logo\/image\/"}}]}},"_links":{"self":[{"href":"https:\/\/www.auditionsolidarite.org\/en\/wp-json\/wp\/v2\/pages\/40"}],"collection":[{"href":"https:\/\/www.auditionsolidarite.org\/en\/wp-json\/wp\/v2\/pages"}],"about":[{"href":"https:\/\/www.auditionsolidarite.org\/en\/wp-json\/wp\/v2\/types\/page"}],"author":[{"embeddable":true,"href":"https:\/\/www.auditionsolidarite.org\/en\/wp-json\/wp\/v2\/users\/10"}],"replies":[{"embeddable":true,"href":"https:\/\/www.auditionsolidarite.org\/en\/wp-json\/wp\/v2\/comments?post=40"}],"version-history":[{"count":18,"href":"https:\/\/www.auditionsolidarite.org\/en\/wp-json\/wp\/v2\/pages\/40\/revisions"}],"predecessor-version":[{"id":10672,"href":"https:\/\/www.auditionsolidarite.org\/en\/wp-json\/wp\/v2\/pages\/40\/revisions\/10672"}],"wp:attachment":[{"href":"https:\/\/www.auditionsolidarite.org\/en\/wp-json\/wp\/v2\/media?parent=40"}],"curies":[{"name":"wp","href":"https:\/\/api.w.org\/{rel}","templated":true}]}}