{"id":32,"date":"2015-07-07T14:06:49","date_gmt":"2015-07-07T13:06:49","guid":{"rendered":"http:\/\/localhost\/auditionsolidarite.org\/?page_id=32"},"modified":"2024-06-05T09:46:50","modified_gmt":"2024-06-05T08:46:50","slug":"laction-prevention-auditive","status":"publish","type":"page","link":"https:\/\/www.auditionsolidarite.org\/en\/laction-prevention-auditive\/","title":{"rendered":"L\u2019action de Pr\u00e9vention Auditive"},"content":{"rendered":"\u00a0<\/p>\n<h6 style=\"text-align: justify;\">AuditionSolidarit\u00e9 intervient dans les structures musicales sur toute la France afin de sensibiliser les musiciens \u00e0 prendre soin de leurs oreilles.<\/h6>\n<p style=\"text-align: justify;\">Les structures musicales sont\u00a0: les \u00e9coles et conservatoires de musique, les orchestres, les f\u00e9d\u00e9rations musicales et les stages d\u2019\u00e9t\u00e9.<\/p>\n<h6 style=\"text-align: justify;\">Vous \u00eates directeur d\u2019une structure musicale\u00a0?<\/h6>\n<p style=\"text-align: justify;\">AuditionSolidarit\u00e9 vous propose de mettre en place &#8220;Une Semaine de Pr\u00e9vention Auditive&#8221; au sein de votre structure. <strong><em>\u00a0<\/em><\/strong><\/p>\n<h6 style=\"text-align: justify;\"><strong>Pourquoi et pour qui ?<\/strong><\/h6>\n<p style=\"text-align: justify;\">Pour sensibiliser les musiciens, les professeurs, les responsables et les parents d\u2019\u00e9l\u00e8ves \u00e0 prendre soin de leurs oreilles.<\/p>\n<h6 style=\"text-align: justify;\">Comment ?<\/h6>\n<p style=\"text-align: justify;\">AuditionSolidarit\u00e9 vous envoie gratuitement<em>\u00a0<\/em> <strong><em>ce kit visuel d\u2019information<\/em><\/strong> et vous propose la pr\u00e9sence d&#8217;un intervenant sp\u00e9cialis\u00e9. <strong><em>Tout est gratuit\u00a0!<\/em><\/strong><\/p>\n<h6 style=\"text-align: justify;\">Quand ?<\/h6>\n<p style=\"text-align: justify;\">A la semaine de votre choix.<\/p>\n<h6 style=\"text-align: justify;\">Cette action vous int\u00e9resse\u00a0? \u00a0Contactez :<\/h6>\n<p style=\"text-align: justify;\">Jean-Yves PAQUELET, responsable de la Pr\u00e9vention Auditive au 06 32 67 81 77<br \/>\nMail :\u00a0<a href=\"mailto:jean-yves.paquelet@auditionsolidarite.org\">jean-yves.paquelet@auditionsolidarite.org<\/a><br \/>\nChaque ann\u00e9e depuis 2008, AuditionSolidarit\u00e9 sensibilise en moyenne 50\u00a0000 musiciens.<\/p>\n<p style=\"text-align: justify;\">Cette action de pr\u00e9vention est soutenue par le Minist\u00e8re charg\u00e9 de la Sant\u00e9, l&#8217;INPES et les ARS (Agence R\u00e9gionale de Sant\u00e9) d\u2019Aquitaine, de Rh\u00f4ne-Alpes, du Nord Pas de Calais, de Poitou-Charentes, du Pays de la Loire, de Champagne Ardennes et de Provence-Alpes-C\u00f4te d\u2019Azur.<\/p>\n<div>\n<p style=\"text-align: justify;\"><iframe loading=\"lazy\" src=\"https:\/\/www.youtube.com\/embed\/s3n8PKABGzA?%20rel=0&#038;autoplay=0\" width=\"800\" height=\"500\" frameborder=\"0\" scrolling=\"no\"><\/iframe><\/p>\n<p class=\"intview\" style=\"text-align: justify;\">Vid\u00e9o Portail Sant\u00e9 Environnement Aquitaine<br \/>\navec Jean-Yves Paquelet AuditionSolidarit\u00e9 et Pierre Dutot, trompettiste et Ambassadeur<\/p>\n<\/div>","protected":false},"excerpt":{"rendered":"<p>\u00a0 AuditionSolidarit\u00e9 intervient dans les structures musicales sur toute la France afin de sensibiliser les musiciens \u00e0 prendre soin de leurs oreilles. Les structures musicales sont\u00a0: les \u00e9coles et conservatoires de musique, les orchestres, les f\u00e9d\u00e9rations musicales et les stages d\u2019\u00e9t\u00e9. Vous \u00eates directeur d\u2019une structure musicale\u00a0? AuditionSolidarit\u00e9 vous propose de mettre en place &#8220;Une Semaine de Pr\u00e9vention Auditive&#8221; au<\/p>\n","protected":false},"author":10,"featured_media":0,"parent":0,"menu_order":0,"comment_status":"closed","ping_status":"closed","template":"","meta":{"footnotes":""},"acf":[],"yoast_head":"<!-- This site is optimized with the Yoast SEO plugin v21.9.1 - https:\/\/yoast.com\/wordpress\/plugins\/seo\/ -->\n<title>L\u2019action de Pr\u00e9vention Auditive - AuditionSolidarit\u00e9<\/title>\n<meta name=\"robots\" content=\"index, follow, max-snippet:-1, max-image-preview:large, max-video-preview:-1\" \/>\n<link rel=\"canonical\" href=\"https:\/\/www.auditionsolidarite.org\/en\/laction-prevention-auditive\/\" \/>\n<meta property=\"og:locale\" content=\"en_US\" \/>\n<meta property=\"og:type\" content=\"article\" \/>\n<meta property=\"og:title\" content=\"L\u2019action de Pr\u00e9vention Auditive - AuditionSolidarit\u00e9\" \/>\n<meta property=\"og:description\" content=\"\u00a0 AuditionSolidarit\u00e9 intervient dans les structures musicales sur toute la France afin de sensibiliser les musiciens \u00e0 prendre soin de leurs oreilles. Les structures musicales sont\u00a0: les \u00e9coles et conservatoires de musique, les orchestres, les f\u00e9d\u00e9rations musicales et les stages d\u2019\u00e9t\u00e9. Vous \u00eates directeur d\u2019une structure musicale\u00a0? AuditionSolidarit\u00e9 vous propose de mettre en place &#8220;Une Semaine de Pr\u00e9vention Auditive&#8221; au\" \/>\n<meta property=\"og:url\" content=\"https:\/\/www.auditionsolidarite.org\/en\/laction-prevention-auditive\/\" \/>\n<meta property=\"og:site_name\" content=\"AuditionSolidarit\u00e9\" \/>\n<meta property=\"article:modified_time\" content=\"2024-06-05T08:46:50+00:00\" \/>\n<meta property=\"og:image\" content=\"https:\/\/www.auditionsolidarite.org\/wp-content\/uploads\/2015\/07\/logo-audition-solidarite-e1446132259721.png\" \/>\n\t<meta property=\"og:image:width\" content=\"600\" \/>\n\t<meta property=\"og:image:height\" content=\"593\" \/>\n\t<meta property=\"og:image:type\" content=\"image\/png\" \/>\n<meta name=\"twitter:card\" content=\"summary_large_image\" \/>\n<meta name=\"twitter:label1\" content=\"Est. reading time\" \/>\n\t<meta name=\"twitter:data1\" content=\"2 minutes\" \/>\n<script type=\"application\/ld+json\" class=\"yoast-schema-graph\">{\"@context\":\"https:\/\/schema.org\",\"@graph\":[{\"@type\":\"WebPage\",\"@id\":\"https:\/\/www.auditionsolidarite.org\/en\/laction-prevention-auditive\/\",\"url\":\"https:\/\/www.auditionsolidarite.org\/en\/laction-prevention-auditive\/\",\"name\":\"L\u2019action de Pr\u00e9vention Auditive - AuditionSolidarit\u00e9\",\"isPartOf\":{\"@id\":\"https:\/\/www.auditionsolidarite.org\/en\/#website\"},\"datePublished\":\"2015-07-07T13:06:49+00:00\",\"dateModified\":\"2024-06-05T08:46:50+00:00\",\"breadcrumb\":{\"@id\":\"https:\/\/www.auditionsolidarite.org\/en\/laction-prevention-auditive\/#breadcrumb\"},\"inLanguage\":\"en-US\",\"potentialAction\":[{\"@type\":\"ReadAction\",\"target\":[[\"https:\/\/www.auditionsolidarite.org\/en\/laction-prevention-auditive\/\"]]}]},{\"@type\":\"BreadcrumbList\",\"@id\":\"https:\/\/www.auditionsolidarite.org\/en\/laction-prevention-auditive\/#breadcrumb\",\"itemListElement\":[{\"@type\":\"ListItem\",\"position\":1,\"name\":\"Accueil\",\"item\":\"https:\/\/www.auditionsolidarite.org\/en\/\"},{\"@type\":\"ListItem\",\"position\":2,\"name\":\"L\u2019action de Pr\u00e9vention Auditive\"}]},{\"@type\":\"WebSite\",\"@id\":\"https:\/\/www.auditionsolidarite.org\/en\/#website\",\"url\":\"https:\/\/www.auditionsolidarite.org\/en\/\",\"name\":\"AuditionSolidarit\u00e9\",\"description\":\"Le hasard n&#039;existe pas ! Si vous \u00eates l\u00e0 aujourd&#039;hui, c&#039;est que le monde de l&#039;audition vous touche... Alors merci d&#039;\u00eatre l\u00e0 !\",\"publisher\":{\"@id\":\"https:\/\/www.auditionsolidarite.org\/en\/#organization\"},\"potentialAction\":[{\"@type\":\"SearchAction\",\"target\":{\"@type\":\"EntryPoint\",\"urlTemplate\":\"https:\/\/www.auditionsolidarite.org\/en\/?s={search_term_string}\"},\"query-input\":\"required name=search_term_string\"}],\"inLanguage\":\"en-US\"},{\"@type\":\"Organization\",\"@id\":\"https:\/\/www.auditionsolidarite.org\/en\/#organization\",\"name\":\"AuditionSolidarit\u00e9\",\"url\":\"https:\/\/www.auditionsolidarite.org\/en\/\",\"logo\":{\"@type\":\"ImageObject\",\"inLanguage\":\"en-US\",\"@id\":\"https:\/\/www.auditionsolidarite.org\/en\/#\/schema\/logo\/image\/\",\"url\":\"https:\/\/www.auditionsolidarite.org\/wp-content\/uploads\/2015\/07\/logo-audition-solidarite-e1446132259721.png\",\"contentUrl\":\"https:\/\/www.auditionsolidarite.org\/wp-content\/uploads\/2015\/07\/logo-audition-solidarite-e1446132259721.png\",\"width\":600,\"height\":593,\"caption\":\"AuditionSolidarit\u00e9\"},\"image\":{\"@id\":\"https:\/\/www.auditionsolidarite.org\/en\/#\/schema\/logo\/image\/\"}}]}<\/script>\n<!-- \/ Yoast SEO plugin. -->","yoast_head_json":{"title":"L\u2019action de Pr\u00e9vention Auditive - AuditionSolidarit\u00e9","robots":{"index":"index","follow":"follow","max-snippet":"max-snippet:-1","max-image-preview":"max-image-preview:large","max-video-preview":"max-video-preview:-1"},"canonical":"https:\/\/www.auditionsolidarite.org\/en\/laction-prevention-auditive\/","og_locale":"en_US","og_type":"article","og_title":"L\u2019action de Pr\u00e9vention Auditive - AuditionSolidarit\u00e9","og_description":"\u00a0 AuditionSolidarit\u00e9 intervient dans les structures musicales sur toute la France afin de sensibiliser les musiciens \u00e0 prendre soin de leurs oreilles. Les structures musicales sont\u00a0: les \u00e9coles et conservatoires de musique, les orchestres, les f\u00e9d\u00e9rations musicales et les stages d\u2019\u00e9t\u00e9. Vous \u00eates directeur d\u2019une structure musicale\u00a0? AuditionSolidarit\u00e9 vous propose de mettre en place &#8220;Une Semaine de Pr\u00e9vention Auditive&#8221; au","og_url":"https:\/\/www.auditionsolidarite.org\/en\/laction-prevention-auditive\/","og_site_name":"AuditionSolidarit\u00e9","article_modified_time":"2024-06-05T08:46:50+00:00","og_image":[{"width":600,"height":593,"url":"https:\/\/www.auditionsolidarite.org\/wp-content\/uploads\/2015\/07\/logo-audition-solidarite-e1446132259721.png","type":"image\/png"}],"twitter_card":"summary_large_image","twitter_misc":{"Est. reading time":"2 minutes"},"schema":{"@context":"https:\/\/schema.org","@graph":[{"@type":"WebPage","@id":"https:\/\/www.auditionsolidarite.org\/en\/laction-prevention-auditive\/","url":"https:\/\/www.auditionsolidarite.org\/en\/laction-prevention-auditive\/","name":"L\u2019action de Pr\u00e9vention Auditive - AuditionSolidarit\u00e9","isPartOf":{"@id":"https:\/\/www.auditionsolidarite.org\/en\/#website"},"datePublished":"2015-07-07T13:06:49+00:00","dateModified":"2024-06-05T08:46:50+00:00","breadcrumb":{"@id":"https:\/\/www.auditionsolidarite.org\/en\/laction-prevention-auditive\/#breadcrumb"},"inLanguage":"en-US","potentialAction":[{"@type":"ReadAction","target":[["https:\/\/www.auditionsolidarite.org\/en\/laction-prevention-auditive\/"]]}]},{"@type":"BreadcrumbList","@id":"https:\/\/www.auditionsolidarite.org\/en\/laction-prevention-auditive\/#breadcrumb","itemListElement":[{"@type":"ListItem","position":1,"name":"Accueil","item":"https:\/\/www.auditionsolidarite.org\/en\/"},{"@type":"ListItem","position":2,"name":"L\u2019action de Pr\u00e9vention Auditive"}]},{"@type":"WebSite","@id":"https:\/\/www.auditionsolidarite.org\/en\/#website","url":"https:\/\/www.auditionsolidarite.org\/en\/","name":"AuditionSolidarit\u00e9","description":"Le hasard n&#039;existe pas ! Si vous \u00eates l\u00e0 aujourd&#039;hui, c&#039;est que le monde de l&#039;audition vous touche... Alors merci d&#039;\u00eatre l\u00e0 !","publisher":{"@id":"https:\/\/www.auditionsolidarite.org\/en\/#organization"},"potentialAction":[{"@type":"SearchAction","target":{"@type":"EntryPoint","urlTemplate":"https:\/\/www.auditionsolidarite.org\/en\/?s={search_term_string}"},"query-input":"required name=search_term_string"}],"inLanguage":"en-US"},{"@type":"Organization","@id":"https:\/\/www.auditionsolidarite.org\/en\/#organization","name":"AuditionSolidarit\u00e9","url":"https:\/\/www.auditionsolidarite.org\/en\/","logo":{"@type":"ImageObject","inLanguage":"en-US","@id":"https:\/\/www.auditionsolidarite.org\/en\/#\/schema\/logo\/image\/","url":"https:\/\/www.auditionsolidarite.org\/wp-content\/uploads\/2015\/07\/logo-audition-solidarite-e1446132259721.png","contentUrl":"https:\/\/www.auditionsolidarite.org\/wp-content\/uploads\/2015\/07\/logo-audition-solidarite-e1446132259721.png","width":600,"height":593,"caption":"AuditionSolidarit\u00e9"},"image":{"@id":"https:\/\/www.auditionsolidarite.org\/en\/#\/schema\/logo\/image\/"}}]}},"_links":{"self":[{"href":"https:\/\/www.auditionsolidarite.org\/en\/wp-json\/wp\/v2\/pages\/32"}],"collection":[{"href":"https:\/\/www.auditionsolidarite.org\/en\/wp-json\/wp\/v2\/pages"}],"about":[{"href":"https:\/\/www.auditionsolidarite.org\/en\/wp-json\/wp\/v2\/types\/page"}],"author":[{"embeddable":true,"href":"https:\/\/www.auditionsolidarite.org\/en\/wp-json\/wp\/v2\/users\/10"}],"replies":[{"embeddable":true,"href":"https:\/\/www.auditionsolidarite.org\/en\/wp-json\/wp\/v2\/comments?post=32"}],"version-history":[{"count":13,"href":"https:\/\/www.auditionsolidarite.org\/en\/wp-json\/wp\/v2\/pages\/32\/revisions"}],"predecessor-version":[{"id":9987,"href":"https:\/\/www.auditionsolidarite.org\/en\/wp-json\/wp\/v2\/pages\/32\/revisions\/9987"}],"wp:attachment":[{"href":"https:\/\/www.auditionsolidarite.org\/en\/wp-json\/wp\/v2\/media?parent=32"}],"curies":[{"name":"wp","href":"https:\/\/api.w.org\/{rel}","templated":true}]}}