{"id":3076,"date":"2015-09-14T12:54:39","date_gmt":"2015-09-14T11:54:39","guid":{"rendered":"http:\/\/demo.auditionsolidarite.org\/?page_id=3076"},"modified":"2015-09-14T13:26:42","modified_gmt":"2015-09-14T12:26:42","slug":"mission-humanitaire-a-paris-les-enfants-du-canal-et-la-mie-de-pain-septembre-2014","status":"publish","type":"page","link":"https:\/\/www.auditionsolidarite.org\/en\/mission-humanitaire-a-paris-les-enfants-du-canal-et-la-mie-de-pain-septembre-2014\/","title":{"rendered":"(Fran\u00e7ais) Les Enfants du Canal et la Mie de Pain &#8211; Paris, septembre 2014"},"content":{"rendered":"<p class=\"qtranxs-available-languages-message qtranxs-available-languages-message-en\">Sorry, this entry is only available in <a href=\"https:\/\/www.auditionsolidarite.org\/fr\/wp-json\/wp\/v2\/pages\/3076\" class=\"qtranxs-available-language-link qtranxs-available-language-link-fr\" title=\"Fran\u00e7ais\">French<\/a>.<\/p>Les 29 et 30 septembre 2014, AuditionSolidarit\u00e9 s\u2019est \u00e0 nouveau associ\u00e9e \u00e0 l&#8217;association Les Enfants du Canal ainsi que le 1er octobre avec la Mie de Pain. Le but \u00e9tant de prendre en charge les probl\u00e8mes d\u2019audition de personnes Sans Domicile Fixe.<b><br \/>\n<\/b><b><br \/>\n<\/b><\/p>\n<p>Nous avons vu plus de 135 personnes, toutes ces personnes sont pass\u00e9es en consultation ORL.<b><br \/>\n<\/b><br \/>\nNous avons appareill\u00e9 19 personnes dont 2 enfants, adapt\u00e9 25 appareils et donc fabriqu\u00e9 sur place 25 embouts sur-mesure.<b><br \/>\n<\/b><br \/>\nLes autres personnes sont venues pour un contr\u00f4le essentiellement, un conseil mais aussi des bouchons ont \u00e9t\u00e9 enlev\u00e9s.<b><br \/>\n<\/b><br \/>\n4 personnes appareill\u00e9es sur la mission d\u2019avril 2014 sont revenues et ont \u00e9t\u00e9 recontr\u00f4l\u00e9es au niveau de leur appareillage, ce qui est toujours g\u00e9nial !<b><br \/>\n<\/b><b><br \/>\n<\/b><\/p>\n<p><strong>Mission r\u00e9ussie avec des \u00e9quipes solidaires :\u00a0<b><br \/>\n<\/b><\/strong><br \/>\nMerci aux audioproth\u00e9sistes : Max Beraha, Sandra Tandetnik, Emilie Danis, Jean-David Ammanou, Christine Bourger et Arnaud Gr\u00e9goire \u00e9tudiant en audioproth\u00e8se<b><br \/>\n<\/b><b><\/b>Merci \u00e0 Luc Moulonguet, ORL<b><br \/>\n<\/b>Merci \u00e0 Clotilde Faure, orthophoniste<b><br \/>\n<\/b><b><\/b>Merci \u00e0 toute l&#8217;\u00e9quipe des Enfants du Canal et \u00e0 l&#8217;\u00e9quipe de la Mie de Pain.<b><br \/>\n<\/b>Merci \u00e0 toutes les associations qui se sont impliqu\u00e9es !<b><b><br \/>\n<\/b><br \/>\n<\/b><\/p>\n<table>\n<tbody>\n<tr>\n<td style=\"text-align: center; vertical-align: middle;\"><strong>Luc Moulonguet &#8211; ORL<\/strong><\/p>\n<div class=\"ytp-copytext ytp-no-contextmenu\" tabindex=\"1\"><iframe loading=\"lazy\" src=\"https:\/\/www.youtube.com\/embed\/nVAdNofSrOQ\" width=\"260\" height=\"170\" frameborder=\"0\" allowfullscreen=\"allowfullscreen\"><\/iframe><\/div>\n<\/td>\n<td style=\"text-align: center; vertical-align: middle;\"><strong>Max Beraha &#8211; audioproth\u00e9siste<br \/>\n<\/strong><\/p>\n<div class=\"ytp-copytext ytp-no-contextmenu\" tabindex=\"1\"><iframe loading=\"lazy\" src=\"https:\/\/www.youtube.com\/embed\/gBu9ogLEvog\" width=\"260\" height=\"170\" frameborder=\"0\" allowfullscreen=\"allowfullscreen\"><\/iframe><\/div>\n<\/td>\n<td style=\"text-align: center; vertical-align: middle;\"><strong>Sandra Tandetnik- audioproth\u00e9siste<\/strong><\/p>\n<div class=\"ytp-copytext ytp-no-contextmenu\" tabindex=\"1\"><iframe loading=\"lazy\" src=\"https:\/\/www.youtube.com\/embed\/WSUnj1UoI40\" width=\"260\" height=\"170\" frameborder=\"0\" allowfullscreen=\"allowfullscreen\"><\/iframe><\/div>\n<\/td>\n<\/tr>\n<tr>\n<td style=\"text-align: center; vertical-align: middle;\"><strong><b><br \/>\n<\/b>Emilie Danis &#8211; audioproth\u00e9siste<\/strong><\/p>\n<div class=\"ytp-copytext ytp-no-contextmenu\" tabindex=\"1\"><iframe loading=\"lazy\" src=\"https:\/\/www.youtube.com\/embed\/2DY2xr7Truc\" width=\"260\" height=\"170\" frameborder=\"0\" allowfullscreen=\"allowfullscreen\"><\/iframe><\/div>\n<\/td>\n<td style=\"text-align: center; vertical-align: middle;\"><strong><b><br \/>\n<\/b>Arnaud Gr\u00e9goire\u00a0&#8211; \u00e9tudiant en audioproth\u00e8se<\/strong><\/p>\n<div class=\"ytp-copytext ytp-no-contextmenu\" tabindex=\"1\"><iframe loading=\"lazy\" src=\"https:\/\/www.youtube.com\/embed\/YXZITid3ywg\" width=\"260\" height=\"170\" frameborder=\"0\" allowfullscreen=\"allowfullscreen\"><\/iframe><\/div>\n<\/td>\n<td style=\"text-align: center; vertical-align: middle;\"><strong><b><br \/>\n<\/b>Jean-David Ammanou &#8211; audioproth\u00e9siste<\/strong><\/p>\n<div class=\"ytp-copytext ytp-no-contextmenu\" tabindex=\"1\"><iframe loading=\"lazy\" src=\"https:\/\/www.youtube.com\/embed\/0NFa6hCVkXM\" width=\"260\" height=\"170\" frameborder=\"0\" allowfullscreen=\"allowfullscreen\"><\/iframe><\/div>\n<\/td>\n<\/tr>\n<\/tbody>\n<\/table>\n<p style=\"text-align: center;\"><strong><b><br \/>\n<\/b>Reportage sur France5 &#8211; Magazine de la Sant\u00e9<br \/>\nsuite \u00e0 notre mission en avril 2014 \u00e0 Paris<\/strong><\/p>\n<p style=\"text-align: center;\"><iframe loading=\"lazy\" src=\"https:\/\/www.youtube.com\/embed\/WpB7tEDg4-A\" width=\"560\" height=\"315\" frameborder=\"0\" allowfullscreen=\"allowfullscreen\"><\/iframe><\/p>","protected":false},"excerpt":{"rendered":"<p>Sorry, this entry is only available in French.Les 29 et 30 septembre 2014, AuditionSolidarit\u00e9 s\u2019est \u00e0 nouveau associ\u00e9e \u00e0 l&#8217;association Les Enfants du Canal ainsi que le 1er octobre avec la Mie de Pain. Le but \u00e9tant de prendre en charge les probl\u00e8mes d\u2019audition de personnes Sans Domicile Fixe. Nous avons vu plus de 135 personnes, toutes ces personnes sont<\/p>\n","protected":false},"author":2,"featured_media":0,"parent":0,"menu_order":0,"comment_status":"closed","ping_status":"closed","template":"","meta":{"footnotes":""},"acf":[],"yoast_head":"<!-- This site is optimized with the Yoast SEO plugin v21.9.1 - https:\/\/yoast.com\/wordpress\/plugins\/seo\/ -->\n<title>(Fran\u00e7ais) Les Enfants du Canal et la Mie de Pain - Paris, septembre 2014 - AuditionSolidarit\u00e9<\/title>\n<meta name=\"robots\" content=\"index, follow, max-snippet:-1, max-image-preview:large, max-video-preview:-1\" \/>\n<link rel=\"canonical\" href=\"https:\/\/www.auditionsolidarite.org\/en\/mission-humanitaire-a-paris-les-enfants-du-canal-et-la-mie-de-pain-septembre-2014\/\" \/>\n<meta property=\"og:locale\" content=\"en_US\" \/>\n<meta property=\"og:type\" content=\"article\" \/>\n<meta property=\"og:title\" content=\"(Fran\u00e7ais) Les Enfants du Canal et la Mie de Pain - Paris, septembre 2014 - AuditionSolidarit\u00e9\" \/>\n<meta property=\"og:description\" content=\"Sorry, this entry is only available in French.Les 29 et 30 septembre 2014, AuditionSolidarit\u00e9 s\u2019est \u00e0 nouveau associ\u00e9e \u00e0 l&#8217;association Les Enfants du Canal ainsi que le 1er octobre avec la Mie de Pain. Le but \u00e9tant de prendre en charge les probl\u00e8mes d\u2019audition de personnes Sans Domicile Fixe. Nous avons vu plus de 135 personnes, toutes ces personnes sont\" \/>\n<meta property=\"og:url\" content=\"https:\/\/www.auditionsolidarite.org\/en\/mission-humanitaire-a-paris-les-enfants-du-canal-et-la-mie-de-pain-septembre-2014\/\" \/>\n<meta property=\"og:site_name\" content=\"AuditionSolidarit\u00e9\" \/>\n<meta property=\"article:modified_time\" content=\"2015-09-14T12:26:42+00:00\" \/>\n<meta property=\"og:image\" content=\"https:\/\/www.auditionsolidarite.org\/wp-content\/uploads\/2015\/07\/logo-audition-solidarite-e1446132259721.png\" \/>\n\t<meta property=\"og:image:width\" content=\"600\" \/>\n\t<meta property=\"og:image:height\" content=\"593\" \/>\n\t<meta property=\"og:image:type\" content=\"image\/png\" \/>\n<meta name=\"twitter:card\" content=\"summary_large_image\" \/>\n<meta name=\"twitter:label1\" content=\"Est. reading time\" \/>\n\t<meta name=\"twitter:data1\" content=\"1 minute\" \/>\n<script type=\"application\/ld+json\" class=\"yoast-schema-graph\">{\"@context\":\"https:\/\/schema.org\",\"@graph\":[{\"@type\":\"WebPage\",\"@id\":\"https:\/\/www.auditionsolidarite.org\/en\/mission-humanitaire-a-paris-les-enfants-du-canal-et-la-mie-de-pain-septembre-2014\/\",\"url\":\"https:\/\/www.auditionsolidarite.org\/en\/mission-humanitaire-a-paris-les-enfants-du-canal-et-la-mie-de-pain-septembre-2014\/\",\"name\":\"(Fran\u00e7ais) Les Enfants du Canal et la Mie de Pain - Paris, septembre 2014 - AuditionSolidarit\u00e9\",\"isPartOf\":{\"@id\":\"https:\/\/www.auditionsolidarite.org\/en\/#website\"},\"datePublished\":\"2015-09-14T11:54:39+00:00\",\"dateModified\":\"2015-09-14T12:26:42+00:00\",\"breadcrumb\":{\"@id\":\"https:\/\/www.auditionsolidarite.org\/en\/mission-humanitaire-a-paris-les-enfants-du-canal-et-la-mie-de-pain-septembre-2014\/#breadcrumb\"},\"inLanguage\":\"en-US\",\"potentialAction\":[{\"@type\":\"ReadAction\",\"target\":[[\"https:\/\/www.auditionsolidarite.org\/en\/mission-humanitaire-a-paris-les-enfants-du-canal-et-la-mie-de-pain-septembre-2014\/\"]]}]},{\"@type\":\"BreadcrumbList\",\"@id\":\"https:\/\/www.auditionsolidarite.org\/en\/mission-humanitaire-a-paris-les-enfants-du-canal-et-la-mie-de-pain-septembre-2014\/#breadcrumb\",\"itemListElement\":[{\"@type\":\"ListItem\",\"position\":1,\"name\":\"Accueil\",\"item\":\"https:\/\/www.auditionsolidarite.org\/en\/\"},{\"@type\":\"ListItem\",\"position\":2,\"name\":\"Les Enfants du Canal et la Mie de Pain &#8211; Paris, septembre 2014\"}]},{\"@type\":\"WebSite\",\"@id\":\"https:\/\/www.auditionsolidarite.org\/en\/#website\",\"url\":\"https:\/\/www.auditionsolidarite.org\/en\/\",\"name\":\"AuditionSolidarit\u00e9\",\"description\":\"Le hasard n&#039;existe pas ! Si vous \u00eates l\u00e0 aujourd&#039;hui, c&#039;est que le monde de l&#039;audition vous touche... Alors merci d&#039;\u00eatre l\u00e0 !\",\"publisher\":{\"@id\":\"https:\/\/www.auditionsolidarite.org\/en\/#organization\"},\"potentialAction\":[{\"@type\":\"SearchAction\",\"target\":{\"@type\":\"EntryPoint\",\"urlTemplate\":\"https:\/\/www.auditionsolidarite.org\/en\/?s={search_term_string}\"},\"query-input\":\"required name=search_term_string\"}],\"inLanguage\":\"en-US\"},{\"@type\":\"Organization\",\"@id\":\"https:\/\/www.auditionsolidarite.org\/en\/#organization\",\"name\":\"AuditionSolidarit\u00e9\",\"url\":\"https:\/\/www.auditionsolidarite.org\/en\/\",\"logo\":{\"@type\":\"ImageObject\",\"inLanguage\":\"en-US\",\"@id\":\"https:\/\/www.auditionsolidarite.org\/en\/#\/schema\/logo\/image\/\",\"url\":\"https:\/\/www.auditionsolidarite.org\/wp-content\/uploads\/2015\/07\/logo-audition-solidarite-e1446132259721.png\",\"contentUrl\":\"https:\/\/www.auditionsolidarite.org\/wp-content\/uploads\/2015\/07\/logo-audition-solidarite-e1446132259721.png\",\"width\":600,\"height\":593,\"caption\":\"AuditionSolidarit\u00e9\"},\"image\":{\"@id\":\"https:\/\/www.auditionsolidarite.org\/en\/#\/schema\/logo\/image\/\"}}]}<\/script>\n<!-- \/ Yoast SEO plugin. -->","yoast_head_json":{"title":"(Fran\u00e7ais) Les Enfants du Canal et la Mie de Pain - Paris, septembre 2014 - AuditionSolidarit\u00e9","robots":{"index":"index","follow":"follow","max-snippet":"max-snippet:-1","max-image-preview":"max-image-preview:large","max-video-preview":"max-video-preview:-1"},"canonical":"https:\/\/www.auditionsolidarite.org\/en\/mission-humanitaire-a-paris-les-enfants-du-canal-et-la-mie-de-pain-septembre-2014\/","og_locale":"en_US","og_type":"article","og_title":"(Fran\u00e7ais) Les Enfants du Canal et la Mie de Pain - Paris, septembre 2014 - AuditionSolidarit\u00e9","og_description":"Sorry, this entry is only available in French.Les 29 et 30 septembre 2014, AuditionSolidarit\u00e9 s\u2019est \u00e0 nouveau associ\u00e9e \u00e0 l&#8217;association Les Enfants du Canal ainsi que le 1er octobre avec la Mie de Pain. Le but \u00e9tant de prendre en charge les probl\u00e8mes d\u2019audition de personnes Sans Domicile Fixe. Nous avons vu plus de 135 personnes, toutes ces personnes sont","og_url":"https:\/\/www.auditionsolidarite.org\/en\/mission-humanitaire-a-paris-les-enfants-du-canal-et-la-mie-de-pain-septembre-2014\/","og_site_name":"AuditionSolidarit\u00e9","article_modified_time":"2015-09-14T12:26:42+00:00","og_image":[{"width":600,"height":593,"url":"https:\/\/www.auditionsolidarite.org\/wp-content\/uploads\/2015\/07\/logo-audition-solidarite-e1446132259721.png","type":"image\/png"}],"twitter_card":"summary_large_image","twitter_misc":{"Est. reading time":"1 minute"},"schema":{"@context":"https:\/\/schema.org","@graph":[{"@type":"WebPage","@id":"https:\/\/www.auditionsolidarite.org\/en\/mission-humanitaire-a-paris-les-enfants-du-canal-et-la-mie-de-pain-septembre-2014\/","url":"https:\/\/www.auditionsolidarite.org\/en\/mission-humanitaire-a-paris-les-enfants-du-canal-et-la-mie-de-pain-septembre-2014\/","name":"(Fran\u00e7ais) Les Enfants du Canal et la Mie de Pain - Paris, septembre 2014 - AuditionSolidarit\u00e9","isPartOf":{"@id":"https:\/\/www.auditionsolidarite.org\/en\/#website"},"datePublished":"2015-09-14T11:54:39+00:00","dateModified":"2015-09-14T12:26:42+00:00","breadcrumb":{"@id":"https:\/\/www.auditionsolidarite.org\/en\/mission-humanitaire-a-paris-les-enfants-du-canal-et-la-mie-de-pain-septembre-2014\/#breadcrumb"},"inLanguage":"en-US","potentialAction":[{"@type":"ReadAction","target":[["https:\/\/www.auditionsolidarite.org\/en\/mission-humanitaire-a-paris-les-enfants-du-canal-et-la-mie-de-pain-septembre-2014\/"]]}]},{"@type":"BreadcrumbList","@id":"https:\/\/www.auditionsolidarite.org\/en\/mission-humanitaire-a-paris-les-enfants-du-canal-et-la-mie-de-pain-septembre-2014\/#breadcrumb","itemListElement":[{"@type":"ListItem","position":1,"name":"Accueil","item":"https:\/\/www.auditionsolidarite.org\/en\/"},{"@type":"ListItem","position":2,"name":"Les Enfants du Canal et la Mie de Pain &#8211; Paris, septembre 2014"}]},{"@type":"WebSite","@id":"https:\/\/www.auditionsolidarite.org\/en\/#website","url":"https:\/\/www.auditionsolidarite.org\/en\/","name":"AuditionSolidarit\u00e9","description":"Le hasard n&#039;existe pas ! Si vous \u00eates l\u00e0 aujourd&#039;hui, c&#039;est que le monde de l&#039;audition vous touche... Alors merci d&#039;\u00eatre l\u00e0 !","publisher":{"@id":"https:\/\/www.auditionsolidarite.org\/en\/#organization"},"potentialAction":[{"@type":"SearchAction","target":{"@type":"EntryPoint","urlTemplate":"https:\/\/www.auditionsolidarite.org\/en\/?s={search_term_string}"},"query-input":"required name=search_term_string"}],"inLanguage":"en-US"},{"@type":"Organization","@id":"https:\/\/www.auditionsolidarite.org\/en\/#organization","name":"AuditionSolidarit\u00e9","url":"https:\/\/www.auditionsolidarite.org\/en\/","logo":{"@type":"ImageObject","inLanguage":"en-US","@id":"https:\/\/www.auditionsolidarite.org\/en\/#\/schema\/logo\/image\/","url":"https:\/\/www.auditionsolidarite.org\/wp-content\/uploads\/2015\/07\/logo-audition-solidarite-e1446132259721.png","contentUrl":"https:\/\/www.auditionsolidarite.org\/wp-content\/uploads\/2015\/07\/logo-audition-solidarite-e1446132259721.png","width":600,"height":593,"caption":"AuditionSolidarit\u00e9"},"image":{"@id":"https:\/\/www.auditionsolidarite.org\/en\/#\/schema\/logo\/image\/"}}]}},"_links":{"self":[{"href":"https:\/\/www.auditionsolidarite.org\/en\/wp-json\/wp\/v2\/pages\/3076"}],"collection":[{"href":"https:\/\/www.auditionsolidarite.org\/en\/wp-json\/wp\/v2\/pages"}],"about":[{"href":"https:\/\/www.auditionsolidarite.org\/en\/wp-json\/wp\/v2\/types\/page"}],"author":[{"embeddable":true,"href":"https:\/\/www.auditionsolidarite.org\/en\/wp-json\/wp\/v2\/users\/2"}],"replies":[{"embeddable":true,"href":"https:\/\/www.auditionsolidarite.org\/en\/wp-json\/wp\/v2\/comments?post=3076"}],"version-history":[{"count":3,"href":"https:\/\/www.auditionsolidarite.org\/en\/wp-json\/wp\/v2\/pages\/3076\/revisions"}],"predecessor-version":[{"id":3088,"href":"https:\/\/www.auditionsolidarite.org\/en\/wp-json\/wp\/v2\/pages\/3076\/revisions\/3088"}],"wp:attachment":[{"href":"https:\/\/www.auditionsolidarite.org\/en\/wp-json\/wp\/v2\/media?parent=3076"}],"curies":[{"name":"wp","href":"https:\/\/api.w.org\/{rel}","templated":true}]}}