{"id":2734,"date":"2015-08-28T12:57:15","date_gmt":"2015-08-28T11:57:15","guid":{"rendered":"http:\/\/demo.auditionsolidarite.org\/?page_id=2734"},"modified":"2018-02-26T09:26:58","modified_gmt":"2018-02-26T08:26:58","slug":"janvier-2015-mission-humanitaire-a-lhopital-lariboisiere-paris-ap-hp","status":"publish","type":"page","link":"https:\/\/www.auditionsolidarite.org\/en\/janvier-2015-mission-humanitaire-a-lhopital-lariboisiere-paris-ap-hp\/","title":{"rendered":"(Fran\u00e7ais) H\u00f4pital Lariboisi\u00e8re (Paris) \u2013 AP-HP &#8211; Janvier 2015"},"content":{"rendered":"<p class=\"qtranxs-available-languages-message qtranxs-available-languages-message-en\">Sorry, this entry is only available in <a href=\"https:\/\/www.auditionsolidarite.org\/fr\/wp-json\/wp\/v2\/pages\/2734\" class=\"qtranxs-available-language-link qtranxs-available-language-link-fr\" title=\"Fran\u00e7ais\">French<\/a>.<\/p><p style=\"text-align: justify;\"><strong>Les 19 et 20 janvier 2015, AuditionSolidarit\u00e9 s\u2019est associ\u00e9e \u00e0 l&#8217;AP-HP (Assistance Publique des H\u00f4pitaux de Paris) <b><br \/>\n<\/b>au sein de l&#8217;h\u00f4pital Lariboisi\u00e8re \u00e0 Paris.<\/strong><\/p>\n<p>Le but \u00e9tait de prendre en charge les probl\u00e8mes d\u2019audition des personnes d\u00e9favoris\u00e9es sans papiers ou b\u00e9n\u00e9ficiant de l\u2019AME.<b><br \/>\n<\/b><b><br \/>\n<\/b><\/p>\n<p>L\u2019\u00e9quipe a accueilli 75 personnes sur deux jours et a appareill\u00e9 22 d\u2019entre elles.<br \/>\n34 appareils auditifs ont \u00e9t\u00e9 adapt\u00e9s.<br \/>\nOutre les d\u00e9ficits auditifs, les deux ORL pr\u00e9sents ont aussi diagnostiqu\u00e9 des pathologies beaucoup plus lourdes qui n\u00e9cessitent des soins hospitaliers compl\u00e9mentaires ; ils ont ainsi r\u00e9orient\u00e9 certaines personnes dans d\u2019autres services pour des probl\u00e8mes associ\u00e9s.<b><br \/>\n<\/b><b><br \/>\n<\/b><\/p>\n<p><strong>Mission r\u00e9ussie avec des \u00e9quipes solidaires : <\/strong><br \/>\nMerci \u00e0 Catherine Catelin, Herv\u00e9 Lesouef, Fabien Martin et Christine Bourger, audioproth\u00e9sistes<br \/>\nMerci \u00e0 J\u00e9r\u00f4me Nevoux, ORL<br \/>\nMerci \u00e0 Alain Lesouef, fabricant d&#8217;embouts<br \/>\nMerci \u00e0 Clotilde Faure, orthophoniste<br \/>\nMerci \u00e0 Olivier Decrouille et Adrien, secr\u00e9tariat<\/p>\n<p>Merci \u00e0 toute l&#8217;\u00e9quipe de l&#8217;AP-HP<br \/>\nMerci \u00e0 Martin Hirsch<br \/>\nMerci \u00e0 toutes les associations qui se sont impliqu\u00e9es !<b><br \/>\n<\/b><b><br \/>\n<\/b><\/p>\n<p style=\"text-align: center;\"><strong>D\u00e9couvrez les interviews de l&#8217;\u00e9quipe<\/strong><b><br \/>\n<\/b><b><br \/>\n<\/b><\/p>\n<table>\n<tbody>\n<tr>\n<td>\n<p style=\"text-align: center;\">Catherine Catelin &#8211; audioproth\u00e9siste<\/p>\n<p><iframe loading=\"lazy\" src=\"https:\/\/www.youtube.com\/embed\/QiumVgN6xNs\" width=\"260\" height=\"170\" frameborder=\"0\" allowfullscreen=\"allowfullscreen\"><\/iframe><\/td>\n<td style=\"text-align: center;\">Herv\u00e9 Lesouef &#8211; audioproth\u00e9siste<iframe loading=\"lazy\" src=\"https:\/\/www.youtube.com\/embed\/OXXTdlz8Y_0\" width=\"260\" height=\"170\" frameborder=\"0\" allowfullscreen=\"allowfullscreen\"><\/iframe><\/td>\n<td style=\"text-align: center;\">Fabien Martin &#8211; audioproth\u00e9siste<iframe loading=\"lazy\" src=\"https:\/\/www.youtube.com\/embed\/V9Ov6Dg1N20\" width=\"260\" height=\"170\" frameborder=\"0\" allowfullscreen=\"allowfullscreen\"><\/iframe><\/td>\n<\/tr>\n<tr>\n<td style=\"text-align: center;\">Alain Lesouef &#8211; fabricant d&#8217;embouts<iframe loading=\"lazy\" src=\"https:\/\/www.youtube.com\/embed\/6Wc2E2Zps5s\" width=\"260\" height=\"170\" frameborder=\"0\" allowfullscreen=\"allowfullscreen\"><\/iframe><\/td>\n<td style=\"text-align: center;\">Olivier Decrouille &#8211; secr\u00e9tariat<iframe loading=\"lazy\" src=\"https:\/\/www.youtube.com\/embed\/vZGsuGkPPGY\" width=\"260\" height=\"170\" frameborder=\"0\" allowfullscreen=\"allowfullscreen\"><\/iframe><\/td>\n<td style=\"text-align: center;\">Adrien Fagault-Martial &#8211; secr\u00e9tariat<iframe loading=\"lazy\" src=\"https:\/\/www.youtube.com\/embed\/AWr_rdu3xpk\" width=\"260\" height=\"170\" frameborder=\"0\" allowfullscreen=\"allowfullscreen\"><\/iframe><\/td>\n<\/tr>\n<\/tbody>\n<\/table>","protected":false},"excerpt":{"rendered":"<p>Sorry, this entry is only available in French.Les 19 et 20 janvier 2015, AuditionSolidarit\u00e9 s\u2019est associ\u00e9e \u00e0 l&#8217;AP-HP (Assistance Publique des H\u00f4pitaux de Paris) au sein de l&#8217;h\u00f4pital Lariboisi\u00e8re \u00e0 Paris. Le but \u00e9tait de prendre en charge les probl\u00e8mes d\u2019audition des personnes d\u00e9favoris\u00e9es sans papiers ou b\u00e9n\u00e9ficiant de l\u2019AME. L\u2019\u00e9quipe a accueilli 75 personnes sur deux jours et a<\/p>\n","protected":false},"author":2,"featured_media":0,"parent":0,"menu_order":0,"comment_status":"closed","ping_status":"closed","template":"","meta":{"footnotes":""},"acf":[],"yoast_head":"<!-- This site is optimized with the Yoast SEO plugin v21.9.1 - https:\/\/yoast.com\/wordpress\/plugins\/seo\/ -->\n<title>(Fran\u00e7ais) H\u00f4pital Lariboisi\u00e8re (Paris) \u2013 AP-HP - Janvier 2015 - AuditionSolidarit\u00e9<\/title>\n<meta name=\"robots\" content=\"index, follow, max-snippet:-1, max-image-preview:large, max-video-preview:-1\" \/>\n<link rel=\"canonical\" href=\"https:\/\/www.auditionsolidarite.org\/en\/janvier-2015-mission-humanitaire-a-lhopital-lariboisiere-paris-ap-hp\/\" \/>\n<meta property=\"og:locale\" content=\"en_US\" \/>\n<meta property=\"og:type\" content=\"article\" \/>\n<meta property=\"og:title\" content=\"(Fran\u00e7ais) H\u00f4pital Lariboisi\u00e8re (Paris) \u2013 AP-HP - Janvier 2015 - AuditionSolidarit\u00e9\" \/>\n<meta property=\"og:description\" content=\"Sorry, this entry is only available in French.Les 19 et 20 janvier 2015, AuditionSolidarit\u00e9 s\u2019est associ\u00e9e \u00e0 l&#8217;AP-HP (Assistance Publique des H\u00f4pitaux de Paris) au sein de l&#8217;h\u00f4pital Lariboisi\u00e8re \u00e0 Paris. Le but \u00e9tait de prendre en charge les probl\u00e8mes d\u2019audition des personnes d\u00e9favoris\u00e9es sans papiers ou b\u00e9n\u00e9ficiant de l\u2019AME. L\u2019\u00e9quipe a accueilli 75 personnes sur deux jours et a\" \/>\n<meta property=\"og:url\" content=\"https:\/\/www.auditionsolidarite.org\/en\/janvier-2015-mission-humanitaire-a-lhopital-lariboisiere-paris-ap-hp\/\" \/>\n<meta property=\"og:site_name\" content=\"AuditionSolidarit\u00e9\" \/>\n<meta property=\"article:modified_time\" content=\"2018-02-26T08:26:58+00:00\" \/>\n<meta property=\"og:image\" content=\"https:\/\/www.auditionsolidarite.org\/wp-content\/uploads\/2015\/07\/logo-audition-solidarite-e1446132259721.png\" \/>\n\t<meta property=\"og:image:width\" content=\"600\" \/>\n\t<meta property=\"og:image:height\" content=\"593\" \/>\n\t<meta property=\"og:image:type\" content=\"image\/png\" \/>\n<meta name=\"twitter:card\" content=\"summary_large_image\" \/>\n<meta name=\"twitter:label1\" content=\"Est. reading time\" \/>\n\t<meta name=\"twitter:data1\" content=\"1 minute\" \/>\n<script type=\"application\/ld+json\" class=\"yoast-schema-graph\">{\"@context\":\"https:\/\/schema.org\",\"@graph\":[{\"@type\":\"WebPage\",\"@id\":\"https:\/\/www.auditionsolidarite.org\/en\/janvier-2015-mission-humanitaire-a-lhopital-lariboisiere-paris-ap-hp\/\",\"url\":\"https:\/\/www.auditionsolidarite.org\/en\/janvier-2015-mission-humanitaire-a-lhopital-lariboisiere-paris-ap-hp\/\",\"name\":\"(Fran\u00e7ais) H\u00f4pital Lariboisi\u00e8re (Paris) \u2013 AP-HP - Janvier 2015 - AuditionSolidarit\u00e9\",\"isPartOf\":{\"@id\":\"https:\/\/www.auditionsolidarite.org\/en\/#website\"},\"datePublished\":\"2015-08-28T11:57:15+00:00\",\"dateModified\":\"2018-02-26T08:26:58+00:00\",\"breadcrumb\":{\"@id\":\"https:\/\/www.auditionsolidarite.org\/en\/janvier-2015-mission-humanitaire-a-lhopital-lariboisiere-paris-ap-hp\/#breadcrumb\"},\"inLanguage\":\"en-US\",\"potentialAction\":[{\"@type\":\"ReadAction\",\"target\":[[\"https:\/\/www.auditionsolidarite.org\/en\/janvier-2015-mission-humanitaire-a-lhopital-lariboisiere-paris-ap-hp\/\"]]}]},{\"@type\":\"BreadcrumbList\",\"@id\":\"https:\/\/www.auditionsolidarite.org\/en\/janvier-2015-mission-humanitaire-a-lhopital-lariboisiere-paris-ap-hp\/#breadcrumb\",\"itemListElement\":[{\"@type\":\"ListItem\",\"position\":1,\"name\":\"Accueil\",\"item\":\"https:\/\/www.auditionsolidarite.org\/en\/\"},{\"@type\":\"ListItem\",\"position\":2,\"name\":\"H\u00f4pital Lariboisi\u00e8re (Paris) \u2013 AP-HP &#8211; Janvier 2015\"}]},{\"@type\":\"WebSite\",\"@id\":\"https:\/\/www.auditionsolidarite.org\/en\/#website\",\"url\":\"https:\/\/www.auditionsolidarite.org\/en\/\",\"name\":\"AuditionSolidarit\u00e9\",\"description\":\"Le hasard n&#039;existe pas ! Si vous \u00eates l\u00e0 aujourd&#039;hui, c&#039;est que le monde de l&#039;audition vous touche... Alors merci d&#039;\u00eatre l\u00e0 !\",\"publisher\":{\"@id\":\"https:\/\/www.auditionsolidarite.org\/en\/#organization\"},\"potentialAction\":[{\"@type\":\"SearchAction\",\"target\":{\"@type\":\"EntryPoint\",\"urlTemplate\":\"https:\/\/www.auditionsolidarite.org\/en\/?s={search_term_string}\"},\"query-input\":\"required name=search_term_string\"}],\"inLanguage\":\"en-US\"},{\"@type\":\"Organization\",\"@id\":\"https:\/\/www.auditionsolidarite.org\/en\/#organization\",\"name\":\"AuditionSolidarit\u00e9\",\"url\":\"https:\/\/www.auditionsolidarite.org\/en\/\",\"logo\":{\"@type\":\"ImageObject\",\"inLanguage\":\"en-US\",\"@id\":\"https:\/\/www.auditionsolidarite.org\/en\/#\/schema\/logo\/image\/\",\"url\":\"https:\/\/www.auditionsolidarite.org\/wp-content\/uploads\/2015\/07\/logo-audition-solidarite-e1446132259721.png\",\"contentUrl\":\"https:\/\/www.auditionsolidarite.org\/wp-content\/uploads\/2015\/07\/logo-audition-solidarite-e1446132259721.png\",\"width\":600,\"height\":593,\"caption\":\"AuditionSolidarit\u00e9\"},\"image\":{\"@id\":\"https:\/\/www.auditionsolidarite.org\/en\/#\/schema\/logo\/image\/\"}}]}<\/script>\n<!-- \/ Yoast SEO plugin. -->","yoast_head_json":{"title":"(Fran\u00e7ais) H\u00f4pital Lariboisi\u00e8re (Paris) \u2013 AP-HP - Janvier 2015 - AuditionSolidarit\u00e9","robots":{"index":"index","follow":"follow","max-snippet":"max-snippet:-1","max-image-preview":"max-image-preview:large","max-video-preview":"max-video-preview:-1"},"canonical":"https:\/\/www.auditionsolidarite.org\/en\/janvier-2015-mission-humanitaire-a-lhopital-lariboisiere-paris-ap-hp\/","og_locale":"en_US","og_type":"article","og_title":"(Fran\u00e7ais) H\u00f4pital Lariboisi\u00e8re (Paris) \u2013 AP-HP - Janvier 2015 - AuditionSolidarit\u00e9","og_description":"Sorry, this entry is only available in French.Les 19 et 20 janvier 2015, AuditionSolidarit\u00e9 s\u2019est associ\u00e9e \u00e0 l&#8217;AP-HP (Assistance Publique des H\u00f4pitaux de Paris) au sein de l&#8217;h\u00f4pital Lariboisi\u00e8re \u00e0 Paris. Le but \u00e9tait de prendre en charge les probl\u00e8mes d\u2019audition des personnes d\u00e9favoris\u00e9es sans papiers ou b\u00e9n\u00e9ficiant de l\u2019AME. L\u2019\u00e9quipe a accueilli 75 personnes sur deux jours et a","og_url":"https:\/\/www.auditionsolidarite.org\/en\/janvier-2015-mission-humanitaire-a-lhopital-lariboisiere-paris-ap-hp\/","og_site_name":"AuditionSolidarit\u00e9","article_modified_time":"2018-02-26T08:26:58+00:00","og_image":[{"width":600,"height":593,"url":"https:\/\/www.auditionsolidarite.org\/wp-content\/uploads\/2015\/07\/logo-audition-solidarite-e1446132259721.png","type":"image\/png"}],"twitter_card":"summary_large_image","twitter_misc":{"Est. reading time":"1 minute"},"schema":{"@context":"https:\/\/schema.org","@graph":[{"@type":"WebPage","@id":"https:\/\/www.auditionsolidarite.org\/en\/janvier-2015-mission-humanitaire-a-lhopital-lariboisiere-paris-ap-hp\/","url":"https:\/\/www.auditionsolidarite.org\/en\/janvier-2015-mission-humanitaire-a-lhopital-lariboisiere-paris-ap-hp\/","name":"(Fran\u00e7ais) H\u00f4pital Lariboisi\u00e8re (Paris) \u2013 AP-HP - Janvier 2015 - AuditionSolidarit\u00e9","isPartOf":{"@id":"https:\/\/www.auditionsolidarite.org\/en\/#website"},"datePublished":"2015-08-28T11:57:15+00:00","dateModified":"2018-02-26T08:26:58+00:00","breadcrumb":{"@id":"https:\/\/www.auditionsolidarite.org\/en\/janvier-2015-mission-humanitaire-a-lhopital-lariboisiere-paris-ap-hp\/#breadcrumb"},"inLanguage":"en-US","potentialAction":[{"@type":"ReadAction","target":[["https:\/\/www.auditionsolidarite.org\/en\/janvier-2015-mission-humanitaire-a-lhopital-lariboisiere-paris-ap-hp\/"]]}]},{"@type":"BreadcrumbList","@id":"https:\/\/www.auditionsolidarite.org\/en\/janvier-2015-mission-humanitaire-a-lhopital-lariboisiere-paris-ap-hp\/#breadcrumb","itemListElement":[{"@type":"ListItem","position":1,"name":"Accueil","item":"https:\/\/www.auditionsolidarite.org\/en\/"},{"@type":"ListItem","position":2,"name":"H\u00f4pital Lariboisi\u00e8re (Paris) \u2013 AP-HP &#8211; Janvier 2015"}]},{"@type":"WebSite","@id":"https:\/\/www.auditionsolidarite.org\/en\/#website","url":"https:\/\/www.auditionsolidarite.org\/en\/","name":"AuditionSolidarit\u00e9","description":"Le hasard n&#039;existe pas ! Si vous \u00eates l\u00e0 aujourd&#039;hui, c&#039;est que le monde de l&#039;audition vous touche... Alors merci d&#039;\u00eatre l\u00e0 !","publisher":{"@id":"https:\/\/www.auditionsolidarite.org\/en\/#organization"},"potentialAction":[{"@type":"SearchAction","target":{"@type":"EntryPoint","urlTemplate":"https:\/\/www.auditionsolidarite.org\/en\/?s={search_term_string}"},"query-input":"required name=search_term_string"}],"inLanguage":"en-US"},{"@type":"Organization","@id":"https:\/\/www.auditionsolidarite.org\/en\/#organization","name":"AuditionSolidarit\u00e9","url":"https:\/\/www.auditionsolidarite.org\/en\/","logo":{"@type":"ImageObject","inLanguage":"en-US","@id":"https:\/\/www.auditionsolidarite.org\/en\/#\/schema\/logo\/image\/","url":"https:\/\/www.auditionsolidarite.org\/wp-content\/uploads\/2015\/07\/logo-audition-solidarite-e1446132259721.png","contentUrl":"https:\/\/www.auditionsolidarite.org\/wp-content\/uploads\/2015\/07\/logo-audition-solidarite-e1446132259721.png","width":600,"height":593,"caption":"AuditionSolidarit\u00e9"},"image":{"@id":"https:\/\/www.auditionsolidarite.org\/en\/#\/schema\/logo\/image\/"}}]}},"_links":{"self":[{"href":"https:\/\/www.auditionsolidarite.org\/en\/wp-json\/wp\/v2\/pages\/2734"}],"collection":[{"href":"https:\/\/www.auditionsolidarite.org\/en\/wp-json\/wp\/v2\/pages"}],"about":[{"href":"https:\/\/www.auditionsolidarite.org\/en\/wp-json\/wp\/v2\/types\/page"}],"author":[{"embeddable":true,"href":"https:\/\/www.auditionsolidarite.org\/en\/wp-json\/wp\/v2\/users\/2"}],"replies":[{"embeddable":true,"href":"https:\/\/www.auditionsolidarite.org\/en\/wp-json\/wp\/v2\/comments?post=2734"}],"version-history":[{"count":3,"href":"https:\/\/www.auditionsolidarite.org\/en\/wp-json\/wp\/v2\/pages\/2734\/revisions"}],"predecessor-version":[{"id":5918,"href":"https:\/\/www.auditionsolidarite.org\/en\/wp-json\/wp\/v2\/pages\/2734\/revisions\/5918"}],"wp:attachment":[{"href":"https:\/\/www.auditionsolidarite.org\/en\/wp-json\/wp\/v2\/media?parent=2734"}],"curies":[{"name":"wp","href":"https:\/\/api.w.org\/{rel}","templated":true}]}}