{"id":26,"date":"2015-07-07T14:06:02","date_gmt":"2015-07-07T13:06:02","guid":{"rendered":"http:\/\/localhost\/auditionsolidarite.org\/?page_id=26"},"modified":"2024-07-12T16:03:37","modified_gmt":"2024-07-12T15:03:37","slug":"lorganisation","status":"publish","type":"page","link":"https:\/\/www.auditionsolidarite.org\/en\/lorganisation\/","title":{"rendered":"Organisation"},"content":{"rendered":"<h6><\/h6>\n<h6 style=\"text-align: justify;\">L&#8217; organisation<\/h6>\n<p style=\"text-align: justify;\">AuditionSolidarite.Org est bas\u00e9e dans les Landes \u00e0 Yzosse.<br \/>\nAuditionSolidarite.Org est une association humanitaire et citoyenne cr\u00e9\u00e9e en 2008, pr\u00e9sid\u00e9e par Christine BOURGER. Cette association loi 1901 poursuit une mission d&#8217;int\u00e9r\u00eat g\u00e9n\u00e9ral.<\/p>\n<h6 style=\"text-align: justify;\"><strong>Le but<\/strong><\/h6>\n<p style=\"text-align: justify;\">AuditionSolidarite.Org a pour but d\u2019\u0153uvrer ensemble pour l&#8217;am\u00e9lioration du bien-\u00eatre auditif aupr\u00e8s des populations sensibles ou d\u00e9favoris\u00e9es \u00e0 travers le monde, au moyen de pr\u00e9vention, d&#8217;information, de mise en place de technologies auditives, de formation, de recherche et d&#8217;actions visant \u00e0 soutenir tout projet humanitaire en faveur du monde de l&#8217;Audition.<\/p>\n<h6 style=\"text-align: justify;\"><strong>Le conseil d&#8217;administration<\/strong><\/h6>\n<p style=\"text-align: justify;\">Les administrateurs du conseil d&#8217;administration sont\u00a0:<br \/>\n\u2666 \u00a0Christine Bourger, audioproth\u00e9siste<br \/>\n\u2666 \u00a0Eliette Jeanmaire, m\u00e9decin en sant\u00e9 publique<br \/>\n\u2666 \u00a0Corine Braizat, professeur agr\u00e9g\u00e9 histoire g\u00e9ographie<br \/>\n\u2666 \u00a0Isabelle Di Certo, conseill\u00e8re principale d&#8217;\u00e9ducation<\/p>\n<p style=\"text-align: justify;\">Le conseil d&#8217;administration sur proposition de la Pr\u00e9sidente, confie la direction g\u00e9n\u00e9rale de l&#8217;association sur le plan administratif, financier et technique \u00e0 Carole Ercole et Odile Petit.<\/p>\n<h6 style=\"text-align: justify;\"><strong>Les membres<\/strong><\/h6>\n<p style=\"text-align: justify;\">Les membres fondateurs sont : Carole Ercole, Odile Petit et Christine Bourger<br \/>\nLes membres actifs sont : Eliette Jeanmaire, Corine Braizat et Isabelle Di Certo<\/p>","protected":false},"excerpt":{"rendered":"<p>L&#8217; organisation AuditionSolidarite.Org est bas\u00e9e dans les Landes \u00e0 Yzosse. AuditionSolidarite.Org est une association humanitaire et citoyenne cr\u00e9\u00e9e en 2008, pr\u00e9sid\u00e9e par Christine BOURGER. Cette association loi 1901 poursuit une mission d&#8217;int\u00e9r\u00eat g\u00e9n\u00e9ral. Le but AuditionSolidarite.Org a pour but d\u2019\u0153uvrer ensemble pour l&#8217;am\u00e9lioration du bien-\u00eatre auditif aupr\u00e8s des populations sensibles ou d\u00e9favoris\u00e9es \u00e0 travers le monde, au moyen de pr\u00e9vention,<\/p>\n","protected":false},"author":10,"featured_media":0,"parent":0,"menu_order":0,"comment_status":"closed","ping_status":"closed","template":"","meta":{"footnotes":""},"acf":[],"yoast_head":"<!-- This site is optimized with the Yoast SEO plugin v21.9.1 - https:\/\/yoast.com\/wordpress\/plugins\/seo\/ -->\n<title>Organisation - AuditionSolidarit\u00e9<\/title>\n<meta name=\"robots\" content=\"index, follow, max-snippet:-1, max-image-preview:large, max-video-preview:-1\" \/>\n<link rel=\"canonical\" href=\"https:\/\/www.auditionsolidarite.org\/en\/lorganisation\/\" \/>\n<meta property=\"og:locale\" content=\"en_US\" \/>\n<meta property=\"og:type\" content=\"article\" \/>\n<meta property=\"og:title\" content=\"Organisation - AuditionSolidarit\u00e9\" \/>\n<meta property=\"og:description\" content=\"L&#8217; organisation AuditionSolidarite.Org est bas\u00e9e dans les Landes \u00e0 Yzosse. AuditionSolidarite.Org est une association humanitaire et citoyenne cr\u00e9\u00e9e en 2008, pr\u00e9sid\u00e9e par Christine BOURGER. Cette association loi 1901 poursuit une mission d&#8217;int\u00e9r\u00eat g\u00e9n\u00e9ral. Le but AuditionSolidarite.Org a pour but d\u2019\u0153uvrer ensemble pour l&#8217;am\u00e9lioration du bien-\u00eatre auditif aupr\u00e8s des populations sensibles ou d\u00e9favoris\u00e9es \u00e0 travers le monde, au moyen de pr\u00e9vention,\" \/>\n<meta property=\"og:url\" content=\"https:\/\/www.auditionsolidarite.org\/en\/lorganisation\/\" \/>\n<meta property=\"og:site_name\" content=\"AuditionSolidarit\u00e9\" \/>\n<meta property=\"article:modified_time\" content=\"2024-07-12T15:03:37+00:00\" \/>\n<meta property=\"og:image\" content=\"https:\/\/www.auditionsolidarite.org\/wp-content\/uploads\/2015\/07\/logo-audition-solidarite-e1446132259721.png\" \/>\n\t<meta property=\"og:image:width\" content=\"600\" \/>\n\t<meta property=\"og:image:height\" content=\"593\" \/>\n\t<meta property=\"og:image:type\" content=\"image\/png\" \/>\n<meta name=\"twitter:card\" content=\"summary_large_image\" \/>\n<meta name=\"twitter:label1\" content=\"Est. reading time\" \/>\n\t<meta name=\"twitter:data1\" content=\"2 minutes\" \/>\n<script type=\"application\/ld+json\" class=\"yoast-schema-graph\">{\"@context\":\"https:\/\/schema.org\",\"@graph\":[{\"@type\":\"WebPage\",\"@id\":\"https:\/\/www.auditionsolidarite.org\/en\/lorganisation\/\",\"url\":\"https:\/\/www.auditionsolidarite.org\/en\/lorganisation\/\",\"name\":\"Organisation - AuditionSolidarit\u00e9\",\"isPartOf\":{\"@id\":\"https:\/\/www.auditionsolidarite.org\/en\/#website\"},\"datePublished\":\"2015-07-07T13:06:02+00:00\",\"dateModified\":\"2024-07-12T15:03:37+00:00\",\"breadcrumb\":{\"@id\":\"https:\/\/www.auditionsolidarite.org\/en\/lorganisation\/#breadcrumb\"},\"inLanguage\":\"en-US\",\"potentialAction\":[{\"@type\":\"ReadAction\",\"target\":[[\"https:\/\/www.auditionsolidarite.org\/en\/lorganisation\/\"]]}]},{\"@type\":\"BreadcrumbList\",\"@id\":\"https:\/\/www.auditionsolidarite.org\/en\/lorganisation\/#breadcrumb\",\"itemListElement\":[{\"@type\":\"ListItem\",\"position\":1,\"name\":\"Accueil\",\"item\":\"https:\/\/www.auditionsolidarite.org\/en\/\"},{\"@type\":\"ListItem\",\"position\":2,\"name\":\"L\u2019organisation\"}]},{\"@type\":\"WebSite\",\"@id\":\"https:\/\/www.auditionsolidarite.org\/en\/#website\",\"url\":\"https:\/\/www.auditionsolidarite.org\/en\/\",\"name\":\"AuditionSolidarit\u00e9\",\"description\":\"Le hasard n&#039;existe pas ! Si vous \u00eates l\u00e0 aujourd&#039;hui, c&#039;est que le monde de l&#039;audition vous touche... Alors merci d&#039;\u00eatre l\u00e0 !\",\"publisher\":{\"@id\":\"https:\/\/www.auditionsolidarite.org\/en\/#organization\"},\"potentialAction\":[{\"@type\":\"SearchAction\",\"target\":{\"@type\":\"EntryPoint\",\"urlTemplate\":\"https:\/\/www.auditionsolidarite.org\/en\/?s={search_term_string}\"},\"query-input\":\"required name=search_term_string\"}],\"inLanguage\":\"en-US\"},{\"@type\":\"Organization\",\"@id\":\"https:\/\/www.auditionsolidarite.org\/en\/#organization\",\"name\":\"AuditionSolidarit\u00e9\",\"url\":\"https:\/\/www.auditionsolidarite.org\/en\/\",\"logo\":{\"@type\":\"ImageObject\",\"inLanguage\":\"en-US\",\"@id\":\"https:\/\/www.auditionsolidarite.org\/en\/#\/schema\/logo\/image\/\",\"url\":\"https:\/\/www.auditionsolidarite.org\/wp-content\/uploads\/2015\/07\/logo-audition-solidarite-e1446132259721.png\",\"contentUrl\":\"https:\/\/www.auditionsolidarite.org\/wp-content\/uploads\/2015\/07\/logo-audition-solidarite-e1446132259721.png\",\"width\":600,\"height\":593,\"caption\":\"AuditionSolidarit\u00e9\"},\"image\":{\"@id\":\"https:\/\/www.auditionsolidarite.org\/en\/#\/schema\/logo\/image\/\"}}]}<\/script>\n<!-- \/ Yoast SEO plugin. -->","yoast_head_json":{"title":"Organisation - AuditionSolidarit\u00e9","robots":{"index":"index","follow":"follow","max-snippet":"max-snippet:-1","max-image-preview":"max-image-preview:large","max-video-preview":"max-video-preview:-1"},"canonical":"https:\/\/www.auditionsolidarite.org\/en\/lorganisation\/","og_locale":"en_US","og_type":"article","og_title":"Organisation - AuditionSolidarit\u00e9","og_description":"L&#8217; organisation AuditionSolidarite.Org est bas\u00e9e dans les Landes \u00e0 Yzosse. AuditionSolidarite.Org est une association humanitaire et citoyenne cr\u00e9\u00e9e en 2008, pr\u00e9sid\u00e9e par Christine BOURGER. Cette association loi 1901 poursuit une mission d&#8217;int\u00e9r\u00eat g\u00e9n\u00e9ral. Le but AuditionSolidarite.Org a pour but d\u2019\u0153uvrer ensemble pour l&#8217;am\u00e9lioration du bien-\u00eatre auditif aupr\u00e8s des populations sensibles ou d\u00e9favoris\u00e9es \u00e0 travers le monde, au moyen de pr\u00e9vention,","og_url":"https:\/\/www.auditionsolidarite.org\/en\/lorganisation\/","og_site_name":"AuditionSolidarit\u00e9","article_modified_time":"2024-07-12T15:03:37+00:00","og_image":[{"width":600,"height":593,"url":"https:\/\/www.auditionsolidarite.org\/wp-content\/uploads\/2015\/07\/logo-audition-solidarite-e1446132259721.png","type":"image\/png"}],"twitter_card":"summary_large_image","twitter_misc":{"Est. reading time":"2 minutes"},"schema":{"@context":"https:\/\/schema.org","@graph":[{"@type":"WebPage","@id":"https:\/\/www.auditionsolidarite.org\/en\/lorganisation\/","url":"https:\/\/www.auditionsolidarite.org\/en\/lorganisation\/","name":"Organisation - AuditionSolidarit\u00e9","isPartOf":{"@id":"https:\/\/www.auditionsolidarite.org\/en\/#website"},"datePublished":"2015-07-07T13:06:02+00:00","dateModified":"2024-07-12T15:03:37+00:00","breadcrumb":{"@id":"https:\/\/www.auditionsolidarite.org\/en\/lorganisation\/#breadcrumb"},"inLanguage":"en-US","potentialAction":[{"@type":"ReadAction","target":[["https:\/\/www.auditionsolidarite.org\/en\/lorganisation\/"]]}]},{"@type":"BreadcrumbList","@id":"https:\/\/www.auditionsolidarite.org\/en\/lorganisation\/#breadcrumb","itemListElement":[{"@type":"ListItem","position":1,"name":"Accueil","item":"https:\/\/www.auditionsolidarite.org\/en\/"},{"@type":"ListItem","position":2,"name":"L\u2019organisation"}]},{"@type":"WebSite","@id":"https:\/\/www.auditionsolidarite.org\/en\/#website","url":"https:\/\/www.auditionsolidarite.org\/en\/","name":"AuditionSolidarit\u00e9","description":"Le hasard n&#039;existe pas ! Si vous \u00eates l\u00e0 aujourd&#039;hui, c&#039;est que le monde de l&#039;audition vous touche... Alors merci d&#039;\u00eatre l\u00e0 !","publisher":{"@id":"https:\/\/www.auditionsolidarite.org\/en\/#organization"},"potentialAction":[{"@type":"SearchAction","target":{"@type":"EntryPoint","urlTemplate":"https:\/\/www.auditionsolidarite.org\/en\/?s={search_term_string}"},"query-input":"required name=search_term_string"}],"inLanguage":"en-US"},{"@type":"Organization","@id":"https:\/\/www.auditionsolidarite.org\/en\/#organization","name":"AuditionSolidarit\u00e9","url":"https:\/\/www.auditionsolidarite.org\/en\/","logo":{"@type":"ImageObject","inLanguage":"en-US","@id":"https:\/\/www.auditionsolidarite.org\/en\/#\/schema\/logo\/image\/","url":"https:\/\/www.auditionsolidarite.org\/wp-content\/uploads\/2015\/07\/logo-audition-solidarite-e1446132259721.png","contentUrl":"https:\/\/www.auditionsolidarite.org\/wp-content\/uploads\/2015\/07\/logo-audition-solidarite-e1446132259721.png","width":600,"height":593,"caption":"AuditionSolidarit\u00e9"},"image":{"@id":"https:\/\/www.auditionsolidarite.org\/en\/#\/schema\/logo\/image\/"}}]}},"_links":{"self":[{"href":"https:\/\/www.auditionsolidarite.org\/en\/wp-json\/wp\/v2\/pages\/26"}],"collection":[{"href":"https:\/\/www.auditionsolidarite.org\/en\/wp-json\/wp\/v2\/pages"}],"about":[{"href":"https:\/\/www.auditionsolidarite.org\/en\/wp-json\/wp\/v2\/types\/page"}],"author":[{"embeddable":true,"href":"https:\/\/www.auditionsolidarite.org\/en\/wp-json\/wp\/v2\/users\/10"}],"replies":[{"embeddable":true,"href":"https:\/\/www.auditionsolidarite.org\/en\/wp-json\/wp\/v2\/comments?post=26"}],"version-history":[{"count":11,"href":"https:\/\/www.auditionsolidarite.org\/en\/wp-json\/wp\/v2\/pages\/26\/revisions"}],"predecessor-version":[{"id":10080,"href":"https:\/\/www.auditionsolidarite.org\/en\/wp-json\/wp\/v2\/pages\/26\/revisions\/10080"}],"wp:attachment":[{"href":"https:\/\/www.auditionsolidarite.org\/en\/wp-json\/wp\/v2\/media?parent=26"}],"curies":[{"name":"wp","href":"https:\/\/api.w.org\/{rel}","templated":true}]}}