{"id":24,"date":"2015-07-07T14:05:55","date_gmt":"2015-07-07T13:05:55","guid":{"rendered":"http:\/\/localhost\/auditionsolidarite.org\/?page_id=24"},"modified":"2021-09-17T14:32:10","modified_gmt":"2021-09-17T13:32:10","slug":"notre-parrain","status":"publish","type":"page","link":"https:\/\/www.auditionsolidarite.org\/en\/notre-parrain\/","title":{"rendered":"Our sponsor"},"content":{"rendered":"\u00a0<\/p>\n<p style=\"text-align: justify;\">En 2013, AuditionSolidarit\u00e9 remporte le Prix EUROPE1 Solidarit\u00e9.<\/p>\n<p style=\"text-align: justify;\">Dans le jury\u2026 un certain Martin Hirsch\u00a0!<\/p>\n<p style=\"text-align: justify;\">Or, \u00e0 ce moment-l\u00e0, AuditionSolidarit\u00e9 rencontre une difficult\u00e9\u00a0: mettre en place des missions humanitaires en France ayant pour but d\u2019appareiller les personnes d\u00e9munies pr\u00e9sentant une d\u00e9ficience auditive. On en parle alors de fa\u00e7on totalement spontan\u00e9e \u00e0 Martin Hirsch et c\u2019est lui qui nous \u00ab\u00a0d\u00e9bloquera\u00a0\u00bb la situation en nous pr\u00e9sentant l\u2019association <em>Les Enfants du Canal<\/em> avec qui nous r\u00e9aliserons nos premi\u00e8res missions humanitaires dans un BusAbri, Place de la Bourse \u00e0 Paris\u2026<\/p>\n<p style=\"text-align: justify;\">Deux\u00a0ann\u00e9es plus tard, d\u00e9but 2015, Martin Hirsch, devenu directeur de l&#8217;Assistance Publique &#8211; H\u00f4pitaux de Paris (AP-HP) nous propose de faire nos missions humanitaires au sein de l\u2019H\u00f4tel Dieu\u2026<\/p>\n<p style=\"text-align: justify;\">Cette rencontre est un cadeau de la Vie pour AuditionSolidarit\u00e9\u2026 alors, tout naturellement, nous demandons \u00e0 Martin de devenir notre parrain en f\u00e9vrier 2015\u00a0: il accepte\u00a0!<\/p>\n<p style=\"text-align: justify;\"><a href=\"\/wp-content\/uploads\/2015\/07\/QK6A7381.jpg\"><img loading=\"lazy\" decoding=\"async\" class=\"alignnone size-large wp-image-960\" src=\"\/wp-content\/uploads\/2015\/07\/QK6A7381-1024x683.jpg\" alt=\"QK6A7381\" width=\"860\" height=\"574\" srcset=\"https:\/\/www.auditionsolidarite.org\/wp-content\/uploads\/2015\/07\/QK6A7381-1024x683.jpg 1024w, https:\/\/www.auditionsolidarite.org\/wp-content\/uploads\/2015\/07\/QK6A7381-300x200.jpg 300w\" sizes=\"(max-width: 860px) 100vw, 860px\" \/><\/a><\/p>\n<p style=\"text-align: justify;\"><u>A propos de Martin Hirsch<\/u>\u00a0:<\/p>\n<p style=\"text-align: justify;\">&#8211; Pr\u00e9sident d\u2019Emma\u00fcs France<\/p>\n<p style=\"text-align: justify;\">&#8211; Haut-Commissaire aux solidarit\u00e9s actives contre la pauvret\u00e9<\/p>\n<p style=\"text-align: justify;\">&#8211; Directeur G\u00e9n\u00e9ral de l\u2019Agence Fran\u00e7aise de s\u00e9curit\u00e9 sanitaire des Aliments (AFSSA)<\/p>\n<p style=\"text-align: justify;\">&#8211; Directeur g\u00e9n\u00e9ral de l\u2019Agence nouvelle des solidarit\u00e9s actives<\/p>\n<p style=\"text-align: justify;\">&#8211; Pr\u00e9sident de l\u2019Agence du Service Civique<\/p>\n<p style=\"text-align: justify;\">&#8211; Directeur g\u00e9n\u00e9ral de l\u2019Assistance Publique \u2013 H\u00f4pitaux de Paris<\/p>","protected":false},"excerpt":{"rendered":"<p>\u00a0 En 2013, AuditionSolidarit\u00e9 remporte le Prix EUROPE1 Solidarit\u00e9. Dans le jury\u2026 un certain Martin Hirsch\u00a0! Or, \u00e0 ce moment-l\u00e0, AuditionSolidarit\u00e9 rencontre une difficult\u00e9\u00a0: mettre en place des missions humanitaires en France ayant pour but d\u2019appareiller les personnes d\u00e9munies pr\u00e9sentant une d\u00e9ficience auditive. On en parle alors de fa\u00e7on totalement spontan\u00e9e \u00e0 Martin Hirsch et c\u2019est lui qui nous \u00ab\u00a0d\u00e9bloquera\u00a0\u00bb<\/p>\n","protected":false},"author":10,"featured_media":0,"parent":0,"menu_order":0,"comment_status":"open","ping_status":"closed","template":"","meta":{"footnotes":""},"acf":[],"yoast_head":"<!-- This site is optimized with the Yoast SEO plugin v21.9.1 - https:\/\/yoast.com\/wordpress\/plugins\/seo\/ -->\n<title>Our sponsor - AuditionSolidarit\u00e9<\/title>\n<meta name=\"robots\" content=\"index, follow, max-snippet:-1, max-image-preview:large, max-video-preview:-1\" \/>\n<link rel=\"canonical\" href=\"https:\/\/www.auditionsolidarite.org\/en\/notre-parrain\/\" \/>\n<meta property=\"og:locale\" content=\"en_US\" \/>\n<meta property=\"og:type\" content=\"article\" \/>\n<meta property=\"og:title\" content=\"Our sponsor - AuditionSolidarit\u00e9\" \/>\n<meta property=\"og:description\" content=\"\u00a0 En 2013, AuditionSolidarit\u00e9 remporte le Prix EUROPE1 Solidarit\u00e9. Dans le jury\u2026 un certain Martin Hirsch\u00a0! Or, \u00e0 ce moment-l\u00e0, AuditionSolidarit\u00e9 rencontre une difficult\u00e9\u00a0: mettre en place des missions humanitaires en France ayant pour but d\u2019appareiller les personnes d\u00e9munies pr\u00e9sentant une d\u00e9ficience auditive. On en parle alors de fa\u00e7on totalement spontan\u00e9e \u00e0 Martin Hirsch et c\u2019est lui qui nous \u00ab\u00a0d\u00e9bloquera\u00a0\u00bb\" \/>\n<meta property=\"og:url\" content=\"https:\/\/www.auditionsolidarite.org\/en\/notre-parrain\/\" \/>\n<meta property=\"og:site_name\" content=\"AuditionSolidarit\u00e9\" \/>\n<meta property=\"article:modified_time\" content=\"2021-09-17T13:32:10+00:00\" \/>\n<meta property=\"og:image\" content=\"https:\/\/www.auditionsolidarite.org\/wp-content\/uploads\/2015\/07\/logo-audition-solidarite-e1446132259721.png\" \/>\n\t<meta property=\"og:image:width\" content=\"600\" \/>\n\t<meta property=\"og:image:height\" content=\"593\" \/>\n\t<meta property=\"og:image:type\" content=\"image\/png\" \/>\n<meta name=\"twitter:card\" content=\"summary_large_image\" \/>\n<meta name=\"twitter:label1\" content=\"Est. reading time\" \/>\n\t<meta name=\"twitter:data1\" content=\"2 minutes\" \/>\n<script type=\"application\/ld+json\" class=\"yoast-schema-graph\">{\"@context\":\"https:\/\/schema.org\",\"@graph\":[{\"@type\":\"WebPage\",\"@id\":\"https:\/\/www.auditionsolidarite.org\/en\/notre-parrain\/\",\"url\":\"https:\/\/www.auditionsolidarite.org\/en\/notre-parrain\/\",\"name\":\"Our sponsor - AuditionSolidarit\u00e9\",\"isPartOf\":{\"@id\":\"https:\/\/www.auditionsolidarite.org\/en\/#website\"},\"datePublished\":\"2015-07-07T13:05:55+00:00\",\"dateModified\":\"2021-09-17T13:32:10+00:00\",\"breadcrumb\":{\"@id\":\"https:\/\/www.auditionsolidarite.org\/en\/notre-parrain\/#breadcrumb\"},\"inLanguage\":\"en-US\",\"potentialAction\":[{\"@type\":\"ReadAction\",\"target\":[[\"https:\/\/www.auditionsolidarite.org\/en\/notre-parrain\/\"]]}]},{\"@type\":\"BreadcrumbList\",\"@id\":\"https:\/\/www.auditionsolidarite.org\/en\/notre-parrain\/#breadcrumb\",\"itemListElement\":[{\"@type\":\"ListItem\",\"position\":1,\"name\":\"Accueil\",\"item\":\"https:\/\/www.auditionsolidarite.org\/en\/\"},{\"@type\":\"ListItem\",\"position\":2,\"name\":\"Notre parrain\"}]},{\"@type\":\"WebSite\",\"@id\":\"https:\/\/www.auditionsolidarite.org\/en\/#website\",\"url\":\"https:\/\/www.auditionsolidarite.org\/en\/\",\"name\":\"AuditionSolidarit\u00e9\",\"description\":\"Le hasard n&#039;existe pas ! Si vous \u00eates l\u00e0 aujourd&#039;hui, c&#039;est que le monde de l&#039;audition vous touche... Alors merci d&#039;\u00eatre l\u00e0 !\",\"publisher\":{\"@id\":\"https:\/\/www.auditionsolidarite.org\/en\/#organization\"},\"potentialAction\":[{\"@type\":\"SearchAction\",\"target\":{\"@type\":\"EntryPoint\",\"urlTemplate\":\"https:\/\/www.auditionsolidarite.org\/en\/?s={search_term_string}\"},\"query-input\":\"required name=search_term_string\"}],\"inLanguage\":\"en-US\"},{\"@type\":\"Organization\",\"@id\":\"https:\/\/www.auditionsolidarite.org\/en\/#organization\",\"name\":\"AuditionSolidarit\u00e9\",\"url\":\"https:\/\/www.auditionsolidarite.org\/en\/\",\"logo\":{\"@type\":\"ImageObject\",\"inLanguage\":\"en-US\",\"@id\":\"https:\/\/www.auditionsolidarite.org\/en\/#\/schema\/logo\/image\/\",\"url\":\"https:\/\/www.auditionsolidarite.org\/wp-content\/uploads\/2015\/07\/logo-audition-solidarite-e1446132259721.png\",\"contentUrl\":\"https:\/\/www.auditionsolidarite.org\/wp-content\/uploads\/2015\/07\/logo-audition-solidarite-e1446132259721.png\",\"width\":600,\"height\":593,\"caption\":\"AuditionSolidarit\u00e9\"},\"image\":{\"@id\":\"https:\/\/www.auditionsolidarite.org\/en\/#\/schema\/logo\/image\/\"}}]}<\/script>\n<!-- \/ Yoast SEO plugin. -->","yoast_head_json":{"title":"Our sponsor - AuditionSolidarit\u00e9","robots":{"index":"index","follow":"follow","max-snippet":"max-snippet:-1","max-image-preview":"max-image-preview:large","max-video-preview":"max-video-preview:-1"},"canonical":"https:\/\/www.auditionsolidarite.org\/en\/notre-parrain\/","og_locale":"en_US","og_type":"article","og_title":"Our sponsor - AuditionSolidarit\u00e9","og_description":"\u00a0 En 2013, AuditionSolidarit\u00e9 remporte le Prix EUROPE1 Solidarit\u00e9. Dans le jury\u2026 un certain Martin Hirsch\u00a0! Or, \u00e0 ce moment-l\u00e0, AuditionSolidarit\u00e9 rencontre une difficult\u00e9\u00a0: mettre en place des missions humanitaires en France ayant pour but d\u2019appareiller les personnes d\u00e9munies pr\u00e9sentant une d\u00e9ficience auditive. On en parle alors de fa\u00e7on totalement spontan\u00e9e \u00e0 Martin Hirsch et c\u2019est lui qui nous \u00ab\u00a0d\u00e9bloquera\u00a0\u00bb","og_url":"https:\/\/www.auditionsolidarite.org\/en\/notre-parrain\/","og_site_name":"AuditionSolidarit\u00e9","article_modified_time":"2021-09-17T13:32:10+00:00","og_image":[{"width":600,"height":593,"url":"https:\/\/www.auditionsolidarite.org\/wp-content\/uploads\/2015\/07\/logo-audition-solidarite-e1446132259721.png","type":"image\/png"}],"twitter_card":"summary_large_image","twitter_misc":{"Est. reading time":"2 minutes"},"schema":{"@context":"https:\/\/schema.org","@graph":[{"@type":"WebPage","@id":"https:\/\/www.auditionsolidarite.org\/en\/notre-parrain\/","url":"https:\/\/www.auditionsolidarite.org\/en\/notre-parrain\/","name":"Our sponsor - AuditionSolidarit\u00e9","isPartOf":{"@id":"https:\/\/www.auditionsolidarite.org\/en\/#website"},"datePublished":"2015-07-07T13:05:55+00:00","dateModified":"2021-09-17T13:32:10+00:00","breadcrumb":{"@id":"https:\/\/www.auditionsolidarite.org\/en\/notre-parrain\/#breadcrumb"},"inLanguage":"en-US","potentialAction":[{"@type":"ReadAction","target":[["https:\/\/www.auditionsolidarite.org\/en\/notre-parrain\/"]]}]},{"@type":"BreadcrumbList","@id":"https:\/\/www.auditionsolidarite.org\/en\/notre-parrain\/#breadcrumb","itemListElement":[{"@type":"ListItem","position":1,"name":"Accueil","item":"https:\/\/www.auditionsolidarite.org\/en\/"},{"@type":"ListItem","position":2,"name":"Notre parrain"}]},{"@type":"WebSite","@id":"https:\/\/www.auditionsolidarite.org\/en\/#website","url":"https:\/\/www.auditionsolidarite.org\/en\/","name":"AuditionSolidarit\u00e9","description":"Le hasard n&#039;existe pas ! Si vous \u00eates l\u00e0 aujourd&#039;hui, c&#039;est que le monde de l&#039;audition vous touche... Alors merci d&#039;\u00eatre l\u00e0 !","publisher":{"@id":"https:\/\/www.auditionsolidarite.org\/en\/#organization"},"potentialAction":[{"@type":"SearchAction","target":{"@type":"EntryPoint","urlTemplate":"https:\/\/www.auditionsolidarite.org\/en\/?s={search_term_string}"},"query-input":"required name=search_term_string"}],"inLanguage":"en-US"},{"@type":"Organization","@id":"https:\/\/www.auditionsolidarite.org\/en\/#organization","name":"AuditionSolidarit\u00e9","url":"https:\/\/www.auditionsolidarite.org\/en\/","logo":{"@type":"ImageObject","inLanguage":"en-US","@id":"https:\/\/www.auditionsolidarite.org\/en\/#\/schema\/logo\/image\/","url":"https:\/\/www.auditionsolidarite.org\/wp-content\/uploads\/2015\/07\/logo-audition-solidarite-e1446132259721.png","contentUrl":"https:\/\/www.auditionsolidarite.org\/wp-content\/uploads\/2015\/07\/logo-audition-solidarite-e1446132259721.png","width":600,"height":593,"caption":"AuditionSolidarit\u00e9"},"image":{"@id":"https:\/\/www.auditionsolidarite.org\/en\/#\/schema\/logo\/image\/"}}]}},"_links":{"self":[{"href":"https:\/\/www.auditionsolidarite.org\/en\/wp-json\/wp\/v2\/pages\/24"}],"collection":[{"href":"https:\/\/www.auditionsolidarite.org\/en\/wp-json\/wp\/v2\/pages"}],"about":[{"href":"https:\/\/www.auditionsolidarite.org\/en\/wp-json\/wp\/v2\/types\/page"}],"author":[{"embeddable":true,"href":"https:\/\/www.auditionsolidarite.org\/en\/wp-json\/wp\/v2\/users\/10"}],"replies":[{"embeddable":true,"href":"https:\/\/www.auditionsolidarite.org\/en\/wp-json\/wp\/v2\/comments?post=24"}],"version-history":[{"count":4,"href":"https:\/\/www.auditionsolidarite.org\/en\/wp-json\/wp\/v2\/pages\/24\/revisions"}],"predecessor-version":[{"id":8354,"href":"https:\/\/www.auditionsolidarite.org\/en\/wp-json\/wp\/v2\/pages\/24\/revisions\/8354"}],"wp:attachment":[{"href":"https:\/\/www.auditionsolidarite.org\/en\/wp-json\/wp\/v2\/media?parent=24"}],"curies":[{"name":"wp","href":"https:\/\/api.w.org\/{rel}","templated":true}]}}