{"id":15,"date":"2015-07-07T14:05:34","date_gmt":"2015-07-07T13:05:34","guid":{"rendered":"http:\/\/localhost\/auditionsolidarite.org\/?page_id=15"},"modified":"2025-10-03T10:00:33","modified_gmt":"2025-10-03T09:00:33","slug":"lequipeas","status":"publish","type":"page","link":"https:\/\/www.auditionsolidarite.org\/en\/lequipeas\/","title":{"rendered":"The crew"},"content":{"rendered":"<p style=\"text-align: justify;\">AuditionSolidarit\u00e9 est une \u00e9quipe de 6 personnes souhaitant d\u00e9velopper une \u00e9conomie plus humaine,\u00a0cr\u00e9atrice d&#8217;\u00e9changes et de partage.<\/p>\n<p style=\"text-align: justify;\"><div class=\"su-row\">\n<div class=\"su-column su-column-size-1-2\"><div class=\"su-column-inner su-u-clearfix su-u-trim\"><img loading=\"lazy\" decoding=\"async\" class=\"aligncenter size-large wp-image-271\" src=\"\/wp-content\/uploads\/2015\/07\/AS_Rentre_2014-1024x769.jpg\" alt=\"AS_Rentre_2014\" width=\"360\" height=\"270\" \/><\/div><\/div>\n<div class=\"su-column su-column-size-1-2\"><div class=\"su-column-inner su-u-clearfix su-u-trim\"><iframe loading=\"lazy\" src=\"https:\/\/www.youtube.com\/embed\/Jp4trRVuSNc\" width=\"360\" height=\"270\" frameborder=\"0\" allowfullscreen=\"allowfullscreen\"><\/iframe> <\/div><\/div>\n<\/div>\n<hr \/>\n<p><strong>Christine Bourger, Co-Fondatrice et Pr\u00e9sidente d&#8217;AuditionSolidarit\u00e9.Org<\/strong><br \/>\nAudioproth\u00e9siste depuis 1985, sp\u00e9cialiste de l&#8217;enfant.<br \/>\nA cr\u00e9\u00e9 6 centres de Correction Auditive \u00e0 Metz et environs.<br \/>\nA travaill\u00e9 10 ans \u00e0 l&#8217;INJS et \u00e0 l&#8217;IES de Metz.<\/p>\n<p><a href=\"mailto:christine.bourger@auditionsolidarite.org\">christine.bourger@auditionsolidarite.org<\/a><\/p>\n<p style=\"text-align: justify;\"><a href=\"\/wp-content\/uploads\/2015\/07\/Kiki.jpg\"><img loading=\"lazy\" decoding=\"async\" class=\" wp-image-274 size-medium aligncenter\" src=\"\/wp-content\/uploads\/2015\/07\/Kiki-300x225.jpg\" alt=\"Kiki\" width=\"300\" height=\"225\" \/><\/a><\/p>\n<hr \/>\n<p style=\"text-align: justify;\"><strong>Carole Ercole, Co-Fondatrice et Co-Directrice d\u2019AuditionSolidarit\u00e9.Org<\/strong><\/p>\n<p style=\"text-align: justify;\">Musicienne de formation.<br \/>\nA cr\u00e9\u00e9 et a g\u00e9r\u00e9 une \u00e9cole de musique &#8220;Music School&#8221; \u00e0 Metz, a donn\u00e9 des cours de musique \u00e0 des enfants sourds profonds et a oeuvr\u00e9 activement pour la pr\u00e9vention auditive dans le domaine musical.<br \/>\n<a href=\"mailto:carole.ercole@auditionsolidarite.org\">carole.ercole@auditionsolidarite.org<\/a><\/p>\n<p style=\"text-align: justify;\"><a href=\"\/wp-content\/uploads\/2015\/07\/Carole.jpg\"><img loading=\"lazy\" decoding=\"async\" class=\"aligncenter wp-image-272 size-medium\" src=\"\/wp-content\/uploads\/2015\/07\/Carole-300x225.jpg\" alt=\"Carole\" width=\"300\" height=\"225\" \/><\/a><\/p>\n<hr \/>\n<p><strong>Odile Petit, Co-Fondatrice et Co-Directrice d\u2019AuditionSolidarit\u00e9.Org<\/strong><br \/>\nGestionnaire de formation et directrice de Golf.<br \/>\nResponsable administratif, financier et de communication des centres auditifs de Christine Bourger.<br \/>\nA oeuvr\u00e9 pendant 10 ans dans le domaine des aides sociales et des prestations suppl\u00e9mentaires.<\/p>\n<p><a href=\"mailto:odile.petit@auditionsolidarite.org\">odile.petit@auditionsolidarite.org<\/a><\/p>\n<p style=\"text-align: justify;\"><a href=\"\/wp-content\/uploads\/2015\/07\/Odile.jpg\"><img loading=\"lazy\" decoding=\"async\" class=\"aligncenter size-medium wp-image-275\" src=\"\/wp-content\/uploads\/2015\/07\/Odile-300x225.jpg\" alt=\"Odile\" width=\"300\" height=\"225\" \/><\/a><\/p>\n<hr \/>\n<p><strong>Jean-Yves Paquelet, Responsable Pr\u00e9vention Auditive<\/strong><br \/>\nMusicien de formation et ancien directeur d&#8217;\u00e9cole de musique.<br \/>\nA cr\u00e9\u00e9 et a g\u00e9r\u00e9 une \u00e9cole de musique &#8220;Club Musical Yamaha&#8221; \u00e0 Montluel, 350 \u00e9l\u00e8ves pendant 24 ans.<\/p>\n<p><a href=\"mailto:jean-yves.paquelet@auditionsolidarite.org\">jean-yves.paquelet@auditionsolidarite.org<\/a><\/p>\n<p style=\"text-align: justify;\"><a href=\"\/wp-content\/uploads\/2015\/07\/JY.jpg\"><img loading=\"lazy\" decoding=\"async\" class=\"aligncenter size-medium wp-image-273\" src=\"\/wp-content\/uploads\/2015\/07\/JY-300x225.jpg\" alt=\"JY\" width=\"300\" height=\"225\" \/><\/a><\/p>\n<hr \/>\n<p><strong>Anne-Marie Formaro, Secr\u00e9taire d\u2019AuditionSolidarit\u00e9.Org<\/strong><br \/>\nSecr\u00e9taire-comptable de formation.<br \/>\nA travaill\u00e9 dans le milieu militaire et le monde de l\u2019automobile.<br \/>\nDerni\u00e8rement, a \u00e9t\u00e9 l\u2019assistante de Christine Bourger.<\/p>\n<p><a href=\"mailto:anne-marie.formaro@auditionsolidarite.org\">anne-marie.formaro@auditionsolidarite.org<\/a><\/p>\n<p style=\"text-align: justify;\"><a href=\"\/wp-content\/uploads\/2015\/07\/AM.jpg\"><img loading=\"lazy\" decoding=\"async\" class=\"aligncenter size-medium wp-image-270\" src=\"\/wp-content\/uploads\/2015\/07\/AM-300x225.jpg\" alt=\"AM\" width=\"300\" height=\"225\" \/><\/a><\/p>\n<hr \/>\n<p style=\"text-align: justify;\"><strong>Adrien Fagault-Martial, Assistant communication d&#8217;AuditionSolidarit\u00e9.Org<\/strong><br \/>\nJeune dip\u00f4m\u00e9 en Management et ing\u00e9nierie du sport.<br \/>\nA travaill\u00e9 dans le milieu du surf et des relations presse.<br \/>\nAdrien vient de nous rejoindre le 1er octobre 2014.<\/p>\n<p style=\"text-align: justify;\"><a href=\"mailto:adrien.fagault-martial@auditionsolidarite.org\">adrien.fagault-martial@auditionsolidarite.org<\/a><\/p>\n<p style=\"text-align: justify;\"><a href=\"\/wp-content\/uploads\/2015\/07\/Adri.jpg\"><img loading=\"lazy\" decoding=\"async\" class=\"aligncenter size-medium wp-image-269\" src=\"\/wp-content\/uploads\/2015\/07\/Adri-300x225.jpg\" alt=\"Adri\" width=\"300\" height=\"225\" \/><\/a><\/p>","protected":false},"excerpt":{"rendered":"<p>AuditionSolidarit\u00e9 est une \u00e9quipe de 6 personnes souhaitant d\u00e9velopper une \u00e9conomie plus humaine,\u00a0cr\u00e9atrice d&#8217;\u00e9changes et de partage. Christine Bourger, Co-Fondatrice et Pr\u00e9sidente d&#8217;AuditionSolidarit\u00e9.Org Audioproth\u00e9siste depuis 1985, sp\u00e9cialiste de l&#8217;enfant. A cr\u00e9\u00e9 6 centres de Correction Auditive \u00e0 Metz et environs. A travaill\u00e9 10 ans \u00e0 l&#8217;INJS et \u00e0 l&#8217;IES de Metz. christine.bourger@auditionsolidarite.org Carole Ercole, Co-Fondatrice et Co-Directrice d\u2019AuditionSolidarit\u00e9.Org Musicienne de<\/p>\n","protected":false},"author":10,"featured_media":0,"parent":0,"menu_order":0,"comment_status":"closed","ping_status":"closed","template":"","meta":{"footnotes":""},"acf":[],"yoast_head":"<!-- This site is optimized with the Yoast SEO plugin v21.9.1 - https:\/\/yoast.com\/wordpress\/plugins\/seo\/ -->\n<title>The crew - AuditionSolidarit\u00e9<\/title>\n<meta name=\"robots\" content=\"index, follow, max-snippet:-1, max-image-preview:large, max-video-preview:-1\" \/>\n<link rel=\"canonical\" href=\"https:\/\/www.auditionsolidarite.org\/en\/lequipeas\/\" \/>\n<meta property=\"og:locale\" content=\"en_US\" \/>\n<meta property=\"og:type\" content=\"article\" \/>\n<meta property=\"og:title\" content=\"The crew - AuditionSolidarit\u00e9\" \/>\n<meta property=\"og:description\" content=\"AuditionSolidarit\u00e9 est une \u00e9quipe de 6 personnes souhaitant d\u00e9velopper une \u00e9conomie plus humaine,\u00a0cr\u00e9atrice d&#8217;\u00e9changes et de partage. Christine Bourger, Co-Fondatrice et Pr\u00e9sidente d&#8217;AuditionSolidarit\u00e9.Org Audioproth\u00e9siste depuis 1985, sp\u00e9cialiste de l&#8217;enfant. A cr\u00e9\u00e9 6 centres de Correction Auditive \u00e0 Metz et environs. A travaill\u00e9 10 ans \u00e0 l&#8217;INJS et \u00e0 l&#8217;IES de Metz. christine.bourger@auditionsolidarite.org Carole Ercole, Co-Fondatrice et Co-Directrice d\u2019AuditionSolidarit\u00e9.Org Musicienne de\" \/>\n<meta property=\"og:url\" content=\"https:\/\/www.auditionsolidarite.org\/en\/lequipeas\/\" \/>\n<meta property=\"og:site_name\" content=\"AuditionSolidarit\u00e9\" \/>\n<meta property=\"article:modified_time\" content=\"2025-10-03T09:00:33+00:00\" \/>\n<meta property=\"og:image\" content=\"https:\/\/www.auditionsolidarite.org\/wp-content\/uploads\/2015\/07\/logo-audition-solidarite-e1446132259721.png\" \/>\n\t<meta property=\"og:image:width\" content=\"600\" \/>\n\t<meta property=\"og:image:height\" content=\"593\" \/>\n\t<meta property=\"og:image:type\" content=\"image\/png\" \/>\n<meta name=\"twitter:card\" content=\"summary_large_image\" \/>\n<meta name=\"twitter:label1\" content=\"Est. reading time\" \/>\n\t<meta name=\"twitter:data1\" content=\"4 minutes\" \/>\n<script type=\"application\/ld+json\" class=\"yoast-schema-graph\">{\"@context\":\"https:\/\/schema.org\",\"@graph\":[{\"@type\":\"WebPage\",\"@id\":\"https:\/\/www.auditionsolidarite.org\/en\/lequipeas\/\",\"url\":\"https:\/\/www.auditionsolidarite.org\/en\/lequipeas\/\",\"name\":\"The crew - AuditionSolidarit\u00e9\",\"isPartOf\":{\"@id\":\"https:\/\/www.auditionsolidarite.org\/en\/#website\"},\"datePublished\":\"2015-07-07T13:05:34+00:00\",\"dateModified\":\"2025-10-03T09:00:33+00:00\",\"breadcrumb\":{\"@id\":\"https:\/\/www.auditionsolidarite.org\/en\/lequipeas\/#breadcrumb\"},\"inLanguage\":\"en-US\",\"potentialAction\":[{\"@type\":\"ReadAction\",\"target\":[[\"https:\/\/www.auditionsolidarite.org\/en\/lequipeas\/\"]]}]},{\"@type\":\"BreadcrumbList\",\"@id\":\"https:\/\/www.auditionsolidarite.org\/en\/lequipeas\/#breadcrumb\",\"itemListElement\":[{\"@type\":\"ListItem\",\"position\":1,\"name\":\"Accueil\",\"item\":\"https:\/\/www.auditionsolidarite.org\/en\/\"},{\"@type\":\"ListItem\",\"position\":2,\"name\":\"L&#8217;\u00e9quipe\"}]},{\"@type\":\"WebSite\",\"@id\":\"https:\/\/www.auditionsolidarite.org\/en\/#website\",\"url\":\"https:\/\/www.auditionsolidarite.org\/en\/\",\"name\":\"AuditionSolidarit\u00e9\",\"description\":\"Le hasard n&#039;existe pas ! Si vous \u00eates l\u00e0 aujourd&#039;hui, c&#039;est que le monde de l&#039;audition vous touche... Alors merci d&#039;\u00eatre l\u00e0 !\",\"publisher\":{\"@id\":\"https:\/\/www.auditionsolidarite.org\/en\/#organization\"},\"potentialAction\":[{\"@type\":\"SearchAction\",\"target\":{\"@type\":\"EntryPoint\",\"urlTemplate\":\"https:\/\/www.auditionsolidarite.org\/en\/?s={search_term_string}\"},\"query-input\":\"required name=search_term_string\"}],\"inLanguage\":\"en-US\"},{\"@type\":\"Organization\",\"@id\":\"https:\/\/www.auditionsolidarite.org\/en\/#organization\",\"name\":\"AuditionSolidarit\u00e9\",\"url\":\"https:\/\/www.auditionsolidarite.org\/en\/\",\"logo\":{\"@type\":\"ImageObject\",\"inLanguage\":\"en-US\",\"@id\":\"https:\/\/www.auditionsolidarite.org\/en\/#\/schema\/logo\/image\/\",\"url\":\"https:\/\/www.auditionsolidarite.org\/wp-content\/uploads\/2015\/07\/logo-audition-solidarite-e1446132259721.png\",\"contentUrl\":\"https:\/\/www.auditionsolidarite.org\/wp-content\/uploads\/2015\/07\/logo-audition-solidarite-e1446132259721.png\",\"width\":600,\"height\":593,\"caption\":\"AuditionSolidarit\u00e9\"},\"image\":{\"@id\":\"https:\/\/www.auditionsolidarite.org\/en\/#\/schema\/logo\/image\/\"}}]}<\/script>\n<!-- \/ Yoast SEO plugin. -->","yoast_head_json":{"title":"The crew - AuditionSolidarit\u00e9","robots":{"index":"index","follow":"follow","max-snippet":"max-snippet:-1","max-image-preview":"max-image-preview:large","max-video-preview":"max-video-preview:-1"},"canonical":"https:\/\/www.auditionsolidarite.org\/en\/lequipeas\/","og_locale":"en_US","og_type":"article","og_title":"The crew - AuditionSolidarit\u00e9","og_description":"AuditionSolidarit\u00e9 est une \u00e9quipe de 6 personnes souhaitant d\u00e9velopper une \u00e9conomie plus humaine,\u00a0cr\u00e9atrice d&#8217;\u00e9changes et de partage. Christine Bourger, Co-Fondatrice et Pr\u00e9sidente d&#8217;AuditionSolidarit\u00e9.Org Audioproth\u00e9siste depuis 1985, sp\u00e9cialiste de l&#8217;enfant. A cr\u00e9\u00e9 6 centres de Correction Auditive \u00e0 Metz et environs. A travaill\u00e9 10 ans \u00e0 l&#8217;INJS et \u00e0 l&#8217;IES de Metz. christine.bourger@auditionsolidarite.org Carole Ercole, Co-Fondatrice et Co-Directrice d\u2019AuditionSolidarit\u00e9.Org Musicienne de","og_url":"https:\/\/www.auditionsolidarite.org\/en\/lequipeas\/","og_site_name":"AuditionSolidarit\u00e9","article_modified_time":"2025-10-03T09:00:33+00:00","og_image":[{"width":600,"height":593,"url":"https:\/\/www.auditionsolidarite.org\/wp-content\/uploads\/2015\/07\/logo-audition-solidarite-e1446132259721.png","type":"image\/png"}],"twitter_card":"summary_large_image","twitter_misc":{"Est. reading time":"4 minutes"},"schema":{"@context":"https:\/\/schema.org","@graph":[{"@type":"WebPage","@id":"https:\/\/www.auditionsolidarite.org\/en\/lequipeas\/","url":"https:\/\/www.auditionsolidarite.org\/en\/lequipeas\/","name":"The crew - AuditionSolidarit\u00e9","isPartOf":{"@id":"https:\/\/www.auditionsolidarite.org\/en\/#website"},"datePublished":"2015-07-07T13:05:34+00:00","dateModified":"2025-10-03T09:00:33+00:00","breadcrumb":{"@id":"https:\/\/www.auditionsolidarite.org\/en\/lequipeas\/#breadcrumb"},"inLanguage":"en-US","potentialAction":[{"@type":"ReadAction","target":[["https:\/\/www.auditionsolidarite.org\/en\/lequipeas\/"]]}]},{"@type":"BreadcrumbList","@id":"https:\/\/www.auditionsolidarite.org\/en\/lequipeas\/#breadcrumb","itemListElement":[{"@type":"ListItem","position":1,"name":"Accueil","item":"https:\/\/www.auditionsolidarite.org\/en\/"},{"@type":"ListItem","position":2,"name":"L&#8217;\u00e9quipe"}]},{"@type":"WebSite","@id":"https:\/\/www.auditionsolidarite.org\/en\/#website","url":"https:\/\/www.auditionsolidarite.org\/en\/","name":"AuditionSolidarit\u00e9","description":"Le hasard n&#039;existe pas ! Si vous \u00eates l\u00e0 aujourd&#039;hui, c&#039;est que le monde de l&#039;audition vous touche... Alors merci d&#039;\u00eatre l\u00e0 !","publisher":{"@id":"https:\/\/www.auditionsolidarite.org\/en\/#organization"},"potentialAction":[{"@type":"SearchAction","target":{"@type":"EntryPoint","urlTemplate":"https:\/\/www.auditionsolidarite.org\/en\/?s={search_term_string}"},"query-input":"required name=search_term_string"}],"inLanguage":"en-US"},{"@type":"Organization","@id":"https:\/\/www.auditionsolidarite.org\/en\/#organization","name":"AuditionSolidarit\u00e9","url":"https:\/\/www.auditionsolidarite.org\/en\/","logo":{"@type":"ImageObject","inLanguage":"en-US","@id":"https:\/\/www.auditionsolidarite.org\/en\/#\/schema\/logo\/image\/","url":"https:\/\/www.auditionsolidarite.org\/wp-content\/uploads\/2015\/07\/logo-audition-solidarite-e1446132259721.png","contentUrl":"https:\/\/www.auditionsolidarite.org\/wp-content\/uploads\/2015\/07\/logo-audition-solidarite-e1446132259721.png","width":600,"height":593,"caption":"AuditionSolidarit\u00e9"},"image":{"@id":"https:\/\/www.auditionsolidarite.org\/en\/#\/schema\/logo\/image\/"}}]}},"_links":{"self":[{"href":"https:\/\/www.auditionsolidarite.org\/en\/wp-json\/wp\/v2\/pages\/15"}],"collection":[{"href":"https:\/\/www.auditionsolidarite.org\/en\/wp-json\/wp\/v2\/pages"}],"about":[{"href":"https:\/\/www.auditionsolidarite.org\/en\/wp-json\/wp\/v2\/types\/page"}],"author":[{"embeddable":true,"href":"https:\/\/www.auditionsolidarite.org\/en\/wp-json\/wp\/v2\/users\/10"}],"replies":[{"embeddable":true,"href":"https:\/\/www.auditionsolidarite.org\/en\/wp-json\/wp\/v2\/comments?post=15"}],"version-history":[{"count":43,"href":"https:\/\/www.auditionsolidarite.org\/en\/wp-json\/wp\/v2\/pages\/15\/revisions"}],"predecessor-version":[{"id":10615,"href":"https:\/\/www.auditionsolidarite.org\/en\/wp-json\/wp\/v2\/pages\/15\/revisions\/10615"}],"wp:attachment":[{"href":"https:\/\/www.auditionsolidarite.org\/en\/wp-json\/wp\/v2\/media?parent=15"}],"curies":[{"name":"wp","href":"https:\/\/api.w.org\/{rel}","templated":true}]}}