{"id":11,"date":"2015-07-07T13:37:50","date_gmt":"2015-07-07T12:37:50","guid":{"rendered":"http:\/\/localhost\/auditionsolidarite.org\/?page_id=11"},"modified":"2024-09-09T16:16:52","modified_gmt":"2024-09-09T15:16:52","slug":"lhistoire","status":"publish","type":"page","link":"https:\/\/www.auditionsolidarite.org\/en\/lhistoire\/","title":{"rendered":"Story"},"content":{"rendered":"Nous sommes en 2006, un samedi soir\u2026 3 femmes \u00e0 la quarantaine, Christine, Carole et Odile boivent un bon verre de vin rouge\u2026<\/p>\n<p style=\"text-align: justify;\">Christine et Odile travaillent dans l\u2019audioproth\u00e8se et prennent des cours de piano dans l\u2019\u00e9cole de musique de Carole, la musicienne.<\/p>\n<blockquote>\n<p style=\"text-align: justify;\">\u00ab\u00a0Et si on donnait une petite information de pr\u00e9vention \u00e0 tous mes musiciens\u00a0?\u00a0\u00bb s\u2019exclame Carole<\/p>\n<\/blockquote>\n<blockquote>\n<p style=\"text-align: justify;\">\u00ab\u00a0OK r\u00e9pond du tac au tac Christine, l\u2019audioproth\u00e9siste\u2026 on r\u00e9unit tous tes \u00e9l\u00e8ves, tes professeurs, les parents et on leur parle de leurs oreilles, comment en prendre soin\u00a0!\u00a0\u00bb<\/p>\n<\/blockquote>\n<p style=\"text-align: justify;\">Le mois suivant, c\u2019est chose faite et c\u2019est un vrai succ\u00e8s\u00a0!<\/p>\n<blockquote>\n<p style=\"text-align: justify;\">\u00ab\u00a0Faisons-le alors dans toutes les \u00e9coles de musique, c\u2019est super important\u2026 en tant que musicienne, j\u2019aurais ador\u00e9 qu\u2019on m\u2019explique comment fonctionne mon oreille\u00a0\u00bb rench\u00e9rit Carole.<\/p>\n<\/blockquote>\n<blockquote>\n<p style=\"text-align: justify;\">\u00ab\u00a0Alors propose Odile, cr\u00e9ons une association qui fera de la pr\u00e9vention auditive mais aussi de l\u2019humanitaire en r\u00e9cup\u00e9rant tous les appareils auditifs usag\u00e9s car dans le monde de l\u2019audioproth\u00e8se, \u00e7a manque\u2026 nous pourrions appareiller les enfants d\u00e9favoris\u00e9s \u00e0 travers le monde et les adultes d\u00e9munis en France et pour cela, recyclons tous les appareils auditifs, cette d\u00e9marche n\u2019existe pas en France\u2026 cr\u00e9ons donc un concept solidaire\u00a0!\u00a0\u00bb<\/p>\n<\/blockquote>\n<p style=\"text-align: justify;\">Quelques mois plus tard\u2026 d\u00e9but 2008, AuditionSolidarit\u00e9.Org est n\u00e9e\u00a0!<\/p>\n<p style=\"text-align: justify;\">Ensuite, tout s\u2019encha\u00eene rapidement\u2026 AuditionSolidarit\u00e9 est reconnue d\u2019int\u00e9r\u00eat g\u00e9n\u00e9ral, notre 1<sup>\u00e8re<\/sup> mission \u00e0 l\u2019\u00e9tranger a lieu au Maroc en novembre 2008, nos premiers m\u00e9c\u00e8nes nous rejoignent, nous intervenons dans quelques \u00e9coles de musique landaises pas trop loin du si\u00e8ge social de l\u2019association\u2026<\/p>\n<p style=\"text-align: justify;\">Et oui, AuditionSolidarit\u00e9 est bas\u00e9e dans les Landes dans un petit village d\u00e9nomm\u00e9 Yzosse.<\/p>\n<p style=\"text-align: justify;\">Fin 2010, ouf\u2026 un peu d\u2019aide\u00a0! Jean-Yves Paquelet int\u00e8gre l\u2019\u00e9quipe et prend la responsabilit\u00e9 de l\u2019action de pr\u00e9vention auditive au sein des conservatoires et \u00e9coles de musique sur toute la France. De grands musiciens tels que Niuver, Alain de Campos, Michael Jones et bien d\u2019autres aujourd\u2019hui deviennent nos ambassadeurs. Puis au fil du temps, le minist\u00e8re charg\u00e9 de la Sant\u00e9, l\u2019INPES et des ARS (Agence R\u00e9gionale de la Sant\u00e9) s\u2019int\u00e9ressent \u00e0 cette noble action de pr\u00e9vention et nous soutiennent financi\u00e8rement.<\/p>\n<p style=\"text-align: justify;\">Septembre 2011, Anne-Marie Formaro arrive et c\u2019est tant mieux car le t\u00e9l\u00e9phone n\u2019arr\u00eate pas de sonner et l\u00e0, nous nous rendons compte que nous avons mont\u00e9 un vrai concept de solidarit\u00e9, que nous nous devons de r\u00e9pondre \u00e0 chaque demande\u2026 et elles sont nombreuses. Anne-Marie, notre secr\u00e9taire arrive au bon moment\u00a0!<\/p>\n<p style=\"text-align: justify;\">De 2010 \u00e0 2014, nous travaillons tous avec passion\u2026 on a la chance d\u2019accueillir de plus en plus de m\u00e9c\u00e8nes qui nous financent, on rencontre des personnes exceptionnelles au sein de Fondations telle que la Fondation AIR France, EDF, TOTAL et AGIR POUR L\u2019AUDITION, on remporte des Prix tels que le Prix des Femmes pour le d\u00e9veloppement durable qui nous permet d\u2019impulser notre atelier de recyclage, le Prix de la Solidarit\u00e9 S\u00e9lection-France Bleu avec une rencontre magique, celle de V\u00e9ronique Jannot puis vient le Prix EUROPE1 Solidarit\u00e9 avec en cadeau, une campagne radio nationale sur la r\u00e9cup\u00e9ration des appareils auditifs usag\u00e9s\u2026 l\u00e0, AuditionSolidarit\u00e9 d\u00e9colle\u00a0! La cerise sur le g\u00e2teau\u00a0: une rencontre avec Martin Hirsch, devenu notre parrain aujourd\u2019hui\u00a0! Nous sommes g\u00e2t\u00e9s\u2026<\/p>\n<p style=\"text-align: justify;\">Pendant ces 4 ann\u00e9es, nous faisons annuellement 3 missions humanitaires \u00e0 l\u2019\u00e9tranger et nous sensibilisons plus de 50\u00a0000 musiciens \u00e0 prendre soin de ses oreilles\u2026 la seule difficult\u00e9 que nous rencontrons est d\u2019organiser des missions humanitaires en France en faveur des personnes d\u00e9munies. C\u2019est Martin HIRSCH qui nous d\u00e9bloquera la situation\u00a0! Maintenant, nous faisons \u00e9galement 3 missions humanitaires par an en France et nous en sommes ravis car il y a de quoi faire en France\u00a0!<\/p>\n<p style=\"text-align: justify;\">Octobre 2014\u2026 l\u2019arriv\u00e9e d\u2019Adrien Fagault-Martial, charg\u00e9 de communication nous soulage car nous sommes sollicit\u00e9s de toute part, c\u2019est vraiment le bonheur\u00a0! Adrien diffuse alors nos actions \u00e0 travers les r\u00e9seaux sociaux et sensibilise toute la presse nationale principalement sur deux sujets avant gardistes\u00a0: la pr\u00e9vention auditive et le recyclage des appareils auditifs\u2026 et \u00e7a marche fort\u00a0!<\/p>\n<p style=\"text-align: justify;\">Voil\u00e0\u2026 en quelques mots l\u2019histoire d\u2019AuditionSolidarit\u00e9 et elle est loin d\u2019\u00eatre finie cette histoire\u2026<\/p>\n<p style=\"text-align: justify;\">Un merci infini \u00e0 toutes les rencontres pass\u00e9es, pr\u00e9sentes et futures\u2026<\/p>\n<p style=\"text-align: justify;\">Un merci infini \u00e0 tous nos m\u00e9c\u00e8nes\u00a0!<\/p>\n<p style=\"text-align: justify;\">Et il y a une morale dans cette histoire\u00a0: croyez toujours en vos id\u00e9es, tout est possible et le hasard n\u2019existe pas\u00a0!<\/p>\n<p style=\"text-align: justify;\">Christine, Carole et Odile<\/p>\n<p style=\"text-align: justify;\">P.S\u00a0: le verre de vin en 2006 \u00e9tait exquis et ce samedi soir fut un excellent moment\u00a0! Merci la Vie\u00a0!<\/p>","protected":false},"excerpt":{"rendered":"<p>Nous sommes en 2006, un samedi soir\u2026 3 femmes \u00e0 la quarantaine, Christine, Carole et Odile boivent un bon verre de vin rouge\u2026 Christine et Odile travaillent dans l\u2019audioproth\u00e8se et prennent des cours de piano dans l\u2019\u00e9cole de musique de Carole, la musicienne. \u00ab\u00a0Et si on donnait une petite information de pr\u00e9vention \u00e0 tous mes musiciens\u00a0?\u00a0\u00bb s\u2019exclame Carole \u00ab\u00a0OK r\u00e9pond<\/p>\n","protected":false},"author":10,"featured_media":0,"parent":0,"menu_order":0,"comment_status":"closed","ping_status":"closed","template":"","meta":{"footnotes":""},"acf":[],"yoast_head":"<!-- This site is optimized with the Yoast SEO plugin v21.9.1 - https:\/\/yoast.com\/wordpress\/plugins\/seo\/ -->\n<title>Story - AuditionSolidarit\u00e9<\/title>\n<meta name=\"robots\" content=\"index, follow, max-snippet:-1, max-image-preview:large, max-video-preview:-1\" \/>\n<link rel=\"canonical\" href=\"https:\/\/www.auditionsolidarite.org\/en\/lhistoire\/\" \/>\n<meta property=\"og:locale\" content=\"en_US\" \/>\n<meta property=\"og:type\" content=\"article\" \/>\n<meta property=\"og:title\" content=\"Story - AuditionSolidarit\u00e9\" \/>\n<meta property=\"og:description\" content=\"Nous sommes en 2006, un samedi soir\u2026 3 femmes \u00e0 la quarantaine, Christine, Carole et Odile boivent un bon verre de vin rouge\u2026 Christine et Odile travaillent dans l\u2019audioproth\u00e8se et prennent des cours de piano dans l\u2019\u00e9cole de musique de Carole, la musicienne. \u00ab\u00a0Et si on donnait une petite information de pr\u00e9vention \u00e0 tous mes musiciens\u00a0?\u00a0\u00bb s\u2019exclame Carole \u00ab\u00a0OK r\u00e9pond\" \/>\n<meta property=\"og:url\" content=\"https:\/\/www.auditionsolidarite.org\/en\/lhistoire\/\" \/>\n<meta property=\"og:site_name\" content=\"AuditionSolidarit\u00e9\" \/>\n<meta property=\"article:modified_time\" content=\"2024-09-09T15:16:52+00:00\" \/>\n<meta property=\"og:image\" content=\"https:\/\/www.auditionsolidarite.org\/wp-content\/uploads\/2015\/07\/logo-audition-solidarite-e1446132259721.png\" \/>\n\t<meta property=\"og:image:width\" content=\"600\" \/>\n\t<meta property=\"og:image:height\" content=\"593\" \/>\n\t<meta property=\"og:image:type\" content=\"image\/png\" \/>\n<meta name=\"twitter:card\" content=\"summary_large_image\" \/>\n<meta name=\"twitter:label1\" content=\"Est. reading time\" \/>\n\t<meta name=\"twitter:data1\" content=\"3 minutes\" \/>\n<script type=\"application\/ld+json\" class=\"yoast-schema-graph\">{\"@context\":\"https:\/\/schema.org\",\"@graph\":[{\"@type\":\"WebPage\",\"@id\":\"https:\/\/www.auditionsolidarite.org\/en\/lhistoire\/\",\"url\":\"https:\/\/www.auditionsolidarite.org\/en\/lhistoire\/\",\"name\":\"Story - AuditionSolidarit\u00e9\",\"isPartOf\":{\"@id\":\"https:\/\/www.auditionsolidarite.org\/en\/#website\"},\"datePublished\":\"2015-07-07T12:37:50+00:00\",\"dateModified\":\"2024-09-09T15:16:52+00:00\",\"breadcrumb\":{\"@id\":\"https:\/\/www.auditionsolidarite.org\/en\/lhistoire\/#breadcrumb\"},\"inLanguage\":\"en-US\",\"potentialAction\":[{\"@type\":\"ReadAction\",\"target\":[[\"https:\/\/www.auditionsolidarite.org\/en\/lhistoire\/\"]]}]},{\"@type\":\"BreadcrumbList\",\"@id\":\"https:\/\/www.auditionsolidarite.org\/en\/lhistoire\/#breadcrumb\",\"itemListElement\":[{\"@type\":\"ListItem\",\"position\":1,\"name\":\"Accueil\",\"item\":\"https:\/\/www.auditionsolidarite.org\/en\/\"},{\"@type\":\"ListItem\",\"position\":2,\"name\":\"L\u2019histoire\"}]},{\"@type\":\"WebSite\",\"@id\":\"https:\/\/www.auditionsolidarite.org\/en\/#website\",\"url\":\"https:\/\/www.auditionsolidarite.org\/en\/\",\"name\":\"AuditionSolidarit\u00e9\",\"description\":\"Le hasard n&#039;existe pas ! Si vous \u00eates l\u00e0 aujourd&#039;hui, c&#039;est que le monde de l&#039;audition vous touche... Alors merci d&#039;\u00eatre l\u00e0 !\",\"publisher\":{\"@id\":\"https:\/\/www.auditionsolidarite.org\/en\/#organization\"},\"potentialAction\":[{\"@type\":\"SearchAction\",\"target\":{\"@type\":\"EntryPoint\",\"urlTemplate\":\"https:\/\/www.auditionsolidarite.org\/en\/?s={search_term_string}\"},\"query-input\":\"required name=search_term_string\"}],\"inLanguage\":\"en-US\"},{\"@type\":\"Organization\",\"@id\":\"https:\/\/www.auditionsolidarite.org\/en\/#organization\",\"name\":\"AuditionSolidarit\u00e9\",\"url\":\"https:\/\/www.auditionsolidarite.org\/en\/\",\"logo\":{\"@type\":\"ImageObject\",\"inLanguage\":\"en-US\",\"@id\":\"https:\/\/www.auditionsolidarite.org\/en\/#\/schema\/logo\/image\/\",\"url\":\"https:\/\/www.auditionsolidarite.org\/wp-content\/uploads\/2015\/07\/logo-audition-solidarite-e1446132259721.png\",\"contentUrl\":\"https:\/\/www.auditionsolidarite.org\/wp-content\/uploads\/2015\/07\/logo-audition-solidarite-e1446132259721.png\",\"width\":600,\"height\":593,\"caption\":\"AuditionSolidarit\u00e9\"},\"image\":{\"@id\":\"https:\/\/www.auditionsolidarite.org\/en\/#\/schema\/logo\/image\/\"}}]}<\/script>\n<!-- \/ Yoast SEO plugin. -->","yoast_head_json":{"title":"Story - AuditionSolidarit\u00e9","robots":{"index":"index","follow":"follow","max-snippet":"max-snippet:-1","max-image-preview":"max-image-preview:large","max-video-preview":"max-video-preview:-1"},"canonical":"https:\/\/www.auditionsolidarite.org\/en\/lhistoire\/","og_locale":"en_US","og_type":"article","og_title":"Story - AuditionSolidarit\u00e9","og_description":"Nous sommes en 2006, un samedi soir\u2026 3 femmes \u00e0 la quarantaine, Christine, Carole et Odile boivent un bon verre de vin rouge\u2026 Christine et Odile travaillent dans l\u2019audioproth\u00e8se et prennent des cours de piano dans l\u2019\u00e9cole de musique de Carole, la musicienne. \u00ab\u00a0Et si on donnait une petite information de pr\u00e9vention \u00e0 tous mes musiciens\u00a0?\u00a0\u00bb s\u2019exclame Carole \u00ab\u00a0OK r\u00e9pond","og_url":"https:\/\/www.auditionsolidarite.org\/en\/lhistoire\/","og_site_name":"AuditionSolidarit\u00e9","article_modified_time":"2024-09-09T15:16:52+00:00","og_image":[{"width":600,"height":593,"url":"https:\/\/www.auditionsolidarite.org\/wp-content\/uploads\/2015\/07\/logo-audition-solidarite-e1446132259721.png","type":"image\/png"}],"twitter_card":"summary_large_image","twitter_misc":{"Est. reading time":"3 minutes"},"schema":{"@context":"https:\/\/schema.org","@graph":[{"@type":"WebPage","@id":"https:\/\/www.auditionsolidarite.org\/en\/lhistoire\/","url":"https:\/\/www.auditionsolidarite.org\/en\/lhistoire\/","name":"Story - AuditionSolidarit\u00e9","isPartOf":{"@id":"https:\/\/www.auditionsolidarite.org\/en\/#website"},"datePublished":"2015-07-07T12:37:50+00:00","dateModified":"2024-09-09T15:16:52+00:00","breadcrumb":{"@id":"https:\/\/www.auditionsolidarite.org\/en\/lhistoire\/#breadcrumb"},"inLanguage":"en-US","potentialAction":[{"@type":"ReadAction","target":[["https:\/\/www.auditionsolidarite.org\/en\/lhistoire\/"]]}]},{"@type":"BreadcrumbList","@id":"https:\/\/www.auditionsolidarite.org\/en\/lhistoire\/#breadcrumb","itemListElement":[{"@type":"ListItem","position":1,"name":"Accueil","item":"https:\/\/www.auditionsolidarite.org\/en\/"},{"@type":"ListItem","position":2,"name":"L\u2019histoire"}]},{"@type":"WebSite","@id":"https:\/\/www.auditionsolidarite.org\/en\/#website","url":"https:\/\/www.auditionsolidarite.org\/en\/","name":"AuditionSolidarit\u00e9","description":"Le hasard n&#039;existe pas ! Si vous \u00eates l\u00e0 aujourd&#039;hui, c&#039;est que le monde de l&#039;audition vous touche... Alors merci d&#039;\u00eatre l\u00e0 !","publisher":{"@id":"https:\/\/www.auditionsolidarite.org\/en\/#organization"},"potentialAction":[{"@type":"SearchAction","target":{"@type":"EntryPoint","urlTemplate":"https:\/\/www.auditionsolidarite.org\/en\/?s={search_term_string}"},"query-input":"required name=search_term_string"}],"inLanguage":"en-US"},{"@type":"Organization","@id":"https:\/\/www.auditionsolidarite.org\/en\/#organization","name":"AuditionSolidarit\u00e9","url":"https:\/\/www.auditionsolidarite.org\/en\/","logo":{"@type":"ImageObject","inLanguage":"en-US","@id":"https:\/\/www.auditionsolidarite.org\/en\/#\/schema\/logo\/image\/","url":"https:\/\/www.auditionsolidarite.org\/wp-content\/uploads\/2015\/07\/logo-audition-solidarite-e1446132259721.png","contentUrl":"https:\/\/www.auditionsolidarite.org\/wp-content\/uploads\/2015\/07\/logo-audition-solidarite-e1446132259721.png","width":600,"height":593,"caption":"AuditionSolidarit\u00e9"},"image":{"@id":"https:\/\/www.auditionsolidarite.org\/en\/#\/schema\/logo\/image\/"}}]}},"_links":{"self":[{"href":"https:\/\/www.auditionsolidarite.org\/en\/wp-json\/wp\/v2\/pages\/11"}],"collection":[{"href":"https:\/\/www.auditionsolidarite.org\/en\/wp-json\/wp\/v2\/pages"}],"about":[{"href":"https:\/\/www.auditionsolidarite.org\/en\/wp-json\/wp\/v2\/types\/page"}],"author":[{"embeddable":true,"href":"https:\/\/www.auditionsolidarite.org\/en\/wp-json\/wp\/v2\/users\/10"}],"replies":[{"embeddable":true,"href":"https:\/\/www.auditionsolidarite.org\/en\/wp-json\/wp\/v2\/comments?post=11"}],"version-history":[{"count":9,"href":"https:\/\/www.auditionsolidarite.org\/en\/wp-json\/wp\/v2\/pages\/11\/revisions"}],"predecessor-version":[{"id":10128,"href":"https:\/\/www.auditionsolidarite.org\/en\/wp-json\/wp\/v2\/pages\/11\/revisions\/10128"}],"wp:attachment":[{"href":"https:\/\/www.auditionsolidarite.org\/en\/wp-json\/wp\/v2\/media?parent=11"}],"curies":[{"name":"wp","href":"https:\/\/api.w.org\/{rel}","templated":true}]}}