{"id":108,"date":"2015-07-07T14:54:53","date_gmt":"2015-07-07T13:54:53","guid":{"rendered":"http:\/\/localhost\/auditionsolidarite.org\/?page_id=108"},"modified":"2022-09-14T09:50:16","modified_gmt":"2022-09-14T08:50:16","slug":"devenez-mecene","status":"publish","type":"page","link":"https:\/\/www.auditionsolidarite.org\/en\/devenez-mecene\/","title":{"rendered":"Devenez m\u00e9c\u00e8ne"},"content":{"rendered":"<h5>Vous souhaitez devenir m\u00e9c\u00e8ne,<\/h5>\n<p style=\"text-align: justify;\">vous devenez conscient d\u2019une responsabilit\u00e9 nouvelle au sein de la soci\u00e9t\u00e9.<\/p>\n<p>\u00a0<\/p>\n<h6>Qu\u2019est-ce que le m\u00e9c\u00e9nat ?<\/h6>\n<p style=\"text-align: justify;\">C\u2019est un soutien mat\u00e9riel apport\u00e9 sans contrepartie directe de la part du b\u00e9n\u00e9ficiaire \u00e0 une oeuvre pour l\u2019exercice d\u2019activit\u00e9s pr\u00e9sentant un int\u00e9r\u00eat g\u00e9n\u00e9ral. Le m\u00e9c\u00e9nat n\u2019est ni un don totalement d\u00e9sint\u00e9ress\u00e9, ni un acte commercial, mais une relation de coop\u00e9ration qui cr\u00e9e une valeur partag\u00e9e au service de l\u2019int\u00e9r\u00eat g\u00e9n\u00e9ral.<\/p>\n<p style=\"text-align: justify;\">Le m\u00e9c\u00e9nat est un v\u00e9hicule tr\u00e8s privil\u00e9gi\u00e9 et un outil strat\u00e9gique de communication et d\u2019image.<\/p>\n<p>\u00a0<\/p>\n<h6>Pourquoi devenir m\u00e9c\u00e8ne ?<\/h6>\n<ul>\n<li>Pour valoriser votre image solidaire et citoyenne<\/li>\n<li>Pour donner du sens \u00e0 votre communication, un sens associ\u00e9 \u00e0 la solidarit\u00e9<\/li>\n<li>Pour f\u00e9d\u00e9rer vos salari\u00e9s autour de projets concrets dans le cadre d\u2019une entreprise<\/li>\n<li>Pour b\u00e9n\u00e9ficier d\u2019une r\u00e9duction fiscale<\/li>\n<\/ul>\n<p style=\"text-align: justify;\">Au titre du m\u00e9c\u00e9nat, dans le cas d\u2019une entreprise, l\u2019ensemble de vos versements vous permet de b\u00e9n\u00e9ficier d\u2019une r\u00e9duction d\u2019imp\u00f4t de 60% de leur montant (dans la limite annuelle de 0,5% du CA HT). En cas de d\u00e9passement du seuil, le cr\u00e9dit d\u2019imp\u00f4t peut \u00eatre report\u00e9 sur les 5 exercices ult\u00e9rieurs, m\u00eame en cas d\u2019exercice d\u00e9ficitaire.<\/p>\n<p style=\"text-align: justify;\">Dans le cas d\u2019un particulier, l\u2019ensemble de vos versements vous permet de b\u00e9n\u00e9ficier d\u2019une r\u00e9duction d\u2019imp\u00f4t de 66 % de leur montant (dans la limite annuelle de 20% du revenu imposable).<\/p>\n<p>\u00a0<\/p>\n<h6>Comment devenir m\u00e9c\u00e8ne ?<\/h6>\n<p style=\"text-align: justify;\">Vous devenez m\u00e9c\u00e8ne par un soutien financier, en nature, technologique ou de comp\u00e9tences.<\/p>\n<p style=\"text-align: justify;\">Le m\u00e9c\u00e9nat financier:<br \/>\nIl peut s\u2019agir d\u2019apports en num\u00e9raire: exemple, une entreprise fait un don financier de 20 000 \u20ac, elle pourra ainsi r\u00e9duire de son imp\u00f4t 12 000 \u20ac (dans la limite de 0.5% du CA HT).<\/p>\n<p style=\"text-align: justify;\">Il peut s\u2019agir d\u2019une op\u00e9ration de produit-partage: exemple, un audioproth\u00e9siste s\u2019engage \u00e0 reverser la somme de 10 \u20ac sur chaque appareil auditif d\u00e9livr\u00e9 ; 20 appareils auditifs d\u00e9livr\u00e9s par mois, l\u2019audioproth\u00e9siste fait un don de 200 \u20ac, il pourra ainsi r\u00e9duire de son imp\u00f4t 120 \u20ac (dans la limite annuelle de 0,5% du CA HT).<\/p>\n<p style=\"text-align: justify;\">Le m\u00e9c\u00e9nat en nature:<br \/>\nMise \u00e0 disposition de moyens mat\u00e9riels: exemple, une entreprise fait un don de 2 ordinateurs et 1 photocopieuse d\u2019une valeur estim\u00e9e \u00e0 4 000 \u20ac, elle pourra ainsi r\u00e9duire de son imp\u00f4t 2 400 \u20ac (dans la limite annuelle de 0,5% du CA HT).<\/p>\n<p style=\"text-align: justify;\">Le m\u00e9c\u00e9nat technologique:<br \/>\nLe m\u00e9c\u00e8ne peut apporter la technologie qu\u2019il produit: exemple, un fabricant d\u2019appareils auditifs fait un don de 20 appareils auditifs neufs, d\u2019une valeur de 9 000 \u20ac, il pourra ainsi r\u00e9duire de son imp\u00f4t 5 400 \u20ac (dans la limite annuelle de 0,5% du CA HT).<\/p>\n<p style=\"text-align: justify;\">Le m\u00e9c\u00e9nat de comp\u00e9tences:<br \/>\nLe m\u00e9c\u00e8ne peut mettre gratuitement \u00e0 disposition des salari\u00e9s volontaires pendant leur temps de travail: exemple, une entreprise met \u00e0 disposition un salari\u00e9 pendant 5 jours, son salaire brut+charges patronales est estim\u00e9 \u00e0 une valeur de 1 000 \u20ac, elle pourra ainsi r\u00e9duire de son imp\u00f4t 600 \u20ac (dans la limite annuelle de 0,5% du CA HT).<\/p>\n<h6 style=\"text-align: justify;\"><\/h6>\n<blockquote>\n<h6 style=\"text-align: left;\"><a href=\"#\">D\u00e9couvrez le Kit visuel M\u00e9c\u00e8ne, sp\u00e9cial Audioproth\u00e9siste<\/a><\/h6>\n<h6 style=\"text-align: left;\"><a href=\"#\">D\u00e9couvrez le Kit visuel M\u00e9c\u00e8ne, sp\u00e9cial Chef d&#8217;Entreprise<\/a><\/h6>\n<\/blockquote>\n<p>\u00a0<\/p>\n<h6 style=\"text-align: left;\">Vous souhaitez devenir m\u00e9c\u00e8ne d&#8217;Audition Solidarit\u00e9,\u00a0<a style=\"font-size: 1.25em; line-height: 1em;\" href=\"\/contact\/\">contactez-nous.<\/a><\/h6>","protected":false},"excerpt":{"rendered":"<p>Vous souhaitez devenir m\u00e9c\u00e8ne, vous devenez conscient d\u2019une responsabilit\u00e9 nouvelle au sein de la soci\u00e9t\u00e9. \u00a0 Qu\u2019est-ce que le m\u00e9c\u00e9nat ? C\u2019est un soutien mat\u00e9riel apport\u00e9 sans contrepartie directe de la part du b\u00e9n\u00e9ficiaire \u00e0 une oeuvre pour l\u2019exercice d\u2019activit\u00e9s pr\u00e9sentant un int\u00e9r\u00eat g\u00e9n\u00e9ral. Le m\u00e9c\u00e9nat n\u2019est ni un don totalement d\u00e9sint\u00e9ress\u00e9, ni un acte commercial, mais une relation de<\/p>\n","protected":false},"author":10,"featured_media":0,"parent":0,"menu_order":0,"comment_status":"closed","ping_status":"closed","template":"","meta":{"footnotes":""},"acf":[],"yoast_head":"<!-- This site is optimized with the Yoast SEO plugin v21.9.1 - https:\/\/yoast.com\/wordpress\/plugins\/seo\/ -->\n<title>Devenez m\u00e9c\u00e8ne - AuditionSolidarit\u00e9<\/title>\n<meta name=\"robots\" content=\"index, follow, max-snippet:-1, max-image-preview:large, max-video-preview:-1\" \/>\n<link rel=\"canonical\" href=\"https:\/\/www.auditionsolidarite.org\/en\/devenez-mecene\/\" \/>\n<meta property=\"og:locale\" content=\"en_US\" \/>\n<meta property=\"og:type\" content=\"article\" \/>\n<meta property=\"og:title\" content=\"Devenez m\u00e9c\u00e8ne - AuditionSolidarit\u00e9\" \/>\n<meta property=\"og:description\" content=\"Vous souhaitez devenir m\u00e9c\u00e8ne, vous devenez conscient d\u2019une responsabilit\u00e9 nouvelle au sein de la soci\u00e9t\u00e9. \u00a0 Qu\u2019est-ce que le m\u00e9c\u00e9nat ? C\u2019est un soutien mat\u00e9riel apport\u00e9 sans contrepartie directe de la part du b\u00e9n\u00e9ficiaire \u00e0 une oeuvre pour l\u2019exercice d\u2019activit\u00e9s pr\u00e9sentant un int\u00e9r\u00eat g\u00e9n\u00e9ral. Le m\u00e9c\u00e9nat n\u2019est ni un don totalement d\u00e9sint\u00e9ress\u00e9, ni un acte commercial, mais une relation de\" \/>\n<meta property=\"og:url\" content=\"https:\/\/www.auditionsolidarite.org\/en\/devenez-mecene\/\" \/>\n<meta property=\"og:site_name\" content=\"AuditionSolidarit\u00e9\" \/>\n<meta property=\"article:modified_time\" content=\"2022-09-14T08:50:16+00:00\" \/>\n<meta property=\"og:image\" content=\"https:\/\/www.auditionsolidarite.org\/wp-content\/uploads\/2015\/07\/logo-audition-solidarite-e1446132259721.png\" \/>\n\t<meta property=\"og:image:width\" content=\"600\" \/>\n\t<meta property=\"og:image:height\" content=\"593\" \/>\n\t<meta property=\"og:image:type\" content=\"image\/png\" \/>\n<meta name=\"twitter:card\" content=\"summary_large_image\" \/>\n<meta name=\"twitter:label1\" content=\"Est. reading time\" \/>\n\t<meta name=\"twitter:data1\" content=\"3 minutes\" \/>\n<script type=\"application\/ld+json\" class=\"yoast-schema-graph\">{\"@context\":\"https:\/\/schema.org\",\"@graph\":[{\"@type\":\"WebPage\",\"@id\":\"https:\/\/www.auditionsolidarite.org\/en\/devenez-mecene\/\",\"url\":\"https:\/\/www.auditionsolidarite.org\/en\/devenez-mecene\/\",\"name\":\"Devenez m\u00e9c\u00e8ne - AuditionSolidarit\u00e9\",\"isPartOf\":{\"@id\":\"https:\/\/www.auditionsolidarite.org\/en\/#website\"},\"datePublished\":\"2015-07-07T13:54:53+00:00\",\"dateModified\":\"2022-09-14T08:50:16+00:00\",\"breadcrumb\":{\"@id\":\"https:\/\/www.auditionsolidarite.org\/en\/devenez-mecene\/#breadcrumb\"},\"inLanguage\":\"en-US\",\"potentialAction\":[{\"@type\":\"ReadAction\",\"target\":[[\"https:\/\/www.auditionsolidarite.org\/en\/devenez-mecene\/\"]]}]},{\"@type\":\"BreadcrumbList\",\"@id\":\"https:\/\/www.auditionsolidarite.org\/en\/devenez-mecene\/#breadcrumb\",\"itemListElement\":[{\"@type\":\"ListItem\",\"position\":1,\"name\":\"Accueil\",\"item\":\"https:\/\/www.auditionsolidarite.org\/en\/\"},{\"@type\":\"ListItem\",\"position\":2,\"name\":\"Devenez m\u00e9c\u00e8ne\"}]},{\"@type\":\"WebSite\",\"@id\":\"https:\/\/www.auditionsolidarite.org\/en\/#website\",\"url\":\"https:\/\/www.auditionsolidarite.org\/en\/\",\"name\":\"AuditionSolidarit\u00e9\",\"description\":\"Le hasard n&#039;existe pas ! Si vous \u00eates l\u00e0 aujourd&#039;hui, c&#039;est que le monde de l&#039;audition vous touche... Alors merci d&#039;\u00eatre l\u00e0 !\",\"publisher\":{\"@id\":\"https:\/\/www.auditionsolidarite.org\/en\/#organization\"},\"potentialAction\":[{\"@type\":\"SearchAction\",\"target\":{\"@type\":\"EntryPoint\",\"urlTemplate\":\"https:\/\/www.auditionsolidarite.org\/en\/?s={search_term_string}\"},\"query-input\":\"required name=search_term_string\"}],\"inLanguage\":\"en-US\"},{\"@type\":\"Organization\",\"@id\":\"https:\/\/www.auditionsolidarite.org\/en\/#organization\",\"name\":\"AuditionSolidarit\u00e9\",\"url\":\"https:\/\/www.auditionsolidarite.org\/en\/\",\"logo\":{\"@type\":\"ImageObject\",\"inLanguage\":\"en-US\",\"@id\":\"https:\/\/www.auditionsolidarite.org\/en\/#\/schema\/logo\/image\/\",\"url\":\"https:\/\/www.auditionsolidarite.org\/wp-content\/uploads\/2015\/07\/logo-audition-solidarite-e1446132259721.png\",\"contentUrl\":\"https:\/\/www.auditionsolidarite.org\/wp-content\/uploads\/2015\/07\/logo-audition-solidarite-e1446132259721.png\",\"width\":600,\"height\":593,\"caption\":\"AuditionSolidarit\u00e9\"},\"image\":{\"@id\":\"https:\/\/www.auditionsolidarite.org\/en\/#\/schema\/logo\/image\/\"}}]}<\/script>\n<!-- \/ Yoast SEO plugin. -->","yoast_head_json":{"title":"Devenez m\u00e9c\u00e8ne - AuditionSolidarit\u00e9","robots":{"index":"index","follow":"follow","max-snippet":"max-snippet:-1","max-image-preview":"max-image-preview:large","max-video-preview":"max-video-preview:-1"},"canonical":"https:\/\/www.auditionsolidarite.org\/en\/devenez-mecene\/","og_locale":"en_US","og_type":"article","og_title":"Devenez m\u00e9c\u00e8ne - AuditionSolidarit\u00e9","og_description":"Vous souhaitez devenir m\u00e9c\u00e8ne, vous devenez conscient d\u2019une responsabilit\u00e9 nouvelle au sein de la soci\u00e9t\u00e9. \u00a0 Qu\u2019est-ce que le m\u00e9c\u00e9nat ? C\u2019est un soutien mat\u00e9riel apport\u00e9 sans contrepartie directe de la part du b\u00e9n\u00e9ficiaire \u00e0 une oeuvre pour l\u2019exercice d\u2019activit\u00e9s pr\u00e9sentant un int\u00e9r\u00eat g\u00e9n\u00e9ral. Le m\u00e9c\u00e9nat n\u2019est ni un don totalement d\u00e9sint\u00e9ress\u00e9, ni un acte commercial, mais une relation de","og_url":"https:\/\/www.auditionsolidarite.org\/en\/devenez-mecene\/","og_site_name":"AuditionSolidarit\u00e9","article_modified_time":"2022-09-14T08:50:16+00:00","og_image":[{"width":600,"height":593,"url":"https:\/\/www.auditionsolidarite.org\/wp-content\/uploads\/2015\/07\/logo-audition-solidarite-e1446132259721.png","type":"image\/png"}],"twitter_card":"summary_large_image","twitter_misc":{"Est. reading time":"3 minutes"},"schema":{"@context":"https:\/\/schema.org","@graph":[{"@type":"WebPage","@id":"https:\/\/www.auditionsolidarite.org\/en\/devenez-mecene\/","url":"https:\/\/www.auditionsolidarite.org\/en\/devenez-mecene\/","name":"Devenez m\u00e9c\u00e8ne - AuditionSolidarit\u00e9","isPartOf":{"@id":"https:\/\/www.auditionsolidarite.org\/en\/#website"},"datePublished":"2015-07-07T13:54:53+00:00","dateModified":"2022-09-14T08:50:16+00:00","breadcrumb":{"@id":"https:\/\/www.auditionsolidarite.org\/en\/devenez-mecene\/#breadcrumb"},"inLanguage":"en-US","potentialAction":[{"@type":"ReadAction","target":[["https:\/\/www.auditionsolidarite.org\/en\/devenez-mecene\/"]]}]},{"@type":"BreadcrumbList","@id":"https:\/\/www.auditionsolidarite.org\/en\/devenez-mecene\/#breadcrumb","itemListElement":[{"@type":"ListItem","position":1,"name":"Accueil","item":"https:\/\/www.auditionsolidarite.org\/en\/"},{"@type":"ListItem","position":2,"name":"Devenez m\u00e9c\u00e8ne"}]},{"@type":"WebSite","@id":"https:\/\/www.auditionsolidarite.org\/en\/#website","url":"https:\/\/www.auditionsolidarite.org\/en\/","name":"AuditionSolidarit\u00e9","description":"Le hasard n&#039;existe pas ! Si vous \u00eates l\u00e0 aujourd&#039;hui, c&#039;est que le monde de l&#039;audition vous touche... Alors merci d&#039;\u00eatre l\u00e0 !","publisher":{"@id":"https:\/\/www.auditionsolidarite.org\/en\/#organization"},"potentialAction":[{"@type":"SearchAction","target":{"@type":"EntryPoint","urlTemplate":"https:\/\/www.auditionsolidarite.org\/en\/?s={search_term_string}"},"query-input":"required name=search_term_string"}],"inLanguage":"en-US"},{"@type":"Organization","@id":"https:\/\/www.auditionsolidarite.org\/en\/#organization","name":"AuditionSolidarit\u00e9","url":"https:\/\/www.auditionsolidarite.org\/en\/","logo":{"@type":"ImageObject","inLanguage":"en-US","@id":"https:\/\/www.auditionsolidarite.org\/en\/#\/schema\/logo\/image\/","url":"https:\/\/www.auditionsolidarite.org\/wp-content\/uploads\/2015\/07\/logo-audition-solidarite-e1446132259721.png","contentUrl":"https:\/\/www.auditionsolidarite.org\/wp-content\/uploads\/2015\/07\/logo-audition-solidarite-e1446132259721.png","width":600,"height":593,"caption":"AuditionSolidarit\u00e9"},"image":{"@id":"https:\/\/www.auditionsolidarite.org\/en\/#\/schema\/logo\/image\/"}}]}},"_links":{"self":[{"href":"https:\/\/www.auditionsolidarite.org\/en\/wp-json\/wp\/v2\/pages\/108"}],"collection":[{"href":"https:\/\/www.auditionsolidarite.org\/en\/wp-json\/wp\/v2\/pages"}],"about":[{"href":"https:\/\/www.auditionsolidarite.org\/en\/wp-json\/wp\/v2\/types\/page"}],"author":[{"embeddable":true,"href":"https:\/\/www.auditionsolidarite.org\/en\/wp-json\/wp\/v2\/users\/10"}],"replies":[{"embeddable":true,"href":"https:\/\/www.auditionsolidarite.org\/en\/wp-json\/wp\/v2\/comments?post=108"}],"version-history":[{"count":3,"href":"https:\/\/www.auditionsolidarite.org\/en\/wp-json\/wp\/v2\/pages\/108\/revisions"}],"predecessor-version":[{"id":8966,"href":"https:\/\/www.auditionsolidarite.org\/en\/wp-json\/wp\/v2\/pages\/108\/revisions\/8966"}],"wp:attachment":[{"href":"https:\/\/www.auditionsolidarite.org\/en\/wp-json\/wp\/v2\/media?parent=108"}],"curies":[{"name":"wp","href":"https:\/\/api.w.org\/{rel}","templated":true}]}}