{"id":10654,"date":"2025-10-17T14:19:02","date_gmt":"2025-10-17T13:19:02","guid":{"rendered":"https:\/\/www.auditionsolidarite.org\/?page_id=10654"},"modified":"2025-10-17T15:39:46","modified_gmt":"2025-10-17T14:39:46","slug":"espace-entre-2-murs-marseille-avril-2024","status":"publish","type":"page","link":"https:\/\/www.auditionsolidarite.org\/en\/espace-entre-2-murs-marseille-avril-2024\/","title":{"rendered":"(Fran\u00e7ais) Espace \u2018Entre 2 Murs\u2019, Marseille \u2013 avril 2025"},"content":{"rendered":"<p class=\"qtranxs-available-languages-message qtranxs-available-languages-message-en\">Sorry, this entry is only available in <a href=\"https:\/\/www.auditionsolidarite.org\/fr\/wp-json\/wp\/v2\/pages\/10654\" class=\"qtranxs-available-language-link qtranxs-available-language-link-fr\" title=\"Fran\u00e7ais\">French<\/a>.<\/p><strong data-olk-copy-source=\"MessageBody\">Mission du 8 &amp; 9 avril \u00e0 Marseille, quel bilan pour ce 15\u00e8me passage ?\u00a0<\/strong><\/p>\n<p>Des acteurs sociaux et des professionnels de sant\u00e9 toujours autant engag\u00e9s avec nous pour nous permettre de r\u00e9pondre aux besoins en sant\u00e9\u00a0auditive\u00a0des plus d\u00e9munis : Merci\u00a0!<\/p>\n<p>&nbsp;<\/p>\n<p><strong>79 personnes<\/strong>\u00a0ont pu b\u00e9n\u00e9ficier d\u2019un bilan auditif. Parmi elles, pr\u00e8s de 70% avait un r\u00e9el besoin\u00a0: perte auditive, probl\u00e8mes ORL, perte l\u00e9g\u00e8re \u00e0 suivre, contr\u00f4le de l\u2019appareillage&#8230;<\/p>\n<p>&nbsp;<\/p>\n<p>Une bonne audition permet \u00e0 ces personnes aux parcours de vie souvent difficiles de garder ce pr\u00e9cieux lien social.<\/p>\n<p>&nbsp;<\/p>\n<p>A noter \u00e9galement la pr\u00e9sence sur cette mission de Morgane qui a pu pr\u00e9senter la nouvelle application Soliguide \u00e0 nos b\u00e9n\u00e9ficiaires afin de les accompagner sur d\u2019autres questions pratiques (o\u00f9 manger, dormir, apprendre le fran\u00e7ais, etc&#8230;).<\/p>\n<p>&nbsp;<\/p>\n<p><strong>Pourquoi le RDV de suivi tous les 6 mois est si important\u00a0?<\/strong><\/p>\n<p>Pour garantir une qualit\u00e9 d&#8217;appareillage optimale, le suivi est essentiel pour\u00a0v\u00e9rifier le bon fonctionnement de l\u2019appareil, revoir le m\u00e9decin, voir l\u2019\u00e9volution de l\u2019audition, affiner les r\u00e9glages, nettoyer l\u2019appareil afin d&#8217;\u00e9viter les pannes ou encore redonner des piles !<\/p>\n<p>&nbsp;<\/p>\n<p>Ces personnes ne doivent pas retomber dans le silence. C\u2019est pourquoi il est important de revenir nous voir sur chaque mission.<\/p>\n<p><a href=\"\/\/www.auditionsolidarite.org\/wp-content\/uploads\/2025\/04\/3-photos-Marseille-25.jpg\"><img loading=\"lazy\" decoding=\"async\" class=\"aligncenter size-full wp-image-10440\" src=\"\/\/www.auditionsolidarite.org\/wp-content\/uploads\/2025\/04\/3-photos-Marseille-25.jpg\" alt=\"\" width=\"949\" height=\"246\" srcset=\"https:\/\/www.auditionsolidarite.org\/wp-content\/uploads\/2025\/04\/3-photos-Marseille-25.jpg 949w, https:\/\/www.auditionsolidarite.org\/wp-content\/uploads\/2025\/04\/3-photos-Marseille-25-300x78.jpg 300w, https:\/\/www.auditionsolidarite.org\/wp-content\/uploads\/2025\/04\/3-photos-Marseille-25-768x199.jpg 768w\" sizes=\"(max-width: 949px) 100vw, 949px\" \/><\/a><strong>Le r\u00e9sum\u00e9 de ces 2 jours de mission\u00a0:<\/strong><\/p>\n<ul>\n<li>79 personnes d\u00e9munies accueillies<\/li>\n<li>31 personnes appareill\u00e9es<\/li>\n<li>51 appareils auditifs adapt\u00e9s<\/li>\n<\/ul>\n<p>&nbsp;<\/p>\n<p>Merci \u00e0 nos m\u00e9c\u00e8nes et aux Fondations Krys, Tolot, Veolia et \u00e0 A\u00e9sio Mutuelle pour leur pr\u00e9cieux soutien \u2764\ufe0f<b><br \/>\n<\/b><b>\u00a0<\/b><b><br \/>\n<\/b>Merci aux audioproth\u00e9sistes : <span class=\"x193iq5w xeuugli x13faqbe x1vvkbs x1xmvt09 x1lliihq x1s928wv xhkezso x1gmr53x x1cpjm7i x1fgarty x1943h6x xudqn12 x3x7a5m x6prxxf xvq8zen xo1l8bm xzsf02u x1yc453h\" dir=\"auto\">Georges ORMANCEY, Thibault GERBE, Elsa MANGIN, Jean Baptiste BONNEFOY, Xavier ROUSSET<\/span><\/p>\n<p>Merci \u00e0 l\u2019ORL : Sylvie Claudin<\/p>\n<p>Merci au fabricant d&#8217;embouts : <span class=\"x193iq5w xeuugli x13faqbe x1vvkbs x1xmvt09 x1lliihq x1s928wv xhkezso x1gmr53x x1cpjm7i x1fgarty x1943h6x xudqn12 x3x7a5m x6prxxf xvq8zen xo1l8bm xzsf02u x1yc453h\" dir=\"auto\">R\u00e9my GARREL<\/span><\/p>\n<p>Merci \u00e0 l&#8217;orthophoniste : Fran\u00e7oise Girard<br \/>\nMerci pour le secr\u00e9tariat \u00e0 <span class=\"x193iq5w xeuugli x13faqbe x1vvkbs x1xmvt09 x1lliihq x1s928wv xhkezso x1gmr53x x1cpjm7i x1fgarty x1943h6x xudqn12 x3x7a5m x6prxxf xvq8zen xo1l8bm xzsf02u x1yc453h\" dir=\"auto\">Christophe AUBERT<\/span><\/p>\n<p>&nbsp;<\/p>\n<p style=\"text-align: center;\">Interview de l&#8217;\u00e9quipe<br \/>\n<iframe loading=\"lazy\" title=\"YouTube video player\" src=\"https:\/\/www.youtube-nocookie.com\/embed\/uGNDMgDeES0?si=htN-FNhGNGgoVDPV\" width=\"560\" height=\"315\" frameborder=\"0\" allowfullscreen=\"allowfullscreen\"><\/iframe><br \/>\n<img loading=\"lazy\" decoding=\"async\" class=\"aligncenter wp-image-10441\" src=\"\/\/www.auditionsolidarite.org\/wp-content\/uploads\/2025\/04\/Marseille_Avril_2025-55.jpg\" alt=\"\" width=\"700\" height=\"525\" srcset=\"https:\/\/www.auditionsolidarite.org\/wp-content\/uploads\/2025\/04\/Marseille_Avril_2025-55.jpg 1000w, https:\/\/www.auditionsolidarite.org\/wp-content\/uploads\/2025\/04\/Marseille_Avril_2025-55-300x225.jpg 300w, https:\/\/www.auditionsolidarite.org\/wp-content\/uploads\/2025\/04\/Marseille_Avril_2025-55-768x576.jpg 768w\" sizes=\"(max-width: 700px) 100vw, 700px\" \/><\/p>\n<p>&nbsp;<\/p>\n<p style=\"text-align: center;\"><img loading=\"lazy\" decoding=\"async\" class=\"aligncenter wp-image-10442\" src=\"\/\/www.auditionsolidarite.org\/wp-content\/uploads\/2025\/04\/Marseille_Avril_2025-80.jpg\" alt=\"\" width=\"700\" height=\"525\" srcset=\"https:\/\/www.auditionsolidarite.org\/wp-content\/uploads\/2025\/04\/Marseille_Avril_2025-80.jpg 1000w, https:\/\/www.auditionsolidarite.org\/wp-content\/uploads\/2025\/04\/Marseille_Avril_2025-80-300x225.jpg 300w, https:\/\/www.auditionsolidarite.org\/wp-content\/uploads\/2025\/04\/Marseille_Avril_2025-80-768x576.jpg 768w\" sizes=\"(max-width: 700px) 100vw, 700px\" \/><\/p>\n<p>&nbsp;","protected":false},"excerpt":{"rendered":"<p>Sorry, this entry is only available in French.Mission du 8 &amp; 9 avril \u00e0 Marseille, quel bilan pour ce 15\u00e8me passage ?\u00a0 Des acteurs sociaux et des professionnels de sant\u00e9 toujours autant engag\u00e9s avec nous pour nous permettre de r\u00e9pondre aux besoins en sant\u00e9\u00a0auditive\u00a0des plus d\u00e9munis : Merci\u00a0! &nbsp; 79 personnes\u00a0ont pu b\u00e9n\u00e9ficier d\u2019un bilan auditif. Parmi elles, pr\u00e8s de<\/p>\n","protected":false},"author":2,"featured_media":0,"parent":0,"menu_order":0,"comment_status":"closed","ping_status":"closed","template":"","meta":{"footnotes":""},"acf":[],"yoast_head":"<!-- This site is optimized with the Yoast SEO plugin v21.9.1 - https:\/\/yoast.com\/wordpress\/plugins\/seo\/ -->\n<title>(Fran\u00e7ais) Espace \u2018Entre 2 Murs\u2019, Marseille \u2013 avril 2025 - AuditionSolidarit\u00e9<\/title>\n<meta name=\"robots\" content=\"index, follow, max-snippet:-1, max-image-preview:large, max-video-preview:-1\" \/>\n<link rel=\"canonical\" href=\"https:\/\/www.auditionsolidarite.org\/en\/espace-entre-2-murs-marseille-avril-2024\/\" \/>\n<meta property=\"og:locale\" content=\"en_US\" \/>\n<meta property=\"og:type\" content=\"article\" \/>\n<meta property=\"og:title\" content=\"(Fran\u00e7ais) Espace \u2018Entre 2 Murs\u2019, Marseille \u2013 avril 2025 - AuditionSolidarit\u00e9\" \/>\n<meta property=\"og:description\" content=\"Sorry, this entry is only available in French.Mission du 8 &amp; 9 avril \u00e0 Marseille, quel bilan pour ce 15\u00e8me passage ?\u00a0 Des acteurs sociaux et des professionnels de sant\u00e9 toujours autant engag\u00e9s avec nous pour nous permettre de r\u00e9pondre aux besoins en sant\u00e9\u00a0auditive\u00a0des plus d\u00e9munis : Merci\u00a0! &nbsp; 79 personnes\u00a0ont pu b\u00e9n\u00e9ficier d\u2019un bilan auditif. Parmi elles, pr\u00e8s de\" \/>\n<meta property=\"og:url\" content=\"https:\/\/www.auditionsolidarite.org\/en\/espace-entre-2-murs-marseille-avril-2024\/\" \/>\n<meta property=\"og:site_name\" content=\"AuditionSolidarit\u00e9\" \/>\n<meta property=\"article:modified_time\" content=\"2025-10-17T14:39:46+00:00\" \/>\n<meta property=\"og:image\" content=\"https:\/\/www.auditionsolidarite.org\/wp-content\/uploads\/2015\/07\/logo-audition-solidarite-e1446132259721.png\" \/>\n\t<meta property=\"og:image:width\" content=\"600\" \/>\n\t<meta property=\"og:image:height\" content=\"593\" \/>\n\t<meta property=\"og:image:type\" content=\"image\/png\" \/>\n<meta name=\"twitter:card\" content=\"summary_large_image\" \/>\n<meta name=\"twitter:label1\" content=\"Est. reading time\" \/>\n\t<meta name=\"twitter:data1\" content=\"2 minutes\" \/>\n<script type=\"application\/ld+json\" class=\"yoast-schema-graph\">{\"@context\":\"https:\/\/schema.org\",\"@graph\":[{\"@type\":\"WebPage\",\"@id\":\"https:\/\/www.auditionsolidarite.org\/en\/espace-entre-2-murs-marseille-avril-2024\/\",\"url\":\"https:\/\/www.auditionsolidarite.org\/en\/espace-entre-2-murs-marseille-avril-2024\/\",\"name\":\"(Fran\u00e7ais) Espace \u2018Entre 2 Murs\u2019, Marseille \u2013 avril 2025 - AuditionSolidarit\u00e9\",\"isPartOf\":{\"@id\":\"https:\/\/www.auditionsolidarite.org\/en\/#website\"},\"datePublished\":\"2025-10-17T13:19:02+00:00\",\"dateModified\":\"2025-10-17T14:39:46+00:00\",\"breadcrumb\":{\"@id\":\"https:\/\/www.auditionsolidarite.org\/en\/espace-entre-2-murs-marseille-avril-2024\/#breadcrumb\"},\"inLanguage\":\"en-US\",\"potentialAction\":[{\"@type\":\"ReadAction\",\"target\":[[\"https:\/\/www.auditionsolidarite.org\/en\/espace-entre-2-murs-marseille-avril-2024\/\"]]}]},{\"@type\":\"BreadcrumbList\",\"@id\":\"https:\/\/www.auditionsolidarite.org\/en\/espace-entre-2-murs-marseille-avril-2024\/#breadcrumb\",\"itemListElement\":[{\"@type\":\"ListItem\",\"position\":1,\"name\":\"Accueil\",\"item\":\"https:\/\/www.auditionsolidarite.org\/en\/\"},{\"@type\":\"ListItem\",\"position\":2,\"name\":\"Espace \u2018Entre 2 Murs\u2019, Marseille \u2013 avril 2025\"}]},{\"@type\":\"WebSite\",\"@id\":\"https:\/\/www.auditionsolidarite.org\/en\/#website\",\"url\":\"https:\/\/www.auditionsolidarite.org\/en\/\",\"name\":\"AuditionSolidarit\u00e9\",\"description\":\"Le hasard n&#039;existe pas ! Si vous \u00eates l\u00e0 aujourd&#039;hui, c&#039;est que le monde de l&#039;audition vous touche... Alors merci d&#039;\u00eatre l\u00e0 !\",\"publisher\":{\"@id\":\"https:\/\/www.auditionsolidarite.org\/en\/#organization\"},\"potentialAction\":[{\"@type\":\"SearchAction\",\"target\":{\"@type\":\"EntryPoint\",\"urlTemplate\":\"https:\/\/www.auditionsolidarite.org\/en\/?s={search_term_string}\"},\"query-input\":\"required name=search_term_string\"}],\"inLanguage\":\"en-US\"},{\"@type\":\"Organization\",\"@id\":\"https:\/\/www.auditionsolidarite.org\/en\/#organization\",\"name\":\"AuditionSolidarit\u00e9\",\"url\":\"https:\/\/www.auditionsolidarite.org\/en\/\",\"logo\":{\"@type\":\"ImageObject\",\"inLanguage\":\"en-US\",\"@id\":\"https:\/\/www.auditionsolidarite.org\/en\/#\/schema\/logo\/image\/\",\"url\":\"https:\/\/www.auditionsolidarite.org\/wp-content\/uploads\/2015\/07\/logo-audition-solidarite-e1446132259721.png\",\"contentUrl\":\"https:\/\/www.auditionsolidarite.org\/wp-content\/uploads\/2015\/07\/logo-audition-solidarite-e1446132259721.png\",\"width\":600,\"height\":593,\"caption\":\"AuditionSolidarit\u00e9\"},\"image\":{\"@id\":\"https:\/\/www.auditionsolidarite.org\/en\/#\/schema\/logo\/image\/\"}}]}<\/script>\n<!-- \/ Yoast SEO plugin. -->","yoast_head_json":{"title":"(Fran\u00e7ais) Espace \u2018Entre 2 Murs\u2019, Marseille \u2013 avril 2025 - AuditionSolidarit\u00e9","robots":{"index":"index","follow":"follow","max-snippet":"max-snippet:-1","max-image-preview":"max-image-preview:large","max-video-preview":"max-video-preview:-1"},"canonical":"https:\/\/www.auditionsolidarite.org\/en\/espace-entre-2-murs-marseille-avril-2024\/","og_locale":"en_US","og_type":"article","og_title":"(Fran\u00e7ais) Espace \u2018Entre 2 Murs\u2019, Marseille \u2013 avril 2025 - AuditionSolidarit\u00e9","og_description":"Sorry, this entry is only available in French.Mission du 8 &amp; 9 avril \u00e0 Marseille, quel bilan pour ce 15\u00e8me passage ?\u00a0 Des acteurs sociaux et des professionnels de sant\u00e9 toujours autant engag\u00e9s avec nous pour nous permettre de r\u00e9pondre aux besoins en sant\u00e9\u00a0auditive\u00a0des plus d\u00e9munis : Merci\u00a0! &nbsp; 79 personnes\u00a0ont pu b\u00e9n\u00e9ficier d\u2019un bilan auditif. Parmi elles, pr\u00e8s de","og_url":"https:\/\/www.auditionsolidarite.org\/en\/espace-entre-2-murs-marseille-avril-2024\/","og_site_name":"AuditionSolidarit\u00e9","article_modified_time":"2025-10-17T14:39:46+00:00","og_image":[{"width":600,"height":593,"url":"https:\/\/www.auditionsolidarite.org\/wp-content\/uploads\/2015\/07\/logo-audition-solidarite-e1446132259721.png","type":"image\/png"}],"twitter_card":"summary_large_image","twitter_misc":{"Est. reading time":"2 minutes"},"schema":{"@context":"https:\/\/schema.org","@graph":[{"@type":"WebPage","@id":"https:\/\/www.auditionsolidarite.org\/en\/espace-entre-2-murs-marseille-avril-2024\/","url":"https:\/\/www.auditionsolidarite.org\/en\/espace-entre-2-murs-marseille-avril-2024\/","name":"(Fran\u00e7ais) Espace \u2018Entre 2 Murs\u2019, Marseille \u2013 avril 2025 - AuditionSolidarit\u00e9","isPartOf":{"@id":"https:\/\/www.auditionsolidarite.org\/en\/#website"},"datePublished":"2025-10-17T13:19:02+00:00","dateModified":"2025-10-17T14:39:46+00:00","breadcrumb":{"@id":"https:\/\/www.auditionsolidarite.org\/en\/espace-entre-2-murs-marseille-avril-2024\/#breadcrumb"},"inLanguage":"en-US","potentialAction":[{"@type":"ReadAction","target":[["https:\/\/www.auditionsolidarite.org\/en\/espace-entre-2-murs-marseille-avril-2024\/"]]}]},{"@type":"BreadcrumbList","@id":"https:\/\/www.auditionsolidarite.org\/en\/espace-entre-2-murs-marseille-avril-2024\/#breadcrumb","itemListElement":[{"@type":"ListItem","position":1,"name":"Accueil","item":"https:\/\/www.auditionsolidarite.org\/en\/"},{"@type":"ListItem","position":2,"name":"Espace \u2018Entre 2 Murs\u2019, Marseille \u2013 avril 2025"}]},{"@type":"WebSite","@id":"https:\/\/www.auditionsolidarite.org\/en\/#website","url":"https:\/\/www.auditionsolidarite.org\/en\/","name":"AuditionSolidarit\u00e9","description":"Le hasard n&#039;existe pas ! Si vous \u00eates l\u00e0 aujourd&#039;hui, c&#039;est que le monde de l&#039;audition vous touche... Alors merci d&#039;\u00eatre l\u00e0 !","publisher":{"@id":"https:\/\/www.auditionsolidarite.org\/en\/#organization"},"potentialAction":[{"@type":"SearchAction","target":{"@type":"EntryPoint","urlTemplate":"https:\/\/www.auditionsolidarite.org\/en\/?s={search_term_string}"},"query-input":"required name=search_term_string"}],"inLanguage":"en-US"},{"@type":"Organization","@id":"https:\/\/www.auditionsolidarite.org\/en\/#organization","name":"AuditionSolidarit\u00e9","url":"https:\/\/www.auditionsolidarite.org\/en\/","logo":{"@type":"ImageObject","inLanguage":"en-US","@id":"https:\/\/www.auditionsolidarite.org\/en\/#\/schema\/logo\/image\/","url":"https:\/\/www.auditionsolidarite.org\/wp-content\/uploads\/2015\/07\/logo-audition-solidarite-e1446132259721.png","contentUrl":"https:\/\/www.auditionsolidarite.org\/wp-content\/uploads\/2015\/07\/logo-audition-solidarite-e1446132259721.png","width":600,"height":593,"caption":"AuditionSolidarit\u00e9"},"image":{"@id":"https:\/\/www.auditionsolidarite.org\/en\/#\/schema\/logo\/image\/"}}]}},"_links":{"self":[{"href":"https:\/\/www.auditionsolidarite.org\/en\/wp-json\/wp\/v2\/pages\/10654"}],"collection":[{"href":"https:\/\/www.auditionsolidarite.org\/en\/wp-json\/wp\/v2\/pages"}],"about":[{"href":"https:\/\/www.auditionsolidarite.org\/en\/wp-json\/wp\/v2\/types\/page"}],"author":[{"embeddable":true,"href":"https:\/\/www.auditionsolidarite.org\/en\/wp-json\/wp\/v2\/users\/2"}],"replies":[{"embeddable":true,"href":"https:\/\/www.auditionsolidarite.org\/en\/wp-json\/wp\/v2\/comments?post=10654"}],"version-history":[{"count":4,"href":"https:\/\/www.auditionsolidarite.org\/en\/wp-json\/wp\/v2\/pages\/10654\/revisions"}],"predecessor-version":[{"id":10662,"href":"https:\/\/www.auditionsolidarite.org\/en\/wp-json\/wp\/v2\/pages\/10654\/revisions\/10662"}],"wp:attachment":[{"href":"https:\/\/www.auditionsolidarite.org\/en\/wp-json\/wp\/v2\/media?parent=10654"}],"curies":[{"name":"wp","href":"https:\/\/api.w.org\/{rel}","templated":true}]}}