{"id":10648,"date":"2025-10-16T10:25:49","date_gmt":"2025-10-16T09:25:49","guid":{"rendered":"https:\/\/www.auditionsolidarite.org\/?page_id=10648"},"modified":"2025-10-20T13:04:00","modified_gmt":"2025-10-20T12:04:00","slug":"une-idee-solidaire-pour-nos-mecenes","status":"publish","type":"page","link":"https:\/\/www.auditionsolidarite.org\/en\/une-idee-solidaire-pour-nos-mecenes\/","title":{"rendered":"(Fran\u00e7ais) Une id\u00e9e solidaire pour nos m\u00e9c\u00e8nes"},"content":{"rendered":"<p class=\"qtranxs-available-languages-message qtranxs-available-languages-message-en\">Sorry, this entry is only available in <a href=\"https:\/\/www.auditionsolidarite.org\/fr\/wp-json\/wp\/v2\/pages\/10648\" class=\"qtranxs-available-language-link qtranxs-available-language-link-fr\" title=\"Fran\u00e7ais\">French<\/a>.<\/p>Guide Synth\u00e9tique du m\u00e9c\u00e9nat et des RDV Solidaires ORL : <a href=\"\/wp-content\/uploads\/2025\/10\/Guide_ASO_Mecenat_RDVSolidaires_ORL.pdf\">Guide_ASO_Mecenat_RDVSolidaires_ORL<\/a><\/p>\n<p>&nbsp;<\/p>\n<p>Charte ORL &#8211; RDV Solidaires : <a href=\"\/wp-content\/uploads\/2025\/10\/Charte-RDV-Solidaire_ORL.pdf\">Charte RDV Solidaire_ORL<\/a><\/p>\n<p>&nbsp;","protected":false},"excerpt":{"rendered":"<p>Sorry, this entry is only available in French.Guide Synth\u00e9tique du m\u00e9c\u00e9nat et des RDV Solidaires ORL : Guide_ASO_Mecenat_RDVSolidaires_ORL &nbsp; Charte ORL &#8211; RDV Solidaires : Charte RDV Solidaire_ORL &nbsp;<\/p>\n","protected":false},"author":2,"featured_media":0,"parent":0,"menu_order":0,"comment_status":"closed","ping_status":"closed","template":"","meta":{"footnotes":""},"acf":[],"yoast_head":"<!-- This site is optimized with the Yoast SEO plugin v21.9.1 - https:\/\/yoast.com\/wordpress\/plugins\/seo\/ -->\n<title>(Fran\u00e7ais) Une id\u00e9e solidaire pour nos m\u00e9c\u00e8nes - AuditionSolidarit\u00e9<\/title>\n<meta name=\"robots\" content=\"index, follow, max-snippet:-1, max-image-preview:large, max-video-preview:-1\" \/>\n<link rel=\"canonical\" href=\"https:\/\/www.auditionsolidarite.org\/en\/une-idee-solidaire-pour-nos-mecenes\/\" \/>\n<meta property=\"og:locale\" content=\"en_US\" \/>\n<meta property=\"og:type\" content=\"article\" \/>\n<meta property=\"og:title\" content=\"(Fran\u00e7ais) Une id\u00e9e solidaire pour nos m\u00e9c\u00e8nes - AuditionSolidarit\u00e9\" \/>\n<meta property=\"og:description\" content=\"Sorry, this entry is only available in French.Guide Synth\u00e9tique du m\u00e9c\u00e9nat et des RDV Solidaires ORL : Guide_ASO_Mecenat_RDVSolidaires_ORL &nbsp; Charte ORL &#8211; RDV Solidaires : Charte RDV Solidaire_ORL &nbsp;\" \/>\n<meta property=\"og:url\" content=\"https:\/\/www.auditionsolidarite.org\/en\/une-idee-solidaire-pour-nos-mecenes\/\" \/>\n<meta property=\"og:site_name\" content=\"AuditionSolidarit\u00e9\" \/>\n<meta property=\"article:modified_time\" content=\"2025-10-20T12:04:00+00:00\" \/>\n<meta property=\"og:image\" content=\"https:\/\/www.auditionsolidarite.org\/wp-content\/uploads\/2015\/07\/logo-audition-solidarite-e1446132259721.png\" \/>\n\t<meta property=\"og:image:width\" content=\"600\" \/>\n\t<meta property=\"og:image:height\" content=\"593\" \/>\n\t<meta property=\"og:image:type\" content=\"image\/png\" \/>\n<meta name=\"twitter:card\" content=\"summary_large_image\" \/>\n<meta name=\"twitter:label1\" content=\"Est. reading time\" \/>\n\t<meta name=\"twitter:data1\" content=\"1 minute\" \/>\n<script type=\"application\/ld+json\" class=\"yoast-schema-graph\">{\"@context\":\"https:\/\/schema.org\",\"@graph\":[{\"@type\":\"WebPage\",\"@id\":\"https:\/\/www.auditionsolidarite.org\/en\/une-idee-solidaire-pour-nos-mecenes\/\",\"url\":\"https:\/\/www.auditionsolidarite.org\/en\/une-idee-solidaire-pour-nos-mecenes\/\",\"name\":\"(Fran\u00e7ais) Une id\u00e9e solidaire pour nos m\u00e9c\u00e8nes - AuditionSolidarit\u00e9\",\"isPartOf\":{\"@id\":\"https:\/\/www.auditionsolidarite.org\/en\/#website\"},\"datePublished\":\"2025-10-16T09:25:49+00:00\",\"dateModified\":\"2025-10-20T12:04:00+00:00\",\"breadcrumb\":{\"@id\":\"https:\/\/www.auditionsolidarite.org\/en\/une-idee-solidaire-pour-nos-mecenes\/#breadcrumb\"},\"inLanguage\":\"en-US\",\"potentialAction\":[{\"@type\":\"ReadAction\",\"target\":[[\"https:\/\/www.auditionsolidarite.org\/en\/une-idee-solidaire-pour-nos-mecenes\/\"]]}]},{\"@type\":\"BreadcrumbList\",\"@id\":\"https:\/\/www.auditionsolidarite.org\/en\/une-idee-solidaire-pour-nos-mecenes\/#breadcrumb\",\"itemListElement\":[{\"@type\":\"ListItem\",\"position\":1,\"name\":\"Accueil\",\"item\":\"https:\/\/www.auditionsolidarite.org\/en\/\"},{\"@type\":\"ListItem\",\"position\":2,\"name\":\"Une id\u00e9e solidaire pour nos m\u00e9c\u00e8nes\"}]},{\"@type\":\"WebSite\",\"@id\":\"https:\/\/www.auditionsolidarite.org\/en\/#website\",\"url\":\"https:\/\/www.auditionsolidarite.org\/en\/\",\"name\":\"AuditionSolidarit\u00e9\",\"description\":\"Le hasard n&#039;existe pas ! Si vous \u00eates l\u00e0 aujourd&#039;hui, c&#039;est que le monde de l&#039;audition vous touche... Alors merci d&#039;\u00eatre l\u00e0 !\",\"publisher\":{\"@id\":\"https:\/\/www.auditionsolidarite.org\/en\/#organization\"},\"potentialAction\":[{\"@type\":\"SearchAction\",\"target\":{\"@type\":\"EntryPoint\",\"urlTemplate\":\"https:\/\/www.auditionsolidarite.org\/en\/?s={search_term_string}\"},\"query-input\":\"required name=search_term_string\"}],\"inLanguage\":\"en-US\"},{\"@type\":\"Organization\",\"@id\":\"https:\/\/www.auditionsolidarite.org\/en\/#organization\",\"name\":\"AuditionSolidarit\u00e9\",\"url\":\"https:\/\/www.auditionsolidarite.org\/en\/\",\"logo\":{\"@type\":\"ImageObject\",\"inLanguage\":\"en-US\",\"@id\":\"https:\/\/www.auditionsolidarite.org\/en\/#\/schema\/logo\/image\/\",\"url\":\"https:\/\/www.auditionsolidarite.org\/wp-content\/uploads\/2015\/07\/logo-audition-solidarite-e1446132259721.png\",\"contentUrl\":\"https:\/\/www.auditionsolidarite.org\/wp-content\/uploads\/2015\/07\/logo-audition-solidarite-e1446132259721.png\",\"width\":600,\"height\":593,\"caption\":\"AuditionSolidarit\u00e9\"},\"image\":{\"@id\":\"https:\/\/www.auditionsolidarite.org\/en\/#\/schema\/logo\/image\/\"}}]}<\/script>\n<!-- \/ Yoast SEO plugin. -->","yoast_head_json":{"title":"(Fran\u00e7ais) Une id\u00e9e solidaire pour nos m\u00e9c\u00e8nes - AuditionSolidarit\u00e9","robots":{"index":"index","follow":"follow","max-snippet":"max-snippet:-1","max-image-preview":"max-image-preview:large","max-video-preview":"max-video-preview:-1"},"canonical":"https:\/\/www.auditionsolidarite.org\/en\/une-idee-solidaire-pour-nos-mecenes\/","og_locale":"en_US","og_type":"article","og_title":"(Fran\u00e7ais) Une id\u00e9e solidaire pour nos m\u00e9c\u00e8nes - AuditionSolidarit\u00e9","og_description":"Sorry, this entry is only available in French.Guide Synth\u00e9tique du m\u00e9c\u00e9nat et des RDV Solidaires ORL : Guide_ASO_Mecenat_RDVSolidaires_ORL &nbsp; Charte ORL &#8211; RDV Solidaires : Charte RDV Solidaire_ORL &nbsp;","og_url":"https:\/\/www.auditionsolidarite.org\/en\/une-idee-solidaire-pour-nos-mecenes\/","og_site_name":"AuditionSolidarit\u00e9","article_modified_time":"2025-10-20T12:04:00+00:00","og_image":[{"width":600,"height":593,"url":"https:\/\/www.auditionsolidarite.org\/wp-content\/uploads\/2015\/07\/logo-audition-solidarite-e1446132259721.png","type":"image\/png"}],"twitter_card":"summary_large_image","twitter_misc":{"Est. reading time":"1 minute"},"schema":{"@context":"https:\/\/schema.org","@graph":[{"@type":"WebPage","@id":"https:\/\/www.auditionsolidarite.org\/en\/une-idee-solidaire-pour-nos-mecenes\/","url":"https:\/\/www.auditionsolidarite.org\/en\/une-idee-solidaire-pour-nos-mecenes\/","name":"(Fran\u00e7ais) Une id\u00e9e solidaire pour nos m\u00e9c\u00e8nes - AuditionSolidarit\u00e9","isPartOf":{"@id":"https:\/\/www.auditionsolidarite.org\/en\/#website"},"datePublished":"2025-10-16T09:25:49+00:00","dateModified":"2025-10-20T12:04:00+00:00","breadcrumb":{"@id":"https:\/\/www.auditionsolidarite.org\/en\/une-idee-solidaire-pour-nos-mecenes\/#breadcrumb"},"inLanguage":"en-US","potentialAction":[{"@type":"ReadAction","target":[["https:\/\/www.auditionsolidarite.org\/en\/une-idee-solidaire-pour-nos-mecenes\/"]]}]},{"@type":"BreadcrumbList","@id":"https:\/\/www.auditionsolidarite.org\/en\/une-idee-solidaire-pour-nos-mecenes\/#breadcrumb","itemListElement":[{"@type":"ListItem","position":1,"name":"Accueil","item":"https:\/\/www.auditionsolidarite.org\/en\/"},{"@type":"ListItem","position":2,"name":"Une id\u00e9e solidaire pour nos m\u00e9c\u00e8nes"}]},{"@type":"WebSite","@id":"https:\/\/www.auditionsolidarite.org\/en\/#website","url":"https:\/\/www.auditionsolidarite.org\/en\/","name":"AuditionSolidarit\u00e9","description":"Le hasard n&#039;existe pas ! Si vous \u00eates l\u00e0 aujourd&#039;hui, c&#039;est que le monde de l&#039;audition vous touche... Alors merci d&#039;\u00eatre l\u00e0 !","publisher":{"@id":"https:\/\/www.auditionsolidarite.org\/en\/#organization"},"potentialAction":[{"@type":"SearchAction","target":{"@type":"EntryPoint","urlTemplate":"https:\/\/www.auditionsolidarite.org\/en\/?s={search_term_string}"},"query-input":"required name=search_term_string"}],"inLanguage":"en-US"},{"@type":"Organization","@id":"https:\/\/www.auditionsolidarite.org\/en\/#organization","name":"AuditionSolidarit\u00e9","url":"https:\/\/www.auditionsolidarite.org\/en\/","logo":{"@type":"ImageObject","inLanguage":"en-US","@id":"https:\/\/www.auditionsolidarite.org\/en\/#\/schema\/logo\/image\/","url":"https:\/\/www.auditionsolidarite.org\/wp-content\/uploads\/2015\/07\/logo-audition-solidarite-e1446132259721.png","contentUrl":"https:\/\/www.auditionsolidarite.org\/wp-content\/uploads\/2015\/07\/logo-audition-solidarite-e1446132259721.png","width":600,"height":593,"caption":"AuditionSolidarit\u00e9"},"image":{"@id":"https:\/\/www.auditionsolidarite.org\/en\/#\/schema\/logo\/image\/"}}]}},"_links":{"self":[{"href":"https:\/\/www.auditionsolidarite.org\/en\/wp-json\/wp\/v2\/pages\/10648"}],"collection":[{"href":"https:\/\/www.auditionsolidarite.org\/en\/wp-json\/wp\/v2\/pages"}],"about":[{"href":"https:\/\/www.auditionsolidarite.org\/en\/wp-json\/wp\/v2\/types\/page"}],"author":[{"embeddable":true,"href":"https:\/\/www.auditionsolidarite.org\/en\/wp-json\/wp\/v2\/users\/2"}],"replies":[{"embeddable":true,"href":"https:\/\/www.auditionsolidarite.org\/en\/wp-json\/wp\/v2\/comments?post=10648"}],"version-history":[{"count":2,"href":"https:\/\/www.auditionsolidarite.org\/en\/wp-json\/wp\/v2\/pages\/10648\/revisions"}],"predecessor-version":[{"id":10652,"href":"https:\/\/www.auditionsolidarite.org\/en\/wp-json\/wp\/v2\/pages\/10648\/revisions\/10652"}],"wp:attachment":[{"href":"https:\/\/www.auditionsolidarite.org\/en\/wp-json\/wp\/v2\/media?parent=10648"}],"curies":[{"name":"wp","href":"https:\/\/api.w.org\/{rel}","templated":true}]}}