{"id":10626,"date":"2025-10-13T15:19:15","date_gmt":"2025-10-13T14:19:15","guid":{"rendered":"https:\/\/www.auditionsolidarite.org\/?page_id=10626"},"modified":"2025-10-13T15:19:15","modified_gmt":"2025-10-13T14:19:15","slug":"hopital-rothschild-paroisse-saint-marcel-paris-mars-2025","status":"publish","type":"page","link":"https:\/\/www.auditionsolidarite.org\/en\/hopital-rothschild-paroisse-saint-marcel-paris-mars-2025\/","title":{"rendered":"(Fran\u00e7ais) H\u00f4pital Rothschild &#038; Paroisse Saint-Marcel, Paris \u2013 mars 2025"},"content":{"rendered":"<p class=\"qtranxs-available-languages-message qtranxs-available-languages-message-en\">Sorry, this entry is only available in <a href=\"https:\/\/www.auditionsolidarite.org\/fr\/wp-json\/wp\/v2\/pages\/10626\" class=\"qtranxs-available-language-link qtranxs-available-language-link-fr\" title=\"Fran\u00e7ais\">French<\/a>.<\/p><strong>R\u00e9cap&#8217; de la mission du 11 au 14 mars 2025 \u00e0 Paris<\/strong><\/p>\n<p>&nbsp;<\/p>\n<p><strong data-olk-copy-source=\"MessageBody\">Affluence record : 192 b\u00e9n\u00e9ficiaires accueillis !<\/strong><\/p>\n<p>L&#8217;investissement et la mobilisation de tous les acteurs sociaux et de nos partenaires ont permis de faire conna\u00eetre notre mission \u00e0 un public toujours plus large, garantissant ainsi un acc\u00e8s aux soins auditifs gratuit aux personnes d\u00e9munies \ud83d\udc4f<\/p>\n<p>&nbsp;<\/p>\n<p><strong data-olk-copy-source=\"MessageBody\">Un impact concret et imm\u00e9diat pour les b\u00e9n\u00e9ficiaires<\/strong><\/p>\n<p>Bilan auditif indispensable pour tous, motiv\u00e9 par diverses raisons : bouchons, infections, perte auditive&#8230; avec pour de nombreux b\u00e9n\u00e9ficiaires un v\u00e9ritable soulagement de trouver une solution sur place et pour les autres la joie d\u2019apprendre que leur audition \u00e9tait intacte \ud83d\udc4d<\/p>\n<p>&nbsp;<\/p>\n<p><strong data-olk-copy-source=\"MessageBody\">On vous partage un moment d\u2019\u00e9motion<\/strong><\/p>\n<p>Une dame a pleur\u00e9 \u00e0 chaudes larmes pendant les tests d\u2019audition, non pas de tristesse, mais de bonheur en red\u00e9couvrant des sons qui lui avaient manqu\u00e9 \ud83d\udc47 Redonner l\u2019audition et voir la personne repartir le sourire aux l\u00e8vres est un moment pr\u00e9cieux, charg\u00e9 d\u2019\u00e9motion et de sens.<\/p>\n<p><a href=\"\/\/www.auditionsolidarite.org\/wp-content\/uploads\/2025\/03\/3-photos-Paris-25.jpg\"><img loading=\"lazy\" decoding=\"async\" class=\"aligncenter size-full wp-image-10386\" src=\"\/\/www.auditionsolidarite.org\/wp-content\/uploads\/2025\/03\/3-photos-Paris-25.jpg\" alt=\"\" width=\"947\" height=\"250\" srcset=\"https:\/\/www.auditionsolidarite.org\/wp-content\/uploads\/2025\/03\/3-photos-Paris-25.jpg 947w, https:\/\/www.auditionsolidarite.org\/wp-content\/uploads\/2025\/03\/3-photos-Paris-25-300x79.jpg 300w, https:\/\/www.auditionsolidarite.org\/wp-content\/uploads\/2025\/03\/3-photos-Paris-25-768x203.jpg 768w\" sizes=\"(max-width: 947px) 100vw, 947px\" \/><\/a><\/p>\n<table border=\"1\">\n<tbody>\n<tr>\n<td><strong>Au total sur les 4 jours<\/strong><\/td>\n<\/tr>\n<tr>\n<td>192 personnes accueillies<\/td>\n<\/tr>\n<tr>\n<td>72 personnes appareill\u00e9es<\/td>\n<\/tr>\n<tr>\n<td>136 appareils adapt\u00e9s<b><br \/>\n<\/b><\/td>\n<\/tr>\n<\/tbody>\n<\/table>\n<p><b><b><br \/>\n<\/b>Le d\u00e9tail :<br \/>\n<\/b><\/p>\n<table style=\"width: 699px;\" border=\"1\">\n<tbody>\n<tr style=\"height: 24px;\">\n<td style=\"width: 335px; height: 24px;\">H\u00f4pital Rothschild<\/td>\n<td style=\"width: 364px; height: 24px;\">Paroisse Saint-Marcel<\/td>\n<\/tr>\n<tr style=\"height: 24px;\">\n<td style=\"width: 335px; height: 24px;\">85 personnes accueillies<\/td>\n<td style=\"width: 364px; height: 24px;\">107 personnes accueillies<\/td>\n<\/tr>\n<tr style=\"height: 24px;\">\n<td style=\"width: 335px; height: 24px;\">47 personnes appareill\u00e9es<\/td>\n<td style=\"width: 364px; height: 24px;\">25 personnes appareill\u00e9es<\/td>\n<\/tr>\n<tr style=\"height: 24px;\">\n<td style=\"width: 335px; height: 24px;\">93 appareils adapt\u00e9s<\/td>\n<td style=\"width: 364px; height: 24px;\">43 appareils adapt\u00e9s<\/td>\n<\/tr>\n<\/tbody>\n<\/table>\n<p>Un grand merci \u00e0 l\u2019H\u00f4pital Rothschild ainsi qu\u2019\u00e0 la Paroisse Saint-Marcel pour leur accueil et leur disponibilit\u00e9. <b><\/b><b><\/b><b><\/b><b><\/b><b><br \/>\n<\/b><\/p>\n<p>&nbsp;<\/p>\n<p><strong>Merci<\/strong> aux deux \u00e9quipes qui se sont succ\u00e9d\u00e9 sur ces 2 missions :<b><br \/>\n<\/b><\/p>\n<ul>\n<li dir=\"auto\">Les audioproth\u00e9sistes :\u00a0<span class=\"x193iq5w xeuugli x13faqbe x1vvkbs x1xmvt09 x1lliihq x1s928wv xhkezso x1gmr53x x1cpjm7i x1fgarty x1943h6x xudqn12 x3x7a5m x6prxxf xvq8zen xo1l8bm xzsf02u x1yc453h\" dir=\"auto\">Lucile Faivre, Gonzague Browaeys, Audrey Coudreuse, Beno\u00eet Lavergne, Denis Collet, Gr\u00e9gory Anfray, Olivier Akerib, Sarah Quenouill\u00e8re, Elisabeth Sanson &amp; Avy Knafo <\/span><\/li>\n<li dir=\"auto\">L&#8217;orthophoniste :\u00a0<span class=\"x193iq5w xeuugli x13faqbe x1vvkbs x1xmvt09 x1lliihq x1s928wv xhkezso x1gmr53x x1cpjm7i x1fgarty x1943h6x xudqn12 x3x7a5m x6prxxf xvq8zen xo1l8bm xzsf02u x1yc453h\" dir=\"auto\">Sandrine Vignal-Duban<\/span><\/li>\n<li dir=\"auto\">La fabrication des embouts : <span class=\"x193iq5w xeuugli x13faqbe x1vvkbs x1xmvt09 x1lliihq x1s928wv xhkezso x1gmr53x x1cpjm7i x1fgarty x1943h6x xudqn12 x3x7a5m x6prxxf xvq8zen xo1l8bm xzsf02u x1yc453h\" dir=\"auto\">Yohan Menard, Victor Gillard-Chevallier &amp; Marine Coustet <\/span><\/li>\n<li dir=\"auto\">Les ORL :\u00a0<em>I<\/em><span class=\"x193iq5w xeuugli x13faqbe x1vvkbs x1xmvt09 x1lliihq x1s928wv xhkezso x1gmr53x x1cpjm7i x1fgarty x1943h6x xudqn12 x3x7a5m x6prxxf xvq8zen xo1l8bm xzsf02u x1yc453h\" dir=\"auto\">H\u00e9l\u00e8ne Mar\u00e9chal &amp; Margarita Vareli<\/span><\/li>\n<li dir=\"auto\">Le secr\u00e9tariat :\u00a0<span class=\"x193iq5w xeuugli x13faqbe x1vvkbs x1xmvt09 x1lliihq x1s928wv xhkezso x1gmr53x x1cpjm7i x1fgarty x1943h6x xudqn12 x3x7a5m x6prxxf xvq8zen xo1l8bm xzsf02u x1yc453h\" dir=\"auto\">Bruno Raunier &amp; Ludivine Aubin-Karpinski <\/span><\/li>\n<li dir=\"auto\"><span class=\"x193iq5w xeuugli x13faqbe x1vvkbs x1xmvt09 x1lliihq x1s928wv xhkezso x1gmr53x x1cpjm7i x1fgarty x1943h6x xudqn12 x3x7a5m x6prxxf xvq8zen xo1l8bm xzsf02u x1yc453h\" dir=\"auto\">Les \u00e9tudiants : Guillaume Launay &amp; Cl\u00e9oph\u00e9e Durand <\/span><\/li>\n<li dir=\"auto\">La logistique : Carole, Alice &amp; Adrien<b><br \/>\n<\/b><b><br \/>\n<\/b><\/li>\n<\/ul>\n<p>Un grand <strong>Merci<\/strong> \u00e0 la Fondation Tolot &amp; \u00e0 la Fondation Veolia pour leur soutien si pr\u00e9cieux.<b><b><\/b><b><\/b><\/b><b><\/b><\/p>\n<p>&nbsp;<\/p>\n<p style=\"text-align: center;\">T\u00e9moignages m\u00e9c\u00e8nes<\/p>\n<p style=\"text-align: center;\"><iframe loading=\"lazy\" title=\"YouTube video player\" src=\"https:\/\/www.youtube-nocookie.com\/embed\/hGRkfjN2hX0?si=ta7LdmUR2-Lj95up\" width=\"560\" height=\"315\" frameborder=\"0\" allowfullscreen=\"allowfullscreen\"><\/iframe><br \/>\n<img loading=\"lazy\" decoding=\"async\" class=\"aligncenter wp-image-10390\" src=\"\/\/www.auditionsolidarite.org\/wp-content\/uploads\/2025\/03\/Rothschild_Mars2025-96.jpg\" alt=\"\" width=\"600\" height=\"450\" srcset=\"https:\/\/www.auditionsolidarite.org\/wp-content\/uploads\/2025\/03\/Rothschild_Mars2025-96.jpg 800w, https:\/\/www.auditionsolidarite.org\/wp-content\/uploads\/2025\/03\/Rothschild_Mars2025-96-300x225.jpg 300w, https:\/\/www.auditionsolidarite.org\/wp-content\/uploads\/2025\/03\/Rothschild_Mars2025-96-768x576.jpg 768w\" sizes=\"(max-width: 600px) 100vw, 600px\" \/> <img loading=\"lazy\" decoding=\"async\" class=\"aligncenter wp-image-10389\" src=\"\/\/www.auditionsolidarite.org\/wp-content\/uploads\/2025\/03\/Paroisse_Mars_2025-64.jpg\" alt=\"\" width=\"600\" height=\"450\" srcset=\"https:\/\/www.auditionsolidarite.org\/wp-content\/uploads\/2025\/03\/Paroisse_Mars_2025-64.jpg 800w, https:\/\/www.auditionsolidarite.org\/wp-content\/uploads\/2025\/03\/Paroisse_Mars_2025-64-300x225.jpg 300w, https:\/\/www.auditionsolidarite.org\/wp-content\/uploads\/2025\/03\/Paroisse_Mars_2025-64-768x576.jpg 768w\" sizes=\"(max-width: 600px) 100vw, 600px\" \/> <img loading=\"lazy\" decoding=\"async\" class=\"aligncenter wp-image-10388\" src=\"\/\/www.auditionsolidarite.org\/wp-content\/uploads\/2025\/03\/Paroisse_Mars_2025-58.jpg\" alt=\"\" width=\"600\" height=\"450\" srcset=\"https:\/\/www.auditionsolidarite.org\/wp-content\/uploads\/2025\/03\/Paroisse_Mars_2025-58.jpg 800w, https:\/\/www.auditionsolidarite.org\/wp-content\/uploads\/2025\/03\/Paroisse_Mars_2025-58-300x225.jpg 300w, https:\/\/www.auditionsolidarite.org\/wp-content\/uploads\/2025\/03\/Paroisse_Mars_2025-58-768x576.jpg 768w\" sizes=\"(max-width: 600px) 100vw, 600px\" \/><\/p>","protected":false},"excerpt":{"rendered":"<p>Sorry, this entry is only available in French.R\u00e9cap&#8217; de la mission du 11 au 14 mars 2025 \u00e0 Paris &nbsp; Affluence record : 192 b\u00e9n\u00e9ficiaires accueillis ! L&#8217;investissement et la mobilisation de tous les acteurs sociaux et de nos partenaires ont permis de faire conna\u00eetre notre mission \u00e0 un public toujours plus large, garantissant ainsi un acc\u00e8s aux soins auditifs<\/p>\n","protected":false},"author":2,"featured_media":0,"parent":0,"menu_order":0,"comment_status":"closed","ping_status":"closed","template":"","meta":{"footnotes":""},"acf":[],"yoast_head":"<!-- This site is optimized with the Yoast SEO plugin v21.9.1 - https:\/\/yoast.com\/wordpress\/plugins\/seo\/ -->\n<title>(Fran\u00e7ais) H\u00f4pital Rothschild &amp; Paroisse Saint-Marcel, Paris \u2013 mars 2025 - AuditionSolidarit\u00e9<\/title>\n<meta name=\"robots\" content=\"index, follow, max-snippet:-1, max-image-preview:large, max-video-preview:-1\" \/>\n<link rel=\"canonical\" href=\"https:\/\/www.auditionsolidarite.org\/en\/hopital-rothschild-paroisse-saint-marcel-paris-mars-2025\/\" \/>\n<meta property=\"og:locale\" content=\"en_US\" \/>\n<meta property=\"og:type\" content=\"article\" \/>\n<meta property=\"og:title\" content=\"(Fran\u00e7ais) H\u00f4pital Rothschild &amp; Paroisse Saint-Marcel, Paris \u2013 mars 2025 - AuditionSolidarit\u00e9\" \/>\n<meta property=\"og:description\" content=\"Sorry, this entry is only available in French.R\u00e9cap&#8217; de la mission du 11 au 14 mars 2025 \u00e0 Paris &nbsp; Affluence record : 192 b\u00e9n\u00e9ficiaires accueillis ! L&#8217;investissement et la mobilisation de tous les acteurs sociaux et de nos partenaires ont permis de faire conna\u00eetre notre mission \u00e0 un public toujours plus large, garantissant ainsi un acc\u00e8s aux soins auditifs\" \/>\n<meta property=\"og:url\" content=\"https:\/\/www.auditionsolidarite.org\/en\/hopital-rothschild-paroisse-saint-marcel-paris-mars-2025\/\" \/>\n<meta property=\"og:site_name\" content=\"AuditionSolidarit\u00e9\" \/>\n<meta property=\"og:image\" content=\"https:\/\/www.auditionsolidarite.org\/wp-content\/uploads\/2015\/07\/logo-audition-solidarite-e1446132259721.png\" \/>\n\t<meta property=\"og:image:width\" content=\"600\" \/>\n\t<meta property=\"og:image:height\" content=\"593\" \/>\n\t<meta property=\"og:image:type\" content=\"image\/png\" \/>\n<meta name=\"twitter:card\" content=\"summary_large_image\" \/>\n<meta name=\"twitter:label1\" content=\"Est. reading time\" \/>\n\t<meta name=\"twitter:data1\" content=\"3 minutes\" \/>\n<script type=\"application\/ld+json\" class=\"yoast-schema-graph\">{\"@context\":\"https:\/\/schema.org\",\"@graph\":[{\"@type\":\"WebPage\",\"@id\":\"https:\/\/www.auditionsolidarite.org\/en\/hopital-rothschild-paroisse-saint-marcel-paris-mars-2025\/\",\"url\":\"https:\/\/www.auditionsolidarite.org\/en\/hopital-rothschild-paroisse-saint-marcel-paris-mars-2025\/\",\"name\":\"(Fran\u00e7ais) H\u00f4pital Rothschild & Paroisse Saint-Marcel, Paris \u2013 mars 2025 - AuditionSolidarit\u00e9\",\"isPartOf\":{\"@id\":\"https:\/\/www.auditionsolidarite.org\/en\/#website\"},\"datePublished\":\"2025-10-13T14:19:15+00:00\",\"dateModified\":\"2025-10-13T14:19:15+00:00\",\"breadcrumb\":{\"@id\":\"https:\/\/www.auditionsolidarite.org\/en\/hopital-rothschild-paroisse-saint-marcel-paris-mars-2025\/#breadcrumb\"},\"inLanguage\":\"en-US\",\"potentialAction\":[{\"@type\":\"ReadAction\",\"target\":[[\"https:\/\/www.auditionsolidarite.org\/en\/hopital-rothschild-paroisse-saint-marcel-paris-mars-2025\/\"]]}]},{\"@type\":\"BreadcrumbList\",\"@id\":\"https:\/\/www.auditionsolidarite.org\/en\/hopital-rothschild-paroisse-saint-marcel-paris-mars-2025\/#breadcrumb\",\"itemListElement\":[{\"@type\":\"ListItem\",\"position\":1,\"name\":\"Accueil\",\"item\":\"https:\/\/www.auditionsolidarite.org\/en\/\"},{\"@type\":\"ListItem\",\"position\":2,\"name\":\"H\u00f4pital Rothschild &#038; Paroisse Saint-Marcel, Paris \u2013 mars 2025\"}]},{\"@type\":\"WebSite\",\"@id\":\"https:\/\/www.auditionsolidarite.org\/en\/#website\",\"url\":\"https:\/\/www.auditionsolidarite.org\/en\/\",\"name\":\"AuditionSolidarit\u00e9\",\"description\":\"Le hasard n&#039;existe pas ! Si vous \u00eates l\u00e0 aujourd&#039;hui, c&#039;est que le monde de l&#039;audition vous touche... Alors merci d&#039;\u00eatre l\u00e0 !\",\"publisher\":{\"@id\":\"https:\/\/www.auditionsolidarite.org\/en\/#organization\"},\"potentialAction\":[{\"@type\":\"SearchAction\",\"target\":{\"@type\":\"EntryPoint\",\"urlTemplate\":\"https:\/\/www.auditionsolidarite.org\/en\/?s={search_term_string}\"},\"query-input\":\"required name=search_term_string\"}],\"inLanguage\":\"en-US\"},{\"@type\":\"Organization\",\"@id\":\"https:\/\/www.auditionsolidarite.org\/en\/#organization\",\"name\":\"AuditionSolidarit\u00e9\",\"url\":\"https:\/\/www.auditionsolidarite.org\/en\/\",\"logo\":{\"@type\":\"ImageObject\",\"inLanguage\":\"en-US\",\"@id\":\"https:\/\/www.auditionsolidarite.org\/en\/#\/schema\/logo\/image\/\",\"url\":\"https:\/\/www.auditionsolidarite.org\/wp-content\/uploads\/2015\/07\/logo-audition-solidarite-e1446132259721.png\",\"contentUrl\":\"https:\/\/www.auditionsolidarite.org\/wp-content\/uploads\/2015\/07\/logo-audition-solidarite-e1446132259721.png\",\"width\":600,\"height\":593,\"caption\":\"AuditionSolidarit\u00e9\"},\"image\":{\"@id\":\"https:\/\/www.auditionsolidarite.org\/en\/#\/schema\/logo\/image\/\"}}]}<\/script>\n<!-- \/ Yoast SEO plugin. -->","yoast_head_json":{"title":"(Fran\u00e7ais) H\u00f4pital Rothschild & Paroisse Saint-Marcel, Paris \u2013 mars 2025 - AuditionSolidarit\u00e9","robots":{"index":"index","follow":"follow","max-snippet":"max-snippet:-1","max-image-preview":"max-image-preview:large","max-video-preview":"max-video-preview:-1"},"canonical":"https:\/\/www.auditionsolidarite.org\/en\/hopital-rothschild-paroisse-saint-marcel-paris-mars-2025\/","og_locale":"en_US","og_type":"article","og_title":"(Fran\u00e7ais) H\u00f4pital Rothschild & Paroisse Saint-Marcel, Paris \u2013 mars 2025 - AuditionSolidarit\u00e9","og_description":"Sorry, this entry is only available in French.R\u00e9cap&#8217; de la mission du 11 au 14 mars 2025 \u00e0 Paris &nbsp; Affluence record : 192 b\u00e9n\u00e9ficiaires accueillis ! L&#8217;investissement et la mobilisation de tous les acteurs sociaux et de nos partenaires ont permis de faire conna\u00eetre notre mission \u00e0 un public toujours plus large, garantissant ainsi un acc\u00e8s aux soins auditifs","og_url":"https:\/\/www.auditionsolidarite.org\/en\/hopital-rothschild-paroisse-saint-marcel-paris-mars-2025\/","og_site_name":"AuditionSolidarit\u00e9","og_image":[{"width":600,"height":593,"url":"https:\/\/www.auditionsolidarite.org\/wp-content\/uploads\/2015\/07\/logo-audition-solidarite-e1446132259721.png","type":"image\/png"}],"twitter_card":"summary_large_image","twitter_misc":{"Est. reading time":"3 minutes"},"schema":{"@context":"https:\/\/schema.org","@graph":[{"@type":"WebPage","@id":"https:\/\/www.auditionsolidarite.org\/en\/hopital-rothschild-paroisse-saint-marcel-paris-mars-2025\/","url":"https:\/\/www.auditionsolidarite.org\/en\/hopital-rothschild-paroisse-saint-marcel-paris-mars-2025\/","name":"(Fran\u00e7ais) H\u00f4pital Rothschild & Paroisse Saint-Marcel, Paris \u2013 mars 2025 - AuditionSolidarit\u00e9","isPartOf":{"@id":"https:\/\/www.auditionsolidarite.org\/en\/#website"},"datePublished":"2025-10-13T14:19:15+00:00","dateModified":"2025-10-13T14:19:15+00:00","breadcrumb":{"@id":"https:\/\/www.auditionsolidarite.org\/en\/hopital-rothschild-paroisse-saint-marcel-paris-mars-2025\/#breadcrumb"},"inLanguage":"en-US","potentialAction":[{"@type":"ReadAction","target":[["https:\/\/www.auditionsolidarite.org\/en\/hopital-rothschild-paroisse-saint-marcel-paris-mars-2025\/"]]}]},{"@type":"BreadcrumbList","@id":"https:\/\/www.auditionsolidarite.org\/en\/hopital-rothschild-paroisse-saint-marcel-paris-mars-2025\/#breadcrumb","itemListElement":[{"@type":"ListItem","position":1,"name":"Accueil","item":"https:\/\/www.auditionsolidarite.org\/en\/"},{"@type":"ListItem","position":2,"name":"H\u00f4pital Rothschild &#038; Paroisse Saint-Marcel, Paris \u2013 mars 2025"}]},{"@type":"WebSite","@id":"https:\/\/www.auditionsolidarite.org\/en\/#website","url":"https:\/\/www.auditionsolidarite.org\/en\/","name":"AuditionSolidarit\u00e9","description":"Le hasard n&#039;existe pas ! Si vous \u00eates l\u00e0 aujourd&#039;hui, c&#039;est que le monde de l&#039;audition vous touche... Alors merci d&#039;\u00eatre l\u00e0 !","publisher":{"@id":"https:\/\/www.auditionsolidarite.org\/en\/#organization"},"potentialAction":[{"@type":"SearchAction","target":{"@type":"EntryPoint","urlTemplate":"https:\/\/www.auditionsolidarite.org\/en\/?s={search_term_string}"},"query-input":"required name=search_term_string"}],"inLanguage":"en-US"},{"@type":"Organization","@id":"https:\/\/www.auditionsolidarite.org\/en\/#organization","name":"AuditionSolidarit\u00e9","url":"https:\/\/www.auditionsolidarite.org\/en\/","logo":{"@type":"ImageObject","inLanguage":"en-US","@id":"https:\/\/www.auditionsolidarite.org\/en\/#\/schema\/logo\/image\/","url":"https:\/\/www.auditionsolidarite.org\/wp-content\/uploads\/2015\/07\/logo-audition-solidarite-e1446132259721.png","contentUrl":"https:\/\/www.auditionsolidarite.org\/wp-content\/uploads\/2015\/07\/logo-audition-solidarite-e1446132259721.png","width":600,"height":593,"caption":"AuditionSolidarit\u00e9"},"image":{"@id":"https:\/\/www.auditionsolidarite.org\/en\/#\/schema\/logo\/image\/"}}]}},"_links":{"self":[{"href":"https:\/\/www.auditionsolidarite.org\/en\/wp-json\/wp\/v2\/pages\/10626"}],"collection":[{"href":"https:\/\/www.auditionsolidarite.org\/en\/wp-json\/wp\/v2\/pages"}],"about":[{"href":"https:\/\/www.auditionsolidarite.org\/en\/wp-json\/wp\/v2\/types\/page"}],"author":[{"embeddable":true,"href":"https:\/\/www.auditionsolidarite.org\/en\/wp-json\/wp\/v2\/users\/2"}],"replies":[{"embeddable":true,"href":"https:\/\/www.auditionsolidarite.org\/en\/wp-json\/wp\/v2\/comments?post=10626"}],"version-history":[{"count":1,"href":"https:\/\/www.auditionsolidarite.org\/en\/wp-json\/wp\/v2\/pages\/10626\/revisions"}],"predecessor-version":[{"id":10627,"href":"https:\/\/www.auditionsolidarite.org\/en\/wp-json\/wp\/v2\/pages\/10626\/revisions\/10627"}],"wp:attachment":[{"href":"https:\/\/www.auditionsolidarite.org\/en\/wp-json\/wp\/v2\/media?parent=10626"}],"curies":[{"name":"wp","href":"https:\/\/api.w.org\/{rel}","templated":true}]}}