{"id":10436,"date":"2025-04-17T16:20:22","date_gmt":"2025-04-17T15:20:22","guid":{"rendered":"https:\/\/www.auditionsolidarite.org\/?page_id=10436"},"modified":"2025-04-17T16:23:42","modified_gmt":"2025-04-17T15:23:42","slug":"espace-entre-2-murs-marseille-octobre-2025","status":"publish","type":"page","link":"https:\/\/www.auditionsolidarite.org\/en\/espace-entre-2-murs-marseille-octobre-2025\/","title":{"rendered":"(Fran\u00e7ais) Espace &#8216;Entre 2 Murs&#8217;, Marseille &#8211; Octobre 2024"},"content":{"rendered":"<p class=\"qtranxs-available-languages-message qtranxs-available-languages-message-en\">Sorry, this entry is only available in <a href=\"https:\/\/www.auditionsolidarite.org\/fr\/wp-json\/wp\/v2\/pages\/10436\" class=\"qtranxs-available-language-link qtranxs-available-language-link-fr\" title=\"Fran\u00e7ais\">French<\/a>.<\/p><strong>8 et 9 octobre 2024 <\/strong><em><strong>: <\/strong><\/em><strong>Marseille, ville toujours accueillante m\u00eame les pieds dans l\u2019eau\u00a0!<\/strong><em><br \/>\n<\/em><\/p>\n<p>&nbsp;<\/p>\n<p>Nous avons litt\u00e9ralement d\u00e9marr\u00e9 notre mission les pieds dans l\u2019eau mais ce fut de tr\u00e8s bon augure pour la suite car <strong>nous avons accueilli 78 personnes sur 2 jours, un record\u00a0!<\/strong><\/p>\n<p>&nbsp;<\/p>\n<p>L&#8217;objectif principal de cette mission \u00e9tait de proposer aux personnes d\u00e9munies (sans couverture sociale ou b\u00e9n\u00e9ficiant de l&#8217;AME) un bilan auditif, un appareillage et un contr\u00f4le des aides auditives.<\/p>\n<p>&nbsp;<\/p>\n<p><strong>Gr\u00e2ce \u00e0 notre belle collaboration <\/strong>les acteurs sociaux, nous avons pu toucher un large public et offrir un service indispensable \u00e0 ceux qui en ont le plus besoin.<\/p>\n<p>&nbsp;<\/p>\n<p>Parmi ces 78 personnes, toutes ont exprim\u00e9 leur immense satisfaction et soulagement d&#8217;avoir pu recevoir l\u2019aide n\u00e9cessaire \u00e0 l&#8217;am\u00e9lioration de leur qualit\u00e9 de vie au quotidien \ud83d\udc4d<img loading=\"lazy\" decoding=\"async\" class=\"wp-image-10223 aligncenter\" src=\"\/\/www.auditionsolidarite.org\/wp-content\/uploads\/2024\/10\/3-photos-Marseille-24.jpg\" alt=\"\" width=\"700\" height=\"185\" srcset=\"https:\/\/www.auditionsolidarite.org\/wp-content\/uploads\/2024\/10\/3-photos-Marseille-24.jpg 947w, https:\/\/www.auditionsolidarite.org\/wp-content\/uploads\/2024\/10\/3-photos-Marseille-24-300x79.jpg 300w, https:\/\/www.auditionsolidarite.org\/wp-content\/uploads\/2024\/10\/3-photos-Marseille-24-768x203.jpg 768w\" sizes=\"(max-width: 700px) 100vw, 700px\" \/><\/p>\n<p>&nbsp;<\/p>\n<p><strong>Le r\u00e9sum\u00e9 de ces 2 jours de mission\u00a0:<\/strong><\/p>\n<ul>\n<li>78\u00a0personnes d\u00e9munies accueillies<\/li>\n<li>30 personnes appareill\u00e9es<\/li>\n<li>57 appareils auditifs adapt\u00e9s<\/li>\n<\/ul>\n<p>&nbsp;<\/p>\n<p>Merci \u00e0 nos m\u00e9c\u00e8nes et aux Fondations Tolot, Veolia, Anber, \u00e0 A\u00e9sio Mutuelle et au Fonds de Dotation Caisse d&#8217;\u00c9pargne pour leur pr\u00e9cieux soutien \u2764\ufe0f<b><br \/>\n<\/b><b>\u00a0<\/b><b><br \/>\n<\/b>Merci aux audioproth\u00e9sistes : Christine Bourger, Benjamin Valla, Pauline Foulquier, Maxime Bonneuil et Julie Buono<br \/>\nMerci \u00e0 l\u2019ORL : Sylvie Claudin<\/p>\n<p>Merci au fabricant d&#8217;embouts : Alexandre Stanimirovic<\/p>\n<p>Merci \u00e0 l&#8217;orthophoniste : Fran\u00e7oise Girard<br \/>\nMerci pour le secr\u00e9tariat \u00e0 Herv\u00e9 Bouberka et Marion<\/p>\n<p>&nbsp;<\/p>\n<p><b>\ud83d\udd1c <\/b>Nous vous donnons d\u00e9j\u00e0 rendez-vous les 8 et 9 avril 2025 \u00e0 l\u2019Espace Entre 2 Murs, 318 rue Saint-Pierre 13005 Marseille sous, nous l\u2019esp\u00e9rons, un grand ciel bleu :\u00a0<b><a href=\"https:\/\/forms.gle\/VaHqQ4ytHrHqgytA9\">Inscriptions<\/a><br \/>\n<\/b><\/p>\n<p>&nbsp;<\/p>\n<p style=\"text-align: center;\">Interview de l&#8217;\u00e9quipe<\/p>\n<p>&nbsp;<\/p>\n<p style=\"text-align: center;\"><iframe loading=\"lazy\" title=\"YouTube video player\" src=\"https:\/\/www.youtube-nocookie.com\/embed\/qE1QjiTYCwM?si=pFjxeCGYPhLXTckF\" width=\"560\" height=\"315\" frameborder=\"0\" allowfullscreen=\"allowfullscreen\"><\/iframe><\/p>\n<p>&nbsp;<\/p>\n<p style=\"text-align: center;\"><img loading=\"lazy\" decoding=\"async\" class=\"aligncenter wp-image-10224\" src=\"\/\/www.auditionsolidarite.org\/wp-content\/uploads\/2024\/10\/Marseille-photos-octobre2024-72-OK.jpg\" alt=\"\" width=\"500\" height=\"375\" srcset=\"https:\/\/www.auditionsolidarite.org\/wp-content\/uploads\/2024\/10\/Marseille-photos-octobre2024-72-OK.jpg 700w, https:\/\/www.auditionsolidarite.org\/wp-content\/uploads\/2024\/10\/Marseille-photos-octobre2024-72-OK-300x225.jpg 300w\" sizes=\"(max-width: 500px) 100vw, 500px\" \/> <img loading=\"lazy\" decoding=\"async\" class=\"aligncenter wp-image-10225\" src=\"\/\/www.auditionsolidarite.org\/wp-content\/uploads\/2024\/10\/P1101871.jpg\" alt=\"\" width=\"500\" height=\"375\" srcset=\"https:\/\/www.auditionsolidarite.org\/wp-content\/uploads\/2024\/10\/P1101871.jpg 700w, https:\/\/www.auditionsolidarite.org\/wp-content\/uploads\/2024\/10\/P1101871-300x225.jpg 300w\" sizes=\"(max-width: 500px) 100vw, 500px\" \/><\/p>\n<p>&nbsp;<\/p>\n<p>&nbsp;<\/p>\n<p>&nbsp;","protected":false},"excerpt":{"rendered":"<p>Sorry, this entry is only available in French.8 et 9 octobre 2024 : Marseille, ville toujours accueillante m\u00eame les pieds dans l\u2019eau\u00a0! &nbsp; Nous avons litt\u00e9ralement d\u00e9marr\u00e9 notre mission les pieds dans l\u2019eau mais ce fut de tr\u00e8s bon augure pour la suite car nous avons accueilli 78 personnes sur 2 jours, un record\u00a0! &nbsp; L&#8217;objectif principal de cette mission<\/p>\n","protected":false},"author":2,"featured_media":0,"parent":0,"menu_order":0,"comment_status":"closed","ping_status":"closed","template":"","meta":{"footnotes":""},"acf":[],"yoast_head":"<!-- This site is optimized with the Yoast SEO plugin v21.9.1 - https:\/\/yoast.com\/wordpress\/plugins\/seo\/ -->\n<title>(Fran\u00e7ais) Espace &#039;Entre 2 Murs&#039;, Marseille - Octobre 2024 - AuditionSolidarit\u00e9<\/title>\n<meta name=\"robots\" content=\"index, follow, max-snippet:-1, max-image-preview:large, max-video-preview:-1\" \/>\n<link rel=\"canonical\" href=\"https:\/\/www.auditionsolidarite.org\/en\/espace-entre-2-murs-marseille-octobre-2025\/\" \/>\n<meta property=\"og:locale\" content=\"en_US\" \/>\n<meta property=\"og:type\" content=\"article\" \/>\n<meta property=\"og:title\" content=\"(Fran\u00e7ais) Espace &#039;Entre 2 Murs&#039;, Marseille - Octobre 2024 - AuditionSolidarit\u00e9\" \/>\n<meta property=\"og:description\" content=\"Sorry, this entry is only available in French.8 et 9 octobre 2024 : Marseille, ville toujours accueillante m\u00eame les pieds dans l\u2019eau\u00a0! &nbsp; Nous avons litt\u00e9ralement d\u00e9marr\u00e9 notre mission les pieds dans l\u2019eau mais ce fut de tr\u00e8s bon augure pour la suite car nous avons accueilli 78 personnes sur 2 jours, un record\u00a0! &nbsp; L&#8217;objectif principal de cette mission\" \/>\n<meta property=\"og:url\" content=\"https:\/\/www.auditionsolidarite.org\/en\/espace-entre-2-murs-marseille-octobre-2025\/\" \/>\n<meta property=\"og:site_name\" content=\"AuditionSolidarit\u00e9\" \/>\n<meta property=\"article:modified_time\" content=\"2025-04-17T15:23:42+00:00\" \/>\n<meta property=\"og:image\" content=\"https:\/\/www.auditionsolidarite.org\/wp-content\/uploads\/2015\/07\/logo-audition-solidarite-e1446132259721.png\" \/>\n\t<meta property=\"og:image:width\" content=\"600\" \/>\n\t<meta property=\"og:image:height\" content=\"593\" \/>\n\t<meta property=\"og:image:type\" content=\"image\/png\" \/>\n<meta name=\"twitter:card\" content=\"summary_large_image\" \/>\n<meta name=\"twitter:label1\" content=\"Est. reading time\" \/>\n\t<meta name=\"twitter:data1\" content=\"2 minutes\" \/>\n<script type=\"application\/ld+json\" class=\"yoast-schema-graph\">{\"@context\":\"https:\/\/schema.org\",\"@graph\":[{\"@type\":\"WebPage\",\"@id\":\"https:\/\/www.auditionsolidarite.org\/en\/espace-entre-2-murs-marseille-octobre-2025\/\",\"url\":\"https:\/\/www.auditionsolidarite.org\/en\/espace-entre-2-murs-marseille-octobre-2025\/\",\"name\":\"(Fran\u00e7ais) Espace 'Entre 2 Murs', Marseille - Octobre 2024 - AuditionSolidarit\u00e9\",\"isPartOf\":{\"@id\":\"https:\/\/www.auditionsolidarite.org\/en\/#website\"},\"datePublished\":\"2025-04-17T15:20:22+00:00\",\"dateModified\":\"2025-04-17T15:23:42+00:00\",\"breadcrumb\":{\"@id\":\"https:\/\/www.auditionsolidarite.org\/en\/espace-entre-2-murs-marseille-octobre-2025\/#breadcrumb\"},\"inLanguage\":\"en-US\",\"potentialAction\":[{\"@type\":\"ReadAction\",\"target\":[[\"https:\/\/www.auditionsolidarite.org\/en\/espace-entre-2-murs-marseille-octobre-2025\/\"]]}]},{\"@type\":\"BreadcrumbList\",\"@id\":\"https:\/\/www.auditionsolidarite.org\/en\/espace-entre-2-murs-marseille-octobre-2025\/#breadcrumb\",\"itemListElement\":[{\"@type\":\"ListItem\",\"position\":1,\"name\":\"Accueil\",\"item\":\"https:\/\/www.auditionsolidarite.org\/en\/\"},{\"@type\":\"ListItem\",\"position\":2,\"name\":\"Espace &#8216;Entre 2 Murs&#8217;, Marseille &#8211; Octobre 2024\"}]},{\"@type\":\"WebSite\",\"@id\":\"https:\/\/www.auditionsolidarite.org\/en\/#website\",\"url\":\"https:\/\/www.auditionsolidarite.org\/en\/\",\"name\":\"AuditionSolidarit\u00e9\",\"description\":\"Le hasard n&#039;existe pas ! Si vous \u00eates l\u00e0 aujourd&#039;hui, c&#039;est que le monde de l&#039;audition vous touche... Alors merci d&#039;\u00eatre l\u00e0 !\",\"publisher\":{\"@id\":\"https:\/\/www.auditionsolidarite.org\/en\/#organization\"},\"potentialAction\":[{\"@type\":\"SearchAction\",\"target\":{\"@type\":\"EntryPoint\",\"urlTemplate\":\"https:\/\/www.auditionsolidarite.org\/en\/?s={search_term_string}\"},\"query-input\":\"required name=search_term_string\"}],\"inLanguage\":\"en-US\"},{\"@type\":\"Organization\",\"@id\":\"https:\/\/www.auditionsolidarite.org\/en\/#organization\",\"name\":\"AuditionSolidarit\u00e9\",\"url\":\"https:\/\/www.auditionsolidarite.org\/en\/\",\"logo\":{\"@type\":\"ImageObject\",\"inLanguage\":\"en-US\",\"@id\":\"https:\/\/www.auditionsolidarite.org\/en\/#\/schema\/logo\/image\/\",\"url\":\"https:\/\/www.auditionsolidarite.org\/wp-content\/uploads\/2015\/07\/logo-audition-solidarite-e1446132259721.png\",\"contentUrl\":\"https:\/\/www.auditionsolidarite.org\/wp-content\/uploads\/2015\/07\/logo-audition-solidarite-e1446132259721.png\",\"width\":600,\"height\":593,\"caption\":\"AuditionSolidarit\u00e9\"},\"image\":{\"@id\":\"https:\/\/www.auditionsolidarite.org\/en\/#\/schema\/logo\/image\/\"}}]}<\/script>\n<!-- \/ Yoast SEO plugin. -->","yoast_head_json":{"title":"(Fran\u00e7ais) Espace 'Entre 2 Murs', Marseille - Octobre 2024 - AuditionSolidarit\u00e9","robots":{"index":"index","follow":"follow","max-snippet":"max-snippet:-1","max-image-preview":"max-image-preview:large","max-video-preview":"max-video-preview:-1"},"canonical":"https:\/\/www.auditionsolidarite.org\/en\/espace-entre-2-murs-marseille-octobre-2025\/","og_locale":"en_US","og_type":"article","og_title":"(Fran\u00e7ais) Espace 'Entre 2 Murs', Marseille - Octobre 2024 - AuditionSolidarit\u00e9","og_description":"Sorry, this entry is only available in French.8 et 9 octobre 2024 : Marseille, ville toujours accueillante m\u00eame les pieds dans l\u2019eau\u00a0! &nbsp; Nous avons litt\u00e9ralement d\u00e9marr\u00e9 notre mission les pieds dans l\u2019eau mais ce fut de tr\u00e8s bon augure pour la suite car nous avons accueilli 78 personnes sur 2 jours, un record\u00a0! &nbsp; L&#8217;objectif principal de cette mission","og_url":"https:\/\/www.auditionsolidarite.org\/en\/espace-entre-2-murs-marseille-octobre-2025\/","og_site_name":"AuditionSolidarit\u00e9","article_modified_time":"2025-04-17T15:23:42+00:00","og_image":[{"width":600,"height":593,"url":"https:\/\/www.auditionsolidarite.org\/wp-content\/uploads\/2015\/07\/logo-audition-solidarite-e1446132259721.png","type":"image\/png"}],"twitter_card":"summary_large_image","twitter_misc":{"Est. reading time":"2 minutes"},"schema":{"@context":"https:\/\/schema.org","@graph":[{"@type":"WebPage","@id":"https:\/\/www.auditionsolidarite.org\/en\/espace-entre-2-murs-marseille-octobre-2025\/","url":"https:\/\/www.auditionsolidarite.org\/en\/espace-entre-2-murs-marseille-octobre-2025\/","name":"(Fran\u00e7ais) Espace 'Entre 2 Murs', Marseille - Octobre 2024 - AuditionSolidarit\u00e9","isPartOf":{"@id":"https:\/\/www.auditionsolidarite.org\/en\/#website"},"datePublished":"2025-04-17T15:20:22+00:00","dateModified":"2025-04-17T15:23:42+00:00","breadcrumb":{"@id":"https:\/\/www.auditionsolidarite.org\/en\/espace-entre-2-murs-marseille-octobre-2025\/#breadcrumb"},"inLanguage":"en-US","potentialAction":[{"@type":"ReadAction","target":[["https:\/\/www.auditionsolidarite.org\/en\/espace-entre-2-murs-marseille-octobre-2025\/"]]}]},{"@type":"BreadcrumbList","@id":"https:\/\/www.auditionsolidarite.org\/en\/espace-entre-2-murs-marseille-octobre-2025\/#breadcrumb","itemListElement":[{"@type":"ListItem","position":1,"name":"Accueil","item":"https:\/\/www.auditionsolidarite.org\/en\/"},{"@type":"ListItem","position":2,"name":"Espace &#8216;Entre 2 Murs&#8217;, Marseille &#8211; Octobre 2024"}]},{"@type":"WebSite","@id":"https:\/\/www.auditionsolidarite.org\/en\/#website","url":"https:\/\/www.auditionsolidarite.org\/en\/","name":"AuditionSolidarit\u00e9","description":"Le hasard n&#039;existe pas ! Si vous \u00eates l\u00e0 aujourd&#039;hui, c&#039;est que le monde de l&#039;audition vous touche... Alors merci d&#039;\u00eatre l\u00e0 !","publisher":{"@id":"https:\/\/www.auditionsolidarite.org\/en\/#organization"},"potentialAction":[{"@type":"SearchAction","target":{"@type":"EntryPoint","urlTemplate":"https:\/\/www.auditionsolidarite.org\/en\/?s={search_term_string}"},"query-input":"required name=search_term_string"}],"inLanguage":"en-US"},{"@type":"Organization","@id":"https:\/\/www.auditionsolidarite.org\/en\/#organization","name":"AuditionSolidarit\u00e9","url":"https:\/\/www.auditionsolidarite.org\/en\/","logo":{"@type":"ImageObject","inLanguage":"en-US","@id":"https:\/\/www.auditionsolidarite.org\/en\/#\/schema\/logo\/image\/","url":"https:\/\/www.auditionsolidarite.org\/wp-content\/uploads\/2015\/07\/logo-audition-solidarite-e1446132259721.png","contentUrl":"https:\/\/www.auditionsolidarite.org\/wp-content\/uploads\/2015\/07\/logo-audition-solidarite-e1446132259721.png","width":600,"height":593,"caption":"AuditionSolidarit\u00e9"},"image":{"@id":"https:\/\/www.auditionsolidarite.org\/en\/#\/schema\/logo\/image\/"}}]}},"_links":{"self":[{"href":"https:\/\/www.auditionsolidarite.org\/en\/wp-json\/wp\/v2\/pages\/10436"}],"collection":[{"href":"https:\/\/www.auditionsolidarite.org\/en\/wp-json\/wp\/v2\/pages"}],"about":[{"href":"https:\/\/www.auditionsolidarite.org\/en\/wp-json\/wp\/v2\/types\/page"}],"author":[{"embeddable":true,"href":"https:\/\/www.auditionsolidarite.org\/en\/wp-json\/wp\/v2\/users\/2"}],"replies":[{"embeddable":true,"href":"https:\/\/www.auditionsolidarite.org\/en\/wp-json\/wp\/v2\/comments?post=10436"}],"version-history":[{"count":2,"href":"https:\/\/www.auditionsolidarite.org\/en\/wp-json\/wp\/v2\/pages\/10436\/revisions"}],"predecessor-version":[{"id":10438,"href":"https:\/\/www.auditionsolidarite.org\/en\/wp-json\/wp\/v2\/pages\/10436\/revisions\/10438"}],"wp:attachment":[{"href":"https:\/\/www.auditionsolidarite.org\/en\/wp-json\/wp\/v2\/media?parent=10436"}],"curies":[{"name":"wp","href":"https:\/\/api.w.org\/{rel}","templated":true}]}}