{"id":10383,"date":"2025-03-24T14:02:45","date_gmt":"2025-03-24T13:02:45","guid":{"rendered":"https:\/\/www.auditionsolidarite.org\/?page_id=10383"},"modified":"2025-03-24T14:02:45","modified_gmt":"2025-03-24T13:02:45","slug":"hopital-rothschild-paroisse-saint-marcel-paris-septembre-2024","status":"publish","type":"page","link":"https:\/\/www.auditionsolidarite.org\/en\/hopital-rothschild-paroisse-saint-marcel-paris-septembre-2024\/","title":{"rendered":"(Fran\u00e7ais) H\u00f4pital Rothschild &#038; Paroisse Saint-Marcel, Paris \u2013 septembre 2024"},"content":{"rendered":"<p class=\"qtranxs-available-languages-message qtranxs-available-languages-message-en\">Sorry, this entry is only available in <a href=\"https:\/\/www.auditionsolidarite.org\/fr\/wp-json\/wp\/v2\/pages\/10383\" class=\"qtranxs-available-language-link qtranxs-available-language-link-fr\" title=\"Fran\u00e7ais\">French<\/a>.<\/p><strong>Qu\u2019elle \u00e9tait belle cette mission parisienne !<\/strong><\/p>\n<p>Nous reprenons notre souffle apr\u00e8s avoir accueilli 180 personnes en 4 jours entre le 24 et le 27 septembre 2024 !<\/p>\n<p>21 professionnels de l\u2019audition \u00e0 fond se sont succ\u00e9d\u00e9 pour relever ce d\u00e9fi !<\/p>\n<p>&nbsp;<\/p>\n<p><strong>Les primo-consultants : quel bilan pour ces 87 personnes ? <\/strong><\/p>\n<p>Un bilan auditif plus que n\u00e9cessaire. Les raisons sont multiples ; bouchons, infections, perte auditive et besoin d\u2019appareillage. Un \u00ab ouf \u00bb de soulagement pour ces b\u00e9n\u00e9ficiaires qui ont pu avoir une solution sur place. Et pour une minorit\u00e9, le bonheur d\u2019entendre que tout va bien !<\/p>\n<p>&nbsp;<\/p>\n<p><strong>Les suivis : 93 b\u00e9n\u00e9ficiaires sont venus pour contr\u00f4ler ou changer leur appareillage <\/strong><\/p>\n<p>Un record dont nous sommes \u00ab fiers \u00bb, la p\u00e9rennit\u00e9 de nos actions est un objectif crucial pour AuditionSolidarit\u00e9<em>.<\/em> Un moment privil\u00e9gi\u00e9 entre audioproth\u00e9siste et patient ; une v\u00e9rification, un r\u00e9glage et souvent une anecdote en bonus.<\/p>\n<p><a href=\"\/\/www.auditionsolidarite.org\/wp-content\/uploads\/2024\/10\/3-photos-Paris-sept-2024.jpg\"><img loading=\"lazy\" decoding=\"async\" class=\"aligncenter size-full wp-image-10180\" src=\"\/\/www.auditionsolidarite.org\/wp-content\/uploads\/2024\/10\/3-photos-Paris-sept-2024.jpg\" alt=\"\" width=\"947\" height=\"250\" srcset=\"https:\/\/www.auditionsolidarite.org\/wp-content\/uploads\/2024\/10\/3-photos-Paris-sept-2024.jpg 947w, https:\/\/www.auditionsolidarite.org\/wp-content\/uploads\/2024\/10\/3-photos-Paris-sept-2024-300x79.jpg 300w, https:\/\/www.auditionsolidarite.org\/wp-content\/uploads\/2024\/10\/3-photos-Paris-sept-2024-768x203.jpg 768w\" sizes=\"(max-width: 947px) 100vw, 947px\" \/><\/a><\/p>\n<table border=\"1\">\n<tbody>\n<tr>\n<td><strong>Au total sur les 4 jours<\/strong><\/td>\n<\/tr>\n<tr>\n<td>180 personnes accueillies<\/td>\n<\/tr>\n<tr>\n<td>68 personnes appareill\u00e9es<\/td>\n<\/tr>\n<tr>\n<td>118 appareils adapt\u00e9s<b><br \/>\n<\/b><\/td>\n<\/tr>\n<\/tbody>\n<\/table>\n<p><b><b><br \/>\n<\/b>Le d\u00e9tail :<br \/>\n<\/b><\/p>\n<table style=\"width: 699px;\" border=\"1\">\n<tbody>\n<tr style=\"height: 24px;\">\n<td style=\"width: 335px; height: 24px;\">H\u00f4pital Rothschild<\/td>\n<td style=\"width: 364px; height: 24px;\">Paroisse Saint-Marcel<\/td>\n<\/tr>\n<tr style=\"height: 24px;\">\n<td style=\"width: 335px; height: 24px;\">79 personnes accueillies<\/td>\n<td style=\"width: 364px; height: 24px;\">101 personnes accueillies<\/td>\n<\/tr>\n<tr style=\"height: 24px;\">\n<td style=\"width: 335px; height: 24px;\">39 personnes appareill\u00e9es<\/td>\n<td style=\"width: 364px; height: 24px;\">29 personnes appareill\u00e9es<\/td>\n<\/tr>\n<tr style=\"height: 24px;\">\n<td style=\"width: 335px; height: 24px;\">70 appareils adapt\u00e9s<\/td>\n<td style=\"width: 364px; height: 24px;\">48 appareils adapt\u00e9s<\/td>\n<\/tr>\n<\/tbody>\n<\/table>\n<p>Un grand merci \u00e0 l\u2019H\u00f4pital Rothschild ainsi qu\u2019\u00e0 la Paroisse Saint-Marcel pour leur accueil et leur disponibilit\u00e9. <b><\/b><b><\/b><b><\/b><b><\/b><b><br \/>\n<\/b><\/p>\n<p>&nbsp;<\/p>\n<p><strong>Merci<\/strong> aux deux \u00e9quipes qui se sont succ\u00e9d\u00e9 sur ces 2 missions :<b><br \/>\n<\/b><\/p>\n<ul>\n<li dir=\"auto\">Les audioproth\u00e9sistes : <em>Anne-Sophie Buri, Delphine Coroller, Candice Barthaburu, Jean-Paul Fournier, Lo\u00efc Hanczar, Romain Aizin, Nicolas Lauberton, Marie Appel et Jo\u00eblle Bignard <\/em><\/li>\n<li dir=\"auto\">L&#8217;orthophoniste :\u00a0<em>Catherine Garnier<\/em><\/li>\n<li dir=\"auto\">La fabrication des embouts : Georges Orma<em>ncey et J\u00e9r\u00f4me Defond<\/em><\/li>\n<li dir=\"auto\">Les ORL :\u00a0<em>Isabelle Souchal-Delacour<\/em> et Antoine Paul<\/li>\n<li dir=\"auto\">Le secr\u00e9tariat :\u00a0<em>Benoit Arnaudin <\/em>et\u00a0<em>Nathalie Lancini <\/em><\/li>\n<li dir=\"auto\">La logistique : Carole, Blandine et Marine<b><br \/>\n<\/b><b><br \/>\n<\/b><\/li>\n<\/ul>\n<p>Un grand <strong>Merci<\/strong> \u00e0 la Fondation Tolot, \u00e0 la Fondation Veolia, \u00e0 la Fondation Vinci, \u00e0 la Fondation Anber, au Fonds de dotations Caisse d&#8217;\u00c9pargne et \u00e0 A\u00e9sio Mutuelle pour leur soutien si pr\u00e9cieux.<b><b><br \/>\n<\/b><b><br \/>\n<\/b><\/b>Prochaine mission \u00e0 Paris :<\/p>\n<ul>\n<li>les 11 &amp; 12 mars 2025 \u00e0 l\u2019H\u00f4pital Rothschild pour les primo-consultants sur inscriptions =&gt; <a href=\"https:\/\/forms.gle\/t5buD7Bo5Vr6NJdP6\" target=\"_blank\" rel=\"noopener\">ICI<b> <\/b><\/a><\/li>\n<li>les 13 &amp; 14 mars 2025\u00a0 au sein de la paroisse Saint-Marcel pour les suivis sans rendez-vous<b><br \/>\n<\/b><\/li>\n<\/ul>\n<p style=\"text-align: center;\">T\u00e9moignages m\u00e9c\u00e8nes<\/p>\n<p>&nbsp;<\/p>\n<p style=\"text-align: center;\"><iframe loading=\"lazy\" title=\"YouTube video player\" src=\"https:\/\/www.youtube-nocookie.com\/embed\/R0iO1aOzS6s?si=-a59RIcVUMx4JzHK\" width=\"560\" height=\"315\" frameborder=\"0\" allowfullscreen=\"allowfullscreen\"><\/iframe><\/p>\n<p style=\"text-align: center;\"><img loading=\"lazy\" decoding=\"async\" class=\"aligncenter wp-image-10182\" src=\"\/\/www.auditionsolidarite.org\/wp-content\/uploads\/2024\/10\/Paroisse-sept-2024-58.jpg\" alt=\"\" width=\"500\" height=\"375\" srcset=\"https:\/\/www.auditionsolidarite.org\/wp-content\/uploads\/2024\/10\/Paroisse-sept-2024-58.jpg 1000w, https:\/\/www.auditionsolidarite.org\/wp-content\/uploads\/2024\/10\/Paroisse-sept-2024-58-300x225.jpg 300w, https:\/\/www.auditionsolidarite.org\/wp-content\/uploads\/2024\/10\/Paroisse-sept-2024-58-768x576.jpg 768w\" sizes=\"(max-width: 500px) 100vw, 500px\" \/> <img loading=\"lazy\" decoding=\"async\" class=\"aligncenter wp-image-10183\" src=\"\/\/www.auditionsolidarite.org\/wp-content\/uploads\/2024\/10\/Rothschild-24-septembre-2024-66.jpg\" alt=\"\" width=\"500\" height=\"375\" srcset=\"https:\/\/www.auditionsolidarite.org\/wp-content\/uploads\/2024\/10\/Rothschild-24-septembre-2024-66.jpg 1000w, https:\/\/www.auditionsolidarite.org\/wp-content\/uploads\/2024\/10\/Rothschild-24-septembre-2024-66-300x225.jpg 300w, https:\/\/www.auditionsolidarite.org\/wp-content\/uploads\/2024\/10\/Rothschild-24-septembre-2024-66-768x576.jpg 768w\" sizes=\"(max-width: 500px) 100vw, 500px\" \/><b> <\/b><b> <img loading=\"lazy\" decoding=\"async\" class=\"aligncenter wp-image-10181\" src=\"\/\/www.auditionsolidarite.org\/wp-content\/uploads\/2024\/10\/Paroisse-sept-2024-18.jpg\" alt=\"\" width=\"500\" height=\"375\" srcset=\"https:\/\/www.auditionsolidarite.org\/wp-content\/uploads\/2024\/10\/Paroisse-sept-2024-18.jpg 800w, https:\/\/www.auditionsolidarite.org\/wp-content\/uploads\/2024\/10\/Paroisse-sept-2024-18-300x225.jpg 300w, https:\/\/www.auditionsolidarite.org\/wp-content\/uploads\/2024\/10\/Paroisse-sept-2024-18-768x576.jpg 768w\" sizes=\"(max-width: 500px) 100vw, 500px\" \/><\/b><b><\/b><\/p>","protected":false},"excerpt":{"rendered":"<p>Sorry, this entry is only available in French.Qu\u2019elle \u00e9tait belle cette mission parisienne ! Nous reprenons notre souffle apr\u00e8s avoir accueilli 180 personnes en 4 jours entre le 24 et le 27 septembre 2024 ! 21 professionnels de l\u2019audition \u00e0 fond se sont succ\u00e9d\u00e9 pour relever ce d\u00e9fi ! &nbsp; Les primo-consultants : quel bilan pour ces 87 personnes ?<\/p>\n","protected":false},"author":2,"featured_media":0,"parent":0,"menu_order":0,"comment_status":"closed","ping_status":"closed","template":"","meta":{"footnotes":""},"acf":[],"yoast_head":"<!-- This site is optimized with the Yoast SEO plugin v21.9.1 - https:\/\/yoast.com\/wordpress\/plugins\/seo\/ -->\n<title>(Fran\u00e7ais) H\u00f4pital Rothschild &amp; Paroisse Saint-Marcel, Paris \u2013 septembre 2024 - AuditionSolidarit\u00e9<\/title>\n<meta name=\"robots\" content=\"index, follow, max-snippet:-1, max-image-preview:large, max-video-preview:-1\" \/>\n<link rel=\"canonical\" href=\"https:\/\/www.auditionsolidarite.org\/en\/hopital-rothschild-paroisse-saint-marcel-paris-septembre-2024\/\" \/>\n<meta property=\"og:locale\" content=\"en_US\" \/>\n<meta property=\"og:type\" content=\"article\" \/>\n<meta property=\"og:title\" content=\"(Fran\u00e7ais) H\u00f4pital Rothschild &amp; Paroisse Saint-Marcel, Paris \u2013 septembre 2024 - AuditionSolidarit\u00e9\" \/>\n<meta property=\"og:description\" content=\"Sorry, this entry is only available in French.Qu\u2019elle \u00e9tait belle cette mission parisienne ! Nous reprenons notre souffle apr\u00e8s avoir accueilli 180 personnes en 4 jours entre le 24 et le 27 septembre 2024 ! 21 professionnels de l\u2019audition \u00e0 fond se sont succ\u00e9d\u00e9 pour relever ce d\u00e9fi ! &nbsp; Les primo-consultants : quel bilan pour ces 87 personnes ?\" \/>\n<meta property=\"og:url\" content=\"https:\/\/www.auditionsolidarite.org\/en\/hopital-rothschild-paroisse-saint-marcel-paris-septembre-2024\/\" \/>\n<meta property=\"og:site_name\" content=\"AuditionSolidarit\u00e9\" \/>\n<meta property=\"og:image\" content=\"https:\/\/www.auditionsolidarite.org\/wp-content\/uploads\/2015\/07\/logo-audition-solidarite-e1446132259721.png\" \/>\n\t<meta property=\"og:image:width\" content=\"600\" \/>\n\t<meta property=\"og:image:height\" content=\"593\" \/>\n\t<meta property=\"og:image:type\" content=\"image\/png\" \/>\n<meta name=\"twitter:card\" content=\"summary_large_image\" \/>\n<meta name=\"twitter:label1\" content=\"Est. reading time\" \/>\n\t<meta name=\"twitter:data1\" content=\"3 minutes\" \/>\n<script type=\"application\/ld+json\" class=\"yoast-schema-graph\">{\"@context\":\"https:\/\/schema.org\",\"@graph\":[{\"@type\":\"WebPage\",\"@id\":\"https:\/\/www.auditionsolidarite.org\/en\/hopital-rothschild-paroisse-saint-marcel-paris-septembre-2024\/\",\"url\":\"https:\/\/www.auditionsolidarite.org\/en\/hopital-rothschild-paroisse-saint-marcel-paris-septembre-2024\/\",\"name\":\"(Fran\u00e7ais) H\u00f4pital Rothschild & Paroisse Saint-Marcel, Paris \u2013 septembre 2024 - AuditionSolidarit\u00e9\",\"isPartOf\":{\"@id\":\"https:\/\/www.auditionsolidarite.org\/en\/#website\"},\"datePublished\":\"2025-03-24T13:02:45+00:00\",\"dateModified\":\"2025-03-24T13:02:45+00:00\",\"breadcrumb\":{\"@id\":\"https:\/\/www.auditionsolidarite.org\/en\/hopital-rothschild-paroisse-saint-marcel-paris-septembre-2024\/#breadcrumb\"},\"inLanguage\":\"en-US\",\"potentialAction\":[{\"@type\":\"ReadAction\",\"target\":[[\"https:\/\/www.auditionsolidarite.org\/en\/hopital-rothschild-paroisse-saint-marcel-paris-septembre-2024\/\"]]}]},{\"@type\":\"BreadcrumbList\",\"@id\":\"https:\/\/www.auditionsolidarite.org\/en\/hopital-rothschild-paroisse-saint-marcel-paris-septembre-2024\/#breadcrumb\",\"itemListElement\":[{\"@type\":\"ListItem\",\"position\":1,\"name\":\"Accueil\",\"item\":\"https:\/\/www.auditionsolidarite.org\/en\/\"},{\"@type\":\"ListItem\",\"position\":2,\"name\":\"H\u00f4pital Rothschild &#038; Paroisse Saint-Marcel, Paris \u2013 septembre 2024\"}]},{\"@type\":\"WebSite\",\"@id\":\"https:\/\/www.auditionsolidarite.org\/en\/#website\",\"url\":\"https:\/\/www.auditionsolidarite.org\/en\/\",\"name\":\"AuditionSolidarit\u00e9\",\"description\":\"Le hasard n&#039;existe pas ! Si vous \u00eates l\u00e0 aujourd&#039;hui, c&#039;est que le monde de l&#039;audition vous touche... Alors merci d&#039;\u00eatre l\u00e0 !\",\"publisher\":{\"@id\":\"https:\/\/www.auditionsolidarite.org\/en\/#organization\"},\"potentialAction\":[{\"@type\":\"SearchAction\",\"target\":{\"@type\":\"EntryPoint\",\"urlTemplate\":\"https:\/\/www.auditionsolidarite.org\/en\/?s={search_term_string}\"},\"query-input\":\"required name=search_term_string\"}],\"inLanguage\":\"en-US\"},{\"@type\":\"Organization\",\"@id\":\"https:\/\/www.auditionsolidarite.org\/en\/#organization\",\"name\":\"AuditionSolidarit\u00e9\",\"url\":\"https:\/\/www.auditionsolidarite.org\/en\/\",\"logo\":{\"@type\":\"ImageObject\",\"inLanguage\":\"en-US\",\"@id\":\"https:\/\/www.auditionsolidarite.org\/en\/#\/schema\/logo\/image\/\",\"url\":\"https:\/\/www.auditionsolidarite.org\/wp-content\/uploads\/2015\/07\/logo-audition-solidarite-e1446132259721.png\",\"contentUrl\":\"https:\/\/www.auditionsolidarite.org\/wp-content\/uploads\/2015\/07\/logo-audition-solidarite-e1446132259721.png\",\"width\":600,\"height\":593,\"caption\":\"AuditionSolidarit\u00e9\"},\"image\":{\"@id\":\"https:\/\/www.auditionsolidarite.org\/en\/#\/schema\/logo\/image\/\"}}]}<\/script>\n<!-- \/ Yoast SEO plugin. -->","yoast_head_json":{"title":"(Fran\u00e7ais) H\u00f4pital Rothschild & Paroisse Saint-Marcel, Paris \u2013 septembre 2024 - AuditionSolidarit\u00e9","robots":{"index":"index","follow":"follow","max-snippet":"max-snippet:-1","max-image-preview":"max-image-preview:large","max-video-preview":"max-video-preview:-1"},"canonical":"https:\/\/www.auditionsolidarite.org\/en\/hopital-rothschild-paroisse-saint-marcel-paris-septembre-2024\/","og_locale":"en_US","og_type":"article","og_title":"(Fran\u00e7ais) H\u00f4pital Rothschild & Paroisse Saint-Marcel, Paris \u2013 septembre 2024 - AuditionSolidarit\u00e9","og_description":"Sorry, this entry is only available in French.Qu\u2019elle \u00e9tait belle cette mission parisienne ! Nous reprenons notre souffle apr\u00e8s avoir accueilli 180 personnes en 4 jours entre le 24 et le 27 septembre 2024 ! 21 professionnels de l\u2019audition \u00e0 fond se sont succ\u00e9d\u00e9 pour relever ce d\u00e9fi ! &nbsp; Les primo-consultants : quel bilan pour ces 87 personnes ?","og_url":"https:\/\/www.auditionsolidarite.org\/en\/hopital-rothschild-paroisse-saint-marcel-paris-septembre-2024\/","og_site_name":"AuditionSolidarit\u00e9","og_image":[{"width":600,"height":593,"url":"https:\/\/www.auditionsolidarite.org\/wp-content\/uploads\/2015\/07\/logo-audition-solidarite-e1446132259721.png","type":"image\/png"}],"twitter_card":"summary_large_image","twitter_misc":{"Est. reading time":"3 minutes"},"schema":{"@context":"https:\/\/schema.org","@graph":[{"@type":"WebPage","@id":"https:\/\/www.auditionsolidarite.org\/en\/hopital-rothschild-paroisse-saint-marcel-paris-septembre-2024\/","url":"https:\/\/www.auditionsolidarite.org\/en\/hopital-rothschild-paroisse-saint-marcel-paris-septembre-2024\/","name":"(Fran\u00e7ais) H\u00f4pital Rothschild & Paroisse Saint-Marcel, Paris \u2013 septembre 2024 - AuditionSolidarit\u00e9","isPartOf":{"@id":"https:\/\/www.auditionsolidarite.org\/en\/#website"},"datePublished":"2025-03-24T13:02:45+00:00","dateModified":"2025-03-24T13:02:45+00:00","breadcrumb":{"@id":"https:\/\/www.auditionsolidarite.org\/en\/hopital-rothschild-paroisse-saint-marcel-paris-septembre-2024\/#breadcrumb"},"inLanguage":"en-US","potentialAction":[{"@type":"ReadAction","target":[["https:\/\/www.auditionsolidarite.org\/en\/hopital-rothschild-paroisse-saint-marcel-paris-septembre-2024\/"]]}]},{"@type":"BreadcrumbList","@id":"https:\/\/www.auditionsolidarite.org\/en\/hopital-rothschild-paroisse-saint-marcel-paris-septembre-2024\/#breadcrumb","itemListElement":[{"@type":"ListItem","position":1,"name":"Accueil","item":"https:\/\/www.auditionsolidarite.org\/en\/"},{"@type":"ListItem","position":2,"name":"H\u00f4pital Rothschild &#038; Paroisse Saint-Marcel, Paris \u2013 septembre 2024"}]},{"@type":"WebSite","@id":"https:\/\/www.auditionsolidarite.org\/en\/#website","url":"https:\/\/www.auditionsolidarite.org\/en\/","name":"AuditionSolidarit\u00e9","description":"Le hasard n&#039;existe pas ! Si vous \u00eates l\u00e0 aujourd&#039;hui, c&#039;est que le monde de l&#039;audition vous touche... Alors merci d&#039;\u00eatre l\u00e0 !","publisher":{"@id":"https:\/\/www.auditionsolidarite.org\/en\/#organization"},"potentialAction":[{"@type":"SearchAction","target":{"@type":"EntryPoint","urlTemplate":"https:\/\/www.auditionsolidarite.org\/en\/?s={search_term_string}"},"query-input":"required name=search_term_string"}],"inLanguage":"en-US"},{"@type":"Organization","@id":"https:\/\/www.auditionsolidarite.org\/en\/#organization","name":"AuditionSolidarit\u00e9","url":"https:\/\/www.auditionsolidarite.org\/en\/","logo":{"@type":"ImageObject","inLanguage":"en-US","@id":"https:\/\/www.auditionsolidarite.org\/en\/#\/schema\/logo\/image\/","url":"https:\/\/www.auditionsolidarite.org\/wp-content\/uploads\/2015\/07\/logo-audition-solidarite-e1446132259721.png","contentUrl":"https:\/\/www.auditionsolidarite.org\/wp-content\/uploads\/2015\/07\/logo-audition-solidarite-e1446132259721.png","width":600,"height":593,"caption":"AuditionSolidarit\u00e9"},"image":{"@id":"https:\/\/www.auditionsolidarite.org\/en\/#\/schema\/logo\/image\/"}}]}},"_links":{"self":[{"href":"https:\/\/www.auditionsolidarite.org\/en\/wp-json\/wp\/v2\/pages\/10383"}],"collection":[{"href":"https:\/\/www.auditionsolidarite.org\/en\/wp-json\/wp\/v2\/pages"}],"about":[{"href":"https:\/\/www.auditionsolidarite.org\/en\/wp-json\/wp\/v2\/types\/page"}],"author":[{"embeddable":true,"href":"https:\/\/www.auditionsolidarite.org\/en\/wp-json\/wp\/v2\/users\/2"}],"replies":[{"embeddable":true,"href":"https:\/\/www.auditionsolidarite.org\/en\/wp-json\/wp\/v2\/comments?post=10383"}],"version-history":[{"count":1,"href":"https:\/\/www.auditionsolidarite.org\/en\/wp-json\/wp\/v2\/pages\/10383\/revisions"}],"predecessor-version":[{"id":10384,"href":"https:\/\/www.auditionsolidarite.org\/en\/wp-json\/wp\/v2\/pages\/10383\/revisions\/10384"}],"wp:attachment":[{"href":"https:\/\/www.auditionsolidarite.org\/en\/wp-json\/wp\/v2\/media?parent=10383"}],"curies":[{"name":"wp","href":"https:\/\/api.w.org\/{rel}","templated":true}]}}