{"id":10220,"date":"2024-10-17T11:00:07","date_gmt":"2024-10-17T10:00:07","guid":{"rendered":"https:\/\/www.auditionsolidarite.org\/?page_id=10220"},"modified":"2024-10-17T11:00:07","modified_gmt":"2024-10-17T10:00:07","slug":"espace-entre-2-murs-marseille-fevrier-2024","status":"publish","type":"page","link":"https:\/\/www.auditionsolidarite.org\/en\/espace-entre-2-murs-marseille-fevrier-2024\/","title":{"rendered":"(Fran\u00e7ais) Espace &#8216;Entre 2 Murs&#8217;, Marseille &#8211; F\u00e9vrier 2024"},"content":{"rendered":"<p class=\"qtranxs-available-languages-message qtranxs-available-languages-message-en\">Sorry, this entry is only available in <a href=\"https:\/\/www.auditionsolidarite.org\/fr\/wp-json\/wp\/v2\/pages\/10220\" class=\"qtranxs-available-language-link qtranxs-available-language-link-fr\" title=\"Fran\u00e7ais\">French<\/a>.<\/p><strong>27 &amp; 28 f\u00e9vrier 2024 : premi\u00e8re action de l\u2019ann\u00e9e pour AuditionSolidarit\u00e9 et \u00e7a d\u00e9marre fort avec cette belle mission marseillaise.\u00a0 <\/strong><\/p>\n<p>&nbsp;<\/p>\n<p><strong>Reportage de France 3 PACA\u00a0: une grande premi\u00e8re\u00a0!\u00a0<\/strong><\/p>\n<p>Nous avons eu la chance d\u2019accueillir une \u00e9quipe de France 3 qui souhaitait mettre en lumi\u00e8re notre action. Une bonne occasion pour sensibiliser plus largement les acteurs du territoire.<\/p>\n<p>&nbsp;<\/p>\n<p><strong>77%\u00a0des b\u00e9n\u00e9ficiaires accueillis avaient un probl\u00e8me d\u2019audition<\/strong><\/p>\n<p>C\u2019est un acc\u00e8s aux soins indispensable pour les personnes d\u00e9munies qui ne peuvent pas b\u00e9n\u00e9ficier d\u2019une prise en charge dans le parcours de soin classique.\u00a0Ce sont 29 personnes qui sont ressorties avec des appareils sur les oreilles et le bonheur d\u2019entendre de nouveau. C\u2019est ce que nous partage Nadya \u00ab\u00a0<em>Maintenant je peux entendre mon fils parler<\/em>\u00a0\u00bb<em>.\u00a0<\/em><\/p>\n<p>&nbsp;<\/p>\n<p>Pour certains la consultation avec le m\u00e9decin ORL \u00e9tait plus que n\u00e9cessaire (infections, bouchons, etc.).<\/p>\n<p>&nbsp;<\/p>\n<p>Pour d\u2019autres, bonne nouvelle\u00a0: tout va bien et c\u2019est tout aussi important de pouvoir \u00eatre rassur\u00e9 et repartir serein.\u00a0<a href=\"\/\/www.auditionsolidarite.org\/wp-content\/uploads\/2024\/03\/3-photos-Marseille-24.jpg\"><img loading=\"lazy\" decoding=\"async\" class=\"aligncenter wp-image-9772 size-full\" src=\"\/\/www.auditionsolidarite.org\/wp-content\/uploads\/2024\/03\/3-photos-Marseille-24.jpg\" alt=\"\" width=\"947\" height=\"250\" srcset=\"https:\/\/www.auditionsolidarite.org\/wp-content\/uploads\/2024\/03\/3-photos-Marseille-24.jpg 947w, https:\/\/www.auditionsolidarite.org\/wp-content\/uploads\/2024\/03\/3-photos-Marseille-24-300x79.jpg 300w, https:\/\/www.auditionsolidarite.org\/wp-content\/uploads\/2024\/03\/3-photos-Marseille-24-768x203.jpg 768w\" sizes=\"(max-width: 947px) 100vw, 947px\" \/><\/a><strong>Les b\u00e9n\u00e9ficiaires appareill\u00e9s pr\u00e9c\u00e9demment reviennent\u00a0: g\u00e9nial\u00a0!\u00a0<\/strong><\/p>\n<p>Nous sommes heureux de pouvoir leur offrir ce suivi tous les 6 mois ; rdv indispensable pour maintenir un appareillage de qualit\u00e9.<\/p>\n<p>&nbsp;<\/p>\n<p><strong>Que s\u2019est-il pass\u00e9\u00a0en quelques chiffres\u00a0?\u00a0<\/strong><\/p>\n<ul>\n<li><strong>60 <\/strong>personnes d\u00e9munies accueillies<\/li>\n<li><strong>29 <\/strong>personnes appareill\u00e9es<b><br \/>\n<\/b><\/li>\n<li><strong>52 <\/strong>appareils auditifs adapt\u00e9s<\/li>\n<\/ul>\n<p>Merci aux acteurs locaux de rendre cet acc\u00e8s possible pour ces b\u00e9n\u00e9ficiaires \ud83d\ude4f<\/p>\n<p>&nbsp;<\/p>\n<p>Merci \u00e0 nos m\u00e9c\u00e8nes et aux Fondations Tolot, Veolia et Sarepta pour leur pr\u00e9cieux soutien \u2764\ufe0f<b><br \/>\n<\/b><b>\u00a0<\/b><b><br \/>\n<\/b>Merci aux audioproth\u00e9sistes : Anne-Sophie Buri, Marine Coustet, Christelle Lugot, Rodolphe Garnier et Fran\u00e7ois Merlet<br \/>\nMerci \u00e0 l\u2019ORL : Luc Moulonguet<\/p>\n<p>Merci au fabricant d&#8217;embouts : R\u00e9my Garrel<\/p>\n<p>Merci \u00e0 l&#8217;orthophoniste : Fran\u00e7oise Girard<br \/>\nMerci pour le secr\u00e9tariat \u00e0 Claire Fosset et Val\u00e9rie Izzo<b><\/b><b><\/b><\/p>\n<p><b>\u00a0<\/b><\/p>\n<p><b>Le rendez-vous est d\u00e9j\u00e0 pris pour le 8 &amp; 9 octobre 2024\u00a0 : <a href=\"https:\/\/forms.gle\/uPzdScNusjz7NGCKA\">Inscriptions<\/a><br \/>\n<\/b><\/p>\n<p>&nbsp;<\/p>\n<p style=\"text-align: center;\">Interview de l&#8217;\u00e9quipe<\/p>\n<p style=\"text-align: center;\"><iframe loading=\"lazy\" title=\"YouTube video player\" src=\"https:\/\/www.youtube-nocookie.com\/embed\/6uDFYdNdFUs?si=kX_Q7RY9U8jH0Vcn\" width=\"560\" height=\"315\" frameborder=\"0\" allowfullscreen=\"allowfullscreen\"><\/iframe><\/p>\n<p>&nbsp;<\/p>\n<p><a href=\"\/\/www.auditionsolidarite.org\/wp-content\/uploads\/2024\/03\/Marseille_Fevrier_2024-8.jpg\"><img loading=\"lazy\" decoding=\"async\" class=\"aligncenter wp-image-9774\" src=\"\/\/www.auditionsolidarite.org\/wp-content\/uploads\/2024\/03\/Marseille_Fevrier_2024-8.jpg\" alt=\"\" width=\"500\" height=\"375\" srcset=\"https:\/\/www.auditionsolidarite.org\/wp-content\/uploads\/2024\/03\/Marseille_Fevrier_2024-8.jpg 700w, https:\/\/www.auditionsolidarite.org\/wp-content\/uploads\/2024\/03\/Marseille_Fevrier_2024-8-300x225.jpg 300w\" sizes=\"(max-width: 500px) 100vw, 500px\" \/><\/a> <a href=\"\/\/www.auditionsolidarite.org\/wp-content\/uploads\/2024\/03\/Marseille_Fevrier_2024-96.jpg\"><img loading=\"lazy\" decoding=\"async\" class=\"aligncenter wp-image-9775\" src=\"\/\/www.auditionsolidarite.org\/wp-content\/uploads\/2024\/03\/Marseille_Fevrier_2024-96.jpg\" alt=\"\" width=\"500\" height=\"375\" srcset=\"https:\/\/www.auditionsolidarite.org\/wp-content\/uploads\/2024\/03\/Marseille_Fevrier_2024-96.jpg 700w, https:\/\/www.auditionsolidarite.org\/wp-content\/uploads\/2024\/03\/Marseille_Fevrier_2024-96-300x225.jpg 300w\" sizes=\"(max-width: 500px) 100vw, 500px\" \/><\/a><\/p>\n<p>&nbsp;","protected":false},"excerpt":{"rendered":"<p>Sorry, this entry is only available in French.27 &amp; 28 f\u00e9vrier 2024 : premi\u00e8re action de l\u2019ann\u00e9e pour AuditionSolidarit\u00e9 et \u00e7a d\u00e9marre fort avec cette belle mission marseillaise.\u00a0 &nbsp; Reportage de France 3 PACA\u00a0: une grande premi\u00e8re\u00a0!\u00a0 Nous avons eu la chance d\u2019accueillir une \u00e9quipe de France 3 qui souhaitait mettre en lumi\u00e8re notre action. Une bonne occasion pour sensibiliser<\/p>\n","protected":false},"author":2,"featured_media":0,"parent":0,"menu_order":0,"comment_status":"closed","ping_status":"closed","template":"","meta":{"footnotes":""},"acf":[],"yoast_head":"<!-- This site is optimized with the Yoast SEO plugin v21.9.1 - https:\/\/yoast.com\/wordpress\/plugins\/seo\/ -->\n<title>(Fran\u00e7ais) Espace &#039;Entre 2 Murs&#039;, Marseille - F\u00e9vrier 2024 - AuditionSolidarit\u00e9<\/title>\n<meta name=\"robots\" content=\"index, follow, max-snippet:-1, max-image-preview:large, max-video-preview:-1\" \/>\n<link rel=\"canonical\" href=\"https:\/\/www.auditionsolidarite.org\/en\/espace-entre-2-murs-marseille-fevrier-2024\/\" \/>\n<meta property=\"og:locale\" content=\"en_US\" \/>\n<meta property=\"og:type\" content=\"article\" \/>\n<meta property=\"og:title\" content=\"(Fran\u00e7ais) Espace &#039;Entre 2 Murs&#039;, Marseille - F\u00e9vrier 2024 - AuditionSolidarit\u00e9\" \/>\n<meta property=\"og:description\" content=\"Sorry, this entry is only available in French.27 &amp; 28 f\u00e9vrier 2024 : premi\u00e8re action de l\u2019ann\u00e9e pour AuditionSolidarit\u00e9 et \u00e7a d\u00e9marre fort avec cette belle mission marseillaise.\u00a0 &nbsp; Reportage de France 3 PACA\u00a0: une grande premi\u00e8re\u00a0!\u00a0 Nous avons eu la chance d\u2019accueillir une \u00e9quipe de France 3 qui souhaitait mettre en lumi\u00e8re notre action. Une bonne occasion pour sensibiliser\" \/>\n<meta property=\"og:url\" content=\"https:\/\/www.auditionsolidarite.org\/en\/espace-entre-2-murs-marseille-fevrier-2024\/\" \/>\n<meta property=\"og:site_name\" content=\"AuditionSolidarit\u00e9\" \/>\n<meta property=\"og:image\" content=\"https:\/\/www.auditionsolidarite.org\/wp-content\/uploads\/2015\/07\/logo-audition-solidarite-e1446132259721.png\" \/>\n\t<meta property=\"og:image:width\" content=\"600\" \/>\n\t<meta property=\"og:image:height\" content=\"593\" \/>\n\t<meta property=\"og:image:type\" content=\"image\/png\" \/>\n<meta name=\"twitter:card\" content=\"summary_large_image\" \/>\n<meta name=\"twitter:label1\" content=\"Est. reading time\" \/>\n\t<meta name=\"twitter:data1\" content=\"3 minutes\" \/>\n<script type=\"application\/ld+json\" class=\"yoast-schema-graph\">{\"@context\":\"https:\/\/schema.org\",\"@graph\":[{\"@type\":\"WebPage\",\"@id\":\"https:\/\/www.auditionsolidarite.org\/en\/espace-entre-2-murs-marseille-fevrier-2024\/\",\"url\":\"https:\/\/www.auditionsolidarite.org\/en\/espace-entre-2-murs-marseille-fevrier-2024\/\",\"name\":\"(Fran\u00e7ais) Espace 'Entre 2 Murs', Marseille - F\u00e9vrier 2024 - AuditionSolidarit\u00e9\",\"isPartOf\":{\"@id\":\"https:\/\/www.auditionsolidarite.org\/en\/#website\"},\"datePublished\":\"2024-10-17T10:00:07+00:00\",\"dateModified\":\"2024-10-17T10:00:07+00:00\",\"breadcrumb\":{\"@id\":\"https:\/\/www.auditionsolidarite.org\/en\/espace-entre-2-murs-marseille-fevrier-2024\/#breadcrumb\"},\"inLanguage\":\"en-US\",\"potentialAction\":[{\"@type\":\"ReadAction\",\"target\":[[\"https:\/\/www.auditionsolidarite.org\/en\/espace-entre-2-murs-marseille-fevrier-2024\/\"]]}]},{\"@type\":\"BreadcrumbList\",\"@id\":\"https:\/\/www.auditionsolidarite.org\/en\/espace-entre-2-murs-marseille-fevrier-2024\/#breadcrumb\",\"itemListElement\":[{\"@type\":\"ListItem\",\"position\":1,\"name\":\"Accueil\",\"item\":\"https:\/\/www.auditionsolidarite.org\/en\/\"},{\"@type\":\"ListItem\",\"position\":2,\"name\":\"Espace &#8216;Entre 2 Murs&#8217;, Marseille &#8211; F\u00e9vrier 2024\"}]},{\"@type\":\"WebSite\",\"@id\":\"https:\/\/www.auditionsolidarite.org\/en\/#website\",\"url\":\"https:\/\/www.auditionsolidarite.org\/en\/\",\"name\":\"AuditionSolidarit\u00e9\",\"description\":\"Le hasard n&#039;existe pas ! Si vous \u00eates l\u00e0 aujourd&#039;hui, c&#039;est que le monde de l&#039;audition vous touche... Alors merci d&#039;\u00eatre l\u00e0 !\",\"publisher\":{\"@id\":\"https:\/\/www.auditionsolidarite.org\/en\/#organization\"},\"potentialAction\":[{\"@type\":\"SearchAction\",\"target\":{\"@type\":\"EntryPoint\",\"urlTemplate\":\"https:\/\/www.auditionsolidarite.org\/en\/?s={search_term_string}\"},\"query-input\":\"required name=search_term_string\"}],\"inLanguage\":\"en-US\"},{\"@type\":\"Organization\",\"@id\":\"https:\/\/www.auditionsolidarite.org\/en\/#organization\",\"name\":\"AuditionSolidarit\u00e9\",\"url\":\"https:\/\/www.auditionsolidarite.org\/en\/\",\"logo\":{\"@type\":\"ImageObject\",\"inLanguage\":\"en-US\",\"@id\":\"https:\/\/www.auditionsolidarite.org\/en\/#\/schema\/logo\/image\/\",\"url\":\"https:\/\/www.auditionsolidarite.org\/wp-content\/uploads\/2015\/07\/logo-audition-solidarite-e1446132259721.png\",\"contentUrl\":\"https:\/\/www.auditionsolidarite.org\/wp-content\/uploads\/2015\/07\/logo-audition-solidarite-e1446132259721.png\",\"width\":600,\"height\":593,\"caption\":\"AuditionSolidarit\u00e9\"},\"image\":{\"@id\":\"https:\/\/www.auditionsolidarite.org\/en\/#\/schema\/logo\/image\/\"}}]}<\/script>\n<!-- \/ Yoast SEO plugin. -->","yoast_head_json":{"title":"(Fran\u00e7ais) Espace 'Entre 2 Murs', Marseille - F\u00e9vrier 2024 - AuditionSolidarit\u00e9","robots":{"index":"index","follow":"follow","max-snippet":"max-snippet:-1","max-image-preview":"max-image-preview:large","max-video-preview":"max-video-preview:-1"},"canonical":"https:\/\/www.auditionsolidarite.org\/en\/espace-entre-2-murs-marseille-fevrier-2024\/","og_locale":"en_US","og_type":"article","og_title":"(Fran\u00e7ais) Espace 'Entre 2 Murs', Marseille - F\u00e9vrier 2024 - AuditionSolidarit\u00e9","og_description":"Sorry, this entry is only available in French.27 &amp; 28 f\u00e9vrier 2024 : premi\u00e8re action de l\u2019ann\u00e9e pour AuditionSolidarit\u00e9 et \u00e7a d\u00e9marre fort avec cette belle mission marseillaise.\u00a0 &nbsp; Reportage de France 3 PACA\u00a0: une grande premi\u00e8re\u00a0!\u00a0 Nous avons eu la chance d\u2019accueillir une \u00e9quipe de France 3 qui souhaitait mettre en lumi\u00e8re notre action. Une bonne occasion pour sensibiliser","og_url":"https:\/\/www.auditionsolidarite.org\/en\/espace-entre-2-murs-marseille-fevrier-2024\/","og_site_name":"AuditionSolidarit\u00e9","og_image":[{"width":600,"height":593,"url":"https:\/\/www.auditionsolidarite.org\/wp-content\/uploads\/2015\/07\/logo-audition-solidarite-e1446132259721.png","type":"image\/png"}],"twitter_card":"summary_large_image","twitter_misc":{"Est. reading time":"3 minutes"},"schema":{"@context":"https:\/\/schema.org","@graph":[{"@type":"WebPage","@id":"https:\/\/www.auditionsolidarite.org\/en\/espace-entre-2-murs-marseille-fevrier-2024\/","url":"https:\/\/www.auditionsolidarite.org\/en\/espace-entre-2-murs-marseille-fevrier-2024\/","name":"(Fran\u00e7ais) Espace 'Entre 2 Murs', Marseille - F\u00e9vrier 2024 - AuditionSolidarit\u00e9","isPartOf":{"@id":"https:\/\/www.auditionsolidarite.org\/en\/#website"},"datePublished":"2024-10-17T10:00:07+00:00","dateModified":"2024-10-17T10:00:07+00:00","breadcrumb":{"@id":"https:\/\/www.auditionsolidarite.org\/en\/espace-entre-2-murs-marseille-fevrier-2024\/#breadcrumb"},"inLanguage":"en-US","potentialAction":[{"@type":"ReadAction","target":[["https:\/\/www.auditionsolidarite.org\/en\/espace-entre-2-murs-marseille-fevrier-2024\/"]]}]},{"@type":"BreadcrumbList","@id":"https:\/\/www.auditionsolidarite.org\/en\/espace-entre-2-murs-marseille-fevrier-2024\/#breadcrumb","itemListElement":[{"@type":"ListItem","position":1,"name":"Accueil","item":"https:\/\/www.auditionsolidarite.org\/en\/"},{"@type":"ListItem","position":2,"name":"Espace &#8216;Entre 2 Murs&#8217;, Marseille &#8211; F\u00e9vrier 2024"}]},{"@type":"WebSite","@id":"https:\/\/www.auditionsolidarite.org\/en\/#website","url":"https:\/\/www.auditionsolidarite.org\/en\/","name":"AuditionSolidarit\u00e9","description":"Le hasard n&#039;existe pas ! Si vous \u00eates l\u00e0 aujourd&#039;hui, c&#039;est que le monde de l&#039;audition vous touche... Alors merci d&#039;\u00eatre l\u00e0 !","publisher":{"@id":"https:\/\/www.auditionsolidarite.org\/en\/#organization"},"potentialAction":[{"@type":"SearchAction","target":{"@type":"EntryPoint","urlTemplate":"https:\/\/www.auditionsolidarite.org\/en\/?s={search_term_string}"},"query-input":"required name=search_term_string"}],"inLanguage":"en-US"},{"@type":"Organization","@id":"https:\/\/www.auditionsolidarite.org\/en\/#organization","name":"AuditionSolidarit\u00e9","url":"https:\/\/www.auditionsolidarite.org\/en\/","logo":{"@type":"ImageObject","inLanguage":"en-US","@id":"https:\/\/www.auditionsolidarite.org\/en\/#\/schema\/logo\/image\/","url":"https:\/\/www.auditionsolidarite.org\/wp-content\/uploads\/2015\/07\/logo-audition-solidarite-e1446132259721.png","contentUrl":"https:\/\/www.auditionsolidarite.org\/wp-content\/uploads\/2015\/07\/logo-audition-solidarite-e1446132259721.png","width":600,"height":593,"caption":"AuditionSolidarit\u00e9"},"image":{"@id":"https:\/\/www.auditionsolidarite.org\/en\/#\/schema\/logo\/image\/"}}]}},"_links":{"self":[{"href":"https:\/\/www.auditionsolidarite.org\/en\/wp-json\/wp\/v2\/pages\/10220"}],"collection":[{"href":"https:\/\/www.auditionsolidarite.org\/en\/wp-json\/wp\/v2\/pages"}],"about":[{"href":"https:\/\/www.auditionsolidarite.org\/en\/wp-json\/wp\/v2\/types\/page"}],"author":[{"embeddable":true,"href":"https:\/\/www.auditionsolidarite.org\/en\/wp-json\/wp\/v2\/users\/2"}],"replies":[{"embeddable":true,"href":"https:\/\/www.auditionsolidarite.org\/en\/wp-json\/wp\/v2\/comments?post=10220"}],"version-history":[{"count":1,"href":"https:\/\/www.auditionsolidarite.org\/en\/wp-json\/wp\/v2\/pages\/10220\/revisions"}],"predecessor-version":[{"id":10221,"href":"https:\/\/www.auditionsolidarite.org\/en\/wp-json\/wp\/v2\/pages\/10220\/revisions\/10221"}],"wp:attachment":[{"href":"https:\/\/www.auditionsolidarite.org\/en\/wp-json\/wp\/v2\/media?parent=10220"}],"curies":[{"name":"wp","href":"https:\/\/api.w.org\/{rel}","templated":true}]}}